{"id":10,"date":"2019-08-11T16:09:20","date_gmt":"2019-08-11T13:09:20","guid":{"rendered":"https:\/\/blogit.gradia.fi\/keke\/?page_id=10"},"modified":"2019-08-11T23:30:51","modified_gmt":"2019-08-11T20:30:51","slug":"keke-1","status":"publish","type":"page","link":"https:\/\/blogit.gradia.fi\/keke\/keke-1\/","title":{"rendered":"Keke 1"},"content":{"rendered":"\n<h4 class=\"wp-block-heading\"> 1 Kest\u00e4v\u00e4 kehitys teoriassa ja k\u00e4yt\u00e4nn\u00f6ss\u00e4&nbsp;&nbsp;&nbsp; <\/h4>\n\n\n\n<p>Mihin kest\u00e4v\u00e4\u00e4 kehityst\u00e4 tarvitaan? Opiskeltuasi osan ymm\u00e4rr\u00e4t, miksi juuri nyt on oikea aika toimia.&nbsp;&nbsp;<\/p>\n\n\n\n<p>Maapallon v\u00e4est\u00f6 kasvaa t\u00e4ll\u00e4 hetkell\u00e4 ennenn\u00e4kem\u00e4t\u00f6nt\u00e4 vauhtia, eik\u00e4 v\u00e4est\u00f6nkasvun hidastumisesta n\u00e4y viel\u00e4 juuri merkkej\u00e4. Samalla tapahtuva elintason nousu saa ihmiset eri puolilla maapalloa kuluttamaan yh\u00e4 enemm\u00e4n ja enemm\u00e4n luonnonvaroja ja energiaa.&nbsp;&nbsp;&nbsp;<\/p>\n\n\n\n<p>Luonnonvarojen kuluttaminen ja kasvanut energiantarpeemme synnytt\u00e4v\u00e4t ymp\u00e4rist\u00f6ongelmia, jotka taas aiheuttavat taloudellisia tappioita, inhimillist\u00e4 h\u00e4t\u00e4\u00e4, k\u00e4rsimyst\u00e4 sek\u00e4 elintason laskua. Ihmisen aiheuttamista ymp\u00e4rist\u00f6ongelmista suurimpina pidet\u00e4\u00e4n t\u00e4ll\u00e4 hetkell\u00e4 ilmastonmuutosta ja monimuotoisuuden h\u00e4vi\u00e4mist\u00e4 eli lajiston ja elinymp\u00e4rist\u00f6jen katoamista.&nbsp;&nbsp;<\/p>\n\n\n\n<p>Tieto kest\u00e4v\u00e4st\u00e4 kehityksest\u00e4 auttaa sinua&nbsp;arvioimaan omaa el\u00e4m\u00e4ntapaasi ja kehitt\u00e4m\u00e4\u00e4n sit\u00e4 vastuullisempaan&nbsp;suuntaan.&nbsp;<\/p>\n\n\n\n<p>Ensimm\u00e4isess\u00e4 osion opiskeltuasi sinun pit\u00e4isi ymm\u00e4rt\u00e4\u00e4&nbsp;&nbsp;<\/p>\n\n\n\n<p>1) miksi kest\u00e4v\u00e4\u00e4 kehityst\u00e4 tarvitaan,&nbsp;&nbsp;<\/p>\n\n\n\n<p>2) mit\u00e4 kest\u00e4v\u00e4ll\u00e4 kehityksell\u00e4 tarkoitetaan ja&nbsp;&nbsp;<\/p>\n\n\n\n<p>3) miten voit edist\u00e4\u00e4 kest\u00e4v\u00e4\u00e4 kehityst\u00e4 omassa el\u00e4m\u00e4ss\u00e4si.&nbsp;<\/p>\n","protected":false},"excerpt":{"rendered":"<p>1 Kest\u00e4v\u00e4 kehitys teoriassa ja k\u00e4yt\u00e4nn\u00f6ss\u00e4&nbsp;&nbsp;&nbsp; Mihin kest\u00e4v\u00e4\u00e4 kehityst\u00e4 tarvitaan? Opiskeltuasi osan ymm\u00e4rr\u00e4t, miksi juuri nyt on oikea aika toimia.&nbsp;&nbsp; Maapallon v\u00e4est\u00f6 kasvaa t\u00e4ll\u00e4 hetkell\u00e4 ennenn\u00e4kem\u00e4t\u00f6nt\u00e4 vauhtia, eik\u00e4 v\u00e4est\u00f6nkasvun hidastumisesta n\u00e4y viel\u00e4 juuri merkkej\u00e4. Samalla tapahtuva elintason nousu saa ihmiset eri puolilla maapalloa kuluttamaan yh\u00e4 enemm\u00e4n ja enemm\u00e4n luonnonvaroja ja energiaa.&nbsp;&nbsp;&nbsp; Luonnonvarojen kuluttaminen ja kasvanut &hellip; <a href=\"https:\/\/blogit.gradia.fi\/keke\/keke-1\/\" class=\"more-link\">Jatka lukemista <span class=\"screen-reader-text\">Keke 1<\/span> <span class=\"meta-nav\">&rarr;<\/span><\/a><\/p>\n","protected":false},"author":111,"featured_media":0,"parent":0,"menu_order":0,"comment_status":"closed","ping_status":"closed","template":"","meta":{"_uag_custom_page_level_css":"","footnotes":""},"class_list":["post-10","page","type-page","status-publish","hentry"],"yoast_head":"<!-- This site is optimized with the Yoast SEO plugin v27.2 - https:\/\/yoast.com\/product\/yoast-seo-wordpress\/ -->\n<title>Keke 1 - Keke<\/title>\n<meta name=\"robots\" content=\"index, follow, max-snippet:-1, max-image-preview:large, max-video-preview:-1\" \/>\n<link rel=\"canonical\" href=\"https:\/\/blogit.gradia.fi\/keke\/keke-1\/\" \/>\n<meta property=\"og:locale\" content=\"fi_FI\" \/>\n<meta property=\"og:type\" content=\"article\" \/>\n<meta property=\"og:title\" content=\"Keke 1 - Keke\" \/>\n<meta property=\"og:description\" content=\"1 Kest\u00e4v\u00e4 kehitys teoriassa ja k\u00e4yt\u00e4nn\u00f6ss\u00e4&nbsp;&nbsp;&nbsp; Mihin kest\u00e4v\u00e4\u00e4 kehityst\u00e4 tarvitaan? Opiskeltuasi osan ymm\u00e4rr\u00e4t, miksi juuri nyt on oikea aika toimia.&nbsp;&nbsp; Maapallon v\u00e4est\u00f6 kasvaa t\u00e4ll\u00e4 hetkell\u00e4 ennenn\u00e4kem\u00e4t\u00f6nt\u00e4 vauhtia, eik\u00e4 v\u00e4est\u00f6nkasvun hidastumisesta n\u00e4y viel\u00e4 juuri merkkej\u00e4. Samalla tapahtuva elintason nousu saa ihmiset eri puolilla maapalloa kuluttamaan yh\u00e4 enemm\u00e4n ja enemm\u00e4n luonnonvaroja ja energiaa.&nbsp;&nbsp;&nbsp; Luonnonvarojen kuluttaminen ja kasvanut &hellip; Jatka lukemista Keke 1 &rarr;\" \/>\n<meta property=\"og:url\" content=\"https:\/\/blogit.gradia.fi\/keke\/keke-1\/\" \/>\n<meta property=\"og:site_name\" content=\"Keke\" \/>\n<meta property=\"article:modified_time\" content=\"2019-08-11T20:30:51+00:00\" \/>\n<meta name=\"twitter:card\" content=\"summary_large_image\" \/>\n<meta name=\"twitter:label1\" content=\"Arvioitu lukuaika\" \/>\n\t<meta name=\"twitter:data1\" content=\"1 minuutti\" \/>\n<script type=\"application\/ld+json\" class=\"yoast-schema-graph\">{\"@context\":\"https:\/\/schema.org\",\"@graph\":[{\"@type\":\"WebPage\",\"@id\":\"https:\/\/blogit.gradia.fi\/keke\/keke-1\/\",\"url\":\"https:\/\/blogit.gradia.fi\/keke\/keke-1\/\",\"name\":\"Keke 1 - Keke\",\"isPartOf\":{\"@id\":\"https:\/\/blogit.gradia.fi\/keke\/#website\"},\"datePublished\":\"2019-08-11T13:09:20+00:00\",\"dateModified\":\"2019-08-11T20:30:51+00:00\",\"breadcrumb\":{\"@id\":\"https:\/\/blogit.gradia.fi\/keke\/keke-1\/#breadcrumb\"},\"inLanguage\":\"fi\",\"potentialAction\":[{\"@type\":\"ReadAction\",\"target\":[\"https:\/\/blogit.gradia.fi\/keke\/keke-1\/\"]}]},{\"@type\":\"BreadcrumbList\",\"@id\":\"https:\/\/blogit.gradia.fi\/keke\/keke-1\/#breadcrumb\",\"itemListElement\":[{\"@type\":\"ListItem\",\"position\":1,\"name\":\"Home\",\"item\":\"https:\/\/blogit.gradia.fi\/keke\/\"},{\"@type\":\"ListItem\",\"position\":2,\"name\":\"Keke 1\"}]},{\"@type\":\"WebSite\",\"@id\":\"https:\/\/blogit.gradia.fi\/keke\/#website\",\"url\":\"https:\/\/blogit.gradia.fi\/keke\/\",\"name\":\"Keke\",\"description\":\"Kest\u00e4v\u00e4n kehityksen edist\u00e4minen\",\"potentialAction\":[{\"@type\":\"SearchAction\",\"target\":{\"@type\":\"EntryPoint\",\"urlTemplate\":\"https:\/\/blogit.gradia.fi\/keke\/?s={search_term_string}\"},\"query-input\":{\"@type\":\"PropertyValueSpecification\",\"valueRequired\":true,\"valueName\":\"search_term_string\"}}],\"inLanguage\":\"fi\"}]}<\/script>\n<!-- \/ Yoast SEO plugin. -->","yoast_head_json":{"title":"Keke 1 - Keke","robots":{"index":"index","follow":"follow","max-snippet":"max-snippet:-1","max-image-preview":"max-image-preview:large","max-video-preview":"max-video-preview:-1"},"canonical":"https:\/\/blogit.gradia.fi\/keke\/keke-1\/","og_locale":"fi_FI","og_type":"article","og_title":"Keke 1 - Keke","og_description":"1 Kest\u00e4v\u00e4 kehitys teoriassa ja k\u00e4yt\u00e4nn\u00f6ss\u00e4&nbsp;&nbsp;&nbsp; Mihin kest\u00e4v\u00e4\u00e4 kehityst\u00e4 tarvitaan? Opiskeltuasi osan ymm\u00e4rr\u00e4t, miksi juuri nyt on oikea aika toimia.&nbsp;&nbsp; Maapallon v\u00e4est\u00f6 kasvaa t\u00e4ll\u00e4 hetkell\u00e4 ennenn\u00e4kem\u00e4t\u00f6nt\u00e4 vauhtia, eik\u00e4 v\u00e4est\u00f6nkasvun hidastumisesta n\u00e4y viel\u00e4 juuri merkkej\u00e4. Samalla tapahtuva elintason nousu saa ihmiset eri puolilla maapalloa kuluttamaan yh\u00e4 enemm\u00e4n ja enemm\u00e4n luonnonvaroja ja energiaa.&nbsp;&nbsp;&nbsp; Luonnonvarojen kuluttaminen ja kasvanut &hellip; Jatka lukemista Keke 1 &rarr;","og_url":"https:\/\/blogit.gradia.fi\/keke\/keke-1\/","og_site_name":"Keke","article_modified_time":"2019-08-11T20:30:51+00:00","twitter_card":"summary_large_image","twitter_misc":{"Arvioitu lukuaika":"1 minuutti"},"schema":{"@context":"https:\/\/schema.org","@graph":[{"@type":"WebPage","@id":"https:\/\/blogit.gradia.fi\/keke\/keke-1\/","url":"https:\/\/blogit.gradia.fi\/keke\/keke-1\/","name":"Keke 1 - Keke","isPartOf":{"@id":"https:\/\/blogit.gradia.fi\/keke\/#website"},"datePublished":"2019-08-11T13:09:20+00:00","dateModified":"2019-08-11T20:30:51+00:00","breadcrumb":{"@id":"https:\/\/blogit.gradia.fi\/keke\/keke-1\/#breadcrumb"},"inLanguage":"fi","potentialAction":[{"@type":"ReadAction","target":["https:\/\/blogit.gradia.fi\/keke\/keke-1\/"]}]},{"@type":"BreadcrumbList","@id":"https:\/\/blogit.gradia.fi\/keke\/keke-1\/#breadcrumb","itemListElement":[{"@type":"ListItem","position":1,"name":"Home","item":"https:\/\/blogit.gradia.fi\/keke\/"},{"@type":"ListItem","position":2,"name":"Keke 1"}]},{"@type":"WebSite","@id":"https:\/\/blogit.gradia.fi\/keke\/#website","url":"https:\/\/blogit.gradia.fi\/keke\/","name":"Keke","description":"Kest\u00e4v\u00e4n kehityksen edist\u00e4minen","potentialAction":[{"@type":"SearchAction","target":{"@type":"EntryPoint","urlTemplate":"https:\/\/blogit.gradia.fi\/keke\/?s={search_term_string}"},"query-input":{"@type":"PropertyValueSpecification","valueRequired":true,"valueName":"search_term_string"}}],"inLanguage":"fi"}]}},"uagb_featured_image_src":{"full":false,"thumbnail":false,"medium":false,"medium_large":false,"large":false,"1536x1536":false,"2048x2048":false,"post-thumbnail":false},"uagb_author_info":{"display_name":"Hannu Tabell","author_link":"https:\/\/blogit.gradia.fi\/keke\/author\/htabell\/"},"uagb_comment_info":0,"uagb_excerpt":"1 Kest\u00e4v\u00e4 kehitys teoriassa ja k\u00e4yt\u00e4nn\u00f6ss\u00e4&nbsp;&nbsp;&nbsp; Mihin kest\u00e4v\u00e4\u00e4 kehityst\u00e4 tarvitaan? Opiskeltuasi osan ymm\u00e4rr\u00e4t, miksi juuri nyt on oikea aika toimia.&nbsp;&nbsp; Maapallon v\u00e4est\u00f6 kasvaa t\u00e4ll\u00e4 hetkell\u00e4 ennenn\u00e4kem\u00e4t\u00f6nt\u00e4 vauhtia, eik\u00e4 v\u00e4est\u00f6nkasvun hidastumisesta n\u00e4y viel\u00e4 juuri merkkej\u00e4. Samalla tapahtuva elintason nousu saa ihmiset eri puolilla maapalloa kuluttamaan yh\u00e4 enemm\u00e4n ja enemm\u00e4n luonnonvaroja ja energiaa.&nbsp;&nbsp;&nbsp; Luonnonvarojen kuluttaminen ja kasvanut&hellip;","_links":{"self":[{"href":"https:\/\/blogit.gradia.fi\/keke\/wp-json\/wp\/v2\/pages\/10","targetHints":{"allow":["GET"]}}],"collection":[{"href":"https:\/\/blogit.gradia.fi\/keke\/wp-json\/wp\/v2\/pages"}],"about":[{"href":"https:\/\/blogit.gradia.fi\/keke\/wp-json\/wp\/v2\/types\/page"}],"author":[{"embeddable":true,"href":"https:\/\/blogit.gradia.fi\/keke\/wp-json\/wp\/v2\/users\/111"}],"replies":[{"embeddable":true,"href":"https:\/\/blogit.gradia.fi\/keke\/wp-json\/wp\/v2\/comments?post=10"}],"version-history":[{"count":3,"href":"https:\/\/blogit.gradia.fi\/keke\/wp-json\/wp\/v2\/pages\/10\/revisions"}],"predecessor-version":[{"id":27,"href":"https:\/\/blogit.gradia.fi\/keke\/wp-json\/wp\/v2\/pages\/10\/revisions\/27"}],"wp:attachment":[{"href":"https:\/\/blogit.gradia.fi\/keke\/wp-json\/wp\/v2\/media?parent=10"}],"curies":[{"name":"wp","href":"https:\/\/api.w.org\/{rel}","templated":true}]}}