{"id":2,"date":"2019-09-16T10:35:07","date_gmt":"2019-09-16T07:35:07","guid":{"rendered":"https:\/\/blogit.gradia.fi\/ke\/?page_id=2"},"modified":"2020-04-28T13:17:40","modified_gmt":"2020-04-28T10:17:40","slug":"ops","status":"publish","type":"page","link":"https:\/\/blogit.gradia.fi\/ke\/ops\/","title":{"rendered":"OPS"},"content":{"rendered":"\n<h2 class=\"wp-block-heading\"><strong>Sis\u00e4lt\u00f6<\/strong>&nbsp;<\/h2>\n\n\n\n<p>Opiskelija osaa:&nbsp;&nbsp;<\/p>\n\n\n\n<ul class=\"wp-block-list\"><li>kuvata ja perustella ilmi\u00f6it\u00e4 keskeisill\u00e4 k\u00e4sitteill\u00e4,&nbsp;<\/li><li>huomioida aineiden ominaisuudet ja mahdolliset&nbsp;ymp\u00e4rist\u00f6riskit,&nbsp;<\/li><li>k\u00e4sitell\u00e4 kemiallisia aineita vaarantamatta&nbsp;omaa, muiden tai ymp\u00e4rist\u00f6n turvallisuutta,&nbsp;<\/li><li>tunnistaa oman alan kannalta merkitykselliset&nbsp;vahvuutensa ja kehitt\u00e4miskohteensa perustellusti&nbsp;<\/li><\/ul>\n\n\n\n<h4 class=\"wp-block-heading\"><strong>Toteutuksessa seuraavia sis\u00e4lt\u00f6j\u00e4<\/strong>&nbsp;<\/h4>\n\n\n\n<ul class=\"wp-block-list\"><li>aineet,&nbsp;&nbsp;<\/li><li>tuotetietous,&nbsp;&nbsp;<\/li><li>ymp\u00e4rist\u00f6,&nbsp;&nbsp;<\/li><li>Ty\u00f6turvallisuus (esimerkiksi)&nbsp;<ul><li>aineiden ominaisuudet,&nbsp;&nbsp;<\/li><\/ul><ul><li>merkinn\u00e4t,&nbsp;&nbsp;<\/li><\/ul><ul><li>luokittelu,&nbsp;&nbsp;<\/li><\/ul><ul><li>reaktiot,&nbsp;&nbsp;<\/li><\/ul><ul><li>k\u00e4ytt\u00f6turvallisuustiedote,&nbsp;&nbsp;<\/li><\/ul><ul><li>haitat,&nbsp;&nbsp;<\/li><\/ul><ul><li>pH&nbsp;<\/li><\/ul><\/li><\/ul>\n\n\n\n<h4 class=\"wp-block-heading\"><strong>Arviointimenetelm\u00e4t<\/strong>&nbsp;<\/h4>\n\n\n\n<p><strong>Arviointi perustuu&nbsp;<\/strong>&nbsp;<\/p>\n\n\n\n<ul class=\"wp-block-list\"><li>opintojakson alussa m\u00e4\u00e4ritettyihin teht\u00e4viin ja\/tai kokeeseen&nbsp; ja\/tai kokeisiin&nbsp;<\/li><li>opiskelijan itsearviointiin&nbsp;&nbsp;<\/li><\/ul>\n\n\n\n<p><\/p>\n","protected":false},"excerpt":{"rendered":"<p>Sis\u00e4lt\u00f6&nbsp; Opiskelija osaa:&nbsp;&nbsp; kuvata ja perustella ilmi\u00f6it\u00e4 keskeisill\u00e4 k\u00e4sitteill\u00e4,&nbsp; huomioida aineiden ominaisuudet ja mahdolliset&nbsp;ymp\u00e4rist\u00f6riskit,&nbsp; k\u00e4sitell\u00e4 kemiallisia aineita vaarantamatta&nbsp;omaa, muiden tai ymp\u00e4rist\u00f6n turvallisuutta,&nbsp; tunnistaa oman alan kannalta merkitykselliset&nbsp;vahvuutensa ja kehitt\u00e4miskohteensa perustellusti&nbsp; Toteutuksessa seuraavia sis\u00e4lt\u00f6j\u00e4&nbsp; aineet,&nbsp;&nbsp; tuotetietous,&nbsp;&nbsp; ymp\u00e4rist\u00f6,&nbsp;&nbsp; Ty\u00f6turvallisuus (esimerkiksi)&nbsp; aineiden ominaisuudet,&nbsp;&nbsp; merkinn\u00e4t,&nbsp;&nbsp; luokittelu,&nbsp;&nbsp; reaktiot,&nbsp;&nbsp; k\u00e4ytt\u00f6turvallisuustiedote,&nbsp;&nbsp; haitat,&nbsp;&nbsp; pH&nbsp; Arviointimenetelm\u00e4t&nbsp; Arviointi perustuu&nbsp;&nbsp; opintojakson alussa m\u00e4\u00e4ritettyihin teht\u00e4viin ja\/tai kokeeseen&nbsp; &hellip; <a href=\"https:\/\/blogit.gradia.fi\/ke\/ops\/\" class=\"more-link\">Jatka lukemista <span class=\"screen-reader-text\">OPS<\/span> <span class=\"meta-nav\">&rarr;<\/span><\/a><\/p>\n","protected":false},"author":111,"featured_media":0,"parent":0,"menu_order":0,"comment_status":"closed","ping_status":"open","template":"","meta":{"_uag_custom_page_level_css":"","footnotes":""},"class_list":["post-2","page","type-page","status-publish","hentry"],"yoast_head":"<!-- This site is optimized with the Yoast SEO plugin v27.2 - https:\/\/yoast.com\/product\/yoast-seo-wordpress\/ -->\n<title>OPS - Ty\u00f6ss\u00e4 tarvittava kemian osaaminen<\/title>\n<meta name=\"robots\" content=\"index, follow, max-snippet:-1, max-image-preview:large, max-video-preview:-1\" \/>\n<link rel=\"canonical\" href=\"https:\/\/blogit.gradia.fi\/ke\/ops\/\" \/>\n<meta property=\"og:locale\" content=\"fi_FI\" \/>\n<meta property=\"og:type\" content=\"article\" \/>\n<meta property=\"og:title\" content=\"OPS - Ty\u00f6ss\u00e4 tarvittava kemian osaaminen\" \/>\n<meta property=\"og:description\" content=\"Sis\u00e4lt\u00f6&nbsp; Opiskelija osaa:&nbsp;&nbsp; kuvata ja perustella ilmi\u00f6it\u00e4 keskeisill\u00e4 k\u00e4sitteill\u00e4,&nbsp; huomioida aineiden ominaisuudet ja mahdolliset&nbsp;ymp\u00e4rist\u00f6riskit,&nbsp; k\u00e4sitell\u00e4 kemiallisia aineita vaarantamatta&nbsp;omaa, muiden tai ymp\u00e4rist\u00f6n turvallisuutta,&nbsp; tunnistaa oman alan kannalta merkitykselliset&nbsp;vahvuutensa ja kehitt\u00e4miskohteensa perustellusti&nbsp; Toteutuksessa seuraavia sis\u00e4lt\u00f6j\u00e4&nbsp; aineet,&nbsp;&nbsp; tuotetietous,&nbsp;&nbsp; ymp\u00e4rist\u00f6,&nbsp;&nbsp; Ty\u00f6turvallisuus (esimerkiksi)&nbsp; aineiden ominaisuudet,&nbsp;&nbsp; merkinn\u00e4t,&nbsp;&nbsp; luokittelu,&nbsp;&nbsp; reaktiot,&nbsp;&nbsp; k\u00e4ytt\u00f6turvallisuustiedote,&nbsp;&nbsp; haitat,&nbsp;&nbsp; pH&nbsp; Arviointimenetelm\u00e4t&nbsp; Arviointi perustuu&nbsp;&nbsp; opintojakson alussa m\u00e4\u00e4ritettyihin teht\u00e4viin ja\/tai kokeeseen&nbsp; &hellip; Jatka lukemista OPS &rarr;\" \/>\n<meta property=\"og:url\" content=\"https:\/\/blogit.gradia.fi\/ke\/ops\/\" \/>\n<meta property=\"og:site_name\" content=\"Ty\u00f6ss\u00e4 tarvittava kemian osaaminen\" \/>\n<meta property=\"article:modified_time\" content=\"2020-04-28T10:17:40+00:00\" \/>\n<meta name=\"twitter:card\" content=\"summary_large_image\" \/>\n<meta name=\"twitter:label1\" content=\"Arvioitu lukuaika\" \/>\n\t<meta name=\"twitter:data1\" content=\"1 minuutti\" \/>\n<script type=\"application\/ld+json\" class=\"yoast-schema-graph\">{\"@context\":\"https:\/\/schema.org\",\"@graph\":[{\"@type\":\"WebPage\",\"@id\":\"https:\/\/blogit.gradia.fi\/ke\/ops\/\",\"url\":\"https:\/\/blogit.gradia.fi\/ke\/ops\/\",\"name\":\"OPS - Ty\u00f6ss\u00e4 tarvittava kemian osaaminen\",\"isPartOf\":{\"@id\":\"https:\/\/blogit.gradia.fi\/ke\/#website\"},\"datePublished\":\"2019-09-16T07:35:07+00:00\",\"dateModified\":\"2020-04-28T10:17:40+00:00\",\"breadcrumb\":{\"@id\":\"https:\/\/blogit.gradia.fi\/ke\/ops\/#breadcrumb\"},\"inLanguage\":\"fi\",\"potentialAction\":[{\"@type\":\"ReadAction\",\"target\":[\"https:\/\/blogit.gradia.fi\/ke\/ops\/\"]}]},{\"@type\":\"BreadcrumbList\",\"@id\":\"https:\/\/blogit.gradia.fi\/ke\/ops\/#breadcrumb\",\"itemListElement\":[{\"@type\":\"ListItem\",\"position\":1,\"name\":\"Home\",\"item\":\"https:\/\/blogit.gradia.fi\/ke\/\"},{\"@type\":\"ListItem\",\"position\":2,\"name\":\"OPS\"}]},{\"@type\":\"WebSite\",\"@id\":\"https:\/\/blogit.gradia.fi\/ke\/#website\",\"url\":\"https:\/\/blogit.gradia.fi\/ke\/\",\"name\":\"Ty\u00f6ss\u00e4 tarvittava kemian osaaminen\",\"description\":\"Yhteiset opinnot\",\"potentialAction\":[{\"@type\":\"SearchAction\",\"target\":{\"@type\":\"EntryPoint\",\"urlTemplate\":\"https:\/\/blogit.gradia.fi\/ke\/?s={search_term_string}\"},\"query-input\":{\"@type\":\"PropertyValueSpecification\",\"valueRequired\":true,\"valueName\":\"search_term_string\"}}],\"inLanguage\":\"fi\"}]}<\/script>\n<!-- \/ Yoast SEO plugin. -->","yoast_head_json":{"title":"OPS - Ty\u00f6ss\u00e4 tarvittava kemian osaaminen","robots":{"index":"index","follow":"follow","max-snippet":"max-snippet:-1","max-image-preview":"max-image-preview:large","max-video-preview":"max-video-preview:-1"},"canonical":"https:\/\/blogit.gradia.fi\/ke\/ops\/","og_locale":"fi_FI","og_type":"article","og_title":"OPS - Ty\u00f6ss\u00e4 tarvittava kemian osaaminen","og_description":"Sis\u00e4lt\u00f6&nbsp; Opiskelija osaa:&nbsp;&nbsp; kuvata ja perustella ilmi\u00f6it\u00e4 keskeisill\u00e4 k\u00e4sitteill\u00e4,&nbsp; huomioida aineiden ominaisuudet ja mahdolliset&nbsp;ymp\u00e4rist\u00f6riskit,&nbsp; k\u00e4sitell\u00e4 kemiallisia aineita vaarantamatta&nbsp;omaa, muiden tai ymp\u00e4rist\u00f6n turvallisuutta,&nbsp; tunnistaa oman alan kannalta merkitykselliset&nbsp;vahvuutensa ja kehitt\u00e4miskohteensa perustellusti&nbsp; Toteutuksessa seuraavia sis\u00e4lt\u00f6j\u00e4&nbsp; aineet,&nbsp;&nbsp; tuotetietous,&nbsp;&nbsp; ymp\u00e4rist\u00f6,&nbsp;&nbsp; Ty\u00f6turvallisuus (esimerkiksi)&nbsp; aineiden ominaisuudet,&nbsp;&nbsp; merkinn\u00e4t,&nbsp;&nbsp; luokittelu,&nbsp;&nbsp; reaktiot,&nbsp;&nbsp; k\u00e4ytt\u00f6turvallisuustiedote,&nbsp;&nbsp; haitat,&nbsp;&nbsp; pH&nbsp; Arviointimenetelm\u00e4t&nbsp; Arviointi perustuu&nbsp;&nbsp; opintojakson alussa m\u00e4\u00e4ritettyihin teht\u00e4viin ja\/tai kokeeseen&nbsp; &hellip; Jatka lukemista OPS &rarr;","og_url":"https:\/\/blogit.gradia.fi\/ke\/ops\/","og_site_name":"Ty\u00f6ss\u00e4 tarvittava kemian osaaminen","article_modified_time":"2020-04-28T10:17:40+00:00","twitter_card":"summary_large_image","twitter_misc":{"Arvioitu lukuaika":"1 minuutti"},"schema":{"@context":"https:\/\/schema.org","@graph":[{"@type":"WebPage","@id":"https:\/\/blogit.gradia.fi\/ke\/ops\/","url":"https:\/\/blogit.gradia.fi\/ke\/ops\/","name":"OPS - Ty\u00f6ss\u00e4 tarvittava kemian osaaminen","isPartOf":{"@id":"https:\/\/blogit.gradia.fi\/ke\/#website"},"datePublished":"2019-09-16T07:35:07+00:00","dateModified":"2020-04-28T10:17:40+00:00","breadcrumb":{"@id":"https:\/\/blogit.gradia.fi\/ke\/ops\/#breadcrumb"},"inLanguage":"fi","potentialAction":[{"@type":"ReadAction","target":["https:\/\/blogit.gradia.fi\/ke\/ops\/"]}]},{"@type":"BreadcrumbList","@id":"https:\/\/blogit.gradia.fi\/ke\/ops\/#breadcrumb","itemListElement":[{"@type":"ListItem","position":1,"name":"Home","item":"https:\/\/blogit.gradia.fi\/ke\/"},{"@type":"ListItem","position":2,"name":"OPS"}]},{"@type":"WebSite","@id":"https:\/\/blogit.gradia.fi\/ke\/#website","url":"https:\/\/blogit.gradia.fi\/ke\/","name":"Ty\u00f6ss\u00e4 tarvittava kemian osaaminen","description":"Yhteiset opinnot","potentialAction":[{"@type":"SearchAction","target":{"@type":"EntryPoint","urlTemplate":"https:\/\/blogit.gradia.fi\/ke\/?s={search_term_string}"},"query-input":{"@type":"PropertyValueSpecification","valueRequired":true,"valueName":"search_term_string"}}],"inLanguage":"fi"}]}},"uagb_featured_image_src":{"full":false,"thumbnail":false,"medium":false,"medium_large":false,"large":false,"1536x1536":false,"2048x2048":false,"post-thumbnail":false},"uagb_author_info":{"display_name":"Hannu Tabell","author_link":"https:\/\/blogit.gradia.fi\/ke\/author\/htabell\/"},"uagb_comment_info":0,"uagb_excerpt":"Sis\u00e4lt\u00f6&nbsp; Opiskelija osaa:&nbsp;&nbsp; kuvata ja perustella ilmi\u00f6it\u00e4 keskeisill\u00e4 k\u00e4sitteill\u00e4,&nbsp; huomioida aineiden ominaisuudet ja mahdolliset&nbsp;ymp\u00e4rist\u00f6riskit,&nbsp; k\u00e4sitell\u00e4 kemiallisia aineita vaarantamatta&nbsp;omaa, muiden tai ymp\u00e4rist\u00f6n turvallisuutta,&nbsp; tunnistaa oman alan kannalta merkitykselliset&nbsp;vahvuutensa ja kehitt\u00e4miskohteensa perustellusti&nbsp; Toteutuksessa seuraavia sis\u00e4lt\u00f6j\u00e4&nbsp; aineet,&nbsp;&nbsp; tuotetietous,&nbsp;&nbsp; ymp\u00e4rist\u00f6,&nbsp;&nbsp; Ty\u00f6turvallisuus (esimerkiksi)&nbsp; aineiden ominaisuudet,&nbsp;&nbsp; merkinn\u00e4t,&nbsp;&nbsp; luokittelu,&nbsp;&nbsp; reaktiot,&nbsp;&nbsp; k\u00e4ytt\u00f6turvallisuustiedote,&nbsp;&nbsp; haitat,&nbsp;&nbsp; pH&nbsp; Arviointimenetelm\u00e4t&nbsp; Arviointi perustuu&nbsp;&nbsp; opintojakson alussa m\u00e4\u00e4ritettyihin teht\u00e4viin ja\/tai kokeeseen&nbsp;&hellip;","_links":{"self":[{"href":"https:\/\/blogit.gradia.fi\/ke\/wp-json\/wp\/v2\/pages\/2","targetHints":{"allow":["GET"]}}],"collection":[{"href":"https:\/\/blogit.gradia.fi\/ke\/wp-json\/wp\/v2\/pages"}],"about":[{"href":"https:\/\/blogit.gradia.fi\/ke\/wp-json\/wp\/v2\/types\/page"}],"author":[{"embeddable":true,"href":"https:\/\/blogit.gradia.fi\/ke\/wp-json\/wp\/v2\/users\/111"}],"replies":[{"embeddable":true,"href":"https:\/\/blogit.gradia.fi\/ke\/wp-json\/wp\/v2\/comments?post=2"}],"version-history":[{"count":2,"href":"https:\/\/blogit.gradia.fi\/ke\/wp-json\/wp\/v2\/pages\/2\/revisions"}],"predecessor-version":[{"id":9,"href":"https:\/\/blogit.gradia.fi\/ke\/wp-json\/wp\/v2\/pages\/2\/revisions\/9"}],"wp:attachment":[{"href":"https:\/\/blogit.gradia.fi\/ke\/wp-json\/wp\/v2\/media?parent=2"}],"curies":[{"name":"wp","href":"https:\/\/api.w.org\/{rel}","templated":true}]}}