{"id":81,"date":"2020-03-20T12:52:47","date_gmt":"2020-03-20T10:52:47","guid":{"rendered":"https:\/\/blogit.gradia.fi\/katjan-korneri\/?page_id=81"},"modified":"2020-03-30T14:46:44","modified_gmt":"2020-03-30T11:46:44","slug":"etavalmennusta","status":"publish","type":"page","link":"https:\/\/blogit.gradia.fi\/katjan-korneri\/etavalmennusta\/","title":{"rendered":"Et\u00e4valmennusta"},"content":{"rendered":"\n<p>Gradialla otetaan k\u00e4ytt\u00f6\u00f6n et\u00e4valmennus. Se tarkoittaa sit\u00e4, ett\u00e4 suunnitellaan liikunta r\u00e4\u00e4t\u00e4l\u00f6iden sinun tarpeisiin. Jos haluat poikkeusaikana et\u00e4valmennusta ja siten tukea siihen, ett\u00e4 liikut fiksusti, laita mulle, Gradian kuntovalmentajalle eli Katjalle meili\u00e4, niin voidaan ty\u00f6st\u00e4\u00e4 s\u00e4hk\u00f6postilla ja puhelimitse. Voit my\u00f6s ihan hyvin suoraan soittaa ja sovitaan samantien miten edet\u00e4\u00e4n. My\u00f6hemmin saadaan ehk\u00e4 teams t\u00e4h\u00e4n ty\u00f6kaluksi ajanvaraukseen.<\/p>\n\n\n\n<p>Idea on, ett\u00e4 pidet\u00e4\u00e4n kroppa ja mieli kunnossa tietenkin. Nykytilanteeseen sopii erinomaisen hyvin joku liikunnallinen tavoite, mik\u00e4 vie v\u00e4kisinkin huomion mahdollisuuteen. Liikunnan puolella kehitys tulee siis s\u00e4\u00e4nn\u00f6llisyydest\u00e4, harjoituksen ja levon balanssista &#8211; ei yksitt\u00e4isist\u00e4 harjoitusr\u00e4\u00e4keist\u00e4. Tavoite liikunnan saralta juuri nyt on hyv\u00e4 ja fiksu juttu, ja on t\u00e4ysin mahdollista rakentaa kunnon osa-alueita niin, ett\u00e4 kehon immunipuolustus vahvistuu samalla kun kehittyy haluamallaan liikunnann saralla tai saroilla.<\/p>\n\n\n\n<p><\/p>\n\n\n\n<p>Esimerkkiviikko kelle tahansa: nyrkkis\u00e4\u00e4nt\u00f6 harjoituksen kuormituksesta nyt &#8221;kun l\u00e4hdet treenist\u00e4, tunnet, ett\u00e4 olisit jaksanut viel\u00e4 v\u00e4h\u00e4n enemm\u00e4nkin&#8221;<\/p>\n\n\n\n<p>&#8211; 2x viikossa ulkolenkki 30-60 minuuttia reipas k\u00e4vely\/helppo h\u00f6lkk\u00e4 tai py\u00f6r\u00e4ily (oman kunnon ja fiiliksen mukaan), venyttely ja rentoutuminen eli hyv\u00e4n olon hetki, lupa itselle antaa huolien t\u00e4ss\u00e4 hetkess\u00e4 v\u00e4isty\u00e4 (rentoutus siin\u00e4 tapausessa, ett\u00e4 on kotona tilaa miss\u00e4 niin voi tehd\u00e4 ja se istuu omaan luonteeseen)<\/p>\n\n\n\n<p>&#8211; 2x viikossa ulkoilua sen verran kun tuntuu hyv\u00e4lle ja kehonpainoharjoitus omaan kuntotasoon istuen tai joku muu koko kehoon vaikuttava harjoitus es. n\u00e4ilt\u00e4 sivuilta tai muualta<\/p>\n","protected":false},"excerpt":{"rendered":"<p>Gradialla otetaan k\u00e4ytt\u00f6\u00f6n et\u00e4valmennus. Se tarkoittaa sit\u00e4, ett\u00e4 suunnitellaan liikunta r\u00e4\u00e4t\u00e4l\u00f6iden sinun tarpeisiin. Jos haluat poikkeusaikana et\u00e4valmennusta ja siten tukea siihen, ett\u00e4 liikut fiksusti, laita mulle, Gradian kuntovalmentajalle eli Katjalle meili\u00e4, niin voidaan ty\u00f6st\u00e4\u00e4 s\u00e4hk\u00f6postilla ja puhelimitse. Voit my\u00f6s ihan hyvin suoraan soittaa ja sovitaan samantien miten edet\u00e4\u00e4n. My\u00f6hemmin saadaan ehk\u00e4 teams t\u00e4h\u00e4n ty\u00f6kaluksi ajanvaraukseen. [&hellip;]<\/p>\n","protected":false},"author":664,"featured_media":0,"parent":0,"menu_order":0,"comment_status":"closed","ping_status":"closed","template":"","meta":{"_uag_custom_page_level_css":"","footnotes":""},"class_list":["post-81","page","type-page","status-publish","hentry"],"yoast_head":"<!-- This site is optimized with the Yoast SEO plugin v27.2 - https:\/\/yoast.com\/product\/yoast-seo-wordpress\/ -->\n<title>Et\u00e4valmennusta - Katjan korneri<\/title>\n<meta name=\"robots\" content=\"index, follow, max-snippet:-1, max-image-preview:large, max-video-preview:-1\" \/>\n<link rel=\"canonical\" href=\"https:\/\/blogit.gradia.fi\/katjan-korneri\/etavalmennusta\/\" \/>\n<meta property=\"og:locale\" content=\"fi_FI\" \/>\n<meta property=\"og:type\" content=\"article\" \/>\n<meta property=\"og:title\" content=\"Et\u00e4valmennusta - Katjan korneri\" \/>\n<meta property=\"og:description\" content=\"Gradialla otetaan k\u00e4ytt\u00f6\u00f6n et\u00e4valmennus. Se tarkoittaa sit\u00e4, ett\u00e4 suunnitellaan liikunta r\u00e4\u00e4t\u00e4l\u00f6iden sinun tarpeisiin. Jos haluat poikkeusaikana et\u00e4valmennusta ja siten tukea siihen, ett\u00e4 liikut fiksusti, laita mulle, Gradian kuntovalmentajalle eli Katjalle meili\u00e4, niin voidaan ty\u00f6st\u00e4\u00e4 s\u00e4hk\u00f6postilla ja puhelimitse. Voit my\u00f6s ihan hyvin suoraan soittaa ja sovitaan samantien miten edet\u00e4\u00e4n. My\u00f6hemmin saadaan ehk\u00e4 teams t\u00e4h\u00e4n ty\u00f6kaluksi ajanvaraukseen. [&hellip;]\" \/>\n<meta property=\"og:url\" content=\"https:\/\/blogit.gradia.fi\/katjan-korneri\/etavalmennusta\/\" \/>\n<meta property=\"og:site_name\" content=\"Katjan korneri\" \/>\n<meta property=\"article:modified_time\" content=\"2020-03-30T11:46:44+00:00\" \/>\n<meta name=\"twitter:card\" content=\"summary_large_image\" \/>\n<meta name=\"twitter:label1\" content=\"Arvioitu lukuaika\" \/>\n\t<meta name=\"twitter:data1\" content=\"1 minuutti\" \/>\n<script type=\"application\/ld+json\" class=\"yoast-schema-graph\">{\"@context\":\"https:\/\/schema.org\",\"@graph\":[{\"@type\":\"WebPage\",\"@id\":\"https:\/\/blogit.gradia.fi\/katjan-korneri\/etavalmennusta\/\",\"url\":\"https:\/\/blogit.gradia.fi\/katjan-korneri\/etavalmennusta\/\",\"name\":\"Et\u00e4valmennusta - Katjan korneri\",\"isPartOf\":{\"@id\":\"https:\/\/blogit.gradia.fi\/katjan-korneri\/#website\"},\"datePublished\":\"2020-03-20T10:52:47+00:00\",\"dateModified\":\"2020-03-30T11:46:44+00:00\",\"breadcrumb\":{\"@id\":\"https:\/\/blogit.gradia.fi\/katjan-korneri\/etavalmennusta\/#breadcrumb\"},\"inLanguage\":\"fi\",\"potentialAction\":[{\"@type\":\"ReadAction\",\"target\":[\"https:\/\/blogit.gradia.fi\/katjan-korneri\/etavalmennusta\/\"]}]},{\"@type\":\"BreadcrumbList\",\"@id\":\"https:\/\/blogit.gradia.fi\/katjan-korneri\/etavalmennusta\/#breadcrumb\",\"itemListElement\":[{\"@type\":\"ListItem\",\"position\":1,\"name\":\"Home\",\"item\":\"https:\/\/blogit.gradia.fi\/katjan-korneri\/\"},{\"@type\":\"ListItem\",\"position\":2,\"name\":\"Et\u00e4valmennusta\"}]},{\"@type\":\"WebSite\",\"@id\":\"https:\/\/blogit.gradia.fi\/katjan-korneri\/#website\",\"url\":\"https:\/\/blogit.gradia.fi\/katjan-korneri\/\",\"name\":\"Katjan korneri\",\"description\":\"Uusi Gradia-blogit-sivustot -sivusto\",\"potentialAction\":[{\"@type\":\"SearchAction\",\"target\":{\"@type\":\"EntryPoint\",\"urlTemplate\":\"https:\/\/blogit.gradia.fi\/katjan-korneri\/?s={search_term_string}\"},\"query-input\":{\"@type\":\"PropertyValueSpecification\",\"valueRequired\":true,\"valueName\":\"search_term_string\"}}],\"inLanguage\":\"fi\"}]}<\/script>\n<!-- \/ Yoast SEO plugin. -->","yoast_head_json":{"title":"Et\u00e4valmennusta - Katjan korneri","robots":{"index":"index","follow":"follow","max-snippet":"max-snippet:-1","max-image-preview":"max-image-preview:large","max-video-preview":"max-video-preview:-1"},"canonical":"https:\/\/blogit.gradia.fi\/katjan-korneri\/etavalmennusta\/","og_locale":"fi_FI","og_type":"article","og_title":"Et\u00e4valmennusta - Katjan korneri","og_description":"Gradialla otetaan k\u00e4ytt\u00f6\u00f6n et\u00e4valmennus. Se tarkoittaa sit\u00e4, ett\u00e4 suunnitellaan liikunta r\u00e4\u00e4t\u00e4l\u00f6iden sinun tarpeisiin. Jos haluat poikkeusaikana et\u00e4valmennusta ja siten tukea siihen, ett\u00e4 liikut fiksusti, laita mulle, Gradian kuntovalmentajalle eli Katjalle meili\u00e4, niin voidaan ty\u00f6st\u00e4\u00e4 s\u00e4hk\u00f6postilla ja puhelimitse. Voit my\u00f6s ihan hyvin suoraan soittaa ja sovitaan samantien miten edet\u00e4\u00e4n. My\u00f6hemmin saadaan ehk\u00e4 teams t\u00e4h\u00e4n ty\u00f6kaluksi ajanvaraukseen. [&hellip;]","og_url":"https:\/\/blogit.gradia.fi\/katjan-korneri\/etavalmennusta\/","og_site_name":"Katjan korneri","article_modified_time":"2020-03-30T11:46:44+00:00","twitter_card":"summary_large_image","twitter_misc":{"Arvioitu lukuaika":"1 minuutti"},"schema":{"@context":"https:\/\/schema.org","@graph":[{"@type":"WebPage","@id":"https:\/\/blogit.gradia.fi\/katjan-korneri\/etavalmennusta\/","url":"https:\/\/blogit.gradia.fi\/katjan-korneri\/etavalmennusta\/","name":"Et\u00e4valmennusta - Katjan korneri","isPartOf":{"@id":"https:\/\/blogit.gradia.fi\/katjan-korneri\/#website"},"datePublished":"2020-03-20T10:52:47+00:00","dateModified":"2020-03-30T11:46:44+00:00","breadcrumb":{"@id":"https:\/\/blogit.gradia.fi\/katjan-korneri\/etavalmennusta\/#breadcrumb"},"inLanguage":"fi","potentialAction":[{"@type":"ReadAction","target":["https:\/\/blogit.gradia.fi\/katjan-korneri\/etavalmennusta\/"]}]},{"@type":"BreadcrumbList","@id":"https:\/\/blogit.gradia.fi\/katjan-korneri\/etavalmennusta\/#breadcrumb","itemListElement":[{"@type":"ListItem","position":1,"name":"Home","item":"https:\/\/blogit.gradia.fi\/katjan-korneri\/"},{"@type":"ListItem","position":2,"name":"Et\u00e4valmennusta"}]},{"@type":"WebSite","@id":"https:\/\/blogit.gradia.fi\/katjan-korneri\/#website","url":"https:\/\/blogit.gradia.fi\/katjan-korneri\/","name":"Katjan korneri","description":"Uusi Gradia-blogit-sivustot -sivusto","potentialAction":[{"@type":"SearchAction","target":{"@type":"EntryPoint","urlTemplate":"https:\/\/blogit.gradia.fi\/katjan-korneri\/?s={search_term_string}"},"query-input":{"@type":"PropertyValueSpecification","valueRequired":true,"valueName":"search_term_string"}}],"inLanguage":"fi"}]}},"uagb_featured_image_src":{"full":false,"thumbnail":false,"medium":false,"medium_large":false,"large":false,"1536x1536":false,"2048x2048":false,"post-thumbnail":false,"twentytwenty-fullscreen":false},"uagb_author_info":{"display_name":"Katja Saari","author_link":"https:\/\/blogit.gradia.fi\/katjan-korneri\/author\/saarikat\/"},"uagb_comment_info":0,"uagb_excerpt":"Gradialla otetaan k\u00e4ytt\u00f6\u00f6n et\u00e4valmennus. Se tarkoittaa sit\u00e4, ett\u00e4 suunnitellaan liikunta r\u00e4\u00e4t\u00e4l\u00f6iden sinun tarpeisiin. Jos haluat poikkeusaikana et\u00e4valmennusta ja siten tukea siihen, ett\u00e4 liikut fiksusti, laita mulle, Gradian kuntovalmentajalle eli Katjalle meili\u00e4, niin voidaan ty\u00f6st\u00e4\u00e4 s\u00e4hk\u00f6postilla ja puhelimitse. Voit my\u00f6s ihan hyvin suoraan soittaa ja sovitaan samantien miten edet\u00e4\u00e4n. My\u00f6hemmin saadaan ehk\u00e4 teams t\u00e4h\u00e4n ty\u00f6kaluksi ajanvaraukseen.&hellip;","_links":{"self":[{"href":"https:\/\/blogit.gradia.fi\/katjan-korneri\/wp-json\/wp\/v2\/pages\/81","targetHints":{"allow":["GET"]}}],"collection":[{"href":"https:\/\/blogit.gradia.fi\/katjan-korneri\/wp-json\/wp\/v2\/pages"}],"about":[{"href":"https:\/\/blogit.gradia.fi\/katjan-korneri\/wp-json\/wp\/v2\/types\/page"}],"author":[{"embeddable":true,"href":"https:\/\/blogit.gradia.fi\/katjan-korneri\/wp-json\/wp\/v2\/users\/664"}],"replies":[{"embeddable":true,"href":"https:\/\/blogit.gradia.fi\/katjan-korneri\/wp-json\/wp\/v2\/comments?post=81"}],"version-history":[{"count":5,"href":"https:\/\/blogit.gradia.fi\/katjan-korneri\/wp-json\/wp\/v2\/pages\/81\/revisions"}],"predecessor-version":[{"id":188,"href":"https:\/\/blogit.gradia.fi\/katjan-korneri\/wp-json\/wp\/v2\/pages\/81\/revisions\/188"}],"wp:attachment":[{"href":"https:\/\/blogit.gradia.fi\/katjan-korneri\/wp-json\/wp\/v2\/media?parent=81"}],"curies":[{"name":"wp","href":"https:\/\/api.w.org\/{rel}","templated":true}]}}