{"id":2,"date":"2017-11-23T11:17:57","date_gmt":"2017-11-23T09:17:57","guid":{"rendered":"https:\/\/blogit.gradia.fi\/jobshadowingstockholm\/?page_id=2"},"modified":"2017-11-23T11:17:57","modified_gmt":"2017-11-23T09:17:57","slug":"esimerkkisivu","status":"publish","type":"page","link":"https:\/\/blogit.gradia.fi\/jobshadowingstockholm\/esimerkkisivu\/","title":{"rendered":"Esimerkkisivu"},"content":{"rendered":"<p>T\u00e4m\u00e4 on esimerkkisivu. Se eroaa artikkelista siten, ett\u00e4 se pysyy paikallaan ja n\u00e4kyy sivustosi navigointivalikossa (useimmissa teemoissa). Useimmat ihmiset aloittavat Tietoja-sivulla, joka esittelee sivuston kirjoittajan mahdollisille lukijoille, esimerkiksi n\u00e4in:<\/p>\n<blockquote><p>Moro! P\u00e4ivisin jaan postia, iltaisin olen stand-up-koomikko. T\u00e4m\u00e4 on minun blogini! Asun Tampereella kissani kanssa ja tykk\u00e4\u00e4n Sihi-juomasta.<\/p><\/blockquote>\n<p>&#8230;tai jotain t\u00e4llaista:<\/p>\n<blockquote><p>XYZ H\u00e4rp\u00e4keyritys Oy perustettiin vuonna 1971 ja on siit\u00e4 l\u00e4htien ollut maan merkitt\u00e4vin h\u00e4rp\u00e4kkeiden toimittaja. Kotipaikkamme on Ankkalinna ja ty\u00f6llist\u00e4mme yli 2000 ihmist\u00e4.<\/p><\/blockquote>\n<p>Olet uusi WordPress-k\u00e4ytt\u00e4j\u00e4, joten kipaisepa <a href=\"https:\/\/blogit.gradia.fi\/jobshadowingstockholm\/wp-admin\/\">hallintan\u00e4kym\u00e4\u00e4si<\/a> poistamaan tai muokkaamaan t\u00e4t\u00e4 sivua, ja luomaan uusia sivuja. Pid\u00e4 hauskaa!<\/p>\n","protected":false},"excerpt":{"rendered":"<p>T\u00e4m\u00e4 on esimerkkisivu. Se eroaa artikkelista siten, ett\u00e4 se pysyy paikallaan ja n\u00e4kyy sivustosi navigointivalikossa (useimmissa teemoissa). Useimmat ihmiset aloittavat Tietoja-sivulla, joka esittelee sivuston kirjoittajan mahdollisille lukijoille, esimerkiksi n\u00e4in: Moro! P\u00e4ivisin jaan postia, iltaisin olen stand-up-koomikko. T\u00e4m\u00e4 on minun blogini! Asun Tampereella kissani kanssa ja tykk\u00e4\u00e4n Sihi-juomasta. &#8230;tai jotain t\u00e4llaista: XYZ H\u00e4rp\u00e4keyritys Oy perustettiin vuonna &hellip; <a href=\"https:\/\/blogit.gradia.fi\/jobshadowingstockholm\/esimerkkisivu\/\" class=\"more-link\">Jatka lukemista <span class=\"screen-reader-text\">Esimerkkisivu<\/span> <span class=\"meta-nav\">&rarr;<\/span><\/a><\/p>\n","protected":false},"author":410,"featured_media":0,"parent":0,"menu_order":0,"comment_status":"closed","ping_status":"open","template":"","meta":{"_uag_custom_page_level_css":"","footnotes":""},"class_list":["post-2","page","type-page","status-publish","hentry"],"yoast_head":"<!-- This site is optimized with the Yoast SEO plugin v27.3 - https:\/\/yoast.com\/product\/yoast-seo-wordpress\/ -->\n<title>Esimerkkisivu - En vecka p\u00e5 Kungsholmen<\/title>\n<meta name=\"robots\" content=\"index, follow, max-snippet:-1, max-image-preview:large, max-video-preview:-1\" \/>\n<link rel=\"canonical\" href=\"https:\/\/blogit.gradia.fi\/jobshadowingstockholm\/esimerkkisivu\/\" \/>\n<meta property=\"og:locale\" content=\"fi_FI\" \/>\n<meta property=\"og:type\" content=\"article\" \/>\n<meta property=\"og:title\" content=\"Esimerkkisivu - En vecka p\u00e5 Kungsholmen\" \/>\n<meta property=\"og:description\" content=\"T\u00e4m\u00e4 on esimerkkisivu. Se eroaa artikkelista siten, ett\u00e4 se pysyy paikallaan ja n\u00e4kyy sivustosi navigointivalikossa (useimmissa teemoissa). Useimmat ihmiset aloittavat Tietoja-sivulla, joka esittelee sivuston kirjoittajan mahdollisille lukijoille, esimerkiksi n\u00e4in: Moro! P\u00e4ivisin jaan postia, iltaisin olen stand-up-koomikko. T\u00e4m\u00e4 on minun blogini! Asun Tampereella kissani kanssa ja tykk\u00e4\u00e4n Sihi-juomasta. &#8230;tai jotain t\u00e4llaista: XYZ H\u00e4rp\u00e4keyritys Oy perustettiin vuonna &hellip; Jatka lukemista Esimerkkisivu &rarr;\" \/>\n<meta property=\"og:url\" content=\"https:\/\/blogit.gradia.fi\/jobshadowingstockholm\/esimerkkisivu\/\" \/>\n<meta property=\"og:site_name\" content=\"En vecka p\u00e5 Kungsholmen\" \/>\n<meta name=\"twitter:card\" content=\"summary_large_image\" \/>\n<meta name=\"twitter:label1\" content=\"Arvioitu lukuaika\" \/>\n\t<meta name=\"twitter:data1\" content=\"1 minuutti\" \/>\n<script type=\"application\/ld+json\" class=\"yoast-schema-graph\">{\"@context\":\"https:\\\/\\\/schema.org\",\"@graph\":[{\"@type\":\"WebPage\",\"@id\":\"https:\\\/\\\/blogit.gradia.fi\\\/jobshadowingstockholm\\\/esimerkkisivu\\\/\",\"url\":\"https:\\\/\\\/blogit.gradia.fi\\\/jobshadowingstockholm\\\/esimerkkisivu\\\/\",\"name\":\"Esimerkkisivu - En vecka p\u00e5 Kungsholmen\",\"isPartOf\":{\"@id\":\"https:\\\/\\\/blogit.gradia.fi\\\/jobshadowingstockholm\\\/#website\"},\"datePublished\":\"2017-11-23T09:17:57+00:00\",\"inLanguage\":\"fi\",\"potentialAction\":[{\"@type\":\"ReadAction\",\"target\":[\"https:\\\/\\\/blogit.gradia.fi\\\/jobshadowingstockholm\\\/esimerkkisivu\\\/\"]}]},{\"@type\":\"WebSite\",\"@id\":\"https:\\\/\\\/blogit.gradia.fi\\\/jobshadowingstockholm\\\/#website\",\"url\":\"https:\\\/\\\/blogit.gradia.fi\\\/jobshadowingstockholm\\\/\",\"name\":\"En vecka p\u00e5 Kungsholmen\",\"description\":\"Uusi ao-blogit -sivusto\",\"potentialAction\":[{\"@type\":\"SearchAction\",\"target\":{\"@type\":\"EntryPoint\",\"urlTemplate\":\"https:\\\/\\\/blogit.gradia.fi\\\/jobshadowingstockholm\\\/?s={search_term_string}\"},\"query-input\":{\"@type\":\"PropertyValueSpecification\",\"valueRequired\":true,\"valueName\":\"search_term_string\"}}],\"inLanguage\":\"fi\"}]}<\/script>\n<!-- \/ Yoast SEO plugin. -->","yoast_head_json":{"title":"Esimerkkisivu - En vecka p\u00e5 Kungsholmen","robots":{"index":"index","follow":"follow","max-snippet":"max-snippet:-1","max-image-preview":"max-image-preview:large","max-video-preview":"max-video-preview:-1"},"canonical":"https:\/\/blogit.gradia.fi\/jobshadowingstockholm\/esimerkkisivu\/","og_locale":"fi_FI","og_type":"article","og_title":"Esimerkkisivu - En vecka p\u00e5 Kungsholmen","og_description":"T\u00e4m\u00e4 on esimerkkisivu. Se eroaa artikkelista siten, ett\u00e4 se pysyy paikallaan ja n\u00e4kyy sivustosi navigointivalikossa (useimmissa teemoissa). Useimmat ihmiset aloittavat Tietoja-sivulla, joka esittelee sivuston kirjoittajan mahdollisille lukijoille, esimerkiksi n\u00e4in: Moro! P\u00e4ivisin jaan postia, iltaisin olen stand-up-koomikko. T\u00e4m\u00e4 on minun blogini! Asun Tampereella kissani kanssa ja tykk\u00e4\u00e4n Sihi-juomasta. &#8230;tai jotain t\u00e4llaista: XYZ H\u00e4rp\u00e4keyritys Oy perustettiin vuonna &hellip; Jatka lukemista Esimerkkisivu &rarr;","og_url":"https:\/\/blogit.gradia.fi\/jobshadowingstockholm\/esimerkkisivu\/","og_site_name":"En vecka p\u00e5 Kungsholmen","twitter_card":"summary_large_image","twitter_misc":{"Arvioitu lukuaika":"1 minuutti"},"schema":{"@context":"https:\/\/schema.org","@graph":[{"@type":"WebPage","@id":"https:\/\/blogit.gradia.fi\/jobshadowingstockholm\/esimerkkisivu\/","url":"https:\/\/blogit.gradia.fi\/jobshadowingstockholm\/esimerkkisivu\/","name":"Esimerkkisivu - En vecka p\u00e5 Kungsholmen","isPartOf":{"@id":"https:\/\/blogit.gradia.fi\/jobshadowingstockholm\/#website"},"datePublished":"2017-11-23T09:17:57+00:00","inLanguage":"fi","potentialAction":[{"@type":"ReadAction","target":["https:\/\/blogit.gradia.fi\/jobshadowingstockholm\/esimerkkisivu\/"]}]},{"@type":"WebSite","@id":"https:\/\/blogit.gradia.fi\/jobshadowingstockholm\/#website","url":"https:\/\/blogit.gradia.fi\/jobshadowingstockholm\/","name":"En vecka p\u00e5 Kungsholmen","description":"Uusi ao-blogit -sivusto","potentialAction":[{"@type":"SearchAction","target":{"@type":"EntryPoint","urlTemplate":"https:\/\/blogit.gradia.fi\/jobshadowingstockholm\/?s={search_term_string}"},"query-input":{"@type":"PropertyValueSpecification","valueRequired":true,"valueName":"search_term_string"}}],"inLanguage":"fi"}]}},"uagb_featured_image_src":{"full":false,"thumbnail":false,"medium":false,"medium_large":false,"large":false,"1536x1536":false,"2048x2048":false,"post-thumbnail":false,"twentyfourteen-full-width":false},"uagb_author_info":{"display_name":"Merja Saariaho","author_link":"https:\/\/blogit.gradia.fi\/jobshadowingstockholm\/author\/saarimer\/"},"uagb_comment_info":0,"uagb_excerpt":"T\u00e4m\u00e4 on esimerkkisivu. Se eroaa artikkelista siten, ett\u00e4 se pysyy paikallaan ja n\u00e4kyy sivustosi navigointivalikossa (useimmissa teemoissa). Useimmat ihmiset aloittavat Tietoja-sivulla, joka esittelee sivuston kirjoittajan mahdollisille lukijoille, esimerkiksi n\u00e4in: Moro! P\u00e4ivisin jaan postia, iltaisin olen stand-up-koomikko. T\u00e4m\u00e4 on minun blogini! Asun Tampereella kissani kanssa ja tykk\u00e4\u00e4n Sihi-juomasta. &#8230;tai jotain t\u00e4llaista: XYZ H\u00e4rp\u00e4keyritys Oy perustettiin vuonna&hellip;","_links":{"self":[{"href":"https:\/\/blogit.gradia.fi\/jobshadowingstockholm\/wp-json\/wp\/v2\/pages\/2","targetHints":{"allow":["GET"]}}],"collection":[{"href":"https:\/\/blogit.gradia.fi\/jobshadowingstockholm\/wp-json\/wp\/v2\/pages"}],"about":[{"href":"https:\/\/blogit.gradia.fi\/jobshadowingstockholm\/wp-json\/wp\/v2\/types\/page"}],"author":[{"embeddable":true,"href":"https:\/\/blogit.gradia.fi\/jobshadowingstockholm\/wp-json\/wp\/v2\/users\/410"}],"replies":[{"embeddable":true,"href":"https:\/\/blogit.gradia.fi\/jobshadowingstockholm\/wp-json\/wp\/v2\/comments?post=2"}],"version-history":[{"count":0,"href":"https:\/\/blogit.gradia.fi\/jobshadowingstockholm\/wp-json\/wp\/v2\/pages\/2\/revisions"}],"wp:attachment":[{"href":"https:\/\/blogit.gradia.fi\/jobshadowingstockholm\/wp-json\/wp\/v2\/media?parent=2"}],"curies":[{"name":"wp","href":"https:\/\/api.w.org\/{rel}","templated":true}]}}