{"id":86,"date":"2016-10-31T19:37:41","date_gmt":"2016-10-31T17:37:41","guid":{"rendered":"https:\/\/blogit.gradia.fi\/jaroslavl\/?page_id=86"},"modified":"2016-10-31T20:01:45","modified_gmt":"2016-10-31T18:01:45","slug":"artikkelit-2","status":"publish","type":"page","link":"https:\/\/blogit.gradia.fi\/jaroslavl\/artikkelit-2\/","title":{"rendered":"Artikkelit"},"content":{"rendered":"<p>Saavuimme Ven\u00e4j\u00e4lle torstaina 13.10 ja l\u00e4hdimme kohti kotia maanantaina 17.10. T\u00e4n\u00e4 aikana meille oli j\u00e4rjestetty runsaasti ohjelmaa, ja kerkesimme tutustua moniin uusiin ihmisiin. Opiskelijoiden artikkeleista p\u00e4\u00e4llimm\u00e4isen\u00e4 v\u00e4littyy ne lukuisat iloiset yhdess\u00e4 vietetyt hetket sek\u00e4 kiitollisuus ven\u00e4l\u00e4isi\u00e4 yst\u00e4vi\u00e4 kohtaan.<\/p>\n<p>Pikimmitt\u00e4 puheitta, saanen esitell\u00e4 artikkelit.<\/p>\n<p><a href=\"https:\/\/blogit.gradia.fi\/jaroslavl\/2016\/10\/30\/tervetuloa-jaroslavliin\/\">Tervetuloa Jaroslavliin<\/a> by Helj\u00e4 Hakkarainen<\/p>\n<p><a href=\"https:\/\/blogit.gradia.fi\/jaroslavl\/2016\/10\/27\/juhlapaiva\/\">Juhlap\u00e4iv\u00e4<\/a> by Oona Huttunen<\/p>\n<p><a href=\"https:\/\/blogit.gradia.fi\/jaroslavl\/2016\/10\/31\/paiva-mousetownissa\/\">P\u00e4iv\u00e4 &#8221;Mousetownissa&#8221;<\/a> by Heidi Tainio<\/p>\n<p><a href=\"https:\/\/blogit.gradia.fi\/jaroslavl\/2016\/10\/30\/karhuja-balalaikan-ja-vodkan-kera-seka-putin-tankissa\/\">Karhuja balalaikan ja vodkan kera, sek\u00e4 Putin tankissa<\/a> by Alexi Syki\u00e4inen<\/p>\n<p><a href=\"https:\/\/blogit.gradia.fi\/jaroslavl\/2016\/10\/30\/lahdon-paikkeilla\/\">L\u00e4hd\u00f6n paikkeilla<\/a> by Julia Pohto<\/p>\n","protected":false},"excerpt":{"rendered":"<p>Saavuimme Ven\u00e4j\u00e4lle torstaina 13.10 ja l\u00e4hdimme kohti kotia maanantaina 17.10. T\u00e4n\u00e4 aikana meille oli j\u00e4rjestetty runsaasti ohjelmaa, ja kerkesimme tutustua moniin uusiin ihmisiin. Opiskelijoiden artikkeleista p\u00e4\u00e4llimm\u00e4isen\u00e4 v\u00e4littyy ne lukuisat iloiset yhdess\u00e4 vietetyt hetket sek\u00e4 kiitollisuus ven\u00e4l\u00e4isi\u00e4 yst\u00e4vi\u00e4 kohtaan. Pikimmitt\u00e4 puheitta, saanen esitell\u00e4 artikkelit. Tervetuloa Jaroslavliin by Helj\u00e4 Hakkarainen Juhlap\u00e4iv\u00e4 by Oona Huttunen P\u00e4iv\u00e4 &#8221;Mousetownissa&#8221; by [&hellip;]<\/p>\n","protected":false},"author":443,"featured_media":0,"parent":0,"menu_order":0,"comment_status":"closed","ping_status":"closed","template":"","meta":{"_uag_custom_page_level_css":"","footnotes":""},"class_list":["post-86","page","type-page","status-publish","hentry"],"yoast_head":"<!-- This site is optimized with the Yoast SEO plugin v27.5 - https:\/\/yoast.com\/product\/yoast-seo-wordpress\/ -->\n<title>Artikkelit - Vieraanvaraisuutta vastavierailulla Jaroslavlissa Ven\u00e4j\u00e4ll\u00e4<\/title>\n<meta name=\"robots\" content=\"index, follow, max-snippet:-1, max-image-preview:large, max-video-preview:-1\" \/>\n<link rel=\"canonical\" href=\"https:\/\/blogit.gradia.fi\/jaroslavl\/artikkelit-2\/\" \/>\n<meta property=\"og:locale\" content=\"fi_FI\" \/>\n<meta property=\"og:type\" content=\"article\" \/>\n<meta property=\"og:title\" content=\"Artikkelit - Vieraanvaraisuutta vastavierailulla Jaroslavlissa Ven\u00e4j\u00e4ll\u00e4\" \/>\n<meta property=\"og:description\" content=\"Saavuimme Ven\u00e4j\u00e4lle torstaina 13.10 ja l\u00e4hdimme kohti kotia maanantaina 17.10. T\u00e4n\u00e4 aikana meille oli j\u00e4rjestetty runsaasti ohjelmaa, ja kerkesimme tutustua moniin uusiin ihmisiin. Opiskelijoiden artikkeleista p\u00e4\u00e4llimm\u00e4isen\u00e4 v\u00e4littyy ne lukuisat iloiset yhdess\u00e4 vietetyt hetket sek\u00e4 kiitollisuus ven\u00e4l\u00e4isi\u00e4 yst\u00e4vi\u00e4 kohtaan. Pikimmitt\u00e4 puheitta, saanen esitell\u00e4 artikkelit. Tervetuloa Jaroslavliin by Helj\u00e4 Hakkarainen Juhlap\u00e4iv\u00e4 by Oona Huttunen P\u00e4iv\u00e4 &#8221;Mousetownissa&#8221; by [&hellip;]\" \/>\n<meta property=\"og:url\" content=\"https:\/\/blogit.gradia.fi\/jaroslavl\/artikkelit-2\/\" \/>\n<meta property=\"og:site_name\" content=\"Vieraanvaraisuutta vastavierailulla Jaroslavlissa Ven\u00e4j\u00e4ll\u00e4\" \/>\n<meta property=\"article:modified_time\" content=\"2016-10-31T18:01:45+00:00\" \/>\n<meta name=\"twitter:card\" content=\"summary_large_image\" \/>\n<script type=\"application\/ld+json\" class=\"yoast-schema-graph\">{\"@context\":\"https:\\\/\\\/schema.org\",\"@graph\":[{\"@type\":\"WebPage\",\"@id\":\"https:\\\/\\\/blogit.gradia.fi\\\/jaroslavl\\\/artikkelit-2\\\/\",\"url\":\"https:\\\/\\\/blogit.gradia.fi\\\/jaroslavl\\\/artikkelit-2\\\/\",\"name\":\"Artikkelit - Vieraanvaraisuutta vastavierailulla Jaroslavlissa Ven\u00e4j\u00e4ll\u00e4\",\"isPartOf\":{\"@id\":\"https:\\\/\\\/blogit.gradia.fi\\\/jaroslavl\\\/#website\"},\"datePublished\":\"2016-10-31T17:37:41+00:00\",\"dateModified\":\"2016-10-31T18:01:45+00:00\",\"inLanguage\":\"fi\",\"potentialAction\":[{\"@type\":\"ReadAction\",\"target\":[\"https:\\\/\\\/blogit.gradia.fi\\\/jaroslavl\\\/artikkelit-2\\\/\"]}]},{\"@type\":\"WebSite\",\"@id\":\"https:\\\/\\\/blogit.gradia.fi\\\/jaroslavl\\\/#website\",\"url\":\"https:\\\/\\\/blogit.gradia.fi\\\/jaroslavl\\\/\",\"name\":\"Vieraanvaraisuutta vastavierailulla Jaroslavlissa Ven\u00e4j\u00e4ll\u00e4\",\"description\":\"Uusi ao-blogit -sivusto\",\"potentialAction\":[{\"@type\":\"SearchAction\",\"target\":{\"@type\":\"EntryPoint\",\"urlTemplate\":\"https:\\\/\\\/blogit.gradia.fi\\\/jaroslavl\\\/?s={search_term_string}\"},\"query-input\":{\"@type\":\"PropertyValueSpecification\",\"valueRequired\":true,\"valueName\":\"search_term_string\"}}],\"inLanguage\":\"fi\"}]}<\/script>\n<!-- \/ Yoast SEO plugin. -->","yoast_head_json":{"title":"Artikkelit - Vieraanvaraisuutta vastavierailulla Jaroslavlissa Ven\u00e4j\u00e4ll\u00e4","robots":{"index":"index","follow":"follow","max-snippet":"max-snippet:-1","max-image-preview":"max-image-preview:large","max-video-preview":"max-video-preview:-1"},"canonical":"https:\/\/blogit.gradia.fi\/jaroslavl\/artikkelit-2\/","og_locale":"fi_FI","og_type":"article","og_title":"Artikkelit - Vieraanvaraisuutta vastavierailulla Jaroslavlissa Ven\u00e4j\u00e4ll\u00e4","og_description":"Saavuimme Ven\u00e4j\u00e4lle torstaina 13.10 ja l\u00e4hdimme kohti kotia maanantaina 17.10. T\u00e4n\u00e4 aikana meille oli j\u00e4rjestetty runsaasti ohjelmaa, ja kerkesimme tutustua moniin uusiin ihmisiin. Opiskelijoiden artikkeleista p\u00e4\u00e4llimm\u00e4isen\u00e4 v\u00e4littyy ne lukuisat iloiset yhdess\u00e4 vietetyt hetket sek\u00e4 kiitollisuus ven\u00e4l\u00e4isi\u00e4 yst\u00e4vi\u00e4 kohtaan. Pikimmitt\u00e4 puheitta, saanen esitell\u00e4 artikkelit. Tervetuloa Jaroslavliin by Helj\u00e4 Hakkarainen Juhlap\u00e4iv\u00e4 by Oona Huttunen P\u00e4iv\u00e4 &#8221;Mousetownissa&#8221; by [&hellip;]","og_url":"https:\/\/blogit.gradia.fi\/jaroslavl\/artikkelit-2\/","og_site_name":"Vieraanvaraisuutta vastavierailulla Jaroslavlissa Ven\u00e4j\u00e4ll\u00e4","article_modified_time":"2016-10-31T18:01:45+00:00","twitter_card":"summary_large_image","schema":{"@context":"https:\/\/schema.org","@graph":[{"@type":"WebPage","@id":"https:\/\/blogit.gradia.fi\/jaroslavl\/artikkelit-2\/","url":"https:\/\/blogit.gradia.fi\/jaroslavl\/artikkelit-2\/","name":"Artikkelit - Vieraanvaraisuutta vastavierailulla Jaroslavlissa Ven\u00e4j\u00e4ll\u00e4","isPartOf":{"@id":"https:\/\/blogit.gradia.fi\/jaroslavl\/#website"},"datePublished":"2016-10-31T17:37:41+00:00","dateModified":"2016-10-31T18:01:45+00:00","inLanguage":"fi","potentialAction":[{"@type":"ReadAction","target":["https:\/\/blogit.gradia.fi\/jaroslavl\/artikkelit-2\/"]}]},{"@type":"WebSite","@id":"https:\/\/blogit.gradia.fi\/jaroslavl\/#website","url":"https:\/\/blogit.gradia.fi\/jaroslavl\/","name":"Vieraanvaraisuutta vastavierailulla Jaroslavlissa Ven\u00e4j\u00e4ll\u00e4","description":"Uusi ao-blogit -sivusto","potentialAction":[{"@type":"SearchAction","target":{"@type":"EntryPoint","urlTemplate":"https:\/\/blogit.gradia.fi\/jaroslavl\/?s={search_term_string}"},"query-input":{"@type":"PropertyValueSpecification","valueRequired":true,"valueName":"search_term_string"}}],"inLanguage":"fi"}]}},"uagb_featured_image_src":{"full":false,"thumbnail":false,"medium":false,"medium_large":false,"large":false,"1536x1536":false,"2048x2048":false,"post-thumbnail":false},"uagb_author_info":{"display_name":"Oona Huttunen","author_link":"https:\/\/blogit.gradia.fi\/jaroslavl\/author\/lk101388\/"},"uagb_comment_info":0,"uagb_excerpt":"Saavuimme Ven\u00e4j\u00e4lle torstaina 13.10 ja l\u00e4hdimme kohti kotia maanantaina 17.10. T\u00e4n\u00e4 aikana meille oli j\u00e4rjestetty runsaasti ohjelmaa, ja kerkesimme tutustua moniin uusiin ihmisiin. Opiskelijoiden artikkeleista p\u00e4\u00e4llimm\u00e4isen\u00e4 v\u00e4littyy ne lukuisat iloiset yhdess\u00e4 vietetyt hetket sek\u00e4 kiitollisuus ven\u00e4l\u00e4isi\u00e4 yst\u00e4vi\u00e4 kohtaan. Pikimmitt\u00e4 puheitta, saanen esitell\u00e4 artikkelit. Tervetuloa Jaroslavliin by Helj\u00e4 Hakkarainen Juhlap\u00e4iv\u00e4 by Oona Huttunen P\u00e4iv\u00e4 &#8221;Mousetownissa&#8221; by&hellip;","_links":{"self":[{"href":"https:\/\/blogit.gradia.fi\/jaroslavl\/wp-json\/wp\/v2\/pages\/86","targetHints":{"allow":["GET"]}}],"collection":[{"href":"https:\/\/blogit.gradia.fi\/jaroslavl\/wp-json\/wp\/v2\/pages"}],"about":[{"href":"https:\/\/blogit.gradia.fi\/jaroslavl\/wp-json\/wp\/v2\/types\/page"}],"author":[{"embeddable":true,"href":"https:\/\/blogit.gradia.fi\/jaroslavl\/wp-json\/wp\/v2\/users\/443"}],"replies":[{"embeddable":true,"href":"https:\/\/blogit.gradia.fi\/jaroslavl\/wp-json\/wp\/v2\/comments?post=86"}],"version-history":[{"count":0,"href":"https:\/\/blogit.gradia.fi\/jaroslavl\/wp-json\/wp\/v2\/pages\/86\/revisions"}],"wp:attachment":[{"href":"https:\/\/blogit.gradia.fi\/jaroslavl\/wp-json\/wp\/v2\/media?parent=86"}],"curies":[{"name":"wp","href":"https:\/\/api.w.org\/{rel}","templated":true}]}}