{"id":59,"date":"2017-01-13T11:03:33","date_gmt":"2017-01-13T09:03:33","guid":{"rendered":"https:\/\/blogit.gradia.fi\/jamsapeda\/?page_id=59"},"modified":"2021-03-01T13:59:16","modified_gmt":"2021-03-01T11:59:16","slug":"oppimismenetelmat","status":"publish","type":"page","link":"https:\/\/blogit.gradia.fi\/jamsapeda\/oppimismenetelmat\/","title":{"rendered":"6 OPPIMINEN ARJESSA"},"content":{"rendered":"<h2>Henkil\u00f6kohtaiset, ty\u00f6el\u00e4m\u00e4l\u00e4ht\u00f6iset opintopolut<\/h2>\n<p>Oppimista tapahtuu kaikkialla. Tuemme opiskelijaa tekem\u00e4\u00e4n monenlaisia opintoihin liittyvi\u00e4 valintoja, jotka auttavat h\u00e4nt\u00e4 rakentamaan omanlaistaan oppimisen polkua ja ty\u00f6llistymist\u00e4. Yhdess\u00e4 matkaamme kohti tulevaisuutta, joka muuttuu koko ajan. Opiskelijan henkil\u00f6kohtainen osaamisen\u00a0kehitt\u00e4missuunnitelma (<a href=\"https:\/\/www.gradia.fi\/opiskelijan-opas\/opiskelijan-osaaminen\">HOKS<\/a>)\u00a0mahdollistaa yksil\u00f6lliset tutkinnon osien valinnat, yksil\u00f6lliset oppimismenetelm\u00e4t ja -ymp\u00e4rist\u00f6t.<span style=\"color: #00ccff\"><em><strong><span style=\"color: #33cccc\"> &#8221;L\u00e4ht\u00f6kohtana oppiminen, kaikkialla ja kaiken aikaa&#8221;<\/span> <\/strong><\/em><\/span><\/p>\n<p>Teknologiaa hy\u00f6dynt\u00e4en mahdollistuvat joustavat ja yksil\u00f6lliset oppimismahdollisuudet (esimerkiksi simulaattorit, verkkokurssit, virtuaaliset oppimisymp\u00e4rist\u00f6t, sovellukset, video- ja tallenneteknologia). Osaamista tunnistetaan ja tunnustetaan koko opintojen ajan jatkuvana prosessina. T\u00e4m\u00e4 haastaa meid\u00e4t vahvistamaan jatkuvasti omaa ohjausosaamistamme ja hankkimaan tietoa ja tekem\u00e4\u00e4n kokeiluja erilaisista mahdollisuuksista.<\/p>\n<h4>Miten oppija\u00a0ottaa vastuun omasta opintopolustaan?<\/h4>\n<ul>\n<li>Orientaatio on t\u00e4rke\u00e4 vaihe,\u00a0jossa\u00a0k\u00e4yd\u00e4\u00e4n keskustelua opiskelufilosofiasta, vastuista ja velvollisuuksista. Hyv\u00e4 perehtyminen opiskeluun mahdollistaa vastuunoton v\u00e4hitellen.<\/li>\n<li>Mit\u00e4\u00a0ja miten opiskelija haluaa oppia ja saavuttaa? N\u00e4m\u00e4 ovat ydinkysymyksi\u00e4, joiden avulla\u00a0voidaan l\u00f6yt\u00e4\u00e4 motivaatio opiskeluun ja oppimiseen.<\/li>\n<li><span style=\"color: #000000\">Opiskelija tekee osaamisen dokumentointia omasta osaamisestaan, oppimisestaan ja kehittymisest\u00e4\u00e4n koko opintojensa ajan (esimerkiksi oppimisp\u00e4iv\u00e4kirjat, blogit,\u00a0portfolio,\u00a0kasvun kansio).<\/span><\/li>\n<\/ul>\n<h4>Miten meill\u00e4 mahdollistetaan opiskelijan yksil\u00f6llinen polku?<\/h4>\n<ul>\n<li>Kaiken suunnittelun keski\u00f6ss\u00e4 ovat opiskelijoiden tavoitteet ja unelmat. Olemme rohkeita kokeilemaan erilaisia toteutustapoja.<\/li>\n<li>Opiskelijoille tarjotaan riitt\u00e4v\u00e4sti tietoa ja ohjausta heid\u00e4n omien valintojensa ja suunnitelmiensa tueksi yksil\u00f6- ja ryhm\u00e4nohjauksissa.<\/li>\n<li>Yksil\u00f6llisest\u00e4 opintopolusta vastaavat opiskelija ja HOKS-ohjaaja. Koulutusp\u00e4\u00e4llik\u00f6t mahdollistavat opintopolkujen toteuttamisen.<\/li>\n<li>Yksil\u00f6llinen opintopolku on tarvittaessa yhteisty\u00f6t\u00e4 koko ohjausverkoston toimijoiden kanssa.<\/li>\n<\/ul>\n<p>Varmistaaksemme opiskelijan kokonaisvaltaisen ohjauksen,\u00a0opiskelijalla on tarvittaessa tukena laaja verkosto ohjauksen ammattilaisia.<\/p>\n<h2><a name=\"_Toc469051463\"><\/a>Ohjaaminen oppimaan ja kehittym\u00e4\u00e4n<\/h2>\n<p>Mielest\u00e4mme ohjaaminen on keskeinen elementti osaamisen saavuttamisessa. Ohjaamme ja kannustamme opiskelijoita elinik\u00e4iseen oppimiseen ja tiimim\u00e4iseen toimintatapaan. Ohjausmenetelmiss\u00e4 hy\u00f6dynn\u00e4mme yh\u00e4 enemm\u00e4n vertaisopiskelijoita ja\u00a0verkko-ohjausta. Ty\u00f6paikalla tapahtuvat ohjausk\u00e4ynnit suunnitellaan yksil\u00f6llisesti. N\u00e4in varmistamme oikea-aikaisen ohjauksen, jolla tuemme opiskelijan osaamisen kehittymist\u00e4.<\/p>\n<p><strong>Ohjaukseen liittyvi\u00e4 n\u00e4k\u00f6kulmia:<img loading=\"lazy\" decoding=\"async\" class=\"size-medium wp-image-602 alignright\" src=\"https:\/\/blogit.gradia.fi\/jamsapeda\/wp-content\/uploads\/sites\/84\/2017\/01\/Jao-kuva-7-61-293x300.jpg\" alt=\"\" width=\"293\" height=\"300\" srcset=\"https:\/\/blogit.gradia.fi\/jamsapeda\/wp-content\/uploads\/sites\/84\/2017\/01\/Jao-kuva-7-61-293x300.jpg 293w, https:\/\/blogit.gradia.fi\/jamsapeda\/wp-content\/uploads\/sites\/84\/2017\/01\/Jao-kuva-7-61-768x785.jpg 768w, https:\/\/blogit.gradia.fi\/jamsapeda\/wp-content\/uploads\/sites\/84\/2017\/01\/Jao-kuva-7-61-1002x1024.jpg 1002w, https:\/\/blogit.gradia.fi\/jamsapeda\/wp-content\/uploads\/sites\/84\/2017\/01\/Jao-kuva-7-61-624x638.jpg 624w, https:\/\/blogit.gradia.fi\/jamsapeda\/wp-content\/uploads\/sites\/84\/2017\/01\/Jao-kuva-7-61.jpg 1382w\" sizes=\"auto, (max-width: 293px) 100vw, 293px\" \/><\/strong><\/p>\n<ul>\n<li>perehtymisjakso kaksi viikkoa (jatkuvassa haussa 2<span style=\"color: #000000;font-family: Calibri;font-size: medium\">\u2500<\/span>4 p\u00e4iv\u00e4\u00e4), jolloin laaditaan my\u00f6s\u00a0henkil\u00f6kohtainen osaamisen kehitt\u00e4missuunnitelma (HOKS)<\/li>\n<li>kaikkien\u00a0tutkinnon osien\u00a0alussa orientoiva ohjaus ja perehtyminen opiskelijan kanssa<\/li>\n<li>oikea-aikainen ohjaus digitaalisia v\u00e4lineit\u00e4 hy\u00f6dynt\u00e4en<\/li>\n<li>opiskelijan ja h\u00e4nen henkil\u00f6kohtaisen opintopolkunsa tunteminen<\/li>\n<li>\u00adohjaushenkil\u00f6st\u00f6n saumaton yhteisty\u00f6 ja varhainen toiminta<\/li>\n<li>ohjausaikojen jatkuva saatavuus<\/li>\n<li>palautteen ker\u00e4\u00e4minen ja antaminen.<\/li>\n<\/ul>\n<p>Gradiassa on opiskelijan uraohjauksen tueksi luotu <a href=\"https:\/\/blogit.gradia.fi\/tehoaohjaukseen\/\"><strong>Tehoa ohjaukseen-blogi<\/strong><\/a>, joka antaa konkreettisia vinkkej\u00e4 kaikille opiskelijoiden uraohjausta ja -suunnittelua toteuttaville henkil\u00f6ille. Blogi tarjoaa materiaalia, vinkkej\u00e4 keskusteluihin ja tukea uraohjaukseen.<\/p>\n<p>Blogissa on tarjolla muun muassa <strong>laaja kysymyspatteristo <\/strong>opiskelijan opintojen alussa ja aikana k\u00e4yt\u00e4viin ohjauskeskusteluihin sek\u00e4 opintojen loppuvaiheessa jatko-opintoihin ja ty\u00f6el\u00e4m\u00e4\u00e4n siirtymiseen. Blogista l\u00f6ytyy my\u00f6s <strong>testej\u00e4 ja materiaalia <\/strong>opiskelijan urasuunnitteluvalmiuksien kartoittamiseen.<\/p>\n<p><strong>Tutustu blogiin osoitteessa: <a href=\"https:\/\/blogit.gradia.fi\/tehoaohjaukseen\/\" target=\"_blank\" rel=\"noopener noreferrer\">https:\/\/blogit.gradia.fi\/tehoaohjaukseen<\/a><\/strong><\/p>\n<p>Opiskelijoiden ohjaamiseen ja erityistukeen liittyvi\u00e4 ohjeita ja asiakirjoja l\u00f6ytyy lis\u00e4\u00e4 henkil\u00f6st\u00f6n intrasta.<\/p>\n<p><span style=\"color: #33cccc\"><em>\u00a0<\/em><\/span><\/p>\n","protected":false},"excerpt":{"rendered":"<p>Henkil\u00f6kohtaiset, ty\u00f6el\u00e4m\u00e4l\u00e4ht\u00f6iset opintopolut Oppimista tapahtuu kaikkialla. Tuemme opiskelijaa tekem\u00e4\u00e4n monenlaisia opintoihin liittyvi\u00e4 valintoja, jotka auttavat h\u00e4nt\u00e4 rakentamaan omanlaistaan oppimisen polkua ja ty\u00f6llistymist\u00e4. Yhdess\u00e4 matkaamme kohti tulevaisuutta, joka muuttuu koko ajan. Opiskelijan henkil\u00f6kohtainen osaamisen\u00a0kehitt\u00e4missuunnitelma (HOKS)\u00a0mahdollistaa yksil\u00f6lliset tutkinnon osien valinnat, yksil\u00f6lliset oppimismenetelm\u00e4t ja -ymp\u00e4rist\u00f6t. &#8221;L\u00e4ht\u00f6kohtana oppiminen, kaikkialla ja kaiken aikaa&#8221; Teknologiaa hy\u00f6dynt\u00e4en mahdollistuvat joustavat ja yksil\u00f6lliset oppimismahdollisuudet [&hellip;]<\/p>\n","protected":false},"author":180,"featured_media":608,"parent":0,"menu_order":0,"comment_status":"closed","ping_status":"closed","template":"","meta":{"_uag_custom_page_level_css":"","footnotes":""},"class_list":["post-59","page","type-page","status-publish","has-post-thumbnail","hentry"],"yoast_head":"<!-- This site is optimized with the Yoast SEO plugin v27.4 - https:\/\/yoast.com\/product\/yoast-seo-wordpress\/ -->\n<title>6 OPPIMINEN ARJESSA - PedaStep<\/title>\n<meta name=\"robots\" content=\"index, follow, max-snippet:-1, max-image-preview:large, max-video-preview:-1\" \/>\n<link rel=\"canonical\" href=\"https:\/\/blogit.gradia.fi\/jamsapeda\/oppimismenetelmat\/\" \/>\n<meta property=\"og:locale\" content=\"fi_FI\" \/>\n<meta property=\"og:type\" content=\"article\" \/>\n<meta property=\"og:title\" content=\"6 OPPIMINEN ARJESSA - PedaStep\" \/>\n<meta property=\"og:description\" content=\"Henkil\u00f6kohtaiset, ty\u00f6el\u00e4m\u00e4l\u00e4ht\u00f6iset opintopolut Oppimista tapahtuu kaikkialla. Tuemme opiskelijaa tekem\u00e4\u00e4n monenlaisia opintoihin liittyvi\u00e4 valintoja, jotka auttavat h\u00e4nt\u00e4 rakentamaan omanlaistaan oppimisen polkua ja ty\u00f6llistymist\u00e4. Yhdess\u00e4 matkaamme kohti tulevaisuutta, joka muuttuu koko ajan. Opiskelijan henkil\u00f6kohtainen osaamisen\u00a0kehitt\u00e4missuunnitelma (HOKS)\u00a0mahdollistaa yksil\u00f6lliset tutkinnon osien valinnat, yksil\u00f6lliset oppimismenetelm\u00e4t ja -ymp\u00e4rist\u00f6t. &#8221;L\u00e4ht\u00f6kohtana oppiminen, kaikkialla ja kaiken aikaa&#8221; Teknologiaa hy\u00f6dynt\u00e4en mahdollistuvat joustavat ja yksil\u00f6lliset oppimismahdollisuudet [&hellip;]\" \/>\n<meta property=\"og:url\" content=\"https:\/\/blogit.gradia.fi\/jamsapeda\/oppimismenetelmat\/\" \/>\n<meta property=\"og:site_name\" content=\"PedaStep\" \/>\n<meta property=\"article:modified_time\" content=\"2021-03-01T11:59:16+00:00\" \/>\n<meta property=\"og:image\" content=\"https:\/\/blogit.gradia.fi\/jamsapeda\/wp-content\/uploads\/sites\/84\/2017\/06\/Jao-kuva-51.jpg\" \/>\n\t<meta property=\"og:image:width\" content=\"2560\" \/>\n\t<meta property=\"og:image:height\" content=\"1600\" \/>\n\t<meta property=\"og:image:type\" content=\"image\/jpeg\" \/>\n<meta name=\"twitter:card\" content=\"summary_large_image\" \/>\n<meta name=\"twitter:label1\" content=\"Arvioitu lukuaika\" \/>\n\t<meta name=\"twitter:data1\" content=\"2 minuuttia\" \/>\n<script type=\"application\/ld+json\" class=\"yoast-schema-graph\">{\"@context\":\"https:\\\/\\\/schema.org\",\"@graph\":[{\"@type\":\"WebPage\",\"@id\":\"https:\\\/\\\/blogit.gradia.fi\\\/jamsapeda\\\/oppimismenetelmat\\\/\",\"url\":\"https:\\\/\\\/blogit.gradia.fi\\\/jamsapeda\\\/oppimismenetelmat\\\/\",\"name\":\"6 OPPIMINEN ARJESSA - PedaStep\",\"isPartOf\":{\"@id\":\"https:\\\/\\\/blogit.gradia.fi\\\/jamsapeda\\\/#website\"},\"primaryImageOfPage\":{\"@id\":\"https:\\\/\\\/blogit.gradia.fi\\\/jamsapeda\\\/oppimismenetelmat\\\/#primaryimage\"},\"image\":{\"@id\":\"https:\\\/\\\/blogit.gradia.fi\\\/jamsapeda\\\/oppimismenetelmat\\\/#primaryimage\"},\"thumbnailUrl\":\"https:\\\/\\\/blogit.gradia.fi\\\/jamsapeda\\\/wp-content\\\/uploads\\\/sites\\\/84\\\/2017\\\/06\\\/Jao-kuva-51.jpg\",\"datePublished\":\"2017-01-13T09:03:33+00:00\",\"dateModified\":\"2021-03-01T11:59:16+00:00\",\"inLanguage\":\"fi\",\"potentialAction\":[{\"@type\":\"ReadAction\",\"target\":[\"https:\\\/\\\/blogit.gradia.fi\\\/jamsapeda\\\/oppimismenetelmat\\\/\"]}]},{\"@type\":\"ImageObject\",\"inLanguage\":\"fi\",\"@id\":\"https:\\\/\\\/blogit.gradia.fi\\\/jamsapeda\\\/oppimismenetelmat\\\/#primaryimage\",\"url\":\"https:\\\/\\\/blogit.gradia.fi\\\/jamsapeda\\\/wp-content\\\/uploads\\\/sites\\\/84\\\/2017\\\/06\\\/Jao-kuva-51.jpg\",\"contentUrl\":\"https:\\\/\\\/blogit.gradia.fi\\\/jamsapeda\\\/wp-content\\\/uploads\\\/sites\\\/84\\\/2017\\\/06\\\/Jao-kuva-51.jpg\",\"width\":2560,\"height\":1600},{\"@type\":\"WebSite\",\"@id\":\"https:\\\/\\\/blogit.gradia.fi\\\/jamsapeda\\\/#website\",\"url\":\"https:\\\/\\\/blogit.gradia.fi\\\/jamsapeda\\\/\",\"name\":\"PedaStep\",\"description\":\"Gradia J\u00e4ms\u00e4n pedagogiset ajatukset\",\"potentialAction\":[{\"@type\":\"SearchAction\",\"target\":{\"@type\":\"EntryPoint\",\"urlTemplate\":\"https:\\\/\\\/blogit.gradia.fi\\\/jamsapeda\\\/?s={search_term_string}\"},\"query-input\":{\"@type\":\"PropertyValueSpecification\",\"valueRequired\":true,\"valueName\":\"search_term_string\"}}],\"inLanguage\":\"fi\"}]}<\/script>\n<!-- \/ Yoast SEO plugin. -->","yoast_head_json":{"title":"6 OPPIMINEN ARJESSA - PedaStep","robots":{"index":"index","follow":"follow","max-snippet":"max-snippet:-1","max-image-preview":"max-image-preview:large","max-video-preview":"max-video-preview:-1"},"canonical":"https:\/\/blogit.gradia.fi\/jamsapeda\/oppimismenetelmat\/","og_locale":"fi_FI","og_type":"article","og_title":"6 OPPIMINEN ARJESSA - PedaStep","og_description":"Henkil\u00f6kohtaiset, ty\u00f6el\u00e4m\u00e4l\u00e4ht\u00f6iset opintopolut Oppimista tapahtuu kaikkialla. Tuemme opiskelijaa tekem\u00e4\u00e4n monenlaisia opintoihin liittyvi\u00e4 valintoja, jotka auttavat h\u00e4nt\u00e4 rakentamaan omanlaistaan oppimisen polkua ja ty\u00f6llistymist\u00e4. Yhdess\u00e4 matkaamme kohti tulevaisuutta, joka muuttuu koko ajan. Opiskelijan henkil\u00f6kohtainen osaamisen\u00a0kehitt\u00e4missuunnitelma (HOKS)\u00a0mahdollistaa yksil\u00f6lliset tutkinnon osien valinnat, yksil\u00f6lliset oppimismenetelm\u00e4t ja -ymp\u00e4rist\u00f6t. &#8221;L\u00e4ht\u00f6kohtana oppiminen, kaikkialla ja kaiken aikaa&#8221; Teknologiaa hy\u00f6dynt\u00e4en mahdollistuvat joustavat ja yksil\u00f6lliset oppimismahdollisuudet [&hellip;]","og_url":"https:\/\/blogit.gradia.fi\/jamsapeda\/oppimismenetelmat\/","og_site_name":"PedaStep","article_modified_time":"2021-03-01T11:59:16+00:00","og_image":[{"width":2560,"height":1600,"url":"https:\/\/blogit.gradia.fi\/jamsapeda\/wp-content\/uploads\/sites\/84\/2017\/06\/Jao-kuva-51.jpg","type":"image\/jpeg"}],"twitter_card":"summary_large_image","twitter_misc":{"Arvioitu lukuaika":"2 minuuttia"},"schema":{"@context":"https:\/\/schema.org","@graph":[{"@type":"WebPage","@id":"https:\/\/blogit.gradia.fi\/jamsapeda\/oppimismenetelmat\/","url":"https:\/\/blogit.gradia.fi\/jamsapeda\/oppimismenetelmat\/","name":"6 OPPIMINEN ARJESSA - PedaStep","isPartOf":{"@id":"https:\/\/blogit.gradia.fi\/jamsapeda\/#website"},"primaryImageOfPage":{"@id":"https:\/\/blogit.gradia.fi\/jamsapeda\/oppimismenetelmat\/#primaryimage"},"image":{"@id":"https:\/\/blogit.gradia.fi\/jamsapeda\/oppimismenetelmat\/#primaryimage"},"thumbnailUrl":"https:\/\/blogit.gradia.fi\/jamsapeda\/wp-content\/uploads\/sites\/84\/2017\/06\/Jao-kuva-51.jpg","datePublished":"2017-01-13T09:03:33+00:00","dateModified":"2021-03-01T11:59:16+00:00","inLanguage":"fi","potentialAction":[{"@type":"ReadAction","target":["https:\/\/blogit.gradia.fi\/jamsapeda\/oppimismenetelmat\/"]}]},{"@type":"ImageObject","inLanguage":"fi","@id":"https:\/\/blogit.gradia.fi\/jamsapeda\/oppimismenetelmat\/#primaryimage","url":"https:\/\/blogit.gradia.fi\/jamsapeda\/wp-content\/uploads\/sites\/84\/2017\/06\/Jao-kuva-51.jpg","contentUrl":"https:\/\/blogit.gradia.fi\/jamsapeda\/wp-content\/uploads\/sites\/84\/2017\/06\/Jao-kuva-51.jpg","width":2560,"height":1600},{"@type":"WebSite","@id":"https:\/\/blogit.gradia.fi\/jamsapeda\/#website","url":"https:\/\/blogit.gradia.fi\/jamsapeda\/","name":"PedaStep","description":"Gradia J\u00e4ms\u00e4n pedagogiset ajatukset","potentialAction":[{"@type":"SearchAction","target":{"@type":"EntryPoint","urlTemplate":"https:\/\/blogit.gradia.fi\/jamsapeda\/?s={search_term_string}"},"query-input":{"@type":"PropertyValueSpecification","valueRequired":true,"valueName":"search_term_string"}}],"inLanguage":"fi"}]}},"uagb_featured_image_src":{"full":["https:\/\/blogit.gradia.fi\/jamsapeda\/wp-content\/uploads\/sites\/84\/2017\/06\/Jao-kuva-51.jpg",2560,1600,false],"thumbnail":["https:\/\/blogit.gradia.fi\/jamsapeda\/wp-content\/uploads\/sites\/84\/2017\/06\/Jao-kuva-51-150x150.jpg",150,150,true],"medium":["https:\/\/blogit.gradia.fi\/jamsapeda\/wp-content\/uploads\/sites\/84\/2017\/06\/Jao-kuva-51-300x188.jpg",300,188,true],"medium_large":["https:\/\/blogit.gradia.fi\/jamsapeda\/wp-content\/uploads\/sites\/84\/2017\/06\/Jao-kuva-51-768x480.jpg",625,391,true],"large":["https:\/\/blogit.gradia.fi\/jamsapeda\/wp-content\/uploads\/sites\/84\/2017\/06\/Jao-kuva-51-1024x640.jpg",625,391,true],"1536x1536":["https:\/\/blogit.gradia.fi\/jamsapeda\/wp-content\/uploads\/sites\/84\/2017\/06\/Jao-kuva-51.jpg",1536,960,false],"2048x2048":["https:\/\/blogit.gradia.fi\/jamsapeda\/wp-content\/uploads\/sites\/84\/2017\/06\/Jao-kuva-51.jpg",2048,1280,false],"post-thumbnail":["https:\/\/blogit.gradia.fi\/jamsapeda\/wp-content\/uploads\/sites\/84\/2017\/06\/Jao-kuva-51-624x390.jpg",624,390,true]},"uagb_author_info":{"display_name":"Katriina Turunen","author_link":"https:\/\/blogit.gradia.fi\/jamsapeda\/author\/huttukat\/"},"uagb_comment_info":0,"uagb_excerpt":"Henkil\u00f6kohtaiset, ty\u00f6el\u00e4m\u00e4l\u00e4ht\u00f6iset opintopolut Oppimista tapahtuu kaikkialla. Tuemme opiskelijaa tekem\u00e4\u00e4n monenlaisia opintoihin liittyvi\u00e4 valintoja, jotka auttavat h\u00e4nt\u00e4 rakentamaan omanlaistaan oppimisen polkua ja ty\u00f6llistymist\u00e4. Yhdess\u00e4 matkaamme kohti tulevaisuutta, joka muuttuu koko ajan. Opiskelijan henkil\u00f6kohtainen osaamisen\u00a0kehitt\u00e4missuunnitelma (HOKS)\u00a0mahdollistaa yksil\u00f6lliset tutkinnon osien valinnat, yksil\u00f6lliset oppimismenetelm\u00e4t ja -ymp\u00e4rist\u00f6t. &#8221;L\u00e4ht\u00f6kohtana oppiminen, kaikkialla ja kaiken aikaa&#8221; Teknologiaa hy\u00f6dynt\u00e4en mahdollistuvat joustavat ja yksil\u00f6lliset oppimismahdollisuudet&hellip;","_links":{"self":[{"href":"https:\/\/blogit.gradia.fi\/jamsapeda\/wp-json\/wp\/v2\/pages\/59","targetHints":{"allow":["GET"]}}],"collection":[{"href":"https:\/\/blogit.gradia.fi\/jamsapeda\/wp-json\/wp\/v2\/pages"}],"about":[{"href":"https:\/\/blogit.gradia.fi\/jamsapeda\/wp-json\/wp\/v2\/types\/page"}],"author":[{"embeddable":true,"href":"https:\/\/blogit.gradia.fi\/jamsapeda\/wp-json\/wp\/v2\/users\/180"}],"replies":[{"embeddable":true,"href":"https:\/\/blogit.gradia.fi\/jamsapeda\/wp-json\/wp\/v2\/comments?post=59"}],"version-history":[{"count":3,"href":"https:\/\/blogit.gradia.fi\/jamsapeda\/wp-json\/wp\/v2\/pages\/59\/revisions"}],"predecessor-version":[{"id":854,"href":"https:\/\/blogit.gradia.fi\/jamsapeda\/wp-json\/wp\/v2\/pages\/59\/revisions\/854"}],"wp:featuredmedia":[{"embeddable":true,"href":"https:\/\/blogit.gradia.fi\/jamsapeda\/wp-json\/wp\/v2\/media\/608"}],"wp:attachment":[{"href":"https:\/\/blogit.gradia.fi\/jamsapeda\/wp-json\/wp\/v2\/media?parent=59"}],"curies":[{"name":"wp","href":"https:\/\/api.w.org\/{rel}","templated":true}]}}