{"id":56,"date":"2017-01-13T11:03:10","date_gmt":"2017-01-13T09:03:10","guid":{"rendered":"https:\/\/blogit.gradia.fi\/jamsapeda\/?page_id=56"},"modified":"2020-09-07T16:00:14","modified_gmt":"2020-09-07T13:00:14","slug":"osaamisen-hankkiminen","status":"publish","type":"page","link":"https:\/\/blogit.gradia.fi\/jamsapeda\/osaamisen-hankkiminen\/","title":{"rendered":"5 OPPIMISEN MAHDOLLISTAJAT"},"content":{"rendered":"<p><span style=\"color: #ff0000\"><a href=\"http:\/\/verkkoluotsi.chydenius.fi\/salatutsivut\/pedagoginen\/oppimiskasitykset\/sosio_konstruktiivinen.html\"><span style=\"color: #0066cc\">Sosiokonstruktivistisen <\/span><\/a><span style=\"color: #000000\">oppimisk\u00e4sityksen mukaisesti oppiminen on yksil\u00f6llist\u00e4, ja se syntyy kokemuksen ja tekemisen kautta yhdess\u00e4 muiden kanssa. Olemme valinneet tiimioppimisen menetelm\u00e4ksi, koska sill\u00e4<\/span><span style=\"color: #ff0000\"><span style=\"color: #000000\"> tuemme opiskelijoiden motivaatiota eli tunnetta itsen\u00e4isyydest\u00e4, pystyvyydest\u00e4, yhteenkuuluvuudesta ja merkityksellisyydest\u00e4. <\/span><\/span><\/span><\/p>\n<p>Koska opiskelijat kulkevat henkil\u00f6kohtaisia opintopolkujaan, heille on eritt\u00e4in t\u00e4rke\u00e4\u00e4 osallistua my\u00f6s&nbsp;erilaisiin tiimeihin, joissa opiskelijan henkil\u00f6kohtainen&nbsp;kasvu ja kehitys ammattilaiseksi tapahtuu turvallisesti yhdess\u00e4 muiden kanssa. Koulutuksen aikana opiskelijan on t\u00e4rke\u00e4\u00e4 l\u00f6yt\u00e4\u00e4 oma roolinsa&nbsp;ja oppia toimimaan tiimeiss\u00e4, joiden koko ja osallistujat vaihtuvat. <span style=\"color: #33cccc\"><em><strong>&#8221;Ammatti-identiteetti on ihmisen k\u00e4sitys itsest\u00e4\u00e4n ty\u00f6ntekij\u00e4n\u00e4&#8221;<\/strong><\/em><\/span><\/p>\n<p>Tiimioppimalla vahvistamme opiskelijoiden ty\u00f6el\u00e4m\u00e4taitoja, el\u00e4m\u00e4ntaitoja ja tutkinnon osien elinik\u00e4isen oppimisen avaintaitoja. Tiimim\u00e4isess\u00e4 oppimisessa opiskelijat ja opettajat nauttivat ty\u00f6st\u00e4\u00e4n, omasta ja toisten oppimisesta&nbsp;sek\u00e4 osaamisen kehittymisest\u00e4. Tiimity\u00f6 on suosittu ja tuloksellinen tekemisen tapa my\u00f6s ty\u00f6el\u00e4m\u00e4ss\u00e4. N\u00e4in siirtyminen ty\u00f6el\u00e4m\u00e4\u00e4n ja erilaisiin tiimeihin on helpompaa.<\/p>\n<p>Toteutamme arjessa tiimioppimista, joka on yhteistoiminnallinen, vuorovaikutuksellinen ja vastuullinen oppimismenetelm\u00e4.&nbsp;Sovellamme&nbsp;tiimioppimisessa <a href=\"http:\/\/tiimiakatemia.com\/\">Tiimiakatemian<\/a> kehitt\u00e4mi\u00e4 tiimioppimisen menetelmi\u00e4 ja ty\u00f6kaluja. Arjessamme oppiminen perustuu nelj\u00e4\u00e4n kulmakiveen:<\/p>\n<p><strong>1. Opimme oppimaan<br \/>\n<\/strong>N\u00e4emme oppimisen kokonaisvaltaisena prosessina, jonka suunnittelussa&nbsp;opiskelijat ovat mukana.&nbsp;Jokaisella on&nbsp;oikeus oppia&nbsp;ja kehitty\u00e4 henkil\u00f6kohtaiset l\u00e4ht\u00f6kohdat, el\u00e4m\u00e4ntilanne, persoonallisuus ja oppimistyylit huomioiden. Opiskelija on aktiivinen toimija, jolla on vastuu omasta oppimisestaan ja toimimisestaan&nbsp;tiimin j\u00e4senen\u00e4.<\/p>\n<p><strong>2. Hankimme tietoa<br \/>\n<\/strong>Jokaisella meist\u00e4 on kokemuksen kautta syntynytt\u00e4 hiljaista tietoa, jota voimme hy\u00f6dynt\u00e4\u00e4&nbsp;ja jonka p\u00e4\u00e4lle rakentaa uutta. Opintojen aikana opiskelijat muokkaavat kaikkea oppimaansa tiedoiksi ja taidoiksi, joita voi soveltaa erilaisissa ty\u00f6- ja toimintaymp\u00e4rist\u00f6iss\u00e4.&nbsp;&nbsp;<em><strong><span style=\"color: #33cccc\">&#8221;\u00c4l\u00e4 lue varastoon vaan tarpeeseen&#8221;<\/span><\/strong><\/em><\/p>\n<p><strong>3. Opimme tekem\u00e4ll\u00e4<\/strong><br \/>\nYhdess\u00e4 tekeminen ja&nbsp;oppiminen on meille t\u00e4rke\u00e4\u00e4, ja se tapahtuu ty\u00f6el\u00e4m\u00e4l\u00e4ht\u00f6isiss\u00e4 oppimisymp\u00e4rist\u00f6iss\u00e4 tekemisen kautta aitojen asiakkaiden parissa. <span style=\"color: #000000\">Oppimistilanteissa on t\u00e4rke\u00e4\u00e4 ammatillisen kehittymisen ohella el\u00e4m\u00e4nhallintataitojen ja ty\u00f6el\u00e4m\u00e4valmiuksien karttuminen.<\/span><\/p>\n<p><strong>4. Treenaamme<\/strong><br \/>\nOpiskelijoiden oma tiimi on oppimisalusta. S\u00e4\u00e4nn\u00f6lliset tapaamiset auttavat opiskelijoita kehittym\u00e4\u00e4n. Niiss\u00e4 jaetaan ja vastaanotetaan hiljaista tietoa itselt\u00e4 ja muilta.&nbsp;Keskustellessa l\u00f6ydet\u00e4\u00e4n yhteinen ymm\u00e4rrys, joka auttaa hahmottamaan opiskeltavan asian&nbsp;kokonaisuuden.&nbsp;Se motivoi oppimaan antamalla suunnan.&nbsp;Ohjaavalla ja valmentavalla otteella autamme&nbsp;opiskelijoita pit\u00e4m\u00e4\u00e4n kiinni tavoitteista, jotka ovat yhdess\u00e4 suunniteltuja, saavutettavia ja realistisia.<\/p>\n<p><img loading=\"lazy\" decoding=\"async\" class=\"size-medium wp-image-600 alignright\" src=\"https:\/\/blogit.gradia.fi\/jamsapeda\/wp-content\/uploads\/sites\/84\/2017\/01\/Jao-kuva-7-51-297x300.jpg\" alt=\"\" width=\"297\" height=\"300\" srcset=\"https:\/\/blogit.gradia.fi\/jamsapeda\/wp-content\/uploads\/sites\/84\/2017\/01\/Jao-kuva-7-51-297x300.jpg 297w, https:\/\/blogit.gradia.fi\/jamsapeda\/wp-content\/uploads\/sites\/84\/2017\/01\/Jao-kuva-7-51-768x777.jpg 768w, https:\/\/blogit.gradia.fi\/jamsapeda\/wp-content\/uploads\/sites\/84\/2017\/01\/Jao-kuva-7-51-1012x1024.jpg 1012w, https:\/\/blogit.gradia.fi\/jamsapeda\/wp-content\/uploads\/sites\/84\/2017\/01\/Jao-kuva-7-51-624x631.jpg 624w, https:\/\/blogit.gradia.fi\/jamsapeda\/wp-content\/uploads\/sites\/84\/2017\/01\/Jao-kuva-7-51.jpg 1450w\" sizes=\"auto, (max-width: 297px) 100vw, 297px\" \/><\/p>\n<h2>Tiimioppimisen elementtej\u00e4<\/h2>\n<p><strong>Yhdess\u00e4 tekeminen<\/strong><br \/>\nOppimisen tavoitteet saavutetaan tekem\u00e4ll\u00e4. Tiimioppimisen avulla opiskelija huomaa oppimisen tarpeensa, jolloin h\u00e4n innostuu hankkimaan uutta osaamista.&nbsp;Kokemuksia jakamalla autamme toisiamme, siksi tiimioppiminen edist\u00e4\u00e4 ja nopeuttaa oppimista: yhdess\u00e4 n\u00e4kee selke\u00e4mmin kuin yksin\u00e4\u00e4n. Yhdess\u00e4 tekeminen ruokkii itsetuntoa ja kasvattaa sosiaalista luottamusta. Asiakasprojektien kautta&nbsp;verkostoja ja kontakteja karttuu&nbsp;ty\u00f6el\u00e4m\u00e4\u00e4n. Yhdess\u00e4 tekeminen soveltuu kaikkiin oppimisymp\u00e4rist\u00f6ihin. Linkki: <a href=\"https:\/\/issuu.com\/pellervo\/docs\/kaverijohtamisen-visuaalinen-innost\/42\">Tiimiroolit<\/a><\/p>\n<p><strong>Oppimissopimus &#8211; Uuden tiedon synnytys tavoitteiden kautta<br \/>\n<\/strong>Opiskelijan omien tavoitteiden asettamisen l\u00e4ht\u00f6kohtana ovat h\u00e4nen vahvuutensa ja tavoitteensa. Ty\u00f6kaluna n\u00e4iden l\u00f6yt\u00e4miseen voidaan k\u00e4ytt\u00e4\u00e4&nbsp;oppimissopimusta.&nbsp;Oppimissopimus ei ole pelk\u00e4st\u00e4\u00e4n suunnitelma vaan lupaus itselle ja tiimil\u00e4isille sitoutumisesta oppimiseen ja vastuunottoon. Se auttaa tunnistamaan omat ja toisten vahvuudet ja tukemaan niit\u00e4 ja pyyt\u00e4m\u00e4\u00e4n apua. Oppimissopimusten my\u00f6t\u00e4 tiimi voi luoda itselleen my\u00f6s tiimisopimuksen. Oppimissopimuksesta nousseita tavoitteita voidaan hy\u00f6dynt\u00e4\u00e4 opiskelijan henkil\u00f6kohtaisessa opiskelusuunnitelmassa tai henkil\u00f6kohtaistamissuunnitelmassa. <a href=\"https:\/\/issuu.com\/pellervo\/docs\/kaverijohtamisen-visuaalinen-innost\/26\"> Oppimissopimus<\/a> laaditaan seuraavien kysymysten avulla:<\/p>\n<ul>\n<li>Miss\u00e4 olen ollut? (Historia)<\/li>\n<li><span style=\"color: #000000\">Miss\u00e4 olen nyt? (Nykyisyys)<\/span><\/li>\n<li><span style=\"color: #000000\">Mihin olen menossa? (Tulevaisuus)<\/span><\/li>\n<li><span style=\"color: #000000\">Miten p\u00e4\u00e4sen sinne? (Keinot)<\/span><\/li>\n<li><span style=\"color: #000000\">Mist\u00e4 tied\u00e4n, ett\u00e4 olen perill\u00e4? (Mittarit)<br \/>\n<\/span><a href=\"https:\/\/www.slideshare.net\/bananadotfi\/oppimissopimus-tykaluoppimisentueksi\" target=\"_blank\" rel=\"noopener noreferrer\"><span style=\"color: #000000\">Oppimissopimus<\/span><\/a><\/li>\n<\/ul>\n<p><strong>Avoimuus tiedon hankinnassa<\/strong><br \/>\nTiimity\u00f6skentely vaatii yhteisen s\u00e4hk\u00f6isen oppimisymp\u00e4rist\u00f6n, jossa kaikki tarvittava tieto on saatavilla ja opiskelijat voivat ty\u00f6skennell\u00e4 yhdess\u00e4 luoden uutta. N\u00e4in jokaisen opiskelijan ty\u00f6 tulee n\u00e4kyv\u00e4ksi ja uskallus tehd\u00e4 asioita kasvaa.<\/p>\n<p>Opiskelija voi hankkia osaamisensa tueksi tietoa monenlaisista l\u00e4hteist\u00e4, jotka h\u00e4n kokee merkitykselliseksi oman osaamisensa kehitt\u00e4misess\u00e4 (ammatilliset teokset sek\u00e4 muut kirjat ja artikkelit).&nbsp; Tiedon hankkiminen on t\u00e4rke\u00e4\u00e4,&nbsp;jotta treeneiss\u00e4 syntyy keskustelua, kun jokaisella on jotain, mit\u00e4 voi jakaa toisille.<\/p>\n<p><strong>Tiimitunnit&nbsp;<\/strong>eli <strong>treenit<\/strong> ovat opiskelijaryhm\u00e4n yhteisi\u00e4 tapaamisia, joissa hy\u00f6dynnet\u00e4\u00e4n dialogia. <a href=\"https:\/\/issuu.com\/pellervo\/docs\/kaverijohtamisen-visuaalinen-innost\/82\">Dialogissa<\/a> istumme ringiss\u00e4 niin, ett\u00e4 n\u00e4emme toisemme ja pystymme noudattamaan hyv\u00e4n dialogin elementtej\u00e4: suoraa puhetta, kunnioitusta, odotusta ja kuuntelua. Dialogissa kaikki tulevat kuulluksi, ja samalla ty\u00f6el\u00e4m\u00e4taidot ja sosiaaliset taidot kehittyv\u00e4t. Tapaamisissa keskustellaan meneill\u00e4\u00e4n olevista projekteista, ammatillisen osaamisen kehittymisest\u00e4 ja muista ajankohtaisista asioista.&nbsp;Keskustelu muiden kanssa aidoista tilanteista ja ratkaisemalla niihin liittyvi\u00e4 ongelmia mahdollistaa opiskelijan oppimisen.<span style=\"color: #33cccc\"> <em><strong>&#8221;Arki on osa&nbsp;oppimista&#8221;<\/strong><\/em><\/span><\/p>\n<p><strong><a href=\"https:\/\/issuu.com\/pellervo\/docs\/kaverijohtamisen-visuaalinen-innost\/10\">Kaverijohtaminen<\/a> ja vertaisoppiminen<\/strong><br \/>\nTiimity\u00f6skentelyss\u00e4 opiskelijat p\u00e4\u00e4sev\u00e4t kokeilemaan erilaisia rooleja tiimiss\u00e4 ja l\u00f6yt\u00e4m\u00e4\u00e4n erilaisuudesta vahvuutta tiimiin. Tiimity\u00f6skentelyn my\u00f6t\u00e4 tiimin me-henki kasvaa ja opiskelijat ja tiimi kehittyv\u00e4t.<\/p>\n<p><a href=\"https:\/\/issuu.com\/pellervo\/docs\/kaverijohtamisen-visuaalinen-innost\/70\"><strong>Motorolat<\/strong><\/a> eli <strong>tavoitteiden muotoilun ty\u00f6kalut <\/strong><span style=\"color: #000000\">valmentavat opiskelijoita arvioimaan ja saamaan kehitt\u00e4misotetta omaan ty\u00f6skentelyyns\u00e4. Lis\u00e4ksi&nbsp;niiden avulla saadaan kokemusta tavoitteellisesta <\/span>projektity\u00f6skentelyst\u00e4.<\/p>\n<p>Projektin alussa voidaan&nbsp;tehd\u00e4 esimotorola:<\/p>\n<ul>\n<li>Mitk\u00e4 ovat t\u00e4m\u00e4n asiakkuuden tavoitteet?<\/li>\n<li>Mitk\u00e4 ovat asiakkaan hy\u00f6dyt?<\/li>\n<li>Mit\u00e4 teoriaa sovellan tai mit\u00e4 opin?<\/li>\n<li>Mit\u00e4 osaamista t\u00e4m\u00e4 vaatii tiimilt\u00e4ni ja minulta?<\/li>\n<li>Miten t\u00e4m\u00e4 asiakkuus vie tiimi\u00e4ni kohti tavoitteita?<\/li>\n<\/ul>\n<p>Jokaisen projektin j\u00e4lkeen&nbsp;voidaan tehd\u00e4&nbsp;motorola-palaute:<\/p>\n<ul>\n<li>Mik\u00e4 meni hyvin?<\/li>\n<li>Mik\u00e4 meni huonosti?<\/li>\n<li>Mit\u00e4 opimme?<\/li>\n<li>Mit\u00e4 teemme ensi kerralla paremmin?<\/li>\n<li>Mit\u00e4 veimme k\u00e4yt\u00e4nt\u00f6\u00f6n?<\/li>\n<\/ul>\n<p><strong>Oppimisen omistajuus luo <a href=\"https:\/\/issuu.com\/pellervo\/docs\/kaverijohtamisen-visuaalinen-innost\/47\">positiivisuutta ja hauskuutta<\/a><\/strong><br \/>\nAidoissa asiakasprojekteissa tavoitteet ovat korkealla ja oppijat joutuvat laittamaan kaiken osaamisensa peliin ja hankkimaan uutta osaamista. Opiskelijat synnytt\u00e4v\u00e4t itselleen uutta, merkityksellist\u00e4 tietoa ja osaamista, eli heill\u00e4 on omistajuus omaan oppimiseensa. Ponnistelu ja onnistumiset vahvistavat uskoa omaan osaamiseen ja p\u00e4rj\u00e4\u00e4miseen. N\u00e4m\u00e4 elinik\u00e4isen oppimisen avaintaidot ovat t\u00e4rke\u00e4ss\u00e4 roolissa ty\u00f6llistymisess\u00e4.<\/p>\n<div id=\"attachment_322\" style=\"width: 635px\" class=\"wp-caption alignnone\"><img loading=\"lazy\" decoding=\"async\" aria-describedby=\"caption-attachment-322\" class=\"wp-image-322 size-large\" src=\"https:\/\/blogit.gradia.fi\/jamsapeda\/wp-content\/uploads\/sites\/84\/2017\/02\/Opettajan-roolin-muutos-1-1024x732.png\" alt=\"\" width=\"625\" height=\"447\" srcset=\"https:\/\/blogit.gradia.fi\/jamsapeda\/wp-content\/uploads\/sites\/84\/2017\/02\/Opettajan-roolin-muutos-1-1024x732.png 1024w, https:\/\/blogit.gradia.fi\/jamsapeda\/wp-content\/uploads\/sites\/84\/2017\/02\/Opettajan-roolin-muutos-1-300x214.png 300w, https:\/\/blogit.gradia.fi\/jamsapeda\/wp-content\/uploads\/sites\/84\/2017\/02\/Opettajan-roolin-muutos-1-768x549.png 768w, https:\/\/blogit.gradia.fi\/jamsapeda\/wp-content\/uploads\/sites\/84\/2017\/02\/Opettajan-roolin-muutos-1-624x446.png 624w, https:\/\/blogit.gradia.fi\/jamsapeda\/wp-content\/uploads\/sites\/84\/2017\/02\/Opettajan-roolin-muutos-1.png 1505w\" sizes=\"auto, (max-width: 625px) 100vw, 625px\" \/><p id=\"caption-attachment-322\" class=\"wp-caption-text\">Opettajan roolin muutos valmentajaksi (mukaillen Taitoa ty\u00f6el\u00e4m\u00e4\u00e4n tiimist\u00e4).<\/p><\/div>\n<h4>Valmentaja tiimin tukena<\/h4>\n<p>Valmentaja\/opettaja on oppimisen mahdollistaja, joka&nbsp;ohjaa ja tukee&nbsp;opiskelijoiden ammatillista kasvua erilaisissa oppimisymp\u00e4rist\u00f6iss\u00e4 ja -tilanteissa.<\/p>\n<p>Valmentaja<\/p>\n<ul>\n<li>auttaa luomaan tavoitteita ja p\u00e4\u00e4m\u00e4\u00e4ri\u00e4<\/li>\n<li>luo ymm\u00e4rryst\u00e4 siit\u00e4, ett\u00e4 oppiminen perustuu oman osaamisen laajentamiseen tekemisen kautta<\/li>\n<li>kannustaa kokeiluihin ja riskinottoon<\/li>\n<li>kysyy kysymyksi\u00e4, ei anna valmiita vastauksia<\/li>\n<li>rakentaa osaltaan oppimisyhteis\u00f6\u00e4<\/li>\n<li>haastaa itsens\u00e4 kehittym\u00e4\u00e4n jatkuvasti.<\/li>\n<\/ul>\n<div id=\"attachment_671\" style=\"width: 635px\" class=\"wp-caption alignleft\"><a href=\"https:\/\/blogit.gradia.fi\/jamsapeda\/valmentaja-jpg\/\"><img loading=\"lazy\" decoding=\"async\" aria-describedby=\"caption-attachment-671\" class=\"wp-image-671 size-large\" src=\"https:\/\/blogit.gradia.fi\/jamsapeda\/wp-content\/uploads\/sites\/84\/2017\/06\/valmentaja.jpg-1024x723.png\" alt=\"\" width=\"625\" height=\"441\" srcset=\"https:\/\/blogit.gradia.fi\/jamsapeda\/wp-content\/uploads\/sites\/84\/2017\/06\/valmentaja.jpg-1024x723.png 1024w, https:\/\/blogit.gradia.fi\/jamsapeda\/wp-content\/uploads\/sites\/84\/2017\/06\/valmentaja.jpg-300x212.png 300w, https:\/\/blogit.gradia.fi\/jamsapeda\/wp-content\/uploads\/sites\/84\/2017\/06\/valmentaja.jpg-768x542.png 768w, https:\/\/blogit.gradia.fi\/jamsapeda\/wp-content\/uploads\/sites\/84\/2017\/06\/valmentaja.jpg-624x441.png 624w, https:\/\/blogit.gradia.fi\/jamsapeda\/wp-content\/uploads\/sites\/84\/2017\/06\/valmentaja.jpg.png 1484w\" sizes=\"auto, (max-width: 625px) 100vw, 625px\" \/><\/a><p id=\"caption-attachment-671\" class=\"wp-caption-text\">Valmentaja parhaimmillaan.<\/p><\/div>\n<p><span style=\"color: #ff0000\">&nbsp;<\/span><\/p>\n","protected":false},"excerpt":{"rendered":"<p>Sosiokonstruktivistisen oppimisk\u00e4sityksen mukaisesti oppiminen on yksil\u00f6llist\u00e4, ja se syntyy kokemuksen ja tekemisen kautta yhdess\u00e4 muiden kanssa. Olemme valinneet tiimioppimisen menetelm\u00e4ksi, koska sill\u00e4 tuemme opiskelijoiden motivaatiota eli tunnetta itsen\u00e4isyydest\u00e4, pystyvyydest\u00e4, yhteenkuuluvuudesta ja merkityksellisyydest\u00e4. Koska opiskelijat kulkevat henkil\u00f6kohtaisia opintopolkujaan, heille on eritt\u00e4in t\u00e4rke\u00e4\u00e4 osallistua my\u00f6s&nbsp;erilaisiin tiimeihin, joissa opiskelijan henkil\u00f6kohtainen&nbsp;kasvu ja kehitys ammattilaiseksi tapahtuu turvallisesti yhdess\u00e4 muiden kanssa. [&hellip;]<\/p>\n","protected":false},"author":180,"featured_media":607,"parent":0,"menu_order":0,"comment_status":"closed","ping_status":"closed","template":"","meta":{"_uag_custom_page_level_css":"","footnotes":""},"class_list":["post-56","page","type-page","status-publish","has-post-thumbnail","hentry"],"yoast_head":"<!-- This site is optimized with the Yoast SEO plugin v27.4 - https:\/\/yoast.com\/product\/yoast-seo-wordpress\/ -->\n<title>5 OPPIMISEN MAHDOLLISTAJAT - PedaStep<\/title>\n<meta name=\"robots\" content=\"index, follow, max-snippet:-1, max-image-preview:large, max-video-preview:-1\" \/>\n<link rel=\"canonical\" href=\"https:\/\/blogit.gradia.fi\/jamsapeda\/osaamisen-hankkiminen\/\" \/>\n<meta property=\"og:locale\" content=\"fi_FI\" \/>\n<meta property=\"og:type\" content=\"article\" \/>\n<meta property=\"og:title\" content=\"5 OPPIMISEN MAHDOLLISTAJAT - PedaStep\" \/>\n<meta property=\"og:description\" content=\"Sosiokonstruktivistisen oppimisk\u00e4sityksen mukaisesti oppiminen on yksil\u00f6llist\u00e4, ja se syntyy kokemuksen ja tekemisen kautta yhdess\u00e4 muiden kanssa. Olemme valinneet tiimioppimisen menetelm\u00e4ksi, koska sill\u00e4 tuemme opiskelijoiden motivaatiota eli tunnetta itsen\u00e4isyydest\u00e4, pystyvyydest\u00e4, yhteenkuuluvuudesta ja merkityksellisyydest\u00e4. Koska opiskelijat kulkevat henkil\u00f6kohtaisia opintopolkujaan, heille on eritt\u00e4in t\u00e4rke\u00e4\u00e4 osallistua my\u00f6s&nbsp;erilaisiin tiimeihin, joissa opiskelijan henkil\u00f6kohtainen&nbsp;kasvu ja kehitys ammattilaiseksi tapahtuu turvallisesti yhdess\u00e4 muiden kanssa. [&hellip;]\" \/>\n<meta property=\"og:url\" content=\"https:\/\/blogit.gradia.fi\/jamsapeda\/osaamisen-hankkiminen\/\" \/>\n<meta property=\"og:site_name\" content=\"PedaStep\" \/>\n<meta property=\"article:modified_time\" content=\"2020-09-07T13:00:14+00:00\" \/>\n<meta property=\"og:image\" content=\"https:\/\/blogit.gradia.fi\/jamsapeda\/wp-content\/uploads\/sites\/84\/2017\/06\/Jao-kuva-42.jpg\" \/>\n\t<meta property=\"og:image:width\" content=\"2560\" \/>\n\t<meta property=\"og:image:height\" content=\"1600\" \/>\n\t<meta property=\"og:image:type\" content=\"image\/jpeg\" \/>\n<meta name=\"twitter:card\" content=\"summary_large_image\" \/>\n<meta name=\"twitter:label1\" content=\"Arvioitu lukuaika\" \/>\n\t<meta name=\"twitter:data1\" content=\"5 minuuttia\" \/>\n<script type=\"application\/ld+json\" class=\"yoast-schema-graph\">{\"@context\":\"https:\\\/\\\/schema.org\",\"@graph\":[{\"@type\":\"WebPage\",\"@id\":\"https:\\\/\\\/blogit.gradia.fi\\\/jamsapeda\\\/osaamisen-hankkiminen\\\/\",\"url\":\"https:\\\/\\\/blogit.gradia.fi\\\/jamsapeda\\\/osaamisen-hankkiminen\\\/\",\"name\":\"5 OPPIMISEN MAHDOLLISTAJAT - PedaStep\",\"isPartOf\":{\"@id\":\"https:\\\/\\\/blogit.gradia.fi\\\/jamsapeda\\\/#website\"},\"primaryImageOfPage\":{\"@id\":\"https:\\\/\\\/blogit.gradia.fi\\\/jamsapeda\\\/osaamisen-hankkiminen\\\/#primaryimage\"},\"image\":{\"@id\":\"https:\\\/\\\/blogit.gradia.fi\\\/jamsapeda\\\/osaamisen-hankkiminen\\\/#primaryimage\"},\"thumbnailUrl\":\"https:\\\/\\\/blogit.gradia.fi\\\/jamsapeda\\\/wp-content\\\/uploads\\\/sites\\\/84\\\/2017\\\/06\\\/Jao-kuva-42.jpg\",\"datePublished\":\"2017-01-13T09:03:10+00:00\",\"dateModified\":\"2020-09-07T13:00:14+00:00\",\"inLanguage\":\"fi\",\"potentialAction\":[{\"@type\":\"ReadAction\",\"target\":[\"https:\\\/\\\/blogit.gradia.fi\\\/jamsapeda\\\/osaamisen-hankkiminen\\\/\"]}]},{\"@type\":\"ImageObject\",\"inLanguage\":\"fi\",\"@id\":\"https:\\\/\\\/blogit.gradia.fi\\\/jamsapeda\\\/osaamisen-hankkiminen\\\/#primaryimage\",\"url\":\"https:\\\/\\\/blogit.gradia.fi\\\/jamsapeda\\\/wp-content\\\/uploads\\\/sites\\\/84\\\/2017\\\/06\\\/Jao-kuva-42.jpg\",\"contentUrl\":\"https:\\\/\\\/blogit.gradia.fi\\\/jamsapeda\\\/wp-content\\\/uploads\\\/sites\\\/84\\\/2017\\\/06\\\/Jao-kuva-42.jpg\",\"width\":2560,\"height\":1600},{\"@type\":\"WebSite\",\"@id\":\"https:\\\/\\\/blogit.gradia.fi\\\/jamsapeda\\\/#website\",\"url\":\"https:\\\/\\\/blogit.gradia.fi\\\/jamsapeda\\\/\",\"name\":\"PedaStep\",\"description\":\"Gradia J\u00e4ms\u00e4n pedagogiset ajatukset\",\"potentialAction\":[{\"@type\":\"SearchAction\",\"target\":{\"@type\":\"EntryPoint\",\"urlTemplate\":\"https:\\\/\\\/blogit.gradia.fi\\\/jamsapeda\\\/?s={search_term_string}\"},\"query-input\":{\"@type\":\"PropertyValueSpecification\",\"valueRequired\":true,\"valueName\":\"search_term_string\"}}],\"inLanguage\":\"fi\"}]}<\/script>\n<!-- \/ Yoast SEO plugin. -->","yoast_head_json":{"title":"5 OPPIMISEN MAHDOLLISTAJAT - PedaStep","robots":{"index":"index","follow":"follow","max-snippet":"max-snippet:-1","max-image-preview":"max-image-preview:large","max-video-preview":"max-video-preview:-1"},"canonical":"https:\/\/blogit.gradia.fi\/jamsapeda\/osaamisen-hankkiminen\/","og_locale":"fi_FI","og_type":"article","og_title":"5 OPPIMISEN MAHDOLLISTAJAT - PedaStep","og_description":"Sosiokonstruktivistisen oppimisk\u00e4sityksen mukaisesti oppiminen on yksil\u00f6llist\u00e4, ja se syntyy kokemuksen ja tekemisen kautta yhdess\u00e4 muiden kanssa. Olemme valinneet tiimioppimisen menetelm\u00e4ksi, koska sill\u00e4 tuemme opiskelijoiden motivaatiota eli tunnetta itsen\u00e4isyydest\u00e4, pystyvyydest\u00e4, yhteenkuuluvuudesta ja merkityksellisyydest\u00e4. Koska opiskelijat kulkevat henkil\u00f6kohtaisia opintopolkujaan, heille on eritt\u00e4in t\u00e4rke\u00e4\u00e4 osallistua my\u00f6s&nbsp;erilaisiin tiimeihin, joissa opiskelijan henkil\u00f6kohtainen&nbsp;kasvu ja kehitys ammattilaiseksi tapahtuu turvallisesti yhdess\u00e4 muiden kanssa. [&hellip;]","og_url":"https:\/\/blogit.gradia.fi\/jamsapeda\/osaamisen-hankkiminen\/","og_site_name":"PedaStep","article_modified_time":"2020-09-07T13:00:14+00:00","og_image":[{"width":2560,"height":1600,"url":"https:\/\/blogit.gradia.fi\/jamsapeda\/wp-content\/uploads\/sites\/84\/2017\/06\/Jao-kuva-42.jpg","type":"image\/jpeg"}],"twitter_card":"summary_large_image","twitter_misc":{"Arvioitu lukuaika":"5 minuuttia"},"schema":{"@context":"https:\/\/schema.org","@graph":[{"@type":"WebPage","@id":"https:\/\/blogit.gradia.fi\/jamsapeda\/osaamisen-hankkiminen\/","url":"https:\/\/blogit.gradia.fi\/jamsapeda\/osaamisen-hankkiminen\/","name":"5 OPPIMISEN MAHDOLLISTAJAT - PedaStep","isPartOf":{"@id":"https:\/\/blogit.gradia.fi\/jamsapeda\/#website"},"primaryImageOfPage":{"@id":"https:\/\/blogit.gradia.fi\/jamsapeda\/osaamisen-hankkiminen\/#primaryimage"},"image":{"@id":"https:\/\/blogit.gradia.fi\/jamsapeda\/osaamisen-hankkiminen\/#primaryimage"},"thumbnailUrl":"https:\/\/blogit.gradia.fi\/jamsapeda\/wp-content\/uploads\/sites\/84\/2017\/06\/Jao-kuva-42.jpg","datePublished":"2017-01-13T09:03:10+00:00","dateModified":"2020-09-07T13:00:14+00:00","inLanguage":"fi","potentialAction":[{"@type":"ReadAction","target":["https:\/\/blogit.gradia.fi\/jamsapeda\/osaamisen-hankkiminen\/"]}]},{"@type":"ImageObject","inLanguage":"fi","@id":"https:\/\/blogit.gradia.fi\/jamsapeda\/osaamisen-hankkiminen\/#primaryimage","url":"https:\/\/blogit.gradia.fi\/jamsapeda\/wp-content\/uploads\/sites\/84\/2017\/06\/Jao-kuva-42.jpg","contentUrl":"https:\/\/blogit.gradia.fi\/jamsapeda\/wp-content\/uploads\/sites\/84\/2017\/06\/Jao-kuva-42.jpg","width":2560,"height":1600},{"@type":"WebSite","@id":"https:\/\/blogit.gradia.fi\/jamsapeda\/#website","url":"https:\/\/blogit.gradia.fi\/jamsapeda\/","name":"PedaStep","description":"Gradia J\u00e4ms\u00e4n pedagogiset ajatukset","potentialAction":[{"@type":"SearchAction","target":{"@type":"EntryPoint","urlTemplate":"https:\/\/blogit.gradia.fi\/jamsapeda\/?s={search_term_string}"},"query-input":{"@type":"PropertyValueSpecification","valueRequired":true,"valueName":"search_term_string"}}],"inLanguage":"fi"}]}},"uagb_featured_image_src":{"full":["https:\/\/blogit.gradia.fi\/jamsapeda\/wp-content\/uploads\/sites\/84\/2017\/06\/Jao-kuva-42.jpg",2560,1600,false],"thumbnail":["https:\/\/blogit.gradia.fi\/jamsapeda\/wp-content\/uploads\/sites\/84\/2017\/06\/Jao-kuva-42-150x150.jpg",150,150,true],"medium":["https:\/\/blogit.gradia.fi\/jamsapeda\/wp-content\/uploads\/sites\/84\/2017\/06\/Jao-kuva-42-300x188.jpg",300,188,true],"medium_large":["https:\/\/blogit.gradia.fi\/jamsapeda\/wp-content\/uploads\/sites\/84\/2017\/06\/Jao-kuva-42-768x480.jpg",625,391,true],"large":["https:\/\/blogit.gradia.fi\/jamsapeda\/wp-content\/uploads\/sites\/84\/2017\/06\/Jao-kuva-42-1024x640.jpg",625,391,true],"1536x1536":["https:\/\/blogit.gradia.fi\/jamsapeda\/wp-content\/uploads\/sites\/84\/2017\/06\/Jao-kuva-42.jpg",1536,960,false],"2048x2048":["https:\/\/blogit.gradia.fi\/jamsapeda\/wp-content\/uploads\/sites\/84\/2017\/06\/Jao-kuva-42.jpg",2048,1280,false],"post-thumbnail":["https:\/\/blogit.gradia.fi\/jamsapeda\/wp-content\/uploads\/sites\/84\/2017\/06\/Jao-kuva-42-624x390.jpg",624,390,true]},"uagb_author_info":{"display_name":"Katriina Turunen","author_link":"https:\/\/blogit.gradia.fi\/jamsapeda\/author\/huttukat\/"},"uagb_comment_info":0,"uagb_excerpt":"Sosiokonstruktivistisen oppimisk\u00e4sityksen mukaisesti oppiminen on yksil\u00f6llist\u00e4, ja se syntyy kokemuksen ja tekemisen kautta yhdess\u00e4 muiden kanssa. Olemme valinneet tiimioppimisen menetelm\u00e4ksi, koska sill\u00e4 tuemme opiskelijoiden motivaatiota eli tunnetta itsen\u00e4isyydest\u00e4, pystyvyydest\u00e4, yhteenkuuluvuudesta ja merkityksellisyydest\u00e4. Koska opiskelijat kulkevat henkil\u00f6kohtaisia opintopolkujaan, heille on eritt\u00e4in t\u00e4rke\u00e4\u00e4 osallistua my\u00f6s&nbsp;erilaisiin tiimeihin, joissa opiskelijan henkil\u00f6kohtainen&nbsp;kasvu ja kehitys ammattilaiseksi tapahtuu turvallisesti yhdess\u00e4 muiden kanssa.&hellip;","_links":{"self":[{"href":"https:\/\/blogit.gradia.fi\/jamsapeda\/wp-json\/wp\/v2\/pages\/56","targetHints":{"allow":["GET"]}}],"collection":[{"href":"https:\/\/blogit.gradia.fi\/jamsapeda\/wp-json\/wp\/v2\/pages"}],"about":[{"href":"https:\/\/blogit.gradia.fi\/jamsapeda\/wp-json\/wp\/v2\/types\/page"}],"author":[{"embeddable":true,"href":"https:\/\/blogit.gradia.fi\/jamsapeda\/wp-json\/wp\/v2\/users\/180"}],"replies":[{"embeddable":true,"href":"https:\/\/blogit.gradia.fi\/jamsapeda\/wp-json\/wp\/v2\/comments?post=56"}],"version-history":[{"count":2,"href":"https:\/\/blogit.gradia.fi\/jamsapeda\/wp-json\/wp\/v2\/pages\/56\/revisions"}],"predecessor-version":[{"id":849,"href":"https:\/\/blogit.gradia.fi\/jamsapeda\/wp-json\/wp\/v2\/pages\/56\/revisions\/849"}],"wp:featuredmedia":[{"embeddable":true,"href":"https:\/\/blogit.gradia.fi\/jamsapeda\/wp-json\/wp\/v2\/media\/607"}],"wp:attachment":[{"href":"https:\/\/blogit.gradia.fi\/jamsapeda\/wp-json\/wp\/v2\/media?parent=56"}],"curies":[{"name":"wp","href":"https:\/\/api.w.org\/{rel}","templated":true}]}}