{"id":53,"date":"2017-01-13T11:02:18","date_gmt":"2017-01-13T09:02:18","guid":{"rendered":"https:\/\/blogit.gradia.fi\/jamsapeda\/?page_id=53"},"modified":"2021-03-01T14:19:10","modified_gmt":"2021-03-01T12:19:10","slug":"pedagoginen-johtaminen","status":"publish","type":"page","link":"https:\/\/blogit.gradia.fi\/jamsapeda\/pedagoginen-johtaminen\/","title":{"rendered":"3 PEDAGOGINEN JOHTAMINEN"},"content":{"rendered":"<p><span style=\"color: #000000\">Pedagogista johtajuutta tukevat yhteiset toimintatavat. Meill\u00e4 pedagogisen johtamisen teht\u00e4v\u00e4n\u00e4 on varmistaa oppimissis\u00e4lt\u00f6jen ja\u00a0-menetelmien sek\u00e4 oppimisymp\u00e4rist\u00f6jen ajantasaisuus ja\u00a0ty\u00f6el\u00e4m\u00e4vastaavuus sek\u00e4 oppimista ohjaavan henkil\u00f6st\u00f6n osaaminen ja toiminnan lainmukaisuus.<\/span><\/p>\n<p><span style=\"color: #000000\">Pedagogisen johtajan roolissa ovat arjessa kaikki esimies- ja kehitt\u00e4misty\u00f6t\u00e4 tekev\u00e4t\u00a0sek\u00e4 opettajat suhteessa opiskelijoihin.\u00a0Kaikki toimivat vaihtelevasti eri rooleissa osallistuessaan\u00a0ty\u00f6ryhmien ja tiimien toimintaan. <\/span><\/p>\n<p><span style=\"color: #000000\">Toiminnan kehitt\u00e4misen kannalta on olennaista johtamisresurssien keskitt\u00e4minen pedagogiseen johtamiseen. T\u00e4rke\u00e4ss\u00e4 roolissa kaikkien toimintojen jalkauttamisessa ovat l\u00e4hiesimiehet.\u00a0Pedagoginen johtajuus edellytt\u00e4\u00e4 my\u00f6s uudenlaista rohkeaa ajattelua yhteistoiminnallisesta tekemisest\u00e4, mik\u00e4\u00a0on mahdollista aidossa vuorovaikutuksessa, riitt\u00e4vill\u00e4 aikaresursseilla ja toiminnan arvioinnilla. <\/span><\/p>\n<p><span style=\"color: #ff0000\"><span style=\"color: #000000\">Pedagogisen toiminnan johtaminen on keskeinen osa laadunhallinnan kokonaisuutta.\u00a0Lis\u00e4tietoa pedagogisesta johtamisesta:<\/span><\/span><\/p>\n<p><span style=\"color: #ff0000\"><span style=\"color: #000000\"><a href=\"https:\/\/blogit.gradia.fi\/jamsapeda\/wp-content\/uploads\/sites\/84\/2017\/02\/Katselmus.pdf\">Pedagogisen johtamisen katselmus<\/a><br \/>\n<a href=\"http:\/\/www.amke.fi\/media\/julkaisuja\/kartta-pedagogisen-toiminnan-johtamiseen.pdf\" target=\"_blank\" rel=\"noopener noreferrer\">Lis\u00e4tietoa pedagogisesta johtamisesta.<\/a><\/span><\/span><img loading=\"lazy\" decoding=\"async\" class=\"size-medium wp-image-592 alignright\" src=\"https:\/\/blogit.gradia.fi\/jamsapeda\/wp-content\/uploads\/sites\/84\/2017\/06\/Jao-kuva-7-31-300x296.jpg\" alt=\"\" width=\"300\" height=\"296\" srcset=\"https:\/\/blogit.gradia.fi\/jamsapeda\/wp-content\/uploads\/sites\/84\/2017\/06\/Jao-kuva-7-31-300x296.jpg 300w, https:\/\/blogit.gradia.fi\/jamsapeda\/wp-content\/uploads\/sites\/84\/2017\/06\/Jao-kuva-7-31-768x757.jpg 768w, https:\/\/blogit.gradia.fi\/jamsapeda\/wp-content\/uploads\/sites\/84\/2017\/06\/Jao-kuva-7-31-1024x1010.jpg 1024w, https:\/\/blogit.gradia.fi\/jamsapeda\/wp-content\/uploads\/sites\/84\/2017\/06\/Jao-kuva-7-31-624x615.jpg 624w, https:\/\/blogit.gradia.fi\/jamsapeda\/wp-content\/uploads\/sites\/84\/2017\/06\/Jao-kuva-7-31.jpg 1506w\" sizes=\"auto, (max-width: 300px) 100vw, 300px\" \/><\/p>\n<h2 style=\"text-align: left\"><span style=\"color: #000000\">Strategia ymm\u00e4rrett\u00e4v\u00e4ksi<\/span><\/h2>\n<p><span style=\"color: #ff0000\"><span style=\"color: #000000\">Jyv\u00e4skyl\u00e4n koulutuskuntayhtym\u00e4ss\u00e4 on luotu strategiset kehitystavoitteet toiminnalle. N\u00e4iden pohjalta muunnamme vuosittain strategiset suunnitelmat toimiviksi k\u00e4yt\u00e4nn\u00f6iksi.<\/span><br \/>\n<\/span><\/p>\n<p><img loading=\"lazy\" decoding=\"async\" class=\"wp-image-815 size-large\" src=\"https:\/\/blogit.gradia.fi\/jamsapeda\/wp-content\/uploads\/sites\/84\/2020\/05\/gradia-uusi-yhdessa_-kuva-tiivis-05022020-1024x576.jpg\" alt=\"\" width=\"625\" height=\"352\" srcset=\"https:\/\/blogit.gradia.fi\/jamsapeda\/wp-content\/uploads\/sites\/84\/2020\/05\/gradia-uusi-yhdessa_-kuva-tiivis-05022020-1024x576.jpg 1024w, https:\/\/blogit.gradia.fi\/jamsapeda\/wp-content\/uploads\/sites\/84\/2020\/05\/gradia-uusi-yhdessa_-kuva-tiivis-05022020-300x169.jpg 300w, https:\/\/blogit.gradia.fi\/jamsapeda\/wp-content\/uploads\/sites\/84\/2020\/05\/gradia-uusi-yhdessa_-kuva-tiivis-05022020-768x432.jpg 768w, https:\/\/blogit.gradia.fi\/jamsapeda\/wp-content\/uploads\/sites\/84\/2020\/05\/gradia-uusi-yhdessa_-kuva-tiivis-05022020-1536x864.jpg 1536w, https:\/\/blogit.gradia.fi\/jamsapeda\/wp-content\/uploads\/sites\/84\/2020\/05\/gradia-uusi-yhdessa_-kuva-tiivis-05022020-624x351.jpg 624w, https:\/\/blogit.gradia.fi\/jamsapeda\/wp-content\/uploads\/sites\/84\/2020\/05\/gradia-uusi-yhdessa_-kuva-tiivis-05022020.jpg 1920w\" sizes=\"auto, (max-width: 625px) 100vw, 625px\" \/><\/p>\n<p>Gradian strategia Uusi yhdess\u00e4 2020+<\/p>\n<p><span style=\"color: #000000\">Pid\u00e4mme strategiaa johtamisen oppaana. Ajattelemme, ett\u00e4 johdon perusteht\u00e4v\u00e4n\u00e4 on johtaa, selkeytt\u00e4\u00e4 ja fokusoida strategia meille kaikille ymm\u00e4rrett\u00e4v\u00e4ksi sek\u00e4 varmistaa toteutus k\u00e4yt\u00e4nn\u00f6n tasolla. T\u00e4rke\u00e4ss\u00e4 roolissa t\u00e4ss\u00e4 ovat muun muassa Veturitiimi, kehitt\u00e4misp\u00e4iv\u00e4t ja systemaattinen toiminnallisten tavoitteiden toteutumisen arviointi.<\/span><\/p>\n<h2><span style=\"color: #000000\">Strategia k\u00e4yt\u00e4nn\u00f6ss\u00e4<\/span><\/h2>\n<p>Pedagoginen johtaminen koostuu monista osa-alueista ja ydinprosesseista. Sit\u00e4 jaetaan useille eri tahoille.\u00a0Meill\u00e4 jokaisella on omat vastuumme ja roolimme ( taulukko alla).<\/p>\n<div id=\"attachment_719\" style=\"width: 1290px\" class=\"wp-caption alignnone\"><img loading=\"lazy\" decoding=\"async\" aria-describedby=\"caption-attachment-719\" class=\"wp-image-719 size-full\" src=\"https:\/\/blogit.gradia.fi\/jamsapeda\/wp-content\/uploads\/sites\/84\/2017\/08\/prosessit.jpg\" alt=\"\" width=\"1280\" height=\"720\" srcset=\"https:\/\/blogit.gradia.fi\/jamsapeda\/wp-content\/uploads\/sites\/84\/2017\/08\/prosessit.jpg 1280w, https:\/\/blogit.gradia.fi\/jamsapeda\/wp-content\/uploads\/sites\/84\/2017\/08\/prosessit-300x169.jpg 300w, https:\/\/blogit.gradia.fi\/jamsapeda\/wp-content\/uploads\/sites\/84\/2017\/08\/prosessit-768x432.jpg 768w, https:\/\/blogit.gradia.fi\/jamsapeda\/wp-content\/uploads\/sites\/84\/2017\/08\/prosessit-1024x576.jpg 1024w, https:\/\/blogit.gradia.fi\/jamsapeda\/wp-content\/uploads\/sites\/84\/2017\/08\/prosessit-624x351.jpg 624w\" sizes=\"auto, (max-width: 1280px) 100vw, 1280px\" \/><p id=\"caption-attachment-719\" class=\"wp-caption-text\">Pedagogisen johtamisen ydinprosessit.<\/p><\/div>\n<h2 style=\"text-align: left\"><span style=\"color: #000000\">Organisaatiomalli pedagogisen johtamisen toteuttamiselle<\/span><\/h2>\n<p><a href=\"https:\/\/www.gradia.fi\/gradia\/jyvaskylan-koulutuskuntayhtyma-gradia\/organisaatio\" target=\"_blank\" rel=\"noopener noreferrer\">Matriisiorganisaatio<\/a> perustuu ristikk\u00e4isohjaukseen. Matriisissa on linjaesimies ja toiminnon esimies. Yhdistelm\u00e4 tuottaa monijohtajuutta. Kyseess\u00e4 on vaativa malli, joka edellytt\u00e4\u00e4 yhteisymm\u00e4rryst\u00e4 ja yhteisty\u00f6t\u00e4\u00a0kaikkien toimijoiden kesken.<\/p>\n<p>Kehitt\u00e4minen ja <a href=\"https:\/\/www.gradia.fi\/hankkeet\">hankkeet<\/a> ovat merkitt\u00e4v\u00e4ss\u00e4 roolissa pedagogisessa johtamisessa. Niiden avulla johdetaan pedagogisia prosesseja ja vahvistetaan henkil\u00f6st\u00f6n osaamista. Hankkeiden keski\u00f6ss\u00e4 ovat:<\/p>\n<ul>\n<li>Pedagogiikka ja opintopolut<\/li>\n<li>Ty\u00f6el\u00e4m\u00e4yhteisty\u00f6 ja yritt\u00e4jyys<\/li>\n<li>Ohjaus ja osallisuus<\/li>\n<li>Kansainv\u00e4lisyys ja monikulttuurisuus<\/li>\n<\/ul>\n","protected":false},"excerpt":{"rendered":"<p>Pedagogista johtajuutta tukevat yhteiset toimintatavat. Meill\u00e4 pedagogisen johtamisen teht\u00e4v\u00e4n\u00e4 on varmistaa oppimissis\u00e4lt\u00f6jen ja\u00a0-menetelmien sek\u00e4 oppimisymp\u00e4rist\u00f6jen ajantasaisuus ja\u00a0ty\u00f6el\u00e4m\u00e4vastaavuus sek\u00e4 oppimista ohjaavan henkil\u00f6st\u00f6n osaaminen ja toiminnan lainmukaisuus. Pedagogisen johtajan roolissa ovat arjessa kaikki esimies- ja kehitt\u00e4misty\u00f6t\u00e4 tekev\u00e4t\u00a0sek\u00e4 opettajat suhteessa opiskelijoihin.\u00a0Kaikki toimivat vaihtelevasti eri rooleissa osallistuessaan\u00a0ty\u00f6ryhmien ja tiimien toimintaan. Toiminnan kehitt\u00e4misen kannalta on olennaista johtamisresurssien keskitt\u00e4minen pedagogiseen johtamiseen. [&hellip;]<\/p>\n","protected":false},"author":180,"featured_media":606,"parent":0,"menu_order":0,"comment_status":"closed","ping_status":"closed","template":"","meta":{"_uag_custom_page_level_css":"","footnotes":""},"class_list":["post-53","page","type-page","status-publish","has-post-thumbnail","hentry"],"yoast_head":"<!-- This site is optimized with the Yoast SEO plugin v27.3 - https:\/\/yoast.com\/product\/yoast-seo-wordpress\/ -->\n<title>3 PEDAGOGINEN JOHTAMINEN - PedaStep<\/title>\n<meta name=\"robots\" content=\"index, follow, max-snippet:-1, max-image-preview:large, max-video-preview:-1\" \/>\n<link rel=\"canonical\" href=\"https:\/\/blogit.gradia.fi\/jamsapeda\/pedagoginen-johtaminen\/\" \/>\n<meta property=\"og:locale\" content=\"fi_FI\" \/>\n<meta property=\"og:type\" content=\"article\" \/>\n<meta property=\"og:title\" content=\"3 PEDAGOGINEN JOHTAMINEN - PedaStep\" \/>\n<meta property=\"og:description\" content=\"Pedagogista johtajuutta tukevat yhteiset toimintatavat. Meill\u00e4 pedagogisen johtamisen teht\u00e4v\u00e4n\u00e4 on varmistaa oppimissis\u00e4lt\u00f6jen ja\u00a0-menetelmien sek\u00e4 oppimisymp\u00e4rist\u00f6jen ajantasaisuus ja\u00a0ty\u00f6el\u00e4m\u00e4vastaavuus sek\u00e4 oppimista ohjaavan henkil\u00f6st\u00f6n osaaminen ja toiminnan lainmukaisuus. Pedagogisen johtajan roolissa ovat arjessa kaikki esimies- ja kehitt\u00e4misty\u00f6t\u00e4 tekev\u00e4t\u00a0sek\u00e4 opettajat suhteessa opiskelijoihin.\u00a0Kaikki toimivat vaihtelevasti eri rooleissa osallistuessaan\u00a0ty\u00f6ryhmien ja tiimien toimintaan. Toiminnan kehitt\u00e4misen kannalta on olennaista johtamisresurssien keskitt\u00e4minen pedagogiseen johtamiseen. [&hellip;]\" \/>\n<meta property=\"og:url\" content=\"https:\/\/blogit.gradia.fi\/jamsapeda\/pedagoginen-johtaminen\/\" \/>\n<meta property=\"og:site_name\" content=\"PedaStep\" \/>\n<meta property=\"article:modified_time\" content=\"2021-03-01T12:19:10+00:00\" \/>\n<meta property=\"og:image\" content=\"https:\/\/blogit.gradia.fi\/jamsapeda\/wp-content\/uploads\/sites\/84\/2017\/06\/Jao-kuva-32.jpg\" \/>\n\t<meta property=\"og:image:width\" content=\"2560\" \/>\n\t<meta property=\"og:image:height\" content=\"1600\" \/>\n\t<meta property=\"og:image:type\" content=\"image\/jpeg\" \/>\n<meta name=\"twitter:card\" content=\"summary_large_image\" \/>\n<meta name=\"twitter:label1\" content=\"Arvioitu lukuaika\" \/>\n\t<meta name=\"twitter:data1\" content=\"2 minuuttia\" \/>\n<script type=\"application\/ld+json\" class=\"yoast-schema-graph\">{\"@context\":\"https:\\\/\\\/schema.org\",\"@graph\":[{\"@type\":\"WebPage\",\"@id\":\"https:\\\/\\\/blogit.gradia.fi\\\/jamsapeda\\\/pedagoginen-johtaminen\\\/\",\"url\":\"https:\\\/\\\/blogit.gradia.fi\\\/jamsapeda\\\/pedagoginen-johtaminen\\\/\",\"name\":\"3 PEDAGOGINEN JOHTAMINEN - PedaStep\",\"isPartOf\":{\"@id\":\"https:\\\/\\\/blogit.gradia.fi\\\/jamsapeda\\\/#website\"},\"primaryImageOfPage\":{\"@id\":\"https:\\\/\\\/blogit.gradia.fi\\\/jamsapeda\\\/pedagoginen-johtaminen\\\/#primaryimage\"},\"image\":{\"@id\":\"https:\\\/\\\/blogit.gradia.fi\\\/jamsapeda\\\/pedagoginen-johtaminen\\\/#primaryimage\"},\"thumbnailUrl\":\"https:\\\/\\\/blogit.gradia.fi\\\/jamsapeda\\\/wp-content\\\/uploads\\\/sites\\\/84\\\/2017\\\/06\\\/Jao-kuva-32.jpg\",\"datePublished\":\"2017-01-13T09:02:18+00:00\",\"dateModified\":\"2021-03-01T12:19:10+00:00\",\"inLanguage\":\"fi\",\"potentialAction\":[{\"@type\":\"ReadAction\",\"target\":[\"https:\\\/\\\/blogit.gradia.fi\\\/jamsapeda\\\/pedagoginen-johtaminen\\\/\"]}]},{\"@type\":\"ImageObject\",\"inLanguage\":\"fi\",\"@id\":\"https:\\\/\\\/blogit.gradia.fi\\\/jamsapeda\\\/pedagoginen-johtaminen\\\/#primaryimage\",\"url\":\"https:\\\/\\\/blogit.gradia.fi\\\/jamsapeda\\\/wp-content\\\/uploads\\\/sites\\\/84\\\/2017\\\/06\\\/Jao-kuva-32.jpg\",\"contentUrl\":\"https:\\\/\\\/blogit.gradia.fi\\\/jamsapeda\\\/wp-content\\\/uploads\\\/sites\\\/84\\\/2017\\\/06\\\/Jao-kuva-32.jpg\",\"width\":2560,\"height\":1600},{\"@type\":\"WebSite\",\"@id\":\"https:\\\/\\\/blogit.gradia.fi\\\/jamsapeda\\\/#website\",\"url\":\"https:\\\/\\\/blogit.gradia.fi\\\/jamsapeda\\\/\",\"name\":\"PedaStep\",\"description\":\"Gradia J\u00e4ms\u00e4n pedagogiset ajatukset\",\"potentialAction\":[{\"@type\":\"SearchAction\",\"target\":{\"@type\":\"EntryPoint\",\"urlTemplate\":\"https:\\\/\\\/blogit.gradia.fi\\\/jamsapeda\\\/?s={search_term_string}\"},\"query-input\":{\"@type\":\"PropertyValueSpecification\",\"valueRequired\":true,\"valueName\":\"search_term_string\"}}],\"inLanguage\":\"fi\"}]}<\/script>\n<!-- \/ Yoast SEO plugin. -->","yoast_head_json":{"title":"3 PEDAGOGINEN JOHTAMINEN - PedaStep","robots":{"index":"index","follow":"follow","max-snippet":"max-snippet:-1","max-image-preview":"max-image-preview:large","max-video-preview":"max-video-preview:-1"},"canonical":"https:\/\/blogit.gradia.fi\/jamsapeda\/pedagoginen-johtaminen\/","og_locale":"fi_FI","og_type":"article","og_title":"3 PEDAGOGINEN JOHTAMINEN - PedaStep","og_description":"Pedagogista johtajuutta tukevat yhteiset toimintatavat. Meill\u00e4 pedagogisen johtamisen teht\u00e4v\u00e4n\u00e4 on varmistaa oppimissis\u00e4lt\u00f6jen ja\u00a0-menetelmien sek\u00e4 oppimisymp\u00e4rist\u00f6jen ajantasaisuus ja\u00a0ty\u00f6el\u00e4m\u00e4vastaavuus sek\u00e4 oppimista ohjaavan henkil\u00f6st\u00f6n osaaminen ja toiminnan lainmukaisuus. Pedagogisen johtajan roolissa ovat arjessa kaikki esimies- ja kehitt\u00e4misty\u00f6t\u00e4 tekev\u00e4t\u00a0sek\u00e4 opettajat suhteessa opiskelijoihin.\u00a0Kaikki toimivat vaihtelevasti eri rooleissa osallistuessaan\u00a0ty\u00f6ryhmien ja tiimien toimintaan. Toiminnan kehitt\u00e4misen kannalta on olennaista johtamisresurssien keskitt\u00e4minen pedagogiseen johtamiseen. [&hellip;]","og_url":"https:\/\/blogit.gradia.fi\/jamsapeda\/pedagoginen-johtaminen\/","og_site_name":"PedaStep","article_modified_time":"2021-03-01T12:19:10+00:00","og_image":[{"width":2560,"height":1600,"url":"https:\/\/blogit.gradia.fi\/jamsapeda\/wp-content\/uploads\/sites\/84\/2017\/06\/Jao-kuva-32.jpg","type":"image\/jpeg"}],"twitter_card":"summary_large_image","twitter_misc":{"Arvioitu lukuaika":"2 minuuttia"},"schema":{"@context":"https:\/\/schema.org","@graph":[{"@type":"WebPage","@id":"https:\/\/blogit.gradia.fi\/jamsapeda\/pedagoginen-johtaminen\/","url":"https:\/\/blogit.gradia.fi\/jamsapeda\/pedagoginen-johtaminen\/","name":"3 PEDAGOGINEN JOHTAMINEN - PedaStep","isPartOf":{"@id":"https:\/\/blogit.gradia.fi\/jamsapeda\/#website"},"primaryImageOfPage":{"@id":"https:\/\/blogit.gradia.fi\/jamsapeda\/pedagoginen-johtaminen\/#primaryimage"},"image":{"@id":"https:\/\/blogit.gradia.fi\/jamsapeda\/pedagoginen-johtaminen\/#primaryimage"},"thumbnailUrl":"https:\/\/blogit.gradia.fi\/jamsapeda\/wp-content\/uploads\/sites\/84\/2017\/06\/Jao-kuva-32.jpg","datePublished":"2017-01-13T09:02:18+00:00","dateModified":"2021-03-01T12:19:10+00:00","inLanguage":"fi","potentialAction":[{"@type":"ReadAction","target":["https:\/\/blogit.gradia.fi\/jamsapeda\/pedagoginen-johtaminen\/"]}]},{"@type":"ImageObject","inLanguage":"fi","@id":"https:\/\/blogit.gradia.fi\/jamsapeda\/pedagoginen-johtaminen\/#primaryimage","url":"https:\/\/blogit.gradia.fi\/jamsapeda\/wp-content\/uploads\/sites\/84\/2017\/06\/Jao-kuva-32.jpg","contentUrl":"https:\/\/blogit.gradia.fi\/jamsapeda\/wp-content\/uploads\/sites\/84\/2017\/06\/Jao-kuva-32.jpg","width":2560,"height":1600},{"@type":"WebSite","@id":"https:\/\/blogit.gradia.fi\/jamsapeda\/#website","url":"https:\/\/blogit.gradia.fi\/jamsapeda\/","name":"PedaStep","description":"Gradia J\u00e4ms\u00e4n pedagogiset ajatukset","potentialAction":[{"@type":"SearchAction","target":{"@type":"EntryPoint","urlTemplate":"https:\/\/blogit.gradia.fi\/jamsapeda\/?s={search_term_string}"},"query-input":{"@type":"PropertyValueSpecification","valueRequired":true,"valueName":"search_term_string"}}],"inLanguage":"fi"}]}},"uagb_featured_image_src":{"full":["https:\/\/blogit.gradia.fi\/jamsapeda\/wp-content\/uploads\/sites\/84\/2017\/06\/Jao-kuva-32.jpg",2560,1600,false],"thumbnail":["https:\/\/blogit.gradia.fi\/jamsapeda\/wp-content\/uploads\/sites\/84\/2017\/06\/Jao-kuva-32-150x150.jpg",150,150,true],"medium":["https:\/\/blogit.gradia.fi\/jamsapeda\/wp-content\/uploads\/sites\/84\/2017\/06\/Jao-kuva-32-300x188.jpg",300,188,true],"medium_large":["https:\/\/blogit.gradia.fi\/jamsapeda\/wp-content\/uploads\/sites\/84\/2017\/06\/Jao-kuva-32-768x480.jpg",625,391,true],"large":["https:\/\/blogit.gradia.fi\/jamsapeda\/wp-content\/uploads\/sites\/84\/2017\/06\/Jao-kuva-32-1024x640.jpg",625,391,true],"1536x1536":["https:\/\/blogit.gradia.fi\/jamsapeda\/wp-content\/uploads\/sites\/84\/2017\/06\/Jao-kuva-32.jpg",1536,960,false],"2048x2048":["https:\/\/blogit.gradia.fi\/jamsapeda\/wp-content\/uploads\/sites\/84\/2017\/06\/Jao-kuva-32.jpg",2048,1280,false],"post-thumbnail":["https:\/\/blogit.gradia.fi\/jamsapeda\/wp-content\/uploads\/sites\/84\/2017\/06\/Jao-kuva-32-624x390.jpg",624,390,true]},"uagb_author_info":{"display_name":"Katriina Turunen","author_link":"https:\/\/blogit.gradia.fi\/jamsapeda\/author\/huttukat\/"},"uagb_comment_info":0,"uagb_excerpt":"Pedagogista johtajuutta tukevat yhteiset toimintatavat. Meill\u00e4 pedagogisen johtamisen teht\u00e4v\u00e4n\u00e4 on varmistaa oppimissis\u00e4lt\u00f6jen ja\u00a0-menetelmien sek\u00e4 oppimisymp\u00e4rist\u00f6jen ajantasaisuus ja\u00a0ty\u00f6el\u00e4m\u00e4vastaavuus sek\u00e4 oppimista ohjaavan henkil\u00f6st\u00f6n osaaminen ja toiminnan lainmukaisuus. Pedagogisen johtajan roolissa ovat arjessa kaikki esimies- ja kehitt\u00e4misty\u00f6t\u00e4 tekev\u00e4t\u00a0sek\u00e4 opettajat suhteessa opiskelijoihin.\u00a0Kaikki toimivat vaihtelevasti eri rooleissa osallistuessaan\u00a0ty\u00f6ryhmien ja tiimien toimintaan. Toiminnan kehitt\u00e4misen kannalta on olennaista johtamisresurssien keskitt\u00e4minen pedagogiseen johtamiseen.&hellip;","_links":{"self":[{"href":"https:\/\/blogit.gradia.fi\/jamsapeda\/wp-json\/wp\/v2\/pages\/53","targetHints":{"allow":["GET"]}}],"collection":[{"href":"https:\/\/blogit.gradia.fi\/jamsapeda\/wp-json\/wp\/v2\/pages"}],"about":[{"href":"https:\/\/blogit.gradia.fi\/jamsapeda\/wp-json\/wp\/v2\/types\/page"}],"author":[{"embeddable":true,"href":"https:\/\/blogit.gradia.fi\/jamsapeda\/wp-json\/wp\/v2\/users\/180"}],"replies":[{"embeddable":true,"href":"https:\/\/blogit.gradia.fi\/jamsapeda\/wp-json\/wp\/v2\/comments?post=53"}],"version-history":[{"count":8,"href":"https:\/\/blogit.gradia.fi\/jamsapeda\/wp-json\/wp\/v2\/pages\/53\/revisions"}],"predecessor-version":[{"id":857,"href":"https:\/\/blogit.gradia.fi\/jamsapeda\/wp-json\/wp\/v2\/pages\/53\/revisions\/857"}],"wp:featuredmedia":[{"embeddable":true,"href":"https:\/\/blogit.gradia.fi\/jamsapeda\/wp-json\/wp\/v2\/media\/606"}],"wp:attachment":[{"href":"https:\/\/blogit.gradia.fi\/jamsapeda\/wp-json\/wp\/v2\/media?parent=53"}],"curies":[{"name":"wp","href":"https:\/\/api.w.org\/{rel}","templated":true}]}}