{"id":150,"date":"2017-01-31T08:51:11","date_gmt":"2017-01-31T06:51:11","guid":{"rendered":"https:\/\/blogit.gradia.fi\/jamsapeda\/?page_id=150"},"modified":"2020-09-07T16:01:12","modified_gmt":"2020-09-07T13:01:12","slug":"hyvinvoivat-oppimisymparistot","status":"publish","type":"page","link":"https:\/\/blogit.gradia.fi\/jamsapeda\/hyvinvoivat-oppimisymparistot\/","title":{"rendered":"4 HYVINVOIVAT OPPIMISYMP\u00c4RIST\u00d6T"},"content":{"rendered":"<p>Oppimisymp\u00e4rist\u00f6jen hyvinvointi on kokonaisuus, johon vaikuttavat ihmiset, asenteet, ajatukset, rajat ja rakkaus.&nbsp;Ajattelemme, ett\u00e4 pienill\u00e4 teoilla on suuret vaikutukset kaikkien hyvinvointiin. Hyvinvoinnin takana on suunnitelmallinen ja toimiva tiimim\u00e4inen yhteisty\u00f6 ja toimintatapa. Voimme jokainen edist\u00e4\u00e4 ja vaikuttaa omalta osaltamme hyvinvoivien oppimisymp\u00e4rist\u00f6jen luomiseen ja s\u00e4ilytt\u00e4miseen.<\/p>\n<div id=\"attachment_226\" style=\"width: 1495px\" class=\"wp-caption aligncenter\"><a href=\"https:\/\/blogit.gradia.fi\/jamsapeda\/wp-content\/uploads\/sites\/84\/2017\/02\/Hyvinvoivan.png\" target=\"_blank\" rel=\"noopener noreferrer\"><img loading=\"lazy\" decoding=\"async\" aria-describedby=\"caption-attachment-226\" class=\"wp-image-226 size-full\" src=\"https:\/\/blogit.gradia.fi\/jamsapeda\/wp-content\/uploads\/sites\/84\/2017\/02\/Hyvinvoivan.png\" alt=\"Hyvinvoivan oppimisymp\u00e4rist\u00f6n elementit.\" width=\"1485\" height=\"1114\" srcset=\"https:\/\/blogit.gradia.fi\/jamsapeda\/wp-content\/uploads\/sites\/84\/2017\/02\/Hyvinvoivan.png 1485w, https:\/\/blogit.gradia.fi\/jamsapeda\/wp-content\/uploads\/sites\/84\/2017\/02\/Hyvinvoivan-300x225.png 300w, https:\/\/blogit.gradia.fi\/jamsapeda\/wp-content\/uploads\/sites\/84\/2017\/02\/Hyvinvoivan-768x576.png 768w, https:\/\/blogit.gradia.fi\/jamsapeda\/wp-content\/uploads\/sites\/84\/2017\/02\/Hyvinvoivan-1024x768.png 1024w, https:\/\/blogit.gradia.fi\/jamsapeda\/wp-content\/uploads\/sites\/84\/2017\/02\/Hyvinvoivan-624x468.png 624w\" sizes=\"auto, (max-width: 1485px) 100vw, 1485px\" \/><\/a><p id=\"caption-attachment-226\" class=\"wp-caption-text\">Hyvinvoivan oppimisymp\u00e4rist\u00f6n peruselementtej\u00e4 (mukaillen Amis hyvin, kaikki hyvin 2015).<\/p><\/div>\n<p>Gradia J\u00e4ms\u00e4n oppimisymp\u00e4rist\u00f6t ja -menetelm\u00e4t&nbsp;ovat monimuotoisia, ja ne mahdollistavat opiskelijan ja opettajan osaamisen kehittymisen.&nbsp;Opiskelija valitsee ne tukemaan henkil\u00f6kohtaisia tavoitteitaan. Mahdollisuuksia tarjoavat useat erilaiset oppimisymp\u00e4rist\u00f6t: oppilaitos, yritykset, organisaatiot, osuuskunnat, NY-yritykset, pop-upit sek\u00e4 verkkoymp\u00e4rist\u00f6t.<\/p>\n<p>Ajattelemme, ett\u00e4 opiskelijoiden hyvinvointia tukevat asianmukaiset tilat, hyv\u00e4 ruoka ja saatavilla olevat opiskelija- ja ohjauspalvelut (esimerkiksi oppimisenohjaajat, erityisopettajat, kuraattori, psykologi, opinto-ohjaajat ja opintosihteerit). Huolehdimme oppimisymp\u00e4rist\u00f6jen siisteydest\u00e4 ja ty\u00f6turvallisuudesta yhdess\u00e4. Tiimim\u00e4inen ty\u00f6skentely tukee opiskelijoiden yhteis\u00f6llisyytt\u00e4, osallisuutta ja hyvinvointia. Vahvistamme hyvinvointia erilaisilla toimintafoorumeilla ja yhteisill\u00e4 tapaamisilla&nbsp;sek\u00e4 opiskelijoilta ja ty\u00f6el\u00e4m\u00e4lt\u00e4 ker\u00e4tyn palautteen avulla.<\/p>\n<p>Oppimisymp\u00e4rist\u00f6\u00e4 voi arvioida esimerkiksi seuraavien materiaalien avulla:<br \/>\n<a href=\"https:\/\/arjenarkki.fi\/tyokalut\/hyvinvoivan-oppimisympariston-tarkistuslista\">Hyvinvoivan oppimisymp\u00e4rist\u00f6n tarkistuslista<\/a><br \/>\n<span style=\"color: #ff0000\"><a href=\"http:\/\/www.keskuspuisto.fi\/doc\/esitteet\/Hyvinvoiva-oppilaitos--toimintamalli.pdf\">Hyvinvoiva oppilaitos -toimintamalli.<\/a><\/span><\/p>\n<h2 style=\"text-align: left\"><strong>Ty\u00f6valtaiset oppimisymp\u00e4rist\u00f6t<\/strong><\/h2>\n<p>Kaikki, mik\u00e4 voidaan oppia ty\u00f6el\u00e4m\u00e4ss\u00e4, opitaan siell\u00e4.&nbsp;Loput opiskellaan ty\u00f6el\u00e4m\u00e4l\u00e4ht\u00f6isesti&nbsp;oppilaitoksen oppimisymp\u00e4rist\u00f6iss\u00e4 opiskelijan osaamistarpeen mukaisesti. T\u00e4m\u00e4 vaatii jatkuvaa kehitysty\u00f6t\u00e4 ty\u00f6el\u00e4m\u00e4n kanssa. Ty\u00f6el\u00e4m\u00e4jaksojen pidentyess\u00e4 opettajan rooli monipuolistuu. Keskeist\u00e4 roolissa on opiskelijan osaamisesta huolehtiminen (osaamisen hankkiminen, osaamisen kehittymist\u00e4 edist\u00e4v\u00e4t oppimisymp\u00e4rist\u00f6t ja osaamisen kehittymisen seuranta). Opettajasta kehittyy ohjaava valmentaja tiiviiss\u00e4 yhteisty\u00f6ss\u00e4 ty\u00f6paikkaohjaajien ja opiskelijoiden kanssa.&nbsp; <span style=\"color: #33cccc\">&#8221;<em><strong>Tavoitteena taito, ylpe\u00e4sti ammattilainen&#8221;<\/strong><\/em><\/span><\/p>\n<p><strong>Yritt\u00e4jyyden opinnot&nbsp;<\/strong>toteutetaan monialaisella tiimioppimisen mallilla. T\u00e4ll\u00e4 mallilla varmistetaan vahva perusta yritt\u00e4j\u00e4m\u00e4iselle otteelle ja yritt\u00e4jyydelle. Yritt\u00e4jyyden opinnot voivat olla&nbsp;ammatillisia tutkinnon osia&nbsp;tai&nbsp;yhteisten tutkinnon osien osa-alueita. Opiskelija voi&nbsp;hankkia yritt\u00e4jyysosaamista&nbsp;osuuskunta Pegosuksen j\u00e4senen\u00e4 (t\u00e4ysi-ik\u00e4iset) harjoittamalla omaa yritystoimintaansa asiakast\u00f6iss\u00e4, osuuskunnan treeneiss\u00e4&nbsp;ja monialaisissa tiimeiss\u00e4. NY Vuosi Yritt\u00e4j\u00e4n\u00e4 -ohjelmassa opiskelijat (17<span style=\"color: #000000;font-family: Calibri;font-size: medium\">\u2500<\/span>25 vuotiaat) perustavat yrityksen lukuvuoden ajaksi ja harjoittavat yritystoimintaa&nbsp;oikeille asiakkaille tuotteita ja palveluita tarjoten.<\/p>\n<p>Ohjaavan opettajan rooli yritt\u00e4jyyden&nbsp;oppimisymp\u00e4rist\u00f6iss\u00e4 on ohjata ja tukea opiskelijakeskeist\u00e4, k\u00e4yt\u00e4nn\u00f6nl\u00e4heist\u00e4 tekemist\u00e4 ja yritt\u00e4j\u00e4m\u00e4ist\u00e4 otetta ammatillisessa kehittymisess\u00e4. Opiskelijoiden valmentaminen on tiimity\u00f6skentely\u00e4 yhdess\u00e4 yritt\u00e4jyyden ohjaajien, opinto-ohjaajan ja opiskelijoiden kanssa. Opettaja kannustaa opiskelijoita ideointiin, oman osaamisensa tuotteistamiseen ja uusiin opiskelun tapoihin. Valmentajien&nbsp;v\u00e4linen vertaisvalmennus on toisilta oppimista my\u00f6s opettajien ty\u00f6ss\u00e4.<\/p>\n<p>LINKKI: <a href=\"https:\/\/www.gradia.fi\/yrittajyys\"><span style=\"color: #0066cc\">Yritt\u00e4jyys <\/span><\/a><\/p>\n<p><strong>Kansainv\u00e4lisyys<\/strong>asioita hoitavat kansainv\u00e4listen asioiden yhteysopettajat. Kansainv\u00e4lisyys n\u00e4kyy opiskelijoiden opinnoissa mahdollisuutena suorittaa ty\u00f6ss\u00e4oppiminen kansainv\u00e4lisiss\u00e4 oppimisymp\u00e4rist\u00f6iss\u00e4. Tavallisimmin kyse on 6<span style=\"color: #000000;font-family: Calibri;font-size: medium\">\u2500<\/span>8 viikon jaksosta, mutta se&nbsp;voi olla lyhyempikin. Ulkomailla toteutuvan ty\u00f6paikalla tapahtuvan oppimisen yhteydess\u00e4 on&nbsp;mahdollisuus&nbsp;tehd\u00e4&nbsp;n\u00e4ytt\u00f6 joko&nbsp;oman alan tutkinnon osista tai alan ty\u00f6teht\u00e4viss\u00e4 toimiminen ulkomailla -tutkinnon osasta. Kaikki kansainv\u00e4lisyysjaksolle l\u00e4htev\u00e4t k\u00e4yv\u00e4t kansainv\u00e4lisyysvalmennuksen.<img loading=\"lazy\" decoding=\"async\" class=\"size-medium wp-image-598 alignright\" src=\"https:\/\/blogit.gradia.fi\/jamsapeda\/wp-content\/uploads\/sites\/84\/2017\/01\/Jao-kuva-7-41-300x296.jpg\" alt=\"\" width=\"300\" height=\"296\" srcset=\"https:\/\/blogit.gradia.fi\/jamsapeda\/wp-content\/uploads\/sites\/84\/2017\/01\/Jao-kuva-7-41-300x296.jpg 300w, https:\/\/blogit.gradia.fi\/jamsapeda\/wp-content\/uploads\/sites\/84\/2017\/01\/Jao-kuva-7-41-768x758.jpg 768w, https:\/\/blogit.gradia.fi\/jamsapeda\/wp-content\/uploads\/sites\/84\/2017\/01\/Jao-kuva-7-41-1024x1011.jpg 1024w, https:\/\/blogit.gradia.fi\/jamsapeda\/wp-content\/uploads\/sites\/84\/2017\/01\/Jao-kuva-7-41-624x616.jpg 624w, https:\/\/blogit.gradia.fi\/jamsapeda\/wp-content\/uploads\/sites\/84\/2017\/01\/Jao-kuva-7-41.jpg 1443w\" sizes=\"auto, (max-width: 300px) 100vw, 300px\" \/><\/p>\n<p>Kansainv\u00e4liset ty\u00f6paikalla tapahtuvan oppimisen paikat l\u00f6ytyv\u00e4t joko Gradian kumppanuuskouluverkoston tai opiskelijan itsens\u00e4 hankkimana. Uuden ty\u00f6paikan soveltuvuus&nbsp;voidaan varmistaa ennakkok\u00e4ynnill\u00e4&nbsp;tai ohjaajan ohjaus- ja arviointik\u00e4ynnill\u00e4 jakson aikana. T\u00e4ll\u00f6in opettajalla on my\u00f6s mahdollisuus tutustua paikalliseen koulu- ja ty\u00f6kulttuuriin.<\/p>\n<p>LINKKI:&nbsp;<a href=\"https:\/\/www.gradia.fi\/kansainvalistyminen-opintojen-aikana\" target=\"_blank\" rel=\"noopener noreferrer\"><span style=\"color: #0066cc\">Kansainv\u00e4lisyys opintojen aikana<\/span><\/a><\/p>\n<p>Jokaisella opiskelijalla on mahdollisuus kansainv\u00e4lisyysopintoihin kolmiportaisen kansainv\u00e4lisyyskoulu-mallin avulla, jonka perustana on kotikansainv\u00e4lisyys.<\/p>\n<div id=\"attachment_328\" style=\"width: 652px\" class=\"wp-caption aligncenter\"><a href=\"https:\/\/blogit.gradia.fi\/jamsapeda\/kv\/\"><img loading=\"lazy\" decoding=\"async\" aria-describedby=\"caption-attachment-328\" class=\"size-full wp-image-328\" src=\"https:\/\/blogit.gradia.fi\/jamsapeda\/wp-content\/uploads\/sites\/84\/2017\/02\/KV.png\" alt=\"\" width=\"642\" height=\"395\" srcset=\"https:\/\/blogit.gradia.fi\/jamsapeda\/wp-content\/uploads\/sites\/84\/2017\/02\/KV.png 642w, https:\/\/blogit.gradia.fi\/jamsapeda\/wp-content\/uploads\/sites\/84\/2017\/02\/KV-300x185.png 300w, https:\/\/blogit.gradia.fi\/jamsapeda\/wp-content\/uploads\/sites\/84\/2017\/02\/KV-624x384.png 624w\" sizes=\"auto, (max-width: 642px) 100vw, 642px\" \/><\/a><p id=\"caption-attachment-328\" class=\"wp-caption-text\">Kansainv\u00e4lisyyden rakentuminen.<\/p><\/div>\n<h2>Teknologia tukemassa erilaisia oppimisymp\u00e4rist\u00f6j\u00e4<\/h2>\n<p>Pedagogisesti hyvin toteutettuna teknologia mahdollistaa opiskelijalle yksil\u00f6llisen opintopolun. Oppimisymp\u00e4rist\u00f6t monipuolistuvat ja siksi&nbsp;kokeilemme ja arvioimme&nbsp;erilaisia v\u00e4lineit\u00e4 ja menetelmi\u00e4 jatkuvasti. T\u00e4ll\u00e4 hetkell\u00e4 keskeist\u00e4 on l\u00f6yt\u00e4\u00e4 sopivia v\u00e4lineit\u00e4 osaamisen dokumentointiin ja yhteydenpitoon opiskelijoiden ja ty\u00f6el\u00e4m\u00e4n suuntaan.<\/p>\n<p>Opiskelijat perehdytet\u00e4\u00e4n opiskelun alussa s\u00e4hk\u00f6isiin oppimisymp\u00e4rist\u00f6ihin. My\u00f6s jatkuvan haun kautta tulevat opiskelijat saavat perehdytyksen. Opiskelijat harjaannuttavat taitojaan jatkuvasti arjessa osana opiskeluaan. Henkil\u00f6st\u00f6lle on tarjolla r\u00e4\u00e4t\u00e4l\u00f6ity\u00e4 koulutusta&nbsp; teknologiaan ja sen k\u00e4ytt\u00f6\u00f6n. Lis\u00e4ksi e-tutorit auttavat henkil\u00f6st\u00f6\u00e4 uusien v\u00e4lineiden ja ohjelmien k\u00e4ytt\u00f6\u00f6notossa.<\/p>\n<p>Oppimisen mahdollisuuksia on tarjolla ymp\u00e4ri vuorokauden vuoden jokaisena p\u00e4iv\u00e4n\u00e4. <span style=\"color: #33cccc\"><em><strong>&#8221;Tieto on kaikille avointa ja saatavilla&#8221;<\/strong><\/em><\/span><\/p>\n<p><span style=\"color: #ff0000\">&nbsp;<\/span><\/p>\n<div id=\"attachment_668\" style=\"width: 635px\" class=\"wp-caption alignleft\"><a href=\"https:\/\/blogit.gradia.fi\/jamsapeda\/some-jpg\/\" target=\"_blank\" rel=\"noopener noreferrer\"><img loading=\"lazy\" decoding=\"async\" aria-describedby=\"caption-attachment-668\" class=\"wp-image-668 size-large\" src=\"https:\/\/blogit.gradia.fi\/jamsapeda\/wp-content\/uploads\/sites\/84\/2017\/06\/some.jpg-1024x677.png\" alt=\"\" width=\"625\" height=\"413\" srcset=\"https:\/\/blogit.gradia.fi\/jamsapeda\/wp-content\/uploads\/sites\/84\/2017\/06\/some.jpg-1024x677.png 1024w, https:\/\/blogit.gradia.fi\/jamsapeda\/wp-content\/uploads\/sites\/84\/2017\/06\/some.jpg-300x198.png 300w, https:\/\/blogit.gradia.fi\/jamsapeda\/wp-content\/uploads\/sites\/84\/2017\/06\/some.jpg-768x508.png 768w, https:\/\/blogit.gradia.fi\/jamsapeda\/wp-content\/uploads\/sites\/84\/2017\/06\/some.jpg-624x413.png 624w, https:\/\/blogit.gradia.fi\/jamsapeda\/wp-content\/uploads\/sites\/84\/2017\/06\/some.jpg.png 1465w\" sizes=\"auto, (max-width: 625px) 100vw, 625px\" \/><\/a><p id=\"caption-attachment-668\" class=\"wp-caption-text\">Digitalisaatio opiskelijan n\u00e4k\u00f6kulmasta (mukaillen Olander. Sometek).<\/p><\/div>\n<p>Lis\u00e4luettavaa aiheesta: <a href=\"https:\/\/702010opitaanyhdessa.wordpress.com\/2015\/11\/06\/70-20-10-opas-meille-kaikille-oppimisesta-tyoelamassa\/\">Opas meille kaikille oppimisesta ty\u00f6el\u00e4m\u00e4ss\u00e4 2015.<\/a><\/p>\n","protected":false},"excerpt":{"rendered":"<p>Oppimisymp\u00e4rist\u00f6jen hyvinvointi on kokonaisuus, johon vaikuttavat ihmiset, asenteet, ajatukset, rajat ja rakkaus.&nbsp;Ajattelemme, ett\u00e4 pienill\u00e4 teoilla on suuret vaikutukset kaikkien hyvinvointiin. Hyvinvoinnin takana on suunnitelmallinen ja toimiva tiimim\u00e4inen yhteisty\u00f6 ja toimintatapa. Voimme jokainen edist\u00e4\u00e4 ja vaikuttaa omalta osaltamme hyvinvoivien oppimisymp\u00e4rist\u00f6jen luomiseen ja s\u00e4ilytt\u00e4miseen. Gradia J\u00e4ms\u00e4n oppimisymp\u00e4rist\u00f6t ja -menetelm\u00e4t&nbsp;ovat monimuotoisia, ja ne mahdollistavat opiskelijan ja opettajan osaamisen [&hellip;]<\/p>\n","protected":false},"author":180,"featured_media":691,"parent":0,"menu_order":0,"comment_status":"closed","ping_status":"closed","template":"","meta":{"_uag_custom_page_level_css":"","footnotes":""},"class_list":["post-150","page","type-page","status-publish","has-post-thumbnail","hentry"],"yoast_head":"<!-- This site is optimized with the Yoast SEO plugin v27.3 - https:\/\/yoast.com\/product\/yoast-seo-wordpress\/ -->\n<title>4 HYVINVOIVAT OPPIMISYMP\u00c4RIST\u00d6T - PedaStep<\/title>\n<meta name=\"robots\" content=\"index, follow, max-snippet:-1, max-image-preview:large, max-video-preview:-1\" \/>\n<link rel=\"canonical\" href=\"https:\/\/blogit.gradia.fi\/jamsapeda\/hyvinvoivat-oppimisymparistot\/\" \/>\n<meta property=\"og:locale\" content=\"fi_FI\" \/>\n<meta property=\"og:type\" content=\"article\" \/>\n<meta property=\"og:title\" content=\"4 HYVINVOIVAT OPPIMISYMP\u00c4RIST\u00d6T - PedaStep\" \/>\n<meta property=\"og:description\" content=\"Oppimisymp\u00e4rist\u00f6jen hyvinvointi on kokonaisuus, johon vaikuttavat ihmiset, asenteet, ajatukset, rajat ja rakkaus.&nbsp;Ajattelemme, ett\u00e4 pienill\u00e4 teoilla on suuret vaikutukset kaikkien hyvinvointiin. Hyvinvoinnin takana on suunnitelmallinen ja toimiva tiimim\u00e4inen yhteisty\u00f6 ja toimintatapa. Voimme jokainen edist\u00e4\u00e4 ja vaikuttaa omalta osaltamme hyvinvoivien oppimisymp\u00e4rist\u00f6jen luomiseen ja s\u00e4ilytt\u00e4miseen. Gradia J\u00e4ms\u00e4n oppimisymp\u00e4rist\u00f6t ja -menetelm\u00e4t&nbsp;ovat monimuotoisia, ja ne mahdollistavat opiskelijan ja opettajan osaamisen [&hellip;]\" \/>\n<meta property=\"og:url\" content=\"https:\/\/blogit.gradia.fi\/jamsapeda\/hyvinvoivat-oppimisymparistot\/\" \/>\n<meta property=\"og:site_name\" content=\"PedaStep\" \/>\n<meta property=\"article:modified_time\" content=\"2020-09-07T13:01:12+00:00\" \/>\n<meta property=\"og:image\" content=\"https:\/\/blogit.gradia.fi\/jamsapeda\/wp-content\/uploads\/sites\/84\/2017\/01\/Jao-kuva-84.jpg\" \/>\n\t<meta property=\"og:image:width\" content=\"2560\" \/>\n\t<meta property=\"og:image:height\" content=\"1600\" \/>\n\t<meta property=\"og:image:type\" content=\"image\/jpeg\" \/>\n<meta name=\"twitter:card\" content=\"summary_large_image\" \/>\n<meta name=\"twitter:label1\" content=\"Arvioitu lukuaika\" \/>\n\t<meta name=\"twitter:data1\" content=\"4 minuuttia\" \/>\n<script type=\"application\/ld+json\" class=\"yoast-schema-graph\">{\"@context\":\"https:\\\/\\\/schema.org\",\"@graph\":[{\"@type\":\"WebPage\",\"@id\":\"https:\\\/\\\/blogit.gradia.fi\\\/jamsapeda\\\/hyvinvoivat-oppimisymparistot\\\/\",\"url\":\"https:\\\/\\\/blogit.gradia.fi\\\/jamsapeda\\\/hyvinvoivat-oppimisymparistot\\\/\",\"name\":\"4 HYVINVOIVAT OPPIMISYMP\u00c4RIST\u00d6T - PedaStep\",\"isPartOf\":{\"@id\":\"https:\\\/\\\/blogit.gradia.fi\\\/jamsapeda\\\/#website\"},\"primaryImageOfPage\":{\"@id\":\"https:\\\/\\\/blogit.gradia.fi\\\/jamsapeda\\\/hyvinvoivat-oppimisymparistot\\\/#primaryimage\"},\"image\":{\"@id\":\"https:\\\/\\\/blogit.gradia.fi\\\/jamsapeda\\\/hyvinvoivat-oppimisymparistot\\\/#primaryimage\"},\"thumbnailUrl\":\"https:\\\/\\\/blogit.gradia.fi\\\/jamsapeda\\\/wp-content\\\/uploads\\\/sites\\\/84\\\/2017\\\/01\\\/Jao-kuva-84.jpg\",\"datePublished\":\"2017-01-31T06:51:11+00:00\",\"dateModified\":\"2020-09-07T13:01:12+00:00\",\"inLanguage\":\"fi\",\"potentialAction\":[{\"@type\":\"ReadAction\",\"target\":[\"https:\\\/\\\/blogit.gradia.fi\\\/jamsapeda\\\/hyvinvoivat-oppimisymparistot\\\/\"]}]},{\"@type\":\"ImageObject\",\"inLanguage\":\"fi\",\"@id\":\"https:\\\/\\\/blogit.gradia.fi\\\/jamsapeda\\\/hyvinvoivat-oppimisymparistot\\\/#primaryimage\",\"url\":\"https:\\\/\\\/blogit.gradia.fi\\\/jamsapeda\\\/wp-content\\\/uploads\\\/sites\\\/84\\\/2017\\\/01\\\/Jao-kuva-84.jpg\",\"contentUrl\":\"https:\\\/\\\/blogit.gradia.fi\\\/jamsapeda\\\/wp-content\\\/uploads\\\/sites\\\/84\\\/2017\\\/01\\\/Jao-kuva-84.jpg\",\"width\":2560,\"height\":1600},{\"@type\":\"WebSite\",\"@id\":\"https:\\\/\\\/blogit.gradia.fi\\\/jamsapeda\\\/#website\",\"url\":\"https:\\\/\\\/blogit.gradia.fi\\\/jamsapeda\\\/\",\"name\":\"PedaStep\",\"description\":\"Gradia J\u00e4ms\u00e4n pedagogiset ajatukset\",\"potentialAction\":[{\"@type\":\"SearchAction\",\"target\":{\"@type\":\"EntryPoint\",\"urlTemplate\":\"https:\\\/\\\/blogit.gradia.fi\\\/jamsapeda\\\/?s={search_term_string}\"},\"query-input\":{\"@type\":\"PropertyValueSpecification\",\"valueRequired\":true,\"valueName\":\"search_term_string\"}}],\"inLanguage\":\"fi\"}]}<\/script>\n<!-- \/ Yoast SEO plugin. -->","yoast_head_json":{"title":"4 HYVINVOIVAT OPPIMISYMP\u00c4RIST\u00d6T - PedaStep","robots":{"index":"index","follow":"follow","max-snippet":"max-snippet:-1","max-image-preview":"max-image-preview:large","max-video-preview":"max-video-preview:-1"},"canonical":"https:\/\/blogit.gradia.fi\/jamsapeda\/hyvinvoivat-oppimisymparistot\/","og_locale":"fi_FI","og_type":"article","og_title":"4 HYVINVOIVAT OPPIMISYMP\u00c4RIST\u00d6T - PedaStep","og_description":"Oppimisymp\u00e4rist\u00f6jen hyvinvointi on kokonaisuus, johon vaikuttavat ihmiset, asenteet, ajatukset, rajat ja rakkaus.&nbsp;Ajattelemme, ett\u00e4 pienill\u00e4 teoilla on suuret vaikutukset kaikkien hyvinvointiin. Hyvinvoinnin takana on suunnitelmallinen ja toimiva tiimim\u00e4inen yhteisty\u00f6 ja toimintatapa. Voimme jokainen edist\u00e4\u00e4 ja vaikuttaa omalta osaltamme hyvinvoivien oppimisymp\u00e4rist\u00f6jen luomiseen ja s\u00e4ilytt\u00e4miseen. Gradia J\u00e4ms\u00e4n oppimisymp\u00e4rist\u00f6t ja -menetelm\u00e4t&nbsp;ovat monimuotoisia, ja ne mahdollistavat opiskelijan ja opettajan osaamisen [&hellip;]","og_url":"https:\/\/blogit.gradia.fi\/jamsapeda\/hyvinvoivat-oppimisymparistot\/","og_site_name":"PedaStep","article_modified_time":"2020-09-07T13:01:12+00:00","og_image":[{"width":2560,"height":1600,"url":"https:\/\/blogit.gradia.fi\/jamsapeda\/wp-content\/uploads\/sites\/84\/2017\/01\/Jao-kuva-84.jpg","type":"image\/jpeg"}],"twitter_card":"summary_large_image","twitter_misc":{"Arvioitu lukuaika":"4 minuuttia"},"schema":{"@context":"https:\/\/schema.org","@graph":[{"@type":"WebPage","@id":"https:\/\/blogit.gradia.fi\/jamsapeda\/hyvinvoivat-oppimisymparistot\/","url":"https:\/\/blogit.gradia.fi\/jamsapeda\/hyvinvoivat-oppimisymparistot\/","name":"4 HYVINVOIVAT OPPIMISYMP\u00c4RIST\u00d6T - PedaStep","isPartOf":{"@id":"https:\/\/blogit.gradia.fi\/jamsapeda\/#website"},"primaryImageOfPage":{"@id":"https:\/\/blogit.gradia.fi\/jamsapeda\/hyvinvoivat-oppimisymparistot\/#primaryimage"},"image":{"@id":"https:\/\/blogit.gradia.fi\/jamsapeda\/hyvinvoivat-oppimisymparistot\/#primaryimage"},"thumbnailUrl":"https:\/\/blogit.gradia.fi\/jamsapeda\/wp-content\/uploads\/sites\/84\/2017\/01\/Jao-kuva-84.jpg","datePublished":"2017-01-31T06:51:11+00:00","dateModified":"2020-09-07T13:01:12+00:00","inLanguage":"fi","potentialAction":[{"@type":"ReadAction","target":["https:\/\/blogit.gradia.fi\/jamsapeda\/hyvinvoivat-oppimisymparistot\/"]}]},{"@type":"ImageObject","inLanguage":"fi","@id":"https:\/\/blogit.gradia.fi\/jamsapeda\/hyvinvoivat-oppimisymparistot\/#primaryimage","url":"https:\/\/blogit.gradia.fi\/jamsapeda\/wp-content\/uploads\/sites\/84\/2017\/01\/Jao-kuva-84.jpg","contentUrl":"https:\/\/blogit.gradia.fi\/jamsapeda\/wp-content\/uploads\/sites\/84\/2017\/01\/Jao-kuva-84.jpg","width":2560,"height":1600},{"@type":"WebSite","@id":"https:\/\/blogit.gradia.fi\/jamsapeda\/#website","url":"https:\/\/blogit.gradia.fi\/jamsapeda\/","name":"PedaStep","description":"Gradia J\u00e4ms\u00e4n pedagogiset ajatukset","potentialAction":[{"@type":"SearchAction","target":{"@type":"EntryPoint","urlTemplate":"https:\/\/blogit.gradia.fi\/jamsapeda\/?s={search_term_string}"},"query-input":{"@type":"PropertyValueSpecification","valueRequired":true,"valueName":"search_term_string"}}],"inLanguage":"fi"}]}},"uagb_featured_image_src":{"full":["https:\/\/blogit.gradia.fi\/jamsapeda\/wp-content\/uploads\/sites\/84\/2017\/01\/Jao-kuva-84.jpg",2560,1600,false],"thumbnail":["https:\/\/blogit.gradia.fi\/jamsapeda\/wp-content\/uploads\/sites\/84\/2017\/01\/Jao-kuva-84-150x150.jpg",150,150,true],"medium":["https:\/\/blogit.gradia.fi\/jamsapeda\/wp-content\/uploads\/sites\/84\/2017\/01\/Jao-kuva-84-300x188.jpg",300,188,true],"medium_large":["https:\/\/blogit.gradia.fi\/jamsapeda\/wp-content\/uploads\/sites\/84\/2017\/01\/Jao-kuva-84-768x480.jpg",625,391,true],"large":["https:\/\/blogit.gradia.fi\/jamsapeda\/wp-content\/uploads\/sites\/84\/2017\/01\/Jao-kuva-84-1024x640.jpg",625,391,true],"1536x1536":["https:\/\/blogit.gradia.fi\/jamsapeda\/wp-content\/uploads\/sites\/84\/2017\/01\/Jao-kuva-84.jpg",1536,960,false],"2048x2048":["https:\/\/blogit.gradia.fi\/jamsapeda\/wp-content\/uploads\/sites\/84\/2017\/01\/Jao-kuva-84.jpg",2048,1280,false],"post-thumbnail":["https:\/\/blogit.gradia.fi\/jamsapeda\/wp-content\/uploads\/sites\/84\/2017\/01\/Jao-kuva-84-624x390.jpg",624,390,true]},"uagb_author_info":{"display_name":"Katriina Turunen","author_link":"https:\/\/blogit.gradia.fi\/jamsapeda\/author\/huttukat\/"},"uagb_comment_info":0,"uagb_excerpt":"Oppimisymp\u00e4rist\u00f6jen hyvinvointi on kokonaisuus, johon vaikuttavat ihmiset, asenteet, ajatukset, rajat ja rakkaus.&nbsp;Ajattelemme, ett\u00e4 pienill\u00e4 teoilla on suuret vaikutukset kaikkien hyvinvointiin. Hyvinvoinnin takana on suunnitelmallinen ja toimiva tiimim\u00e4inen yhteisty\u00f6 ja toimintatapa. Voimme jokainen edist\u00e4\u00e4 ja vaikuttaa omalta osaltamme hyvinvoivien oppimisymp\u00e4rist\u00f6jen luomiseen ja s\u00e4ilytt\u00e4miseen. Gradia J\u00e4ms\u00e4n oppimisymp\u00e4rist\u00f6t ja -menetelm\u00e4t&nbsp;ovat monimuotoisia, ja ne mahdollistavat opiskelijan ja opettajan osaamisen&hellip;","_links":{"self":[{"href":"https:\/\/blogit.gradia.fi\/jamsapeda\/wp-json\/wp\/v2\/pages\/150","targetHints":{"allow":["GET"]}}],"collection":[{"href":"https:\/\/blogit.gradia.fi\/jamsapeda\/wp-json\/wp\/v2\/pages"}],"about":[{"href":"https:\/\/blogit.gradia.fi\/jamsapeda\/wp-json\/wp\/v2\/types\/page"}],"author":[{"embeddable":true,"href":"https:\/\/blogit.gradia.fi\/jamsapeda\/wp-json\/wp\/v2\/users\/180"}],"replies":[{"embeddable":true,"href":"https:\/\/blogit.gradia.fi\/jamsapeda\/wp-json\/wp\/v2\/comments?post=150"}],"version-history":[{"count":7,"href":"https:\/\/blogit.gradia.fi\/jamsapeda\/wp-json\/wp\/v2\/pages\/150\/revisions"}],"predecessor-version":[{"id":850,"href":"https:\/\/blogit.gradia.fi\/jamsapeda\/wp-json\/wp\/v2\/pages\/150\/revisions\/850"}],"wp:featuredmedia":[{"embeddable":true,"href":"https:\/\/blogit.gradia.fi\/jamsapeda\/wp-json\/wp\/v2\/media\/691"}],"wp:attachment":[{"href":"https:\/\/blogit.gradia.fi\/jamsapeda\/wp-json\/wp\/v2\/media?parent=150"}],"curies":[{"name":"wp","href":"https:\/\/api.w.org\/{rel}","templated":true}]}}