{"id":131,"date":"2017-01-24T10:27:20","date_gmt":"2017-01-24T08:27:20","guid":{"rendered":"https:\/\/blogit.gradia.fi\/jamsapeda\/?page_id=131"},"modified":"2022-03-30T09:50:39","modified_gmt":"2022-03-30T06:50:39","slug":"lahteet","status":"publish","type":"page","link":"https:\/\/blogit.gradia.fi\/jamsapeda\/lahteet\/","title":{"rendered":"TY\u00d6T\u00c4MME EDIST\u00c4NEET"},"content":{"rendered":"<h5>Olemme<strong> kiitollisia kaikille prosessiin osallistuneille ja prosessin jatkuvuutta ja kehitt\u00e4mist\u00e4 vauhdittaa lis\u00e4\u00e4\u00a0koulutukseen tulevat\u00a0muutokset. Ajatuksia on vaihdettu\u00a0ja keskusteluja k\u00e4yty\u00a0matkan varrella\u00a0ja erilaisissa verkostoissa pedagogiikasta kiinnostuneiden ja innostuneiden henkil\u00f6iden kanssa. Jatkamme mielell\u00e4mme keskustelua&#8230;<\/strong><\/h5>\n<p>Ahlmanin tiimioppimisen mallista: <a href=\"https:\/\/v2.tiimiakatemia.com\/underground\/ahlman-luovuuden-rohkeuden-taidon-ja-yrittajyyden-osaamispuisto\/\">https:\/\/v2.tiimiakatemia.com\/underground\/ahlman-luovuuden-rohkeuden-taidon-ja-yrittajyyden-osaamispuisto\/<\/a><\/p>\n<p>Ammattiosaamisen kehitt\u00e4misyhti\u00f6 AMKE Oy. 2011-2012. Kartta pedagogisen toiminnan johtamiseen.\u00a0Saatavilla: <a href=\"http:\/\/www.amke.fi\/media\/julkaisuja\/kartta-pedagogisen-toiminnan-johtamiseen.pdf\"><span style=\"color: #0066cc\">http:\/\/www.amke.fi\/media\/julkaisuja\/kartta-pedagogisen-toiminnan-johtamiseen.pdf<\/span><\/a><\/p>\n<p>Berner, A-S., Laaksolahti, H. &amp; Kopola, R. (toim.). 2015. Maa, jossa kaikki rakastavat oppimista. Sitra.\u00a0Saatavilla: <a href=\"http:\/\/www.sitra.fi\/julkaisu\/2015\/maa-jossa-kaikki-rakastavat-oppimista\"><span style=\"color: #0066cc\">http:\/\/www.sitra.fi\/julkaisu\/2015\/maa-jossa-kaikki-rakastavat-oppimista<\/span><\/a><\/p>\n<p>Ehk\u00e4isev\u00e4 p\u00e4ihdety\u00f6 EHYT ry:n materiaalit. Saatavilla:\u00a0<a href=\"https:\/\/ehyt.fi\/tyokalut-ja-materiaalit\/\">https:\/\/ehyt.fi\/tyokalut-ja-materiaalit\/<\/a><\/p>\n<p>Helsingin kaupungin opetusvirasto\/CoCos -hanke. 2106. Valmennus osaamisperusteisuuden kehitt\u00e4misess\u00e4. Saatavilla:<a href=\"http:\/\/docplayer.fi\/39033776-V-a-l-m-e-n-n-u-s-osaamisperusteisuuden-kehittamisessa.html\"><span style=\"color: #0066cc\">http:\/\/docplayer.fi\/39033776-V-a-l-m-e-n-n-u-s-osaamisperusteisuuden-kehittamisessa.html<\/span><\/a><b><\/b><i><\/i><u><\/u><\/p>\n<p>Kauma, T., Niss\u00e9n-Feldt, M., Penttil\u00e4, E, Raatikainen, S. &amp; Siikaniemi, L. 2015. 70-20-10. Opitaan yhdess\u00e4. Opas meille kaikille oppimisesta ty\u00f6el\u00e4m\u00e4ss\u00e4. 70-20-10 Opitaan yhdess\u00e4-hanke.\u00a0Saatavilla:<a href=\"https:\/\/www.salpaus.fi\/wp-content\/uploads\/2018\/03\/70-20-10-opitaan-yhdessa-opas-2017-CC.pdf\"> https:\/\/www.salpaus.fi\/wp-content\/uploads\/2018\/03\/70-20-10-opitaan-yhdessa-opas-2017-CC.pdf<\/a><\/p>\n<p>Tiimiakatemia Underground. Saatavilla:<a href=\"http:\/\/tiimiakatemia.com\/underground\/\"> http:\/\/tiimiakatemia.com\/underground\/<\/a><\/p>\n<p>Tiimioppien tiimiyritt\u00e4j\u00e4n\u00e4. Saatavilla: <a href=\"https:\/\/docplayer.fi\/25350869-Tiimioppien-tiimiyrittajana-oppimisen-iloa-ja-rohkeutta-osaamista-oikeasti-yrittamalla.html\">https:\/\/docplayer.fi\/25350869-Tiimioppien-tiimiyrittajana-oppimisen-iloa-ja-rohkeutta-osaamista-oikeasti-yrittamalla.html<\/a><\/p>\n<p>Toivanen, H. 2013. Kaverijohtamisen visuaalinen innostuskirja.\u00a0Jyv\u00e4skyl\u00e4n ammattikorkeakoulu. Saatavilla: <a href=\"http:\/\/pellervo.fi\/wp-content\/uploads\/2013\/11\/kaverijohtamisen-visuaalinen-innostuskirj.pdf\">http:\/\/pellervo.fi\/wp-content\/uploads\/2013\/11\/kaverijohtamisen-visuaalinen-innostuskirj.pdf<\/a><\/p>\n<p>Blogin piirretyt kuvat: Hanne Sepp\u00e4l\u00e4<\/p>\n<p><!--more--><\/p>\n<p><!--more--><\/p>\n","protected":false},"excerpt":{"rendered":"<p>Olemme kiitollisia kaikille prosessiin osallistuneille ja prosessin jatkuvuutta ja kehitt\u00e4mist\u00e4 vauhdittaa lis\u00e4\u00e4\u00a0koulutukseen tulevat\u00a0muutokset. Ajatuksia on vaihdettu\u00a0ja keskusteluja k\u00e4yty\u00a0matkan varrella\u00a0ja erilaisissa verkostoissa pedagogiikasta kiinnostuneiden ja innostuneiden henkil\u00f6iden kanssa. Jatkamme mielell\u00e4mme keskustelua&#8230; Ahlmanin tiimioppimisen mallista: https:\/\/v2.tiimiakatemia.com\/underground\/ahlman-luovuuden-rohkeuden-taidon-ja-yrittajyyden-osaamispuisto\/ Ammattiosaamisen kehitt\u00e4misyhti\u00f6 AMKE Oy. 2011-2012. Kartta pedagogisen toiminnan johtamiseen.\u00a0Saatavilla: http:\/\/www.amke.fi\/media\/julkaisuja\/kartta-pedagogisen-toiminnan-johtamiseen.pdf Berner, A-S., Laaksolahti, H. &amp; Kopola, R. (toim.). 2015. Maa, jossa [&hellip;]<\/p>\n","protected":false},"author":180,"featured_media":0,"parent":0,"menu_order":0,"comment_status":"closed","ping_status":"closed","template":"","meta":{"_uag_custom_page_level_css":"","footnotes":""},"class_list":["post-131","page","type-page","status-publish","hentry"],"yoast_head":"<!-- This site is optimized with the Yoast SEO plugin v27.4 - https:\/\/yoast.com\/product\/yoast-seo-wordpress\/ -->\n<title>TY\u00d6T\u00c4MME EDIST\u00c4NEET - PedaStep<\/title>\n<meta name=\"robots\" content=\"index, follow, max-snippet:-1, max-image-preview:large, max-video-preview:-1\" \/>\n<link rel=\"canonical\" href=\"https:\/\/blogit.gradia.fi\/jamsapeda\/lahteet\/\" \/>\n<meta property=\"og:locale\" content=\"fi_FI\" \/>\n<meta property=\"og:type\" content=\"article\" \/>\n<meta property=\"og:title\" content=\"TY\u00d6T\u00c4MME EDIST\u00c4NEET - PedaStep\" \/>\n<meta property=\"og:description\" content=\"Olemme kiitollisia kaikille prosessiin osallistuneille ja prosessin jatkuvuutta ja kehitt\u00e4mist\u00e4 vauhdittaa lis\u00e4\u00e4\u00a0koulutukseen tulevat\u00a0muutokset. Ajatuksia on vaihdettu\u00a0ja keskusteluja k\u00e4yty\u00a0matkan varrella\u00a0ja erilaisissa verkostoissa pedagogiikasta kiinnostuneiden ja innostuneiden henkil\u00f6iden kanssa. Jatkamme mielell\u00e4mme keskustelua&#8230; Ahlmanin tiimioppimisen mallista: https:\/\/v2.tiimiakatemia.com\/underground\/ahlman-luovuuden-rohkeuden-taidon-ja-yrittajyyden-osaamispuisto\/ Ammattiosaamisen kehitt\u00e4misyhti\u00f6 AMKE Oy. 2011-2012. Kartta pedagogisen toiminnan johtamiseen.\u00a0Saatavilla: http:\/\/www.amke.fi\/media\/julkaisuja\/kartta-pedagogisen-toiminnan-johtamiseen.pdf Berner, A-S., Laaksolahti, H. &amp; Kopola, R. (toim.). 2015. Maa, jossa [&hellip;]\" \/>\n<meta property=\"og:url\" content=\"https:\/\/blogit.gradia.fi\/jamsapeda\/lahteet\/\" \/>\n<meta property=\"og:site_name\" content=\"PedaStep\" \/>\n<meta property=\"article:modified_time\" content=\"2022-03-30T06:50:39+00:00\" \/>\n<meta name=\"twitter:card\" content=\"summary_large_image\" \/>\n<meta name=\"twitter:label1\" content=\"Arvioitu lukuaika\" \/>\n\t<meta name=\"twitter:data1\" content=\"1 minuutti\" \/>\n<script type=\"application\/ld+json\" class=\"yoast-schema-graph\">{\"@context\":\"https:\\\/\\\/schema.org\",\"@graph\":[{\"@type\":\"WebPage\",\"@id\":\"https:\\\/\\\/blogit.gradia.fi\\\/jamsapeda\\\/lahteet\\\/\",\"url\":\"https:\\\/\\\/blogit.gradia.fi\\\/jamsapeda\\\/lahteet\\\/\",\"name\":\"TY\u00d6T\u00c4MME EDIST\u00c4NEET - PedaStep\",\"isPartOf\":{\"@id\":\"https:\\\/\\\/blogit.gradia.fi\\\/jamsapeda\\\/#website\"},\"datePublished\":\"2017-01-24T08:27:20+00:00\",\"dateModified\":\"2022-03-30T06:50:39+00:00\",\"inLanguage\":\"fi\",\"potentialAction\":[{\"@type\":\"ReadAction\",\"target\":[\"https:\\\/\\\/blogit.gradia.fi\\\/jamsapeda\\\/lahteet\\\/\"]}]},{\"@type\":\"WebSite\",\"@id\":\"https:\\\/\\\/blogit.gradia.fi\\\/jamsapeda\\\/#website\",\"url\":\"https:\\\/\\\/blogit.gradia.fi\\\/jamsapeda\\\/\",\"name\":\"PedaStep\",\"description\":\"Gradia J\u00e4ms\u00e4n pedagogiset ajatukset\",\"potentialAction\":[{\"@type\":\"SearchAction\",\"target\":{\"@type\":\"EntryPoint\",\"urlTemplate\":\"https:\\\/\\\/blogit.gradia.fi\\\/jamsapeda\\\/?s={search_term_string}\"},\"query-input\":{\"@type\":\"PropertyValueSpecification\",\"valueRequired\":true,\"valueName\":\"search_term_string\"}}],\"inLanguage\":\"fi\"}]}<\/script>\n<!-- \/ Yoast SEO plugin. -->","yoast_head_json":{"title":"TY\u00d6T\u00c4MME EDIST\u00c4NEET - PedaStep","robots":{"index":"index","follow":"follow","max-snippet":"max-snippet:-1","max-image-preview":"max-image-preview:large","max-video-preview":"max-video-preview:-1"},"canonical":"https:\/\/blogit.gradia.fi\/jamsapeda\/lahteet\/","og_locale":"fi_FI","og_type":"article","og_title":"TY\u00d6T\u00c4MME EDIST\u00c4NEET - PedaStep","og_description":"Olemme kiitollisia kaikille prosessiin osallistuneille ja prosessin jatkuvuutta ja kehitt\u00e4mist\u00e4 vauhdittaa lis\u00e4\u00e4\u00a0koulutukseen tulevat\u00a0muutokset. Ajatuksia on vaihdettu\u00a0ja keskusteluja k\u00e4yty\u00a0matkan varrella\u00a0ja erilaisissa verkostoissa pedagogiikasta kiinnostuneiden ja innostuneiden henkil\u00f6iden kanssa. Jatkamme mielell\u00e4mme keskustelua&#8230; Ahlmanin tiimioppimisen mallista: https:\/\/v2.tiimiakatemia.com\/underground\/ahlman-luovuuden-rohkeuden-taidon-ja-yrittajyyden-osaamispuisto\/ Ammattiosaamisen kehitt\u00e4misyhti\u00f6 AMKE Oy. 2011-2012. Kartta pedagogisen toiminnan johtamiseen.\u00a0Saatavilla: http:\/\/www.amke.fi\/media\/julkaisuja\/kartta-pedagogisen-toiminnan-johtamiseen.pdf Berner, A-S., Laaksolahti, H. &amp; Kopola, R. (toim.). 2015. Maa, jossa [&hellip;]","og_url":"https:\/\/blogit.gradia.fi\/jamsapeda\/lahteet\/","og_site_name":"PedaStep","article_modified_time":"2022-03-30T06:50:39+00:00","twitter_card":"summary_large_image","twitter_misc":{"Arvioitu lukuaika":"1 minuutti"},"schema":{"@context":"https:\/\/schema.org","@graph":[{"@type":"WebPage","@id":"https:\/\/blogit.gradia.fi\/jamsapeda\/lahteet\/","url":"https:\/\/blogit.gradia.fi\/jamsapeda\/lahteet\/","name":"TY\u00d6T\u00c4MME EDIST\u00c4NEET - PedaStep","isPartOf":{"@id":"https:\/\/blogit.gradia.fi\/jamsapeda\/#website"},"datePublished":"2017-01-24T08:27:20+00:00","dateModified":"2022-03-30T06:50:39+00:00","inLanguage":"fi","potentialAction":[{"@type":"ReadAction","target":["https:\/\/blogit.gradia.fi\/jamsapeda\/lahteet\/"]}]},{"@type":"WebSite","@id":"https:\/\/blogit.gradia.fi\/jamsapeda\/#website","url":"https:\/\/blogit.gradia.fi\/jamsapeda\/","name":"PedaStep","description":"Gradia J\u00e4ms\u00e4n pedagogiset ajatukset","potentialAction":[{"@type":"SearchAction","target":{"@type":"EntryPoint","urlTemplate":"https:\/\/blogit.gradia.fi\/jamsapeda\/?s={search_term_string}"},"query-input":{"@type":"PropertyValueSpecification","valueRequired":true,"valueName":"search_term_string"}}],"inLanguage":"fi"}]}},"uagb_featured_image_src":{"full":false,"thumbnail":false,"medium":false,"medium_large":false,"large":false,"1536x1536":false,"2048x2048":false,"post-thumbnail":false},"uagb_author_info":{"display_name":"Katriina Turunen","author_link":"https:\/\/blogit.gradia.fi\/jamsapeda\/author\/huttukat\/"},"uagb_comment_info":0,"uagb_excerpt":"Olemme kiitollisia kaikille prosessiin osallistuneille ja prosessin jatkuvuutta ja kehitt\u00e4mist\u00e4 vauhdittaa lis\u00e4\u00e4\u00a0koulutukseen tulevat\u00a0muutokset. Ajatuksia on vaihdettu\u00a0ja keskusteluja k\u00e4yty\u00a0matkan varrella\u00a0ja erilaisissa verkostoissa pedagogiikasta kiinnostuneiden ja innostuneiden henkil\u00f6iden kanssa. Jatkamme mielell\u00e4mme keskustelua&#8230; Ahlmanin tiimioppimisen mallista: https:\/\/v2.tiimiakatemia.com\/underground\/ahlman-luovuuden-rohkeuden-taidon-ja-yrittajyyden-osaamispuisto\/ Ammattiosaamisen kehitt\u00e4misyhti\u00f6 AMKE Oy. 2011-2012. Kartta pedagogisen toiminnan johtamiseen.\u00a0Saatavilla: http:\/\/www.amke.fi\/media\/julkaisuja\/kartta-pedagogisen-toiminnan-johtamiseen.pdf Berner, A-S., Laaksolahti, H. &amp; Kopola, R. (toim.). 2015. Maa, jossa&hellip;","_links":{"self":[{"href":"https:\/\/blogit.gradia.fi\/jamsapeda\/wp-json\/wp\/v2\/pages\/131","targetHints":{"allow":["GET"]}}],"collection":[{"href":"https:\/\/blogit.gradia.fi\/jamsapeda\/wp-json\/wp\/v2\/pages"}],"about":[{"href":"https:\/\/blogit.gradia.fi\/jamsapeda\/wp-json\/wp\/v2\/types\/page"}],"author":[{"embeddable":true,"href":"https:\/\/blogit.gradia.fi\/jamsapeda\/wp-json\/wp\/v2\/users\/180"}],"replies":[{"embeddable":true,"href":"https:\/\/blogit.gradia.fi\/jamsapeda\/wp-json\/wp\/v2\/comments?post=131"}],"version-history":[{"count":3,"href":"https:\/\/blogit.gradia.fi\/jamsapeda\/wp-json\/wp\/v2\/pages\/131\/revisions"}],"predecessor-version":[{"id":859,"href":"https:\/\/blogit.gradia.fi\/jamsapeda\/wp-json\/wp\/v2\/pages\/131\/revisions\/859"}],"wp:attachment":[{"href":"https:\/\/blogit.gradia.fi\/jamsapeda\/wp-json\/wp\/v2\/media?parent=131"}],"curies":[{"name":"wp","href":"https:\/\/api.w.org\/{rel}","templated":true}]}}