{"id":251,"date":"2016-11-28T14:08:41","date_gmt":"2016-11-28T12:08:41","guid":{"rendered":"https:\/\/blogit.gradia.fi\/hyvinvointimalli\/?page_id=251"},"modified":"2016-11-29T20:53:24","modified_gmt":"2016-11-29T18:53:24","slug":"hyvi-kurssi","status":"publish","type":"page","link":"https:\/\/blogit.gradia.fi\/hyvinvointimalli\/hyvi-kurssi\/","title":{"rendered":"HYVI-kurssi"},"content":{"rendered":"<p>HYVI- eli hyvinvointikurssin ajatuksena on vastata opiskelijoiden lis\u00e4\u00e4ntyneeseen tarpeeseen saada kokonaisvaltaisesti neuvoja ja ohjeistusta hyvinvoinnin lis\u00e4\u00e4miseksi omassa el\u00e4m\u00e4ss\u00e4. Monelle opiskelijalle opiskelu ja mahdollinen samanaikainen harrastaminen on kuluttava yht\u00e4l\u00f6 ja jo pelkk\u00e4 kiivastahtinen opiskelu aiheuttaa usealle oireilua. HYVI-kurssi on tarjolla molemmissa lukioissa ja jatkossa uuden opetussuunnitelman kurssina sen voidaan katsoa lukeutuvan teemakurssiksi.<\/p>\n<p>HYVI-kurssin sis\u00e4lt\u00f6ihin\u00a0voivat kuulua\u00a0seuraavat teemat:<\/p>\n<ul>\n<li>Unelmakarttaty\u00f6skentely sek\u00e4 hyvinvointiin liittyvien tavoitteiden asettaminen<\/li>\n<li>Sosiaaliset taidot ja ihmissuhteet<\/li>\n<li>Oman l\u00e4hiymp\u00e4rist\u00f6n ihmiset ja heid\u00e4n antamansa tuki<\/li>\n<li>Stressinhallinta<\/li>\n<li>Ravitsemusterapiaa<\/li>\n<li>Omat rajat, l\u00e4hisuhdev\u00e4kivalta (Ensi- ja turvakoti)<\/li>\n<li>Palautuminen ja\u00a0levon merkitys<\/li>\n<li>Jooga ja liikunta luonnossa<\/li>\n<\/ul>\n<p>Kurssi toteutetaan moniammatillisena yhteisty\u00f6n\u00e4. Kurssin vet\u00e4jin\u00e4 toimivat psykologit, kuraattori, liikunnanopettajat, ravitsemusterapeutti jne. Kurssi todennetaan oppimisp\u00e4iv\u00e4kirjaa kirjoittamalla ja arvioidaan S suoritusmerkinn\u00e4ll\u00e4.<\/p>\n<p><iframe loading=\"lazy\" title=\"HYVI\" width=\"604\" height=\"340\" src=\"https:\/\/www.youtube.com\/embed\/ifpGMjzyg8M?feature=oembed\" frameborder=\"0\" allow=\"accelerometer; autoplay; clipboard-write; encrypted-media; gyroscope; picture-in-picture; web-share\" referrerpolicy=\"strict-origin-when-cross-origin\" allowfullscreen><\/iframe><\/p>\n","protected":false},"excerpt":{"rendered":"<p>HYVI- eli hyvinvointikurssin ajatuksena on vastata opiskelijoiden lis\u00e4\u00e4ntyneeseen tarpeeseen saada kokonaisvaltaisesti neuvoja ja ohjeistusta hyvinvoinnin lis\u00e4\u00e4miseksi omassa el\u00e4m\u00e4ss\u00e4. Monelle opiskelijalle opiskelu ja mahdollinen samanaikainen harrastaminen on kuluttava yht\u00e4l\u00f6 ja jo pelkk\u00e4 kiivastahtinen opiskelu aiheuttaa usealle oireilua. HYVI-kurssi on tarjolla molemmissa lukioissa ja jatkossa uuden opetussuunnitelman kurssina sen voidaan katsoa lukeutuvan teemakurssiksi. HYVI-kurssin sis\u00e4lt\u00f6ihin\u00a0voivat kuulua\u00a0seuraavat teemat: &hellip; <a href=\"https:\/\/blogit.gradia.fi\/hyvinvointimalli\/hyvi-kurssi\/\" class=\"more-link\">Jatka lukemista <span class=\"screen-reader-text\">HYVI-kurssi<\/span> <span class=\"meta-nav\">&rarr;<\/span><\/a><\/p>\n","protected":false},"author":610,"featured_media":0,"parent":0,"menu_order":0,"comment_status":"closed","ping_status":"closed","template":"","meta":{"_uag_custom_page_level_css":"","footnotes":""},"class_list":["post-251","page","type-page","status-publish","hentry"],"yoast_head":"<!-- This site is optimized with the Yoast SEO plugin v27.4 - https:\/\/yoast.com\/product\/yoast-seo-wordpress\/ -->\n<title>HYVI-kurssi - Hyvinvointia 2.asteelle<\/title>\n<meta name=\"robots\" content=\"index, follow, max-snippet:-1, max-image-preview:large, max-video-preview:-1\" \/>\n<link rel=\"canonical\" href=\"https:\/\/blogit.gradia.fi\/hyvinvointimalli\/hyvi-kurssi\/\" \/>\n<meta property=\"og:locale\" content=\"fi_FI\" \/>\n<meta property=\"og:type\" content=\"article\" \/>\n<meta property=\"og:title\" content=\"HYVI-kurssi - Hyvinvointia 2.asteelle\" \/>\n<meta property=\"og:description\" content=\"HYVI- eli hyvinvointikurssin ajatuksena on vastata opiskelijoiden lis\u00e4\u00e4ntyneeseen tarpeeseen saada kokonaisvaltaisesti neuvoja ja ohjeistusta hyvinvoinnin lis\u00e4\u00e4miseksi omassa el\u00e4m\u00e4ss\u00e4. Monelle opiskelijalle opiskelu ja mahdollinen samanaikainen harrastaminen on kuluttava yht\u00e4l\u00f6 ja jo pelkk\u00e4 kiivastahtinen opiskelu aiheuttaa usealle oireilua. HYVI-kurssi on tarjolla molemmissa lukioissa ja jatkossa uuden opetussuunnitelman kurssina sen voidaan katsoa lukeutuvan teemakurssiksi. HYVI-kurssin sis\u00e4lt\u00f6ihin\u00a0voivat kuulua\u00a0seuraavat teemat: &hellip; Jatka lukemista HYVI-kurssi &rarr;\" \/>\n<meta property=\"og:url\" content=\"https:\/\/blogit.gradia.fi\/hyvinvointimalli\/hyvi-kurssi\/\" \/>\n<meta property=\"og:site_name\" content=\"Hyvinvointia 2.asteelle\" \/>\n<meta property=\"article:modified_time\" content=\"2016-11-29T18:53:24+00:00\" \/>\n<meta name=\"twitter:card\" content=\"summary_large_image\" \/>\n<meta name=\"twitter:label1\" content=\"Arvioitu lukuaika\" \/>\n\t<meta name=\"twitter:data1\" content=\"1 minuutti\" \/>\n<script type=\"application\/ld+json\" class=\"yoast-schema-graph\">{\"@context\":\"https:\\\/\\\/schema.org\",\"@graph\":[{\"@type\":\"WebPage\",\"@id\":\"https:\\\/\\\/blogit.gradia.fi\\\/hyvinvointimalli\\\/hyvi-kurssi\\\/\",\"url\":\"https:\\\/\\\/blogit.gradia.fi\\\/hyvinvointimalli\\\/hyvi-kurssi\\\/\",\"name\":\"HYVI-kurssi - Hyvinvointia 2.asteelle\",\"isPartOf\":{\"@id\":\"https:\\\/\\\/blogit.gradia.fi\\\/hyvinvointimalli\\\/#website\"},\"datePublished\":\"2016-11-28T12:08:41+00:00\",\"dateModified\":\"2016-11-29T18:53:24+00:00\",\"inLanguage\":\"fi\",\"potentialAction\":[{\"@type\":\"ReadAction\",\"target\":[\"https:\\\/\\\/blogit.gradia.fi\\\/hyvinvointimalli\\\/hyvi-kurssi\\\/\"]}]},{\"@type\":\"WebSite\",\"@id\":\"https:\\\/\\\/blogit.gradia.fi\\\/hyvinvointimalli\\\/#website\",\"url\":\"https:\\\/\\\/blogit.gradia.fi\\\/hyvinvointimalli\\\/\",\"name\":\"Hyvinvointia 2.asteelle\",\"description\":\"Jyv\u00e4skyl\u00e4n koulutuskuntayhtym\u00e4n lukiokoulutuksen hyvinvointimalli\",\"potentialAction\":[{\"@type\":\"SearchAction\",\"target\":{\"@type\":\"EntryPoint\",\"urlTemplate\":\"https:\\\/\\\/blogit.gradia.fi\\\/hyvinvointimalli\\\/?s={search_term_string}\"},\"query-input\":{\"@type\":\"PropertyValueSpecification\",\"valueRequired\":true,\"valueName\":\"search_term_string\"}}],\"inLanguage\":\"fi\"}]}<\/script>\n<!-- \/ Yoast SEO plugin. -->","yoast_head_json":{"title":"HYVI-kurssi - Hyvinvointia 2.asteelle","robots":{"index":"index","follow":"follow","max-snippet":"max-snippet:-1","max-image-preview":"max-image-preview:large","max-video-preview":"max-video-preview:-1"},"canonical":"https:\/\/blogit.gradia.fi\/hyvinvointimalli\/hyvi-kurssi\/","og_locale":"fi_FI","og_type":"article","og_title":"HYVI-kurssi - Hyvinvointia 2.asteelle","og_description":"HYVI- eli hyvinvointikurssin ajatuksena on vastata opiskelijoiden lis\u00e4\u00e4ntyneeseen tarpeeseen saada kokonaisvaltaisesti neuvoja ja ohjeistusta hyvinvoinnin lis\u00e4\u00e4miseksi omassa el\u00e4m\u00e4ss\u00e4. Monelle opiskelijalle opiskelu ja mahdollinen samanaikainen harrastaminen on kuluttava yht\u00e4l\u00f6 ja jo pelkk\u00e4 kiivastahtinen opiskelu aiheuttaa usealle oireilua. HYVI-kurssi on tarjolla molemmissa lukioissa ja jatkossa uuden opetussuunnitelman kurssina sen voidaan katsoa lukeutuvan teemakurssiksi. HYVI-kurssin sis\u00e4lt\u00f6ihin\u00a0voivat kuulua\u00a0seuraavat teemat: &hellip; Jatka lukemista HYVI-kurssi &rarr;","og_url":"https:\/\/blogit.gradia.fi\/hyvinvointimalli\/hyvi-kurssi\/","og_site_name":"Hyvinvointia 2.asteelle","article_modified_time":"2016-11-29T18:53:24+00:00","twitter_card":"summary_large_image","twitter_misc":{"Arvioitu lukuaika":"1 minuutti"},"schema":{"@context":"https:\/\/schema.org","@graph":[{"@type":"WebPage","@id":"https:\/\/blogit.gradia.fi\/hyvinvointimalli\/hyvi-kurssi\/","url":"https:\/\/blogit.gradia.fi\/hyvinvointimalli\/hyvi-kurssi\/","name":"HYVI-kurssi - Hyvinvointia 2.asteelle","isPartOf":{"@id":"https:\/\/blogit.gradia.fi\/hyvinvointimalli\/#website"},"datePublished":"2016-11-28T12:08:41+00:00","dateModified":"2016-11-29T18:53:24+00:00","inLanguage":"fi","potentialAction":[{"@type":"ReadAction","target":["https:\/\/blogit.gradia.fi\/hyvinvointimalli\/hyvi-kurssi\/"]}]},{"@type":"WebSite","@id":"https:\/\/blogit.gradia.fi\/hyvinvointimalli\/#website","url":"https:\/\/blogit.gradia.fi\/hyvinvointimalli\/","name":"Hyvinvointia 2.asteelle","description":"Jyv\u00e4skyl\u00e4n koulutuskuntayhtym\u00e4n lukiokoulutuksen hyvinvointimalli","potentialAction":[{"@type":"SearchAction","target":{"@type":"EntryPoint","urlTemplate":"https:\/\/blogit.gradia.fi\/hyvinvointimalli\/?s={search_term_string}"},"query-input":{"@type":"PropertyValueSpecification","valueRequired":true,"valueName":"search_term_string"}}],"inLanguage":"fi"}]}},"uagb_featured_image_src":{"full":false,"thumbnail":false,"medium":false,"medium_large":false,"large":false,"1536x1536":false,"2048x2048":false,"post-thumbnail":false},"uagb_author_info":{"display_name":"Minna Saikkonen","author_link":"https:\/\/blogit.gradia.fi\/hyvinvointimalli\/author\/saikkmin\/"},"uagb_comment_info":0,"uagb_excerpt":"HYVI- eli hyvinvointikurssin ajatuksena on vastata opiskelijoiden lis\u00e4\u00e4ntyneeseen tarpeeseen saada kokonaisvaltaisesti neuvoja ja ohjeistusta hyvinvoinnin lis\u00e4\u00e4miseksi omassa el\u00e4m\u00e4ss\u00e4. Monelle opiskelijalle opiskelu ja mahdollinen samanaikainen harrastaminen on kuluttava yht\u00e4l\u00f6 ja jo pelkk\u00e4 kiivastahtinen opiskelu aiheuttaa usealle oireilua. HYVI-kurssi on tarjolla molemmissa lukioissa ja jatkossa uuden opetussuunnitelman kurssina sen voidaan katsoa lukeutuvan teemakurssiksi. HYVI-kurssin sis\u00e4lt\u00f6ihin\u00a0voivat kuulua\u00a0seuraavat teemat:&hellip;","_links":{"self":[{"href":"https:\/\/blogit.gradia.fi\/hyvinvointimalli\/wp-json\/wp\/v2\/pages\/251","targetHints":{"allow":["GET"]}}],"collection":[{"href":"https:\/\/blogit.gradia.fi\/hyvinvointimalli\/wp-json\/wp\/v2\/pages"}],"about":[{"href":"https:\/\/blogit.gradia.fi\/hyvinvointimalli\/wp-json\/wp\/v2\/types\/page"}],"author":[{"embeddable":true,"href":"https:\/\/blogit.gradia.fi\/hyvinvointimalli\/wp-json\/wp\/v2\/users\/610"}],"replies":[{"embeddable":true,"href":"https:\/\/blogit.gradia.fi\/hyvinvointimalli\/wp-json\/wp\/v2\/comments?post=251"}],"version-history":[{"count":0,"href":"https:\/\/blogit.gradia.fi\/hyvinvointimalli\/wp-json\/wp\/v2\/pages\/251\/revisions"}],"wp:attachment":[{"href":"https:\/\/blogit.gradia.fi\/hyvinvointimalli\/wp-json\/wp\/v2\/media?parent=251"}],"curies":[{"name":"wp","href":"https:\/\/api.w.org\/{rel}","templated":true}]}}