{"id":242,"date":"2016-11-28T11:35:35","date_gmt":"2016-11-28T09:35:35","guid":{"rendered":"https:\/\/blogit.gradia.fi\/hyvinvointimalli\/?page_id=242"},"modified":"2016-11-29T20:47:40","modified_gmt":"2016-11-29T18:47:40","slug":"hyvinvointiviikko","status":"publish","type":"page","link":"https:\/\/blogit.gradia.fi\/hyvinvointimalli\/hyvinvointiviikko\/","title":{"rendered":"Hyvinvointiviikko"},"content":{"rendered":"<p>Jyv\u00e4skyl\u00e4n koulutuskuntayhtym\u00e4n lukiokoulutuksessa vietettiin Hyvinvointiviikkoa ensimm\u00e4ist\u00e4 kertaa vuonna 2016. Ajankohdaksi valikoitui viikko 40, jolloin my\u00f6s ammatillinen koulutus viett\u00e4\u00e4 teemaviikkoa nimell\u00e4 Hyvinvointivirtaa.<\/p>\n<p>Linkki: <a href=\"http:\/\/arjenarkki.fi\/tyokykypassi\/hyvinvointivirtaa\" target=\"_blank\">Saku ry &#8211; Hyvinvointivirtaa<\/a><\/p>\n<p class=\"x_MsoNormal\">Jyv\u00e4skyl\u00e4n ammattiopistossa eri yksik\u00f6iden hyvinvointi-ryhm\u00e4t sek\u00e4 opiskelijajaostot j\u00e4rjest\u00e4v\u00e4t ohjelmaa\u00a0kampuksilla koko kyseisen viikon. Ohjelmassa on ollut mm. seuraavia toimintoja:\u00a0 terveellisi\u00e4 v\u00e4lipaloja, urheilutempauksia, musiikkia, verenpainemittausta, nurise nukelle -nurkkaus ja Hyvinvointionnenpy\u00f6r\u00e4, jossa voi voittaa\u00a0teemaan liittyvi\u00e4 palkintoja.<\/p>\n<p>Hyvinvointiikon viett\u00e4misell\u00e4 on tarkoitus lis\u00e4t\u00e4\u00a0hyvinvointiteemojen n\u00e4kyvyytt\u00e4 arjessa ja kiinnitt\u00e4\u00e4 huomiota yksil\u00f6n\u00a0omiin toimintoihin kuten uneen, liikuntaan ja yhteis\u00f6llisyyteen.\u00a0Lukioissa j\u00e4rjestett\u00e4v\u00e4n hyvinvointiviikon\u00a0j\u00e4rjest\u00e4misvastuu voisi jatkossa olla opiskelijahyvinvointiryhm\u00e4ll\u00e4. Lukiokoulutuksen ja ammatillisen puolen hyvinvointiviikot voivat olla erillisi\u00e4, mutta yhteisty\u00f6n kautta voitaisiin lis\u00e4t\u00e4\u00a0koulutuskuntayhtym\u00e4n\u00a0eri ammattialojen ja lukiokoulutuksen yhteisty\u00f6t\u00e4. Samalla eri toimialat tulisivat tutuiksi luontevan yhteisty\u00f6n kautta.<\/p>\n<p>Hyvinvointiviikon rakenne muotoutuu joka vuosi omanlaisekseen kulloinkin esiin nousevien teemojen ja ajankohtaisten aiheiden kautta. Koska tarkoituksena on, ett\u00e4 hyvinvointi arjessa lis\u00e4\u00e4ntyisi, l\u00e4hestymistapana ovat pienet, oppitunneilla suoritettavat toiminnot.<\/p>\n<p><strong><span id=\"0.7491761050993014\" class=\"currentHitHighlight\">Hyvinvointiviikon<\/span> 40 (3.-9.10.) esimerkki aikataulutusta<\/strong><\/p>\n<div><b>Maanantai:<\/b> tiedotusta viikon aiheista, ei muuta toimintaa<\/div>\n<div><b>Tiistai:<\/b> erillist\u00e4 toimintaa opettajille ja opiskelijoille<b><br \/>\n<\/b><\/div>\n<ul>\n<li>opettajilla k\u00e4velypalaveri ja hyvinvoinnin pohdintaa<\/li>\n<li>opiskelijoille tietoa terveyspeleist\u00e4 ja onko pelaaminen hallussa -testi: http:\/\/oppimateriaalit.jamk.fi\/pelatenosalliseks\/http:\/\/www.paihdelinkki.fi\/fi\/testit-ja-laskurit\/netinkaytto\/nettiriippuvuustesti-iat<\/li>\n<li>liikuntatutorit ohjaavat klo 14.20 eteenp\u00e4in opiskelijoiden liikkumista mm. kuntosaleilla<\/li>\n<\/ul>\n<div><b>Keskiviikko<\/b>: Oiva-hyvinvointiohjelman rentoutumisaiheet eli rohkaistaan opettajia kokeilemaan lyhyit\u00e4 rentoutushetki\u00e4 tuntien katkaisuun (kesto 2-5 min)<\/div>\n<div>\n<ul>\n<li>Etsi sivulta <a id=\"LPlnk788103\" href=\"http:\/\/www.mielenterveysseura.fi\/fi\/mielenterveys\/harjoitukset\" target=\"_blank\"><span id=\"LPlnk788103\">http:\/\/www.mielenterveysseura.fi\/fi\/mielenterveys\/harjoitukset<\/span><\/a>\u00a0\u00a0\u00a0\u00a0\u00a0\u00a0 <b>Lapset ja nuoret -osio <\/b>ja k\u00e4yt\u00e4 lyhyt hetki rentoutumiseen vaikka tunnin keskivaiheilla.<\/li>\n<li><b>Klo 8-10 tunneilla<\/b>: <a href=\"http:\/\/www.mielenterveysseura.fi\/node\/76\" target=\"_blank\">Pieni loma hengityksen tahtiin<\/a> (3:28 min)<br \/>\nT\u00e4m\u00e4 harjoitus rauhoittaa hengityksen ja mielikuvien avulla.<\/li>\n<li><b>Klo 10-12 tunneilla<\/b>: <a href=\"http:\/\/www.mielenterveysseura.fi\/node\/89\" target=\"_blank\">Ilmapallo vatsassa<\/a> (1:50 min)<br \/>\nLyhyt hengitysharjoitus luo mukavan tauon p\u00e4iv\u00e4\u00e4n.<\/li>\n<li><b>Klo 12-14 tunneilla:<\/b> <a href=\"http:\/\/www.mielenterveysseura.fi\/node\/91\" target=\"_blank\">Valtameri<\/a> (2:35 min)<br \/>\nT\u00e4m\u00e4 hengitysharjoitus johdattaa aaltojen \u00e4\u00e4relle.<\/li>\n<li><b>Klo 14-16 tunneilla<\/b>: <a href=\"http:\/\/www.mielenterveysseura.fi\/node\/104\" target=\"_blank\">Portaat<\/a> (3:07)<br \/>\nHengityksen seuraaminen porras kerrallaan.<\/li>\n<\/ul>\n<\/div>\n<div><b>Torstai: <\/b>Tuoliton torstai &#8211;\u00a0opettajat voivat ottaa osaa haluamallaan tavalla<\/div>\n<div>\n<ul>\n<li><b>klo 8-10 tunnin alkuun: Miksi Tuoliton torstai? Istuminen tappaa: \u00a0<\/b><a id=\"LPlnk15\" href=\"https:\/\/www.youtube.com\/watch?v=7f4MxODc2jo\" target=\"_blank\"><span id=\"LPlnk15\"><b>https:\/\/www.youtube.com\/watch?v=7f4MxODc2jo<\/b><\/span><\/a><\/li>\n<li><b>Klo 10-12 tunnin alkuun: ergonomia video: <\/b><a id=\"LPlnk180937\" href=\"https:\/\/www.youtube.com\/watch?v=zOqjKU4qcJY\" target=\"_blank\"><span id=\"LPlnk180937\"><b>https:\/\/www.youtube.com\/watch?v=zOqjKU4qcJY<\/b><\/span><\/a><\/li>\n<li>Seisomiseen ja ty\u00f6skentelyn mahdollistamiseksi voi esimerkiksi tuolin nostaa p\u00f6yd\u00e4lle. Olkaa kuitenkin varovaisia.<\/li>\n<li><b>Ota kuva luokkatilasta <\/b>&#8211; kuvat jaettiin Padlet-alustalle: <img loading=\"lazy\" decoding=\"async\" class=\"wp-image-287 aligncenter\" src=\"https:\/\/blogit.gradia.fi\/hyvinvointimalli\/wp-content\/uploads\/sites\/112\/2016\/11\/tuolo-300x142.png\" alt=\"tuolo\" width=\"370\" height=\"175\" srcset=\"https:\/\/blogit.gradia.fi\/hyvinvointimalli\/wp-content\/uploads\/sites\/112\/2016\/11\/tuolo-300x142.png 300w, https:\/\/blogit.gradia.fi\/hyvinvointimalli\/wp-content\/uploads\/sites\/112\/2016\/11\/tuolo-768x364.png 768w, https:\/\/blogit.gradia.fi\/hyvinvointimalli\/wp-content\/uploads\/sites\/112\/2016\/11\/tuolo-1024x486.png 1024w, https:\/\/blogit.gradia.fi\/hyvinvointimalli\/wp-content\/uploads\/sites\/112\/2016\/11\/tuolo.png 1571w\" sizes=\"auto, (max-width: 370px) 100vw, 370px\" \/><b><br \/>\n<\/b><\/li>\n<\/ul>\n<\/div>\n<div><\/div>\n<div><b>Perjantai:<\/b> X-Breikki ja video unesta klo 8 alkavalle tunnille<\/div>\n<div><\/div>\n<div><b>Maanantai 10.10: <\/b>Maailman mielenterveysp\u00e4iv\u00e4: osallistumme p\u00e4iv\u00e4n toimintaan klo 10 alkavalla tunnilla, aikaa kului noin 20 min<\/div>\n<div><\/div>\n<div>Linkki: <a href=\"http:\/\/www.mielenterveysseura.fi\/fi\/mielenterveysseura\/tapahtumat#mieli\" target=\"_blank\">Mielenterveysseura &#8211; tapahtumat<\/a><\/div>\n<div><\/div>\n<div><img loading=\"lazy\" decoding=\"async\" class=\"size-medium wp-image-288 aligncenter\" src=\"https:\/\/blogit.gradia.fi\/hyvinvointimalli\/wp-content\/uploads\/sites\/112\/2016\/11\/mieli-300x290.png\" alt=\"mieli\" width=\"300\" height=\"290\" srcset=\"https:\/\/blogit.gradia.fi\/hyvinvointimalli\/wp-content\/uploads\/sites\/112\/2016\/11\/mieli-300x290.png 300w, https:\/\/blogit.gradia.fi\/hyvinvointimalli\/wp-content\/uploads\/sites\/112\/2016\/11\/mieli.png 632w\" sizes=\"auto, (max-width: 300px) 100vw, 300px\" \/><\/div>\n<div><\/div>\n","protected":false},"excerpt":{"rendered":"<p>Jyv\u00e4skyl\u00e4n koulutuskuntayhtym\u00e4n lukiokoulutuksessa vietettiin Hyvinvointiviikkoa ensimm\u00e4ist\u00e4 kertaa vuonna 2016. Ajankohdaksi valikoitui viikko 40, jolloin my\u00f6s ammatillinen koulutus viett\u00e4\u00e4 teemaviikkoa nimell\u00e4 Hyvinvointivirtaa. Linkki: Saku ry &#8211; Hyvinvointivirtaa Jyv\u00e4skyl\u00e4n ammattiopistossa eri yksik\u00f6iden hyvinvointi-ryhm\u00e4t sek\u00e4 opiskelijajaostot j\u00e4rjest\u00e4v\u00e4t ohjelmaa\u00a0kampuksilla koko kyseisen viikon. Ohjelmassa on ollut mm. seuraavia toimintoja:\u00a0 terveellisi\u00e4 v\u00e4lipaloja, urheilutempauksia, musiikkia, verenpainemittausta, nurise nukelle -nurkkaus ja Hyvinvointionnenpy\u00f6r\u00e4, jossa &hellip; <a href=\"https:\/\/blogit.gradia.fi\/hyvinvointimalli\/hyvinvointiviikko\/\" class=\"more-link\">Jatka lukemista <span class=\"screen-reader-text\">Hyvinvointiviikko<\/span> <span class=\"meta-nav\">&rarr;<\/span><\/a><\/p>\n","protected":false},"author":610,"featured_media":0,"parent":0,"menu_order":0,"comment_status":"closed","ping_status":"closed","template":"","meta":{"_uag_custom_page_level_css":"","footnotes":""},"class_list":["post-242","page","type-page","status-publish","hentry"],"yoast_head":"<!-- This site is optimized with the Yoast SEO plugin v27.4 - https:\/\/yoast.com\/product\/yoast-seo-wordpress\/ -->\n<title>Hyvinvointiviikko - Hyvinvointia 2.asteelle<\/title>\n<meta name=\"robots\" content=\"index, follow, max-snippet:-1, max-image-preview:large, max-video-preview:-1\" \/>\n<link rel=\"canonical\" href=\"https:\/\/blogit.gradia.fi\/hyvinvointimalli\/hyvinvointiviikko\/\" \/>\n<meta property=\"og:locale\" content=\"fi_FI\" \/>\n<meta property=\"og:type\" content=\"article\" \/>\n<meta property=\"og:title\" content=\"Hyvinvointiviikko - Hyvinvointia 2.asteelle\" \/>\n<meta property=\"og:description\" content=\"Jyv\u00e4skyl\u00e4n koulutuskuntayhtym\u00e4n lukiokoulutuksessa vietettiin Hyvinvointiviikkoa ensimm\u00e4ist\u00e4 kertaa vuonna 2016. Ajankohdaksi valikoitui viikko 40, jolloin my\u00f6s ammatillinen koulutus viett\u00e4\u00e4 teemaviikkoa nimell\u00e4 Hyvinvointivirtaa. Linkki: Saku ry &#8211; Hyvinvointivirtaa Jyv\u00e4skyl\u00e4n ammattiopistossa eri yksik\u00f6iden hyvinvointi-ryhm\u00e4t sek\u00e4 opiskelijajaostot j\u00e4rjest\u00e4v\u00e4t ohjelmaa\u00a0kampuksilla koko kyseisen viikon. Ohjelmassa on ollut mm. seuraavia toimintoja:\u00a0 terveellisi\u00e4 v\u00e4lipaloja, urheilutempauksia, musiikkia, verenpainemittausta, nurise nukelle -nurkkaus ja Hyvinvointionnenpy\u00f6r\u00e4, jossa &hellip; Jatka lukemista Hyvinvointiviikko &rarr;\" \/>\n<meta property=\"og:url\" content=\"https:\/\/blogit.gradia.fi\/hyvinvointimalli\/hyvinvointiviikko\/\" \/>\n<meta property=\"og:site_name\" content=\"Hyvinvointia 2.asteelle\" \/>\n<meta property=\"article:modified_time\" content=\"2016-11-29T18:47:40+00:00\" \/>\n<meta property=\"og:image\" content=\"https:\/\/blogit.gradia.fi\/hyvinvointimalli\/wp-content\/uploads\/sites\/112\/2016\/11\/tuolo-300x142.png\" \/>\n<meta name=\"twitter:card\" content=\"summary_large_image\" \/>\n<meta name=\"twitter:label1\" content=\"Arvioitu lukuaika\" \/>\n\t<meta name=\"twitter:data1\" content=\"2 minuuttia\" \/>\n<script type=\"application\/ld+json\" class=\"yoast-schema-graph\">{\"@context\":\"https:\\\/\\\/schema.org\",\"@graph\":[{\"@type\":\"WebPage\",\"@id\":\"https:\\\/\\\/blogit.gradia.fi\\\/hyvinvointimalli\\\/hyvinvointiviikko\\\/\",\"url\":\"https:\\\/\\\/blogit.gradia.fi\\\/hyvinvointimalli\\\/hyvinvointiviikko\\\/\",\"name\":\"Hyvinvointiviikko - Hyvinvointia 2.asteelle\",\"isPartOf\":{\"@id\":\"https:\\\/\\\/blogit.gradia.fi\\\/hyvinvointimalli\\\/#website\"},\"primaryImageOfPage\":{\"@id\":\"https:\\\/\\\/blogit.gradia.fi\\\/hyvinvointimalli\\\/hyvinvointiviikko\\\/#primaryimage\"},\"image\":{\"@id\":\"https:\\\/\\\/blogit.gradia.fi\\\/hyvinvointimalli\\\/hyvinvointiviikko\\\/#primaryimage\"},\"thumbnailUrl\":\"https:\\\/\\\/blogit.gradia.fi\\\/hyvinvointimalli\\\/wp-content\\\/uploads\\\/sites\\\/112\\\/2016\\\/11\\\/tuolo-300x142.png\",\"datePublished\":\"2016-11-28T09:35:35+00:00\",\"dateModified\":\"2016-11-29T18:47:40+00:00\",\"inLanguage\":\"fi\",\"potentialAction\":[{\"@type\":\"ReadAction\",\"target\":[\"https:\\\/\\\/blogit.gradia.fi\\\/hyvinvointimalli\\\/hyvinvointiviikko\\\/\"]}]},{\"@type\":\"ImageObject\",\"inLanguage\":\"fi\",\"@id\":\"https:\\\/\\\/blogit.gradia.fi\\\/hyvinvointimalli\\\/hyvinvointiviikko\\\/#primaryimage\",\"url\":\"https:\\\/\\\/blogit.gradia.fi\\\/hyvinvointimalli\\\/wp-content\\\/uploads\\\/sites\\\/112\\\/2016\\\/11\\\/tuolo.png\",\"contentUrl\":\"https:\\\/\\\/blogit.gradia.fi\\\/hyvinvointimalli\\\/wp-content\\\/uploads\\\/sites\\\/112\\\/2016\\\/11\\\/tuolo.png\",\"width\":1571,\"height\":745},{\"@type\":\"WebSite\",\"@id\":\"https:\\\/\\\/blogit.gradia.fi\\\/hyvinvointimalli\\\/#website\",\"url\":\"https:\\\/\\\/blogit.gradia.fi\\\/hyvinvointimalli\\\/\",\"name\":\"Hyvinvointia 2.asteelle\",\"description\":\"Jyv\u00e4skyl\u00e4n koulutuskuntayhtym\u00e4n lukiokoulutuksen hyvinvointimalli\",\"potentialAction\":[{\"@type\":\"SearchAction\",\"target\":{\"@type\":\"EntryPoint\",\"urlTemplate\":\"https:\\\/\\\/blogit.gradia.fi\\\/hyvinvointimalli\\\/?s={search_term_string}\"},\"query-input\":{\"@type\":\"PropertyValueSpecification\",\"valueRequired\":true,\"valueName\":\"search_term_string\"}}],\"inLanguage\":\"fi\"}]}<\/script>\n<!-- \/ Yoast SEO plugin. -->","yoast_head_json":{"title":"Hyvinvointiviikko - Hyvinvointia 2.asteelle","robots":{"index":"index","follow":"follow","max-snippet":"max-snippet:-1","max-image-preview":"max-image-preview:large","max-video-preview":"max-video-preview:-1"},"canonical":"https:\/\/blogit.gradia.fi\/hyvinvointimalli\/hyvinvointiviikko\/","og_locale":"fi_FI","og_type":"article","og_title":"Hyvinvointiviikko - Hyvinvointia 2.asteelle","og_description":"Jyv\u00e4skyl\u00e4n koulutuskuntayhtym\u00e4n lukiokoulutuksessa vietettiin Hyvinvointiviikkoa ensimm\u00e4ist\u00e4 kertaa vuonna 2016. Ajankohdaksi valikoitui viikko 40, jolloin my\u00f6s ammatillinen koulutus viett\u00e4\u00e4 teemaviikkoa nimell\u00e4 Hyvinvointivirtaa. Linkki: Saku ry &#8211; Hyvinvointivirtaa Jyv\u00e4skyl\u00e4n ammattiopistossa eri yksik\u00f6iden hyvinvointi-ryhm\u00e4t sek\u00e4 opiskelijajaostot j\u00e4rjest\u00e4v\u00e4t ohjelmaa\u00a0kampuksilla koko kyseisen viikon. Ohjelmassa on ollut mm. seuraavia toimintoja:\u00a0 terveellisi\u00e4 v\u00e4lipaloja, urheilutempauksia, musiikkia, verenpainemittausta, nurise nukelle -nurkkaus ja Hyvinvointionnenpy\u00f6r\u00e4, jossa &hellip; Jatka lukemista Hyvinvointiviikko &rarr;","og_url":"https:\/\/blogit.gradia.fi\/hyvinvointimalli\/hyvinvointiviikko\/","og_site_name":"Hyvinvointia 2.asteelle","article_modified_time":"2016-11-29T18:47:40+00:00","og_image":[{"url":"https:\/\/blogit.gradia.fi\/hyvinvointimalli\/wp-content\/uploads\/sites\/112\/2016\/11\/tuolo-300x142.png","type":"","width":"","height":""}],"twitter_card":"summary_large_image","twitter_misc":{"Arvioitu lukuaika":"2 minuuttia"},"schema":{"@context":"https:\/\/schema.org","@graph":[{"@type":"WebPage","@id":"https:\/\/blogit.gradia.fi\/hyvinvointimalli\/hyvinvointiviikko\/","url":"https:\/\/blogit.gradia.fi\/hyvinvointimalli\/hyvinvointiviikko\/","name":"Hyvinvointiviikko - Hyvinvointia 2.asteelle","isPartOf":{"@id":"https:\/\/blogit.gradia.fi\/hyvinvointimalli\/#website"},"primaryImageOfPage":{"@id":"https:\/\/blogit.gradia.fi\/hyvinvointimalli\/hyvinvointiviikko\/#primaryimage"},"image":{"@id":"https:\/\/blogit.gradia.fi\/hyvinvointimalli\/hyvinvointiviikko\/#primaryimage"},"thumbnailUrl":"https:\/\/blogit.gradia.fi\/hyvinvointimalli\/wp-content\/uploads\/sites\/112\/2016\/11\/tuolo-300x142.png","datePublished":"2016-11-28T09:35:35+00:00","dateModified":"2016-11-29T18:47:40+00:00","inLanguage":"fi","potentialAction":[{"@type":"ReadAction","target":["https:\/\/blogit.gradia.fi\/hyvinvointimalli\/hyvinvointiviikko\/"]}]},{"@type":"ImageObject","inLanguage":"fi","@id":"https:\/\/blogit.gradia.fi\/hyvinvointimalli\/hyvinvointiviikko\/#primaryimage","url":"https:\/\/blogit.gradia.fi\/hyvinvointimalli\/wp-content\/uploads\/sites\/112\/2016\/11\/tuolo.png","contentUrl":"https:\/\/blogit.gradia.fi\/hyvinvointimalli\/wp-content\/uploads\/sites\/112\/2016\/11\/tuolo.png","width":1571,"height":745},{"@type":"WebSite","@id":"https:\/\/blogit.gradia.fi\/hyvinvointimalli\/#website","url":"https:\/\/blogit.gradia.fi\/hyvinvointimalli\/","name":"Hyvinvointia 2.asteelle","description":"Jyv\u00e4skyl\u00e4n koulutuskuntayhtym\u00e4n lukiokoulutuksen hyvinvointimalli","potentialAction":[{"@type":"SearchAction","target":{"@type":"EntryPoint","urlTemplate":"https:\/\/blogit.gradia.fi\/hyvinvointimalli\/?s={search_term_string}"},"query-input":{"@type":"PropertyValueSpecification","valueRequired":true,"valueName":"search_term_string"}}],"inLanguage":"fi"}]}},"uagb_featured_image_src":{"full":false,"thumbnail":false,"medium":false,"medium_large":false,"large":false,"1536x1536":false,"2048x2048":false,"post-thumbnail":false},"uagb_author_info":{"display_name":"Minna Saikkonen","author_link":"https:\/\/blogit.gradia.fi\/hyvinvointimalli\/author\/saikkmin\/"},"uagb_comment_info":0,"uagb_excerpt":"Jyv\u00e4skyl\u00e4n koulutuskuntayhtym\u00e4n lukiokoulutuksessa vietettiin Hyvinvointiviikkoa ensimm\u00e4ist\u00e4 kertaa vuonna 2016. Ajankohdaksi valikoitui viikko 40, jolloin my\u00f6s ammatillinen koulutus viett\u00e4\u00e4 teemaviikkoa nimell\u00e4 Hyvinvointivirtaa. Linkki: Saku ry &#8211; Hyvinvointivirtaa Jyv\u00e4skyl\u00e4n ammattiopistossa eri yksik\u00f6iden hyvinvointi-ryhm\u00e4t sek\u00e4 opiskelijajaostot j\u00e4rjest\u00e4v\u00e4t ohjelmaa\u00a0kampuksilla koko kyseisen viikon. Ohjelmassa on ollut mm. seuraavia toimintoja:\u00a0 terveellisi\u00e4 v\u00e4lipaloja, urheilutempauksia, musiikkia, verenpainemittausta, nurise nukelle -nurkkaus ja Hyvinvointionnenpy\u00f6r\u00e4, jossa&hellip;","_links":{"self":[{"href":"https:\/\/blogit.gradia.fi\/hyvinvointimalli\/wp-json\/wp\/v2\/pages\/242","targetHints":{"allow":["GET"]}}],"collection":[{"href":"https:\/\/blogit.gradia.fi\/hyvinvointimalli\/wp-json\/wp\/v2\/pages"}],"about":[{"href":"https:\/\/blogit.gradia.fi\/hyvinvointimalli\/wp-json\/wp\/v2\/types\/page"}],"author":[{"embeddable":true,"href":"https:\/\/blogit.gradia.fi\/hyvinvointimalli\/wp-json\/wp\/v2\/users\/610"}],"replies":[{"embeddable":true,"href":"https:\/\/blogit.gradia.fi\/hyvinvointimalli\/wp-json\/wp\/v2\/comments?post=242"}],"version-history":[{"count":0,"href":"https:\/\/blogit.gradia.fi\/hyvinvointimalli\/wp-json\/wp\/v2\/pages\/242\/revisions"}],"wp:attachment":[{"href":"https:\/\/blogit.gradia.fi\/hyvinvointimalli\/wp-json\/wp\/v2\/media?parent=242"}],"curies":[{"name":"wp","href":"https:\/\/api.w.org\/{rel}","templated":true}]}}