{"id":241,"date":"2016-11-28T13:57:53","date_gmt":"2016-11-28T11:57:53","guid":{"rendered":"https:\/\/blogit.gradia.fi\/hyvinvointimalli\/?page_id=241"},"modified":"2016-11-28T13:57:53","modified_gmt":"2016-11-28T11:57:53","slug":"hyvinvointiviikko-2","status":"publish","type":"page","link":"https:\/\/blogit.gradia.fi\/hyvinvointimalli\/hyvinvointiviikko-2\/","title":{"rendered":"Hyvinvointiviikko"},"content":{"rendered":"<p>Jyv\u00e4skyl\u00e4n koulutuskuntayhtym\u00e4n lukiokoulutuksen Hyvinvointiviikkoa vietettiin ensimm\u00e4isen kerran syksyll\u00e4 2016 viikolla 40. Ammatillinen koulutus viett\u00e4\u00e4 kyseist\u00e4 viikkoa Hyvinvointivirtaa ja aineistoa viikkoon tuottaa Saku\u00a0ry.<\/p>\n<p>Lis\u00e4tietoa: <a href=\"http:\/\/www.sakury.net\/taitoa-tyoelamaan\/hyvinvointivirtaa\" target=\"_blank\">SAKU ry &#8211; Hyvinvointivirtaa &#8211; viikko 40<\/a><\/p>\n<p>Hyvinvointiviikon aikana voidaan nostaa esiin erilaisia\u00a0teemoja esiin ja n\u00e4kyv\u00e4ksi\u00a0arjessa.\u00a0 Jatkossa j\u00e4rjest\u00e4misvastuu tulisi olla lukioiden opiskelijahyvinvointiryhm\u00e4ll\u00e4, johon kuuluvat opinto-ohjaajat, psykologi, kuraattori,\u00a0terveydenhoitajat, opettajia, vanhempine esutaja sek\u00e4 opiskelijaedustajat.\u00a0Hyvinvointiviikonohjelman olisi hyv\u00e4 limitty\u00e4 arkeen ilman erillist\u00e4 suurta tapahtumaa, mutta jokaisen vuoden suunnitelma voi toki olla erilainen ja muuntua esimerkiksi ammatillisen koulutuksen kanssa teht\u00e4v\u00e4n yhteisty\u00f6n mahdollistamiseksi.<\/p>\n<p>Hyvinvointiviikon ohjelman suunnittelussa yhteisty\u00f6n tekeminen ammatillisen puolen toimijoiden kanssa lis\u00e4\u00e4 yhteenkuuluvuutta koulutuskuntayhtym\u00e4n tasolla. Ammatillisen puolen hyvinvointiviikko koostuu kuitenkin<\/p>\n","protected":false},"excerpt":{"rendered":"<p>Jyv\u00e4skyl\u00e4n koulutuskuntayhtym\u00e4n lukiokoulutuksen Hyvinvointiviikkoa vietettiin ensimm\u00e4isen kerran syksyll\u00e4 2016 viikolla 40. Ammatillinen koulutus viett\u00e4\u00e4 kyseist\u00e4 viikkoa Hyvinvointivirtaa ja aineistoa viikkoon tuottaa Saku\u00a0ry. Lis\u00e4tietoa: SAKU ry &#8211; Hyvinvointivirtaa &#8211; viikko 40 Hyvinvointiviikon aikana voidaan nostaa esiin erilaisia\u00a0teemoja esiin ja n\u00e4kyv\u00e4ksi\u00a0arjessa.\u00a0 Jatkossa j\u00e4rjest\u00e4misvastuu tulisi olla lukioiden opiskelijahyvinvointiryhm\u00e4ll\u00e4, johon kuuluvat opinto-ohjaajat, psykologi, kuraattori,\u00a0terveydenhoitajat, opettajia, vanhempine esutaja sek\u00e4 opiskelijaedustajat.\u00a0Hyvinvointiviikonohjelman &hellip; <a href=\"https:\/\/blogit.gradia.fi\/hyvinvointimalli\/hyvinvointiviikko-2\/\" class=\"more-link\">Jatka lukemista <span class=\"screen-reader-text\">Hyvinvointiviikko<\/span> <span class=\"meta-nav\">&rarr;<\/span><\/a><\/p>\n","protected":false},"author":610,"featured_media":0,"parent":0,"menu_order":0,"comment_status":"closed","ping_status":"closed","template":"","meta":{"_uag_custom_page_level_css":"","footnotes":""},"class_list":["post-241","page","type-page","status-publish","hentry"],"yoast_head":"<!-- This site is optimized with the Yoast SEO plugin v27.4 - https:\/\/yoast.com\/product\/yoast-seo-wordpress\/ -->\n<title>Hyvinvointiviikko - Hyvinvointia 2.asteelle<\/title>\n<meta name=\"robots\" content=\"index, follow, max-snippet:-1, max-image-preview:large, max-video-preview:-1\" \/>\n<link rel=\"canonical\" href=\"https:\/\/blogit.gradia.fi\/hyvinvointimalli\/hyvinvointiviikko-2\/\" \/>\n<meta property=\"og:locale\" content=\"fi_FI\" \/>\n<meta property=\"og:type\" content=\"article\" \/>\n<meta property=\"og:title\" content=\"Hyvinvointiviikko - Hyvinvointia 2.asteelle\" \/>\n<meta property=\"og:description\" content=\"Jyv\u00e4skyl\u00e4n koulutuskuntayhtym\u00e4n lukiokoulutuksen Hyvinvointiviikkoa vietettiin ensimm\u00e4isen kerran syksyll\u00e4 2016 viikolla 40. Ammatillinen koulutus viett\u00e4\u00e4 kyseist\u00e4 viikkoa Hyvinvointivirtaa ja aineistoa viikkoon tuottaa Saku\u00a0ry. Lis\u00e4tietoa: SAKU ry &#8211; Hyvinvointivirtaa &#8211; viikko 40 Hyvinvointiviikon aikana voidaan nostaa esiin erilaisia\u00a0teemoja esiin ja n\u00e4kyv\u00e4ksi\u00a0arjessa.\u00a0 Jatkossa j\u00e4rjest\u00e4misvastuu tulisi olla lukioiden opiskelijahyvinvointiryhm\u00e4ll\u00e4, johon kuuluvat opinto-ohjaajat, psykologi, kuraattori,\u00a0terveydenhoitajat, opettajia, vanhempine esutaja sek\u00e4 opiskelijaedustajat.\u00a0Hyvinvointiviikonohjelman &hellip; Jatka lukemista Hyvinvointiviikko &rarr;\" \/>\n<meta property=\"og:url\" content=\"https:\/\/blogit.gradia.fi\/hyvinvointimalli\/hyvinvointiviikko-2\/\" \/>\n<meta property=\"og:site_name\" content=\"Hyvinvointia 2.asteelle\" \/>\n<meta name=\"twitter:card\" content=\"summary_large_image\" \/>\n<meta name=\"twitter:label1\" content=\"Arvioitu lukuaika\" \/>\n\t<meta name=\"twitter:data1\" content=\"1 minuutti\" \/>\n<script type=\"application\/ld+json\" class=\"yoast-schema-graph\">{\"@context\":\"https:\\\/\\\/schema.org\",\"@graph\":[{\"@type\":\"WebPage\",\"@id\":\"https:\\\/\\\/blogit.gradia.fi\\\/hyvinvointimalli\\\/hyvinvointiviikko-2\\\/\",\"url\":\"https:\\\/\\\/blogit.gradia.fi\\\/hyvinvointimalli\\\/hyvinvointiviikko-2\\\/\",\"name\":\"Hyvinvointiviikko - Hyvinvointia 2.asteelle\",\"isPartOf\":{\"@id\":\"https:\\\/\\\/blogit.gradia.fi\\\/hyvinvointimalli\\\/#website\"},\"datePublished\":\"2016-11-28T11:57:53+00:00\",\"inLanguage\":\"fi\",\"potentialAction\":[{\"@type\":\"ReadAction\",\"target\":[\"https:\\\/\\\/blogit.gradia.fi\\\/hyvinvointimalli\\\/hyvinvointiviikko-2\\\/\"]}]},{\"@type\":\"WebSite\",\"@id\":\"https:\\\/\\\/blogit.gradia.fi\\\/hyvinvointimalli\\\/#website\",\"url\":\"https:\\\/\\\/blogit.gradia.fi\\\/hyvinvointimalli\\\/\",\"name\":\"Hyvinvointia 2.asteelle\",\"description\":\"Jyv\u00e4skyl\u00e4n koulutuskuntayhtym\u00e4n lukiokoulutuksen hyvinvointimalli\",\"potentialAction\":[{\"@type\":\"SearchAction\",\"target\":{\"@type\":\"EntryPoint\",\"urlTemplate\":\"https:\\\/\\\/blogit.gradia.fi\\\/hyvinvointimalli\\\/?s={search_term_string}\"},\"query-input\":{\"@type\":\"PropertyValueSpecification\",\"valueRequired\":true,\"valueName\":\"search_term_string\"}}],\"inLanguage\":\"fi\"}]}<\/script>\n<!-- \/ Yoast SEO plugin. -->","yoast_head_json":{"title":"Hyvinvointiviikko - Hyvinvointia 2.asteelle","robots":{"index":"index","follow":"follow","max-snippet":"max-snippet:-1","max-image-preview":"max-image-preview:large","max-video-preview":"max-video-preview:-1"},"canonical":"https:\/\/blogit.gradia.fi\/hyvinvointimalli\/hyvinvointiviikko-2\/","og_locale":"fi_FI","og_type":"article","og_title":"Hyvinvointiviikko - Hyvinvointia 2.asteelle","og_description":"Jyv\u00e4skyl\u00e4n koulutuskuntayhtym\u00e4n lukiokoulutuksen Hyvinvointiviikkoa vietettiin ensimm\u00e4isen kerran syksyll\u00e4 2016 viikolla 40. Ammatillinen koulutus viett\u00e4\u00e4 kyseist\u00e4 viikkoa Hyvinvointivirtaa ja aineistoa viikkoon tuottaa Saku\u00a0ry. Lis\u00e4tietoa: SAKU ry &#8211; Hyvinvointivirtaa &#8211; viikko 40 Hyvinvointiviikon aikana voidaan nostaa esiin erilaisia\u00a0teemoja esiin ja n\u00e4kyv\u00e4ksi\u00a0arjessa.\u00a0 Jatkossa j\u00e4rjest\u00e4misvastuu tulisi olla lukioiden opiskelijahyvinvointiryhm\u00e4ll\u00e4, johon kuuluvat opinto-ohjaajat, psykologi, kuraattori,\u00a0terveydenhoitajat, opettajia, vanhempine esutaja sek\u00e4 opiskelijaedustajat.\u00a0Hyvinvointiviikonohjelman &hellip; Jatka lukemista Hyvinvointiviikko &rarr;","og_url":"https:\/\/blogit.gradia.fi\/hyvinvointimalli\/hyvinvointiviikko-2\/","og_site_name":"Hyvinvointia 2.asteelle","twitter_card":"summary_large_image","twitter_misc":{"Arvioitu lukuaika":"1 minuutti"},"schema":{"@context":"https:\/\/schema.org","@graph":[{"@type":"WebPage","@id":"https:\/\/blogit.gradia.fi\/hyvinvointimalli\/hyvinvointiviikko-2\/","url":"https:\/\/blogit.gradia.fi\/hyvinvointimalli\/hyvinvointiviikko-2\/","name":"Hyvinvointiviikko - Hyvinvointia 2.asteelle","isPartOf":{"@id":"https:\/\/blogit.gradia.fi\/hyvinvointimalli\/#website"},"datePublished":"2016-11-28T11:57:53+00:00","inLanguage":"fi","potentialAction":[{"@type":"ReadAction","target":["https:\/\/blogit.gradia.fi\/hyvinvointimalli\/hyvinvointiviikko-2\/"]}]},{"@type":"WebSite","@id":"https:\/\/blogit.gradia.fi\/hyvinvointimalli\/#website","url":"https:\/\/blogit.gradia.fi\/hyvinvointimalli\/","name":"Hyvinvointia 2.asteelle","description":"Jyv\u00e4skyl\u00e4n koulutuskuntayhtym\u00e4n lukiokoulutuksen hyvinvointimalli","potentialAction":[{"@type":"SearchAction","target":{"@type":"EntryPoint","urlTemplate":"https:\/\/blogit.gradia.fi\/hyvinvointimalli\/?s={search_term_string}"},"query-input":{"@type":"PropertyValueSpecification","valueRequired":true,"valueName":"search_term_string"}}],"inLanguage":"fi"}]}},"uagb_featured_image_src":{"full":false,"thumbnail":false,"medium":false,"medium_large":false,"large":false,"1536x1536":false,"2048x2048":false,"post-thumbnail":false},"uagb_author_info":{"display_name":"Minna Saikkonen","author_link":"https:\/\/blogit.gradia.fi\/hyvinvointimalli\/author\/saikkmin\/"},"uagb_comment_info":0,"uagb_excerpt":"Jyv\u00e4skyl\u00e4n koulutuskuntayhtym\u00e4n lukiokoulutuksen Hyvinvointiviikkoa vietettiin ensimm\u00e4isen kerran syksyll\u00e4 2016 viikolla 40. Ammatillinen koulutus viett\u00e4\u00e4 kyseist\u00e4 viikkoa Hyvinvointivirtaa ja aineistoa viikkoon tuottaa Saku\u00a0ry. Lis\u00e4tietoa: SAKU ry &#8211; Hyvinvointivirtaa &#8211; viikko 40 Hyvinvointiviikon aikana voidaan nostaa esiin erilaisia\u00a0teemoja esiin ja n\u00e4kyv\u00e4ksi\u00a0arjessa.\u00a0 Jatkossa j\u00e4rjest\u00e4misvastuu tulisi olla lukioiden opiskelijahyvinvointiryhm\u00e4ll\u00e4, johon kuuluvat opinto-ohjaajat, psykologi, kuraattori,\u00a0terveydenhoitajat, opettajia, vanhempine esutaja sek\u00e4 opiskelijaedustajat.\u00a0Hyvinvointiviikonohjelman&hellip;","_links":{"self":[{"href":"https:\/\/blogit.gradia.fi\/hyvinvointimalli\/wp-json\/wp\/v2\/pages\/241","targetHints":{"allow":["GET"]}}],"collection":[{"href":"https:\/\/blogit.gradia.fi\/hyvinvointimalli\/wp-json\/wp\/v2\/pages"}],"about":[{"href":"https:\/\/blogit.gradia.fi\/hyvinvointimalli\/wp-json\/wp\/v2\/types\/page"}],"author":[{"embeddable":true,"href":"https:\/\/blogit.gradia.fi\/hyvinvointimalli\/wp-json\/wp\/v2\/users\/610"}],"replies":[{"embeddable":true,"href":"https:\/\/blogit.gradia.fi\/hyvinvointimalli\/wp-json\/wp\/v2\/comments?post=241"}],"version-history":[{"count":0,"href":"https:\/\/blogit.gradia.fi\/hyvinvointimalli\/wp-json\/wp\/v2\/pages\/241\/revisions"}],"wp:attachment":[{"href":"https:\/\/blogit.gradia.fi\/hyvinvointimalli\/wp-json\/wp\/v2\/media?parent=241"}],"curies":[{"name":"wp","href":"https:\/\/api.w.org\/{rel}","templated":true}]}}