{"id":16,"date":"2016-09-08T15:18:47","date_gmt":"2016-09-08T12:18:47","guid":{"rendered":"https:\/\/blogit.gradia.fi\/hyvinvointimalli\/?page_id=16"},"modified":"2016-11-30T15:53:37","modified_gmt":"2016-11-30T13:53:37","slug":"liikuntatutortoiminta","status":"publish","type":"page","link":"https:\/\/blogit.gradia.fi\/hyvinvointimalli\/liikuntatutortoiminta\/","title":{"rendered":"Liikuntatutortoiminta"},"content":{"rendered":"<div>Liikuntatutortoiminnan tavoitteena on <strong>lis\u00e4t\u00e4 liikett\u00e4 <\/strong>sek\u00e4 tunneilla, mutta my\u00f6s tuntien j\u00e4lkeen ja v\u00e4litunneilla. Liikuntatutortoiminnan tarkoituksena on olla koko lukion\u00a0liikkeen lis\u00e4\u00e4j\u00e4 ja antaa sys\u00e4ys my\u00f6s opettajille lis\u00e4t\u00e4 tuntien arkiaktiivisuutta ja muistuttaa heit\u00e4\u00a0 istumisen katkaisemisesta.<\/div>\n<div><\/div>\n<div>\u00a0\u00a0 <img loading=\"lazy\" decoding=\"async\" class=\"alignnone size-medium wp-image-190\" src=\"https:\/\/blogit.gradia.fi\/hyvinvointimalli\/wp-content\/uploads\/sites\/112\/2016\/09\/Kuva2-300x210.png\" alt=\"kuva2\" width=\"300\" height=\"210\" srcset=\"https:\/\/blogit.gradia.fi\/hyvinvointimalli\/wp-content\/uploads\/sites\/112\/2016\/09\/Kuva2-300x210.png 300w, https:\/\/blogit.gradia.fi\/hyvinvointimalli\/wp-content\/uploads\/sites\/112\/2016\/09\/Kuva2.png 395w\" sizes=\"auto, (max-width: 300px) 100vw, 300px\" \/><\/div>\n<div><\/div>\n<div>Tavoitteena on, ett\u00e4 liikuntatutoreita olisi yksik\u00f6itt\u00e4in v\u00e4hint\u00e4\u00e4n\u00a05-6 opiskelijaa. Opiskelijat valitaan tammikuussa ja he saavat koulutuksen tutoreiksi. Koulutuksessa k\u00e4ytet\u00e4\u00e4n apuna Keski-Suomen Liikunnan asiantuntemusta. Liikuntatutoreiden valinnassa voidaan painottaa liikunnallisuutta, mutta sen ei tule olla ainut ja merkitt\u00e4vin tutorin\u00a0valintaperuste. Tarkoituksena on saada erityisesti v\u00e4hiten liikkuvat lis\u00e4\u00e4m\u00e4\u00e4n liikett\u00e4 arkeen, joten <strong>liikuntatutoreiksi tulisi valita erilaisia liikkujia<\/strong> &#8211; sellaisia, joihin my\u00f6s v\u00e4h\u00e4n liikkuvien opiskelijoiden on helppo samaistua. Liikuntatutorin tulisi ymm\u00e4rt\u00e4\u00e4 vastuunsa liikunnan edist\u00e4j\u00e4n\u00e4 ja toimia muita kannustavana liikunnan lis\u00e4\u00e4j\u00e4n\u00e4.<\/div>\n<div><\/div>\n<div>\n<hr \/>\n<\/div>\n<div>Liikuntatutoreiksi valitut opiskelijat saavat ty\u00f6st\u00e4\u00e4n teht\u00e4v\u00e4n laajuuden ja\u00a0ty\u00f6m\u00e4\u00e4r\u00e4n mukaan 1 \u2013 2 lukiokurssia. Ty\u00f6m\u00e4\u00e4r\u00e4n seuranta tapahtuu p\u00e4iv\u00e4kirjalla, jonka liikuntatutoreita ohjaava opettaja todentaa.<\/div>\n<div><\/div>\n<div>\u00a0<img loading=\"lazy\" decoding=\"async\" class=\"alignnone size-medium wp-image-192\" src=\"https:\/\/blogit.gradia.fi\/hyvinvointimalli\/wp-content\/uploads\/sites\/112\/2016\/09\/Kuva5-300x200.png\" alt=\"kuva5\" width=\"300\" height=\"200\" srcset=\"https:\/\/blogit.gradia.fi\/hyvinvointimalli\/wp-content\/uploads\/sites\/112\/2016\/09\/Kuva5-300x200.png 300w, https:\/\/blogit.gradia.fi\/hyvinvointimalli\/wp-content\/uploads\/sites\/112\/2016\/09\/Kuva5.png 550w\" sizes=\"auto, (max-width: 300px) 100vw, 300px\" \/>\u00a0\u00a0\u00a0\u00a0\u00a0 <img loading=\"lazy\" decoding=\"async\" class=\"alignnone wp-image-189\" src=\"https:\/\/blogit.gradia.fi\/hyvinvointimalli\/wp-content\/uploads\/sites\/112\/2016\/09\/Kuva1-300x225.png\" alt=\"kuva1\" width=\"268\" height=\"201\" srcset=\"https:\/\/blogit.gradia.fi\/hyvinvointimalli\/wp-content\/uploads\/sites\/112\/2016\/09\/Kuva1-300x225.png 300w, https:\/\/blogit.gradia.fi\/hyvinvointimalli\/wp-content\/uploads\/sites\/112\/2016\/09\/Kuva1.png 539w\" sizes=\"auto, (max-width: 268px) 100vw, 268px\" \/><\/div>\n<div><\/div>\n<div>Liikuntatutoreiden <strong>teht\u00e4v\u00e4nkuvaan<\/strong> kuuluu hyppytuntien liikuntaideoiden suunnittelu ja toteutus, v\u00e4lituntiaktiviteettien suunnittelu ja toteutus, turnausten tai muiden liikuntatapahtumien j\u00e4rjest\u00e4minen sek\u00e4 tuntien aktivoiminen. Liikuntatutor voi sanoa onnistuneensa teht\u00e4v\u00e4ss\u00e4\u00e4n, jos h\u00e4n on auttanut opiskelijakaveriaan l\u00f6yt\u00e4m\u00e4\u00e4n oman tapansa liikkua ja kannustanut joko omalla toiminnallaan tai esimerkill\u00e4\u00e4n liikkumisen lis\u00e4\u00e4miseen.<\/div>\n<div>\n<hr \/>\n<\/div>\n<div>Liikuntatutortoiminnalla on lukiolle\u00a0suuri merkitys <strong>yhteis\u00f6llisyyden n\u00e4k\u00f6kulmasta.<\/strong> Yhteinen liikkuminen ja siin\u00e4 koettu onnistuminen sek\u00e4 ilo,\u00a0lis\u00e4\u00e4v\u00e4t lukiolaisten ja\u00a0henkil\u00f6kunnan\u00a0yhteenkuuluvuuden tunnetta. Iloinen opiskelija ja me-henki\u00a0lis\u00e4\u00e4v\u00e4t viihtyisyytt\u00e4 ja\u00a0tukevat oppimistuloksia. Liikuntatutortoiminnalla on suuri merkitys my\u00f6s opiskelijahuollon n\u00e4k\u00f6kulmasta. Taukojumpat, istumisen katkaisu sek\u00e4 kuntosalitoiminta saattavat olla merkitt\u00e4v\u00e4 helpotus esimerkiksi niska-hartia-alueen ongelmiin. Lis\u00e4ksi liikkuvan ihmisen unenlaatu ja mieliala paranee. Mik\u00e4li t\u00e4ll\u00e4 toiminnalla saadaan yksikin liikkumaton nuori aktivoitua, v\u00e4henev\u00e4t my\u00f6s\u00a0yhteiskunnalle koituvat liikkumattomuuden\u00a0taloudelliset kustannukset tulevaisuudessa.<\/div>\n<div><\/div>\n<div>Linkki: Jyv\u00e4skyl\u00e4n koulutuskuntayhtym\u00e4n liikuntatutoreiden ensimm\u00e4inen vuosi<\/div>\n<div><\/div>\n<div><\/div>\n<div>LIIKUNTAVAKSIT<\/div>\n<div>\n<hr \/>\n<\/div>\n<div><strong>Liikuntatutortoiminta p\u00e4hkin\u00e4nkuoressa<\/strong><\/div>\n<ul>\n<li><strong>valitse opettaja, joka vastaa toiminnasta &#8211; tiedota muita opettajia<\/strong><\/li>\n<li><strong>valitse sopivat liikuntatutorit &#8211; sek\u00e4 poikia ett\u00e4 tytt\u00f6j\u00e4<\/strong><\/li>\n<li><strong>kouluta liikuntatutorit &#8211; painota &#8221;kaikki liike on hyv\u00e4\u00e4&#8221;-periaatetta<\/strong><\/li>\n<li><strong>anna liikuntatutoreille sopivasti vastuuta ja vapautta toimia<\/strong><\/li>\n<\/ul>\n<p><img loading=\"lazy\" decoding=\"async\" class=\"size-medium wp-image-191 aligncenter\" src=\"https:\/\/blogit.gradia.fi\/hyvinvointimalli\/wp-content\/uploads\/sites\/112\/2016\/09\/Kuva3-300x222.png\" alt=\"kuva3\" width=\"300\" height=\"222\" srcset=\"https:\/\/blogit.gradia.fi\/hyvinvointimalli\/wp-content\/uploads\/sites\/112\/2016\/09\/Kuva3-300x222.png 300w, https:\/\/blogit.gradia.fi\/hyvinvointimalli\/wp-content\/uploads\/sites\/112\/2016\/09\/Kuva3.png 436w\" sizes=\"auto, (max-width: 300px) 100vw, 300px\" \/><\/p>\n","protected":false},"excerpt":{"rendered":"<p>Liikuntatutortoiminnan tavoitteena on lis\u00e4t\u00e4 liikett\u00e4 sek\u00e4 tunneilla, mutta my\u00f6s tuntien j\u00e4lkeen ja v\u00e4litunneilla. Liikuntatutortoiminnan tarkoituksena on olla koko lukion\u00a0liikkeen lis\u00e4\u00e4j\u00e4 ja antaa sys\u00e4ys my\u00f6s opettajille lis\u00e4t\u00e4 tuntien arkiaktiivisuutta ja muistuttaa heit\u00e4\u00a0 istumisen katkaisemisesta. \u00a0\u00a0 Tavoitteena on, ett\u00e4 liikuntatutoreita olisi yksik\u00f6itt\u00e4in v\u00e4hint\u00e4\u00e4n\u00a05-6 opiskelijaa. Opiskelijat valitaan tammikuussa ja he saavat koulutuksen tutoreiksi. Koulutuksessa k\u00e4ytet\u00e4\u00e4n apuna Keski-Suomen Liikunnan &hellip; <a href=\"https:\/\/blogit.gradia.fi\/hyvinvointimalli\/liikuntatutortoiminta\/\" class=\"more-link\">Jatka lukemista <span class=\"screen-reader-text\">Liikuntatutortoiminta<\/span> <span class=\"meta-nav\">&rarr;<\/span><\/a><\/p>\n","protected":false},"author":610,"featured_media":0,"parent":0,"menu_order":0,"comment_status":"closed","ping_status":"closed","template":"","meta":{"_uag_custom_page_level_css":"","footnotes":""},"class_list":["post-16","page","type-page","status-publish","hentry"],"yoast_head":"<!-- This site is optimized with the Yoast SEO plugin v27.4 - https:\/\/yoast.com\/product\/yoast-seo-wordpress\/ -->\n<title>Liikuntatutortoiminta - Hyvinvointia 2.asteelle<\/title>\n<meta name=\"robots\" content=\"index, follow, max-snippet:-1, max-image-preview:large, max-video-preview:-1\" \/>\n<link rel=\"canonical\" href=\"https:\/\/blogit.gradia.fi\/hyvinvointimalli\/liikuntatutortoiminta\/\" \/>\n<meta property=\"og:locale\" content=\"fi_FI\" \/>\n<meta property=\"og:type\" content=\"article\" \/>\n<meta property=\"og:title\" content=\"Liikuntatutortoiminta - Hyvinvointia 2.asteelle\" \/>\n<meta property=\"og:description\" content=\"Liikuntatutortoiminnan tavoitteena on lis\u00e4t\u00e4 liikett\u00e4 sek\u00e4 tunneilla, mutta my\u00f6s tuntien j\u00e4lkeen ja v\u00e4litunneilla. Liikuntatutortoiminnan tarkoituksena on olla koko lukion\u00a0liikkeen lis\u00e4\u00e4j\u00e4 ja antaa sys\u00e4ys my\u00f6s opettajille lis\u00e4t\u00e4 tuntien arkiaktiivisuutta ja muistuttaa heit\u00e4\u00a0 istumisen katkaisemisesta. \u00a0\u00a0 Tavoitteena on, ett\u00e4 liikuntatutoreita olisi yksik\u00f6itt\u00e4in v\u00e4hint\u00e4\u00e4n\u00a05-6 opiskelijaa. Opiskelijat valitaan tammikuussa ja he saavat koulutuksen tutoreiksi. Koulutuksessa k\u00e4ytet\u00e4\u00e4n apuna Keski-Suomen Liikunnan &hellip; Jatka lukemista Liikuntatutortoiminta &rarr;\" \/>\n<meta property=\"og:url\" content=\"https:\/\/blogit.gradia.fi\/hyvinvointimalli\/liikuntatutortoiminta\/\" \/>\n<meta property=\"og:site_name\" content=\"Hyvinvointia 2.asteelle\" \/>\n<meta property=\"article:modified_time\" content=\"2016-11-30T13:53:37+00:00\" \/>\n<meta property=\"og:image\" content=\"https:\/\/blogit.gradia.fi\/hyvinvointimalli\/wp-content\/uploads\/sites\/112\/2016\/09\/Kuva2-300x210.png\" \/>\n<meta name=\"twitter:card\" content=\"summary_large_image\" \/>\n<meta name=\"twitter:label1\" content=\"Arvioitu lukuaika\" \/>\n\t<meta name=\"twitter:data1\" content=\"2 minuuttia\" \/>\n<script type=\"application\/ld+json\" class=\"yoast-schema-graph\">{\"@context\":\"https:\\\/\\\/schema.org\",\"@graph\":[{\"@type\":\"WebPage\",\"@id\":\"https:\\\/\\\/blogit.gradia.fi\\\/hyvinvointimalli\\\/liikuntatutortoiminta\\\/\",\"url\":\"https:\\\/\\\/blogit.gradia.fi\\\/hyvinvointimalli\\\/liikuntatutortoiminta\\\/\",\"name\":\"Liikuntatutortoiminta - Hyvinvointia 2.asteelle\",\"isPartOf\":{\"@id\":\"https:\\\/\\\/blogit.gradia.fi\\\/hyvinvointimalli\\\/#website\"},\"primaryImageOfPage\":{\"@id\":\"https:\\\/\\\/blogit.gradia.fi\\\/hyvinvointimalli\\\/liikuntatutortoiminta\\\/#primaryimage\"},\"image\":{\"@id\":\"https:\\\/\\\/blogit.gradia.fi\\\/hyvinvointimalli\\\/liikuntatutortoiminta\\\/#primaryimage\"},\"thumbnailUrl\":\"https:\\\/\\\/blogit.gradia.fi\\\/hyvinvointimalli\\\/wp-content\\\/uploads\\\/sites\\\/112\\\/2016\\\/09\\\/Kuva2-300x210.png\",\"datePublished\":\"2016-09-08T12:18:47+00:00\",\"dateModified\":\"2016-11-30T13:53:37+00:00\",\"inLanguage\":\"fi\",\"potentialAction\":[{\"@type\":\"ReadAction\",\"target\":[\"https:\\\/\\\/blogit.gradia.fi\\\/hyvinvointimalli\\\/liikuntatutortoiminta\\\/\"]}]},{\"@type\":\"ImageObject\",\"inLanguage\":\"fi\",\"@id\":\"https:\\\/\\\/blogit.gradia.fi\\\/hyvinvointimalli\\\/liikuntatutortoiminta\\\/#primaryimage\",\"url\":\"https:\\\/\\\/blogit.gradia.fi\\\/hyvinvointimalli\\\/wp-content\\\/uploads\\\/sites\\\/112\\\/2016\\\/09\\\/Kuva2.png\",\"contentUrl\":\"https:\\\/\\\/blogit.gradia.fi\\\/hyvinvointimalli\\\/wp-content\\\/uploads\\\/sites\\\/112\\\/2016\\\/09\\\/Kuva2.png\",\"width\":395,\"height\":276},{\"@type\":\"WebSite\",\"@id\":\"https:\\\/\\\/blogit.gradia.fi\\\/hyvinvointimalli\\\/#website\",\"url\":\"https:\\\/\\\/blogit.gradia.fi\\\/hyvinvointimalli\\\/\",\"name\":\"Hyvinvointia 2.asteelle\",\"description\":\"Jyv\u00e4skyl\u00e4n koulutuskuntayhtym\u00e4n lukiokoulutuksen hyvinvointimalli\",\"potentialAction\":[{\"@type\":\"SearchAction\",\"target\":{\"@type\":\"EntryPoint\",\"urlTemplate\":\"https:\\\/\\\/blogit.gradia.fi\\\/hyvinvointimalli\\\/?s={search_term_string}\"},\"query-input\":{\"@type\":\"PropertyValueSpecification\",\"valueRequired\":true,\"valueName\":\"search_term_string\"}}],\"inLanguage\":\"fi\"}]}<\/script>\n<!-- \/ Yoast SEO plugin. -->","yoast_head_json":{"title":"Liikuntatutortoiminta - Hyvinvointia 2.asteelle","robots":{"index":"index","follow":"follow","max-snippet":"max-snippet:-1","max-image-preview":"max-image-preview:large","max-video-preview":"max-video-preview:-1"},"canonical":"https:\/\/blogit.gradia.fi\/hyvinvointimalli\/liikuntatutortoiminta\/","og_locale":"fi_FI","og_type":"article","og_title":"Liikuntatutortoiminta - Hyvinvointia 2.asteelle","og_description":"Liikuntatutortoiminnan tavoitteena on lis\u00e4t\u00e4 liikett\u00e4 sek\u00e4 tunneilla, mutta my\u00f6s tuntien j\u00e4lkeen ja v\u00e4litunneilla. Liikuntatutortoiminnan tarkoituksena on olla koko lukion\u00a0liikkeen lis\u00e4\u00e4j\u00e4 ja antaa sys\u00e4ys my\u00f6s opettajille lis\u00e4t\u00e4 tuntien arkiaktiivisuutta ja muistuttaa heit\u00e4\u00a0 istumisen katkaisemisesta. \u00a0\u00a0 Tavoitteena on, ett\u00e4 liikuntatutoreita olisi yksik\u00f6itt\u00e4in v\u00e4hint\u00e4\u00e4n\u00a05-6 opiskelijaa. Opiskelijat valitaan tammikuussa ja he saavat koulutuksen tutoreiksi. Koulutuksessa k\u00e4ytet\u00e4\u00e4n apuna Keski-Suomen Liikunnan &hellip; Jatka lukemista Liikuntatutortoiminta &rarr;","og_url":"https:\/\/blogit.gradia.fi\/hyvinvointimalli\/liikuntatutortoiminta\/","og_site_name":"Hyvinvointia 2.asteelle","article_modified_time":"2016-11-30T13:53:37+00:00","og_image":[{"url":"https:\/\/blogit.gradia.fi\/hyvinvointimalli\/wp-content\/uploads\/sites\/112\/2016\/09\/Kuva2-300x210.png","type":"","width":"","height":""}],"twitter_card":"summary_large_image","twitter_misc":{"Arvioitu lukuaika":"2 minuuttia"},"schema":{"@context":"https:\/\/schema.org","@graph":[{"@type":"WebPage","@id":"https:\/\/blogit.gradia.fi\/hyvinvointimalli\/liikuntatutortoiminta\/","url":"https:\/\/blogit.gradia.fi\/hyvinvointimalli\/liikuntatutortoiminta\/","name":"Liikuntatutortoiminta - Hyvinvointia 2.asteelle","isPartOf":{"@id":"https:\/\/blogit.gradia.fi\/hyvinvointimalli\/#website"},"primaryImageOfPage":{"@id":"https:\/\/blogit.gradia.fi\/hyvinvointimalli\/liikuntatutortoiminta\/#primaryimage"},"image":{"@id":"https:\/\/blogit.gradia.fi\/hyvinvointimalli\/liikuntatutortoiminta\/#primaryimage"},"thumbnailUrl":"https:\/\/blogit.gradia.fi\/hyvinvointimalli\/wp-content\/uploads\/sites\/112\/2016\/09\/Kuva2-300x210.png","datePublished":"2016-09-08T12:18:47+00:00","dateModified":"2016-11-30T13:53:37+00:00","inLanguage":"fi","potentialAction":[{"@type":"ReadAction","target":["https:\/\/blogit.gradia.fi\/hyvinvointimalli\/liikuntatutortoiminta\/"]}]},{"@type":"ImageObject","inLanguage":"fi","@id":"https:\/\/blogit.gradia.fi\/hyvinvointimalli\/liikuntatutortoiminta\/#primaryimage","url":"https:\/\/blogit.gradia.fi\/hyvinvointimalli\/wp-content\/uploads\/sites\/112\/2016\/09\/Kuva2.png","contentUrl":"https:\/\/blogit.gradia.fi\/hyvinvointimalli\/wp-content\/uploads\/sites\/112\/2016\/09\/Kuva2.png","width":395,"height":276},{"@type":"WebSite","@id":"https:\/\/blogit.gradia.fi\/hyvinvointimalli\/#website","url":"https:\/\/blogit.gradia.fi\/hyvinvointimalli\/","name":"Hyvinvointia 2.asteelle","description":"Jyv\u00e4skyl\u00e4n koulutuskuntayhtym\u00e4n lukiokoulutuksen hyvinvointimalli","potentialAction":[{"@type":"SearchAction","target":{"@type":"EntryPoint","urlTemplate":"https:\/\/blogit.gradia.fi\/hyvinvointimalli\/?s={search_term_string}"},"query-input":{"@type":"PropertyValueSpecification","valueRequired":true,"valueName":"search_term_string"}}],"inLanguage":"fi"}]}},"uagb_featured_image_src":{"full":false,"thumbnail":false,"medium":false,"medium_large":false,"large":false,"1536x1536":false,"2048x2048":false,"post-thumbnail":false},"uagb_author_info":{"display_name":"Minna Saikkonen","author_link":"https:\/\/blogit.gradia.fi\/hyvinvointimalli\/author\/saikkmin\/"},"uagb_comment_info":0,"uagb_excerpt":"Liikuntatutortoiminnan tavoitteena on lis\u00e4t\u00e4 liikett\u00e4 sek\u00e4 tunneilla, mutta my\u00f6s tuntien j\u00e4lkeen ja v\u00e4litunneilla. Liikuntatutortoiminnan tarkoituksena on olla koko lukion\u00a0liikkeen lis\u00e4\u00e4j\u00e4 ja antaa sys\u00e4ys my\u00f6s opettajille lis\u00e4t\u00e4 tuntien arkiaktiivisuutta ja muistuttaa heit\u00e4\u00a0 istumisen katkaisemisesta. \u00a0\u00a0 Tavoitteena on, ett\u00e4 liikuntatutoreita olisi yksik\u00f6itt\u00e4in v\u00e4hint\u00e4\u00e4n\u00a05-6 opiskelijaa. Opiskelijat valitaan tammikuussa ja he saavat koulutuksen tutoreiksi. Koulutuksessa k\u00e4ytet\u00e4\u00e4n apuna Keski-Suomen Liikunnan&hellip;","_links":{"self":[{"href":"https:\/\/blogit.gradia.fi\/hyvinvointimalli\/wp-json\/wp\/v2\/pages\/16","targetHints":{"allow":["GET"]}}],"collection":[{"href":"https:\/\/blogit.gradia.fi\/hyvinvointimalli\/wp-json\/wp\/v2\/pages"}],"about":[{"href":"https:\/\/blogit.gradia.fi\/hyvinvointimalli\/wp-json\/wp\/v2\/types\/page"}],"author":[{"embeddable":true,"href":"https:\/\/blogit.gradia.fi\/hyvinvointimalli\/wp-json\/wp\/v2\/users\/610"}],"replies":[{"embeddable":true,"href":"https:\/\/blogit.gradia.fi\/hyvinvointimalli\/wp-json\/wp\/v2\/comments?post=16"}],"version-history":[{"count":0,"href":"https:\/\/blogit.gradia.fi\/hyvinvointimalli\/wp-json\/wp\/v2\/pages\/16\/revisions"}],"wp:attachment":[{"href":"https:\/\/blogit.gradia.fi\/hyvinvointimalli\/wp-json\/wp\/v2\/media?parent=16"}],"curies":[{"name":"wp","href":"https:\/\/api.w.org\/{rel}","templated":true}]}}