{"id":114,"date":"2016-11-06T16:38:25","date_gmt":"2016-11-06T14:38:25","guid":{"rendered":"https:\/\/blogit.gradia.fi\/hyvinvointimalli\/?page_id=114"},"modified":"2016-12-09T07:10:58","modified_gmt":"2016-12-09T05:10:58","slug":"psyykkinen-hyvinvointi-2","status":"publish","type":"page","link":"https:\/\/blogit.gradia.fi\/hyvinvointimalli\/psyykkinen-hyvinvointi-2\/","title":{"rendered":"Psyykkinen hyvinvointi"},"content":{"rendered":"<p>Psyykkinen hyvinvointi on tila, jossa ihminen kykenee selviytym\u00e4\u00e4n el\u00e4m\u00e4\u00e4n kuuluvista haasteista ja n\u00e4kem\u00e4\u00e4n omat kykyns\u00e4, tekem\u00e4\u00e4n ty\u00f6ns\u00e4 ja ottamaan osaa yhteis\u00f6n toimintaan. Jokainen ty\u00f6ntekij\u00e4 tuo mukanaan ty\u00f6yhteis\u00f6\u00f6n omat vuorovaikutustaitonsa, kykyns\u00e4 ja ominaisuutensa. Ty\u00f6paikka voi tukea psyykkist\u00e4 hyvinvointia l\u00e4hinn\u00e4 ulkoisten keinojen kautta, tarjoamalla esimerkiksi koulutusmahdollisuuksia, esimiehen ja ty\u00f6yhteis\u00f6n tukea, vaikutusmahdollisuuksia sek\u00e4 auttamisj\u00e4rjestelmi\u00e4 kuten ty\u00f6terveyshuollon palveluita. Toki turvallinen ja terveellinen ty\u00f6yhteis\u00f6 v\u00e4hent\u00e4\u00e4 psyykkist\u00e4 kuormitusta jo itsess\u00e4\u00e4n.<\/p>\n<p>Ty\u00f6hyvinvointi ei voi olla arjesta irrallista toimintaa. Jyv\u00e4skyl\u00e4n koulutuskuntayhtym\u00e4ss\u00e4 ty\u00f6hyvinvointi kuuluu jokaisen perusteht\u00e4v\u00e4\u00e4n ja sit\u00e4 tehd\u00e4\u00e4n eri tahojen kuten henkil\u00f6st\u00f6hallinnon, esimiesten, ty\u00f6ntekij\u00f6iden ja eri yhteisty\u00f6tahojen kanssa.<\/p>\n<p>Psyykkisen ty\u00f6hyvinvoinnin kannalta t\u00e4ss\u00e4 k\u00e4sitelt\u00e4vi\u00e4 seikkoja ovat<\/p>\n<ul>\n<li><strong>perehdytt\u00e4minen<\/strong><\/li>\n<li><strong>ty\u00f6m\u00e4\u00e4r\u00e4 ja sen jakautuminen lukuvuoden aikana<br \/>\n<\/strong><\/li>\n<li><strong>osaamisen ja kouluttautumisen tukeminen<\/strong><\/li>\n<li><strong>kognitiivinen kuorma ja sen v\u00e4hent\u00e4minen<\/strong><\/li>\n<li><strong>jaettu johtajuus<\/strong><\/li>\n<li><strong>tapahtumat<\/strong><\/li>\n<li><strong>kehityskeskustelut<\/strong><\/li>\n<li><strong>ty\u00f6nohjaus<\/strong><\/li>\n<li><strong>palautumisen ja stressin mittaaminen ty\u00f6terveyshuollossa<\/strong><\/li>\n<li><strong>vertaismentorointi<\/strong><\/li>\n<li><strong>koulutuskuntayhtym\u00e4n kehitt\u00e4misen menetelm\u00e4t<\/strong><\/li>\n<li><strong>p\u00e4ihdeongelmat<\/strong><\/li>\n<\/ul>\n<p>Koulutuskuntayhtym\u00e4n ty\u00f6hyvinvointisuunnitelma edellytt\u00e4\u00e4 uuden tai pitk\u00e4\u00e4n poissaolleen\u00a0 ty\u00f6ntekij\u00e4n\u00a0<em><strong>hyv\u00e4\u00e4 perehdytt\u00e4mist\u00e4 ty\u00f6h\u00f6n <\/strong><\/em>palvelussuhteen alussa tai pitk\u00e4n poissaolon j\u00e4lkeen. Perehdytt\u00e4minen\u00a0lis\u00e4\u00e4 ty\u00f6n hallinnan tunnetta. Jyv\u00e4skyl\u00e4n koulutuskuntayhtym\u00e4n ty\u00f6hyvinvointisuunnitelmasta l\u00f6ytyv\u00e4t valmiit k\u00e4yt\u00e4nteet esimiehille, jotta\u00a0 uudelle ty\u00f6ntekij\u00e4lle\u00a0 voidaan laatia henkil\u00f6kohtainen perehdytt\u00e4missuunnitelma.<\/p>\n<p>Ty\u00f6hyvinvointisuunnitelman mukaan esimies perehdytt\u00e4\u00e4 ty\u00f6ntekij\u00e4n aina<\/p>\n<ul>\n<li>Jyv\u00e4skyl\u00e4n koulutuskuntayhtym\u00e4\u00e4n ja oman toimintayksik\u00f6n toimintaan<\/li>\n<li>ty\u00f6teht\u00e4viin<\/li>\n<li>j\u00e4rjestelmiin<\/li>\n<li>ty\u00f6yhteis\u00f6\u00f6n sek\u00e4 ty\u00f6kavereihin<\/li>\n<li>ty\u00f6turvallisuuteeen<\/li>\n<li>yhteistoimintaan<\/li>\n<li>henkil\u00f6st\u00f6hallintoon ja henkil\u00f6st\u00f6palveluihin<\/li>\n<\/ul>\n<p>Vastuu perehdytt\u00e4misest\u00e4 ja sen j\u00e4rjest\u00e4misest\u00e4 on aina viime k\u00e4dess\u00e4 esimiehell\u00e4.<\/p>\n<p>Osaamista vastaava virikkeellinen ty\u00f6teht\u00e4v\u00e4 lis\u00e4\u00e4 ty\u00f6hyvinvointia. Opettajat ovat ty\u00f6ntekij\u00f6in\u00e4 usein motivoituneita, mutta he kokevat ongelmaksi etenkin sen, ett\u00e4<strong><em>\u00a0ty\u00f6taakkaa jakautuu ep\u00e4tasaisesti lukuvuoden aikana<\/em><\/strong> ja aiheuttaa ongelmaa jaksamisen suhteen. T\u00e4h\u00e4n tulisi kiinnitt\u00e4\u00e4 erityist\u00e4 huomiota esimerkiksi lukuj\u00e4rjestysteknisin keinoin.<\/p>\n<p>Opettajan ty\u00f6 on muutoksessa. S\u00e4hk\u00f6istyv\u00e4 opetus, opetusmenetelmien ja arvioinnin muutos luovat paineita tehd\u00e4 asioita toisin. Muutoksesta johtuvaa ty\u00f6n kuormittavuutta voidaan v\u00e4hent\u00e4\u00e4 tarjoamalla <em><strong>oikea-aikaista koulutusta<\/strong><\/em>, jolloin ty\u00f6ntekij\u00e4n on helpompi selviyty\u00e4 ty\u00f6n mahdollisista uusista haasteista. Ty\u00f6ntekij\u00e4t voivat osallistua organisaation omiin koulutuksiin, joita tarjotaan erityisesti s\u00e4hk\u00f6isten opetusmenetelmien n\u00e4k\u00f6kulmasta. My\u00f6s muuhun koulutukseen ohjataan tarpeen mukaan ja opettajat kokevatkin p\u00e4\u00e4asiassa Jyv\u00e4skyl\u00e4n koulutuskuntayhtym\u00e4n lukioissa saavansa riitt\u00e4v\u00e4sti tarvitsemaansa koulutusta. Ty\u00f6teht\u00e4viin liittyvien koulutusten lis\u00e4ksi voidaan tarjota esimerkiksi voimavaroihin liittyv\u00e4\u00e4 koulutusta.<\/p>\n<p>Opettajien ja muun henkil\u00f6st\u00f6n kokema ns. <em><strong>kognitiivinen kuorma<\/strong><\/em> on jatkuvasti kasvanut. Kuorma muodostuu niist\u00e4 h\u00e4iri\u00f6tekij\u00f6ist\u00e4, jotka katkaisevat ty\u00f6skentely\u00e4mme ja kuormittavat muistiamme eli\u00a0 jatkuvista keskeytyksist\u00e4, pienten asioiden muistamisesta ja mieleenpainamisesta, \u00e4\u00e4nimelusta sek\u00e4 esimerkiksi s\u00e4hk\u00f6isest\u00e4 viestitulvasta. <em><strong>Viestinn\u00e4n<\/strong><\/em> oikea-aikaisuus ja toisaalta tiedon helppo tavoitettavuus tarvittaessa v\u00e4hent\u00e4\u00e4 viestinn\u00e4n aiheuttamaa kuormaa. Suurissa yksik\u00f6iss\u00e4 on kuitenkin vaikea rajata tietoa vain tietylle ihmisryhm\u00e4lle, koska usein tieto koskettaa suurta osaa yhteis\u00f6st\u00e4 ja toisaalta my\u00f6s avoimuuden kulttuuri edist\u00e4\u00e4 hyvinvointia. Yhteisten s\u00e4\u00e4nt\u00f6jen rakentaminen ja niiden noudattaminen viestinn\u00e4n suhteen helpottavat esimiesten ja henkil\u00f6st\u00f6n vuorovaikutusta. Mik\u00e4li ongelmana ovat jatkuvat keskeytykset, on hyv\u00e4 sopia <strong><em>vastaanottoajoista tai tavoista<\/em><\/strong>, jolloin ty\u00f6ntekij\u00e4\u00e4 tai esimiest\u00e4 saa h\u00e4irit\u00e4. <em><strong>Yhteisten ty\u00f6tilojen s\u00e4\u00e4nt\u00f6jen sek\u00e4 rikkomuksista m\u00e4\u00e4r\u00e4tt\u00e4vist\u00e4 sanktioista sopiminen<\/strong><\/em>, luovat ty\u00f6tilojen k\u00e4yt\u00f6lle rajat, jonka j\u00e4lkeen yh\u00e4 useampi kykenee tehokkaampaan ty\u00f6h\u00f6n samoissa tiloissa.<\/p>\n<p>Linkki: <a href=\"http:\/\/www.muistiliitto.fi\/files\/9613\/7586\/9975\/KognErgHuoneentaulu_esite_WEB.pdf\" target=\"_blank\">Muistiliitto &#8211; Kognitiivinen ergonomia ty\u00f6hyvinvoinnin tukena<\/a><\/p>\n<p>Esimiesten tulee huolehtia omasta osaamisestaan. Hyv\u00e4 ja tasa-arvoinen johtajuus on osa ty\u00f6ntekij\u00f6iden hyvinvointia. Lukiokoulutuksessa <em><strong>jaetulla johtajuudella<\/strong><\/em> annetaan henkil\u00f6st\u00f6lle se osa johtajuudesta, jossa sill\u00e4 on osaamista ja kyky\u00e4 tehd\u00e4 p\u00e4\u00e4t\u00f6ksi\u00e4. Lopulliset p\u00e4\u00e4t\u00f6kset tekee kuitenkin vastuussa oleva esimies. Jaettu johtajuus lis\u00e4\u00e4 henkil\u00f6st\u00f6n vaikutusmahdollisuuksia omaan ty\u00f6h\u00f6ns\u00e4 ja tuo esiin henkil\u00f6st\u00f6n osaamista. Se, ett\u00e4 saa osallistua omaan ty\u00f6h\u00f6n liittyv\u00e4\u00e4n p\u00e4\u00e4t\u00f6ksentekoon lis\u00e4\u00e4 jaksamista, ty\u00f6n hallinnantunnetta\u00a0sek\u00e4 hyvinvointia.<\/p>\n<p>Jyv\u00e4skyl\u00e4n kuntayhtym\u00e4n ty\u00f6hyvinvointisuunnitelman mukaisesti kuntayhtym\u00e4ss\u00e4 j\u00e4rjestet\u00e4\u00e4n mm. henkil\u00f6st\u00f6n liikuntap\u00e4ivi\u00e4 ja koko henkil\u00f6st\u00f6n yhteiset pikkujoulut. Erilaisten <strong><em>tapahtumien<\/em><\/strong> kautta ty\u00f6yhteis\u00f6ss\u00e4 tutustutaan toisiin ja luodaan yhteist\u00e4 me-henke\u00e4.<\/p>\n<p>S\u00e4\u00e4nn\u00f6lliset <em><strong>koko henkil\u00f6st\u00f6\u00e4 koskevat kehityskeskustelut <\/strong><\/em>ovat kuntayhtym\u00e4ss\u00e4 osa osaamisen johtamista. Kehityskeskusteluissa voidaan sopia tavoitteista ja suunnitelmista my\u00f6s ty\u00f6hyvinvoinnin suhteen. Lukioissa kehityskeskusteluja k\u00e4yd\u00e4\u00e4n henkil\u00f6st\u00f6n kanssa vuosittain, my\u00f6s ryhm\u00e4keskustelut ovat mahdollisia.<\/p>\n<p>Ty\u00f6n kuormittavuuteen tai muihin ongelmiin voi saada apua my\u00f6s ty\u00f6terveyshuollon <em><strong>ty\u00f6nohjauksesta. <\/strong><\/em>Ty\u00f6nohjauksessa henkil\u00f6 saa keinoja ja keskusteluapua ratkaistakseen ty\u00f6h\u00f6n liittyvi\u00e4 ongelmia. Keskustelu voidaan k\u00e4yd\u00e4 joko sairaanhoitajan, psykologin tai muun terveydenhuollon henkil\u00f6st\u00f6n edustajan kanssa. Keskustelu voi olla kertaluonteinen tapahtuma tai jatkua tarpeen tullen pidemp\u00e4\u00e4n. Ty\u00f6nohjauksen ohella ty\u00f6terveys voi tehd\u00e4 ty\u00f6ntekij\u00e4lle my\u00f6s Firstbeat Tecnologies Oy:n <em><strong>sykev\u00e4livaihtelumittauksia<\/strong><\/em>, jotka kertovat palautumisen ja stressin m\u00e4\u00e4r\u00e4n &#8211; erityisesti, jos joudutaan pohtimaan ty\u00f6uupumusdiagnoosia, voi mittaus antaa vihjeit\u00e4 henkil\u00f6n terveydentilasta.<\/p>\n<p>Ty\u00f6nohjauksen ohella my\u00f6s<em><strong> VERME- eli vertaismentorointiryhm\u00e4t<\/strong> <\/em>antavat keskusteluapua ja toimivat psyykkisen kuormittumisen varaventtiilein\u00e4. Verme-toiminnan tavoitteena on tarjota keinoja ammatillisen kehittymisen tueksi ja ty\u00f6hyvinvoinnin lis\u00e4\u00e4miseksi.<\/p>\n<p>Linkki: <a href=\"http:\/\/www.osaavaverme.fi\/\" target=\"_blank\">Verme-toiminta<\/a><\/p>\n<p>Muita <em><strong>henkil\u00f6st\u00f6n kehitt\u00e4misen menetelmi\u00e4<\/strong><\/em> koulutuskuntayhtym\u00e4ss\u00e4 ovat ty\u00f6hyvinvointisuunnitelman mukaan mm.:<\/p>\n<ul>\n<li>Henkil\u00f6st\u00f6suunnittelu<\/li>\n<li>Mentorointi<\/li>\n<li>Sis\u00e4inen ty\u00f6kierto<\/li>\n<li>Parhaiden k\u00e4yt\u00e4nt\u00f6jen siirt\u00e4minen, vertaisoppiminen<\/li>\n<li>Opetushenkil\u00f6st\u00f6n ty\u00f6el\u00e4m\u00e4jaksot<\/li>\n<li>Projektit ja hankkeet<\/li>\n<\/ul>\n<p><strong>P\u00c4IHDEONGELMA<\/strong><\/p>\n<p>Esimiehet ja ty\u00f6kaverit ovat keskeisess\u00e4 asemassa p\u00e4ihdeongelmien varhaisessa toteamisessa.\u00a0<em><strong> Jos ty\u00f6ntekij\u00e4ll\u00e4 havaitaan p\u00e4ihdeongelma,<\/strong><\/em> esimiehen tulee ottaa asia puheeksi ja ohjata henkil\u00f6 ottamaan joko itse tai kertoa h\u00e4nelle varatusta ajasta ty\u00f6terveyshuoltoon. Esimies saa\u00a0tarvittaessa tukea koulutuskuntayhtym\u00e4n\u00a0henkil\u00f6st\u00f6p\u00e4\u00e4llik\u00f6lt\u00e4. Ty\u00f6terveys ohjaa henkil\u00f6n tilanneselvityksen j\u00e4lkeen p\u00e4ihdekuntoutukseen.<\/p>\n","protected":false},"excerpt":{"rendered":"<p>Psyykkinen hyvinvointi on tila, jossa ihminen kykenee selviytym\u00e4\u00e4n el\u00e4m\u00e4\u00e4n kuuluvista haasteista ja n\u00e4kem\u00e4\u00e4n omat kykyns\u00e4, tekem\u00e4\u00e4n ty\u00f6ns\u00e4 ja ottamaan osaa yhteis\u00f6n toimintaan. Jokainen ty\u00f6ntekij\u00e4 tuo mukanaan ty\u00f6yhteis\u00f6\u00f6n omat vuorovaikutustaitonsa, kykyns\u00e4 ja ominaisuutensa. Ty\u00f6paikka voi tukea psyykkist\u00e4 hyvinvointia l\u00e4hinn\u00e4 ulkoisten keinojen kautta, tarjoamalla esimerkiksi koulutusmahdollisuuksia, esimiehen ja ty\u00f6yhteis\u00f6n tukea, vaikutusmahdollisuuksia sek\u00e4 auttamisj\u00e4rjestelmi\u00e4 kuten ty\u00f6terveyshuollon palveluita. Toki &hellip; <a href=\"https:\/\/blogit.gradia.fi\/hyvinvointimalli\/psyykkinen-hyvinvointi-2\/\" class=\"more-link\">Jatka lukemista <span class=\"screen-reader-text\">Psyykkinen hyvinvointi<\/span> <span class=\"meta-nav\">&rarr;<\/span><\/a><\/p>\n","protected":false},"author":610,"featured_media":0,"parent":0,"menu_order":0,"comment_status":"closed","ping_status":"closed","template":"","meta":{"_uag_custom_page_level_css":"","footnotes":""},"class_list":["post-114","page","type-page","status-publish","hentry"],"yoast_head":"<!-- This site is optimized with the Yoast SEO plugin v27.4 - https:\/\/yoast.com\/product\/yoast-seo-wordpress\/ -->\n<title>Psyykkinen hyvinvointi - Hyvinvointia 2.asteelle<\/title>\n<meta name=\"robots\" content=\"index, follow, max-snippet:-1, max-image-preview:large, max-video-preview:-1\" \/>\n<link rel=\"canonical\" href=\"https:\/\/blogit.gradia.fi\/hyvinvointimalli\/psyykkinen-hyvinvointi-2\/\" \/>\n<meta property=\"og:locale\" content=\"fi_FI\" \/>\n<meta property=\"og:type\" content=\"article\" \/>\n<meta property=\"og:title\" content=\"Psyykkinen hyvinvointi - Hyvinvointia 2.asteelle\" \/>\n<meta property=\"og:description\" content=\"Psyykkinen hyvinvointi on tila, jossa ihminen kykenee selviytym\u00e4\u00e4n el\u00e4m\u00e4\u00e4n kuuluvista haasteista ja n\u00e4kem\u00e4\u00e4n omat kykyns\u00e4, tekem\u00e4\u00e4n ty\u00f6ns\u00e4 ja ottamaan osaa yhteis\u00f6n toimintaan. Jokainen ty\u00f6ntekij\u00e4 tuo mukanaan ty\u00f6yhteis\u00f6\u00f6n omat vuorovaikutustaitonsa, kykyns\u00e4 ja ominaisuutensa. Ty\u00f6paikka voi tukea psyykkist\u00e4 hyvinvointia l\u00e4hinn\u00e4 ulkoisten keinojen kautta, tarjoamalla esimerkiksi koulutusmahdollisuuksia, esimiehen ja ty\u00f6yhteis\u00f6n tukea, vaikutusmahdollisuuksia sek\u00e4 auttamisj\u00e4rjestelmi\u00e4 kuten ty\u00f6terveyshuollon palveluita. Toki &hellip; Jatka lukemista Psyykkinen hyvinvointi &rarr;\" \/>\n<meta property=\"og:url\" content=\"https:\/\/blogit.gradia.fi\/hyvinvointimalli\/psyykkinen-hyvinvointi-2\/\" \/>\n<meta property=\"og:site_name\" content=\"Hyvinvointia 2.asteelle\" \/>\n<meta property=\"article:modified_time\" content=\"2016-12-09T05:10:58+00:00\" \/>\n<meta name=\"twitter:card\" content=\"summary_large_image\" \/>\n<meta name=\"twitter:label1\" content=\"Arvioitu lukuaika\" \/>\n\t<meta name=\"twitter:data1\" content=\"5 minuuttia\" \/>\n<script type=\"application\/ld+json\" class=\"yoast-schema-graph\">{\"@context\":\"https:\\\/\\\/schema.org\",\"@graph\":[{\"@type\":\"WebPage\",\"@id\":\"https:\\\/\\\/blogit.gradia.fi\\\/hyvinvointimalli\\\/psyykkinen-hyvinvointi-2\\\/\",\"url\":\"https:\\\/\\\/blogit.gradia.fi\\\/hyvinvointimalli\\\/psyykkinen-hyvinvointi-2\\\/\",\"name\":\"Psyykkinen hyvinvointi - Hyvinvointia 2.asteelle\",\"isPartOf\":{\"@id\":\"https:\\\/\\\/blogit.gradia.fi\\\/hyvinvointimalli\\\/#website\"},\"datePublished\":\"2016-11-06T14:38:25+00:00\",\"dateModified\":\"2016-12-09T05:10:58+00:00\",\"inLanguage\":\"fi\",\"potentialAction\":[{\"@type\":\"ReadAction\",\"target\":[\"https:\\\/\\\/blogit.gradia.fi\\\/hyvinvointimalli\\\/psyykkinen-hyvinvointi-2\\\/\"]}]},{\"@type\":\"WebSite\",\"@id\":\"https:\\\/\\\/blogit.gradia.fi\\\/hyvinvointimalli\\\/#website\",\"url\":\"https:\\\/\\\/blogit.gradia.fi\\\/hyvinvointimalli\\\/\",\"name\":\"Hyvinvointia 2.asteelle\",\"description\":\"Jyv\u00e4skyl\u00e4n koulutuskuntayhtym\u00e4n lukiokoulutuksen hyvinvointimalli\",\"potentialAction\":[{\"@type\":\"SearchAction\",\"target\":{\"@type\":\"EntryPoint\",\"urlTemplate\":\"https:\\\/\\\/blogit.gradia.fi\\\/hyvinvointimalli\\\/?s={search_term_string}\"},\"query-input\":{\"@type\":\"PropertyValueSpecification\",\"valueRequired\":true,\"valueName\":\"search_term_string\"}}],\"inLanguage\":\"fi\"}]}<\/script>\n<!-- \/ Yoast SEO plugin. -->","yoast_head_json":{"title":"Psyykkinen hyvinvointi - Hyvinvointia 2.asteelle","robots":{"index":"index","follow":"follow","max-snippet":"max-snippet:-1","max-image-preview":"max-image-preview:large","max-video-preview":"max-video-preview:-1"},"canonical":"https:\/\/blogit.gradia.fi\/hyvinvointimalli\/psyykkinen-hyvinvointi-2\/","og_locale":"fi_FI","og_type":"article","og_title":"Psyykkinen hyvinvointi - Hyvinvointia 2.asteelle","og_description":"Psyykkinen hyvinvointi on tila, jossa ihminen kykenee selviytym\u00e4\u00e4n el\u00e4m\u00e4\u00e4n kuuluvista haasteista ja n\u00e4kem\u00e4\u00e4n omat kykyns\u00e4, tekem\u00e4\u00e4n ty\u00f6ns\u00e4 ja ottamaan osaa yhteis\u00f6n toimintaan. Jokainen ty\u00f6ntekij\u00e4 tuo mukanaan ty\u00f6yhteis\u00f6\u00f6n omat vuorovaikutustaitonsa, kykyns\u00e4 ja ominaisuutensa. Ty\u00f6paikka voi tukea psyykkist\u00e4 hyvinvointia l\u00e4hinn\u00e4 ulkoisten keinojen kautta, tarjoamalla esimerkiksi koulutusmahdollisuuksia, esimiehen ja ty\u00f6yhteis\u00f6n tukea, vaikutusmahdollisuuksia sek\u00e4 auttamisj\u00e4rjestelmi\u00e4 kuten ty\u00f6terveyshuollon palveluita. Toki &hellip; Jatka lukemista Psyykkinen hyvinvointi &rarr;","og_url":"https:\/\/blogit.gradia.fi\/hyvinvointimalli\/psyykkinen-hyvinvointi-2\/","og_site_name":"Hyvinvointia 2.asteelle","article_modified_time":"2016-12-09T05:10:58+00:00","twitter_card":"summary_large_image","twitter_misc":{"Arvioitu lukuaika":"5 minuuttia"},"schema":{"@context":"https:\/\/schema.org","@graph":[{"@type":"WebPage","@id":"https:\/\/blogit.gradia.fi\/hyvinvointimalli\/psyykkinen-hyvinvointi-2\/","url":"https:\/\/blogit.gradia.fi\/hyvinvointimalli\/psyykkinen-hyvinvointi-2\/","name":"Psyykkinen hyvinvointi - Hyvinvointia 2.asteelle","isPartOf":{"@id":"https:\/\/blogit.gradia.fi\/hyvinvointimalli\/#website"},"datePublished":"2016-11-06T14:38:25+00:00","dateModified":"2016-12-09T05:10:58+00:00","inLanguage":"fi","potentialAction":[{"@type":"ReadAction","target":["https:\/\/blogit.gradia.fi\/hyvinvointimalli\/psyykkinen-hyvinvointi-2\/"]}]},{"@type":"WebSite","@id":"https:\/\/blogit.gradia.fi\/hyvinvointimalli\/#website","url":"https:\/\/blogit.gradia.fi\/hyvinvointimalli\/","name":"Hyvinvointia 2.asteelle","description":"Jyv\u00e4skyl\u00e4n koulutuskuntayhtym\u00e4n lukiokoulutuksen hyvinvointimalli","potentialAction":[{"@type":"SearchAction","target":{"@type":"EntryPoint","urlTemplate":"https:\/\/blogit.gradia.fi\/hyvinvointimalli\/?s={search_term_string}"},"query-input":{"@type":"PropertyValueSpecification","valueRequired":true,"valueName":"search_term_string"}}],"inLanguage":"fi"}]}},"uagb_featured_image_src":{"full":false,"thumbnail":false,"medium":false,"medium_large":false,"large":false,"1536x1536":false,"2048x2048":false,"post-thumbnail":false},"uagb_author_info":{"display_name":"Minna Saikkonen","author_link":"https:\/\/blogit.gradia.fi\/hyvinvointimalli\/author\/saikkmin\/"},"uagb_comment_info":0,"uagb_excerpt":"Psyykkinen hyvinvointi on tila, jossa ihminen kykenee selviytym\u00e4\u00e4n el\u00e4m\u00e4\u00e4n kuuluvista haasteista ja n\u00e4kem\u00e4\u00e4n omat kykyns\u00e4, tekem\u00e4\u00e4n ty\u00f6ns\u00e4 ja ottamaan osaa yhteis\u00f6n toimintaan. Jokainen ty\u00f6ntekij\u00e4 tuo mukanaan ty\u00f6yhteis\u00f6\u00f6n omat vuorovaikutustaitonsa, kykyns\u00e4 ja ominaisuutensa. Ty\u00f6paikka voi tukea psyykkist\u00e4 hyvinvointia l\u00e4hinn\u00e4 ulkoisten keinojen kautta, tarjoamalla esimerkiksi koulutusmahdollisuuksia, esimiehen ja ty\u00f6yhteis\u00f6n tukea, vaikutusmahdollisuuksia sek\u00e4 auttamisj\u00e4rjestelmi\u00e4 kuten ty\u00f6terveyshuollon palveluita. Toki&hellip;","_links":{"self":[{"href":"https:\/\/blogit.gradia.fi\/hyvinvointimalli\/wp-json\/wp\/v2\/pages\/114","targetHints":{"allow":["GET"]}}],"collection":[{"href":"https:\/\/blogit.gradia.fi\/hyvinvointimalli\/wp-json\/wp\/v2\/pages"}],"about":[{"href":"https:\/\/blogit.gradia.fi\/hyvinvointimalli\/wp-json\/wp\/v2\/types\/page"}],"author":[{"embeddable":true,"href":"https:\/\/blogit.gradia.fi\/hyvinvointimalli\/wp-json\/wp\/v2\/users\/610"}],"replies":[{"embeddable":true,"href":"https:\/\/blogit.gradia.fi\/hyvinvointimalli\/wp-json\/wp\/v2\/comments?post=114"}],"version-history":[{"count":0,"href":"https:\/\/blogit.gradia.fi\/hyvinvointimalli\/wp-json\/wp\/v2\/pages\/114\/revisions"}],"wp:attachment":[{"href":"https:\/\/blogit.gradia.fi\/hyvinvointimalli\/wp-json\/wp\/v2\/media?parent=114"}],"curies":[{"name":"wp","href":"https:\/\/api.w.org\/{rel}","templated":true}]}}