{"id":11,"date":"2016-09-08T15:18:21","date_gmt":"2016-09-08T12:18:21","guid":{"rendered":"https:\/\/blogit.gradia.fi\/hyvinvointimalli\/?page_id=11"},"modified":"2016-12-06T22:59:17","modified_gmt":"2016-12-06T20:59:17","slug":"opiskelijahyvinvointi","status":"publish","type":"page","link":"https:\/\/blogit.gradia.fi\/hyvinvointimalli\/opiskelijahyvinvointi\/","title":{"rendered":"Opiskelijahyvinvointi"},"content":{"rendered":"<p>Oppimisen ja opettamisen lis\u00e4ksi lukion teht\u00e4viin kuuluu nuorten hyvinvoinnista huolehtiminen. Kaiken kaikkiaan voidaan sanoa, ett\u00e4 yleisesti nuorten hyvinvointi on lis\u00e4\u00e4ntynyt 2000-luvulla, mutta erot lukion ja ammatillisen koulutuksen, alueiden kesken\u00a0ja yksil\u00f6idenkin v\u00e4lill\u00e4 ovat suuria. Kouluyhteis\u00f6ll\u00e4 on merkityst\u00e4 my\u00f6hemm\u00e4n kehityksen ja el\u00e4m\u00e4n kannalta, sill\u00e4 jo koulussa\u00a0viihtyminen lis\u00e4\u00e4 muutakin hyvinvointia. Tasapainoinen opiskelija kykenee\u00a0vastaamaan tulevaisuuden haasteisiin ja t\u00e4h\u00e4n tasapainoon kouluyhteis\u00f6ll\u00e4 on suuri merkitys. Koulu voi tukea nuorta h\u00e4nen muutoinkin herk\u00e4ss\u00e4 ja riskialttiissa itsen\u00e4istymisen vaiheessaan 15-19 -vuotiaana, jonka ik\u00e4isi\u00e4 lukiolaiset ovat, tai haavoittaa h\u00e4nt\u00e4\u00a0jopa pysyv\u00e4sti. N\u00e4iden haavoittavien kohteiden tunnistaminen, oikea-aikainen tukeminen ja\u00a0positiivisten kokemuksien sek\u00e4 kokonaisvaltaisen hyvinvoinnin lis\u00e4\u00e4minen\u00a0on jopa kansantaloudellisesti t\u00e4rke\u00e4\u00e4.<\/p>\n<p><strong>LUKIO-OPINTOJEN ARVOMAAILMA<\/strong><\/p>\n<p>Jyv\u00e4skyl\u00e4n koulutuskuntayhtym\u00e4n \u00a0lukiokoulutuksen teht\u00e4v\u00e4 on tarjota opiskelijalle\u00a0mahdollisuudet kasvaa ihmisen\u00e4 ja rakentaa identiteetti\u00e4\u00e4n, ihmisk\u00e4sityst\u00e4\u00e4n, maailmankuvaansa ja -katsomustaan sek\u00e4 paikkaansa maailmassa.\u00a0 N\u00e4m\u00e4 tavoitteet onnistuvat vain, jos opiskelijoille tarjotaan laadukas, monipuolinen, turvallinen ja moderni oppimisymp\u00e4rist\u00f6 &#8211; tavoite, johon Jyv\u00e4skyl\u00e4n koulutuskuntayhtym\u00e4n lukiokoulutus on my\u00f6s opetussuunnitelmassaan sitoutunut. Lukio-opintoja ohjaa valtakunnallisesti opetussuunnitelma ja sen arvoperusta.\u00a0Jyv\u00e4skyl\u00e4n lukiokoulutuksen paikallisen opetussuunnitelman arvoperustan tavoitteena on monikulttuurinen\u00a0hyvinvoiva oppijoiden yhteis\u00f6.\u00a0Arvoperusta korostaa koulun toimintaymp\u00e4rist\u00f6n turvallisuutta. Turvallisen ja hyvinvoivan oppilaitoksen rakentaminen pohjaa avoimeen ja vuorovaikutukselliseen ilmapiiriin.<\/p>\n<p>Linkki: \u00a0<a href=\"https:\/\/peda.net\/jao\/lop2\" target=\"_blank\">Jyv\u00e4skyl\u00e4n koulutuskuntayhtym\u00e4n lukioiden opetussuunnitelma<\/a><\/p>\n<p>Linkki: <a href=\"https:\/\/peda.net\/jao\/lop2\/2ltja\/2-2-arvoperusta\" target=\"_blank\">Jyv\u00e4skyl\u00e4n koulutuskuntayhtym\u00e4n lukioiden arvoperusta<\/a><\/p>\n<p><b>LUKIOLAISEN PROFIILI<\/b><\/p>\n<p>Jyv\u00e4skyl\u00e4n lukiokoulutuksen arvoperustan konkretisoimiseksi\u00a0on luotu\u00a0ns. lukiolaisen profiili.\u00a0Profiili pohjaa\u00a0opetussuunnitelmassa esitettyihin arvoihin. Se m\u00e4\u00e4ritt\u00e4\u00e4 tavoitteet, joita kohti opiskelijoita\u00a0ohjataan ja kasvatetaan. Profiili ei m\u00e4\u00e4rit\u00e4\u00a0\u00a0lukiolaista persoonana, vaan h\u00e4nen suhdettaan oppimiseen, opiskeluun, ymp\u00e4rist\u00f6\u00f6n ja muihin ihmisiin.<\/p>\n<p><em><strong>Profiili on opiskelun ohjaamisen, itsearvioinnin ja tavoitteiden asettamisen v\u00e4line, johon opettaja voi ty\u00f6ss\u00e4\u00e4n\u00a0tukeutua.<\/strong><\/em><\/p>\n<p>Lukiolaisen profiilin mukaisesti lukio-opintojen tulisi tuottaa opiskelija, joka on:<\/p>\n<ul>\n<li>kriittinen: kykenee itsen\u00e4iseen tietopohjaiseen ajatteluun<\/li>\n<li>vastuullinen: ymm\u00e4rt\u00e4\u00e4 olevansa vastuussa omasta oppimisestaan ja hyvinvoinnistaan<\/li>\n<li>yhteis\u00f6llinen: osaa toimia rakentavasti ja joustavasti eri tilanteissa<\/li>\n<li>my\u00f6t\u00e4tuntoinen: osaa asettua toisen ihmisen asemaan<\/li>\n<li>tavoitteellinen: osaa asettaa niin lyhyen kuin pitk\u00e4n t\u00e4ht\u00e4imen tavoitteita<\/li>\n<li>luova ja innovatiivinen: rakentaa uusia tietoja, tulkintoja ja sovelluksia<\/li>\n<li>itseohjautuva: kykenee itseohjautuvaan toimintaa ja tunnistaa voimavarojensa rajat<\/li>\n<li>rehellinen: on totuuteen pyrkiv\u00e4<\/li>\n<li>aktiivinen: on aloitteellinen<\/li>\n<li>sisukas: pystyy ty\u00f6skentelem\u00e4\u00e4n pitk\u00e4j\u00e4nteisesti tavoitteidensa eteen<\/li>\n<li>kansainv\u00e4lisesti suuntautunut: ymm\u00e4rt\u00e4\u00e4 kulttuurit rikkauden ja luovuuden l\u00e4hteen\u00e4<\/li>\n<\/ul>\n<p><a href=\"https:\/\/blogit.gradia.fi\/hyvinvointimalli\/wp-content\/uploads\/sites\/112\/2016\/09\/Lukiolaisen-profiili-e1480505986459.png\"><img loading=\"lazy\" decoding=\"async\" class=\"aligncenter wp-image-147\" src=\"https:\/\/blogit.gradia.fi\/hyvinvointimalli\/wp-content\/uploads\/sites\/112\/2016\/09\/Lukiolaisen-profiili.png\" alt=\"lukiolaisen-profiili\" width=\"488\" height=\"744\" \/><\/a><\/p>\n<p>&nbsp;<\/p>\n<p>Linkki: <a href=\"https:\/\/peda.net\/jao\/lop2\/2ltja\/2-2-arvoperusta\" target=\"_blank\"><u><span style=\"color: #0066cc\">Jyv\u00e4skyl\u00e4n koulutuskuntayhtym\u00e4n lukioiden arvoperusta<\/span><\/u><\/a><\/p>\n<p><strong>OPISKELUHUOLTOSUUNNITELMAT<\/strong><\/p>\n<p>Jyv\u00e4skyl\u00e4n lukiokoulutuksen opiskelijahuollon tavoitteena on edist\u00e4\u00e4 opiskelijoiden oppimista, terveytt\u00e4 ja hyvinvointia. Opiskeluhuolto huolehtii my\u00f6s \u00a0oppilaitosyhteis\u00f6n hyvinvoinnista sek\u00e4 opiskeluymp\u00e4rist\u00f6n terveellisyydest\u00e4 ja turvallisuudesta. Opiskeluhuoltoa toteutetaan sek\u00e4 yksil\u00f6kohtaisesti ett\u00e4 yhteis\u00f6tasolla.<\/p>\n<p><em><strong>Opiskeluhuollon ohjausryhm\u00e4<\/strong><\/em> vastaa lukiokoulutuksen opiskeluhuoltoty\u00f6n suunnittelusta, kehitt\u00e4misest\u00e4, toteuttamisesta\u00a0ja arvioinnoista. Lukioissa k\u00e4yt\u00e4nn\u00f6n toiminnasta vastaa kunkin koulun hyvinvointity\u00f6ryhm\u00e4, jonka tulee kokoontua\u00a0vuoden aikana v\u00e4hint\u00e4\u00e4n kahdesti.\u00a0Lukion hyvinvointity\u00f6ryhm\u00e4n\u00a0koostuu\u00a0opinto-ohjaajista, psykologeista, kuraattoreista, opettajien edustajista, opiskelijaj\u00e4senist\u00e4 sek\u00e4 vanhempien edustajista. Opiskeluhuoltoty\u00f6t\u00e4 johtaa lukion rehtori.<\/p>\n<p><em><strong>Lukiokohtainen, vuosittainen hyvinvointisuunnitelma<\/strong><\/em> sis\u00e4lt\u00e4\u00e4 ne toimenpiteet ja teemat, jotka hyvinvointity\u00f6ryhm\u00e4 katsoo lukion toiminnan kannalta oleelliseksi. Suunnitelmassa kuvataan toimenpiteit\u00e4 opiskelijoiden ja huoltajien osallisuuden vahvistamiseksi, yhteisty\u00f6toimenpiteit\u00e4 eri tahojen kuten nuorisotoimen ja poliisin kanssa sek\u00e4 suunnitelmat, kuinka\u00a0hyvinvointia\u00a0lukiossa seurataan. Seurannassa ja arvioinnissa voidaan k\u00e4ytt\u00e4\u00e4 apuna Terveyden- ja Hyvinvoinninlaitoksen kouluterveyskyselyiden tuloksia sek\u00e4 lukioiden omia INKA-, ATTITUDE- ja hyvinvointikyselyit\u00e4. Toimipistekohtaiset suunnitelmat yhdenmukaistetaan viimeist\u00e4\u00e4n vuoteen 2019 menness\u00e4.<\/p>\n<p>Lukiokohtaisessa suunnitelmassa ajankohtaisia teemoja ovat olleet vanhempainiltojen teemat, terveydenhuoltohenkil\u00f6kunnan resurssien jako (esim. terveystiedon tuntien vierailut), teemap\u00e4ivien j\u00e4rjest\u00e4minen jne. Teemap\u00e4ivien ohjelmaa on suunnattu sek\u00e4 opiskelijoille (esim. p\u00e4ihdetietoiskut) sek\u00e4 opettajille.<\/p>\n<p><em><strong>Opiskeluhuolto on kaikkien oppilaitoksessa ty\u00f6skentelevien teht\u00e4v\u00e4<\/strong><\/em>. Erityisesti yksil\u00f6kohtaisessa opiskeluhuollossa korostuu henkil\u00f6kunnan kyky huomata ja reagoida opiskelijan ongelmiin. Lukioissa on k\u00e4yt\u00f6ss\u00e4 ns. <em><strong>varhaisen puuttumisen malli<\/strong>,<\/em> jossa henkil\u00f6kunnan on aktiivisesti otettava esiin asiat, jotka her\u00e4tt\u00e4v\u00e4t huolta. Opettajalla on tukenaan muut opiskeluhuollon ty\u00f6ntekij\u00e4t, joista h\u00e4n voi saada tukea ja ohjata opiskelijaa ottamaan yhteytt\u00e4. On t\u00e4rke\u00e4\u00e4, ett\u00e4 jokainen ty\u00f6ntekij\u00e4 tiet\u00e4\u00e4 vastuunsa ja osaa toimia sen mukaan.<\/p>\n<p>Jos opiskelijan ongelmat pitkittyv\u00e4t tai vaikeutuvat, voidaan opiskelijan luvalla ker\u00e4t\u00e4 koolle <em><strong>monialainen asiantuntijaryhm\u00e4 (LUMO<\/strong><\/em>). T\u00e4h\u00e4n ryhm\u00e4\u00e4n voidaan pyyt\u00e4\u00e4 opiskelijan tarpeiden mukaan opettajia, huoltajat, psykologi, kuraattori tai muita tahoja. Ryhm\u00e4n perustaminen vaatii opiskelijan luvan. Painavasta syyst\u00e4 opiskelija voi ev\u00e4t\u00e4 huoltajiensa osallistumisen ryhm\u00e4\u00e4n.<\/p>\n<p>Ty\u00f6njako ja vastuut eri toimijoiden kesken, esimerkkin\u00e4 Lyseon lukio (klikkaa kuvaa saadaksesi se suuremmaksi)\u00a0:<\/p>\n<p><a href=\"https:\/\/blogit.gradia.fi\/hyvinvointimalli\/wp-content\/uploads\/sites\/112\/2016\/09\/opiskelija.png\"><img loading=\"lazy\" decoding=\"async\" class=\"alignnone wp-image-154 size-full\" src=\"https:\/\/blogit.gradia.fi\/hyvinvointimalli\/wp-content\/uploads\/sites\/112\/2016\/09\/opiskelija.png\" alt=\"opiskelijan palvelut\" width=\"855\" height=\"597\" srcset=\"https:\/\/blogit.gradia.fi\/hyvinvointimalli\/wp-content\/uploads\/sites\/112\/2016\/09\/opiskelija.png 855w, https:\/\/blogit.gradia.fi\/hyvinvointimalli\/wp-content\/uploads\/sites\/112\/2016\/09\/opiskelija-300x209.png 300w, https:\/\/blogit.gradia.fi\/hyvinvointimalli\/wp-content\/uploads\/sites\/112\/2016\/09\/opiskelija-768x536.png 768w\" sizes=\"auto, (max-width: 855px) 100vw, 855px\" \/><\/a><\/p>\n<p>Linkki: <a href=\"https:\/\/www.jao.fi\/loader.aspx?id=bc2a5cfc-461e-43d4-ae3e-840a32c499a9\" target=\"_blank\">Jyv\u00e4skyl\u00e4n koulutuskuntayhtym\u00e4n lukiokoulutuksen opiskelijahuoltosuunnitelma<\/a><\/p>\n<p><strong>OPISKELUTERVEYDENHUOLTO LUKIOISSA<\/strong><\/p>\n<p>Lukiokoulutuksen opiskelijoille kuuluu lukiolain mukaan\u00a0p\u00e4\u00e4asiassa maksuton terveydenhuolto, joka on j\u00e4rjestetty <em><strong>kampuksittain<\/strong><\/em>. Se koskee kaikkia opiskelijoita kotikunnasta riippumatta. Terveydenhuoltopalvelut ovat maksuttomia lukuun ottamatta \u00a0yli 18-vuotiaiden sairaanhoidollisia l\u00e4\u00e4k\u00e4rik\u00e4yntej\u00e4.<\/p>\n<p>Terveydenhuoltoon sis\u00e4ltyv\u00e4t terveydenhoito (terveystarkastukset, rokotukset, ehk\u00e4isy- ja sukupuolitautiasiat jne.), ensiapu ja sairaanhoito, mielenterveys- ja p\u00e4ihdety\u00f6 sek\u00e4 opiskeluymp\u00e4rist\u00f6n terveydellisten olojen valvonta. Ty\u00f6st\u00e4 vastaavat terveydenhoitaja ja l\u00e4\u00e4k\u00e4ri.<\/p>\n<p>Jyv\u00e4skyl\u00e4n lukiokoulutuksessa opiskeluterveydenhuollon j\u00e4rjest\u00e4misest\u00e4 vastaa Jyv\u00e4skyl\u00e4n\u00a0yhteistoiminta-alueen terveyskeskus (JYTE).<\/p>\n<p>Linkki: <a href=\"http:\/\/www.jyvaskyla.fi\/terveys\/opiskeluterveydenhuolto\" target=\"_blank\">JYTE:n opiskeluterveydenhuolto<\/a><\/p>\n<p>&nbsp;<\/p>\n<p>&nbsp;<\/p>\n<p>&nbsp;<\/p>\n<p>&nbsp;<\/p>\n<p>&nbsp;<\/p>\n","protected":false},"excerpt":{"rendered":"<p>Oppimisen ja opettamisen lis\u00e4ksi lukion teht\u00e4viin kuuluu nuorten hyvinvoinnista huolehtiminen. Kaiken kaikkiaan voidaan sanoa, ett\u00e4 yleisesti nuorten hyvinvointi on lis\u00e4\u00e4ntynyt 2000-luvulla, mutta erot lukion ja ammatillisen koulutuksen, alueiden kesken\u00a0ja yksil\u00f6idenkin v\u00e4lill\u00e4 ovat suuria. Kouluyhteis\u00f6ll\u00e4 on merkityst\u00e4 my\u00f6hemm\u00e4n kehityksen ja el\u00e4m\u00e4n kannalta, sill\u00e4 jo koulussa\u00a0viihtyminen lis\u00e4\u00e4 muutakin hyvinvointia. Tasapainoinen opiskelija kykenee\u00a0vastaamaan tulevaisuuden haasteisiin ja t\u00e4h\u00e4n tasapainoon &hellip; <a href=\"https:\/\/blogit.gradia.fi\/hyvinvointimalli\/opiskelijahyvinvointi\/\" class=\"more-link\">Jatka lukemista <span class=\"screen-reader-text\">Opiskelijahyvinvointi<\/span> <span class=\"meta-nav\">&rarr;<\/span><\/a><\/p>\n","protected":false},"author":610,"featured_media":0,"parent":0,"menu_order":0,"comment_status":"closed","ping_status":"closed","template":"","meta":{"_uag_custom_page_level_css":"","footnotes":""},"class_list":["post-11","page","type-page","status-publish","hentry"],"yoast_head":"<!-- This site is optimized with the Yoast SEO plugin v27.4 - https:\/\/yoast.com\/product\/yoast-seo-wordpress\/ -->\n<title>Opiskelijahyvinvointi - Hyvinvointia 2.asteelle<\/title>\n<meta name=\"robots\" content=\"index, follow, max-snippet:-1, max-image-preview:large, max-video-preview:-1\" \/>\n<link rel=\"canonical\" href=\"https:\/\/blogit.gradia.fi\/hyvinvointimalli\/opiskelijahyvinvointi\/\" \/>\n<meta property=\"og:locale\" content=\"fi_FI\" \/>\n<meta property=\"og:type\" content=\"article\" \/>\n<meta property=\"og:title\" content=\"Opiskelijahyvinvointi - Hyvinvointia 2.asteelle\" \/>\n<meta property=\"og:description\" content=\"Oppimisen ja opettamisen lis\u00e4ksi lukion teht\u00e4viin kuuluu nuorten hyvinvoinnista huolehtiminen. Kaiken kaikkiaan voidaan sanoa, ett\u00e4 yleisesti nuorten hyvinvointi on lis\u00e4\u00e4ntynyt 2000-luvulla, mutta erot lukion ja ammatillisen koulutuksen, alueiden kesken\u00a0ja yksil\u00f6idenkin v\u00e4lill\u00e4 ovat suuria. Kouluyhteis\u00f6ll\u00e4 on merkityst\u00e4 my\u00f6hemm\u00e4n kehityksen ja el\u00e4m\u00e4n kannalta, sill\u00e4 jo koulussa\u00a0viihtyminen lis\u00e4\u00e4 muutakin hyvinvointia. Tasapainoinen opiskelija kykenee\u00a0vastaamaan tulevaisuuden haasteisiin ja t\u00e4h\u00e4n tasapainoon &hellip; Jatka lukemista Opiskelijahyvinvointi &rarr;\" \/>\n<meta property=\"og:url\" content=\"https:\/\/blogit.gradia.fi\/hyvinvointimalli\/opiskelijahyvinvointi\/\" \/>\n<meta property=\"og:site_name\" content=\"Hyvinvointia 2.asteelle\" \/>\n<meta property=\"article:modified_time\" content=\"2016-12-06T20:59:17+00:00\" \/>\n<meta property=\"og:image\" content=\"https:\/\/blogit.gradia.fi\/hyvinvointimalli\/wp-content\/uploads\/sites\/112\/2016\/09\/Lukiolaisen-profiili.png\" \/>\n<meta name=\"twitter:card\" content=\"summary_large_image\" \/>\n<meta name=\"twitter:label1\" content=\"Arvioitu lukuaika\" \/>\n\t<meta name=\"twitter:data1\" content=\"4 minuuttia\" \/>\n<script type=\"application\/ld+json\" class=\"yoast-schema-graph\">{\"@context\":\"https:\\\/\\\/schema.org\",\"@graph\":[{\"@type\":\"WebPage\",\"@id\":\"https:\\\/\\\/blogit.gradia.fi\\\/hyvinvointimalli\\\/opiskelijahyvinvointi\\\/\",\"url\":\"https:\\\/\\\/blogit.gradia.fi\\\/hyvinvointimalli\\\/opiskelijahyvinvointi\\\/\",\"name\":\"Opiskelijahyvinvointi - Hyvinvointia 2.asteelle\",\"isPartOf\":{\"@id\":\"https:\\\/\\\/blogit.gradia.fi\\\/hyvinvointimalli\\\/#website\"},\"primaryImageOfPage\":{\"@id\":\"https:\\\/\\\/blogit.gradia.fi\\\/hyvinvointimalli\\\/opiskelijahyvinvointi\\\/#primaryimage\"},\"image\":{\"@id\":\"https:\\\/\\\/blogit.gradia.fi\\\/hyvinvointimalli\\\/opiskelijahyvinvointi\\\/#primaryimage\"},\"thumbnailUrl\":\"https:\\\/\\\/blogit.gradia.fi\\\/hyvinvointimalli\\\/wp-content\\\/uploads\\\/sites\\\/112\\\/2016\\\/09\\\/Lukiolaisen-profiili.png\",\"datePublished\":\"2016-09-08T12:18:21+00:00\",\"dateModified\":\"2016-12-06T20:59:17+00:00\",\"inLanguage\":\"fi\",\"potentialAction\":[{\"@type\":\"ReadAction\",\"target\":[\"https:\\\/\\\/blogit.gradia.fi\\\/hyvinvointimalli\\\/opiskelijahyvinvointi\\\/\"]}]},{\"@type\":\"ImageObject\",\"inLanguage\":\"fi\",\"@id\":\"https:\\\/\\\/blogit.gradia.fi\\\/hyvinvointimalli\\\/opiskelijahyvinvointi\\\/#primaryimage\",\"url\":\"https:\\\/\\\/blogit.gradia.fi\\\/hyvinvointimalli\\\/wp-content\\\/uploads\\\/sites\\\/112\\\/2016\\\/09\\\/Lukiolaisen-profiili.png\",\"contentUrl\":\"https:\\\/\\\/blogit.gradia.fi\\\/hyvinvointimalli\\\/wp-content\\\/uploads\\\/sites\\\/112\\\/2016\\\/09\\\/Lukiolaisen-profiili.png\"},{\"@type\":\"WebSite\",\"@id\":\"https:\\\/\\\/blogit.gradia.fi\\\/hyvinvointimalli\\\/#website\",\"url\":\"https:\\\/\\\/blogit.gradia.fi\\\/hyvinvointimalli\\\/\",\"name\":\"Hyvinvointia 2.asteelle\",\"description\":\"Jyv\u00e4skyl\u00e4n koulutuskuntayhtym\u00e4n lukiokoulutuksen hyvinvointimalli\",\"potentialAction\":[{\"@type\":\"SearchAction\",\"target\":{\"@type\":\"EntryPoint\",\"urlTemplate\":\"https:\\\/\\\/blogit.gradia.fi\\\/hyvinvointimalli\\\/?s={search_term_string}\"},\"query-input\":{\"@type\":\"PropertyValueSpecification\",\"valueRequired\":true,\"valueName\":\"search_term_string\"}}],\"inLanguage\":\"fi\"}]}<\/script>\n<!-- \/ Yoast SEO plugin. -->","yoast_head_json":{"title":"Opiskelijahyvinvointi - Hyvinvointia 2.asteelle","robots":{"index":"index","follow":"follow","max-snippet":"max-snippet:-1","max-image-preview":"max-image-preview:large","max-video-preview":"max-video-preview:-1"},"canonical":"https:\/\/blogit.gradia.fi\/hyvinvointimalli\/opiskelijahyvinvointi\/","og_locale":"fi_FI","og_type":"article","og_title":"Opiskelijahyvinvointi - Hyvinvointia 2.asteelle","og_description":"Oppimisen ja opettamisen lis\u00e4ksi lukion teht\u00e4viin kuuluu nuorten hyvinvoinnista huolehtiminen. Kaiken kaikkiaan voidaan sanoa, ett\u00e4 yleisesti nuorten hyvinvointi on lis\u00e4\u00e4ntynyt 2000-luvulla, mutta erot lukion ja ammatillisen koulutuksen, alueiden kesken\u00a0ja yksil\u00f6idenkin v\u00e4lill\u00e4 ovat suuria. Kouluyhteis\u00f6ll\u00e4 on merkityst\u00e4 my\u00f6hemm\u00e4n kehityksen ja el\u00e4m\u00e4n kannalta, sill\u00e4 jo koulussa\u00a0viihtyminen lis\u00e4\u00e4 muutakin hyvinvointia. Tasapainoinen opiskelija kykenee\u00a0vastaamaan tulevaisuuden haasteisiin ja t\u00e4h\u00e4n tasapainoon &hellip; Jatka lukemista Opiskelijahyvinvointi &rarr;","og_url":"https:\/\/blogit.gradia.fi\/hyvinvointimalli\/opiskelijahyvinvointi\/","og_site_name":"Hyvinvointia 2.asteelle","article_modified_time":"2016-12-06T20:59:17+00:00","og_image":[{"url":"https:\/\/blogit.gradia.fi\/hyvinvointimalli\/wp-content\/uploads\/sites\/112\/2016\/09\/Lukiolaisen-profiili.png","type":"","width":"","height":""}],"twitter_card":"summary_large_image","twitter_misc":{"Arvioitu lukuaika":"4 minuuttia"},"schema":{"@context":"https:\/\/schema.org","@graph":[{"@type":"WebPage","@id":"https:\/\/blogit.gradia.fi\/hyvinvointimalli\/opiskelijahyvinvointi\/","url":"https:\/\/blogit.gradia.fi\/hyvinvointimalli\/opiskelijahyvinvointi\/","name":"Opiskelijahyvinvointi - Hyvinvointia 2.asteelle","isPartOf":{"@id":"https:\/\/blogit.gradia.fi\/hyvinvointimalli\/#website"},"primaryImageOfPage":{"@id":"https:\/\/blogit.gradia.fi\/hyvinvointimalli\/opiskelijahyvinvointi\/#primaryimage"},"image":{"@id":"https:\/\/blogit.gradia.fi\/hyvinvointimalli\/opiskelijahyvinvointi\/#primaryimage"},"thumbnailUrl":"https:\/\/blogit.gradia.fi\/hyvinvointimalli\/wp-content\/uploads\/sites\/112\/2016\/09\/Lukiolaisen-profiili.png","datePublished":"2016-09-08T12:18:21+00:00","dateModified":"2016-12-06T20:59:17+00:00","inLanguage":"fi","potentialAction":[{"@type":"ReadAction","target":["https:\/\/blogit.gradia.fi\/hyvinvointimalli\/opiskelijahyvinvointi\/"]}]},{"@type":"ImageObject","inLanguage":"fi","@id":"https:\/\/blogit.gradia.fi\/hyvinvointimalli\/opiskelijahyvinvointi\/#primaryimage","url":"https:\/\/blogit.gradia.fi\/hyvinvointimalli\/wp-content\/uploads\/sites\/112\/2016\/09\/Lukiolaisen-profiili.png","contentUrl":"https:\/\/blogit.gradia.fi\/hyvinvointimalli\/wp-content\/uploads\/sites\/112\/2016\/09\/Lukiolaisen-profiili.png"},{"@type":"WebSite","@id":"https:\/\/blogit.gradia.fi\/hyvinvointimalli\/#website","url":"https:\/\/blogit.gradia.fi\/hyvinvointimalli\/","name":"Hyvinvointia 2.asteelle","description":"Jyv\u00e4skyl\u00e4n koulutuskuntayhtym\u00e4n lukiokoulutuksen hyvinvointimalli","potentialAction":[{"@type":"SearchAction","target":{"@type":"EntryPoint","urlTemplate":"https:\/\/blogit.gradia.fi\/hyvinvointimalli\/?s={search_term_string}"},"query-input":{"@type":"PropertyValueSpecification","valueRequired":true,"valueName":"search_term_string"}}],"inLanguage":"fi"}]}},"uagb_featured_image_src":{"full":false,"thumbnail":false,"medium":false,"medium_large":false,"large":false,"1536x1536":false,"2048x2048":false,"post-thumbnail":false},"uagb_author_info":{"display_name":"Minna Saikkonen","author_link":"https:\/\/blogit.gradia.fi\/hyvinvointimalli\/author\/saikkmin\/"},"uagb_comment_info":0,"uagb_excerpt":"Oppimisen ja opettamisen lis\u00e4ksi lukion teht\u00e4viin kuuluu nuorten hyvinvoinnista huolehtiminen. Kaiken kaikkiaan voidaan sanoa, ett\u00e4 yleisesti nuorten hyvinvointi on lis\u00e4\u00e4ntynyt 2000-luvulla, mutta erot lukion ja ammatillisen koulutuksen, alueiden kesken\u00a0ja yksil\u00f6idenkin v\u00e4lill\u00e4 ovat suuria. Kouluyhteis\u00f6ll\u00e4 on merkityst\u00e4 my\u00f6hemm\u00e4n kehityksen ja el\u00e4m\u00e4n kannalta, sill\u00e4 jo koulussa\u00a0viihtyminen lis\u00e4\u00e4 muutakin hyvinvointia. Tasapainoinen opiskelija kykenee\u00a0vastaamaan tulevaisuuden haasteisiin ja t\u00e4h\u00e4n tasapainoon&hellip;","_links":{"self":[{"href":"https:\/\/blogit.gradia.fi\/hyvinvointimalli\/wp-json\/wp\/v2\/pages\/11","targetHints":{"allow":["GET"]}}],"collection":[{"href":"https:\/\/blogit.gradia.fi\/hyvinvointimalli\/wp-json\/wp\/v2\/pages"}],"about":[{"href":"https:\/\/blogit.gradia.fi\/hyvinvointimalli\/wp-json\/wp\/v2\/types\/page"}],"author":[{"embeddable":true,"href":"https:\/\/blogit.gradia.fi\/hyvinvointimalli\/wp-json\/wp\/v2\/users\/610"}],"replies":[{"embeddable":true,"href":"https:\/\/blogit.gradia.fi\/hyvinvointimalli\/wp-json\/wp\/v2\/comments?post=11"}],"version-history":[{"count":0,"href":"https:\/\/blogit.gradia.fi\/hyvinvointimalli\/wp-json\/wp\/v2\/pages\/11\/revisions"}],"wp:attachment":[{"href":"https:\/\/blogit.gradia.fi\/hyvinvointimalli\/wp-json\/wp\/v2\/media?parent=11"}],"curies":[{"name":"wp","href":"https:\/\/api.w.org\/{rel}","templated":true}]}}