{"id":86,"date":"2021-04-26T13:10:37","date_gmt":"2021-04-26T10:10:37","guid":{"rendered":"https:\/\/blogit.gradia.fi\/hyvanmielenmessut\/?page_id=86"},"modified":"2022-04-01T13:18:53","modified_gmt":"2022-04-01T10:18:53","slug":"saapuminen","status":"publish","type":"page","link":"https:\/\/blogit.gradia.fi\/hyvanmielenmessut\/saapuminen\/","title":{"rendered":"Saapuminen"},"content":{"rendered":"<div class=\"yoast-breadcrumbs\"><span><span><a href=\"https:\/\/blogit.gradia.fi\/hyvanmielenmessut\/\">Etusivu<\/a><\/span> &raquo; <span class=\"breadcrumb_last\" aria-current=\"page\">Saapuminen<\/span><\/span><\/div>\n\n\n<figure class=\"wp-block-image size-large\"><img loading=\"lazy\" decoding=\"async\" width=\"1024\" height=\"576\" src=\"https:\/\/blogit.gradia.fi\/hyvanmielenmessut\/wp-content\/uploads\/sites\/195\/2022\/04\/kuva-2-1024x576.png\" alt=\"\" class=\"wp-image-476\" srcset=\"https:\/\/blogit.gradia.fi\/hyvanmielenmessut\/wp-content\/uploads\/sites\/195\/2022\/04\/kuva-2-1024x576.png 1024w, https:\/\/blogit.gradia.fi\/hyvanmielenmessut\/wp-content\/uploads\/sites\/195\/2022\/04\/kuva-2-300x169.png 300w, https:\/\/blogit.gradia.fi\/hyvanmielenmessut\/wp-content\/uploads\/sites\/195\/2022\/04\/kuva-2-768x432.png 768w, https:\/\/blogit.gradia.fi\/hyvanmielenmessut\/wp-content\/uploads\/sites\/195\/2022\/04\/kuva-2-1536x864.png 1536w, https:\/\/blogit.gradia.fi\/hyvanmielenmessut\/wp-content\/uploads\/sites\/195\/2022\/04\/kuva-2.png 1920w\" sizes=\"auto, (max-width: 767px) 89vw, (max-width: 1000px) 54vw, (max-width: 1071px) 543px, 580px\" \/><\/figure>\n\n\n\n<figure class=\"wp-block-image size-large\"><img loading=\"lazy\" decoding=\"async\" width=\"1024\" height=\"576\" src=\"https:\/\/blogit.gradia.fi\/hyvanmielenmessut\/wp-content\/uploads\/sites\/195\/2022\/04\/kuva-3-1024x576.png\" alt=\"\" class=\"wp-image-478\" srcset=\"https:\/\/blogit.gradia.fi\/hyvanmielenmessut\/wp-content\/uploads\/sites\/195\/2022\/04\/kuva-3-1024x576.png 1024w, https:\/\/blogit.gradia.fi\/hyvanmielenmessut\/wp-content\/uploads\/sites\/195\/2022\/04\/kuva-3-300x169.png 300w, https:\/\/blogit.gradia.fi\/hyvanmielenmessut\/wp-content\/uploads\/sites\/195\/2022\/04\/kuva-3-768x432.png 768w, https:\/\/blogit.gradia.fi\/hyvanmielenmessut\/wp-content\/uploads\/sites\/195\/2022\/04\/kuva-3-1536x864.png 1536w, https:\/\/blogit.gradia.fi\/hyvanmielenmessut\/wp-content\/uploads\/sites\/195\/2022\/04\/kuva-3.png 1920w\" sizes=\"auto, (max-width: 767px) 89vw, (max-width: 1000px) 54vw, (max-width: 1071px) 543px, 580px\" \/><\/figure>\n\n\n\n<figure class=\"wp-block-image size-large\"><img loading=\"lazy\" decoding=\"async\" width=\"1024\" height=\"576\" src=\"https:\/\/blogit.gradia.fi\/hyvanmielenmessut\/wp-content\/uploads\/sites\/195\/2022\/04\/kuva-1024x576.png\" alt=\"\" class=\"wp-image-469\" srcset=\"https:\/\/blogit.gradia.fi\/hyvanmielenmessut\/wp-content\/uploads\/sites\/195\/2022\/04\/kuva-1024x576.png 1024w, https:\/\/blogit.gradia.fi\/hyvanmielenmessut\/wp-content\/uploads\/sites\/195\/2022\/04\/kuva-300x169.png 300w, https:\/\/blogit.gradia.fi\/hyvanmielenmessut\/wp-content\/uploads\/sites\/195\/2022\/04\/kuva-768x432.png 768w, https:\/\/blogit.gradia.fi\/hyvanmielenmessut\/wp-content\/uploads\/sites\/195\/2022\/04\/kuva-1536x864.png 1536w, https:\/\/blogit.gradia.fi\/hyvanmielenmessut\/wp-content\/uploads\/sites\/195\/2022\/04\/kuva.png 1920w\" sizes=\"auto, (max-width: 767px) 89vw, (max-width: 1000px) 54vw, (max-width: 1071px) 543px, 580px\" \/><\/figure>\n\n\n<p>Lis\u00e4tietoja tulossa<\/p>\n\n\n<div class=\"wp-block-buttons is-layout-flex wp-block-buttons-is-layout-flex\">\n<div class=\"wp-block-button\"><a class=\"wp-block-button__link\" href=\"https:\/\/www.google.fi\/maps\/place\/Gradia+J%C3%A4ms%C3%A4+%7C+Mets%C3%A4oppilaitoksentie+14,+J%C3%A4ms%C3%A4nkoski\/@61.9186656,25.1445193,17z\/data=!4m5!3m4!1s0x468f78c22c6020b7:0xe3e46ea2eeeee3c!8m2!3d61.9190267!4d25.1447768\" target=\"_blank\" rel=\"noreferrer noopener\">Kartta Google Mapsissa<\/a><\/div>\n<\/div>\n\n\n\n<figure class=\"wp-block-image size-large is-resized\"><img loading=\"lazy\" decoding=\"async\" src=\"https:\/\/blogit.gradia.fi\/hyvanmielenmessut\/wp-content\/uploads\/sites\/195\/2021\/05\/Kartta-2-1.png\" alt=\"\" class=\"wp-image-234\" width=\"672\" height=\"284\" srcset=\"https:\/\/blogit.gradia.fi\/hyvanmielenmessut\/wp-content\/uploads\/sites\/195\/2021\/05\/Kartta-2-1.png 796w, https:\/\/blogit.gradia.fi\/hyvanmielenmessut\/wp-content\/uploads\/sites\/195\/2021\/05\/Kartta-2-1-300x127.png 300w, https:\/\/blogit.gradia.fi\/hyvanmielenmessut\/wp-content\/uploads\/sites\/195\/2021\/05\/Kartta-2-1-768x325.png 768w\" sizes=\"auto, (max-width: 672px) 100vw, 672px\" \/><\/figure>\n","protected":false},"excerpt":{"rendered":"<p>Lis\u00e4tietoja tulossa<\/p>\n","protected":false},"author":730,"featured_media":0,"parent":0,"menu_order":0,"comment_status":"closed","ping_status":"closed","template":"","meta":{"_uag_custom_page_level_css":"","footnotes":""},"class_list":["post-86","page","type-page","status-publish","hentry"],"yoast_head":"<!-- This site is optimized with the Yoast SEO plugin v27.5 - https:\/\/yoast.com\/product\/yoast-seo-wordpress\/ -->\n<title>Saapuminen - Hyv\u00e4n mielen messut 7.5.2022<\/title>\n<meta name=\"robots\" content=\"index, follow, max-snippet:-1, max-image-preview:large, max-video-preview:-1\" \/>\n<link rel=\"canonical\" href=\"https:\/\/blogit.gradia.fi\/hyvanmielenmessut\/saapuminen\/\" \/>\n<meta property=\"og:locale\" content=\"fi_FI\" \/>\n<meta property=\"og:type\" content=\"article\" \/>\n<meta property=\"og:title\" content=\"Saapuminen - Hyv\u00e4n mielen messut 7.5.2022\" \/>\n<meta property=\"og:description\" content=\"Lis\u00e4tietoja tulossa\" \/>\n<meta property=\"og:url\" content=\"https:\/\/blogit.gradia.fi\/hyvanmielenmessut\/saapuminen\/\" \/>\n<meta property=\"og:site_name\" content=\"Hyv\u00e4n mielen messut 7.5.2022\" \/>\n<meta property=\"article:publisher\" content=\"https:\/\/www.facebook.com\/liiketoimintajamsa\" \/>\n<meta property=\"article:modified_time\" content=\"2022-04-01T10:18:53+00:00\" \/>\n<meta property=\"og:image\" content=\"https:\/\/blogit.gradia.fi\/hyvanmielenmessut\/wp-content\/uploads\/sites\/195\/2022\/04\/kuva-2-1024x576.png\" \/>\n<meta name=\"twitter:card\" content=\"summary_large_image\" \/>\n<meta name=\"twitter:label1\" content=\"Arvioitu lukuaika\" \/>\n\t<meta name=\"twitter:data1\" content=\"1 minuutti\" \/>\n<script type=\"application\/ld+json\" class=\"yoast-schema-graph\">{\"@context\":\"https:\\\/\\\/schema.org\",\"@graph\":[{\"@type\":\"WebPage\",\"@id\":\"https:\\\/\\\/blogit.gradia.fi\\\/hyvanmielenmessut\\\/saapuminen\\\/\",\"url\":\"https:\\\/\\\/blogit.gradia.fi\\\/hyvanmielenmessut\\\/saapuminen\\\/\",\"name\":\"Saapuminen - Hyv\u00e4n mielen messut 7.5.2022\",\"isPartOf\":{\"@id\":\"https:\\\/\\\/blogit.gradia.fi\\\/hyvanmielenmessut\\\/#website\"},\"primaryImageOfPage\":{\"@id\":\"https:\\\/\\\/blogit.gradia.fi\\\/hyvanmielenmessut\\\/saapuminen\\\/#primaryimage\"},\"image\":{\"@id\":\"https:\\\/\\\/blogit.gradia.fi\\\/hyvanmielenmessut\\\/saapuminen\\\/#primaryimage\"},\"thumbnailUrl\":\"https:\\\/\\\/blogit.gradia.fi\\\/hyvanmielenmessut\\\/wp-content\\\/uploads\\\/sites\\\/195\\\/2022\\\/04\\\/kuva-2-1024x576.png\",\"datePublished\":\"2021-04-26T10:10:37+00:00\",\"dateModified\":\"2022-04-01T10:18:53+00:00\",\"breadcrumb\":{\"@id\":\"https:\\\/\\\/blogit.gradia.fi\\\/hyvanmielenmessut\\\/saapuminen\\\/#breadcrumb\"},\"inLanguage\":\"fi\",\"potentialAction\":[{\"@type\":\"ReadAction\",\"target\":[\"https:\\\/\\\/blogit.gradia.fi\\\/hyvanmielenmessut\\\/saapuminen\\\/\"]}]},{\"@type\":\"ImageObject\",\"inLanguage\":\"fi\",\"@id\":\"https:\\\/\\\/blogit.gradia.fi\\\/hyvanmielenmessut\\\/saapuminen\\\/#primaryimage\",\"url\":\"https:\\\/\\\/blogit.gradia.fi\\\/hyvanmielenmessut\\\/wp-content\\\/uploads\\\/sites\\\/195\\\/2022\\\/04\\\/kuva-2.png\",\"contentUrl\":\"https:\\\/\\\/blogit.gradia.fi\\\/hyvanmielenmessut\\\/wp-content\\\/uploads\\\/sites\\\/195\\\/2022\\\/04\\\/kuva-2.png\",\"width\":1920,\"height\":1080},{\"@type\":\"BreadcrumbList\",\"@id\":\"https:\\\/\\\/blogit.gradia.fi\\\/hyvanmielenmessut\\\/saapuminen\\\/#breadcrumb\",\"itemListElement\":[{\"@type\":\"ListItem\",\"position\":1,\"name\":\"Etusivu\",\"item\":\"https:\\\/\\\/blogit.gradia.fi\\\/hyvanmielenmessut\\\/\"},{\"@type\":\"ListItem\",\"position\":2,\"name\":\"Saapuminen\"}]},{\"@type\":\"WebSite\",\"@id\":\"https:\\\/\\\/blogit.gradia.fi\\\/hyvanmielenmessut\\\/#website\",\"url\":\"https:\\\/\\\/blogit.gradia.fi\\\/hyvanmielenmessut\\\/\",\"name\":\"Hyv\u00e4n mielen messut\",\"description\":\"Tule hyv\u00e4lle mielelle, Myllym\u00e4en kampukselle!\",\"publisher\":{\"@id\":\"https:\\\/\\\/blogit.gradia.fi\\\/hyvanmielenmessut\\\/#organization\"},\"potentialAction\":[{\"@type\":\"SearchAction\",\"target\":{\"@type\":\"EntryPoint\",\"urlTemplate\":\"https:\\\/\\\/blogit.gradia.fi\\\/hyvanmielenmessut\\\/?s={search_term_string}\"},\"query-input\":{\"@type\":\"PropertyValueSpecification\",\"valueRequired\":true,\"valueName\":\"search_term_string\"}}],\"inLanguage\":\"fi\"},{\"@type\":\"Organization\",\"@id\":\"https:\\\/\\\/blogit.gradia.fi\\\/hyvanmielenmessut\\\/#organization\",\"name\":\"Gradia\",\"url\":\"https:\\\/\\\/blogit.gradia.fi\\\/hyvanmielenmessut\\\/\",\"logo\":{\"@type\":\"ImageObject\",\"inLanguage\":\"fi\",\"@id\":\"https:\\\/\\\/blogit.gradia.fi\\\/hyvanmielenmessut\\\/#\\\/schema\\\/logo\\\/image\\\/\",\"url\":\"https:\\\/\\\/blogit.gradia.fi\\\/hyvanmielenmessut\\\/wp-content\\\/uploads\\\/sites\\\/195\\\/2021\\\/05\\\/Gradia-pink.jpg\",\"contentUrl\":\"https:\\\/\\\/blogit.gradia.fi\\\/hyvanmielenmessut\\\/wp-content\\\/uploads\\\/sites\\\/195\\\/2021\\\/05\\\/Gradia-pink.jpg\",\"width\":1653,\"height\":382,\"caption\":\"Gradia\"},\"image\":{\"@id\":\"https:\\\/\\\/blogit.gradia.fi\\\/hyvanmielenmessut\\\/#\\\/schema\\\/logo\\\/image\\\/\"},\"sameAs\":[\"https:\\\/\\\/www.facebook.com\\\/liiketoimintajamsa\",\"https:\\\/\\\/www.instagram.com\\\/gradiajamsaliiketoiminta\\\/\"]}]}<\/script>\n<!-- \/ Yoast SEO plugin. -->","yoast_head_json":{"title":"Saapuminen - Hyv\u00e4n mielen messut 7.5.2022","robots":{"index":"index","follow":"follow","max-snippet":"max-snippet:-1","max-image-preview":"max-image-preview:large","max-video-preview":"max-video-preview:-1"},"canonical":"https:\/\/blogit.gradia.fi\/hyvanmielenmessut\/saapuminen\/","og_locale":"fi_FI","og_type":"article","og_title":"Saapuminen - Hyv\u00e4n mielen messut 7.5.2022","og_description":"Lis\u00e4tietoja tulossa","og_url":"https:\/\/blogit.gradia.fi\/hyvanmielenmessut\/saapuminen\/","og_site_name":"Hyv\u00e4n mielen messut 7.5.2022","article_publisher":"https:\/\/www.facebook.com\/liiketoimintajamsa","article_modified_time":"2022-04-01T10:18:53+00:00","og_image":[{"url":"https:\/\/blogit.gradia.fi\/hyvanmielenmessut\/wp-content\/uploads\/sites\/195\/2022\/04\/kuva-2-1024x576.png","type":"","width":"","height":""}],"twitter_card":"summary_large_image","twitter_misc":{"Arvioitu lukuaika":"1 minuutti"},"schema":{"@context":"https:\/\/schema.org","@graph":[{"@type":"WebPage","@id":"https:\/\/blogit.gradia.fi\/hyvanmielenmessut\/saapuminen\/","url":"https:\/\/blogit.gradia.fi\/hyvanmielenmessut\/saapuminen\/","name":"Saapuminen - Hyv\u00e4n mielen messut 7.5.2022","isPartOf":{"@id":"https:\/\/blogit.gradia.fi\/hyvanmielenmessut\/#website"},"primaryImageOfPage":{"@id":"https:\/\/blogit.gradia.fi\/hyvanmielenmessut\/saapuminen\/#primaryimage"},"image":{"@id":"https:\/\/blogit.gradia.fi\/hyvanmielenmessut\/saapuminen\/#primaryimage"},"thumbnailUrl":"https:\/\/blogit.gradia.fi\/hyvanmielenmessut\/wp-content\/uploads\/sites\/195\/2022\/04\/kuva-2-1024x576.png","datePublished":"2021-04-26T10:10:37+00:00","dateModified":"2022-04-01T10:18:53+00:00","breadcrumb":{"@id":"https:\/\/blogit.gradia.fi\/hyvanmielenmessut\/saapuminen\/#breadcrumb"},"inLanguage":"fi","potentialAction":[{"@type":"ReadAction","target":["https:\/\/blogit.gradia.fi\/hyvanmielenmessut\/saapuminen\/"]}]},{"@type":"ImageObject","inLanguage":"fi","@id":"https:\/\/blogit.gradia.fi\/hyvanmielenmessut\/saapuminen\/#primaryimage","url":"https:\/\/blogit.gradia.fi\/hyvanmielenmessut\/wp-content\/uploads\/sites\/195\/2022\/04\/kuva-2.png","contentUrl":"https:\/\/blogit.gradia.fi\/hyvanmielenmessut\/wp-content\/uploads\/sites\/195\/2022\/04\/kuva-2.png","width":1920,"height":1080},{"@type":"BreadcrumbList","@id":"https:\/\/blogit.gradia.fi\/hyvanmielenmessut\/saapuminen\/#breadcrumb","itemListElement":[{"@type":"ListItem","position":1,"name":"Etusivu","item":"https:\/\/blogit.gradia.fi\/hyvanmielenmessut\/"},{"@type":"ListItem","position":2,"name":"Saapuminen"}]},{"@type":"WebSite","@id":"https:\/\/blogit.gradia.fi\/hyvanmielenmessut\/#website","url":"https:\/\/blogit.gradia.fi\/hyvanmielenmessut\/","name":"Hyv\u00e4n mielen messut","description":"Tule hyv\u00e4lle mielelle, Myllym\u00e4en kampukselle!","publisher":{"@id":"https:\/\/blogit.gradia.fi\/hyvanmielenmessut\/#organization"},"potentialAction":[{"@type":"SearchAction","target":{"@type":"EntryPoint","urlTemplate":"https:\/\/blogit.gradia.fi\/hyvanmielenmessut\/?s={search_term_string}"},"query-input":{"@type":"PropertyValueSpecification","valueRequired":true,"valueName":"search_term_string"}}],"inLanguage":"fi"},{"@type":"Organization","@id":"https:\/\/blogit.gradia.fi\/hyvanmielenmessut\/#organization","name":"Gradia","url":"https:\/\/blogit.gradia.fi\/hyvanmielenmessut\/","logo":{"@type":"ImageObject","inLanguage":"fi","@id":"https:\/\/blogit.gradia.fi\/hyvanmielenmessut\/#\/schema\/logo\/image\/","url":"https:\/\/blogit.gradia.fi\/hyvanmielenmessut\/wp-content\/uploads\/sites\/195\/2021\/05\/Gradia-pink.jpg","contentUrl":"https:\/\/blogit.gradia.fi\/hyvanmielenmessut\/wp-content\/uploads\/sites\/195\/2021\/05\/Gradia-pink.jpg","width":1653,"height":382,"caption":"Gradia"},"image":{"@id":"https:\/\/blogit.gradia.fi\/hyvanmielenmessut\/#\/schema\/logo\/image\/"},"sameAs":["https:\/\/www.facebook.com\/liiketoimintajamsa","https:\/\/www.instagram.com\/gradiajamsaliiketoiminta\/"]}]}},"uagb_featured_image_src":{"full":false,"thumbnail":false,"medium":false,"medium_large":false,"large":false,"1536x1536":false,"2048x2048":false,"twentyseventeen-featured-image":false,"twentyseventeen-thumbnail-avatar":false},"uagb_author_info":{"display_name":"Rosa Heinonen","author_link":"https:\/\/blogit.gradia.fi\/hyvanmielenmessut\/author\/gr201289\/"},"uagb_comment_info":0,"uagb_excerpt":"Lis\u00e4tietoja tulossa","_links":{"self":[{"href":"https:\/\/blogit.gradia.fi\/hyvanmielenmessut\/wp-json\/wp\/v2\/pages\/86","targetHints":{"allow":["GET"]}}],"collection":[{"href":"https:\/\/blogit.gradia.fi\/hyvanmielenmessut\/wp-json\/wp\/v2\/pages"}],"about":[{"href":"https:\/\/blogit.gradia.fi\/hyvanmielenmessut\/wp-json\/wp\/v2\/types\/page"}],"author":[{"embeddable":true,"href":"https:\/\/blogit.gradia.fi\/hyvanmielenmessut\/wp-json\/wp\/v2\/users\/730"}],"replies":[{"embeddable":true,"href":"https:\/\/blogit.gradia.fi\/hyvanmielenmessut\/wp-json\/wp\/v2\/comments?post=86"}],"version-history":[{"count":10,"href":"https:\/\/blogit.gradia.fi\/hyvanmielenmessut\/wp-json\/wp\/v2\/pages\/86\/revisions"}],"predecessor-version":[{"id":479,"href":"https:\/\/blogit.gradia.fi\/hyvanmielenmessut\/wp-json\/wp\/v2\/pages\/86\/revisions\/479"}],"wp:attachment":[{"href":"https:\/\/blogit.gradia.fi\/hyvanmielenmessut\/wp-json\/wp\/v2\/media?parent=86"}],"curies":[{"name":"wp","href":"https:\/\/api.w.org\/{rel}","templated":true}]}}