{"id":988,"date":"2016-12-02T11:19:47","date_gmt":"2016-12-02T09:19:47","guid":{"rendered":"https:\/\/blogit.gradia.fi\/hiuskilta\/?page_id=988"},"modified":"2018-01-17T14:53:54","modified_gmt":"2018-01-17T12:53:54","slug":"nayttojen-seurantalomakkeet","status":"publish","type":"page","link":"https:\/\/blogit.gradia.fi\/hiuskilta\/ammattiosaamisen-naytot\/nayttojen-seurantalomakkeet\/","title":{"rendered":"N\u00e4ytt\u00f6jen seurantalomakkeet"},"content":{"rendered":"<p>introteksti<\/p>\n<p><a href=\"https:\/\/jaofi-my.sharepoint.com\/personal\/satub_gradia_fi\/_layouts\/15\/guestaccess.aspx?guestaccesstoken=1Ai%2bkzxpaiXqY6NG1U13zTWe4T7qsjDuLAvXnjDXaj8%3d&amp;docid=0eac635790a6749908e961605a3eaa9ba&amp;rev=1\" target=\"_blank\" rel=\"noopener\">Hiusten leikkaaminen<\/a><\/p>\n<p><a href=\"https:\/\/jaofi-my.sharepoint.com\/personal\/satub_gradia_fi\/_layouts\/15\/guestaccess.aspx?guestaccesstoken=qjdym5%2f9WpDwJEoPNL%2bXQtD3y1Ym8SAydyEbjcM%2bspc%3d&amp;docid=0fe78164e6eb04b14b31273fd6de122f4&amp;rev=1\" target=\"_blank\" rel=\"noopener\">Permanentti<\/a><\/p>\n<p><a href=\"https:\/\/jaofi-my.sharepoint.com\/personal\/satub_gradia_fi\/_layouts\/15\/guestaccess.aspx?guestaccesstoken=nzP89XfI82UcAYZGk%2b3EKoxC8%2b%2biG1GxK7mUYwHWV5k%3d&amp;docid=012bc513a51e647449ba7119fb14c25f8&amp;rev=1\" target=\"_blank\" rel=\"noopener\">Kampaus ja ehostus<\/a><\/p>\n<p><a href=\"https:\/\/jaofi-my.sharepoint.com\/personal\/satub_gradia_fi\/_layouts\/15\/guestaccess.aspx?guestaccesstoken=OvzBkjZvEtCdLD7mlc5mMJrgSP0MDomJIElqKPtdp6I%3d&amp;docid=0e7728d39d51a43029942c15967ee695d&amp;rev=1\" target=\"_blank\" rel=\"noopener\">Hiusten v\u00e4rj\u00e4\u00e4minen<\/a><\/p>\n<p><a href=\"https:\/\/jaofi-my.sharepoint.com\/personal\/satub_gradia_fi\/_layouts\/15\/guestaccess.aspx?docid=035fd790641664a2598a1e22f34dc836f&amp;authkey=ARYaSXIfPTJePzLCJ_7xbUs\" target=\"_blank\" rel=\"noopener\">Hiusalan yritt\u00e4jyys ja yritystoiminta<\/a><\/p>\n<p><a href=\"https:\/\/jaofi-my.sharepoint.com\/personal\/satub_gradia_fi\/_layouts\/15\/guestaccess.aspx?docid=00930cd61f81743fa9991c2fdbb26bb9a&amp;authkey=AdgsQF0pRBZFJiBhUJjR40o\" target=\"_blank\" rel=\"noopener\">Hoito- ja muotoilukokonaisuus<\/a><\/p>\n","protected":false},"excerpt":{"rendered":"<p>introteksti Hiusten leikkaaminen Permanentti Kampaus ja ehostus Hiusten v\u00e4rj\u00e4\u00e4minen Hiusalan yritt\u00e4jyys ja yritystoiminta Hoito- ja muotoilukokonaisuus<\/p>\n","protected":false},"author":161,"featured_media":0,"parent":547,"menu_order":0,"comment_status":"closed","ping_status":"closed","template":"","meta":{"_uag_custom_page_level_css":"","footnotes":""},"class_list":["post-988","page","type-page","status-publish","hentry"],"yoast_head":"<!-- This site is optimized with the Yoast SEO plugin v27.4 - https:\/\/yoast.com\/product\/yoast-seo-wordpress\/ -->\n<title>N\u00e4ytt\u00f6jen seurantalomakkeet - Hiuskilta Original<\/title>\n<meta name=\"robots\" content=\"index, follow, max-snippet:-1, max-image-preview:large, max-video-preview:-1\" \/>\n<link rel=\"canonical\" href=\"https:\/\/blogit.gradia.fi\/hiuskilta\/ammattiosaamisen-naytot\/nayttojen-seurantalomakkeet\/\" \/>\n<meta property=\"og:locale\" content=\"fi_FI\" \/>\n<meta property=\"og:type\" content=\"article\" \/>\n<meta property=\"og:title\" content=\"N\u00e4ytt\u00f6jen seurantalomakkeet - Hiuskilta Original\" \/>\n<meta property=\"og:description\" content=\"introteksti Hiusten leikkaaminen Permanentti Kampaus ja ehostus Hiusten v\u00e4rj\u00e4\u00e4minen Hiusalan yritt\u00e4jyys ja yritystoiminta Hoito- ja muotoilukokonaisuus\" \/>\n<meta property=\"og:url\" content=\"https:\/\/blogit.gradia.fi\/hiuskilta\/ammattiosaamisen-naytot\/nayttojen-seurantalomakkeet\/\" \/>\n<meta property=\"og:site_name\" content=\"Hiuskilta Original\" \/>\n<meta property=\"article:modified_time\" content=\"2018-01-17T12:53:54+00:00\" \/>\n<meta name=\"twitter:card\" content=\"summary_large_image\" \/>\n<script type=\"application\/ld+json\" class=\"yoast-schema-graph\">{\"@context\":\"https:\\\/\\\/schema.org\",\"@graph\":[{\"@type\":\"WebPage\",\"@id\":\"https:\\\/\\\/blogit.gradia.fi\\\/hiuskilta\\\/ammattiosaamisen-naytot\\\/nayttojen-seurantalomakkeet\\\/\",\"url\":\"https:\\\/\\\/blogit.gradia.fi\\\/hiuskilta\\\/ammattiosaamisen-naytot\\\/nayttojen-seurantalomakkeet\\\/\",\"name\":\"N\u00e4ytt\u00f6jen seurantalomakkeet - Hiuskilta Original\",\"isPartOf\":{\"@id\":\"https:\\\/\\\/blogit.gradia.fi\\\/hiuskilta\\\/#website\"},\"datePublished\":\"2016-12-02T09:19:47+00:00\",\"dateModified\":\"2018-01-17T12:53:54+00:00\",\"breadcrumb\":{\"@id\":\"https:\\\/\\\/blogit.gradia.fi\\\/hiuskilta\\\/ammattiosaamisen-naytot\\\/nayttojen-seurantalomakkeet\\\/#breadcrumb\"},\"inLanguage\":\"fi\",\"potentialAction\":[{\"@type\":\"ReadAction\",\"target\":[\"https:\\\/\\\/blogit.gradia.fi\\\/hiuskilta\\\/ammattiosaamisen-naytot\\\/nayttojen-seurantalomakkeet\\\/\"]}]},{\"@type\":\"BreadcrumbList\",\"@id\":\"https:\\\/\\\/blogit.gradia.fi\\\/hiuskilta\\\/ammattiosaamisen-naytot\\\/nayttojen-seurantalomakkeet\\\/#breadcrumb\",\"itemListElement\":[{\"@type\":\"ListItem\",\"position\":1,\"name\":\"Ammattiosaamisen n\u00e4yt\u00f6t\",\"item\":\"https:\\\/\\\/blogit.gradia.fi\\\/hiuskilta\\\/ammattiosaamisen-naytot\\\/\"},{\"@type\":\"ListItem\",\"position\":2,\"name\":\"N\u00e4ytt\u00f6jen seurantalomakkeet\"}]},{\"@type\":\"WebSite\",\"@id\":\"https:\\\/\\\/blogit.gradia.fi\\\/hiuskilta\\\/#website\",\"url\":\"https:\\\/\\\/blogit.gradia.fi\\\/hiuskilta\\\/\",\"name\":\"Hiuskilta Original\",\"description\":\"Gradia Jyv\u00e4skyl\u00e4n hiusalan avoin oppimisymp\u00e4rist\u00f6\",\"potentialAction\":[{\"@type\":\"SearchAction\",\"target\":{\"@type\":\"EntryPoint\",\"urlTemplate\":\"https:\\\/\\\/blogit.gradia.fi\\\/hiuskilta\\\/?s={search_term_string}\"},\"query-input\":{\"@type\":\"PropertyValueSpecification\",\"valueRequired\":true,\"valueName\":\"search_term_string\"}}],\"inLanguage\":\"fi\"}]}<\/script>\n<!-- \/ Yoast SEO plugin. -->","yoast_head_json":{"title":"N\u00e4ytt\u00f6jen seurantalomakkeet - Hiuskilta Original","robots":{"index":"index","follow":"follow","max-snippet":"max-snippet:-1","max-image-preview":"max-image-preview:large","max-video-preview":"max-video-preview:-1"},"canonical":"https:\/\/blogit.gradia.fi\/hiuskilta\/ammattiosaamisen-naytot\/nayttojen-seurantalomakkeet\/","og_locale":"fi_FI","og_type":"article","og_title":"N\u00e4ytt\u00f6jen seurantalomakkeet - Hiuskilta Original","og_description":"introteksti Hiusten leikkaaminen Permanentti Kampaus ja ehostus Hiusten v\u00e4rj\u00e4\u00e4minen Hiusalan yritt\u00e4jyys ja yritystoiminta Hoito- ja muotoilukokonaisuus","og_url":"https:\/\/blogit.gradia.fi\/hiuskilta\/ammattiosaamisen-naytot\/nayttojen-seurantalomakkeet\/","og_site_name":"Hiuskilta Original","article_modified_time":"2018-01-17T12:53:54+00:00","twitter_card":"summary_large_image","schema":{"@context":"https:\/\/schema.org","@graph":[{"@type":"WebPage","@id":"https:\/\/blogit.gradia.fi\/hiuskilta\/ammattiosaamisen-naytot\/nayttojen-seurantalomakkeet\/","url":"https:\/\/blogit.gradia.fi\/hiuskilta\/ammattiosaamisen-naytot\/nayttojen-seurantalomakkeet\/","name":"N\u00e4ytt\u00f6jen seurantalomakkeet - Hiuskilta Original","isPartOf":{"@id":"https:\/\/blogit.gradia.fi\/hiuskilta\/#website"},"datePublished":"2016-12-02T09:19:47+00:00","dateModified":"2018-01-17T12:53:54+00:00","breadcrumb":{"@id":"https:\/\/blogit.gradia.fi\/hiuskilta\/ammattiosaamisen-naytot\/nayttojen-seurantalomakkeet\/#breadcrumb"},"inLanguage":"fi","potentialAction":[{"@type":"ReadAction","target":["https:\/\/blogit.gradia.fi\/hiuskilta\/ammattiosaamisen-naytot\/nayttojen-seurantalomakkeet\/"]}]},{"@type":"BreadcrumbList","@id":"https:\/\/blogit.gradia.fi\/hiuskilta\/ammattiosaamisen-naytot\/nayttojen-seurantalomakkeet\/#breadcrumb","itemListElement":[{"@type":"ListItem","position":1,"name":"Ammattiosaamisen n\u00e4yt\u00f6t","item":"https:\/\/blogit.gradia.fi\/hiuskilta\/ammattiosaamisen-naytot\/"},{"@type":"ListItem","position":2,"name":"N\u00e4ytt\u00f6jen seurantalomakkeet"}]},{"@type":"WebSite","@id":"https:\/\/blogit.gradia.fi\/hiuskilta\/#website","url":"https:\/\/blogit.gradia.fi\/hiuskilta\/","name":"Hiuskilta Original","description":"Gradia Jyv\u00e4skyl\u00e4n hiusalan avoin oppimisymp\u00e4rist\u00f6","potentialAction":[{"@type":"SearchAction","target":{"@type":"EntryPoint","urlTemplate":"https:\/\/blogit.gradia.fi\/hiuskilta\/?s={search_term_string}"},"query-input":{"@type":"PropertyValueSpecification","valueRequired":true,"valueName":"search_term_string"}}],"inLanguage":"fi"}]}},"uagb_featured_image_src":{"full":false,"thumbnail":false,"medium":false,"medium_large":false,"large":false,"1536x1536":false,"2048x2048":false,"post-thumbnail":false,"twentyfourteen-full-width":false},"uagb_author_info":{"display_name":"Hanna Frilander","author_link":"https:\/\/blogit.gradia.fi\/hiuskilta\/author\/frilahan\/"},"uagb_comment_info":0,"uagb_excerpt":"introteksti Hiusten leikkaaminen Permanentti Kampaus ja ehostus Hiusten v\u00e4rj\u00e4\u00e4minen Hiusalan yritt\u00e4jyys ja yritystoiminta Hoito- ja muotoilukokonaisuus","_links":{"self":[{"href":"https:\/\/blogit.gradia.fi\/hiuskilta\/wp-json\/wp\/v2\/pages\/988","targetHints":{"allow":["GET"]}}],"collection":[{"href":"https:\/\/blogit.gradia.fi\/hiuskilta\/wp-json\/wp\/v2\/pages"}],"about":[{"href":"https:\/\/blogit.gradia.fi\/hiuskilta\/wp-json\/wp\/v2\/types\/page"}],"author":[{"embeddable":true,"href":"https:\/\/blogit.gradia.fi\/hiuskilta\/wp-json\/wp\/v2\/users\/161"}],"replies":[{"embeddable":true,"href":"https:\/\/blogit.gradia.fi\/hiuskilta\/wp-json\/wp\/v2\/comments?post=988"}],"version-history":[{"count":0,"href":"https:\/\/blogit.gradia.fi\/hiuskilta\/wp-json\/wp\/v2\/pages\/988\/revisions"}],"up":[{"embeddable":true,"href":"https:\/\/blogit.gradia.fi\/hiuskilta\/wp-json\/wp\/v2\/pages\/547"}],"wp:attachment":[{"href":"https:\/\/blogit.gradia.fi\/hiuskilta\/wp-json\/wp\/v2\/media?parent=988"}],"curies":[{"name":"wp","href":"https:\/\/api.w.org\/{rel}","templated":true}]}}