{"id":965,"date":"2016-09-29T12:48:19","date_gmt":"2016-09-29T09:48:19","guid":{"rendered":"https:\/\/blogit.gradia.fi\/hiuskilta\/?page_id=965"},"modified":"2017-02-09T09:05:49","modified_gmt":"2017-02-09T07:05:49","slug":"3-4-jakso","status":"publish","type":"page","link":"https:\/\/blogit.gradia.fi\/hiuskilta\/3-4-jakso\/","title":{"rendered":"3.4 jakso"},"content":{"rendered":"<h2>Hiusten hoito- ja muotoilukokonaisuus<\/h2>\n<p>Asiakaskonsultaatio ja neuvontapalvelut<\/p>\n<p>Oppimisymp\u00e4rist\u00f6t\/ avoimet, itsen\u00e4ist\u00e4 tiedon hankintaa yksin ja ryhm\u00e4ss\u00e4<\/p>\n<ul>\n<li>lis\u00e4palvelujen myynti<\/li>\n<li>blogin (oppimisp\u00e4iv\u00e4kirjan, yll\u00e4pit\u00e4minen)<\/li>\n<li>asiakasl\u00e4ht\u00f6inen toiminta ja oman ty\u00f6n markkinointi<\/li>\n<li>sidosryhm\u00e4yhteisty\u00f6<\/li>\n<li>kev\u00e4\u00e4n, kes\u00e4n muoti ja trendit hiuksissa ja ehostuksissa<\/li>\n<\/ul>\n<p>Oppimisymp\u00e4rist\u00f6\/ ohjaajan johdolla<\/p>\n<ul>\n<li>erikoispalvelut, hiustenpidennykset<\/li>\n<li>asiakaspalvelu<\/li>\n<li>maahantuojan koulutukset<\/li>\n<li>arviointiin ja palautteen antamiseen harjaantuminen<\/li>\n<\/ul>\n<p>Oppimisen arviointi<\/p>\n<ul>\n<li>Itsearviointi ja vertaisarviointi<\/li>\n<li>tekeminen ja toimiminen<\/li>\n<li>osallistuminen<\/li>\n<li>Itsearviointi<\/li>\n<li>jakson itsearviointi<\/li>\n<\/ul>\n<p>Opettajan ohjaus ja tuki<\/p>\n<ul>\n<li>palaute opiskelijalle ja ryhm\u00e4lle<\/li>\n<\/ul>\n<p>&nbsp;<\/p>\n","protected":false},"excerpt":{"rendered":"<p>Hiusten hoito- ja muotoilukokonaisuus Asiakaskonsultaatio ja neuvontapalvelut Oppimisymp\u00e4rist\u00f6t\/ avoimet, itsen\u00e4ist\u00e4 tiedon hankintaa yksin ja ryhm\u00e4ss\u00e4 lis\u00e4palvelujen myynti blogin (oppimisp\u00e4iv\u00e4kirjan, yll\u00e4pit\u00e4minen) asiakasl\u00e4ht\u00f6inen toiminta ja oman ty\u00f6n markkinointi sidosryhm\u00e4yhteisty\u00f6 kev\u00e4\u00e4n, kes\u00e4n muoti ja trendit hiuksissa ja ehostuksissa Oppimisymp\u00e4rist\u00f6\/ ohjaajan johdolla erikoispalvelut, hiustenpidennykset asiakaspalvelu maahantuojan koulutukset arviointiin ja palautteen antamiseen harjaantuminen Oppimisen arviointi Itsearviointi ja vertaisarviointi tekeminen ja &hellip; <a href=\"https:\/\/blogit.gradia.fi\/hiuskilta\/3-4-jakso\/\" class=\"more-link\">Jatka lukemista <span class=\"screen-reader-text\">3.4 jakso<\/span> <span class=\"meta-nav\">&rarr;<\/span><\/a><\/p>\n","protected":false},"author":161,"featured_media":0,"parent":0,"menu_order":0,"comment_status":"closed","ping_status":"closed","template":"","meta":{"_uag_custom_page_level_css":"","footnotes":""},"class_list":["post-965","page","type-page","status-publish","hentry"],"yoast_head":"<!-- This site is optimized with the Yoast SEO plugin v27.4 - https:\/\/yoast.com\/product\/yoast-seo-wordpress\/ -->\n<title>3.4 jakso - Hiuskilta Original<\/title>\n<meta name=\"robots\" content=\"index, follow, max-snippet:-1, max-image-preview:large, max-video-preview:-1\" \/>\n<link rel=\"canonical\" href=\"https:\/\/blogit.gradia.fi\/hiuskilta\/3-4-jakso\/\" \/>\n<meta property=\"og:locale\" content=\"fi_FI\" \/>\n<meta property=\"og:type\" content=\"article\" \/>\n<meta property=\"og:title\" content=\"3.4 jakso - Hiuskilta Original\" \/>\n<meta property=\"og:description\" content=\"Hiusten hoito- ja muotoilukokonaisuus Asiakaskonsultaatio ja neuvontapalvelut Oppimisymp\u00e4rist\u00f6t\/ avoimet, itsen\u00e4ist\u00e4 tiedon hankintaa yksin ja ryhm\u00e4ss\u00e4 lis\u00e4palvelujen myynti blogin (oppimisp\u00e4iv\u00e4kirjan, yll\u00e4pit\u00e4minen) asiakasl\u00e4ht\u00f6inen toiminta ja oman ty\u00f6n markkinointi sidosryhm\u00e4yhteisty\u00f6 kev\u00e4\u00e4n, kes\u00e4n muoti ja trendit hiuksissa ja ehostuksissa Oppimisymp\u00e4rist\u00f6\/ ohjaajan johdolla erikoispalvelut, hiustenpidennykset asiakaspalvelu maahantuojan koulutukset arviointiin ja palautteen antamiseen harjaantuminen Oppimisen arviointi Itsearviointi ja vertaisarviointi tekeminen ja &hellip; Jatka lukemista 3.4 jakso &rarr;\" \/>\n<meta property=\"og:url\" content=\"https:\/\/blogit.gradia.fi\/hiuskilta\/3-4-jakso\/\" \/>\n<meta property=\"og:site_name\" content=\"Hiuskilta Original\" \/>\n<meta property=\"article:modified_time\" content=\"2017-02-09T07:05:49+00:00\" \/>\n<meta name=\"twitter:card\" content=\"summary_large_image\" \/>\n<script type=\"application\/ld+json\" class=\"yoast-schema-graph\">{\"@context\":\"https:\\\/\\\/schema.org\",\"@graph\":[{\"@type\":\"WebPage\",\"@id\":\"https:\\\/\\\/blogit.gradia.fi\\\/hiuskilta\\\/3-4-jakso\\\/\",\"url\":\"https:\\\/\\\/blogit.gradia.fi\\\/hiuskilta\\\/3-4-jakso\\\/\",\"name\":\"3.4 jakso - Hiuskilta Original\",\"isPartOf\":{\"@id\":\"https:\\\/\\\/blogit.gradia.fi\\\/hiuskilta\\\/#website\"},\"datePublished\":\"2016-09-29T09:48:19+00:00\",\"dateModified\":\"2017-02-09T07:05:49+00:00\",\"inLanguage\":\"fi\",\"potentialAction\":[{\"@type\":\"ReadAction\",\"target\":[\"https:\\\/\\\/blogit.gradia.fi\\\/hiuskilta\\\/3-4-jakso\\\/\"]}]},{\"@type\":\"WebSite\",\"@id\":\"https:\\\/\\\/blogit.gradia.fi\\\/hiuskilta\\\/#website\",\"url\":\"https:\\\/\\\/blogit.gradia.fi\\\/hiuskilta\\\/\",\"name\":\"Hiuskilta Original\",\"description\":\"Gradia Jyv\u00e4skyl\u00e4n hiusalan avoin oppimisymp\u00e4rist\u00f6\",\"potentialAction\":[{\"@type\":\"SearchAction\",\"target\":{\"@type\":\"EntryPoint\",\"urlTemplate\":\"https:\\\/\\\/blogit.gradia.fi\\\/hiuskilta\\\/?s={search_term_string}\"},\"query-input\":{\"@type\":\"PropertyValueSpecification\",\"valueRequired\":true,\"valueName\":\"search_term_string\"}}],\"inLanguage\":\"fi\"}]}<\/script>\n<!-- \/ Yoast SEO plugin. -->","yoast_head_json":{"title":"3.4 jakso - Hiuskilta Original","robots":{"index":"index","follow":"follow","max-snippet":"max-snippet:-1","max-image-preview":"max-image-preview:large","max-video-preview":"max-video-preview:-1"},"canonical":"https:\/\/blogit.gradia.fi\/hiuskilta\/3-4-jakso\/","og_locale":"fi_FI","og_type":"article","og_title":"3.4 jakso - Hiuskilta Original","og_description":"Hiusten hoito- ja muotoilukokonaisuus Asiakaskonsultaatio ja neuvontapalvelut Oppimisymp\u00e4rist\u00f6t\/ avoimet, itsen\u00e4ist\u00e4 tiedon hankintaa yksin ja ryhm\u00e4ss\u00e4 lis\u00e4palvelujen myynti blogin (oppimisp\u00e4iv\u00e4kirjan, yll\u00e4pit\u00e4minen) asiakasl\u00e4ht\u00f6inen toiminta ja oman ty\u00f6n markkinointi sidosryhm\u00e4yhteisty\u00f6 kev\u00e4\u00e4n, kes\u00e4n muoti ja trendit hiuksissa ja ehostuksissa Oppimisymp\u00e4rist\u00f6\/ ohjaajan johdolla erikoispalvelut, hiustenpidennykset asiakaspalvelu maahantuojan koulutukset arviointiin ja palautteen antamiseen harjaantuminen Oppimisen arviointi Itsearviointi ja vertaisarviointi tekeminen ja &hellip; Jatka lukemista 3.4 jakso &rarr;","og_url":"https:\/\/blogit.gradia.fi\/hiuskilta\/3-4-jakso\/","og_site_name":"Hiuskilta Original","article_modified_time":"2017-02-09T07:05:49+00:00","twitter_card":"summary_large_image","schema":{"@context":"https:\/\/schema.org","@graph":[{"@type":"WebPage","@id":"https:\/\/blogit.gradia.fi\/hiuskilta\/3-4-jakso\/","url":"https:\/\/blogit.gradia.fi\/hiuskilta\/3-4-jakso\/","name":"3.4 jakso - Hiuskilta Original","isPartOf":{"@id":"https:\/\/blogit.gradia.fi\/hiuskilta\/#website"},"datePublished":"2016-09-29T09:48:19+00:00","dateModified":"2017-02-09T07:05:49+00:00","inLanguage":"fi","potentialAction":[{"@type":"ReadAction","target":["https:\/\/blogit.gradia.fi\/hiuskilta\/3-4-jakso\/"]}]},{"@type":"WebSite","@id":"https:\/\/blogit.gradia.fi\/hiuskilta\/#website","url":"https:\/\/blogit.gradia.fi\/hiuskilta\/","name":"Hiuskilta Original","description":"Gradia Jyv\u00e4skyl\u00e4n hiusalan avoin oppimisymp\u00e4rist\u00f6","potentialAction":[{"@type":"SearchAction","target":{"@type":"EntryPoint","urlTemplate":"https:\/\/blogit.gradia.fi\/hiuskilta\/?s={search_term_string}"},"query-input":{"@type":"PropertyValueSpecification","valueRequired":true,"valueName":"search_term_string"}}],"inLanguage":"fi"}]}},"uagb_featured_image_src":{"full":false,"thumbnail":false,"medium":false,"medium_large":false,"large":false,"1536x1536":false,"2048x2048":false,"post-thumbnail":false,"twentyfourteen-full-width":false},"uagb_author_info":{"display_name":"Hanna Frilander","author_link":"https:\/\/blogit.gradia.fi\/hiuskilta\/author\/frilahan\/"},"uagb_comment_info":0,"uagb_excerpt":"Hiusten hoito- ja muotoilukokonaisuus Asiakaskonsultaatio ja neuvontapalvelut Oppimisymp\u00e4rist\u00f6t\/ avoimet, itsen\u00e4ist\u00e4 tiedon hankintaa yksin ja ryhm\u00e4ss\u00e4 lis\u00e4palvelujen myynti blogin (oppimisp\u00e4iv\u00e4kirjan, yll\u00e4pit\u00e4minen) asiakasl\u00e4ht\u00f6inen toiminta ja oman ty\u00f6n markkinointi sidosryhm\u00e4yhteisty\u00f6 kev\u00e4\u00e4n, kes\u00e4n muoti ja trendit hiuksissa ja ehostuksissa Oppimisymp\u00e4rist\u00f6\/ ohjaajan johdolla erikoispalvelut, hiustenpidennykset asiakaspalvelu maahantuojan koulutukset arviointiin ja palautteen antamiseen harjaantuminen Oppimisen arviointi Itsearviointi ja vertaisarviointi tekeminen ja&hellip;","_links":{"self":[{"href":"https:\/\/blogit.gradia.fi\/hiuskilta\/wp-json\/wp\/v2\/pages\/965","targetHints":{"allow":["GET"]}}],"collection":[{"href":"https:\/\/blogit.gradia.fi\/hiuskilta\/wp-json\/wp\/v2\/pages"}],"about":[{"href":"https:\/\/blogit.gradia.fi\/hiuskilta\/wp-json\/wp\/v2\/types\/page"}],"author":[{"embeddable":true,"href":"https:\/\/blogit.gradia.fi\/hiuskilta\/wp-json\/wp\/v2\/users\/161"}],"replies":[{"embeddable":true,"href":"https:\/\/blogit.gradia.fi\/hiuskilta\/wp-json\/wp\/v2\/comments?post=965"}],"version-history":[{"count":0,"href":"https:\/\/blogit.gradia.fi\/hiuskilta\/wp-json\/wp\/v2\/pages\/965\/revisions"}],"wp:attachment":[{"href":"https:\/\/blogit.gradia.fi\/hiuskilta\/wp-json\/wp\/v2\/media?parent=965"}],"curies":[{"name":"wp","href":"https:\/\/api.w.org\/{rel}","templated":true}]}}