{"id":963,"date":"2016-09-29T12:48:07","date_gmt":"2016-09-29T09:48:07","guid":{"rendered":"https:\/\/blogit.gradia.fi\/hiuskilta\/?page_id=963"},"modified":"2016-12-02T11:18:17","modified_gmt":"2016-12-02T09:18:17","slug":"3-3-jakso","status":"publish","type":"page","link":"https:\/\/blogit.gradia.fi\/hiuskilta\/3-3-jakso\/","title":{"rendered":"3.3 jakso"},"content":{"rendered":"<h2>Kampaus ja ehostus<\/h2>\n<h2>\nHiusalan yritt\u00e4jyys ja yritystoiminta<\/h2>\n<h2>\nTy\u00f6ss\u00e4oppiminen ja N\u00e4ytt\u00f6<\/h2>\n<p>\u2022\u00a0\u00a0 \u00a0Kampaukset ja ehostus<br \/>\n\u2022\u00a0\u00a0 \u00a0Permanentti<\/p>\n<p>Oppimisymp\u00e4rist\u00f6t\/ avoimet, itsen\u00e4ist\u00e4 tiedon hankintaa yksin ja ryhm\u00e4ss\u00e4<br \/>\n\u2022\u00a0\u00a0 \u00a0tyylit ja persoonallisuus kampauksissa ja ehostuksissa<br \/>\n\u2022\u00a0\u00a0 \u00a0ajankohtainen muoti kampauksissa ja ehostuksissa<br \/>\n\u2022\u00a0\u00a0 \u00a0blogin (oppimisp\u00e4iv\u00e4kirjan, yll\u00e4pit\u00e4minen)<br \/>\n\u2022\u00a0\u00a0 \u00a0asiakasl\u00e4ht\u00f6inen toiminta ja oman ty\u00f6n markkinointi<br \/>\n\u2022\u00a0\u00a0 \u00a0n\u00e4ytt\u00f6jen suunnittelu ja toteutus<br \/>\n\u2022\u00a0\u00a0 \u00a0asiakasanalyysit ja ty\u00f6suunnitelmat<\/p>\n<p>Oppimisymp\u00e4rist\u00f6\/ top ohjaajan johdolla<br \/>\n\u2022\u00a0\u00a0 \u00a0ty\u00f6paikkaan, koneisiin, laitteisiin ja tuotteisiin perehdytt\u00e4minen<br \/>\n\u2022\u00a0\u00a0 \u00a0analyysien ja ty\u00f6suunnitelmien tarkastaminen<br \/>\n\u2022\u00a0\u00a0 \u00a0n\u00e4ytt\u00f6jen vastaanottaminen<br \/>\n\u2022\u00a0\u00a0 \u00a0arviointiin ja palautteen antamiseen harjaantuminen<\/p>\n<p>Oppimisen arviointi<br \/>\n&#8211;\u00a0\u00a0 \u00a0Itsearviointi ja vertaisarviointi<br \/>\n\u2022\u00a0\u00a0 \u00a0tekeminen ja toimiminen<br \/>\n\u2022\u00a0\u00a0 \u00a0osallistuminen<br \/>\n&#8211;\u00a0\u00a0 \u00a0Itsearviointi<br \/>\n\u2022\u00a0\u00a0 \u00a0jakson itsearviointi<\/p>\n<p>Opettajan ohjaus ja tuki<br \/>\n\u2022\u00a0\u00a0 \u00a0palaute opiskelijalle ja ryhm\u00e4lle<\/p>\n","protected":false},"excerpt":{"rendered":"<p>Kampaus ja ehostus Hiusalan yritt\u00e4jyys ja yritystoiminta Ty\u00f6ss\u00e4oppiminen ja N\u00e4ytt\u00f6 \u2022\u00a0\u00a0 \u00a0Kampaukset ja ehostus \u2022\u00a0\u00a0 \u00a0Permanentti Oppimisymp\u00e4rist\u00f6t\/ avoimet, itsen\u00e4ist\u00e4 tiedon hankintaa yksin ja ryhm\u00e4ss\u00e4 \u2022\u00a0\u00a0 \u00a0tyylit ja persoonallisuus kampauksissa ja ehostuksissa \u2022\u00a0\u00a0 \u00a0ajankohtainen muoti kampauksissa ja ehostuksissa \u2022\u00a0\u00a0 \u00a0blogin (oppimisp\u00e4iv\u00e4kirjan, yll\u00e4pit\u00e4minen) \u2022\u00a0\u00a0 \u00a0asiakasl\u00e4ht\u00f6inen toiminta ja oman ty\u00f6n markkinointi \u2022\u00a0\u00a0 \u00a0n\u00e4ytt\u00f6jen suunnittelu ja toteutus \u2022\u00a0\u00a0 \u00a0asiakasanalyysit &hellip; <a href=\"https:\/\/blogit.gradia.fi\/hiuskilta\/3-3-jakso\/\" class=\"more-link\">Jatka lukemista <span class=\"screen-reader-text\">3.3 jakso<\/span> <span class=\"meta-nav\">&rarr;<\/span><\/a><\/p>\n","protected":false},"author":161,"featured_media":0,"parent":0,"menu_order":0,"comment_status":"closed","ping_status":"closed","template":"","meta":{"_uag_custom_page_level_css":"","footnotes":""},"class_list":["post-963","page","type-page","status-publish","hentry"],"yoast_head":"<!-- This site is optimized with the Yoast SEO plugin v27.4 - https:\/\/yoast.com\/product\/yoast-seo-wordpress\/ -->\n<title>3.3 jakso - Hiuskilta Original<\/title>\n<meta name=\"robots\" content=\"index, follow, max-snippet:-1, max-image-preview:large, max-video-preview:-1\" \/>\n<link rel=\"canonical\" href=\"https:\/\/blogit.gradia.fi\/hiuskilta\/3-3-jakso\/\" \/>\n<meta property=\"og:locale\" content=\"fi_FI\" \/>\n<meta property=\"og:type\" content=\"article\" \/>\n<meta property=\"og:title\" content=\"3.3 jakso - Hiuskilta Original\" \/>\n<meta property=\"og:description\" content=\"Kampaus ja ehostus Hiusalan yritt\u00e4jyys ja yritystoiminta Ty\u00f6ss\u00e4oppiminen ja N\u00e4ytt\u00f6 \u2022\u00a0\u00a0 \u00a0Kampaukset ja ehostus \u2022\u00a0\u00a0 \u00a0Permanentti Oppimisymp\u00e4rist\u00f6t\/ avoimet, itsen\u00e4ist\u00e4 tiedon hankintaa yksin ja ryhm\u00e4ss\u00e4 \u2022\u00a0\u00a0 \u00a0tyylit ja persoonallisuus kampauksissa ja ehostuksissa \u2022\u00a0\u00a0 \u00a0ajankohtainen muoti kampauksissa ja ehostuksissa \u2022\u00a0\u00a0 \u00a0blogin (oppimisp\u00e4iv\u00e4kirjan, yll\u00e4pit\u00e4minen) \u2022\u00a0\u00a0 \u00a0asiakasl\u00e4ht\u00f6inen toiminta ja oman ty\u00f6n markkinointi \u2022\u00a0\u00a0 \u00a0n\u00e4ytt\u00f6jen suunnittelu ja toteutus \u2022\u00a0\u00a0 \u00a0asiakasanalyysit &hellip; Jatka lukemista 3.3 jakso &rarr;\" \/>\n<meta property=\"og:url\" content=\"https:\/\/blogit.gradia.fi\/hiuskilta\/3-3-jakso\/\" \/>\n<meta property=\"og:site_name\" content=\"Hiuskilta Original\" \/>\n<meta property=\"article:modified_time\" content=\"2016-12-02T09:18:17+00:00\" \/>\n<meta name=\"twitter:card\" content=\"summary_large_image\" \/>\n<meta name=\"twitter:label1\" content=\"Arvioitu lukuaika\" \/>\n\t<meta name=\"twitter:data1\" content=\"1 minuutti\" \/>\n<script type=\"application\/ld+json\" class=\"yoast-schema-graph\">{\"@context\":\"https:\\\/\\\/schema.org\",\"@graph\":[{\"@type\":\"WebPage\",\"@id\":\"https:\\\/\\\/blogit.gradia.fi\\\/hiuskilta\\\/3-3-jakso\\\/\",\"url\":\"https:\\\/\\\/blogit.gradia.fi\\\/hiuskilta\\\/3-3-jakso\\\/\",\"name\":\"3.3 jakso - Hiuskilta Original\",\"isPartOf\":{\"@id\":\"https:\\\/\\\/blogit.gradia.fi\\\/hiuskilta\\\/#website\"},\"datePublished\":\"2016-09-29T09:48:07+00:00\",\"dateModified\":\"2016-12-02T09:18:17+00:00\",\"inLanguage\":\"fi\",\"potentialAction\":[{\"@type\":\"ReadAction\",\"target\":[\"https:\\\/\\\/blogit.gradia.fi\\\/hiuskilta\\\/3-3-jakso\\\/\"]}]},{\"@type\":\"WebSite\",\"@id\":\"https:\\\/\\\/blogit.gradia.fi\\\/hiuskilta\\\/#website\",\"url\":\"https:\\\/\\\/blogit.gradia.fi\\\/hiuskilta\\\/\",\"name\":\"Hiuskilta Original\",\"description\":\"Gradia Jyv\u00e4skyl\u00e4n hiusalan avoin oppimisymp\u00e4rist\u00f6\",\"potentialAction\":[{\"@type\":\"SearchAction\",\"target\":{\"@type\":\"EntryPoint\",\"urlTemplate\":\"https:\\\/\\\/blogit.gradia.fi\\\/hiuskilta\\\/?s={search_term_string}\"},\"query-input\":{\"@type\":\"PropertyValueSpecification\",\"valueRequired\":true,\"valueName\":\"search_term_string\"}}],\"inLanguage\":\"fi\"}]}<\/script>\n<!-- \/ Yoast SEO plugin. -->","yoast_head_json":{"title":"3.3 jakso - Hiuskilta Original","robots":{"index":"index","follow":"follow","max-snippet":"max-snippet:-1","max-image-preview":"max-image-preview:large","max-video-preview":"max-video-preview:-1"},"canonical":"https:\/\/blogit.gradia.fi\/hiuskilta\/3-3-jakso\/","og_locale":"fi_FI","og_type":"article","og_title":"3.3 jakso - Hiuskilta Original","og_description":"Kampaus ja ehostus Hiusalan yritt\u00e4jyys ja yritystoiminta Ty\u00f6ss\u00e4oppiminen ja N\u00e4ytt\u00f6 \u2022\u00a0\u00a0 \u00a0Kampaukset ja ehostus \u2022\u00a0\u00a0 \u00a0Permanentti Oppimisymp\u00e4rist\u00f6t\/ avoimet, itsen\u00e4ist\u00e4 tiedon hankintaa yksin ja ryhm\u00e4ss\u00e4 \u2022\u00a0\u00a0 \u00a0tyylit ja persoonallisuus kampauksissa ja ehostuksissa \u2022\u00a0\u00a0 \u00a0ajankohtainen muoti kampauksissa ja ehostuksissa \u2022\u00a0\u00a0 \u00a0blogin (oppimisp\u00e4iv\u00e4kirjan, yll\u00e4pit\u00e4minen) \u2022\u00a0\u00a0 \u00a0asiakasl\u00e4ht\u00f6inen toiminta ja oman ty\u00f6n markkinointi \u2022\u00a0\u00a0 \u00a0n\u00e4ytt\u00f6jen suunnittelu ja toteutus \u2022\u00a0\u00a0 \u00a0asiakasanalyysit &hellip; Jatka lukemista 3.3 jakso &rarr;","og_url":"https:\/\/blogit.gradia.fi\/hiuskilta\/3-3-jakso\/","og_site_name":"Hiuskilta Original","article_modified_time":"2016-12-02T09:18:17+00:00","twitter_card":"summary_large_image","twitter_misc":{"Arvioitu lukuaika":"1 minuutti"},"schema":{"@context":"https:\/\/schema.org","@graph":[{"@type":"WebPage","@id":"https:\/\/blogit.gradia.fi\/hiuskilta\/3-3-jakso\/","url":"https:\/\/blogit.gradia.fi\/hiuskilta\/3-3-jakso\/","name":"3.3 jakso - Hiuskilta Original","isPartOf":{"@id":"https:\/\/blogit.gradia.fi\/hiuskilta\/#website"},"datePublished":"2016-09-29T09:48:07+00:00","dateModified":"2016-12-02T09:18:17+00:00","inLanguage":"fi","potentialAction":[{"@type":"ReadAction","target":["https:\/\/blogit.gradia.fi\/hiuskilta\/3-3-jakso\/"]}]},{"@type":"WebSite","@id":"https:\/\/blogit.gradia.fi\/hiuskilta\/#website","url":"https:\/\/blogit.gradia.fi\/hiuskilta\/","name":"Hiuskilta Original","description":"Gradia Jyv\u00e4skyl\u00e4n hiusalan avoin oppimisymp\u00e4rist\u00f6","potentialAction":[{"@type":"SearchAction","target":{"@type":"EntryPoint","urlTemplate":"https:\/\/blogit.gradia.fi\/hiuskilta\/?s={search_term_string}"},"query-input":{"@type":"PropertyValueSpecification","valueRequired":true,"valueName":"search_term_string"}}],"inLanguage":"fi"}]}},"uagb_featured_image_src":{"full":false,"thumbnail":false,"medium":false,"medium_large":false,"large":false,"1536x1536":false,"2048x2048":false,"post-thumbnail":false,"twentyfourteen-full-width":false},"uagb_author_info":{"display_name":"Hanna Frilander","author_link":"https:\/\/blogit.gradia.fi\/hiuskilta\/author\/frilahan\/"},"uagb_comment_info":0,"uagb_excerpt":"Kampaus ja ehostus Hiusalan yritt\u00e4jyys ja yritystoiminta Ty\u00f6ss\u00e4oppiminen ja N\u00e4ytt\u00f6 \u2022\u00a0\u00a0 \u00a0Kampaukset ja ehostus \u2022\u00a0\u00a0 \u00a0Permanentti Oppimisymp\u00e4rist\u00f6t\/ avoimet, itsen\u00e4ist\u00e4 tiedon hankintaa yksin ja ryhm\u00e4ss\u00e4 \u2022\u00a0\u00a0 \u00a0tyylit ja persoonallisuus kampauksissa ja ehostuksissa \u2022\u00a0\u00a0 \u00a0ajankohtainen muoti kampauksissa ja ehostuksissa \u2022\u00a0\u00a0 \u00a0blogin (oppimisp\u00e4iv\u00e4kirjan, yll\u00e4pit\u00e4minen) \u2022\u00a0\u00a0 \u00a0asiakasl\u00e4ht\u00f6inen toiminta ja oman ty\u00f6n markkinointi \u2022\u00a0\u00a0 \u00a0n\u00e4ytt\u00f6jen suunnittelu ja toteutus \u2022\u00a0\u00a0 \u00a0asiakasanalyysit&hellip;","_links":{"self":[{"href":"https:\/\/blogit.gradia.fi\/hiuskilta\/wp-json\/wp\/v2\/pages\/963","targetHints":{"allow":["GET"]}}],"collection":[{"href":"https:\/\/blogit.gradia.fi\/hiuskilta\/wp-json\/wp\/v2\/pages"}],"about":[{"href":"https:\/\/blogit.gradia.fi\/hiuskilta\/wp-json\/wp\/v2\/types\/page"}],"author":[{"embeddable":true,"href":"https:\/\/blogit.gradia.fi\/hiuskilta\/wp-json\/wp\/v2\/users\/161"}],"replies":[{"embeddable":true,"href":"https:\/\/blogit.gradia.fi\/hiuskilta\/wp-json\/wp\/v2\/comments?post=963"}],"version-history":[{"count":0,"href":"https:\/\/blogit.gradia.fi\/hiuskilta\/wp-json\/wp\/v2\/pages\/963\/revisions"}],"wp:attachment":[{"href":"https:\/\/blogit.gradia.fi\/hiuskilta\/wp-json\/wp\/v2\/media?parent=963"}],"curies":[{"name":"wp","href":"https:\/\/api.w.org\/{rel}","templated":true}]}}