{"id":961,"date":"2016-09-29T12:47:57","date_gmt":"2016-09-29T09:47:57","guid":{"rendered":"https:\/\/blogit.gradia.fi\/hiuskilta\/?page_id=961"},"modified":"2016-12-02T11:17:22","modified_gmt":"2016-12-02T09:17:22","slug":"3-2-jakso","status":"publish","type":"page","link":"https:\/\/blogit.gradia.fi\/hiuskilta\/3-2-jakso\/","title":{"rendered":"3.2 jakso"},"content":{"rendered":"<h2>Kampaus ja ehostus 2<\/h2>\n<h3>Yritt\u00e4j\u00e4n\u00e4 toimiminen<\/h3>\n<p>&nbsp;<\/p>\n<p>Oppimisymp\u00e4rist\u00f6t\/ avoimet, itsen\u00e4ist\u00e4 tiedon hankintaa yksin ja ryhm\u00e4ss\u00e4<br \/>\n\u2022 tyylit ja persoonallisuus kampauksissa<br \/>\n\u2022 ajankohtainen muoti kampauksissa<br \/>\n\u2022 yrityksen perustamisen suunnittelu<br \/>\n\u2022 yritystoiminnan asiakirjat<br \/>\n\u2022 blogin (oppimisp\u00e4iv\u00e4kirjan, yll\u00e4pit\u00e4minen)<br \/>\n\u2022 maahantuojien koulutukset<br \/>\n\u2022 asiakasl\u00e4ht\u00f6inen toiminta ja oman ty\u00f6n markkinointi<\/p>\n<p>Oppimisymp\u00e4rist\u00f6\/ ohjaajan johdolla<br \/>\n\u2022 perustekniikoiden yhdisteleminen<br \/>\n\u2022 ajankohtaiset kampaukset<br \/>\n\u2022 erilaiset teemat kampauksissa<br \/>\n\u2022 hiuslis\u00e4n, valkin ja koristeen k\u00e4ytt\u00f6<br \/>\n\u2022 kampausten toteuttaminen liikety\u00f6ajassa<br \/>\n\u2022 tyylit ja persoonallisuus ehostuksissa<br \/>\n\u2022 eri teemat ehostuksissa<br \/>\n\u2022 ajankohtaiset ehostukset<br \/>\n\u2022 tuloksellisesti ty\u00f6skenteleminen<br \/>\n\u2022 palveluiden ja tuotteiden hinnoittelu<br \/>\n\u2022 kannattavuuslaskelmat<br \/>\n\u2022 arviointiin ja palautteen antamiseen harjaantuminen, vertaisarviointi<\/p>\n<p>Oppimisen arviointi<br \/>\n&#8211; Itsearviointi ja vertaisarviointi<br \/>\n\u2022 tekeminen ja toimiminen<br \/>\n\u2022 osallistuminen<br \/>\n&#8211; Itsearviointi<br \/>\n\u2022 jakson itsearviointi<\/p>\n<p>Opettajan ohjaus ja tuki<br \/>\n\u2022 palaute opiskelijalle ja ryhm\u00e4lle<\/p>\n","protected":false},"excerpt":{"rendered":"<p>Kampaus ja ehostus 2 Yritt\u00e4j\u00e4n\u00e4 toimiminen &nbsp; Oppimisymp\u00e4rist\u00f6t\/ avoimet, itsen\u00e4ist\u00e4 tiedon hankintaa yksin ja ryhm\u00e4ss\u00e4 \u2022 tyylit ja persoonallisuus kampauksissa \u2022 ajankohtainen muoti kampauksissa \u2022 yrityksen perustamisen suunnittelu \u2022 yritystoiminnan asiakirjat \u2022 blogin (oppimisp\u00e4iv\u00e4kirjan, yll\u00e4pit\u00e4minen) \u2022 maahantuojien koulutukset \u2022 asiakasl\u00e4ht\u00f6inen toiminta ja oman ty\u00f6n markkinointi Oppimisymp\u00e4rist\u00f6\/ ohjaajan johdolla \u2022 perustekniikoiden yhdisteleminen \u2022 ajankohtaiset kampaukset \u2022 &hellip; <a href=\"https:\/\/blogit.gradia.fi\/hiuskilta\/3-2-jakso\/\" class=\"more-link\">Jatka lukemista <span class=\"screen-reader-text\">3.2 jakso<\/span> <span class=\"meta-nav\">&rarr;<\/span><\/a><\/p>\n","protected":false},"author":161,"featured_media":0,"parent":0,"menu_order":0,"comment_status":"closed","ping_status":"closed","template":"","meta":{"_uag_custom_page_level_css":"","footnotes":""},"class_list":["post-961","page","type-page","status-publish","hentry"],"yoast_head":"<!-- This site is optimized with the Yoast SEO plugin v27.4 - https:\/\/yoast.com\/product\/yoast-seo-wordpress\/ -->\n<title>3.2 jakso - Hiuskilta Original<\/title>\n<meta name=\"robots\" content=\"index, follow, max-snippet:-1, max-image-preview:large, max-video-preview:-1\" \/>\n<link rel=\"canonical\" href=\"https:\/\/blogit.gradia.fi\/hiuskilta\/3-2-jakso\/\" \/>\n<meta property=\"og:locale\" content=\"fi_FI\" \/>\n<meta property=\"og:type\" content=\"article\" \/>\n<meta property=\"og:title\" content=\"3.2 jakso - Hiuskilta Original\" \/>\n<meta property=\"og:description\" content=\"Kampaus ja ehostus 2 Yritt\u00e4j\u00e4n\u00e4 toimiminen &nbsp; Oppimisymp\u00e4rist\u00f6t\/ avoimet, itsen\u00e4ist\u00e4 tiedon hankintaa yksin ja ryhm\u00e4ss\u00e4 \u2022 tyylit ja persoonallisuus kampauksissa \u2022 ajankohtainen muoti kampauksissa \u2022 yrityksen perustamisen suunnittelu \u2022 yritystoiminnan asiakirjat \u2022 blogin (oppimisp\u00e4iv\u00e4kirjan, yll\u00e4pit\u00e4minen) \u2022 maahantuojien koulutukset \u2022 asiakasl\u00e4ht\u00f6inen toiminta ja oman ty\u00f6n markkinointi Oppimisymp\u00e4rist\u00f6\/ ohjaajan johdolla \u2022 perustekniikoiden yhdisteleminen \u2022 ajankohtaiset kampaukset \u2022 &hellip; Jatka lukemista 3.2 jakso &rarr;\" \/>\n<meta property=\"og:url\" content=\"https:\/\/blogit.gradia.fi\/hiuskilta\/3-2-jakso\/\" \/>\n<meta property=\"og:site_name\" content=\"Hiuskilta Original\" \/>\n<meta property=\"article:modified_time\" content=\"2016-12-02T09:17:22+00:00\" \/>\n<meta name=\"twitter:card\" content=\"summary_large_image\" \/>\n<meta name=\"twitter:label1\" content=\"Arvioitu lukuaika\" \/>\n\t<meta name=\"twitter:data1\" content=\"1 minuutti\" \/>\n<script type=\"application\/ld+json\" class=\"yoast-schema-graph\">{\"@context\":\"https:\\\/\\\/schema.org\",\"@graph\":[{\"@type\":\"WebPage\",\"@id\":\"https:\\\/\\\/blogit.gradia.fi\\\/hiuskilta\\\/3-2-jakso\\\/\",\"url\":\"https:\\\/\\\/blogit.gradia.fi\\\/hiuskilta\\\/3-2-jakso\\\/\",\"name\":\"3.2 jakso - Hiuskilta Original\",\"isPartOf\":{\"@id\":\"https:\\\/\\\/blogit.gradia.fi\\\/hiuskilta\\\/#website\"},\"datePublished\":\"2016-09-29T09:47:57+00:00\",\"dateModified\":\"2016-12-02T09:17:22+00:00\",\"inLanguage\":\"fi\",\"potentialAction\":[{\"@type\":\"ReadAction\",\"target\":[\"https:\\\/\\\/blogit.gradia.fi\\\/hiuskilta\\\/3-2-jakso\\\/\"]}]},{\"@type\":\"WebSite\",\"@id\":\"https:\\\/\\\/blogit.gradia.fi\\\/hiuskilta\\\/#website\",\"url\":\"https:\\\/\\\/blogit.gradia.fi\\\/hiuskilta\\\/\",\"name\":\"Hiuskilta Original\",\"description\":\"Gradia Jyv\u00e4skyl\u00e4n hiusalan avoin oppimisymp\u00e4rist\u00f6\",\"potentialAction\":[{\"@type\":\"SearchAction\",\"target\":{\"@type\":\"EntryPoint\",\"urlTemplate\":\"https:\\\/\\\/blogit.gradia.fi\\\/hiuskilta\\\/?s={search_term_string}\"},\"query-input\":{\"@type\":\"PropertyValueSpecification\",\"valueRequired\":true,\"valueName\":\"search_term_string\"}}],\"inLanguage\":\"fi\"}]}<\/script>\n<!-- \/ Yoast SEO plugin. -->","yoast_head_json":{"title":"3.2 jakso - Hiuskilta Original","robots":{"index":"index","follow":"follow","max-snippet":"max-snippet:-1","max-image-preview":"max-image-preview:large","max-video-preview":"max-video-preview:-1"},"canonical":"https:\/\/blogit.gradia.fi\/hiuskilta\/3-2-jakso\/","og_locale":"fi_FI","og_type":"article","og_title":"3.2 jakso - Hiuskilta Original","og_description":"Kampaus ja ehostus 2 Yritt\u00e4j\u00e4n\u00e4 toimiminen &nbsp; Oppimisymp\u00e4rist\u00f6t\/ avoimet, itsen\u00e4ist\u00e4 tiedon hankintaa yksin ja ryhm\u00e4ss\u00e4 \u2022 tyylit ja persoonallisuus kampauksissa \u2022 ajankohtainen muoti kampauksissa \u2022 yrityksen perustamisen suunnittelu \u2022 yritystoiminnan asiakirjat \u2022 blogin (oppimisp\u00e4iv\u00e4kirjan, yll\u00e4pit\u00e4minen) \u2022 maahantuojien koulutukset \u2022 asiakasl\u00e4ht\u00f6inen toiminta ja oman ty\u00f6n markkinointi Oppimisymp\u00e4rist\u00f6\/ ohjaajan johdolla \u2022 perustekniikoiden yhdisteleminen \u2022 ajankohtaiset kampaukset \u2022 &hellip; Jatka lukemista 3.2 jakso &rarr;","og_url":"https:\/\/blogit.gradia.fi\/hiuskilta\/3-2-jakso\/","og_site_name":"Hiuskilta Original","article_modified_time":"2016-12-02T09:17:22+00:00","twitter_card":"summary_large_image","twitter_misc":{"Arvioitu lukuaika":"1 minuutti"},"schema":{"@context":"https:\/\/schema.org","@graph":[{"@type":"WebPage","@id":"https:\/\/blogit.gradia.fi\/hiuskilta\/3-2-jakso\/","url":"https:\/\/blogit.gradia.fi\/hiuskilta\/3-2-jakso\/","name":"3.2 jakso - Hiuskilta Original","isPartOf":{"@id":"https:\/\/blogit.gradia.fi\/hiuskilta\/#website"},"datePublished":"2016-09-29T09:47:57+00:00","dateModified":"2016-12-02T09:17:22+00:00","inLanguage":"fi","potentialAction":[{"@type":"ReadAction","target":["https:\/\/blogit.gradia.fi\/hiuskilta\/3-2-jakso\/"]}]},{"@type":"WebSite","@id":"https:\/\/blogit.gradia.fi\/hiuskilta\/#website","url":"https:\/\/blogit.gradia.fi\/hiuskilta\/","name":"Hiuskilta Original","description":"Gradia Jyv\u00e4skyl\u00e4n hiusalan avoin oppimisymp\u00e4rist\u00f6","potentialAction":[{"@type":"SearchAction","target":{"@type":"EntryPoint","urlTemplate":"https:\/\/blogit.gradia.fi\/hiuskilta\/?s={search_term_string}"},"query-input":{"@type":"PropertyValueSpecification","valueRequired":true,"valueName":"search_term_string"}}],"inLanguage":"fi"}]}},"uagb_featured_image_src":{"full":false,"thumbnail":false,"medium":false,"medium_large":false,"large":false,"1536x1536":false,"2048x2048":false,"post-thumbnail":false,"twentyfourteen-full-width":false},"uagb_author_info":{"display_name":"Hanna Frilander","author_link":"https:\/\/blogit.gradia.fi\/hiuskilta\/author\/frilahan\/"},"uagb_comment_info":0,"uagb_excerpt":"Kampaus ja ehostus 2 Yritt\u00e4j\u00e4n\u00e4 toimiminen &nbsp; Oppimisymp\u00e4rist\u00f6t\/ avoimet, itsen\u00e4ist\u00e4 tiedon hankintaa yksin ja ryhm\u00e4ss\u00e4 \u2022 tyylit ja persoonallisuus kampauksissa \u2022 ajankohtainen muoti kampauksissa \u2022 yrityksen perustamisen suunnittelu \u2022 yritystoiminnan asiakirjat \u2022 blogin (oppimisp\u00e4iv\u00e4kirjan, yll\u00e4pit\u00e4minen) \u2022 maahantuojien koulutukset \u2022 asiakasl\u00e4ht\u00f6inen toiminta ja oman ty\u00f6n markkinointi Oppimisymp\u00e4rist\u00f6\/ ohjaajan johdolla \u2022 perustekniikoiden yhdisteleminen \u2022 ajankohtaiset kampaukset \u2022&hellip;","_links":{"self":[{"href":"https:\/\/blogit.gradia.fi\/hiuskilta\/wp-json\/wp\/v2\/pages\/961","targetHints":{"allow":["GET"]}}],"collection":[{"href":"https:\/\/blogit.gradia.fi\/hiuskilta\/wp-json\/wp\/v2\/pages"}],"about":[{"href":"https:\/\/blogit.gradia.fi\/hiuskilta\/wp-json\/wp\/v2\/types\/page"}],"author":[{"embeddable":true,"href":"https:\/\/blogit.gradia.fi\/hiuskilta\/wp-json\/wp\/v2\/users\/161"}],"replies":[{"embeddable":true,"href":"https:\/\/blogit.gradia.fi\/hiuskilta\/wp-json\/wp\/v2\/comments?post=961"}],"version-history":[{"count":0,"href":"https:\/\/blogit.gradia.fi\/hiuskilta\/wp-json\/wp\/v2\/pages\/961\/revisions"}],"wp:attachment":[{"href":"https:\/\/blogit.gradia.fi\/hiuskilta\/wp-json\/wp\/v2\/media?parent=961"}],"curies":[{"name":"wp","href":"https:\/\/api.w.org\/{rel}","templated":true}]}}