{"id":825,"date":"2015-12-21T09:41:38","date_gmt":"2015-12-21T07:41:38","guid":{"rendered":"https:\/\/blogit.gradia.fi\/hiuskilta\/?page_id=825"},"modified":"2016-09-29T12:45:07","modified_gmt":"2016-09-29T09:45:07","slug":"2-6-jakso","status":"publish","type":"page","link":"https:\/\/blogit.gradia.fi\/hiuskilta\/toteutussuunnitelmat\/2-vuosi-2\/2-6-jakso\/","title":{"rendered":"2.6 jakso"},"content":{"rendered":"<h2>Permanenttik\u00e4sittelyt<\/h2>\n<p><strong>TOP<\/strong><\/p>\n<p>Oppimisymp\u00e4rist\u00f6t\/ avoimet, itsen\u00e4ist\u00e4 tiedon hankintaa yksin ja ryhm\u00e4ss\u00e4<\/p>\n<ul>\n<li>eri tuotesarjoihin tutustuminen ty\u00f6paikalla<\/li>\n<li>permanentin ty\u00f6j\u00e4rjestys, ty\u00f6v\u00e4lineet ja k\u00e4ytt\u00f6ohjeet<\/li>\n<li>jao.fi\/ Hiuskilta sivuston k\u00e4ytt\u00e4minen<\/li>\n<li>ty\u00f6turvallisuus<\/li>\n<li>blogin (oppimisp\u00e4iv\u00e4kirjan, yll\u00e4pit\u00e4minen)<\/li>\n<li>NY-yrityksen toiminnan lopettaminen<\/li>\n<li>ergonomia<\/li>\n<li>maahantuojien koulutukset<\/li>\n<\/ul>\n<p>&nbsp;<\/p>\n<p>Oppimisymp\u00e4rist\u00f6\/ \u00a0ohjaajan johdolla<\/p>\n<ul>\n<li>perustekniikoiden harjoitteleminen<\/li>\n<li>ty\u00f6turvallisuus<\/li>\n<li>ty\u00f6v\u00e4lineiden ja ty\u00f6ymp\u00e4rist\u00f6n siisteydest\u00e4 ja hygieniasta huolehtiminen<\/li>\n<li>asiakasanalyysin laatiminen<\/li>\n<li>asiakaspalvelu<\/li>\n<li>myynti ja markkinointi<\/li>\n<li>arviointiin ja palautteen antamiseen harjaantuminen, vertaisarviointi<\/li>\n<\/ul>\n<p>&nbsp;<\/p>\n<p>Oppimisen arviointi<\/p>\n<ul>\n<li>Itsearviointi ja vertaisarviointi<\/li>\n<li>tekeminen ja toimiminen<\/li>\n<li>osallistuminen<\/li>\n<li>Itsearviointi<\/li>\n<li>jakson itsearviointi<\/li>\n<\/ul>\n<p>&nbsp;<\/p>\n<p>Opettajan ohjaus ja tuki<\/p>\n<ul>\n<li>palaute opiskelijalle ja ryhm\u00e4lle<\/li>\n<\/ul>\n","protected":false},"excerpt":{"rendered":"<p>Permanenttik\u00e4sittelyt TOP Oppimisymp\u00e4rist\u00f6t\/ avoimet, itsen\u00e4ist\u00e4 tiedon hankintaa yksin ja ryhm\u00e4ss\u00e4 eri tuotesarjoihin tutustuminen ty\u00f6paikalla permanentin ty\u00f6j\u00e4rjestys, ty\u00f6v\u00e4lineet ja k\u00e4ytt\u00f6ohjeet jao.fi\/ Hiuskilta sivuston k\u00e4ytt\u00e4minen ty\u00f6turvallisuus blogin (oppimisp\u00e4iv\u00e4kirjan, yll\u00e4pit\u00e4minen) NY-yrityksen toiminnan lopettaminen ergonomia maahantuojien koulutukset &nbsp; Oppimisymp\u00e4rist\u00f6\/ \u00a0ohjaajan johdolla perustekniikoiden harjoitteleminen ty\u00f6turvallisuus ty\u00f6v\u00e4lineiden ja ty\u00f6ymp\u00e4rist\u00f6n siisteydest\u00e4 ja hygieniasta huolehtiminen asiakasanalyysin laatiminen asiakaspalvelu myynti ja markkinointi arviointiin ja &hellip; <a href=\"https:\/\/blogit.gradia.fi\/hiuskilta\/toteutussuunnitelmat\/2-vuosi-2\/2-6-jakso\/\" class=\"more-link\">Jatka lukemista <span class=\"screen-reader-text\">2.6 jakso<\/span> <span class=\"meta-nav\">&rarr;<\/span><\/a><\/p>\n","protected":false},"author":161,"featured_media":0,"parent":475,"menu_order":0,"comment_status":"open","ping_status":"open","template":"","meta":{"_uag_custom_page_level_css":"","footnotes":""},"class_list":["post-825","page","type-page","status-publish","hentry"],"yoast_head":"<!-- This site is optimized with the Yoast SEO plugin v27.4 - https:\/\/yoast.com\/product\/yoast-seo-wordpress\/ -->\n<title>2.6 jakso - Hiuskilta Original<\/title>\n<meta name=\"robots\" content=\"index, follow, max-snippet:-1, max-image-preview:large, max-video-preview:-1\" \/>\n<link rel=\"canonical\" href=\"https:\/\/blogit.gradia.fi\/hiuskilta\/toteutussuunnitelmat\/2-vuosi-2\/2-6-jakso\/\" \/>\n<meta property=\"og:locale\" content=\"fi_FI\" \/>\n<meta property=\"og:type\" content=\"article\" \/>\n<meta property=\"og:title\" content=\"2.6 jakso - Hiuskilta Original\" \/>\n<meta property=\"og:description\" content=\"Permanenttik\u00e4sittelyt TOP Oppimisymp\u00e4rist\u00f6t\/ avoimet, itsen\u00e4ist\u00e4 tiedon hankintaa yksin ja ryhm\u00e4ss\u00e4 eri tuotesarjoihin tutustuminen ty\u00f6paikalla permanentin ty\u00f6j\u00e4rjestys, ty\u00f6v\u00e4lineet ja k\u00e4ytt\u00f6ohjeet jao.fi\/ Hiuskilta sivuston k\u00e4ytt\u00e4minen ty\u00f6turvallisuus blogin (oppimisp\u00e4iv\u00e4kirjan, yll\u00e4pit\u00e4minen) NY-yrityksen toiminnan lopettaminen ergonomia maahantuojien koulutukset &nbsp; Oppimisymp\u00e4rist\u00f6\/ \u00a0ohjaajan johdolla perustekniikoiden harjoitteleminen ty\u00f6turvallisuus ty\u00f6v\u00e4lineiden ja ty\u00f6ymp\u00e4rist\u00f6n siisteydest\u00e4 ja hygieniasta huolehtiminen asiakasanalyysin laatiminen asiakaspalvelu myynti ja markkinointi arviointiin ja &hellip; Jatka lukemista 2.6 jakso &rarr;\" \/>\n<meta property=\"og:url\" content=\"https:\/\/blogit.gradia.fi\/hiuskilta\/toteutussuunnitelmat\/2-vuosi-2\/2-6-jakso\/\" \/>\n<meta property=\"og:site_name\" content=\"Hiuskilta Original\" \/>\n<meta property=\"article:modified_time\" content=\"2016-09-29T09:45:07+00:00\" \/>\n<meta name=\"twitter:card\" content=\"summary_large_image\" \/>\n<meta name=\"twitter:label1\" content=\"Arvioitu lukuaika\" \/>\n\t<meta name=\"twitter:data1\" content=\"1 minuutti\" \/>\n<script type=\"application\/ld+json\" class=\"yoast-schema-graph\">{\"@context\":\"https:\\\/\\\/schema.org\",\"@graph\":[{\"@type\":\"WebPage\",\"@id\":\"https:\\\/\\\/blogit.gradia.fi\\\/hiuskilta\\\/toteutussuunnitelmat\\\/2-vuosi-2\\\/2-6-jakso\\\/\",\"url\":\"https:\\\/\\\/blogit.gradia.fi\\\/hiuskilta\\\/toteutussuunnitelmat\\\/2-vuosi-2\\\/2-6-jakso\\\/\",\"name\":\"2.6 jakso - Hiuskilta Original\",\"isPartOf\":{\"@id\":\"https:\\\/\\\/blogit.gradia.fi\\\/hiuskilta\\\/#website\"},\"datePublished\":\"2015-12-21T07:41:38+00:00\",\"dateModified\":\"2016-09-29T09:45:07+00:00\",\"breadcrumb\":{\"@id\":\"https:\\\/\\\/blogit.gradia.fi\\\/hiuskilta\\\/toteutussuunnitelmat\\\/2-vuosi-2\\\/2-6-jakso\\\/#breadcrumb\"},\"inLanguage\":\"fi\",\"potentialAction\":[{\"@type\":\"ReadAction\",\"target\":[\"https:\\\/\\\/blogit.gradia.fi\\\/hiuskilta\\\/toteutussuunnitelmat\\\/2-vuosi-2\\\/2-6-jakso\\\/\"]}]},{\"@type\":\"BreadcrumbList\",\"@id\":\"https:\\\/\\\/blogit.gradia.fi\\\/hiuskilta\\\/toteutussuunnitelmat\\\/2-vuosi-2\\\/2-6-jakso\\\/#breadcrumb\",\"itemListElement\":[{\"@type\":\"ListItem\",\"position\":1,\"name\":\"Hiusalan perustutkinto &#8211; Hiuskilta\",\"item\":\"https:\\\/\\\/blogit.gradia.fi\\\/hiuskilta\\\/toteutussuunnitelmat\\\/\"},{\"@type\":\"ListItem\",\"position\":2,\"name\":\"2. vuosi\",\"item\":\"https:\\\/\\\/blogit.gradia.fi\\\/hiuskilta\\\/toteutussuunnitelmat\\\/2-vuosi-2\\\/\"},{\"@type\":\"ListItem\",\"position\":3,\"name\":\"2.6 jakso\"}]},{\"@type\":\"WebSite\",\"@id\":\"https:\\\/\\\/blogit.gradia.fi\\\/hiuskilta\\\/#website\",\"url\":\"https:\\\/\\\/blogit.gradia.fi\\\/hiuskilta\\\/\",\"name\":\"Hiuskilta Original\",\"description\":\"Gradia Jyv\u00e4skyl\u00e4n hiusalan avoin oppimisymp\u00e4rist\u00f6\",\"potentialAction\":[{\"@type\":\"SearchAction\",\"target\":{\"@type\":\"EntryPoint\",\"urlTemplate\":\"https:\\\/\\\/blogit.gradia.fi\\\/hiuskilta\\\/?s={search_term_string}\"},\"query-input\":{\"@type\":\"PropertyValueSpecification\",\"valueRequired\":true,\"valueName\":\"search_term_string\"}}],\"inLanguage\":\"fi\"}]}<\/script>\n<!-- \/ Yoast SEO plugin. -->","yoast_head_json":{"title":"2.6 jakso - Hiuskilta Original","robots":{"index":"index","follow":"follow","max-snippet":"max-snippet:-1","max-image-preview":"max-image-preview:large","max-video-preview":"max-video-preview:-1"},"canonical":"https:\/\/blogit.gradia.fi\/hiuskilta\/toteutussuunnitelmat\/2-vuosi-2\/2-6-jakso\/","og_locale":"fi_FI","og_type":"article","og_title":"2.6 jakso - Hiuskilta Original","og_description":"Permanenttik\u00e4sittelyt TOP Oppimisymp\u00e4rist\u00f6t\/ avoimet, itsen\u00e4ist\u00e4 tiedon hankintaa yksin ja ryhm\u00e4ss\u00e4 eri tuotesarjoihin tutustuminen ty\u00f6paikalla permanentin ty\u00f6j\u00e4rjestys, ty\u00f6v\u00e4lineet ja k\u00e4ytt\u00f6ohjeet jao.fi\/ Hiuskilta sivuston k\u00e4ytt\u00e4minen ty\u00f6turvallisuus blogin (oppimisp\u00e4iv\u00e4kirjan, yll\u00e4pit\u00e4minen) NY-yrityksen toiminnan lopettaminen ergonomia maahantuojien koulutukset &nbsp; Oppimisymp\u00e4rist\u00f6\/ \u00a0ohjaajan johdolla perustekniikoiden harjoitteleminen ty\u00f6turvallisuus ty\u00f6v\u00e4lineiden ja ty\u00f6ymp\u00e4rist\u00f6n siisteydest\u00e4 ja hygieniasta huolehtiminen asiakasanalyysin laatiminen asiakaspalvelu myynti ja markkinointi arviointiin ja &hellip; Jatka lukemista 2.6 jakso &rarr;","og_url":"https:\/\/blogit.gradia.fi\/hiuskilta\/toteutussuunnitelmat\/2-vuosi-2\/2-6-jakso\/","og_site_name":"Hiuskilta Original","article_modified_time":"2016-09-29T09:45:07+00:00","twitter_card":"summary_large_image","twitter_misc":{"Arvioitu lukuaika":"1 minuutti"},"schema":{"@context":"https:\/\/schema.org","@graph":[{"@type":"WebPage","@id":"https:\/\/blogit.gradia.fi\/hiuskilta\/toteutussuunnitelmat\/2-vuosi-2\/2-6-jakso\/","url":"https:\/\/blogit.gradia.fi\/hiuskilta\/toteutussuunnitelmat\/2-vuosi-2\/2-6-jakso\/","name":"2.6 jakso - Hiuskilta Original","isPartOf":{"@id":"https:\/\/blogit.gradia.fi\/hiuskilta\/#website"},"datePublished":"2015-12-21T07:41:38+00:00","dateModified":"2016-09-29T09:45:07+00:00","breadcrumb":{"@id":"https:\/\/blogit.gradia.fi\/hiuskilta\/toteutussuunnitelmat\/2-vuosi-2\/2-6-jakso\/#breadcrumb"},"inLanguage":"fi","potentialAction":[{"@type":"ReadAction","target":["https:\/\/blogit.gradia.fi\/hiuskilta\/toteutussuunnitelmat\/2-vuosi-2\/2-6-jakso\/"]}]},{"@type":"BreadcrumbList","@id":"https:\/\/blogit.gradia.fi\/hiuskilta\/toteutussuunnitelmat\/2-vuosi-2\/2-6-jakso\/#breadcrumb","itemListElement":[{"@type":"ListItem","position":1,"name":"Hiusalan perustutkinto &#8211; Hiuskilta","item":"https:\/\/blogit.gradia.fi\/hiuskilta\/toteutussuunnitelmat\/"},{"@type":"ListItem","position":2,"name":"2. vuosi","item":"https:\/\/blogit.gradia.fi\/hiuskilta\/toteutussuunnitelmat\/2-vuosi-2\/"},{"@type":"ListItem","position":3,"name":"2.6 jakso"}]},{"@type":"WebSite","@id":"https:\/\/blogit.gradia.fi\/hiuskilta\/#website","url":"https:\/\/blogit.gradia.fi\/hiuskilta\/","name":"Hiuskilta Original","description":"Gradia Jyv\u00e4skyl\u00e4n hiusalan avoin oppimisymp\u00e4rist\u00f6","potentialAction":[{"@type":"SearchAction","target":{"@type":"EntryPoint","urlTemplate":"https:\/\/blogit.gradia.fi\/hiuskilta\/?s={search_term_string}"},"query-input":{"@type":"PropertyValueSpecification","valueRequired":true,"valueName":"search_term_string"}}],"inLanguage":"fi"}]}},"uagb_featured_image_src":{"full":false,"thumbnail":false,"medium":false,"medium_large":false,"large":false,"1536x1536":false,"2048x2048":false,"post-thumbnail":false,"twentyfourteen-full-width":false},"uagb_author_info":{"display_name":"Hanna Frilander","author_link":"https:\/\/blogit.gradia.fi\/hiuskilta\/author\/frilahan\/"},"uagb_comment_info":1,"uagb_excerpt":"Permanenttik\u00e4sittelyt TOP Oppimisymp\u00e4rist\u00f6t\/ avoimet, itsen\u00e4ist\u00e4 tiedon hankintaa yksin ja ryhm\u00e4ss\u00e4 eri tuotesarjoihin tutustuminen ty\u00f6paikalla permanentin ty\u00f6j\u00e4rjestys, ty\u00f6v\u00e4lineet ja k\u00e4ytt\u00f6ohjeet jao.fi\/ Hiuskilta sivuston k\u00e4ytt\u00e4minen ty\u00f6turvallisuus blogin (oppimisp\u00e4iv\u00e4kirjan, yll\u00e4pit\u00e4minen) NY-yrityksen toiminnan lopettaminen ergonomia maahantuojien koulutukset &nbsp; Oppimisymp\u00e4rist\u00f6\/ \u00a0ohjaajan johdolla perustekniikoiden harjoitteleminen ty\u00f6turvallisuus ty\u00f6v\u00e4lineiden ja ty\u00f6ymp\u00e4rist\u00f6n siisteydest\u00e4 ja hygieniasta huolehtiminen asiakasanalyysin laatiminen asiakaspalvelu myynti ja markkinointi arviointiin ja&hellip;","_links":{"self":[{"href":"https:\/\/blogit.gradia.fi\/hiuskilta\/wp-json\/wp\/v2\/pages\/825","targetHints":{"allow":["GET"]}}],"collection":[{"href":"https:\/\/blogit.gradia.fi\/hiuskilta\/wp-json\/wp\/v2\/pages"}],"about":[{"href":"https:\/\/blogit.gradia.fi\/hiuskilta\/wp-json\/wp\/v2\/types\/page"}],"author":[{"embeddable":true,"href":"https:\/\/blogit.gradia.fi\/hiuskilta\/wp-json\/wp\/v2\/users\/161"}],"replies":[{"embeddable":true,"href":"https:\/\/blogit.gradia.fi\/hiuskilta\/wp-json\/wp\/v2\/comments?post=825"}],"version-history":[{"count":0,"href":"https:\/\/blogit.gradia.fi\/hiuskilta\/wp-json\/wp\/v2\/pages\/825\/revisions"}],"up":[{"embeddable":true,"href":"https:\/\/blogit.gradia.fi\/hiuskilta\/wp-json\/wp\/v2\/pages\/475"}],"wp:attachment":[{"href":"https:\/\/blogit.gradia.fi\/hiuskilta\/wp-json\/wp\/v2\/media?parent=825"}],"curies":[{"name":"wp","href":"https:\/\/api.w.org\/{rel}","templated":true}]}}