{"id":823,"date":"2015-12-21T09:41:21","date_gmt":"2015-12-21T07:41:21","guid":{"rendered":"https:\/\/blogit.gradia.fi\/hiuskilta\/?page_id=823"},"modified":"2016-02-25T12:47:39","modified_gmt":"2016-02-25T10:47:39","slug":"2-5-jakso","status":"publish","type":"page","link":"https:\/\/blogit.gradia.fi\/hiuskilta\/toteutussuunnitelmat\/2-vuosi-2\/2-5-jakso\/","title":{"rendered":"2.5 jakso"},"content":{"rendered":"<p><strong>Yhteiset tutkinnon osat\/ Lukio<\/strong><\/p>\n","protected":false},"excerpt":{"rendered":"<p>Yhteiset tutkinnon osat\/ Lukio<\/p>\n","protected":false},"author":161,"featured_media":0,"parent":475,"menu_order":0,"comment_status":"open","ping_status":"open","template":"","meta":{"_uag_custom_page_level_css":"","footnotes":""},"class_list":["post-823","page","type-page","status-publish","hentry"],"yoast_head":"<!-- This site is optimized with the Yoast SEO plugin v27.4 - https:\/\/yoast.com\/product\/yoast-seo-wordpress\/ -->\n<title>2.5 jakso - Hiuskilta Original<\/title>\n<meta name=\"robots\" content=\"index, follow, max-snippet:-1, max-image-preview:large, max-video-preview:-1\" \/>\n<link rel=\"canonical\" href=\"https:\/\/blogit.gradia.fi\/hiuskilta\/toteutussuunnitelmat\/2-vuosi-2\/2-5-jakso\/\" \/>\n<meta property=\"og:locale\" content=\"fi_FI\" \/>\n<meta property=\"og:type\" content=\"article\" \/>\n<meta property=\"og:title\" content=\"2.5 jakso - Hiuskilta Original\" \/>\n<meta property=\"og:description\" content=\"Yhteiset tutkinnon osat\/ Lukio\" \/>\n<meta property=\"og:url\" content=\"https:\/\/blogit.gradia.fi\/hiuskilta\/toteutussuunnitelmat\/2-vuosi-2\/2-5-jakso\/\" \/>\n<meta property=\"og:site_name\" content=\"Hiuskilta Original\" \/>\n<meta property=\"article:modified_time\" content=\"2016-02-25T10:47:39+00:00\" \/>\n<meta name=\"twitter:card\" content=\"summary_large_image\" \/>\n<script type=\"application\/ld+json\" class=\"yoast-schema-graph\">{\"@context\":\"https:\\\/\\\/schema.org\",\"@graph\":[{\"@type\":\"WebPage\",\"@id\":\"https:\\\/\\\/blogit.gradia.fi\\\/hiuskilta\\\/toteutussuunnitelmat\\\/2-vuosi-2\\\/2-5-jakso\\\/\",\"url\":\"https:\\\/\\\/blogit.gradia.fi\\\/hiuskilta\\\/toteutussuunnitelmat\\\/2-vuosi-2\\\/2-5-jakso\\\/\",\"name\":\"2.5 jakso - Hiuskilta Original\",\"isPartOf\":{\"@id\":\"https:\\\/\\\/blogit.gradia.fi\\\/hiuskilta\\\/#website\"},\"datePublished\":\"2015-12-21T07:41:21+00:00\",\"dateModified\":\"2016-02-25T10:47:39+00:00\",\"breadcrumb\":{\"@id\":\"https:\\\/\\\/blogit.gradia.fi\\\/hiuskilta\\\/toteutussuunnitelmat\\\/2-vuosi-2\\\/2-5-jakso\\\/#breadcrumb\"},\"inLanguage\":\"fi\",\"potentialAction\":[{\"@type\":\"ReadAction\",\"target\":[\"https:\\\/\\\/blogit.gradia.fi\\\/hiuskilta\\\/toteutussuunnitelmat\\\/2-vuosi-2\\\/2-5-jakso\\\/\"]}]},{\"@type\":\"BreadcrumbList\",\"@id\":\"https:\\\/\\\/blogit.gradia.fi\\\/hiuskilta\\\/toteutussuunnitelmat\\\/2-vuosi-2\\\/2-5-jakso\\\/#breadcrumb\",\"itemListElement\":[{\"@type\":\"ListItem\",\"position\":1,\"name\":\"Hiusalan perustutkinto &#8211; Hiuskilta\",\"item\":\"https:\\\/\\\/blogit.gradia.fi\\\/hiuskilta\\\/toteutussuunnitelmat\\\/\"},{\"@type\":\"ListItem\",\"position\":2,\"name\":\"2. vuosi\",\"item\":\"https:\\\/\\\/blogit.gradia.fi\\\/hiuskilta\\\/toteutussuunnitelmat\\\/2-vuosi-2\\\/\"},{\"@type\":\"ListItem\",\"position\":3,\"name\":\"2.5 jakso\"}]},{\"@type\":\"WebSite\",\"@id\":\"https:\\\/\\\/blogit.gradia.fi\\\/hiuskilta\\\/#website\",\"url\":\"https:\\\/\\\/blogit.gradia.fi\\\/hiuskilta\\\/\",\"name\":\"Hiuskilta Original\",\"description\":\"Gradia Jyv\u00e4skyl\u00e4n hiusalan avoin oppimisymp\u00e4rist\u00f6\",\"potentialAction\":[{\"@type\":\"SearchAction\",\"target\":{\"@type\":\"EntryPoint\",\"urlTemplate\":\"https:\\\/\\\/blogit.gradia.fi\\\/hiuskilta\\\/?s={search_term_string}\"},\"query-input\":{\"@type\":\"PropertyValueSpecification\",\"valueRequired\":true,\"valueName\":\"search_term_string\"}}],\"inLanguage\":\"fi\"}]}<\/script>\n<!-- \/ Yoast SEO plugin. -->","yoast_head_json":{"title":"2.5 jakso - Hiuskilta Original","robots":{"index":"index","follow":"follow","max-snippet":"max-snippet:-1","max-image-preview":"max-image-preview:large","max-video-preview":"max-video-preview:-1"},"canonical":"https:\/\/blogit.gradia.fi\/hiuskilta\/toteutussuunnitelmat\/2-vuosi-2\/2-5-jakso\/","og_locale":"fi_FI","og_type":"article","og_title":"2.5 jakso - Hiuskilta Original","og_description":"Yhteiset tutkinnon osat\/ Lukio","og_url":"https:\/\/blogit.gradia.fi\/hiuskilta\/toteutussuunnitelmat\/2-vuosi-2\/2-5-jakso\/","og_site_name":"Hiuskilta Original","article_modified_time":"2016-02-25T10:47:39+00:00","twitter_card":"summary_large_image","schema":{"@context":"https:\/\/schema.org","@graph":[{"@type":"WebPage","@id":"https:\/\/blogit.gradia.fi\/hiuskilta\/toteutussuunnitelmat\/2-vuosi-2\/2-5-jakso\/","url":"https:\/\/blogit.gradia.fi\/hiuskilta\/toteutussuunnitelmat\/2-vuosi-2\/2-5-jakso\/","name":"2.5 jakso - Hiuskilta Original","isPartOf":{"@id":"https:\/\/blogit.gradia.fi\/hiuskilta\/#website"},"datePublished":"2015-12-21T07:41:21+00:00","dateModified":"2016-02-25T10:47:39+00:00","breadcrumb":{"@id":"https:\/\/blogit.gradia.fi\/hiuskilta\/toteutussuunnitelmat\/2-vuosi-2\/2-5-jakso\/#breadcrumb"},"inLanguage":"fi","potentialAction":[{"@type":"ReadAction","target":["https:\/\/blogit.gradia.fi\/hiuskilta\/toteutussuunnitelmat\/2-vuosi-2\/2-5-jakso\/"]}]},{"@type":"BreadcrumbList","@id":"https:\/\/blogit.gradia.fi\/hiuskilta\/toteutussuunnitelmat\/2-vuosi-2\/2-5-jakso\/#breadcrumb","itemListElement":[{"@type":"ListItem","position":1,"name":"Hiusalan perustutkinto &#8211; Hiuskilta","item":"https:\/\/blogit.gradia.fi\/hiuskilta\/toteutussuunnitelmat\/"},{"@type":"ListItem","position":2,"name":"2. vuosi","item":"https:\/\/blogit.gradia.fi\/hiuskilta\/toteutussuunnitelmat\/2-vuosi-2\/"},{"@type":"ListItem","position":3,"name":"2.5 jakso"}]},{"@type":"WebSite","@id":"https:\/\/blogit.gradia.fi\/hiuskilta\/#website","url":"https:\/\/blogit.gradia.fi\/hiuskilta\/","name":"Hiuskilta Original","description":"Gradia Jyv\u00e4skyl\u00e4n hiusalan avoin oppimisymp\u00e4rist\u00f6","potentialAction":[{"@type":"SearchAction","target":{"@type":"EntryPoint","urlTemplate":"https:\/\/blogit.gradia.fi\/hiuskilta\/?s={search_term_string}"},"query-input":{"@type":"PropertyValueSpecification","valueRequired":true,"valueName":"search_term_string"}}],"inLanguage":"fi"}]}},"uagb_featured_image_src":{"full":false,"thumbnail":false,"medium":false,"medium_large":false,"large":false,"1536x1536":false,"2048x2048":false,"post-thumbnail":false,"twentyfourteen-full-width":false},"uagb_author_info":{"display_name":"Hanna Frilander","author_link":"https:\/\/blogit.gradia.fi\/hiuskilta\/author\/frilahan\/"},"uagb_comment_info":0,"uagb_excerpt":"Yhteiset tutkinnon osat\/ Lukio","_links":{"self":[{"href":"https:\/\/blogit.gradia.fi\/hiuskilta\/wp-json\/wp\/v2\/pages\/823","targetHints":{"allow":["GET"]}}],"collection":[{"href":"https:\/\/blogit.gradia.fi\/hiuskilta\/wp-json\/wp\/v2\/pages"}],"about":[{"href":"https:\/\/blogit.gradia.fi\/hiuskilta\/wp-json\/wp\/v2\/types\/page"}],"author":[{"embeddable":true,"href":"https:\/\/blogit.gradia.fi\/hiuskilta\/wp-json\/wp\/v2\/users\/161"}],"replies":[{"embeddable":true,"href":"https:\/\/blogit.gradia.fi\/hiuskilta\/wp-json\/wp\/v2\/comments?post=823"}],"version-history":[{"count":0,"href":"https:\/\/blogit.gradia.fi\/hiuskilta\/wp-json\/wp\/v2\/pages\/823\/revisions"}],"up":[{"embeddable":true,"href":"https:\/\/blogit.gradia.fi\/hiuskilta\/wp-json\/wp\/v2\/pages\/475"}],"wp:attachment":[{"href":"https:\/\/blogit.gradia.fi\/hiuskilta\/wp-json\/wp\/v2\/media?parent=823"}],"curies":[{"name":"wp","href":"https:\/\/api.w.org\/{rel}","templated":true}]}}