{"id":815,"date":"2015-12-21T09:39:43","date_gmt":"2015-12-21T07:39:43","guid":{"rendered":"https:\/\/blogit.gradia.fi\/hiuskilta\/?page_id=815"},"modified":"2015-12-22T13:36:06","modified_gmt":"2015-12-22T11:36:06","slug":"2-1-jakso","status":"publish","type":"page","link":"https:\/\/blogit.gradia.fi\/hiuskilta\/toteutussuunnitelmat\/2-vuosi-2\/2-1-jakso\/","title":{"rendered":"2.1 jakso"},"content":{"rendered":"<h1>AMMATILLISET TUTKINNON OSAT<\/h1>\n<p>&nbsp;<\/p>\n<p><span style=\"color: #00a2b9;\">Kaikille pakolliset tutkinnon osat<\/span><br \/>\n<span style=\"color: #00a2b9;\">Sis\u00e4ll\u00f6t ja oppimisteht\u00e4v\u00e4t<\/span><\/p>\n<h2>JAKSO 1<\/h2>\n<p><span style=\"color: #00a2b9;\">Muodikkaat hiustenleikkaukset<\/span><br \/>\n<span style=\"color: #00a2b9;\">Muodikkaat hiustenv\u00e4rj\u00e4ykset<\/span><\/p>\n<h3>Oppimisymp\u00e4rist\u00f6t\/ avoimet, itsen\u00e4ist\u00e4 tiedon hankintaa yksin ja ryhm\u00e4ss\u00e4<\/h3>\n<p>\u2022 orientointi (yhteinen ryhm\u00e4ytyminen, pelis\u00e4\u00e4nn\u00f6t)<br \/>\n\u2022 blogit.jao.fi\/ Hiuskilta &#8211; sivustoon tutustuminen<br \/>\n\u2022 keikkailuextraan tutustuminen<br \/>\n\u2022 blogin (oppimisp\u00e4iv\u00e4kirjan, yll\u00e4pit\u00e4minen)<br \/>\n\u2022 NY-sivustoon perehtyminen (<a href=\"http:\/\/www.nuoriyrittajyys.fi\" target=\"_blank\">www.nuoriyrittajyys.fi<\/a>)<br \/>\n\u2022 tutor toiminta<br \/>\n\u2022 ty\u00f6el\u00e4m\u00e4vierailut (Job Shadow)<br \/>\n\u2022 maahantuojien koulutukset (v\u00e4ri, leikkaus, kampaus)<\/p>\n<h3>Oppimisymp\u00e4rist\u00f6\/ ohjaajan johdolla<\/h3>\n<p>\u2022 parran-ajo ja parranmuotoilu<br \/>\n\u2022 parranajon ja muotoilun ty\u00f6v\u00e4lineisiin ja- koneisiin perehtyminen<br \/>\n\u2022 ty\u00f6turvallisuus<br \/>\n\u2022 ty\u00f6v\u00e4lineiden ja ty\u00f6ymp\u00e4rist\u00f6n siisteydest\u00e4 ja hygieniasta huolehtiminen (kotiryhm\u00e4t)<br \/>\n\u2022 muodikkaat hiustenleikkaukset ja hiusten- ja parranv\u00e4rj\u00e4ykset<br \/>\n\u2022 asiakaspalvelu<br \/>\n\u2022 myynti ja markkinointi<br \/>\n\u2022 arviointiin ja palautteen antamiseen harjaantuminen, vertaisarviointi<br \/>\n\u2022 NY-yritysten perustaminen, toiminnan aloittaminen<\/p>\n<h3>Oppimisen arviointi<\/h3>\n<ul>\n<li>Itsearviointi ja vertaisarviointi<\/li>\n<li>tekeminen ja toimiminen<\/li>\n<li>osallistuminen<\/li>\n<li>arvioiminen ja kehitt\u00e4minen<\/li>\n<li>Itsearviointi<br \/>\n\u2022 jakson itsearviointi (motorola)<\/li>\n<\/ul>\n<h3>Opettajan ohjaus ja tuki<\/h3>\n<ul>\n<li>palaute opiskelijalle ja ryhm\u00e4lle<\/li>\n<\/ul>\n","protected":false},"excerpt":{"rendered":"<p>AMMATILLISET TUTKINNON OSAT &nbsp; Kaikille pakolliset tutkinnon osat Sis\u00e4ll\u00f6t ja oppimisteht\u00e4v\u00e4t JAKSO 1 Muodikkaat hiustenleikkaukset Muodikkaat hiustenv\u00e4rj\u00e4ykset Oppimisymp\u00e4rist\u00f6t\/ avoimet, itsen\u00e4ist\u00e4 tiedon hankintaa yksin ja ryhm\u00e4ss\u00e4 \u2022 orientointi (yhteinen ryhm\u00e4ytyminen, pelis\u00e4\u00e4nn\u00f6t) \u2022 blogit.jao.fi\/ Hiuskilta &#8211; sivustoon tutustuminen \u2022 keikkailuextraan tutustuminen \u2022 blogin (oppimisp\u00e4iv\u00e4kirjan, yll\u00e4pit\u00e4minen) \u2022 NY-sivustoon perehtyminen (www.nuoriyrittajyys.fi) \u2022 tutor toiminta \u2022 ty\u00f6el\u00e4m\u00e4vierailut (Job Shadow) \u2022 &hellip; <a href=\"https:\/\/blogit.gradia.fi\/hiuskilta\/toteutussuunnitelmat\/2-vuosi-2\/2-1-jakso\/\" class=\"more-link\">Jatka lukemista <span class=\"screen-reader-text\">2.1 jakso<\/span> <span class=\"meta-nav\">&rarr;<\/span><\/a><\/p>\n","protected":false},"author":161,"featured_media":0,"parent":475,"menu_order":0,"comment_status":"open","ping_status":"open","template":"","meta":{"_uag_custom_page_level_css":"","footnotes":""},"class_list":["post-815","page","type-page","status-publish","hentry"],"yoast_head":"<!-- This site is optimized with the Yoast SEO plugin v27.4 - https:\/\/yoast.com\/product\/yoast-seo-wordpress\/ -->\n<title>2.1 jakso - Hiuskilta Original<\/title>\n<meta name=\"robots\" content=\"index, follow, max-snippet:-1, max-image-preview:large, max-video-preview:-1\" \/>\n<link rel=\"canonical\" href=\"https:\/\/blogit.gradia.fi\/hiuskilta\/toteutussuunnitelmat\/2-vuosi-2\/2-1-jakso\/\" \/>\n<meta property=\"og:locale\" content=\"fi_FI\" \/>\n<meta property=\"og:type\" content=\"article\" \/>\n<meta property=\"og:title\" content=\"2.1 jakso - Hiuskilta Original\" \/>\n<meta property=\"og:description\" content=\"AMMATILLISET TUTKINNON OSAT &nbsp; Kaikille pakolliset tutkinnon osat Sis\u00e4ll\u00f6t ja oppimisteht\u00e4v\u00e4t JAKSO 1 Muodikkaat hiustenleikkaukset Muodikkaat hiustenv\u00e4rj\u00e4ykset Oppimisymp\u00e4rist\u00f6t\/ avoimet, itsen\u00e4ist\u00e4 tiedon hankintaa yksin ja ryhm\u00e4ss\u00e4 \u2022 orientointi (yhteinen ryhm\u00e4ytyminen, pelis\u00e4\u00e4nn\u00f6t) \u2022 blogit.jao.fi\/ Hiuskilta &#8211; sivustoon tutustuminen \u2022 keikkailuextraan tutustuminen \u2022 blogin (oppimisp\u00e4iv\u00e4kirjan, yll\u00e4pit\u00e4minen) \u2022 NY-sivustoon perehtyminen (www.nuoriyrittajyys.fi) \u2022 tutor toiminta \u2022 ty\u00f6el\u00e4m\u00e4vierailut (Job Shadow) \u2022 &hellip; Jatka lukemista 2.1 jakso &rarr;\" \/>\n<meta property=\"og:url\" content=\"https:\/\/blogit.gradia.fi\/hiuskilta\/toteutussuunnitelmat\/2-vuosi-2\/2-1-jakso\/\" \/>\n<meta property=\"og:site_name\" content=\"Hiuskilta Original\" \/>\n<meta property=\"article:modified_time\" content=\"2015-12-22T11:36:06+00:00\" \/>\n<meta name=\"twitter:card\" content=\"summary_large_image\" \/>\n<meta name=\"twitter:label1\" content=\"Arvioitu lukuaika\" \/>\n\t<meta name=\"twitter:data1\" content=\"1 minuutti\" \/>\n<script type=\"application\/ld+json\" class=\"yoast-schema-graph\">{\"@context\":\"https:\\\/\\\/schema.org\",\"@graph\":[{\"@type\":\"WebPage\",\"@id\":\"https:\\\/\\\/blogit.gradia.fi\\\/hiuskilta\\\/toteutussuunnitelmat\\\/2-vuosi-2\\\/2-1-jakso\\\/\",\"url\":\"https:\\\/\\\/blogit.gradia.fi\\\/hiuskilta\\\/toteutussuunnitelmat\\\/2-vuosi-2\\\/2-1-jakso\\\/\",\"name\":\"2.1 jakso - Hiuskilta Original\",\"isPartOf\":{\"@id\":\"https:\\\/\\\/blogit.gradia.fi\\\/hiuskilta\\\/#website\"},\"datePublished\":\"2015-12-21T07:39:43+00:00\",\"dateModified\":\"2015-12-22T11:36:06+00:00\",\"breadcrumb\":{\"@id\":\"https:\\\/\\\/blogit.gradia.fi\\\/hiuskilta\\\/toteutussuunnitelmat\\\/2-vuosi-2\\\/2-1-jakso\\\/#breadcrumb\"},\"inLanguage\":\"fi\",\"potentialAction\":[{\"@type\":\"ReadAction\",\"target\":[\"https:\\\/\\\/blogit.gradia.fi\\\/hiuskilta\\\/toteutussuunnitelmat\\\/2-vuosi-2\\\/2-1-jakso\\\/\"]}]},{\"@type\":\"BreadcrumbList\",\"@id\":\"https:\\\/\\\/blogit.gradia.fi\\\/hiuskilta\\\/toteutussuunnitelmat\\\/2-vuosi-2\\\/2-1-jakso\\\/#breadcrumb\",\"itemListElement\":[{\"@type\":\"ListItem\",\"position\":1,\"name\":\"Hiusalan perustutkinto &#8211; Hiuskilta\",\"item\":\"https:\\\/\\\/blogit.gradia.fi\\\/hiuskilta\\\/toteutussuunnitelmat\\\/\"},{\"@type\":\"ListItem\",\"position\":2,\"name\":\"2. vuosi\",\"item\":\"https:\\\/\\\/blogit.gradia.fi\\\/hiuskilta\\\/toteutussuunnitelmat\\\/2-vuosi-2\\\/\"},{\"@type\":\"ListItem\",\"position\":3,\"name\":\"2.1 jakso\"}]},{\"@type\":\"WebSite\",\"@id\":\"https:\\\/\\\/blogit.gradia.fi\\\/hiuskilta\\\/#website\",\"url\":\"https:\\\/\\\/blogit.gradia.fi\\\/hiuskilta\\\/\",\"name\":\"Hiuskilta Original\",\"description\":\"Gradia Jyv\u00e4skyl\u00e4n hiusalan avoin oppimisymp\u00e4rist\u00f6\",\"potentialAction\":[{\"@type\":\"SearchAction\",\"target\":{\"@type\":\"EntryPoint\",\"urlTemplate\":\"https:\\\/\\\/blogit.gradia.fi\\\/hiuskilta\\\/?s={search_term_string}\"},\"query-input\":{\"@type\":\"PropertyValueSpecification\",\"valueRequired\":true,\"valueName\":\"search_term_string\"}}],\"inLanguage\":\"fi\"}]}<\/script>\n<!-- \/ Yoast SEO plugin. -->","yoast_head_json":{"title":"2.1 jakso - Hiuskilta Original","robots":{"index":"index","follow":"follow","max-snippet":"max-snippet:-1","max-image-preview":"max-image-preview:large","max-video-preview":"max-video-preview:-1"},"canonical":"https:\/\/blogit.gradia.fi\/hiuskilta\/toteutussuunnitelmat\/2-vuosi-2\/2-1-jakso\/","og_locale":"fi_FI","og_type":"article","og_title":"2.1 jakso - Hiuskilta Original","og_description":"AMMATILLISET TUTKINNON OSAT &nbsp; Kaikille pakolliset tutkinnon osat Sis\u00e4ll\u00f6t ja oppimisteht\u00e4v\u00e4t JAKSO 1 Muodikkaat hiustenleikkaukset Muodikkaat hiustenv\u00e4rj\u00e4ykset Oppimisymp\u00e4rist\u00f6t\/ avoimet, itsen\u00e4ist\u00e4 tiedon hankintaa yksin ja ryhm\u00e4ss\u00e4 \u2022 orientointi (yhteinen ryhm\u00e4ytyminen, pelis\u00e4\u00e4nn\u00f6t) \u2022 blogit.jao.fi\/ Hiuskilta &#8211; sivustoon tutustuminen \u2022 keikkailuextraan tutustuminen \u2022 blogin (oppimisp\u00e4iv\u00e4kirjan, yll\u00e4pit\u00e4minen) \u2022 NY-sivustoon perehtyminen (www.nuoriyrittajyys.fi) \u2022 tutor toiminta \u2022 ty\u00f6el\u00e4m\u00e4vierailut (Job Shadow) \u2022 &hellip; Jatka lukemista 2.1 jakso &rarr;","og_url":"https:\/\/blogit.gradia.fi\/hiuskilta\/toteutussuunnitelmat\/2-vuosi-2\/2-1-jakso\/","og_site_name":"Hiuskilta Original","article_modified_time":"2015-12-22T11:36:06+00:00","twitter_card":"summary_large_image","twitter_misc":{"Arvioitu lukuaika":"1 minuutti"},"schema":{"@context":"https:\/\/schema.org","@graph":[{"@type":"WebPage","@id":"https:\/\/blogit.gradia.fi\/hiuskilta\/toteutussuunnitelmat\/2-vuosi-2\/2-1-jakso\/","url":"https:\/\/blogit.gradia.fi\/hiuskilta\/toteutussuunnitelmat\/2-vuosi-2\/2-1-jakso\/","name":"2.1 jakso - Hiuskilta Original","isPartOf":{"@id":"https:\/\/blogit.gradia.fi\/hiuskilta\/#website"},"datePublished":"2015-12-21T07:39:43+00:00","dateModified":"2015-12-22T11:36:06+00:00","breadcrumb":{"@id":"https:\/\/blogit.gradia.fi\/hiuskilta\/toteutussuunnitelmat\/2-vuosi-2\/2-1-jakso\/#breadcrumb"},"inLanguage":"fi","potentialAction":[{"@type":"ReadAction","target":["https:\/\/blogit.gradia.fi\/hiuskilta\/toteutussuunnitelmat\/2-vuosi-2\/2-1-jakso\/"]}]},{"@type":"BreadcrumbList","@id":"https:\/\/blogit.gradia.fi\/hiuskilta\/toteutussuunnitelmat\/2-vuosi-2\/2-1-jakso\/#breadcrumb","itemListElement":[{"@type":"ListItem","position":1,"name":"Hiusalan perustutkinto &#8211; Hiuskilta","item":"https:\/\/blogit.gradia.fi\/hiuskilta\/toteutussuunnitelmat\/"},{"@type":"ListItem","position":2,"name":"2. vuosi","item":"https:\/\/blogit.gradia.fi\/hiuskilta\/toteutussuunnitelmat\/2-vuosi-2\/"},{"@type":"ListItem","position":3,"name":"2.1 jakso"}]},{"@type":"WebSite","@id":"https:\/\/blogit.gradia.fi\/hiuskilta\/#website","url":"https:\/\/blogit.gradia.fi\/hiuskilta\/","name":"Hiuskilta Original","description":"Gradia Jyv\u00e4skyl\u00e4n hiusalan avoin oppimisymp\u00e4rist\u00f6","potentialAction":[{"@type":"SearchAction","target":{"@type":"EntryPoint","urlTemplate":"https:\/\/blogit.gradia.fi\/hiuskilta\/?s={search_term_string}"},"query-input":{"@type":"PropertyValueSpecification","valueRequired":true,"valueName":"search_term_string"}}],"inLanguage":"fi"}]}},"uagb_featured_image_src":{"full":false,"thumbnail":false,"medium":false,"medium_large":false,"large":false,"1536x1536":false,"2048x2048":false,"post-thumbnail":false,"twentyfourteen-full-width":false},"uagb_author_info":{"display_name":"Hanna Frilander","author_link":"https:\/\/blogit.gradia.fi\/hiuskilta\/author\/frilahan\/"},"uagb_comment_info":0,"uagb_excerpt":"AMMATILLISET TUTKINNON OSAT &nbsp; Kaikille pakolliset tutkinnon osat Sis\u00e4ll\u00f6t ja oppimisteht\u00e4v\u00e4t JAKSO 1 Muodikkaat hiustenleikkaukset Muodikkaat hiustenv\u00e4rj\u00e4ykset Oppimisymp\u00e4rist\u00f6t\/ avoimet, itsen\u00e4ist\u00e4 tiedon hankintaa yksin ja ryhm\u00e4ss\u00e4 \u2022 orientointi (yhteinen ryhm\u00e4ytyminen, pelis\u00e4\u00e4nn\u00f6t) \u2022 blogit.jao.fi\/ Hiuskilta &#8211; sivustoon tutustuminen \u2022 keikkailuextraan tutustuminen \u2022 blogin (oppimisp\u00e4iv\u00e4kirjan, yll\u00e4pit\u00e4minen) \u2022 NY-sivustoon perehtyminen (www.nuoriyrittajyys.fi) \u2022 tutor toiminta \u2022 ty\u00f6el\u00e4m\u00e4vierailut (Job Shadow) \u2022&hellip;","_links":{"self":[{"href":"https:\/\/blogit.gradia.fi\/hiuskilta\/wp-json\/wp\/v2\/pages\/815","targetHints":{"allow":["GET"]}}],"collection":[{"href":"https:\/\/blogit.gradia.fi\/hiuskilta\/wp-json\/wp\/v2\/pages"}],"about":[{"href":"https:\/\/blogit.gradia.fi\/hiuskilta\/wp-json\/wp\/v2\/types\/page"}],"author":[{"embeddable":true,"href":"https:\/\/blogit.gradia.fi\/hiuskilta\/wp-json\/wp\/v2\/users\/161"}],"replies":[{"embeddable":true,"href":"https:\/\/blogit.gradia.fi\/hiuskilta\/wp-json\/wp\/v2\/comments?post=815"}],"version-history":[{"count":0,"href":"https:\/\/blogit.gradia.fi\/hiuskilta\/wp-json\/wp\/v2\/pages\/815\/revisions"}],"up":[{"embeddable":true,"href":"https:\/\/blogit.gradia.fi\/hiuskilta\/wp-json\/wp\/v2\/pages\/475"}],"wp:attachment":[{"href":"https:\/\/blogit.gradia.fi\/hiuskilta\/wp-json\/wp\/v2\/media?parent=815"}],"curies":[{"name":"wp","href":"https:\/\/api.w.org\/{rel}","templated":true}]}}