{"id":795,"date":"2015-11-19T12:34:54","date_gmt":"2015-11-19T10:34:54","guid":{"rendered":"https:\/\/blogit.gradia.fi\/hiuskilta\/?page_id=795"},"modified":"2017-09-07T13:39:54","modified_gmt":"2017-09-07T10:39:54","slug":"linkit-opiskelijoiden-blogeihin","status":"publish","type":"page","link":"https:\/\/blogit.gradia.fi\/hiuskilta\/4-hiuskilta-opiskelijoiden-blogit\/linkit-opiskelijoiden-blogeihin\/","title":{"rendered":"Hiusalan opiskelijoiden blogit"},"content":{"rendered":"<p>HI15P<br \/>\n<a href=\"http:\/\/mirjanblogii.blogspot.fi\/\" target=\"_blank\" rel=\"noopener noreferrer\">mirjanblogii.blogspot.fi\/<\/a><br \/>\n<a href=\"http:\/\/annanhiusblogi.blogspot.fi\/\" target=\"_blank\" rel=\"noopener noreferrer\">annanhiusblogi.blogspot.fi\/<\/a><br \/>\n<a href=\"http:\/\/hiuskiltalainen.blogspot.fi\/\" target=\"_blank\" rel=\"noopener noreferrer\">hiuskiltalainen.blogspot.fi\/<\/a><br \/>\n<a href=\"http:\/\/millavhiusblogi.blogspot.com\" target=\"_blank\" rel=\"noopener noreferrer\">millavhiusblogi.blogspot.com<\/a><br \/>\n<a href=\"http:\/\/controlyourcurls.blogspot.com\" target=\"_blank\" rel=\"noopener noreferrer\">controlyourcurls.blogspot.com<\/a><br \/>\n<a href=\"http:\/\/tanjaphiusblogi.blogspot.fi\/\" target=\"_blank\" rel=\"noopener noreferrer\">tanjaphiusblogi.blogspot.fi\/<\/a><br \/>\n<a href=\"http:\/\/futurehairdresserc.blogspot.fi\/\" target=\"_blank\" rel=\"noopener noreferrer\">futurehairdresserc.blogspot.fi\/<\/a><br \/>\n<a href=\"http:\/\/viivinhiusblogi.blogspot.com\" target=\"_blank\" rel=\"noopener noreferrer\">viivinhiusblogi.blogspot.com<\/a><br \/>\n<a href=\"http:\/\/Oliverralexander.blogspot.com\" target=\"_blank\" rel=\"noopener noreferrer\">Oliverralexander.blogspot.com<\/a><br \/>\n<a href=\"http:\/\/millanhiusblogi.blogspot.fi\" target=\"_blank\" rel=\"noopener noreferrer\">millanhiusblogi.blogspot.fi<\/a><br \/>\n<a href=\"http:\/\/norihb.blogspot.com\" target=\"_blank\" rel=\"noopener noreferrer\">norihb.blogspot.com<\/a><br \/>\n<a href=\"http:\/\/emiliamarian.blogspot.fi\" target=\"_blank\" rel=\"noopener noreferrer\">emiliamarian.blogspot.fi<\/a><br \/>\n<a href=\"http:\/\/tianhiusblogi.fi\" target=\"_blank\" rel=\"noopener noreferrer\">tianhiusblogi.fi<\/a><br \/>\n<a href=\"http:\/\/talisanhiusblogi.blogspot.fi\/\" target=\"_blank\" rel=\"noopener noreferrer\">talisanhiusblogi.blogspot.fi\/<\/a><br \/>\n<a href=\"http:\/\/Pinjanhiusb.blogspot.com\" target=\"_blank\" rel=\"noopener noreferrer\">Pinjanhiusb.blogspot.com<\/a><br \/>\n<a href=\"http:\/\/empunhiusblogi.blogspot.fi\/\" target=\"_blank\" rel=\"noopener noreferrer\">empunhiusblogi.blogspot.fi\/<\/a><br \/>\n<a href=\"http:\/\/suvin-hiusblogi.blogspot.fi\/\" target=\"_blank\" rel=\"noopener noreferrer\">suvin-hiusblogi.blogspot.fi\/<\/a><br \/>\n<a href=\"http:\/\/roosashair.blogspot.fi\/\" target=\"_blank\" rel=\"noopener noreferrer\">roosashair.blogspot.fi\/<\/a><br \/>\n<a href=\"http:\/\/hiustenmaailma.blogspot.fi\/\" target=\"_blank\" rel=\"noopener noreferrer\">hiustenmaailma.blogspot.fi\/<\/a><br \/>\n<a href=\"http:\/\/adanhiusblogi.blogspot.fi\/\" target=\"_blank\" rel=\"noopener noreferrer\">adanhiusblogi.blogspot.fi\/<\/a><br \/>\n<a href=\"http:\/\/wewillalwayshair.blogspot.com\" target=\"_blank\" rel=\"noopener noreferrer\">wewillalwayshair.blogspot.com<\/a><\/p>\n<p>HI16P<br \/>\n<a href=\"http:\/\/idanhiusjutut.blogspot.fi\/\" target=\"_blank\" rel=\"noopener noreferrer\">Ida M\u00e4kinen<\/a><br \/>\n<a href=\"http:\/\/veerahiusblogi.blogspot.fi\/\" target=\"_blank\" rel=\"noopener noreferrer\">Veera Javanainen<\/a><br \/>\n<a href=\"http:\/\/kultakutrit.blogspot.fi\/\" target=\"_blank\" rel=\"noopener noreferrer\">Liina Hakkarainen<\/a><br \/>\n<a href=\"http:\/\/emminhiusblogii.blogspot.fi\/\" target=\"_blank\" rel=\"noopener noreferrer\">Emmi Ohranen<\/a><br \/>\n<a href=\"http:\/\/nehiusblogi.blogspot.fi\/\" target=\"_blank\" rel=\"noopener noreferrer\">Neea Ahonen<\/a><br \/>\n<a href=\"http:\/\/iidanhiusblogii.blogspot.fi\/\" target=\"_blank\" rel=\"noopener noreferrer\">iida Salmivaara<\/a><br \/>\n<a href=\"http:\/\/hiustenehostusta.blogspot.fi\/\" target=\"_blank\" rel=\"noopener noreferrer\">Alina Lahtinen<\/a><br \/>\n<a href=\"http:\/\/hiustenmaailmaa.blogspot.com\" target=\"_blank\" rel=\"noopener noreferrer\">Taika Hyt\u00f6nen<\/a><br \/>\n<a href=\"http:\/\/jennanhiusblogi.blogspot.fi\/\" target=\"_blank\" rel=\"noopener noreferrer\">Jenna Holm<\/a><br \/>\n<a href=\"http:\/\/tiianhiusblogii.blogspot.fi\/\" target=\"_blank\" rel=\"noopener noreferrer\">Tiia Rinneaho<\/a><br \/>\n<a href=\"http:\/\/mintunhiusblogii.blogspot.fi\/\" target=\"_blank\" rel=\"noopener noreferrer\">Minttu Pirtinsola<\/a><br \/>\n<a href=\"http:\/\/uudenblofinosoite.blogspot.fi\/\" target=\"_blank\" rel=\"noopener noreferrer\">Marika Jalkanen<\/a><br \/>\n<a href=\"http:\/\/hiustenhoidontaikaa.blogspot.fi\/\" target=\"_blank\" rel=\"noopener noreferrer\">Petra Kekkonen<\/a><br \/>\n<a href=\"http:\/\/joskunhiusblogi.blogspot.fi\/\" target=\"_blank\" rel=\"noopener noreferrer\">Josefiina Vertala<\/a><br \/>\n<a href=\"http:\/\/takkutukka00.blogspot.fi\/\" target=\"_blank\" rel=\"noopener noreferrer\">Reetta Turunen<\/a><br \/>\n<a href=\"http:\/\/noviisistatukkatuntijaksi.blogspot.fi\/\" target=\"_blank\" rel=\"noopener noreferrer\">Waltter Kapanen<\/a><br \/>\n<a href=\"http:\/\/hiusblogilaura.blogspot.fi\/\" target=\"_blank\" rel=\"noopener noreferrer\">Laura kuusinen<\/a><br \/>\n<a href=\"http:\/\/emmminhius.blogspot.fi\/\" target=\"_blank\" rel=\"noopener noreferrer\">Emmi Mannermaa<\/a><br \/>\n<a href=\"http:\/\/susanhiusblogi.blogspot.fi\/\" target=\"_blank\" rel=\"noopener noreferrer\">Susa Lahtinen<\/a><br \/>\n<a href=\"http:\/\/simpanhiusblogi.blogspot.fi\/\" target=\"_blank\" rel=\"noopener noreferrer\">Sini Rinne<\/a><br \/>\n<a href=\"http:\/\/pixelhaircut.blogspot.fi\/\" target=\"_blank\" rel=\"noopener noreferrer\">Jessica Huttunen<\/a><\/p>\n<p>HI17Y<br \/>\n<a href=\"http:\/\/Hairwaystation.blogspot.fi\">Hairwaystation.blogspot.fi<\/a><br \/>\n<a href=\"http:\/\/So-hairmazing.blogspot.com\">So-hairmazing.blogspot.com<\/a><br \/>\n<a href=\"http:\/\/Tukkatohtori.blogspot.com\">Tukkatohtori.blogspot.com<\/a><br \/>\n<a href=\"http:\/\/Hairtomadness.blogspot.fi\">Hairtomadness.blogspot.fi<\/a><br \/>\n<a href=\"http:\/\/Hairbymiiamaari.blogspot.fi\">Hairbymiiamaari.blogspot.fi<\/a><br \/>\n<a href=\"http:\/\/Gonewiththehair.blogspot.fi\">Gonewiththehair.blogspot.fi<\/a><br \/>\n<a href=\"http:\/\/Karoliinankiehkurat.blogspot.com\">Karoliinankiehkurat.blogspot.com<\/a><br \/>\n<a href=\"http:\/\/Hairohhair.blogspot.fi\">Hairohhair.blogspot.fi<\/a><br \/>\n<a href=\"http:\/\/Scissorstotherescue.blogspot.com\">Scissorstotherescue.blogspot.com<\/a><br \/>\n<a href=\"http:\/\/Hattaraunelmaa.blogspot.fi\">Hattaraunelmaa.blogspot.fi<\/a><br \/>\n<a href=\"http:\/\/Hiukseton.blogspot.fi\">Hiukseton.blogspot.fi<\/a><br \/>\n<a href=\"http:\/\/Willalwayshairyou.blogspot.com\">Willalwayshairyou.blogspot.com<\/a><br \/>\n<a href=\"http:\/\/Hairydreams.blogspot.fi\">Hairydreams.blogspot.fi<\/a><br \/>\n<a href=\"http:\/\/Tahkapaax2.blogspot.fi\">Tahkapaax2.blogspot.fi<\/a><br \/>\n<a href=\"http:\/\/Crow-hair.tumblr.com\">Crow-hair.tumblr.com<\/a><br \/>\n<a href=\"http:\/\/Hairsonly.blogspot.fi\">Hairsonly.blogspot.fi<\/a><br \/>\n<a href=\"http:\/\/Yourehaired.blogspot.fi\">Yourehaired.blogspot.fi<\/a><br \/>\n<a href=\"http:\/\/hairdressi.blogspot.fi\/\" target=\"_blank\" rel=\"noopener noreferrer\">hairdressi.blogspot.fi\/<\/a><br \/>\n<a href=\"http:\/\/Erkamaanhiusblogi.blogspot.fi\">Erkamaanhiusblogi.blogspot.fi<\/a><\/p>\n<p><a href=\"https:\/\/blogit.gradia.fi\/hiuskilta\/valmistuneiden-opiskelijoiden-blogeja\/\" target=\"_blank\" rel=\"noopener noreferrer\">Valmistuneiden opiskelijoiden blogeja<\/a><\/p>\n","protected":false},"excerpt":{"rendered":"<p>HI15P mirjanblogii.blogspot.fi\/ annanhiusblogi.blogspot.fi\/ hiuskiltalainen.blogspot.fi\/ millavhiusblogi.blogspot.com controlyourcurls.blogspot.com tanjaphiusblogi.blogspot.fi\/ futurehairdresserc.blogspot.fi\/ viivinhiusblogi.blogspot.com Oliverralexander.blogspot.com millanhiusblogi.blogspot.fi norihb.blogspot.com emiliamarian.blogspot.fi tianhiusblogi.fi talisanhiusblogi.blogspot.fi\/ Pinjanhiusb.blogspot.com empunhiusblogi.blogspot.fi\/ suvin-hiusblogi.blogspot.fi\/ roosashair.blogspot.fi\/ hiustenmaailma.blogspot.fi\/ adanhiusblogi.blogspot.fi\/ wewillalwayshair.blogspot.com HI16P Ida M\u00e4kinen Veera Javanainen Liina Hakkarainen Emmi Ohranen Neea Ahonen iida Salmivaara Alina Lahtinen Taika Hyt\u00f6nen Jenna Holm Tiia Rinneaho Minttu Pirtinsola Marika Jalkanen Petra Kekkonen Josefiina Vertala Reetta Turunen Waltter Kapanen &hellip; <a href=\"https:\/\/blogit.gradia.fi\/hiuskilta\/4-hiuskilta-opiskelijoiden-blogit\/linkit-opiskelijoiden-blogeihin\/\" class=\"more-link\">Jatka lukemista <span class=\"screen-reader-text\">Hiusalan opiskelijoiden blogit<\/span> <span class=\"meta-nav\">&rarr;<\/span><\/a><\/p>\n","protected":false},"author":161,"featured_media":0,"parent":14,"menu_order":0,"comment_status":"open","ping_status":"open","template":"","meta":{"_uag_custom_page_level_css":"","footnotes":""},"class_list":["post-795","page","type-page","status-publish","hentry"],"yoast_head":"<!-- This site is optimized with the Yoast SEO plugin v27.4 - https:\/\/yoast.com\/product\/yoast-seo-wordpress\/ -->\n<title>Hiusalan opiskelijoiden blogit - Hiuskilta Original<\/title>\n<meta name=\"robots\" content=\"index, follow, max-snippet:-1, max-image-preview:large, max-video-preview:-1\" \/>\n<link rel=\"canonical\" href=\"https:\/\/blogit.gradia.fi\/hiuskilta\/4-hiuskilta-opiskelijoiden-blogit\/linkit-opiskelijoiden-blogeihin\/\" \/>\n<meta property=\"og:locale\" content=\"fi_FI\" \/>\n<meta property=\"og:type\" content=\"article\" \/>\n<meta property=\"og:title\" content=\"Hiusalan opiskelijoiden blogit - Hiuskilta Original\" \/>\n<meta property=\"og:description\" content=\"HI15P mirjanblogii.blogspot.fi\/ annanhiusblogi.blogspot.fi\/ hiuskiltalainen.blogspot.fi\/ millavhiusblogi.blogspot.com controlyourcurls.blogspot.com tanjaphiusblogi.blogspot.fi\/ futurehairdresserc.blogspot.fi\/ viivinhiusblogi.blogspot.com Oliverralexander.blogspot.com millanhiusblogi.blogspot.fi norihb.blogspot.com emiliamarian.blogspot.fi tianhiusblogi.fi talisanhiusblogi.blogspot.fi\/ Pinjanhiusb.blogspot.com empunhiusblogi.blogspot.fi\/ suvin-hiusblogi.blogspot.fi\/ roosashair.blogspot.fi\/ hiustenmaailma.blogspot.fi\/ adanhiusblogi.blogspot.fi\/ wewillalwayshair.blogspot.com HI16P Ida M\u00e4kinen Veera Javanainen Liina Hakkarainen Emmi Ohranen Neea Ahonen iida Salmivaara Alina Lahtinen Taika Hyt\u00f6nen Jenna Holm Tiia Rinneaho Minttu Pirtinsola Marika Jalkanen Petra Kekkonen Josefiina Vertala Reetta Turunen Waltter Kapanen &hellip; Jatka lukemista Hiusalan opiskelijoiden blogit &rarr;\" \/>\n<meta property=\"og:url\" content=\"https:\/\/blogit.gradia.fi\/hiuskilta\/4-hiuskilta-opiskelijoiden-blogit\/linkit-opiskelijoiden-blogeihin\/\" \/>\n<meta property=\"og:site_name\" content=\"Hiuskilta Original\" \/>\n<meta property=\"article:modified_time\" content=\"2017-09-07T10:39:54+00:00\" \/>\n<meta name=\"twitter:card\" content=\"summary_large_image\" \/>\n<meta name=\"twitter:label1\" content=\"Arvioitu lukuaika\" \/>\n\t<meta name=\"twitter:data1\" content=\"1 minuutti\" \/>\n<script type=\"application\/ld+json\" class=\"yoast-schema-graph\">{\"@context\":\"https:\\\/\\\/schema.org\",\"@graph\":[{\"@type\":\"WebPage\",\"@id\":\"https:\\\/\\\/blogit.gradia.fi\\\/hiuskilta\\\/4-hiuskilta-opiskelijoiden-blogit\\\/linkit-opiskelijoiden-blogeihin\\\/\",\"url\":\"https:\\\/\\\/blogit.gradia.fi\\\/hiuskilta\\\/4-hiuskilta-opiskelijoiden-blogit\\\/linkit-opiskelijoiden-blogeihin\\\/\",\"name\":\"Hiusalan opiskelijoiden blogit - Hiuskilta Original\",\"isPartOf\":{\"@id\":\"https:\\\/\\\/blogit.gradia.fi\\\/hiuskilta\\\/#website\"},\"datePublished\":\"2015-11-19T10:34:54+00:00\",\"dateModified\":\"2017-09-07T10:39:54+00:00\",\"breadcrumb\":{\"@id\":\"https:\\\/\\\/blogit.gradia.fi\\\/hiuskilta\\\/4-hiuskilta-opiskelijoiden-blogit\\\/linkit-opiskelijoiden-blogeihin\\\/#breadcrumb\"},\"inLanguage\":\"fi\",\"potentialAction\":[{\"@type\":\"ReadAction\",\"target\":[\"https:\\\/\\\/blogit.gradia.fi\\\/hiuskilta\\\/4-hiuskilta-opiskelijoiden-blogit\\\/linkit-opiskelijoiden-blogeihin\\\/\"]}]},{\"@type\":\"BreadcrumbList\",\"@id\":\"https:\\\/\\\/blogit.gradia.fi\\\/hiuskilta\\\/4-hiuskilta-opiskelijoiden-blogit\\\/linkit-opiskelijoiden-blogeihin\\\/#breadcrumb\",\"itemListElement\":[{\"@type\":\"ListItem\",\"position\":1,\"name\":\"Blogit\",\"item\":\"https:\\\/\\\/blogit.gradia.fi\\\/hiuskilta\\\/4-hiuskilta-opiskelijoiden-blogit\\\/\"},{\"@type\":\"ListItem\",\"position\":2,\"name\":\"Hiusalan opiskelijoiden blogit\"}]},{\"@type\":\"WebSite\",\"@id\":\"https:\\\/\\\/blogit.gradia.fi\\\/hiuskilta\\\/#website\",\"url\":\"https:\\\/\\\/blogit.gradia.fi\\\/hiuskilta\\\/\",\"name\":\"Hiuskilta Original\",\"description\":\"Gradia Jyv\u00e4skyl\u00e4n hiusalan avoin oppimisymp\u00e4rist\u00f6\",\"potentialAction\":[{\"@type\":\"SearchAction\",\"target\":{\"@type\":\"EntryPoint\",\"urlTemplate\":\"https:\\\/\\\/blogit.gradia.fi\\\/hiuskilta\\\/?s={search_term_string}\"},\"query-input\":{\"@type\":\"PropertyValueSpecification\",\"valueRequired\":true,\"valueName\":\"search_term_string\"}}],\"inLanguage\":\"fi\"}]}<\/script>\n<!-- \/ Yoast SEO plugin. -->","yoast_head_json":{"title":"Hiusalan opiskelijoiden blogit - Hiuskilta Original","robots":{"index":"index","follow":"follow","max-snippet":"max-snippet:-1","max-image-preview":"max-image-preview:large","max-video-preview":"max-video-preview:-1"},"canonical":"https:\/\/blogit.gradia.fi\/hiuskilta\/4-hiuskilta-opiskelijoiden-blogit\/linkit-opiskelijoiden-blogeihin\/","og_locale":"fi_FI","og_type":"article","og_title":"Hiusalan opiskelijoiden blogit - Hiuskilta Original","og_description":"HI15P mirjanblogii.blogspot.fi\/ annanhiusblogi.blogspot.fi\/ hiuskiltalainen.blogspot.fi\/ millavhiusblogi.blogspot.com controlyourcurls.blogspot.com tanjaphiusblogi.blogspot.fi\/ futurehairdresserc.blogspot.fi\/ viivinhiusblogi.blogspot.com Oliverralexander.blogspot.com millanhiusblogi.blogspot.fi norihb.blogspot.com emiliamarian.blogspot.fi tianhiusblogi.fi talisanhiusblogi.blogspot.fi\/ Pinjanhiusb.blogspot.com empunhiusblogi.blogspot.fi\/ suvin-hiusblogi.blogspot.fi\/ roosashair.blogspot.fi\/ hiustenmaailma.blogspot.fi\/ adanhiusblogi.blogspot.fi\/ wewillalwayshair.blogspot.com HI16P Ida M\u00e4kinen Veera Javanainen Liina Hakkarainen Emmi Ohranen Neea Ahonen iida Salmivaara Alina Lahtinen Taika Hyt\u00f6nen Jenna Holm Tiia Rinneaho Minttu Pirtinsola Marika Jalkanen Petra Kekkonen Josefiina Vertala Reetta Turunen Waltter Kapanen &hellip; Jatka lukemista Hiusalan opiskelijoiden blogit &rarr;","og_url":"https:\/\/blogit.gradia.fi\/hiuskilta\/4-hiuskilta-opiskelijoiden-blogit\/linkit-opiskelijoiden-blogeihin\/","og_site_name":"Hiuskilta Original","article_modified_time":"2017-09-07T10:39:54+00:00","twitter_card":"summary_large_image","twitter_misc":{"Arvioitu lukuaika":"1 minuutti"},"schema":{"@context":"https:\/\/schema.org","@graph":[{"@type":"WebPage","@id":"https:\/\/blogit.gradia.fi\/hiuskilta\/4-hiuskilta-opiskelijoiden-blogit\/linkit-opiskelijoiden-blogeihin\/","url":"https:\/\/blogit.gradia.fi\/hiuskilta\/4-hiuskilta-opiskelijoiden-blogit\/linkit-opiskelijoiden-blogeihin\/","name":"Hiusalan opiskelijoiden blogit - Hiuskilta Original","isPartOf":{"@id":"https:\/\/blogit.gradia.fi\/hiuskilta\/#website"},"datePublished":"2015-11-19T10:34:54+00:00","dateModified":"2017-09-07T10:39:54+00:00","breadcrumb":{"@id":"https:\/\/blogit.gradia.fi\/hiuskilta\/4-hiuskilta-opiskelijoiden-blogit\/linkit-opiskelijoiden-blogeihin\/#breadcrumb"},"inLanguage":"fi","potentialAction":[{"@type":"ReadAction","target":["https:\/\/blogit.gradia.fi\/hiuskilta\/4-hiuskilta-opiskelijoiden-blogit\/linkit-opiskelijoiden-blogeihin\/"]}]},{"@type":"BreadcrumbList","@id":"https:\/\/blogit.gradia.fi\/hiuskilta\/4-hiuskilta-opiskelijoiden-blogit\/linkit-opiskelijoiden-blogeihin\/#breadcrumb","itemListElement":[{"@type":"ListItem","position":1,"name":"Blogit","item":"https:\/\/blogit.gradia.fi\/hiuskilta\/4-hiuskilta-opiskelijoiden-blogit\/"},{"@type":"ListItem","position":2,"name":"Hiusalan opiskelijoiden blogit"}]},{"@type":"WebSite","@id":"https:\/\/blogit.gradia.fi\/hiuskilta\/#website","url":"https:\/\/blogit.gradia.fi\/hiuskilta\/","name":"Hiuskilta Original","description":"Gradia Jyv\u00e4skyl\u00e4n hiusalan avoin oppimisymp\u00e4rist\u00f6","potentialAction":[{"@type":"SearchAction","target":{"@type":"EntryPoint","urlTemplate":"https:\/\/blogit.gradia.fi\/hiuskilta\/?s={search_term_string}"},"query-input":{"@type":"PropertyValueSpecification","valueRequired":true,"valueName":"search_term_string"}}],"inLanguage":"fi"}]}},"uagb_featured_image_src":{"full":false,"thumbnail":false,"medium":false,"medium_large":false,"large":false,"1536x1536":false,"2048x2048":false,"post-thumbnail":false,"twentyfourteen-full-width":false},"uagb_author_info":{"display_name":"Hanna Frilander","author_link":"https:\/\/blogit.gradia.fi\/hiuskilta\/author\/frilahan\/"},"uagb_comment_info":4,"uagb_excerpt":"HI15P mirjanblogii.blogspot.fi\/ annanhiusblogi.blogspot.fi\/ hiuskiltalainen.blogspot.fi\/ millavhiusblogi.blogspot.com controlyourcurls.blogspot.com tanjaphiusblogi.blogspot.fi\/ futurehairdresserc.blogspot.fi\/ viivinhiusblogi.blogspot.com Oliverralexander.blogspot.com millanhiusblogi.blogspot.fi norihb.blogspot.com emiliamarian.blogspot.fi tianhiusblogi.fi talisanhiusblogi.blogspot.fi\/ Pinjanhiusb.blogspot.com empunhiusblogi.blogspot.fi\/ suvin-hiusblogi.blogspot.fi\/ roosashair.blogspot.fi\/ hiustenmaailma.blogspot.fi\/ adanhiusblogi.blogspot.fi\/ wewillalwayshair.blogspot.com HI16P Ida M\u00e4kinen Veera Javanainen Liina Hakkarainen Emmi Ohranen Neea Ahonen iida Salmivaara Alina Lahtinen Taika Hyt\u00f6nen Jenna Holm Tiia Rinneaho Minttu Pirtinsola Marika Jalkanen Petra Kekkonen Josefiina Vertala Reetta Turunen Waltter Kapanen&hellip;","_links":{"self":[{"href":"https:\/\/blogit.gradia.fi\/hiuskilta\/wp-json\/wp\/v2\/pages\/795","targetHints":{"allow":["GET"]}}],"collection":[{"href":"https:\/\/blogit.gradia.fi\/hiuskilta\/wp-json\/wp\/v2\/pages"}],"about":[{"href":"https:\/\/blogit.gradia.fi\/hiuskilta\/wp-json\/wp\/v2\/types\/page"}],"author":[{"embeddable":true,"href":"https:\/\/blogit.gradia.fi\/hiuskilta\/wp-json\/wp\/v2\/users\/161"}],"replies":[{"embeddable":true,"href":"https:\/\/blogit.gradia.fi\/hiuskilta\/wp-json\/wp\/v2\/comments?post=795"}],"version-history":[{"count":0,"href":"https:\/\/blogit.gradia.fi\/hiuskilta\/wp-json\/wp\/v2\/pages\/795\/revisions"}],"up":[{"embeddable":true,"href":"https:\/\/blogit.gradia.fi\/hiuskilta\/wp-json\/wp\/v2\/pages\/14"}],"wp:attachment":[{"href":"https:\/\/blogit.gradia.fi\/hiuskilta\/wp-json\/wp\/v2\/media?parent=795"}],"curies":[{"name":"wp","href":"https:\/\/api.w.org\/{rel}","templated":true}]}}