{"id":724,"date":"2015-05-25T12:39:48","date_gmt":"2015-05-25T09:39:48","guid":{"rendered":"https:\/\/blogit.gradia.fi\/hiuskilta\/?page_id=724"},"modified":"2015-05-25T13:07:09","modified_gmt":"2015-05-25T10:07:09","slug":"tehtavapakki","status":"publish","type":"page","link":"https:\/\/blogit.gradia.fi\/hiuskilta\/tehtavapakki\/tehtavapakki\/","title":{"rendered":"Oppimisvideo &#8211; Ergonomia"},"content":{"rendered":"<h3>Ergonomia (Hiuskilta -teht\u00e4v\u00e4 \/Satu Mursula)<\/h3>\n<p>&nbsp;<\/p>\n<p>Tehd\u00e4\u00e4n kotiryhmitt\u00e4in<\/p>\n<p>1. Pesupaikan ergonomiaa<br \/>\n2. Hiusten f\u00f6\u00f6nauksen ergonomiaa<br \/>\n3. Hiusten leikkauksen ergonomiaa<br \/>\n4. Hiusten rullauksen ergonomiaa<\/p>\n<p>Tutustukaa Hiusalan Ergonomia kirjaan (ryhmitt\u00e4in yksi kirja) ja etsik\u00e4\u00e4 tietoa kyseisest\u00e4 aiheesta. Mit\u00e4 pit\u00e4\u00e4 tiet\u00e4\u00e4? Mitk\u00e4 on tyypillisimm\u00e4t virheet? Miten pit\u00e4\u00e4 oikeasti ty\u00f6skennell\u00e4? Oikeat ty\u00f6asennot!<\/p>\n<p>Tehd\u00e4\u00e4n ergonomiasta video, jonka pituus on 3-5 minuuttia.<\/p>\n<p>Videon teon vaiheet:<\/p>\n<p>1. Suunnittelupalaveri (ke 18.3 2015 klo 14.15)<\/p>\n<p>&#8211; tutustutaan teht\u00e4v\u00e4\u00e4n ja kirjaan<\/p>\n<p>&#8211; ty\u00f6njako: ohjaaja (vastaa ryhm\u00e4ns\u00e4 toiminnasta), kuvaaja, kuvaussihteeri (tekee muistiinpanoja), n\u00e4yttelij\u00e4t (asiakas, parturi-kampaaja)<\/p>\n<p>&#8211; mit\u00e4 halutaan kertoa? Millainen kuva katsojalle halutaan antaa? Tarkoituksena tehd\u00e4 ergonomian opetusvideo kyseisest\u00e4 aiheesta!<\/p>\n<p>Aikataulu:<\/p>\n<p>23.3.2015 Vapaa messuista!<br \/>\n25.3.2015 Videon tekeminen jatkuu<br \/>\n30.3.2015 Ergonomian videot valmiit, katsominen, arviointi ja vienti moniviestimeen!<\/p>\n<p>2. K\u00e4sikirjoitus<\/p>\n<p>&#8211; k\u00e4sikirjoitus on suunnitelma siit\u00e4, miten tarinan k\u00e4\u00e4nteet kuvataan. K\u00e4sikirjoitukseen kirjoitetaan, mit\u00e4 kukin roolihenkil\u00f6 sanoo (vuorosanat) ja mit\u00e4 toimintaa kuvataan. Mit\u00e4 kuvassa tapahtuu? Mit\u00e4 \u00e4\u00e4nt\u00e4 kuuluu?<\/p>\n<p>3.\u00a0 Kuvaukset k\u00e4sikirjoituksen pohjalta<\/p>\n<p>-kuvauspaikkojen valinta<\/p>\n<p>-kuvaukset<\/p>\n<p>4. Videon ty\u00f6st\u00e4minen<\/p>\n<p>&#8211; editointi (Koulun koneilla, Movie Maker=Elokuvaty\u00f6kalu)<\/p>\n<p>-puheosuuksien nauhoittaminen<\/p>\n<p>-musiikin lis\u00e4\u00e4minen<\/p>\n<p>5. Videon julkaisu ( YouTube? Facebook? Hiuskiltasivusto? Moniviestin?)<\/p>\n<p><a href=\"http:\/\/www.moniviestin.jao.fi\" target=\"_blank\">Moniviestin -videopalvelu<\/a><\/p>\n<p>Ohjeet opiskelijoille: Ohjelmat, Jyv\u00e4skyl\u00e4n ammattiopisto, kirjaudu, omilla tunnuksilla.<br \/>\nLis\u00e4\u00e4 uusi mediasivu, nimell\u00e4.<\/p>\n<p><a href=\"https:\/\/m3.jyu.fi\/jaomv\/ohjelmat\/jyvaskylan-ammattiopisto\/hyvinvointi-ja-kulttuuri\/hiusala\" target=\"_blank\">Esimerkkej\u00e4 opiskelijoiden tuotoksista<\/a><\/p>\n","protected":false},"excerpt":{"rendered":"<p>Ergonomia (Hiuskilta -teht\u00e4v\u00e4 \/Satu Mursula) &nbsp; Tehd\u00e4\u00e4n kotiryhmitt\u00e4in 1. Pesupaikan ergonomiaa 2. Hiusten f\u00f6\u00f6nauksen ergonomiaa 3. Hiusten leikkauksen ergonomiaa 4. Hiusten rullauksen ergonomiaa Tutustukaa Hiusalan Ergonomia kirjaan (ryhmitt\u00e4in yksi kirja) ja etsik\u00e4\u00e4 tietoa kyseisest\u00e4 aiheesta. Mit\u00e4 pit\u00e4\u00e4 tiet\u00e4\u00e4? Mitk\u00e4 on tyypillisimm\u00e4t virheet? Miten pit\u00e4\u00e4 oikeasti ty\u00f6skennell\u00e4? Oikeat ty\u00f6asennot! Tehd\u00e4\u00e4n ergonomiasta video, jonka pituus on 3-5 &hellip; <a href=\"https:\/\/blogit.gradia.fi\/hiuskilta\/tehtavapakki\/tehtavapakki\/\" class=\"more-link\">Jatka lukemista <span class=\"screen-reader-text\">Oppimisvideo &#8211; Ergonomia<\/span> <span class=\"meta-nav\">&rarr;<\/span><\/a><\/p>\n","protected":false},"author":161,"featured_media":0,"parent":525,"menu_order":0,"comment_status":"open","ping_status":"open","template":"","meta":{"_uag_custom_page_level_css":"","footnotes":""},"class_list":["post-724","page","type-page","status-publish","hentry"],"yoast_head":"<!-- This site is optimized with the Yoast SEO plugin v27.4 - https:\/\/yoast.com\/product\/yoast-seo-wordpress\/ -->\n<title>Oppimisvideo - Ergonomia - Hiuskilta Original<\/title>\n<meta name=\"robots\" content=\"index, follow, max-snippet:-1, max-image-preview:large, max-video-preview:-1\" \/>\n<link rel=\"canonical\" href=\"https:\/\/blogit.gradia.fi\/hiuskilta\/tehtavapakki\/tehtavapakki\/\" \/>\n<meta property=\"og:locale\" content=\"fi_FI\" \/>\n<meta property=\"og:type\" content=\"article\" \/>\n<meta property=\"og:title\" content=\"Oppimisvideo - Ergonomia - Hiuskilta Original\" \/>\n<meta property=\"og:description\" content=\"Ergonomia (Hiuskilta -teht\u00e4v\u00e4 \/Satu Mursula) &nbsp; Tehd\u00e4\u00e4n kotiryhmitt\u00e4in 1. Pesupaikan ergonomiaa 2. Hiusten f\u00f6\u00f6nauksen ergonomiaa 3. Hiusten leikkauksen ergonomiaa 4. Hiusten rullauksen ergonomiaa Tutustukaa Hiusalan Ergonomia kirjaan (ryhmitt\u00e4in yksi kirja) ja etsik\u00e4\u00e4 tietoa kyseisest\u00e4 aiheesta. Mit\u00e4 pit\u00e4\u00e4 tiet\u00e4\u00e4? Mitk\u00e4 on tyypillisimm\u00e4t virheet? Miten pit\u00e4\u00e4 oikeasti ty\u00f6skennell\u00e4? Oikeat ty\u00f6asennot! Tehd\u00e4\u00e4n ergonomiasta video, jonka pituus on 3-5 &hellip; Jatka lukemista Oppimisvideo &#8211; Ergonomia &rarr;\" \/>\n<meta property=\"og:url\" content=\"https:\/\/blogit.gradia.fi\/hiuskilta\/tehtavapakki\/tehtavapakki\/\" \/>\n<meta property=\"og:site_name\" content=\"Hiuskilta Original\" \/>\n<meta property=\"article:modified_time\" content=\"2015-05-25T10:07:09+00:00\" \/>\n<meta name=\"twitter:card\" content=\"summary_large_image\" \/>\n<meta name=\"twitter:label1\" content=\"Arvioitu lukuaika\" \/>\n\t<meta name=\"twitter:data1\" content=\"1 minuutti\" \/>\n<script type=\"application\/ld+json\" class=\"yoast-schema-graph\">{\"@context\":\"https:\\\/\\\/schema.org\",\"@graph\":[{\"@type\":\"WebPage\",\"@id\":\"https:\\\/\\\/blogit.gradia.fi\\\/hiuskilta\\\/tehtavapakki\\\/tehtavapakki\\\/\",\"url\":\"https:\\\/\\\/blogit.gradia.fi\\\/hiuskilta\\\/tehtavapakki\\\/tehtavapakki\\\/\",\"name\":\"Oppimisvideo - Ergonomia - Hiuskilta Original\",\"isPartOf\":{\"@id\":\"https:\\\/\\\/blogit.gradia.fi\\\/hiuskilta\\\/#website\"},\"datePublished\":\"2015-05-25T09:39:48+00:00\",\"dateModified\":\"2015-05-25T10:07:09+00:00\",\"breadcrumb\":{\"@id\":\"https:\\\/\\\/blogit.gradia.fi\\\/hiuskilta\\\/tehtavapakki\\\/tehtavapakki\\\/#breadcrumb\"},\"inLanguage\":\"fi\",\"potentialAction\":[{\"@type\":\"ReadAction\",\"target\":[\"https:\\\/\\\/blogit.gradia.fi\\\/hiuskilta\\\/tehtavapakki\\\/tehtavapakki\\\/\"]}]},{\"@type\":\"BreadcrumbList\",\"@id\":\"https:\\\/\\\/blogit.gradia.fi\\\/hiuskilta\\\/tehtavapakki\\\/tehtavapakki\\\/#breadcrumb\",\"itemListElement\":[{\"@type\":\"ListItem\",\"position\":1,\"name\":\"Teht\u00e4v\u00e4pakki\",\"item\":\"https:\\\/\\\/blogit.gradia.fi\\\/hiuskilta\\\/tehtavapakki\\\/\"},{\"@type\":\"ListItem\",\"position\":2,\"name\":\"Oppimisvideo &#8211; Ergonomia\"}]},{\"@type\":\"WebSite\",\"@id\":\"https:\\\/\\\/blogit.gradia.fi\\\/hiuskilta\\\/#website\",\"url\":\"https:\\\/\\\/blogit.gradia.fi\\\/hiuskilta\\\/\",\"name\":\"Hiuskilta Original\",\"description\":\"Gradia Jyv\u00e4skyl\u00e4n hiusalan avoin oppimisymp\u00e4rist\u00f6\",\"potentialAction\":[{\"@type\":\"SearchAction\",\"target\":{\"@type\":\"EntryPoint\",\"urlTemplate\":\"https:\\\/\\\/blogit.gradia.fi\\\/hiuskilta\\\/?s={search_term_string}\"},\"query-input\":{\"@type\":\"PropertyValueSpecification\",\"valueRequired\":true,\"valueName\":\"search_term_string\"}}],\"inLanguage\":\"fi\"}]}<\/script>\n<!-- \/ Yoast SEO plugin. -->","yoast_head_json":{"title":"Oppimisvideo - Ergonomia - Hiuskilta Original","robots":{"index":"index","follow":"follow","max-snippet":"max-snippet:-1","max-image-preview":"max-image-preview:large","max-video-preview":"max-video-preview:-1"},"canonical":"https:\/\/blogit.gradia.fi\/hiuskilta\/tehtavapakki\/tehtavapakki\/","og_locale":"fi_FI","og_type":"article","og_title":"Oppimisvideo - Ergonomia - Hiuskilta Original","og_description":"Ergonomia (Hiuskilta -teht\u00e4v\u00e4 \/Satu Mursula) &nbsp; Tehd\u00e4\u00e4n kotiryhmitt\u00e4in 1. Pesupaikan ergonomiaa 2. Hiusten f\u00f6\u00f6nauksen ergonomiaa 3. Hiusten leikkauksen ergonomiaa 4. Hiusten rullauksen ergonomiaa Tutustukaa Hiusalan Ergonomia kirjaan (ryhmitt\u00e4in yksi kirja) ja etsik\u00e4\u00e4 tietoa kyseisest\u00e4 aiheesta. Mit\u00e4 pit\u00e4\u00e4 tiet\u00e4\u00e4? Mitk\u00e4 on tyypillisimm\u00e4t virheet? Miten pit\u00e4\u00e4 oikeasti ty\u00f6skennell\u00e4? Oikeat ty\u00f6asennot! Tehd\u00e4\u00e4n ergonomiasta video, jonka pituus on 3-5 &hellip; Jatka lukemista Oppimisvideo &#8211; Ergonomia &rarr;","og_url":"https:\/\/blogit.gradia.fi\/hiuskilta\/tehtavapakki\/tehtavapakki\/","og_site_name":"Hiuskilta Original","article_modified_time":"2015-05-25T10:07:09+00:00","twitter_card":"summary_large_image","twitter_misc":{"Arvioitu lukuaika":"1 minuutti"},"schema":{"@context":"https:\/\/schema.org","@graph":[{"@type":"WebPage","@id":"https:\/\/blogit.gradia.fi\/hiuskilta\/tehtavapakki\/tehtavapakki\/","url":"https:\/\/blogit.gradia.fi\/hiuskilta\/tehtavapakki\/tehtavapakki\/","name":"Oppimisvideo - Ergonomia - Hiuskilta Original","isPartOf":{"@id":"https:\/\/blogit.gradia.fi\/hiuskilta\/#website"},"datePublished":"2015-05-25T09:39:48+00:00","dateModified":"2015-05-25T10:07:09+00:00","breadcrumb":{"@id":"https:\/\/blogit.gradia.fi\/hiuskilta\/tehtavapakki\/tehtavapakki\/#breadcrumb"},"inLanguage":"fi","potentialAction":[{"@type":"ReadAction","target":["https:\/\/blogit.gradia.fi\/hiuskilta\/tehtavapakki\/tehtavapakki\/"]}]},{"@type":"BreadcrumbList","@id":"https:\/\/blogit.gradia.fi\/hiuskilta\/tehtavapakki\/tehtavapakki\/#breadcrumb","itemListElement":[{"@type":"ListItem","position":1,"name":"Teht\u00e4v\u00e4pakki","item":"https:\/\/blogit.gradia.fi\/hiuskilta\/tehtavapakki\/"},{"@type":"ListItem","position":2,"name":"Oppimisvideo &#8211; Ergonomia"}]},{"@type":"WebSite","@id":"https:\/\/blogit.gradia.fi\/hiuskilta\/#website","url":"https:\/\/blogit.gradia.fi\/hiuskilta\/","name":"Hiuskilta Original","description":"Gradia Jyv\u00e4skyl\u00e4n hiusalan avoin oppimisymp\u00e4rist\u00f6","potentialAction":[{"@type":"SearchAction","target":{"@type":"EntryPoint","urlTemplate":"https:\/\/blogit.gradia.fi\/hiuskilta\/?s={search_term_string}"},"query-input":{"@type":"PropertyValueSpecification","valueRequired":true,"valueName":"search_term_string"}}],"inLanguage":"fi"}]}},"uagb_featured_image_src":{"full":false,"thumbnail":false,"medium":false,"medium_large":false,"large":false,"1536x1536":false,"2048x2048":false,"post-thumbnail":false,"twentyfourteen-full-width":false},"uagb_author_info":{"display_name":"Hanna Frilander","author_link":"https:\/\/blogit.gradia.fi\/hiuskilta\/author\/frilahan\/"},"uagb_comment_info":0,"uagb_excerpt":"Ergonomia (Hiuskilta -teht\u00e4v\u00e4 \/Satu Mursula) &nbsp; Tehd\u00e4\u00e4n kotiryhmitt\u00e4in 1. Pesupaikan ergonomiaa 2. Hiusten f\u00f6\u00f6nauksen ergonomiaa 3. Hiusten leikkauksen ergonomiaa 4. Hiusten rullauksen ergonomiaa Tutustukaa Hiusalan Ergonomia kirjaan (ryhmitt\u00e4in yksi kirja) ja etsik\u00e4\u00e4 tietoa kyseisest\u00e4 aiheesta. Mit\u00e4 pit\u00e4\u00e4 tiet\u00e4\u00e4? Mitk\u00e4 on tyypillisimm\u00e4t virheet? Miten pit\u00e4\u00e4 oikeasti ty\u00f6skennell\u00e4? Oikeat ty\u00f6asennot! Tehd\u00e4\u00e4n ergonomiasta video, jonka pituus on 3-5&hellip;","_links":{"self":[{"href":"https:\/\/blogit.gradia.fi\/hiuskilta\/wp-json\/wp\/v2\/pages\/724","targetHints":{"allow":["GET"]}}],"collection":[{"href":"https:\/\/blogit.gradia.fi\/hiuskilta\/wp-json\/wp\/v2\/pages"}],"about":[{"href":"https:\/\/blogit.gradia.fi\/hiuskilta\/wp-json\/wp\/v2\/types\/page"}],"author":[{"embeddable":true,"href":"https:\/\/blogit.gradia.fi\/hiuskilta\/wp-json\/wp\/v2\/users\/161"}],"replies":[{"embeddable":true,"href":"https:\/\/blogit.gradia.fi\/hiuskilta\/wp-json\/wp\/v2\/comments?post=724"}],"version-history":[{"count":0,"href":"https:\/\/blogit.gradia.fi\/hiuskilta\/wp-json\/wp\/v2\/pages\/724\/revisions"}],"up":[{"embeddable":true,"href":"https:\/\/blogit.gradia.fi\/hiuskilta\/wp-json\/wp\/v2\/pages\/525"}],"wp:attachment":[{"href":"https:\/\/blogit.gradia.fi\/hiuskilta\/wp-json\/wp\/v2\/media?parent=724"}],"curies":[{"name":"wp","href":"https:\/\/api.w.org\/{rel}","templated":true}]}}