{"id":719,"date":"2015-05-25T12:35:39","date_gmt":"2015-05-25T09:35:39","guid":{"rendered":"https:\/\/blogit.gradia.fi\/hiuskilta\/?page_id=719"},"modified":"2015-05-25T12:50:17","modified_gmt":"2015-05-25T09:50:17","slug":"oppimisvideo","status":"publish","type":"page","link":"https:\/\/blogit.gradia.fi\/hiuskilta\/tehtavapakki\/oppimisvideo\/","title":{"rendered":"Oppimisvideo &#8211; yleisohje"},"content":{"rendered":"<p><a href=\"https:\/\/ammattiineloa.wordpress.com\/2015\/02\/03\/ohjeita-oppimisvideon-tekoon\/\" target=\"_blank\">Ohjeita oppimisvideon tekoon <\/a>(ELOA -hanke, OPH)<\/p>\n<p><a href=\"https:\/\/ammattiineloa.wordpress.com\/2015\/03\/09\/video-kynana-video-oppimisen-valineena\/\" target=\"_blank\">Video kyn\u00e4n\u00e4 &#8211; video oppimisen v\u00e4lineen\u00e4<\/a> (ELOA -hanke, OPH)<\/p>\n<p>Esimerkki<\/p>\n<p>&nbsp;<\/p>\n","protected":false},"excerpt":{"rendered":"<p>Ohjeita oppimisvideon tekoon (ELOA -hanke, OPH) Video kyn\u00e4n\u00e4 &#8211; video oppimisen v\u00e4lineen\u00e4 (ELOA -hanke, OPH) Esimerkki &nbsp;<\/p>\n","protected":false},"author":161,"featured_media":0,"parent":525,"menu_order":0,"comment_status":"open","ping_status":"open","template":"","meta":{"_uag_custom_page_level_css":"","footnotes":""},"class_list":["post-719","page","type-page","status-publish","hentry"],"yoast_head":"<!-- This site is optimized with the Yoast SEO plugin v27.4 - https:\/\/yoast.com\/product\/yoast-seo-wordpress\/ -->\n<title>Oppimisvideo - yleisohje - Hiuskilta Original<\/title>\n<meta name=\"robots\" content=\"index, follow, max-snippet:-1, max-image-preview:large, max-video-preview:-1\" \/>\n<link rel=\"canonical\" href=\"https:\/\/blogit.gradia.fi\/hiuskilta\/tehtavapakki\/oppimisvideo\/\" \/>\n<meta property=\"og:locale\" content=\"fi_FI\" \/>\n<meta property=\"og:type\" content=\"article\" \/>\n<meta property=\"og:title\" content=\"Oppimisvideo - yleisohje - Hiuskilta Original\" \/>\n<meta property=\"og:description\" content=\"Ohjeita oppimisvideon tekoon (ELOA -hanke, OPH) Video kyn\u00e4n\u00e4 &#8211; video oppimisen v\u00e4lineen\u00e4 (ELOA -hanke, OPH) Esimerkki &nbsp;\" \/>\n<meta property=\"og:url\" content=\"https:\/\/blogit.gradia.fi\/hiuskilta\/tehtavapakki\/oppimisvideo\/\" \/>\n<meta property=\"og:site_name\" content=\"Hiuskilta Original\" \/>\n<meta property=\"article:modified_time\" content=\"2015-05-25T09:50:17+00:00\" \/>\n<meta name=\"twitter:card\" content=\"summary_large_image\" \/>\n<script type=\"application\/ld+json\" class=\"yoast-schema-graph\">{\"@context\":\"https:\\\/\\\/schema.org\",\"@graph\":[{\"@type\":\"WebPage\",\"@id\":\"https:\\\/\\\/blogit.gradia.fi\\\/hiuskilta\\\/tehtavapakki\\\/oppimisvideo\\\/\",\"url\":\"https:\\\/\\\/blogit.gradia.fi\\\/hiuskilta\\\/tehtavapakki\\\/oppimisvideo\\\/\",\"name\":\"Oppimisvideo - yleisohje - Hiuskilta Original\",\"isPartOf\":{\"@id\":\"https:\\\/\\\/blogit.gradia.fi\\\/hiuskilta\\\/#website\"},\"datePublished\":\"2015-05-25T09:35:39+00:00\",\"dateModified\":\"2015-05-25T09:50:17+00:00\",\"breadcrumb\":{\"@id\":\"https:\\\/\\\/blogit.gradia.fi\\\/hiuskilta\\\/tehtavapakki\\\/oppimisvideo\\\/#breadcrumb\"},\"inLanguage\":\"fi\",\"potentialAction\":[{\"@type\":\"ReadAction\",\"target\":[\"https:\\\/\\\/blogit.gradia.fi\\\/hiuskilta\\\/tehtavapakki\\\/oppimisvideo\\\/\"]}]},{\"@type\":\"BreadcrumbList\",\"@id\":\"https:\\\/\\\/blogit.gradia.fi\\\/hiuskilta\\\/tehtavapakki\\\/oppimisvideo\\\/#breadcrumb\",\"itemListElement\":[{\"@type\":\"ListItem\",\"position\":1,\"name\":\"Teht\u00e4v\u00e4pakki\",\"item\":\"https:\\\/\\\/blogit.gradia.fi\\\/hiuskilta\\\/tehtavapakki\\\/\"},{\"@type\":\"ListItem\",\"position\":2,\"name\":\"Oppimisvideo &#8211; yleisohje\"}]},{\"@type\":\"WebSite\",\"@id\":\"https:\\\/\\\/blogit.gradia.fi\\\/hiuskilta\\\/#website\",\"url\":\"https:\\\/\\\/blogit.gradia.fi\\\/hiuskilta\\\/\",\"name\":\"Hiuskilta Original\",\"description\":\"Gradia Jyv\u00e4skyl\u00e4n hiusalan avoin oppimisymp\u00e4rist\u00f6\",\"potentialAction\":[{\"@type\":\"SearchAction\",\"target\":{\"@type\":\"EntryPoint\",\"urlTemplate\":\"https:\\\/\\\/blogit.gradia.fi\\\/hiuskilta\\\/?s={search_term_string}\"},\"query-input\":{\"@type\":\"PropertyValueSpecification\",\"valueRequired\":true,\"valueName\":\"search_term_string\"}}],\"inLanguage\":\"fi\"}]}<\/script>\n<!-- \/ Yoast SEO plugin. -->","yoast_head_json":{"title":"Oppimisvideo - yleisohje - Hiuskilta Original","robots":{"index":"index","follow":"follow","max-snippet":"max-snippet:-1","max-image-preview":"max-image-preview:large","max-video-preview":"max-video-preview:-1"},"canonical":"https:\/\/blogit.gradia.fi\/hiuskilta\/tehtavapakki\/oppimisvideo\/","og_locale":"fi_FI","og_type":"article","og_title":"Oppimisvideo - yleisohje - Hiuskilta Original","og_description":"Ohjeita oppimisvideon tekoon (ELOA -hanke, OPH) Video kyn\u00e4n\u00e4 &#8211; video oppimisen v\u00e4lineen\u00e4 (ELOA -hanke, OPH) Esimerkki &nbsp;","og_url":"https:\/\/blogit.gradia.fi\/hiuskilta\/tehtavapakki\/oppimisvideo\/","og_site_name":"Hiuskilta Original","article_modified_time":"2015-05-25T09:50:17+00:00","twitter_card":"summary_large_image","schema":{"@context":"https:\/\/schema.org","@graph":[{"@type":"WebPage","@id":"https:\/\/blogit.gradia.fi\/hiuskilta\/tehtavapakki\/oppimisvideo\/","url":"https:\/\/blogit.gradia.fi\/hiuskilta\/tehtavapakki\/oppimisvideo\/","name":"Oppimisvideo - yleisohje - Hiuskilta Original","isPartOf":{"@id":"https:\/\/blogit.gradia.fi\/hiuskilta\/#website"},"datePublished":"2015-05-25T09:35:39+00:00","dateModified":"2015-05-25T09:50:17+00:00","breadcrumb":{"@id":"https:\/\/blogit.gradia.fi\/hiuskilta\/tehtavapakki\/oppimisvideo\/#breadcrumb"},"inLanguage":"fi","potentialAction":[{"@type":"ReadAction","target":["https:\/\/blogit.gradia.fi\/hiuskilta\/tehtavapakki\/oppimisvideo\/"]}]},{"@type":"BreadcrumbList","@id":"https:\/\/blogit.gradia.fi\/hiuskilta\/tehtavapakki\/oppimisvideo\/#breadcrumb","itemListElement":[{"@type":"ListItem","position":1,"name":"Teht\u00e4v\u00e4pakki","item":"https:\/\/blogit.gradia.fi\/hiuskilta\/tehtavapakki\/"},{"@type":"ListItem","position":2,"name":"Oppimisvideo &#8211; yleisohje"}]},{"@type":"WebSite","@id":"https:\/\/blogit.gradia.fi\/hiuskilta\/#website","url":"https:\/\/blogit.gradia.fi\/hiuskilta\/","name":"Hiuskilta Original","description":"Gradia Jyv\u00e4skyl\u00e4n hiusalan avoin oppimisymp\u00e4rist\u00f6","potentialAction":[{"@type":"SearchAction","target":{"@type":"EntryPoint","urlTemplate":"https:\/\/blogit.gradia.fi\/hiuskilta\/?s={search_term_string}"},"query-input":{"@type":"PropertyValueSpecification","valueRequired":true,"valueName":"search_term_string"}}],"inLanguage":"fi"}]}},"uagb_featured_image_src":{"full":false,"thumbnail":false,"medium":false,"medium_large":false,"large":false,"1536x1536":false,"2048x2048":false,"post-thumbnail":false,"twentyfourteen-full-width":false},"uagb_author_info":{"display_name":"Hanna Frilander","author_link":"https:\/\/blogit.gradia.fi\/hiuskilta\/author\/frilahan\/"},"uagb_comment_info":4,"uagb_excerpt":"Ohjeita oppimisvideon tekoon (ELOA -hanke, OPH) Video kyn\u00e4n\u00e4 &#8211; video oppimisen v\u00e4lineen\u00e4 (ELOA -hanke, OPH) Esimerkki &nbsp;","_links":{"self":[{"href":"https:\/\/blogit.gradia.fi\/hiuskilta\/wp-json\/wp\/v2\/pages\/719","targetHints":{"allow":["GET"]}}],"collection":[{"href":"https:\/\/blogit.gradia.fi\/hiuskilta\/wp-json\/wp\/v2\/pages"}],"about":[{"href":"https:\/\/blogit.gradia.fi\/hiuskilta\/wp-json\/wp\/v2\/types\/page"}],"author":[{"embeddable":true,"href":"https:\/\/blogit.gradia.fi\/hiuskilta\/wp-json\/wp\/v2\/users\/161"}],"replies":[{"embeddable":true,"href":"https:\/\/blogit.gradia.fi\/hiuskilta\/wp-json\/wp\/v2\/comments?post=719"}],"version-history":[{"count":0,"href":"https:\/\/blogit.gradia.fi\/hiuskilta\/wp-json\/wp\/v2\/pages\/719\/revisions"}],"up":[{"embeddable":true,"href":"https:\/\/blogit.gradia.fi\/hiuskilta\/wp-json\/wp\/v2\/pages\/525"}],"wp:attachment":[{"href":"https:\/\/blogit.gradia.fi\/hiuskilta\/wp-json\/wp\/v2\/media?parent=719"}],"curies":[{"name":"wp","href":"https:\/\/api.w.org\/{rel}","templated":true}]}}