{"id":709,"date":"2015-05-25T12:06:47","date_gmt":"2015-05-25T09:06:47","guid":{"rendered":"https:\/\/blogit.gradia.fi\/hiuskilta\/?page_id=709"},"modified":"2015-09-30T13:40:38","modified_gmt":"2015-09-30T10:40:38","slug":"some","status":"publish","type":"page","link":"https:\/\/blogit.gradia.fi\/hiuskilta\/some\/","title":{"rendered":"SOME"},"content":{"rendered":"<p><a href=\"https:\/\/blogit.gradia.fi\/hiuskilta\/wp-content\/uploads\/sites\/74\/2014\/05\/WhatsApp.png\"><img loading=\"lazy\" decoding=\"async\" class=\"alignright size-thumbnail wp-image-468\" src=\"https:\/\/blogit.gradia.fi\/hiuskilta\/wp-content\/uploads\/sites\/74\/2014\/05\/WhatsApp-150x150.png\" alt=\"WhatsApp\" width=\"150\" height=\"150\" \/><\/a><\/p>\n<p><strong>\u00a0<\/strong><\/p>\n<p><a href=\"https:\/\/blogit.gradia.fi\/hiuskilta\/wp-content\/uploads\/sites\/74\/2014\/05\/Blogger.png\"><img loading=\"lazy\" decoding=\"async\" class=\"alignright size-thumbnail wp-image-467\" src=\"https:\/\/blogit.gradia.fi\/hiuskilta\/wp-content\/uploads\/sites\/74\/2014\/05\/Blogger-150x150.png\" alt=\"Blogger\" width=\"150\" height=\"150\" srcset=\"https:\/\/blogit.gradia.fi\/hiuskilta\/wp-content\/uploads\/sites\/74\/2014\/05\/Blogger-150x150.png 150w, https:\/\/blogit.gradia.fi\/hiuskilta\/wp-content\/uploads\/sites\/74\/2014\/05\/Blogger-300x300.png 300w, https:\/\/blogit.gradia.fi\/hiuskilta\/wp-content\/uploads\/sites\/74\/2014\/05\/Blogger.png 331w\" sizes=\"auto, (max-width: 150px) 100vw, 150px\" \/><\/a><\/p>\n<p>&nbsp;<\/p>\n<p>&nbsp;<\/p>\n<p>&nbsp;<\/p>\n<p>&nbsp;<\/p>\n<p><a href=\"https:\/\/blogit.gradia.fi\/hiuskilta\/wp-content\/uploads\/sites\/74\/2014\/05\/Insta.png\"><img loading=\"lazy\" decoding=\"async\" class=\"alignright size-thumbnail wp-image-466\" src=\"https:\/\/blogit.gradia.fi\/hiuskilta\/wp-content\/uploads\/sites\/74\/2014\/05\/Insta-150x150.png\" alt=\"Insta\" width=\"150\" height=\"150\" srcset=\"https:\/\/blogit.gradia.fi\/hiuskilta\/wp-content\/uploads\/sites\/74\/2014\/05\/Insta-150x150.png 150w, https:\/\/blogit.gradia.fi\/hiuskilta\/wp-content\/uploads\/sites\/74\/2014\/05\/Insta-300x300.png 300w, https:\/\/blogit.gradia.fi\/hiuskilta\/wp-content\/uploads\/sites\/74\/2014\/05\/Insta.png 433w\" sizes=\"auto, (max-width: 150px) 100vw, 150px\" \/><\/a><\/p>\n<p>&nbsp;<\/p>\n<p><a href=\"https:\/\/blogit.gradia.fi\/hiuskilta\/wp-content\/uploads\/sites\/74\/2014\/05\/Facebook.png\"><img loading=\"lazy\" decoding=\"async\" class=\"alignright size-thumbnail wp-image-471\" src=\"https:\/\/blogit.gradia.fi\/hiuskilta\/wp-content\/uploads\/sites\/74\/2014\/05\/Facebook-150x150.png\" alt=\"Facebook\" width=\"150\" height=\"150\" srcset=\"https:\/\/blogit.gradia.fi\/hiuskilta\/wp-content\/uploads\/sites\/74\/2014\/05\/Facebook-150x150.png 150w, https:\/\/blogit.gradia.fi\/hiuskilta\/wp-content\/uploads\/sites\/74\/2014\/05\/Facebook-300x300.png 300w, https:\/\/blogit.gradia.fi\/hiuskilta\/wp-content\/uploads\/sites\/74\/2014\/05\/Facebook.png 334w\" sizes=\"auto, (max-width: 150px) 100vw, 150px\" \/><\/a><\/p>\n<p>&nbsp;<\/p>\n<p>&nbsp;<\/p>\n<p>&nbsp;<\/p>\n<h3>SOME- v\u00e4lineit\u00e4 opiskelijalle<\/h3>\n<p>&nbsp;<\/p>\n<p>Hypp\u00e4\u00e4 mukaan mobiilioppimiseen ja sosiaaliseen mediaan!<\/p>\n<p><strong>DOKUMENTOI<\/strong>! Tee muistiinpanoja ja myy omaa osaamistasi!<\/p>\n<p><strong>JAA<\/strong> omaa osaamistasi ja kiinnostavia sis\u00e4lt\u00f6j\u00e4!<\/p>\n<p><strong>HALLITSE<\/strong> aikatauluasi ja pid\u00e4 kalenteria!<\/p>\n<p>Tutustu hiusalan opiskelijoiden <a href=\"https:\/\/blogit.gradia.fi\/hiuskilta\/4-hiuskilta-opiskelijoiden-blogit\/\" target=\"_blank\">blogeihin t\u00e4st\u00e4<\/a>!<\/p>\n<p><strong>KIINNOSTUITKO<\/strong>? Lis\u00e4\u00e4 voit tutustua sis\u00e4lt\u00f6ihin ja v\u00e4lineisiin KEIKKAILU extrassa <a href=\"http:\/\/www.keikkailuextra.com\">www.keikkailuextra.com<\/a><\/p>\n<p><strong>UUTTA IDEAA OPPIMISEEN!<\/strong><\/p>\n","protected":false},"excerpt":{"rendered":"<p>\u00a0 &nbsp; &nbsp; &nbsp; &nbsp; &nbsp; &nbsp; &nbsp; &nbsp; SOME- v\u00e4lineit\u00e4 opiskelijalle &nbsp; Hypp\u00e4\u00e4 mukaan mobiilioppimiseen ja sosiaaliseen mediaan! DOKUMENTOI! Tee muistiinpanoja ja myy omaa osaamistasi! JAA omaa osaamistasi ja kiinnostavia sis\u00e4lt\u00f6j\u00e4! HALLITSE aikatauluasi ja pid\u00e4 kalenteria! Tutustu hiusalan opiskelijoiden blogeihin t\u00e4st\u00e4! KIINNOSTUITKO? Lis\u00e4\u00e4 voit tutustua sis\u00e4lt\u00f6ihin ja v\u00e4lineisiin KEIKKAILU extrassa www.keikkailuextra.com UUTTA IDEAA OPPIMISEEN!<\/p>\n","protected":false},"author":161,"featured_media":0,"parent":0,"menu_order":0,"comment_status":"open","ping_status":"open","template":"","meta":{"_uag_custom_page_level_css":"","footnotes":""},"class_list":["post-709","page","type-page","status-publish","hentry"],"yoast_head":"<!-- This site is optimized with the Yoast SEO plugin v27.4 - https:\/\/yoast.com\/product\/yoast-seo-wordpress\/ -->\n<title>SOME - Hiuskilta Original<\/title>\n<meta name=\"robots\" content=\"index, follow, max-snippet:-1, max-image-preview:large, max-video-preview:-1\" \/>\n<link rel=\"canonical\" href=\"https:\/\/blogit.gradia.fi\/hiuskilta\/some\/\" \/>\n<meta property=\"og:locale\" content=\"fi_FI\" \/>\n<meta property=\"og:type\" content=\"article\" \/>\n<meta property=\"og:title\" content=\"SOME - Hiuskilta Original\" \/>\n<meta property=\"og:description\" content=\"\u00a0 &nbsp; &nbsp; &nbsp; &nbsp; &nbsp; &nbsp; &nbsp; &nbsp; SOME- v\u00e4lineit\u00e4 opiskelijalle &nbsp; Hypp\u00e4\u00e4 mukaan mobiilioppimiseen ja sosiaaliseen mediaan! DOKUMENTOI! Tee muistiinpanoja ja myy omaa osaamistasi! JAA omaa osaamistasi ja kiinnostavia sis\u00e4lt\u00f6j\u00e4! HALLITSE aikatauluasi ja pid\u00e4 kalenteria! Tutustu hiusalan opiskelijoiden blogeihin t\u00e4st\u00e4! KIINNOSTUITKO? Lis\u00e4\u00e4 voit tutustua sis\u00e4lt\u00f6ihin ja v\u00e4lineisiin KEIKKAILU extrassa www.keikkailuextra.com UUTTA IDEAA OPPIMISEEN!\" \/>\n<meta property=\"og:url\" content=\"https:\/\/blogit.gradia.fi\/hiuskilta\/some\/\" \/>\n<meta property=\"og:site_name\" content=\"Hiuskilta Original\" \/>\n<meta property=\"article:modified_time\" content=\"2015-09-30T10:40:38+00:00\" \/>\n<meta property=\"og:image\" content=\"https:\/\/blogit.gradia.fi\/hiuskilta\/wp-content\/uploads\/sites\/74\/2014\/05\/WhatsApp-150x150.png\" \/>\n<meta name=\"twitter:card\" content=\"summary_large_image\" \/>\n<script type=\"application\/ld+json\" class=\"yoast-schema-graph\">{\"@context\":\"https:\\\/\\\/schema.org\",\"@graph\":[{\"@type\":\"WebPage\",\"@id\":\"https:\\\/\\\/blogit.gradia.fi\\\/hiuskilta\\\/some\\\/\",\"url\":\"https:\\\/\\\/blogit.gradia.fi\\\/hiuskilta\\\/some\\\/\",\"name\":\"SOME - Hiuskilta Original\",\"isPartOf\":{\"@id\":\"https:\\\/\\\/blogit.gradia.fi\\\/hiuskilta\\\/#website\"},\"primaryImageOfPage\":{\"@id\":\"https:\\\/\\\/blogit.gradia.fi\\\/hiuskilta\\\/some\\\/#primaryimage\"},\"image\":{\"@id\":\"https:\\\/\\\/blogit.gradia.fi\\\/hiuskilta\\\/some\\\/#primaryimage\"},\"thumbnailUrl\":\"https:\\\/\\\/blogit.gradia.fi\\\/hiuskilta\\\/wp-content\\\/uploads\\\/sites\\\/74\\\/2014\\\/05\\\/WhatsApp-150x150.png\",\"datePublished\":\"2015-05-25T09:06:47+00:00\",\"dateModified\":\"2015-09-30T10:40:38+00:00\",\"inLanguage\":\"fi\",\"potentialAction\":[{\"@type\":\"ReadAction\",\"target\":[\"https:\\\/\\\/blogit.gradia.fi\\\/hiuskilta\\\/some\\\/\"]}]},{\"@type\":\"ImageObject\",\"inLanguage\":\"fi\",\"@id\":\"https:\\\/\\\/blogit.gradia.fi\\\/hiuskilta\\\/some\\\/#primaryimage\",\"url\":\"https:\\\/\\\/blogit.gradia.fi\\\/hiuskilta\\\/wp-content\\\/uploads\\\/sites\\\/74\\\/2014\\\/05\\\/WhatsApp.png\",\"contentUrl\":\"https:\\\/\\\/blogit.gradia.fi\\\/hiuskilta\\\/wp-content\\\/uploads\\\/sites\\\/74\\\/2014\\\/05\\\/WhatsApp.png\",\"width\":302,\"height\":306},{\"@type\":\"WebSite\",\"@id\":\"https:\\\/\\\/blogit.gradia.fi\\\/hiuskilta\\\/#website\",\"url\":\"https:\\\/\\\/blogit.gradia.fi\\\/hiuskilta\\\/\",\"name\":\"Hiuskilta Original\",\"description\":\"Gradia Jyv\u00e4skyl\u00e4n hiusalan avoin oppimisymp\u00e4rist\u00f6\",\"potentialAction\":[{\"@type\":\"SearchAction\",\"target\":{\"@type\":\"EntryPoint\",\"urlTemplate\":\"https:\\\/\\\/blogit.gradia.fi\\\/hiuskilta\\\/?s={search_term_string}\"},\"query-input\":{\"@type\":\"PropertyValueSpecification\",\"valueRequired\":true,\"valueName\":\"search_term_string\"}}],\"inLanguage\":\"fi\"}]}<\/script>\n<!-- \/ Yoast SEO plugin. -->","yoast_head_json":{"title":"SOME - Hiuskilta Original","robots":{"index":"index","follow":"follow","max-snippet":"max-snippet:-1","max-image-preview":"max-image-preview:large","max-video-preview":"max-video-preview:-1"},"canonical":"https:\/\/blogit.gradia.fi\/hiuskilta\/some\/","og_locale":"fi_FI","og_type":"article","og_title":"SOME - Hiuskilta Original","og_description":"\u00a0 &nbsp; &nbsp; &nbsp; &nbsp; &nbsp; &nbsp; &nbsp; &nbsp; SOME- v\u00e4lineit\u00e4 opiskelijalle &nbsp; Hypp\u00e4\u00e4 mukaan mobiilioppimiseen ja sosiaaliseen mediaan! DOKUMENTOI! Tee muistiinpanoja ja myy omaa osaamistasi! JAA omaa osaamistasi ja kiinnostavia sis\u00e4lt\u00f6j\u00e4! HALLITSE aikatauluasi ja pid\u00e4 kalenteria! Tutustu hiusalan opiskelijoiden blogeihin t\u00e4st\u00e4! KIINNOSTUITKO? Lis\u00e4\u00e4 voit tutustua sis\u00e4lt\u00f6ihin ja v\u00e4lineisiin KEIKKAILU extrassa www.keikkailuextra.com UUTTA IDEAA OPPIMISEEN!","og_url":"https:\/\/blogit.gradia.fi\/hiuskilta\/some\/","og_site_name":"Hiuskilta Original","article_modified_time":"2015-09-30T10:40:38+00:00","og_image":[{"url":"https:\/\/blogit.gradia.fi\/hiuskilta\/wp-content\/uploads\/sites\/74\/2014\/05\/WhatsApp-150x150.png","type":"","width":"","height":""}],"twitter_card":"summary_large_image","schema":{"@context":"https:\/\/schema.org","@graph":[{"@type":"WebPage","@id":"https:\/\/blogit.gradia.fi\/hiuskilta\/some\/","url":"https:\/\/blogit.gradia.fi\/hiuskilta\/some\/","name":"SOME - Hiuskilta Original","isPartOf":{"@id":"https:\/\/blogit.gradia.fi\/hiuskilta\/#website"},"primaryImageOfPage":{"@id":"https:\/\/blogit.gradia.fi\/hiuskilta\/some\/#primaryimage"},"image":{"@id":"https:\/\/blogit.gradia.fi\/hiuskilta\/some\/#primaryimage"},"thumbnailUrl":"https:\/\/blogit.gradia.fi\/hiuskilta\/wp-content\/uploads\/sites\/74\/2014\/05\/WhatsApp-150x150.png","datePublished":"2015-05-25T09:06:47+00:00","dateModified":"2015-09-30T10:40:38+00:00","inLanguage":"fi","potentialAction":[{"@type":"ReadAction","target":["https:\/\/blogit.gradia.fi\/hiuskilta\/some\/"]}]},{"@type":"ImageObject","inLanguage":"fi","@id":"https:\/\/blogit.gradia.fi\/hiuskilta\/some\/#primaryimage","url":"https:\/\/blogit.gradia.fi\/hiuskilta\/wp-content\/uploads\/sites\/74\/2014\/05\/WhatsApp.png","contentUrl":"https:\/\/blogit.gradia.fi\/hiuskilta\/wp-content\/uploads\/sites\/74\/2014\/05\/WhatsApp.png","width":302,"height":306},{"@type":"WebSite","@id":"https:\/\/blogit.gradia.fi\/hiuskilta\/#website","url":"https:\/\/blogit.gradia.fi\/hiuskilta\/","name":"Hiuskilta Original","description":"Gradia Jyv\u00e4skyl\u00e4n hiusalan avoin oppimisymp\u00e4rist\u00f6","potentialAction":[{"@type":"SearchAction","target":{"@type":"EntryPoint","urlTemplate":"https:\/\/blogit.gradia.fi\/hiuskilta\/?s={search_term_string}"},"query-input":{"@type":"PropertyValueSpecification","valueRequired":true,"valueName":"search_term_string"}}],"inLanguage":"fi"}]}},"uagb_featured_image_src":{"full":false,"thumbnail":false,"medium":false,"medium_large":false,"large":false,"1536x1536":false,"2048x2048":false,"post-thumbnail":false,"twentyfourteen-full-width":false},"uagb_author_info":{"display_name":"Hanna Frilander","author_link":"https:\/\/blogit.gradia.fi\/hiuskilta\/author\/frilahan\/"},"uagb_comment_info":6,"uagb_excerpt":"\u00a0 &nbsp; &nbsp; &nbsp; &nbsp; &nbsp; &nbsp; &nbsp; &nbsp; SOME- v\u00e4lineit\u00e4 opiskelijalle &nbsp; Hypp\u00e4\u00e4 mukaan mobiilioppimiseen ja sosiaaliseen mediaan! DOKUMENTOI! Tee muistiinpanoja ja myy omaa osaamistasi! JAA omaa osaamistasi ja kiinnostavia sis\u00e4lt\u00f6j\u00e4! HALLITSE aikatauluasi ja pid\u00e4 kalenteria! Tutustu hiusalan opiskelijoiden blogeihin t\u00e4st\u00e4! KIINNOSTUITKO? Lis\u00e4\u00e4 voit tutustua sis\u00e4lt\u00f6ihin ja v\u00e4lineisiin KEIKKAILU extrassa www.keikkailuextra.com UUTTA IDEAA OPPIMISEEN!","_links":{"self":[{"href":"https:\/\/blogit.gradia.fi\/hiuskilta\/wp-json\/wp\/v2\/pages\/709","targetHints":{"allow":["GET"]}}],"collection":[{"href":"https:\/\/blogit.gradia.fi\/hiuskilta\/wp-json\/wp\/v2\/pages"}],"about":[{"href":"https:\/\/blogit.gradia.fi\/hiuskilta\/wp-json\/wp\/v2\/types\/page"}],"author":[{"embeddable":true,"href":"https:\/\/blogit.gradia.fi\/hiuskilta\/wp-json\/wp\/v2\/users\/161"}],"replies":[{"embeddable":true,"href":"https:\/\/blogit.gradia.fi\/hiuskilta\/wp-json\/wp\/v2\/comments?post=709"}],"version-history":[{"count":0,"href":"https:\/\/blogit.gradia.fi\/hiuskilta\/wp-json\/wp\/v2\/pages\/709\/revisions"}],"wp:attachment":[{"href":"https:\/\/blogit.gradia.fi\/hiuskilta\/wp-json\/wp\/v2\/media?parent=709"}],"curies":[{"name":"wp","href":"https:\/\/api.w.org\/{rel}","templated":true}]}}