{"id":671,"date":"2015-05-25T09:56:44","date_gmt":"2015-05-25T06:56:44","guid":{"rendered":"https:\/\/blogit.gradia.fi\/hiuskilta\/?page_id=671"},"modified":"2017-02-09T11:33:25","modified_gmt":"2017-02-09T09:33:25","slug":"asiakaspalvelu","status":"publish","type":"page","link":"https:\/\/blogit.gradia.fi\/hiuskilta\/hiusalan-verkko-oppimateriaalit\/asiakaspalvelu\/","title":{"rendered":"Asiakaspalvelu"},"content":{"rendered":"<h3><\/h3>\n<p>&nbsp;<\/p>\n<p><a href=\"http:\/\/salpro.salpaus.fi\/virtuaalitop\/index-pano.html#node3\" target=\"_blank\">360 Virtuaaliesitys parturi-kampaamosta <\/a>(VirtuaaliTOP -hanke)<br \/>\n<a href=\"http:\/\/salpro.salpaus.fi\/virtuaalitop\/index-pano.html#node1\" target=\"_blank\">360 Virtuaaliesitys vastaaotto- ja kassapisteest\u00e4<\/a><br \/>\n<a href=\"https:\/\/www.thinglink.com\/scene\/657103964596076545\" target=\"_blank\">Hiusalan ty\u00f6asu<\/a> (ThingLink)<br \/>\n<a href=\"http:\/\/sote-virtuaalikoulu.omnia.fi\/hiuskaun\/PATU-www-sivut\/index.htm\" target=\"_blank\">Palveluiden ja tuotteiden myynti<\/a><\/p>\n<p><a href=\"http:\/\/www.oph.fi\/download\/145706_Hius-_ja_kauneudenhoitoalan_oppimisymparistojen_turvallisuusopas.pdf\" target=\"_blank\">http:\/\/www.oph.fi\/download\/145706_Hius-_ja_kauneudenhoitoalan_oppimisymparistojen_turvallisuusopas.pdf<\/a><\/p>\n<p><a href=\"http:\/\/moniviestin.jao.fi\/ohjelmat\/yhteiset\/eloa\/eloa-kierratys-hiusala\">http:\/\/moniviestin.jao.fi\/ohjelmat\/yhteiset\/eloa\/eloa-kierratys-hiusala<\/a><\/p>\n","protected":false},"excerpt":{"rendered":"<p>&nbsp; 360 Virtuaaliesitys parturi-kampaamosta (VirtuaaliTOP -hanke) 360 Virtuaaliesitys vastaaotto- ja kassapisteest\u00e4 Hiusalan ty\u00f6asu (ThingLink) Palveluiden ja tuotteiden myynti http:\/\/www.oph.fi\/download\/145706_Hius-_ja_kauneudenhoitoalan_oppimisymparistojen_turvallisuusopas.pdf http:\/\/moniviestin.jao.fi\/ohjelmat\/yhteiset\/eloa\/eloa-kierratys-hiusala<\/p>\n","protected":false},"author":161,"featured_media":0,"parent":623,"menu_order":0,"comment_status":"open","ping_status":"open","template":"","meta":{"_uag_custom_page_level_css":"","footnotes":""},"class_list":["post-671","page","type-page","status-publish","hentry"],"yoast_head":"<!-- This site is optimized with the Yoast SEO plugin v27.4 - https:\/\/yoast.com\/product\/yoast-seo-wordpress\/ -->\n<title>Asiakaspalvelu - Hiuskilta Original<\/title>\n<meta name=\"robots\" content=\"index, follow, max-snippet:-1, max-image-preview:large, max-video-preview:-1\" \/>\n<link rel=\"canonical\" href=\"https:\/\/blogit.gradia.fi\/hiuskilta\/hiusalan-verkko-oppimateriaalit\/asiakaspalvelu\/\" \/>\n<meta property=\"og:locale\" content=\"fi_FI\" \/>\n<meta property=\"og:type\" content=\"article\" \/>\n<meta property=\"og:title\" content=\"Asiakaspalvelu - Hiuskilta Original\" \/>\n<meta property=\"og:description\" content=\"&nbsp; 360 Virtuaaliesitys parturi-kampaamosta (VirtuaaliTOP -hanke) 360 Virtuaaliesitys vastaaotto- ja kassapisteest\u00e4 Hiusalan ty\u00f6asu (ThingLink) Palveluiden ja tuotteiden myynti http:\/\/www.oph.fi\/download\/145706_Hius-_ja_kauneudenhoitoalan_oppimisymparistojen_turvallisuusopas.pdf http:\/\/moniviestin.jao.fi\/ohjelmat\/yhteiset\/eloa\/eloa-kierratys-hiusala\" \/>\n<meta property=\"og:url\" content=\"https:\/\/blogit.gradia.fi\/hiuskilta\/hiusalan-verkko-oppimateriaalit\/asiakaspalvelu\/\" \/>\n<meta property=\"og:site_name\" content=\"Hiuskilta Original\" \/>\n<meta property=\"article:modified_time\" content=\"2017-02-09T09:33:25+00:00\" \/>\n<meta name=\"twitter:card\" content=\"summary_large_image\" \/>\n<script type=\"application\/ld+json\" class=\"yoast-schema-graph\">{\"@context\":\"https:\\\/\\\/schema.org\",\"@graph\":[{\"@type\":\"WebPage\",\"@id\":\"https:\\\/\\\/blogit.gradia.fi\\\/hiuskilta\\\/hiusalan-verkko-oppimateriaalit\\\/asiakaspalvelu\\\/\",\"url\":\"https:\\\/\\\/blogit.gradia.fi\\\/hiuskilta\\\/hiusalan-verkko-oppimateriaalit\\\/asiakaspalvelu\\\/\",\"name\":\"Asiakaspalvelu - Hiuskilta Original\",\"isPartOf\":{\"@id\":\"https:\\\/\\\/blogit.gradia.fi\\\/hiuskilta\\\/#website\"},\"datePublished\":\"2015-05-25T06:56:44+00:00\",\"dateModified\":\"2017-02-09T09:33:25+00:00\",\"breadcrumb\":{\"@id\":\"https:\\\/\\\/blogit.gradia.fi\\\/hiuskilta\\\/hiusalan-verkko-oppimateriaalit\\\/asiakaspalvelu\\\/#breadcrumb\"},\"inLanguage\":\"fi\",\"potentialAction\":[{\"@type\":\"ReadAction\",\"target\":[\"https:\\\/\\\/blogit.gradia.fi\\\/hiuskilta\\\/hiusalan-verkko-oppimateriaalit\\\/asiakaspalvelu\\\/\"]}]},{\"@type\":\"BreadcrumbList\",\"@id\":\"https:\\\/\\\/blogit.gradia.fi\\\/hiuskilta\\\/hiusalan-verkko-oppimateriaalit\\\/asiakaspalvelu\\\/#breadcrumb\",\"itemListElement\":[{\"@type\":\"ListItem\",\"position\":1,\"name\":\"Hiusalan verkko-oppimateriaalit\",\"item\":\"https:\\\/\\\/blogit.gradia.fi\\\/hiuskilta\\\/hiusalan-verkko-oppimateriaalit\\\/\"},{\"@type\":\"ListItem\",\"position\":2,\"name\":\"Asiakaspalvelu\"}]},{\"@type\":\"WebSite\",\"@id\":\"https:\\\/\\\/blogit.gradia.fi\\\/hiuskilta\\\/#website\",\"url\":\"https:\\\/\\\/blogit.gradia.fi\\\/hiuskilta\\\/\",\"name\":\"Hiuskilta Original\",\"description\":\"Gradia Jyv\u00e4skyl\u00e4n hiusalan avoin oppimisymp\u00e4rist\u00f6\",\"potentialAction\":[{\"@type\":\"SearchAction\",\"target\":{\"@type\":\"EntryPoint\",\"urlTemplate\":\"https:\\\/\\\/blogit.gradia.fi\\\/hiuskilta\\\/?s={search_term_string}\"},\"query-input\":{\"@type\":\"PropertyValueSpecification\",\"valueRequired\":true,\"valueName\":\"search_term_string\"}}],\"inLanguage\":\"fi\"}]}<\/script>\n<!-- \/ Yoast SEO plugin. -->","yoast_head_json":{"title":"Asiakaspalvelu - Hiuskilta Original","robots":{"index":"index","follow":"follow","max-snippet":"max-snippet:-1","max-image-preview":"max-image-preview:large","max-video-preview":"max-video-preview:-1"},"canonical":"https:\/\/blogit.gradia.fi\/hiuskilta\/hiusalan-verkko-oppimateriaalit\/asiakaspalvelu\/","og_locale":"fi_FI","og_type":"article","og_title":"Asiakaspalvelu - Hiuskilta Original","og_description":"&nbsp; 360 Virtuaaliesitys parturi-kampaamosta (VirtuaaliTOP -hanke) 360 Virtuaaliesitys vastaaotto- ja kassapisteest\u00e4 Hiusalan ty\u00f6asu (ThingLink) Palveluiden ja tuotteiden myynti http:\/\/www.oph.fi\/download\/145706_Hius-_ja_kauneudenhoitoalan_oppimisymparistojen_turvallisuusopas.pdf http:\/\/moniviestin.jao.fi\/ohjelmat\/yhteiset\/eloa\/eloa-kierratys-hiusala","og_url":"https:\/\/blogit.gradia.fi\/hiuskilta\/hiusalan-verkko-oppimateriaalit\/asiakaspalvelu\/","og_site_name":"Hiuskilta Original","article_modified_time":"2017-02-09T09:33:25+00:00","twitter_card":"summary_large_image","schema":{"@context":"https:\/\/schema.org","@graph":[{"@type":"WebPage","@id":"https:\/\/blogit.gradia.fi\/hiuskilta\/hiusalan-verkko-oppimateriaalit\/asiakaspalvelu\/","url":"https:\/\/blogit.gradia.fi\/hiuskilta\/hiusalan-verkko-oppimateriaalit\/asiakaspalvelu\/","name":"Asiakaspalvelu - Hiuskilta Original","isPartOf":{"@id":"https:\/\/blogit.gradia.fi\/hiuskilta\/#website"},"datePublished":"2015-05-25T06:56:44+00:00","dateModified":"2017-02-09T09:33:25+00:00","breadcrumb":{"@id":"https:\/\/blogit.gradia.fi\/hiuskilta\/hiusalan-verkko-oppimateriaalit\/asiakaspalvelu\/#breadcrumb"},"inLanguage":"fi","potentialAction":[{"@type":"ReadAction","target":["https:\/\/blogit.gradia.fi\/hiuskilta\/hiusalan-verkko-oppimateriaalit\/asiakaspalvelu\/"]}]},{"@type":"BreadcrumbList","@id":"https:\/\/blogit.gradia.fi\/hiuskilta\/hiusalan-verkko-oppimateriaalit\/asiakaspalvelu\/#breadcrumb","itemListElement":[{"@type":"ListItem","position":1,"name":"Hiusalan verkko-oppimateriaalit","item":"https:\/\/blogit.gradia.fi\/hiuskilta\/hiusalan-verkko-oppimateriaalit\/"},{"@type":"ListItem","position":2,"name":"Asiakaspalvelu"}]},{"@type":"WebSite","@id":"https:\/\/blogit.gradia.fi\/hiuskilta\/#website","url":"https:\/\/blogit.gradia.fi\/hiuskilta\/","name":"Hiuskilta Original","description":"Gradia Jyv\u00e4skyl\u00e4n hiusalan avoin oppimisymp\u00e4rist\u00f6","potentialAction":[{"@type":"SearchAction","target":{"@type":"EntryPoint","urlTemplate":"https:\/\/blogit.gradia.fi\/hiuskilta\/?s={search_term_string}"},"query-input":{"@type":"PropertyValueSpecification","valueRequired":true,"valueName":"search_term_string"}}],"inLanguage":"fi"}]}},"uagb_featured_image_src":{"full":false,"thumbnail":false,"medium":false,"medium_large":false,"large":false,"1536x1536":false,"2048x2048":false,"post-thumbnail":false,"twentyfourteen-full-width":false},"uagb_author_info":{"display_name":"Hanna Frilander","author_link":"https:\/\/blogit.gradia.fi\/hiuskilta\/author\/frilahan\/"},"uagb_comment_info":0,"uagb_excerpt":"&nbsp; 360 Virtuaaliesitys parturi-kampaamosta (VirtuaaliTOP -hanke) 360 Virtuaaliesitys vastaaotto- ja kassapisteest\u00e4 Hiusalan ty\u00f6asu (ThingLink) Palveluiden ja tuotteiden myynti http:\/\/www.oph.fi\/download\/145706_Hius-_ja_kauneudenhoitoalan_oppimisymparistojen_turvallisuusopas.pdf http:\/\/moniviestin.jao.fi\/ohjelmat\/yhteiset\/eloa\/eloa-kierratys-hiusala","_links":{"self":[{"href":"https:\/\/blogit.gradia.fi\/hiuskilta\/wp-json\/wp\/v2\/pages\/671","targetHints":{"allow":["GET"]}}],"collection":[{"href":"https:\/\/blogit.gradia.fi\/hiuskilta\/wp-json\/wp\/v2\/pages"}],"about":[{"href":"https:\/\/blogit.gradia.fi\/hiuskilta\/wp-json\/wp\/v2\/types\/page"}],"author":[{"embeddable":true,"href":"https:\/\/blogit.gradia.fi\/hiuskilta\/wp-json\/wp\/v2\/users\/161"}],"replies":[{"embeddable":true,"href":"https:\/\/blogit.gradia.fi\/hiuskilta\/wp-json\/wp\/v2\/comments?post=671"}],"version-history":[{"count":0,"href":"https:\/\/blogit.gradia.fi\/hiuskilta\/wp-json\/wp\/v2\/pages\/671\/revisions"}],"up":[{"embeddable":true,"href":"https:\/\/blogit.gradia.fi\/hiuskilta\/wp-json\/wp\/v2\/pages\/623"}],"wp:attachment":[{"href":"https:\/\/blogit.gradia.fi\/hiuskilta\/wp-json\/wp\/v2\/media?parent=671"}],"curies":[{"name":"wp","href":"https:\/\/api.w.org\/{rel}","templated":true}]}}