{"id":645,"date":"2015-05-25T08:52:29","date_gmt":"2015-05-25T05:52:29","guid":{"rendered":"https:\/\/blogit.gradia.fi\/hiuskilta\/?page_id=645"},"modified":"2016-12-02T12:28:07","modified_gmt":"2016-12-02T10:28:07","slug":"kampaukset","status":"publish","type":"page","link":"https:\/\/blogit.gradia.fi\/hiuskilta\/hiusalan-verkko-oppimateriaalit\/kampaukset\/","title":{"rendered":"Kampaukset"},"content":{"rendered":"<p>https:\/\/m3.jyu.fi\/jaomv\/ohjelmat\/jyvaskylan-ammattiopisto\/hyvinvointi-ja-kulttuuri\/hiusala\/hi14p\/foonauksen-ergonomia<\/p>\n<p><a href=\"https:\/\/www.youtube.com\/watch?v=mOMVUVy7wyw\" target=\"_blank\">Klassinen f\u00f6\u00f6nikampaus py\u00f6r\u00f6harjatekniikalla, lyhyt malli<\/a><br \/>\n<a href=\"https:\/\/www.youtube.com\/watch?v=ln9g1NjTnRk\" target=\"_blank\">Klassinen rullakampaus puolipitkiin hiuksiin<\/a><\/p>\n<p>https:\/\/m3.jyu.fi\/jaomv\/ohjelmat\/jyvaskylan-ammattiopisto\/hyvinvointi-ja-kulttuuri\/hiusala\/hi14p\/rullauksen-ergonomia<\/p>\n<p><a href=\"https:\/\/www.youtube.com\/watch?v=2wR1jsmrBfQ\" target=\"_blank\">Painetut laineet<\/a><\/p>\n<p><a href=\"https:\/\/www.youtube.com\/watch?v=buX4JZNccm0\" target=\"_blank\">Pystynuttura<\/a><\/p>\n","protected":false},"excerpt":{"rendered":"<p>https:\/\/m3.jyu.fi\/jaomv\/ohjelmat\/jyvaskylan-ammattiopisto\/hyvinvointi-ja-kulttuuri\/hiusala\/hi14p\/foonauksen-ergonomia Klassinen f\u00f6\u00f6nikampaus py\u00f6r\u00f6harjatekniikalla, lyhyt malli Klassinen rullakampaus puolipitkiin hiuksiin https:\/\/m3.jyu.fi\/jaomv\/ohjelmat\/jyvaskylan-ammattiopisto\/hyvinvointi-ja-kulttuuri\/hiusala\/hi14p\/rullauksen-ergonomia Painetut laineet Pystynuttura<\/p>\n","protected":false},"author":161,"featured_media":0,"parent":623,"menu_order":0,"comment_status":"open","ping_status":"open","template":"","meta":{"_uag_custom_page_level_css":"","footnotes":""},"class_list":["post-645","page","type-page","status-publish","hentry"],"yoast_head":"<!-- This site is optimized with the Yoast SEO plugin v27.4 - https:\/\/yoast.com\/product\/yoast-seo-wordpress\/ -->\n<title>Kampaukset - Hiuskilta Original<\/title>\n<meta name=\"robots\" content=\"index, follow, max-snippet:-1, max-image-preview:large, max-video-preview:-1\" \/>\n<link rel=\"canonical\" href=\"https:\/\/blogit.gradia.fi\/hiuskilta\/hiusalan-verkko-oppimateriaalit\/kampaukset\/\" \/>\n<meta property=\"og:locale\" content=\"fi_FI\" \/>\n<meta property=\"og:type\" content=\"article\" \/>\n<meta property=\"og:title\" content=\"Kampaukset - Hiuskilta Original\" \/>\n<meta property=\"og:description\" content=\"https:\/\/m3.jyu.fi\/jaomv\/ohjelmat\/jyvaskylan-ammattiopisto\/hyvinvointi-ja-kulttuuri\/hiusala\/hi14p\/foonauksen-ergonomia Klassinen f\u00f6\u00f6nikampaus py\u00f6r\u00f6harjatekniikalla, lyhyt malli Klassinen rullakampaus puolipitkiin hiuksiin https:\/\/m3.jyu.fi\/jaomv\/ohjelmat\/jyvaskylan-ammattiopisto\/hyvinvointi-ja-kulttuuri\/hiusala\/hi14p\/rullauksen-ergonomia Painetut laineet Pystynuttura\" \/>\n<meta property=\"og:url\" content=\"https:\/\/blogit.gradia.fi\/hiuskilta\/hiusalan-verkko-oppimateriaalit\/kampaukset\/\" \/>\n<meta property=\"og:site_name\" content=\"Hiuskilta Original\" \/>\n<meta property=\"article:modified_time\" content=\"2016-12-02T10:28:07+00:00\" \/>\n<meta name=\"twitter:card\" content=\"summary_large_image\" \/>\n<script type=\"application\/ld+json\" class=\"yoast-schema-graph\">{\"@context\":\"https:\\\/\\\/schema.org\",\"@graph\":[{\"@type\":\"WebPage\",\"@id\":\"https:\\\/\\\/blogit.gradia.fi\\\/hiuskilta\\\/hiusalan-verkko-oppimateriaalit\\\/kampaukset\\\/\",\"url\":\"https:\\\/\\\/blogit.gradia.fi\\\/hiuskilta\\\/hiusalan-verkko-oppimateriaalit\\\/kampaukset\\\/\",\"name\":\"Kampaukset - Hiuskilta Original\",\"isPartOf\":{\"@id\":\"https:\\\/\\\/blogit.gradia.fi\\\/hiuskilta\\\/#website\"},\"datePublished\":\"2015-05-25T05:52:29+00:00\",\"dateModified\":\"2016-12-02T10:28:07+00:00\",\"breadcrumb\":{\"@id\":\"https:\\\/\\\/blogit.gradia.fi\\\/hiuskilta\\\/hiusalan-verkko-oppimateriaalit\\\/kampaukset\\\/#breadcrumb\"},\"inLanguage\":\"fi\",\"potentialAction\":[{\"@type\":\"ReadAction\",\"target\":[\"https:\\\/\\\/blogit.gradia.fi\\\/hiuskilta\\\/hiusalan-verkko-oppimateriaalit\\\/kampaukset\\\/\"]}]},{\"@type\":\"BreadcrumbList\",\"@id\":\"https:\\\/\\\/blogit.gradia.fi\\\/hiuskilta\\\/hiusalan-verkko-oppimateriaalit\\\/kampaukset\\\/#breadcrumb\",\"itemListElement\":[{\"@type\":\"ListItem\",\"position\":1,\"name\":\"Hiusalan verkko-oppimateriaalit\",\"item\":\"https:\\\/\\\/blogit.gradia.fi\\\/hiuskilta\\\/hiusalan-verkko-oppimateriaalit\\\/\"},{\"@type\":\"ListItem\",\"position\":2,\"name\":\"Kampaukset\"}]},{\"@type\":\"WebSite\",\"@id\":\"https:\\\/\\\/blogit.gradia.fi\\\/hiuskilta\\\/#website\",\"url\":\"https:\\\/\\\/blogit.gradia.fi\\\/hiuskilta\\\/\",\"name\":\"Hiuskilta Original\",\"description\":\"Gradia Jyv\u00e4skyl\u00e4n hiusalan avoin oppimisymp\u00e4rist\u00f6\",\"potentialAction\":[{\"@type\":\"SearchAction\",\"target\":{\"@type\":\"EntryPoint\",\"urlTemplate\":\"https:\\\/\\\/blogit.gradia.fi\\\/hiuskilta\\\/?s={search_term_string}\"},\"query-input\":{\"@type\":\"PropertyValueSpecification\",\"valueRequired\":true,\"valueName\":\"search_term_string\"}}],\"inLanguage\":\"fi\"}]}<\/script>\n<!-- \/ Yoast SEO plugin. -->","yoast_head_json":{"title":"Kampaukset - Hiuskilta Original","robots":{"index":"index","follow":"follow","max-snippet":"max-snippet:-1","max-image-preview":"max-image-preview:large","max-video-preview":"max-video-preview:-1"},"canonical":"https:\/\/blogit.gradia.fi\/hiuskilta\/hiusalan-verkko-oppimateriaalit\/kampaukset\/","og_locale":"fi_FI","og_type":"article","og_title":"Kampaukset - Hiuskilta Original","og_description":"https:\/\/m3.jyu.fi\/jaomv\/ohjelmat\/jyvaskylan-ammattiopisto\/hyvinvointi-ja-kulttuuri\/hiusala\/hi14p\/foonauksen-ergonomia Klassinen f\u00f6\u00f6nikampaus py\u00f6r\u00f6harjatekniikalla, lyhyt malli Klassinen rullakampaus puolipitkiin hiuksiin https:\/\/m3.jyu.fi\/jaomv\/ohjelmat\/jyvaskylan-ammattiopisto\/hyvinvointi-ja-kulttuuri\/hiusala\/hi14p\/rullauksen-ergonomia Painetut laineet Pystynuttura","og_url":"https:\/\/blogit.gradia.fi\/hiuskilta\/hiusalan-verkko-oppimateriaalit\/kampaukset\/","og_site_name":"Hiuskilta Original","article_modified_time":"2016-12-02T10:28:07+00:00","twitter_card":"summary_large_image","schema":{"@context":"https:\/\/schema.org","@graph":[{"@type":"WebPage","@id":"https:\/\/blogit.gradia.fi\/hiuskilta\/hiusalan-verkko-oppimateriaalit\/kampaukset\/","url":"https:\/\/blogit.gradia.fi\/hiuskilta\/hiusalan-verkko-oppimateriaalit\/kampaukset\/","name":"Kampaukset - Hiuskilta Original","isPartOf":{"@id":"https:\/\/blogit.gradia.fi\/hiuskilta\/#website"},"datePublished":"2015-05-25T05:52:29+00:00","dateModified":"2016-12-02T10:28:07+00:00","breadcrumb":{"@id":"https:\/\/blogit.gradia.fi\/hiuskilta\/hiusalan-verkko-oppimateriaalit\/kampaukset\/#breadcrumb"},"inLanguage":"fi","potentialAction":[{"@type":"ReadAction","target":["https:\/\/blogit.gradia.fi\/hiuskilta\/hiusalan-verkko-oppimateriaalit\/kampaukset\/"]}]},{"@type":"BreadcrumbList","@id":"https:\/\/blogit.gradia.fi\/hiuskilta\/hiusalan-verkko-oppimateriaalit\/kampaukset\/#breadcrumb","itemListElement":[{"@type":"ListItem","position":1,"name":"Hiusalan verkko-oppimateriaalit","item":"https:\/\/blogit.gradia.fi\/hiuskilta\/hiusalan-verkko-oppimateriaalit\/"},{"@type":"ListItem","position":2,"name":"Kampaukset"}]},{"@type":"WebSite","@id":"https:\/\/blogit.gradia.fi\/hiuskilta\/#website","url":"https:\/\/blogit.gradia.fi\/hiuskilta\/","name":"Hiuskilta Original","description":"Gradia Jyv\u00e4skyl\u00e4n hiusalan avoin oppimisymp\u00e4rist\u00f6","potentialAction":[{"@type":"SearchAction","target":{"@type":"EntryPoint","urlTemplate":"https:\/\/blogit.gradia.fi\/hiuskilta\/?s={search_term_string}"},"query-input":{"@type":"PropertyValueSpecification","valueRequired":true,"valueName":"search_term_string"}}],"inLanguage":"fi"}]}},"uagb_featured_image_src":{"full":false,"thumbnail":false,"medium":false,"medium_large":false,"large":false,"1536x1536":false,"2048x2048":false,"post-thumbnail":false,"twentyfourteen-full-width":false},"uagb_author_info":{"display_name":"Hanna Frilander","author_link":"https:\/\/blogit.gradia.fi\/hiuskilta\/author\/frilahan\/"},"uagb_comment_info":4,"uagb_excerpt":"https:\/\/m3.jyu.fi\/jaomv\/ohjelmat\/jyvaskylan-ammattiopisto\/hyvinvointi-ja-kulttuuri\/hiusala\/hi14p\/foonauksen-ergonomia Klassinen f\u00f6\u00f6nikampaus py\u00f6r\u00f6harjatekniikalla, lyhyt malli Klassinen rullakampaus puolipitkiin hiuksiin https:\/\/m3.jyu.fi\/jaomv\/ohjelmat\/jyvaskylan-ammattiopisto\/hyvinvointi-ja-kulttuuri\/hiusala\/hi14p\/rullauksen-ergonomia Painetut laineet Pystynuttura","_links":{"self":[{"href":"https:\/\/blogit.gradia.fi\/hiuskilta\/wp-json\/wp\/v2\/pages\/645","targetHints":{"allow":["GET"]}}],"collection":[{"href":"https:\/\/blogit.gradia.fi\/hiuskilta\/wp-json\/wp\/v2\/pages"}],"about":[{"href":"https:\/\/blogit.gradia.fi\/hiuskilta\/wp-json\/wp\/v2\/types\/page"}],"author":[{"embeddable":true,"href":"https:\/\/blogit.gradia.fi\/hiuskilta\/wp-json\/wp\/v2\/users\/161"}],"replies":[{"embeddable":true,"href":"https:\/\/blogit.gradia.fi\/hiuskilta\/wp-json\/wp\/v2\/comments?post=645"}],"version-history":[{"count":0,"href":"https:\/\/blogit.gradia.fi\/hiuskilta\/wp-json\/wp\/v2\/pages\/645\/revisions"}],"up":[{"embeddable":true,"href":"https:\/\/blogit.gradia.fi\/hiuskilta\/wp-json\/wp\/v2\/pages\/623"}],"wp:attachment":[{"href":"https:\/\/blogit.gradia.fi\/hiuskilta\/wp-json\/wp\/v2\/media?parent=645"}],"curies":[{"name":"wp","href":"https:\/\/api.w.org\/{rel}","templated":true}]}}