{"id":642,"date":"2015-05-25T08:51:20","date_gmt":"2015-05-25T05:51:20","guid":{"rendered":"https:\/\/blogit.gradia.fi\/hiuskilta\/?page_id=642"},"modified":"2016-02-25T12:55:32","modified_gmt":"2016-02-25T10:55:32","slug":"partakasittelyt","status":"publish","type":"page","link":"https:\/\/blogit.gradia.fi\/hiuskilta\/hiusalan-verkko-oppimateriaalit\/partakasittelyt\/","title":{"rendered":"Partak\u00e4sittelyt"},"content":{"rendered":"<p><a href=\"https:\/\/www.youtube.com\/watch?v=bYQAelit94o\" target=\"_blank\">Klassinen parranajo veitsell\u00e4 vol 1<\/a><br \/>\n<a href=\"https:\/\/www.youtube.com\/watch?v=G6Vi8lp2j4Q\" target=\"_blank\">Klassinen parranajo veitsell\u00e4 vol 2<\/a><br \/>\n<a href=\"Klassinen%20parran muotoilu saksi-kampa tekniikalla\" target=\"_blank\">Klassinen parran muotoilu saksi-kampa tekniikalla<\/a><br \/>\n<a href=\"https:\/\/www.youtube.com\/watch?v=FTEbjEuMVv4\" target=\"_blank\">Amerikkalainen parranajo parturi-kampaamossa (GROOM)<\/a><br \/>\n<a href=\"https:\/\/www.youtube.com\/watch?v=D0UuG-OdLBM\" target=\"_blank\">Parranajo ja kasvojen hieronta<\/a><br \/>\n<a href=\"https:\/\/www.youtube.com\/watch?v=iGg3VzFHJNk\" target=\"_blank\">Parranajo ja v\u00e4lineiden puhdistus<\/a><br \/>\n<a href=\"https:\/\/www.youtube.com\/watch?v=_E50c5BOqx4\" target=\"_blank\">Parran v\u00e4rj\u00e4ys<\/a><\/p>\n<p><a href=\"http:\/\/www.razormaster.com\/epages\/razormaster.sf\/fi_FI\/?ObjectPath=\/Shops\/2015102002\/Categories\/PARRANAJOKOULU\" target=\"_blank\">Razor Master &#8211; parranajokoulu<\/a><\/p>\n","protected":false},"excerpt":{"rendered":"<p>Klassinen parranajo veitsell\u00e4 vol 1 Klassinen parranajo veitsell\u00e4 vol 2 Klassinen parran muotoilu saksi-kampa tekniikalla Amerikkalainen parranajo parturi-kampaamossa (GROOM) Parranajo ja kasvojen hieronta Parranajo ja v\u00e4lineiden puhdistus Parran v\u00e4rj\u00e4ys Razor Master &#8211; parranajokoulu<\/p>\n","protected":false},"author":161,"featured_media":0,"parent":623,"menu_order":0,"comment_status":"open","ping_status":"open","template":"","meta":{"_uag_custom_page_level_css":"","footnotes":""},"class_list":["post-642","page","type-page","status-publish","hentry"],"yoast_head":"<!-- This site is optimized with the Yoast SEO plugin v27.4 - https:\/\/yoast.com\/product\/yoast-seo-wordpress\/ -->\n<title>Partak\u00e4sittelyt - Hiuskilta Original<\/title>\n<meta name=\"robots\" content=\"index, follow, max-snippet:-1, max-image-preview:large, max-video-preview:-1\" \/>\n<link rel=\"canonical\" href=\"https:\/\/blogit.gradia.fi\/hiuskilta\/hiusalan-verkko-oppimateriaalit\/partakasittelyt\/\" \/>\n<meta property=\"og:locale\" content=\"fi_FI\" \/>\n<meta property=\"og:type\" content=\"article\" \/>\n<meta property=\"og:title\" content=\"Partak\u00e4sittelyt - Hiuskilta Original\" \/>\n<meta property=\"og:description\" content=\"Klassinen parranajo veitsell\u00e4 vol 1 Klassinen parranajo veitsell\u00e4 vol 2 Klassinen parran muotoilu saksi-kampa tekniikalla Amerikkalainen parranajo parturi-kampaamossa (GROOM) Parranajo ja kasvojen hieronta Parranajo ja v\u00e4lineiden puhdistus Parran v\u00e4rj\u00e4ys Razor Master &#8211; parranajokoulu\" \/>\n<meta property=\"og:url\" content=\"https:\/\/blogit.gradia.fi\/hiuskilta\/hiusalan-verkko-oppimateriaalit\/partakasittelyt\/\" \/>\n<meta property=\"og:site_name\" content=\"Hiuskilta Original\" \/>\n<meta property=\"article:modified_time\" content=\"2016-02-25T10:55:32+00:00\" \/>\n<meta name=\"twitter:card\" content=\"summary_large_image\" \/>\n<script type=\"application\/ld+json\" class=\"yoast-schema-graph\">{\"@context\":\"https:\\\/\\\/schema.org\",\"@graph\":[{\"@type\":\"WebPage\",\"@id\":\"https:\\\/\\\/blogit.gradia.fi\\\/hiuskilta\\\/hiusalan-verkko-oppimateriaalit\\\/partakasittelyt\\\/\",\"url\":\"https:\\\/\\\/blogit.gradia.fi\\\/hiuskilta\\\/hiusalan-verkko-oppimateriaalit\\\/partakasittelyt\\\/\",\"name\":\"Partak\u00e4sittelyt - Hiuskilta Original\",\"isPartOf\":{\"@id\":\"https:\\\/\\\/blogit.gradia.fi\\\/hiuskilta\\\/#website\"},\"datePublished\":\"2015-05-25T05:51:20+00:00\",\"dateModified\":\"2016-02-25T10:55:32+00:00\",\"breadcrumb\":{\"@id\":\"https:\\\/\\\/blogit.gradia.fi\\\/hiuskilta\\\/hiusalan-verkko-oppimateriaalit\\\/partakasittelyt\\\/#breadcrumb\"},\"inLanguage\":\"fi\",\"potentialAction\":[{\"@type\":\"ReadAction\",\"target\":[\"https:\\\/\\\/blogit.gradia.fi\\\/hiuskilta\\\/hiusalan-verkko-oppimateriaalit\\\/partakasittelyt\\\/\"]}]},{\"@type\":\"BreadcrumbList\",\"@id\":\"https:\\\/\\\/blogit.gradia.fi\\\/hiuskilta\\\/hiusalan-verkko-oppimateriaalit\\\/partakasittelyt\\\/#breadcrumb\",\"itemListElement\":[{\"@type\":\"ListItem\",\"position\":1,\"name\":\"Hiusalan verkko-oppimateriaalit\",\"item\":\"https:\\\/\\\/blogit.gradia.fi\\\/hiuskilta\\\/hiusalan-verkko-oppimateriaalit\\\/\"},{\"@type\":\"ListItem\",\"position\":2,\"name\":\"Partak\u00e4sittelyt\"}]},{\"@type\":\"WebSite\",\"@id\":\"https:\\\/\\\/blogit.gradia.fi\\\/hiuskilta\\\/#website\",\"url\":\"https:\\\/\\\/blogit.gradia.fi\\\/hiuskilta\\\/\",\"name\":\"Hiuskilta Original\",\"description\":\"Gradia Jyv\u00e4skyl\u00e4n hiusalan avoin oppimisymp\u00e4rist\u00f6\",\"potentialAction\":[{\"@type\":\"SearchAction\",\"target\":{\"@type\":\"EntryPoint\",\"urlTemplate\":\"https:\\\/\\\/blogit.gradia.fi\\\/hiuskilta\\\/?s={search_term_string}\"},\"query-input\":{\"@type\":\"PropertyValueSpecification\",\"valueRequired\":true,\"valueName\":\"search_term_string\"}}],\"inLanguage\":\"fi\"}]}<\/script>\n<!-- \/ Yoast SEO plugin. -->","yoast_head_json":{"title":"Partak\u00e4sittelyt - Hiuskilta Original","robots":{"index":"index","follow":"follow","max-snippet":"max-snippet:-1","max-image-preview":"max-image-preview:large","max-video-preview":"max-video-preview:-1"},"canonical":"https:\/\/blogit.gradia.fi\/hiuskilta\/hiusalan-verkko-oppimateriaalit\/partakasittelyt\/","og_locale":"fi_FI","og_type":"article","og_title":"Partak\u00e4sittelyt - Hiuskilta Original","og_description":"Klassinen parranajo veitsell\u00e4 vol 1 Klassinen parranajo veitsell\u00e4 vol 2 Klassinen parran muotoilu saksi-kampa tekniikalla Amerikkalainen parranajo parturi-kampaamossa (GROOM) Parranajo ja kasvojen hieronta Parranajo ja v\u00e4lineiden puhdistus Parran v\u00e4rj\u00e4ys Razor Master &#8211; parranajokoulu","og_url":"https:\/\/blogit.gradia.fi\/hiuskilta\/hiusalan-verkko-oppimateriaalit\/partakasittelyt\/","og_site_name":"Hiuskilta Original","article_modified_time":"2016-02-25T10:55:32+00:00","twitter_card":"summary_large_image","schema":{"@context":"https:\/\/schema.org","@graph":[{"@type":"WebPage","@id":"https:\/\/blogit.gradia.fi\/hiuskilta\/hiusalan-verkko-oppimateriaalit\/partakasittelyt\/","url":"https:\/\/blogit.gradia.fi\/hiuskilta\/hiusalan-verkko-oppimateriaalit\/partakasittelyt\/","name":"Partak\u00e4sittelyt - Hiuskilta Original","isPartOf":{"@id":"https:\/\/blogit.gradia.fi\/hiuskilta\/#website"},"datePublished":"2015-05-25T05:51:20+00:00","dateModified":"2016-02-25T10:55:32+00:00","breadcrumb":{"@id":"https:\/\/blogit.gradia.fi\/hiuskilta\/hiusalan-verkko-oppimateriaalit\/partakasittelyt\/#breadcrumb"},"inLanguage":"fi","potentialAction":[{"@type":"ReadAction","target":["https:\/\/blogit.gradia.fi\/hiuskilta\/hiusalan-verkko-oppimateriaalit\/partakasittelyt\/"]}]},{"@type":"BreadcrumbList","@id":"https:\/\/blogit.gradia.fi\/hiuskilta\/hiusalan-verkko-oppimateriaalit\/partakasittelyt\/#breadcrumb","itemListElement":[{"@type":"ListItem","position":1,"name":"Hiusalan verkko-oppimateriaalit","item":"https:\/\/blogit.gradia.fi\/hiuskilta\/hiusalan-verkko-oppimateriaalit\/"},{"@type":"ListItem","position":2,"name":"Partak\u00e4sittelyt"}]},{"@type":"WebSite","@id":"https:\/\/blogit.gradia.fi\/hiuskilta\/#website","url":"https:\/\/blogit.gradia.fi\/hiuskilta\/","name":"Hiuskilta Original","description":"Gradia Jyv\u00e4skyl\u00e4n hiusalan avoin oppimisymp\u00e4rist\u00f6","potentialAction":[{"@type":"SearchAction","target":{"@type":"EntryPoint","urlTemplate":"https:\/\/blogit.gradia.fi\/hiuskilta\/?s={search_term_string}"},"query-input":{"@type":"PropertyValueSpecification","valueRequired":true,"valueName":"search_term_string"}}],"inLanguage":"fi"}]}},"uagb_featured_image_src":{"full":false,"thumbnail":false,"medium":false,"medium_large":false,"large":false,"1536x1536":false,"2048x2048":false,"post-thumbnail":false,"twentyfourteen-full-width":false},"uagb_author_info":{"display_name":"Hanna Frilander","author_link":"https:\/\/blogit.gradia.fi\/hiuskilta\/author\/frilahan\/"},"uagb_comment_info":1,"uagb_excerpt":"Klassinen parranajo veitsell\u00e4 vol 1 Klassinen parranajo veitsell\u00e4 vol 2 Klassinen parran muotoilu saksi-kampa tekniikalla Amerikkalainen parranajo parturi-kampaamossa (GROOM) Parranajo ja kasvojen hieronta Parranajo ja v\u00e4lineiden puhdistus Parran v\u00e4rj\u00e4ys Razor Master &#8211; parranajokoulu","_links":{"self":[{"href":"https:\/\/blogit.gradia.fi\/hiuskilta\/wp-json\/wp\/v2\/pages\/642","targetHints":{"allow":["GET"]}}],"collection":[{"href":"https:\/\/blogit.gradia.fi\/hiuskilta\/wp-json\/wp\/v2\/pages"}],"about":[{"href":"https:\/\/blogit.gradia.fi\/hiuskilta\/wp-json\/wp\/v2\/types\/page"}],"author":[{"embeddable":true,"href":"https:\/\/blogit.gradia.fi\/hiuskilta\/wp-json\/wp\/v2\/users\/161"}],"replies":[{"embeddable":true,"href":"https:\/\/blogit.gradia.fi\/hiuskilta\/wp-json\/wp\/v2\/comments?post=642"}],"version-history":[{"count":0,"href":"https:\/\/blogit.gradia.fi\/hiuskilta\/wp-json\/wp\/v2\/pages\/642\/revisions"}],"up":[{"embeddable":true,"href":"https:\/\/blogit.gradia.fi\/hiuskilta\/wp-json\/wp\/v2\/pages\/623"}],"wp:attachment":[{"href":"https:\/\/blogit.gradia.fi\/hiuskilta\/wp-json\/wp\/v2\/media?parent=642"}],"curies":[{"name":"wp","href":"https:\/\/api.w.org\/{rel}","templated":true}]}}