{"id":639,"date":"2015-05-25T08:50:17","date_gmt":"2015-05-25T05:50:17","guid":{"rendered":"https:\/\/blogit.gradia.fi\/hiuskilta\/?page_id=639"},"modified":"2017-02-09T11:43:17","modified_gmt":"2017-02-09T09:43:17","slug":"yritystoiminta","status":"publish","type":"page","link":"https:\/\/blogit.gradia.fi\/hiuskilta\/hiusalan-verkko-oppimateriaalit\/yritystoiminta\/","title":{"rendered":"Yritystoiminta"},"content":{"rendered":"<p><a href=\"http:\/\/www.schwarzkopf-finland.fi\/docs\/File\/ladattavat_tiedostot\/yrittaja_opasusej.pdf\" target=\"_blank\">Paperisodasta permanenttiin, kaikki parturi-kampaamon perustamisesta<\/a><\/p>\n<h3>Asiakaspalvelu<\/h3>\n<p><a href=\"https:\/\/www.pam.fi\/wiki\/hiusalan-tyoehtosopimus.html\" target=\"_blank\">Hiusalan ty\u00f6ehtosopimus<\/a><\/p>\n<p><a href=\"https:\/\/www.thinglink.com\/scene\/657103964596076545\" target=\"_blank\">Ty\u00f6asu<\/a><\/p>\n<p>&nbsp;<\/p>\n<h3>Tekij\u00e4noikeuksien perusteita<\/h3>\n<p><a href=\"http:\/\/creativecommons.fi\/\" target=\"_blank\">Creative Commons<\/a><br \/>\nNetiketti (linkki)<br \/>\n<a href=\"http:\/\/www.kopiraitti.fi\/\" target=\"_blank\">www.kopiraitti.fi<\/a><br \/>\n<a href=\"http:\/\/www.e-julkaisu.fi\/kopiraitti\/tekijanoikeuden_abc_2014\/\" target=\"_blank\">Tekij\u00e4noikeuden ABC <\/a><br \/>\n<a href=\"http:\/\/www.kopiosto.fi\/fi_FI\/\" target=\"_blank\">www.kopiosto.fi<\/a><\/p>\n<p><a href=\"http:\/\/www.edu.fi\/verkko_oppimateriaalit\/kannattavuus_ja_katetuotto\" target=\"_blank\">Kannattavuus ja katetuotto<\/a><br \/>\n<a href=\"http:\/\/www.teknokemia.fi\/fin\/materiaalit\/materiaalit_kampaajille\/\" target=\"_blank\">Tuoteturvallisuusopas kampaamoille (pdf)<\/a><br \/>\n<a href=\"http:\/\/www.oph.fi\/julkaisut\/2005\/tyossaoppimisen_tyosuojelu_hiusala\" target=\"_blank\">Ty\u00f6ss\u00e4oppimisen ty\u00f6suojelu hiusalan perustutkinnoissa (pdf)<\/a><br \/>\n<a href=\"http:\/\/www.perustamisopas.fi\/\" target=\"_blank\">Yrityksen perustamisopas\u00a0 2015<\/a><\/p>\n<h4><a href=\"http:\/\/yrit\u00e4.fi\/toiminimen-perustaminen\" target=\"_blank\"> Toiminimen perustaminen <\/a><\/h4>\n<p>yrit\u00e4.fi<\/p>\n","protected":false},"excerpt":{"rendered":"<p>Paperisodasta permanenttiin, kaikki parturi-kampaamon perustamisesta Asiakaspalvelu Hiusalan ty\u00f6ehtosopimus Ty\u00f6asu &nbsp; Tekij\u00e4noikeuksien perusteita Creative Commons Netiketti (linkki) www.kopiraitti.fi Tekij\u00e4noikeuden ABC www.kopiosto.fi Kannattavuus ja katetuotto Tuoteturvallisuusopas kampaamoille (pdf) Ty\u00f6ss\u00e4oppimisen ty\u00f6suojelu hiusalan perustutkinnoissa (pdf) Yrityksen perustamisopas\u00a0 2015 Toiminimen perustaminen yrit\u00e4.fi<\/p>\n","protected":false},"author":161,"featured_media":0,"parent":623,"menu_order":0,"comment_status":"open","ping_status":"open","template":"","meta":{"_uag_custom_page_level_css":"","footnotes":""},"class_list":["post-639","page","type-page","status-publish","hentry"],"yoast_head":"<!-- This site is optimized with the Yoast SEO plugin v27.4 - https:\/\/yoast.com\/product\/yoast-seo-wordpress\/ -->\n<title>Yritystoiminta - Hiuskilta Original<\/title>\n<meta name=\"robots\" content=\"index, follow, max-snippet:-1, max-image-preview:large, max-video-preview:-1\" \/>\n<link rel=\"canonical\" href=\"https:\/\/blogit.gradia.fi\/hiuskilta\/hiusalan-verkko-oppimateriaalit\/yritystoiminta\/\" \/>\n<meta property=\"og:locale\" content=\"fi_FI\" \/>\n<meta property=\"og:type\" content=\"article\" \/>\n<meta property=\"og:title\" content=\"Yritystoiminta - Hiuskilta Original\" \/>\n<meta property=\"og:description\" content=\"Paperisodasta permanenttiin, kaikki parturi-kampaamon perustamisesta Asiakaspalvelu Hiusalan ty\u00f6ehtosopimus Ty\u00f6asu &nbsp; Tekij\u00e4noikeuksien perusteita Creative Commons Netiketti (linkki) www.kopiraitti.fi Tekij\u00e4noikeuden ABC www.kopiosto.fi Kannattavuus ja katetuotto Tuoteturvallisuusopas kampaamoille (pdf) Ty\u00f6ss\u00e4oppimisen ty\u00f6suojelu hiusalan perustutkinnoissa (pdf) Yrityksen perustamisopas\u00a0 2015 Toiminimen perustaminen yrit\u00e4.fi\" \/>\n<meta property=\"og:url\" content=\"https:\/\/blogit.gradia.fi\/hiuskilta\/hiusalan-verkko-oppimateriaalit\/yritystoiminta\/\" \/>\n<meta property=\"og:site_name\" content=\"Hiuskilta Original\" \/>\n<meta property=\"article:modified_time\" content=\"2017-02-09T09:43:17+00:00\" \/>\n<meta name=\"twitter:card\" content=\"summary_large_image\" \/>\n<script type=\"application\/ld+json\" class=\"yoast-schema-graph\">{\"@context\":\"https:\\\/\\\/schema.org\",\"@graph\":[{\"@type\":\"WebPage\",\"@id\":\"https:\\\/\\\/blogit.gradia.fi\\\/hiuskilta\\\/hiusalan-verkko-oppimateriaalit\\\/yritystoiminta\\\/\",\"url\":\"https:\\\/\\\/blogit.gradia.fi\\\/hiuskilta\\\/hiusalan-verkko-oppimateriaalit\\\/yritystoiminta\\\/\",\"name\":\"Yritystoiminta - Hiuskilta Original\",\"isPartOf\":{\"@id\":\"https:\\\/\\\/blogit.gradia.fi\\\/hiuskilta\\\/#website\"},\"datePublished\":\"2015-05-25T05:50:17+00:00\",\"dateModified\":\"2017-02-09T09:43:17+00:00\",\"breadcrumb\":{\"@id\":\"https:\\\/\\\/blogit.gradia.fi\\\/hiuskilta\\\/hiusalan-verkko-oppimateriaalit\\\/yritystoiminta\\\/#breadcrumb\"},\"inLanguage\":\"fi\",\"potentialAction\":[{\"@type\":\"ReadAction\",\"target\":[\"https:\\\/\\\/blogit.gradia.fi\\\/hiuskilta\\\/hiusalan-verkko-oppimateriaalit\\\/yritystoiminta\\\/\"]}]},{\"@type\":\"BreadcrumbList\",\"@id\":\"https:\\\/\\\/blogit.gradia.fi\\\/hiuskilta\\\/hiusalan-verkko-oppimateriaalit\\\/yritystoiminta\\\/#breadcrumb\",\"itemListElement\":[{\"@type\":\"ListItem\",\"position\":1,\"name\":\"Hiusalan verkko-oppimateriaalit\",\"item\":\"https:\\\/\\\/blogit.gradia.fi\\\/hiuskilta\\\/hiusalan-verkko-oppimateriaalit\\\/\"},{\"@type\":\"ListItem\",\"position\":2,\"name\":\"Yritystoiminta\"}]},{\"@type\":\"WebSite\",\"@id\":\"https:\\\/\\\/blogit.gradia.fi\\\/hiuskilta\\\/#website\",\"url\":\"https:\\\/\\\/blogit.gradia.fi\\\/hiuskilta\\\/\",\"name\":\"Hiuskilta Original\",\"description\":\"Gradia Jyv\u00e4skyl\u00e4n hiusalan avoin oppimisymp\u00e4rist\u00f6\",\"potentialAction\":[{\"@type\":\"SearchAction\",\"target\":{\"@type\":\"EntryPoint\",\"urlTemplate\":\"https:\\\/\\\/blogit.gradia.fi\\\/hiuskilta\\\/?s={search_term_string}\"},\"query-input\":{\"@type\":\"PropertyValueSpecification\",\"valueRequired\":true,\"valueName\":\"search_term_string\"}}],\"inLanguage\":\"fi\"}]}<\/script>\n<!-- \/ Yoast SEO plugin. -->","yoast_head_json":{"title":"Yritystoiminta - Hiuskilta Original","robots":{"index":"index","follow":"follow","max-snippet":"max-snippet:-1","max-image-preview":"max-image-preview:large","max-video-preview":"max-video-preview:-1"},"canonical":"https:\/\/blogit.gradia.fi\/hiuskilta\/hiusalan-verkko-oppimateriaalit\/yritystoiminta\/","og_locale":"fi_FI","og_type":"article","og_title":"Yritystoiminta - Hiuskilta Original","og_description":"Paperisodasta permanenttiin, kaikki parturi-kampaamon perustamisesta Asiakaspalvelu Hiusalan ty\u00f6ehtosopimus Ty\u00f6asu &nbsp; Tekij\u00e4noikeuksien perusteita Creative Commons Netiketti (linkki) www.kopiraitti.fi Tekij\u00e4noikeuden ABC www.kopiosto.fi Kannattavuus ja katetuotto Tuoteturvallisuusopas kampaamoille (pdf) Ty\u00f6ss\u00e4oppimisen ty\u00f6suojelu hiusalan perustutkinnoissa (pdf) Yrityksen perustamisopas\u00a0 2015 Toiminimen perustaminen yrit\u00e4.fi","og_url":"https:\/\/blogit.gradia.fi\/hiuskilta\/hiusalan-verkko-oppimateriaalit\/yritystoiminta\/","og_site_name":"Hiuskilta Original","article_modified_time":"2017-02-09T09:43:17+00:00","twitter_card":"summary_large_image","schema":{"@context":"https:\/\/schema.org","@graph":[{"@type":"WebPage","@id":"https:\/\/blogit.gradia.fi\/hiuskilta\/hiusalan-verkko-oppimateriaalit\/yritystoiminta\/","url":"https:\/\/blogit.gradia.fi\/hiuskilta\/hiusalan-verkko-oppimateriaalit\/yritystoiminta\/","name":"Yritystoiminta - Hiuskilta Original","isPartOf":{"@id":"https:\/\/blogit.gradia.fi\/hiuskilta\/#website"},"datePublished":"2015-05-25T05:50:17+00:00","dateModified":"2017-02-09T09:43:17+00:00","breadcrumb":{"@id":"https:\/\/blogit.gradia.fi\/hiuskilta\/hiusalan-verkko-oppimateriaalit\/yritystoiminta\/#breadcrumb"},"inLanguage":"fi","potentialAction":[{"@type":"ReadAction","target":["https:\/\/blogit.gradia.fi\/hiuskilta\/hiusalan-verkko-oppimateriaalit\/yritystoiminta\/"]}]},{"@type":"BreadcrumbList","@id":"https:\/\/blogit.gradia.fi\/hiuskilta\/hiusalan-verkko-oppimateriaalit\/yritystoiminta\/#breadcrumb","itemListElement":[{"@type":"ListItem","position":1,"name":"Hiusalan verkko-oppimateriaalit","item":"https:\/\/blogit.gradia.fi\/hiuskilta\/hiusalan-verkko-oppimateriaalit\/"},{"@type":"ListItem","position":2,"name":"Yritystoiminta"}]},{"@type":"WebSite","@id":"https:\/\/blogit.gradia.fi\/hiuskilta\/#website","url":"https:\/\/blogit.gradia.fi\/hiuskilta\/","name":"Hiuskilta Original","description":"Gradia Jyv\u00e4skyl\u00e4n hiusalan avoin oppimisymp\u00e4rist\u00f6","potentialAction":[{"@type":"SearchAction","target":{"@type":"EntryPoint","urlTemplate":"https:\/\/blogit.gradia.fi\/hiuskilta\/?s={search_term_string}"},"query-input":{"@type":"PropertyValueSpecification","valueRequired":true,"valueName":"search_term_string"}}],"inLanguage":"fi"}]}},"uagb_featured_image_src":{"full":false,"thumbnail":false,"medium":false,"medium_large":false,"large":false,"1536x1536":false,"2048x2048":false,"post-thumbnail":false,"twentyfourteen-full-width":false},"uagb_author_info":{"display_name":"Hanna Frilander","author_link":"https:\/\/blogit.gradia.fi\/hiuskilta\/author\/frilahan\/"},"uagb_comment_info":0,"uagb_excerpt":"Paperisodasta permanenttiin, kaikki parturi-kampaamon perustamisesta Asiakaspalvelu Hiusalan ty\u00f6ehtosopimus Ty\u00f6asu &nbsp; Tekij\u00e4noikeuksien perusteita Creative Commons Netiketti (linkki) www.kopiraitti.fi Tekij\u00e4noikeuden ABC www.kopiosto.fi Kannattavuus ja katetuotto Tuoteturvallisuusopas kampaamoille (pdf) Ty\u00f6ss\u00e4oppimisen ty\u00f6suojelu hiusalan perustutkinnoissa (pdf) Yrityksen perustamisopas\u00a0 2015 Toiminimen perustaminen yrit\u00e4.fi","_links":{"self":[{"href":"https:\/\/blogit.gradia.fi\/hiuskilta\/wp-json\/wp\/v2\/pages\/639","targetHints":{"allow":["GET"]}}],"collection":[{"href":"https:\/\/blogit.gradia.fi\/hiuskilta\/wp-json\/wp\/v2\/pages"}],"about":[{"href":"https:\/\/blogit.gradia.fi\/hiuskilta\/wp-json\/wp\/v2\/types\/page"}],"author":[{"embeddable":true,"href":"https:\/\/blogit.gradia.fi\/hiuskilta\/wp-json\/wp\/v2\/users\/161"}],"replies":[{"embeddable":true,"href":"https:\/\/blogit.gradia.fi\/hiuskilta\/wp-json\/wp\/v2\/comments?post=639"}],"version-history":[{"count":0,"href":"https:\/\/blogit.gradia.fi\/hiuskilta\/wp-json\/wp\/v2\/pages\/639\/revisions"}],"up":[{"embeddable":true,"href":"https:\/\/blogit.gradia.fi\/hiuskilta\/wp-json\/wp\/v2\/pages\/623"}],"wp:attachment":[{"href":"https:\/\/blogit.gradia.fi\/hiuskilta\/wp-json\/wp\/v2\/media?parent=639"}],"curies":[{"name":"wp","href":"https:\/\/api.w.org\/{rel}","templated":true}]}}