{"id":634,"date":"2015-05-25T08:46:27","date_gmt":"2015-05-25T05:46:27","guid":{"rendered":"https:\/\/blogit.gradia.fi\/hiuskilta\/?page_id=634"},"modified":"2017-09-17T15:31:06","modified_gmt":"2017-09-17T12:31:06","slug":"hiusten-hoitokasittelyt","status":"publish","type":"page","link":"https:\/\/blogit.gradia.fi\/hiuskilta\/hiusalan-verkko-oppimateriaalit\/hiusten-hoitokasittelyt\/","title":{"rendered":"Hiusten hoitok\u00e4sittelyt"},"content":{"rendered":"<h3>Hiusten hoitok\u00e4sittelyt<\/h3>\n<p>Hiusten pesu -videot (moniviestin, my\u00f6s eng. kielinen)<\/p>\n<p>&lt;p&gt;    Cannot display this embedded content because your browser does not    support iframes.  &lt;\/p&gt;<br \/>\n&lt;p&gt;<\/p>\n<p>https:\/\/m3.jyu.fi\/jaomv\/ohjelmat\/jyvaskylan-ammattiopisto\/hyvinvointi-ja-kulttuuri\/hiusala\/hi14y\/hiustenpesu<\/p>\n<p>https:\/\/m3.jyu.fi\/jaomv\/ohjelmat\/jyvaskylan-ammattiopisto\/hyvinvointi-ja-kulttuuri\/hiusala\/hi14y\/hiustenpesu-1<\/p>\n<p>&nbsp;<\/p>\n<p>https:\/\/m3.jyu.fi\/jaomv\/ohjelmat\/jyvaskylan-ammattiopisto\/hyvinvointi-ja-kulttuuri\/hiusala\/hi14p\/pesupaikan-ergonomia<\/p>\n<p>Laserhoito<\/p>\n","protected":false},"excerpt":{"rendered":"<p>Hiusten hoitok\u00e4sittelyt Hiusten pesu -videot (moniviestin, my\u00f6s eng. kielinen) &lt;p&gt; Cannot display this embedded content because your browser does not support iframes. &lt;\/p&gt; &lt;p&gt; https:\/\/m3.jyu.fi\/jaomv\/ohjelmat\/jyvaskylan-ammattiopisto\/hyvinvointi-ja-kulttuuri\/hiusala\/hi14y\/hiustenpesu https:\/\/m3.jyu.fi\/jaomv\/ohjelmat\/jyvaskylan-ammattiopisto\/hyvinvointi-ja-kulttuuri\/hiusala\/hi14y\/hiustenpesu-1 &nbsp; https:\/\/m3.jyu.fi\/jaomv\/ohjelmat\/jyvaskylan-ammattiopisto\/hyvinvointi-ja-kulttuuri\/hiusala\/hi14p\/pesupaikan-ergonomia Laserhoito<\/p>\n","protected":false},"author":161,"featured_media":0,"parent":623,"menu_order":0,"comment_status":"open","ping_status":"open","template":"","meta":{"_uag_custom_page_level_css":"","footnotes":""},"class_list":["post-634","page","type-page","status-publish","hentry"],"yoast_head":"<!-- This site is optimized with the Yoast SEO plugin v27.4 - https:\/\/yoast.com\/product\/yoast-seo-wordpress\/ -->\n<title>Hiusten hoitok\u00e4sittelyt - Hiuskilta Original<\/title>\n<meta name=\"robots\" content=\"index, follow, max-snippet:-1, max-image-preview:large, max-video-preview:-1\" \/>\n<link rel=\"canonical\" href=\"https:\/\/blogit.gradia.fi\/hiuskilta\/hiusalan-verkko-oppimateriaalit\/hiusten-hoitokasittelyt\/\" \/>\n<meta property=\"og:locale\" content=\"fi_FI\" \/>\n<meta property=\"og:type\" content=\"article\" \/>\n<meta property=\"og:title\" content=\"Hiusten hoitok\u00e4sittelyt - Hiuskilta Original\" \/>\n<meta property=\"og:description\" content=\"Hiusten hoitok\u00e4sittelyt Hiusten pesu -videot (moniviestin, my\u00f6s eng. kielinen) &lt;p&gt; Cannot display this embedded content because your browser does not support iframes. &lt;\/p&gt; &lt;p&gt; https:\/\/m3.jyu.fi\/jaomv\/ohjelmat\/jyvaskylan-ammattiopisto\/hyvinvointi-ja-kulttuuri\/hiusala\/hi14y\/hiustenpesu https:\/\/m3.jyu.fi\/jaomv\/ohjelmat\/jyvaskylan-ammattiopisto\/hyvinvointi-ja-kulttuuri\/hiusala\/hi14y\/hiustenpesu-1 &nbsp; https:\/\/m3.jyu.fi\/jaomv\/ohjelmat\/jyvaskylan-ammattiopisto\/hyvinvointi-ja-kulttuuri\/hiusala\/hi14p\/pesupaikan-ergonomia Laserhoito\" \/>\n<meta property=\"og:url\" content=\"https:\/\/blogit.gradia.fi\/hiuskilta\/hiusalan-verkko-oppimateriaalit\/hiusten-hoitokasittelyt\/\" \/>\n<meta property=\"og:site_name\" content=\"Hiuskilta Original\" \/>\n<meta property=\"article:modified_time\" content=\"2017-09-17T12:31:06+00:00\" \/>\n<meta name=\"twitter:card\" content=\"summary_large_image\" \/>\n<script type=\"application\/ld+json\" class=\"yoast-schema-graph\">{\"@context\":\"https:\\\/\\\/schema.org\",\"@graph\":[{\"@type\":\"WebPage\",\"@id\":\"https:\\\/\\\/blogit.gradia.fi\\\/hiuskilta\\\/hiusalan-verkko-oppimateriaalit\\\/hiusten-hoitokasittelyt\\\/\",\"url\":\"https:\\\/\\\/blogit.gradia.fi\\\/hiuskilta\\\/hiusalan-verkko-oppimateriaalit\\\/hiusten-hoitokasittelyt\\\/\",\"name\":\"Hiusten hoitok\u00e4sittelyt - Hiuskilta Original\",\"isPartOf\":{\"@id\":\"https:\\\/\\\/blogit.gradia.fi\\\/hiuskilta\\\/#website\"},\"datePublished\":\"2015-05-25T05:46:27+00:00\",\"dateModified\":\"2017-09-17T12:31:06+00:00\",\"breadcrumb\":{\"@id\":\"https:\\\/\\\/blogit.gradia.fi\\\/hiuskilta\\\/hiusalan-verkko-oppimateriaalit\\\/hiusten-hoitokasittelyt\\\/#breadcrumb\"},\"inLanguage\":\"fi\",\"potentialAction\":[{\"@type\":\"ReadAction\",\"target\":[\"https:\\\/\\\/blogit.gradia.fi\\\/hiuskilta\\\/hiusalan-verkko-oppimateriaalit\\\/hiusten-hoitokasittelyt\\\/\"]}]},{\"@type\":\"BreadcrumbList\",\"@id\":\"https:\\\/\\\/blogit.gradia.fi\\\/hiuskilta\\\/hiusalan-verkko-oppimateriaalit\\\/hiusten-hoitokasittelyt\\\/#breadcrumb\",\"itemListElement\":[{\"@type\":\"ListItem\",\"position\":1,\"name\":\"Hiusalan verkko-oppimateriaalit\",\"item\":\"https:\\\/\\\/blogit.gradia.fi\\\/hiuskilta\\\/hiusalan-verkko-oppimateriaalit\\\/\"},{\"@type\":\"ListItem\",\"position\":2,\"name\":\"Hiusten hoitok\u00e4sittelyt\"}]},{\"@type\":\"WebSite\",\"@id\":\"https:\\\/\\\/blogit.gradia.fi\\\/hiuskilta\\\/#website\",\"url\":\"https:\\\/\\\/blogit.gradia.fi\\\/hiuskilta\\\/\",\"name\":\"Hiuskilta Original\",\"description\":\"Gradia Jyv\u00e4skyl\u00e4n hiusalan avoin oppimisymp\u00e4rist\u00f6\",\"potentialAction\":[{\"@type\":\"SearchAction\",\"target\":{\"@type\":\"EntryPoint\",\"urlTemplate\":\"https:\\\/\\\/blogit.gradia.fi\\\/hiuskilta\\\/?s={search_term_string}\"},\"query-input\":{\"@type\":\"PropertyValueSpecification\",\"valueRequired\":true,\"valueName\":\"search_term_string\"}}],\"inLanguage\":\"fi\"}]}<\/script>\n<!-- \/ Yoast SEO plugin. -->","yoast_head_json":{"title":"Hiusten hoitok\u00e4sittelyt - Hiuskilta Original","robots":{"index":"index","follow":"follow","max-snippet":"max-snippet:-1","max-image-preview":"max-image-preview:large","max-video-preview":"max-video-preview:-1"},"canonical":"https:\/\/blogit.gradia.fi\/hiuskilta\/hiusalan-verkko-oppimateriaalit\/hiusten-hoitokasittelyt\/","og_locale":"fi_FI","og_type":"article","og_title":"Hiusten hoitok\u00e4sittelyt - Hiuskilta Original","og_description":"Hiusten hoitok\u00e4sittelyt Hiusten pesu -videot (moniviestin, my\u00f6s eng. kielinen) &lt;p&gt; Cannot display this embedded content because your browser does not support iframes. &lt;\/p&gt; &lt;p&gt; https:\/\/m3.jyu.fi\/jaomv\/ohjelmat\/jyvaskylan-ammattiopisto\/hyvinvointi-ja-kulttuuri\/hiusala\/hi14y\/hiustenpesu https:\/\/m3.jyu.fi\/jaomv\/ohjelmat\/jyvaskylan-ammattiopisto\/hyvinvointi-ja-kulttuuri\/hiusala\/hi14y\/hiustenpesu-1 &nbsp; https:\/\/m3.jyu.fi\/jaomv\/ohjelmat\/jyvaskylan-ammattiopisto\/hyvinvointi-ja-kulttuuri\/hiusala\/hi14p\/pesupaikan-ergonomia Laserhoito","og_url":"https:\/\/blogit.gradia.fi\/hiuskilta\/hiusalan-verkko-oppimateriaalit\/hiusten-hoitokasittelyt\/","og_site_name":"Hiuskilta Original","article_modified_time":"2017-09-17T12:31:06+00:00","twitter_card":"summary_large_image","schema":{"@context":"https:\/\/schema.org","@graph":[{"@type":"WebPage","@id":"https:\/\/blogit.gradia.fi\/hiuskilta\/hiusalan-verkko-oppimateriaalit\/hiusten-hoitokasittelyt\/","url":"https:\/\/blogit.gradia.fi\/hiuskilta\/hiusalan-verkko-oppimateriaalit\/hiusten-hoitokasittelyt\/","name":"Hiusten hoitok\u00e4sittelyt - Hiuskilta Original","isPartOf":{"@id":"https:\/\/blogit.gradia.fi\/hiuskilta\/#website"},"datePublished":"2015-05-25T05:46:27+00:00","dateModified":"2017-09-17T12:31:06+00:00","breadcrumb":{"@id":"https:\/\/blogit.gradia.fi\/hiuskilta\/hiusalan-verkko-oppimateriaalit\/hiusten-hoitokasittelyt\/#breadcrumb"},"inLanguage":"fi","potentialAction":[{"@type":"ReadAction","target":["https:\/\/blogit.gradia.fi\/hiuskilta\/hiusalan-verkko-oppimateriaalit\/hiusten-hoitokasittelyt\/"]}]},{"@type":"BreadcrumbList","@id":"https:\/\/blogit.gradia.fi\/hiuskilta\/hiusalan-verkko-oppimateriaalit\/hiusten-hoitokasittelyt\/#breadcrumb","itemListElement":[{"@type":"ListItem","position":1,"name":"Hiusalan verkko-oppimateriaalit","item":"https:\/\/blogit.gradia.fi\/hiuskilta\/hiusalan-verkko-oppimateriaalit\/"},{"@type":"ListItem","position":2,"name":"Hiusten hoitok\u00e4sittelyt"}]},{"@type":"WebSite","@id":"https:\/\/blogit.gradia.fi\/hiuskilta\/#website","url":"https:\/\/blogit.gradia.fi\/hiuskilta\/","name":"Hiuskilta Original","description":"Gradia Jyv\u00e4skyl\u00e4n hiusalan avoin oppimisymp\u00e4rist\u00f6","potentialAction":[{"@type":"SearchAction","target":{"@type":"EntryPoint","urlTemplate":"https:\/\/blogit.gradia.fi\/hiuskilta\/?s={search_term_string}"},"query-input":{"@type":"PropertyValueSpecification","valueRequired":true,"valueName":"search_term_string"}}],"inLanguage":"fi"}]}},"uagb_featured_image_src":{"full":false,"thumbnail":false,"medium":false,"medium_large":false,"large":false,"1536x1536":false,"2048x2048":false,"post-thumbnail":false,"twentyfourteen-full-width":false},"uagb_author_info":{"display_name":"Hanna Frilander","author_link":"https:\/\/blogit.gradia.fi\/hiuskilta\/author\/frilahan\/"},"uagb_comment_info":8,"uagb_excerpt":"Hiusten hoitok\u00e4sittelyt Hiusten pesu -videot (moniviestin, my\u00f6s eng. kielinen) &lt;p&gt; Cannot display this embedded content because your browser does not support iframes. &lt;\/p&gt; &lt;p&gt; https:\/\/m3.jyu.fi\/jaomv\/ohjelmat\/jyvaskylan-ammattiopisto\/hyvinvointi-ja-kulttuuri\/hiusala\/hi14y\/hiustenpesu https:\/\/m3.jyu.fi\/jaomv\/ohjelmat\/jyvaskylan-ammattiopisto\/hyvinvointi-ja-kulttuuri\/hiusala\/hi14y\/hiustenpesu-1 &nbsp; https:\/\/m3.jyu.fi\/jaomv\/ohjelmat\/jyvaskylan-ammattiopisto\/hyvinvointi-ja-kulttuuri\/hiusala\/hi14p\/pesupaikan-ergonomia Laserhoito","_links":{"self":[{"href":"https:\/\/blogit.gradia.fi\/hiuskilta\/wp-json\/wp\/v2\/pages\/634","targetHints":{"allow":["GET"]}}],"collection":[{"href":"https:\/\/blogit.gradia.fi\/hiuskilta\/wp-json\/wp\/v2\/pages"}],"about":[{"href":"https:\/\/blogit.gradia.fi\/hiuskilta\/wp-json\/wp\/v2\/types\/page"}],"author":[{"embeddable":true,"href":"https:\/\/blogit.gradia.fi\/hiuskilta\/wp-json\/wp\/v2\/users\/161"}],"replies":[{"embeddable":true,"href":"https:\/\/blogit.gradia.fi\/hiuskilta\/wp-json\/wp\/v2\/comments?post=634"}],"version-history":[{"count":0,"href":"https:\/\/blogit.gradia.fi\/hiuskilta\/wp-json\/wp\/v2\/pages\/634\/revisions"}],"up":[{"embeddable":true,"href":"https:\/\/blogit.gradia.fi\/hiuskilta\/wp-json\/wp\/v2\/pages\/623"}],"wp:attachment":[{"href":"https:\/\/blogit.gradia.fi\/hiuskilta\/wp-json\/wp\/v2\/media?parent=634"}],"curies":[{"name":"wp","href":"https:\/\/api.w.org\/{rel}","templated":true}]}}