{"id":623,"date":"2015-05-25T08:36:22","date_gmt":"2015-05-25T05:36:22","guid":{"rendered":"https:\/\/blogit.gradia.fi\/hiuskilta\/?page_id=623"},"modified":"2015-05-25T08:44:43","modified_gmt":"2015-05-25T05:44:43","slug":"hiusalan-verkko-oppimateriaalit","status":"publish","type":"page","link":"https:\/\/blogit.gradia.fi\/hiuskilta\/hiusalan-verkko-oppimateriaalit\/","title":{"rendered":"Hiusalan verkko-oppimateriaalit"},"content":{"rendered":"<h3>Hiusten leikkaukset<\/h3>\n<p>Hiusten leikkaukset (youtube)<\/p>\n<p>Hiusten leikkaus veitsell\u00e4 (video)<br \/>\nKerrostusleikkaus puolipitkiin hiuksiin (video)<\/p>\n<p>&nbsp;<\/p>\n<h3>Hiusten hoitok\u00e4sittelyt<\/h3>\n<p>Hiusten pesu -videot (moniviestin, my\u00f6s eng. kielinen)<\/p>\n<p>https:\/\/m3.jyu.fi\/jaomv\/ohjelmat\/jyvaskylan-ammattiopisto\/hyvinvointi-ja-kulttuuri\/hiusala\/hi14y\/hiusten-pesu-video<br \/>\nHiuksen rakenne<br \/>\nHiusten hoitamisen perusteet (iho, hius, ainetietous, hoitok\u00e4sittely, kest\u00e4v\u00e4 kehitys, hygienia) scwarzkopf- professional<br \/>\nTerveellinen ateria<\/p>\n<h3>Yritystoiminta<\/h3>\n<p>Paperisodasta permanenttiin, kaikki parturi-kampaamon perustamisesta, Scwartzkopf-finland.fi<br \/>\nTekij\u00e4noikeuksien perusteita, cc ja netiketti, (www.kopiraitti.fi, tekij\u00e4noikeuden ABC, www.kopiosto.fi<br \/>\nKannattavuus ja katetuotto (edu.fi)<br \/>\nTuoteturvallisuus -opas kampaamoille (pdf)<br \/>\nTy\u00f6ss\u00e4oppimisen ty\u00f6suojelu hiusalan perustutkinnoissa (pdf)<br \/>\nYrityksen perustamisopas\u00a0 2015<\/p>\n<h3>Partak\u00e4sittelyt<\/h3>\n<p>Partak\u00e4sittelyt (youtube)<\/p>\n<p>Klassinen parranajo veitsell\u00e4 vol 1(video)<br \/>\nKlassinen parranajo veitsell\u00e4 vol 2 (video)<br \/>\nKlassinen parran muotoilu saksi-kampa tekniikalla (video)<br \/>\nParranajo ja kasvojen hieronta (video)<br \/>\nParranajo ja v\u00e4lineiden puhdistus (video)<br \/>\nParran v\u00e4rj\u00e4ys (video)<\/p>\n<h3>Kampaukset<\/h3>\n<p>Kampaukset (youtube)<\/p>\n<p>Klassinen f\u00f6\u00f6nikampaus puolipitkiin hiuksiin (video)<br \/>\nKlassinen rullakampaus puolipitkiin hiuksiin (video)<\/p>\n<h3>Permanenttik\u00e4sittelyt<\/h3>\n<p>Permanenttik\u00e4sittelyn ty\u00f6vaiheet sek\u00e4 klassinen permanentin kiert\u00e4minen<\/p>\n<h3>Asiakaspalvelu<\/h3>\n<p>Jaanan ja Lilin video?<\/p>\n","protected":false},"excerpt":{"rendered":"<p>Hiusten leikkaukset Hiusten leikkaukset (youtube) Hiusten leikkaus veitsell\u00e4 (video) Kerrostusleikkaus puolipitkiin hiuksiin (video) &nbsp; Hiusten hoitok\u00e4sittelyt Hiusten pesu -videot (moniviestin, my\u00f6s eng. kielinen) https:\/\/m3.jyu.fi\/jaomv\/ohjelmat\/jyvaskylan-ammattiopisto\/hyvinvointi-ja-kulttuuri\/hiusala\/hi14y\/hiusten-pesu-video Hiuksen rakenne Hiusten hoitamisen perusteet (iho, hius, ainetietous, hoitok\u00e4sittely, kest\u00e4v\u00e4 kehitys, hygienia) scwarzkopf- professional Terveellinen ateria Yritystoiminta Paperisodasta permanenttiin, kaikki parturi-kampaamon perustamisesta, Scwartzkopf-finland.fi Tekij\u00e4noikeuksien perusteita, cc ja netiketti, (www.kopiraitti.fi, tekij\u00e4noikeuden ABC, &hellip; <a href=\"https:\/\/blogit.gradia.fi\/hiuskilta\/hiusalan-verkko-oppimateriaalit\/\" class=\"more-link\">Jatka lukemista <span class=\"screen-reader-text\">Hiusalan verkko-oppimateriaalit<\/span> <span class=\"meta-nav\">&rarr;<\/span><\/a><\/p>\n","protected":false},"author":161,"featured_media":0,"parent":0,"menu_order":0,"comment_status":"open","ping_status":"open","template":"","meta":{"_uag_custom_page_level_css":"","footnotes":""},"class_list":["post-623","page","type-page","status-publish","hentry"],"yoast_head":"<!-- This site is optimized with the Yoast SEO plugin v27.4 - https:\/\/yoast.com\/product\/yoast-seo-wordpress\/ -->\n<title>Hiusalan verkko-oppimateriaalit - Hiuskilta Original<\/title>\n<meta name=\"robots\" content=\"index, follow, max-snippet:-1, max-image-preview:large, max-video-preview:-1\" \/>\n<link rel=\"canonical\" href=\"https:\/\/blogit.gradia.fi\/hiuskilta\/hiusalan-verkko-oppimateriaalit\/\" \/>\n<meta property=\"og:locale\" content=\"fi_FI\" \/>\n<meta property=\"og:type\" content=\"article\" \/>\n<meta property=\"og:title\" content=\"Hiusalan verkko-oppimateriaalit - Hiuskilta Original\" \/>\n<meta property=\"og:description\" content=\"Hiusten leikkaukset Hiusten leikkaukset (youtube) Hiusten leikkaus veitsell\u00e4 (video) Kerrostusleikkaus puolipitkiin hiuksiin (video) &nbsp; Hiusten hoitok\u00e4sittelyt Hiusten pesu -videot (moniviestin, my\u00f6s eng. kielinen) https:\/\/m3.jyu.fi\/jaomv\/ohjelmat\/jyvaskylan-ammattiopisto\/hyvinvointi-ja-kulttuuri\/hiusala\/hi14y\/hiusten-pesu-video Hiuksen rakenne Hiusten hoitamisen perusteet (iho, hius, ainetietous, hoitok\u00e4sittely, kest\u00e4v\u00e4 kehitys, hygienia) scwarzkopf- professional Terveellinen ateria Yritystoiminta Paperisodasta permanenttiin, kaikki parturi-kampaamon perustamisesta, Scwartzkopf-finland.fi Tekij\u00e4noikeuksien perusteita, cc ja netiketti, (www.kopiraitti.fi, tekij\u00e4noikeuden ABC, &hellip; Jatka lukemista Hiusalan verkko-oppimateriaalit &rarr;\" \/>\n<meta property=\"og:url\" content=\"https:\/\/blogit.gradia.fi\/hiuskilta\/hiusalan-verkko-oppimateriaalit\/\" \/>\n<meta property=\"og:site_name\" content=\"Hiuskilta Original\" \/>\n<meta property=\"article:modified_time\" content=\"2015-05-25T05:44:43+00:00\" \/>\n<meta name=\"twitter:card\" content=\"summary_large_image\" \/>\n<meta name=\"twitter:label1\" content=\"Arvioitu lukuaika\" \/>\n\t<meta name=\"twitter:data1\" content=\"1 minuutti\" \/>\n<script type=\"application\/ld+json\" class=\"yoast-schema-graph\">{\"@context\":\"https:\\\/\\\/schema.org\",\"@graph\":[{\"@type\":\"WebPage\",\"@id\":\"https:\\\/\\\/blogit.gradia.fi\\\/hiuskilta\\\/hiusalan-verkko-oppimateriaalit\\\/\",\"url\":\"https:\\\/\\\/blogit.gradia.fi\\\/hiuskilta\\\/hiusalan-verkko-oppimateriaalit\\\/\",\"name\":\"Hiusalan verkko-oppimateriaalit - Hiuskilta Original\",\"isPartOf\":{\"@id\":\"https:\\\/\\\/blogit.gradia.fi\\\/hiuskilta\\\/#website\"},\"datePublished\":\"2015-05-25T05:36:22+00:00\",\"dateModified\":\"2015-05-25T05:44:43+00:00\",\"inLanguage\":\"fi\",\"potentialAction\":[{\"@type\":\"ReadAction\",\"target\":[\"https:\\\/\\\/blogit.gradia.fi\\\/hiuskilta\\\/hiusalan-verkko-oppimateriaalit\\\/\"]}]},{\"@type\":\"WebSite\",\"@id\":\"https:\\\/\\\/blogit.gradia.fi\\\/hiuskilta\\\/#website\",\"url\":\"https:\\\/\\\/blogit.gradia.fi\\\/hiuskilta\\\/\",\"name\":\"Hiuskilta Original\",\"description\":\"Gradia Jyv\u00e4skyl\u00e4n hiusalan avoin oppimisymp\u00e4rist\u00f6\",\"potentialAction\":[{\"@type\":\"SearchAction\",\"target\":{\"@type\":\"EntryPoint\",\"urlTemplate\":\"https:\\\/\\\/blogit.gradia.fi\\\/hiuskilta\\\/?s={search_term_string}\"},\"query-input\":{\"@type\":\"PropertyValueSpecification\",\"valueRequired\":true,\"valueName\":\"search_term_string\"}}],\"inLanguage\":\"fi\"}]}<\/script>\n<!-- \/ Yoast SEO plugin. -->","yoast_head_json":{"title":"Hiusalan verkko-oppimateriaalit - Hiuskilta Original","robots":{"index":"index","follow":"follow","max-snippet":"max-snippet:-1","max-image-preview":"max-image-preview:large","max-video-preview":"max-video-preview:-1"},"canonical":"https:\/\/blogit.gradia.fi\/hiuskilta\/hiusalan-verkko-oppimateriaalit\/","og_locale":"fi_FI","og_type":"article","og_title":"Hiusalan verkko-oppimateriaalit - Hiuskilta Original","og_description":"Hiusten leikkaukset Hiusten leikkaukset (youtube) Hiusten leikkaus veitsell\u00e4 (video) Kerrostusleikkaus puolipitkiin hiuksiin (video) &nbsp; Hiusten hoitok\u00e4sittelyt Hiusten pesu -videot (moniviestin, my\u00f6s eng. kielinen) https:\/\/m3.jyu.fi\/jaomv\/ohjelmat\/jyvaskylan-ammattiopisto\/hyvinvointi-ja-kulttuuri\/hiusala\/hi14y\/hiusten-pesu-video Hiuksen rakenne Hiusten hoitamisen perusteet (iho, hius, ainetietous, hoitok\u00e4sittely, kest\u00e4v\u00e4 kehitys, hygienia) scwarzkopf- professional Terveellinen ateria Yritystoiminta Paperisodasta permanenttiin, kaikki parturi-kampaamon perustamisesta, Scwartzkopf-finland.fi Tekij\u00e4noikeuksien perusteita, cc ja netiketti, (www.kopiraitti.fi, tekij\u00e4noikeuden ABC, &hellip; Jatka lukemista Hiusalan verkko-oppimateriaalit &rarr;","og_url":"https:\/\/blogit.gradia.fi\/hiuskilta\/hiusalan-verkko-oppimateriaalit\/","og_site_name":"Hiuskilta Original","article_modified_time":"2015-05-25T05:44:43+00:00","twitter_card":"summary_large_image","twitter_misc":{"Arvioitu lukuaika":"1 minuutti"},"schema":{"@context":"https:\/\/schema.org","@graph":[{"@type":"WebPage","@id":"https:\/\/blogit.gradia.fi\/hiuskilta\/hiusalan-verkko-oppimateriaalit\/","url":"https:\/\/blogit.gradia.fi\/hiuskilta\/hiusalan-verkko-oppimateriaalit\/","name":"Hiusalan verkko-oppimateriaalit - Hiuskilta Original","isPartOf":{"@id":"https:\/\/blogit.gradia.fi\/hiuskilta\/#website"},"datePublished":"2015-05-25T05:36:22+00:00","dateModified":"2015-05-25T05:44:43+00:00","inLanguage":"fi","potentialAction":[{"@type":"ReadAction","target":["https:\/\/blogit.gradia.fi\/hiuskilta\/hiusalan-verkko-oppimateriaalit\/"]}]},{"@type":"WebSite","@id":"https:\/\/blogit.gradia.fi\/hiuskilta\/#website","url":"https:\/\/blogit.gradia.fi\/hiuskilta\/","name":"Hiuskilta Original","description":"Gradia Jyv\u00e4skyl\u00e4n hiusalan avoin oppimisymp\u00e4rist\u00f6","potentialAction":[{"@type":"SearchAction","target":{"@type":"EntryPoint","urlTemplate":"https:\/\/blogit.gradia.fi\/hiuskilta\/?s={search_term_string}"},"query-input":{"@type":"PropertyValueSpecification","valueRequired":true,"valueName":"search_term_string"}}],"inLanguage":"fi"}]}},"uagb_featured_image_src":{"full":false,"thumbnail":false,"medium":false,"medium_large":false,"large":false,"1536x1536":false,"2048x2048":false,"post-thumbnail":false,"twentyfourteen-full-width":false},"uagb_author_info":{"display_name":"Hanna Frilander","author_link":"https:\/\/blogit.gradia.fi\/hiuskilta\/author\/frilahan\/"},"uagb_comment_info":31,"uagb_excerpt":"Hiusten leikkaukset Hiusten leikkaukset (youtube) Hiusten leikkaus veitsell\u00e4 (video) Kerrostusleikkaus puolipitkiin hiuksiin (video) &nbsp; Hiusten hoitok\u00e4sittelyt Hiusten pesu -videot (moniviestin, my\u00f6s eng. kielinen) https:\/\/m3.jyu.fi\/jaomv\/ohjelmat\/jyvaskylan-ammattiopisto\/hyvinvointi-ja-kulttuuri\/hiusala\/hi14y\/hiusten-pesu-video Hiuksen rakenne Hiusten hoitamisen perusteet (iho, hius, ainetietous, hoitok\u00e4sittely, kest\u00e4v\u00e4 kehitys, hygienia) scwarzkopf- professional Terveellinen ateria Yritystoiminta Paperisodasta permanenttiin, kaikki parturi-kampaamon perustamisesta, Scwartzkopf-finland.fi Tekij\u00e4noikeuksien perusteita, cc ja netiketti, (www.kopiraitti.fi, tekij\u00e4noikeuden ABC,&hellip;","_links":{"self":[{"href":"https:\/\/blogit.gradia.fi\/hiuskilta\/wp-json\/wp\/v2\/pages\/623","targetHints":{"allow":["GET"]}}],"collection":[{"href":"https:\/\/blogit.gradia.fi\/hiuskilta\/wp-json\/wp\/v2\/pages"}],"about":[{"href":"https:\/\/blogit.gradia.fi\/hiuskilta\/wp-json\/wp\/v2\/types\/page"}],"author":[{"embeddable":true,"href":"https:\/\/blogit.gradia.fi\/hiuskilta\/wp-json\/wp\/v2\/users\/161"}],"replies":[{"embeddable":true,"href":"https:\/\/blogit.gradia.fi\/hiuskilta\/wp-json\/wp\/v2\/comments?post=623"}],"version-history":[{"count":0,"href":"https:\/\/blogit.gradia.fi\/hiuskilta\/wp-json\/wp\/v2\/pages\/623\/revisions"}],"wp:attachment":[{"href":"https:\/\/blogit.gradia.fi\/hiuskilta\/wp-json\/wp\/v2\/media?parent=623"}],"curies":[{"name":"wp","href":"https:\/\/api.w.org\/{rel}","templated":true}]}}