{"id":592,"date":"2015-05-07T13:46:32","date_gmt":"2015-05-07T10:46:32","guid":{"rendered":"https:\/\/blogit.gradia.fi\/hiuskilta\/?page_id=592"},"modified":"2018-05-07T13:56:26","modified_gmt":"2018-05-07T10:56:26","slug":"yhteystiedot","status":"publish","type":"page","link":"https:\/\/blogit.gradia.fi\/hiuskilta\/yhteystiedot\/","title":{"rendered":"Yhteystiedot"},"content":{"rendered":"<p>Opettajien yhteystiedot<br \/>\n(etunimi.sukunimi@gradia.fi)<\/p>\n<p>Satu Mursula, p. 040-341 5208<br \/>\nRiitta Myllyniemi, p.040-341 5229<br \/>\nTiina Lehtonen, p. 040-341 5392<br \/>\nLili Heikkinen, p. 040-341 5209<br \/>\nJaana Haimakka, p. 040-341 5204<\/p>\n","protected":false},"excerpt":{"rendered":"<p>Opettajien yhteystiedot (etunimi.sukunimi@gradia.fi) Satu Mursula, p. 040-341 5208 Riitta Myllyniemi, p.040-341 5229 Tiina Lehtonen, p. 040-341 5392 Lili Heikkinen, p. 040-341 5209 Jaana Haimakka, p. 040-341 5204<\/p>\n","protected":false},"author":161,"featured_media":0,"parent":0,"menu_order":0,"comment_status":"open","ping_status":"open","template":"","meta":{"_uag_custom_page_level_css":"","footnotes":""},"class_list":["post-592","page","type-page","status-publish","hentry"],"yoast_head":"<!-- This site is optimized with the Yoast SEO plugin v27.4 - https:\/\/yoast.com\/product\/yoast-seo-wordpress\/ -->\n<title>Yhteystiedot - Hiuskilta Original<\/title>\n<meta name=\"robots\" content=\"index, follow, max-snippet:-1, max-image-preview:large, max-video-preview:-1\" \/>\n<link rel=\"canonical\" href=\"https:\/\/blogit.gradia.fi\/hiuskilta\/yhteystiedot\/\" \/>\n<meta property=\"og:locale\" content=\"fi_FI\" \/>\n<meta property=\"og:type\" content=\"article\" \/>\n<meta property=\"og:title\" content=\"Yhteystiedot - Hiuskilta Original\" \/>\n<meta property=\"og:description\" content=\"Opettajien yhteystiedot (etunimi.sukunimi@gradia.fi) Satu Mursula, p. 040-341 5208 Riitta Myllyniemi, p.040-341 5229 Tiina Lehtonen, p. 040-341 5392 Lili Heikkinen, p. 040-341 5209 Jaana Haimakka, p. 040-341 5204\" \/>\n<meta property=\"og:url\" content=\"https:\/\/blogit.gradia.fi\/hiuskilta\/yhteystiedot\/\" \/>\n<meta property=\"og:site_name\" content=\"Hiuskilta Original\" \/>\n<meta property=\"article:modified_time\" content=\"2018-05-07T10:56:26+00:00\" \/>\n<meta name=\"twitter:card\" content=\"summary_large_image\" \/>\n<script type=\"application\/ld+json\" class=\"yoast-schema-graph\">{\"@context\":\"https:\\\/\\\/schema.org\",\"@graph\":[{\"@type\":\"WebPage\",\"@id\":\"https:\\\/\\\/blogit.gradia.fi\\\/hiuskilta\\\/yhteystiedot\\\/\",\"url\":\"https:\\\/\\\/blogit.gradia.fi\\\/hiuskilta\\\/yhteystiedot\\\/\",\"name\":\"Yhteystiedot - Hiuskilta Original\",\"isPartOf\":{\"@id\":\"https:\\\/\\\/blogit.gradia.fi\\\/hiuskilta\\\/#website\"},\"datePublished\":\"2015-05-07T10:46:32+00:00\",\"dateModified\":\"2018-05-07T10:56:26+00:00\",\"inLanguage\":\"fi\",\"potentialAction\":[{\"@type\":\"ReadAction\",\"target\":[\"https:\\\/\\\/blogit.gradia.fi\\\/hiuskilta\\\/yhteystiedot\\\/\"]}]},{\"@type\":\"WebSite\",\"@id\":\"https:\\\/\\\/blogit.gradia.fi\\\/hiuskilta\\\/#website\",\"url\":\"https:\\\/\\\/blogit.gradia.fi\\\/hiuskilta\\\/\",\"name\":\"Hiuskilta Original\",\"description\":\"Gradia Jyv\u00e4skyl\u00e4n hiusalan avoin oppimisymp\u00e4rist\u00f6\",\"potentialAction\":[{\"@type\":\"SearchAction\",\"target\":{\"@type\":\"EntryPoint\",\"urlTemplate\":\"https:\\\/\\\/blogit.gradia.fi\\\/hiuskilta\\\/?s={search_term_string}\"},\"query-input\":{\"@type\":\"PropertyValueSpecification\",\"valueRequired\":true,\"valueName\":\"search_term_string\"}}],\"inLanguage\":\"fi\"}]}<\/script>\n<!-- \/ Yoast SEO plugin. -->","yoast_head_json":{"title":"Yhteystiedot - Hiuskilta Original","robots":{"index":"index","follow":"follow","max-snippet":"max-snippet:-1","max-image-preview":"max-image-preview:large","max-video-preview":"max-video-preview:-1"},"canonical":"https:\/\/blogit.gradia.fi\/hiuskilta\/yhteystiedot\/","og_locale":"fi_FI","og_type":"article","og_title":"Yhteystiedot - Hiuskilta Original","og_description":"Opettajien yhteystiedot (etunimi.sukunimi@gradia.fi) Satu Mursula, p. 040-341 5208 Riitta Myllyniemi, p.040-341 5229 Tiina Lehtonen, p. 040-341 5392 Lili Heikkinen, p. 040-341 5209 Jaana Haimakka, p. 040-341 5204","og_url":"https:\/\/blogit.gradia.fi\/hiuskilta\/yhteystiedot\/","og_site_name":"Hiuskilta Original","article_modified_time":"2018-05-07T10:56:26+00:00","twitter_card":"summary_large_image","schema":{"@context":"https:\/\/schema.org","@graph":[{"@type":"WebPage","@id":"https:\/\/blogit.gradia.fi\/hiuskilta\/yhteystiedot\/","url":"https:\/\/blogit.gradia.fi\/hiuskilta\/yhteystiedot\/","name":"Yhteystiedot - Hiuskilta Original","isPartOf":{"@id":"https:\/\/blogit.gradia.fi\/hiuskilta\/#website"},"datePublished":"2015-05-07T10:46:32+00:00","dateModified":"2018-05-07T10:56:26+00:00","inLanguage":"fi","potentialAction":[{"@type":"ReadAction","target":["https:\/\/blogit.gradia.fi\/hiuskilta\/yhteystiedot\/"]}]},{"@type":"WebSite","@id":"https:\/\/blogit.gradia.fi\/hiuskilta\/#website","url":"https:\/\/blogit.gradia.fi\/hiuskilta\/","name":"Hiuskilta Original","description":"Gradia Jyv\u00e4skyl\u00e4n hiusalan avoin oppimisymp\u00e4rist\u00f6","potentialAction":[{"@type":"SearchAction","target":{"@type":"EntryPoint","urlTemplate":"https:\/\/blogit.gradia.fi\/hiuskilta\/?s={search_term_string}"},"query-input":{"@type":"PropertyValueSpecification","valueRequired":true,"valueName":"search_term_string"}}],"inLanguage":"fi"}]}},"uagb_featured_image_src":{"full":false,"thumbnail":false,"medium":false,"medium_large":false,"large":false,"1536x1536":false,"2048x2048":false,"post-thumbnail":false,"twentyfourteen-full-width":false},"uagb_author_info":{"display_name":"Hanna Frilander","author_link":"https:\/\/blogit.gradia.fi\/hiuskilta\/author\/frilahan\/"},"uagb_comment_info":9,"uagb_excerpt":"Opettajien yhteystiedot (etunimi.sukunimi@gradia.fi) Satu Mursula, p. 040-341 5208 Riitta Myllyniemi, p.040-341 5229 Tiina Lehtonen, p. 040-341 5392 Lili Heikkinen, p. 040-341 5209 Jaana Haimakka, p. 040-341 5204","_links":{"self":[{"href":"https:\/\/blogit.gradia.fi\/hiuskilta\/wp-json\/wp\/v2\/pages\/592","targetHints":{"allow":["GET"]}}],"collection":[{"href":"https:\/\/blogit.gradia.fi\/hiuskilta\/wp-json\/wp\/v2\/pages"}],"about":[{"href":"https:\/\/blogit.gradia.fi\/hiuskilta\/wp-json\/wp\/v2\/types\/page"}],"author":[{"embeddable":true,"href":"https:\/\/blogit.gradia.fi\/hiuskilta\/wp-json\/wp\/v2\/users\/161"}],"replies":[{"embeddable":true,"href":"https:\/\/blogit.gradia.fi\/hiuskilta\/wp-json\/wp\/v2\/comments?post=592"}],"version-history":[{"count":0,"href":"https:\/\/blogit.gradia.fi\/hiuskilta\/wp-json\/wp\/v2\/pages\/592\/revisions"}],"wp:attachment":[{"href":"https:\/\/blogit.gradia.fi\/hiuskilta\/wp-json\/wp\/v2\/media?parent=592"}],"curies":[{"name":"wp","href":"https:\/\/api.w.org\/{rel}","templated":true}]}}