{"id":56,"date":"2014-05-26T09:17:11","date_gmt":"2014-05-26T06:17:11","guid":{"rendered":"https:\/\/blogit.gradia.fi\/hiustiimi\/?page_id=56"},"modified":"2015-09-24T11:29:00","modified_gmt":"2015-09-24T08:29:00","slug":"yrittajyys","status":"publish","type":"page","link":"https:\/\/blogit.gradia.fi\/hiuskilta\/yrittajyys\/","title":{"rendered":"Yritt\u00e4jyys"},"content":{"rendered":"<p>&nbsp;<\/p>\n<p><a href=\"http:\/\/yrittajyyskoulu.info\/\">Yritt\u00e4jyyskoulu K\u00e4\u00e4nt\u00f6piste<\/a><br \/>\n<a href=\"http:\/\/keski-suomi.yes-keskus.fi\">Keski-Suomen YES-keskus<\/a><br \/>\n<a href=\"http:\/\/nuoriyrittajyys.fi\/\">Nuori yritt\u00e4jyys<\/a><br \/>\n<a href=\"http:\/\/ny-yritys.fi\/\">NY-yritys.fi<\/a><\/p>\n<p>Hiusalan NY-yritykset 2015-2016<br \/>\n<a href=\"https:\/\/www.jao.fi\/fi\/Jyvaskylan-koulutuskuntayhtyma\/Asiakastyot-ja-palvelut\/Palvelut-Jyvaskylassa\/Sepan-Yrityspaja\/Parturi-kampaamot-Rehair-NY,-Ondas-NY-ja-Cabello-NY\" target=\"_blank\">Rehair NY<\/a><br \/>\n<a href=\"https:\/\/www.jao.fi\/fi\/Jyvaskylan-koulutuskuntayhtyma\/Asiakastyot-ja-palvelut\/Palvelut-Jyvaskylassa\/Sepan-Yrityspaja\/Parturi-kampaamot-Rehair-NY,-Ondas-NY-ja-Cabello-NY\" target=\"_blank\">Ondas NY<\/a><br \/>\n<a href=\"https:\/\/www.jao.fi\/fi\/Jyvaskylan-koulutuskuntayhtyma\/Asiakastyot-ja-palvelut\/Palvelut-Jyvaskylassa\/Sepan-Yrityspaja\/Parturi-kampaamot-Rehair-NY,-Ondas-NY-ja-Cabello-NY\" target=\"_blank\">Cabello NY<\/a><br \/>\nNature NY<br \/>\n<a href=\"http:\/\/www.studioak.fi\/\" target=\"_blank\">JMJ hair &amp; beauty &amp; business NY<\/a><\/p>\n","protected":false},"excerpt":{"rendered":"<p>&nbsp; Yritt\u00e4jyyskoulu K\u00e4\u00e4nt\u00f6piste Keski-Suomen YES-keskus Nuori yritt\u00e4jyys NY-yritys.fi Hiusalan NY-yritykset 2015-2016 Rehair NY Ondas NY Cabello NY Nature NY JMJ hair &amp; beauty &amp; business NY<\/p>\n","protected":false},"author":527,"featured_media":0,"parent":0,"menu_order":0,"comment_status":"open","ping_status":"open","template":"","meta":{"_uag_custom_page_level_css":"","footnotes":""},"class_list":["post-56","page","type-page","status-publish","hentry"],"yoast_head":"<!-- This site is optimized with the Yoast SEO plugin v27.4 - https:\/\/yoast.com\/product\/yoast-seo-wordpress\/ -->\n<title>Yritt\u00e4jyys - Hiuskilta Original<\/title>\n<meta name=\"robots\" content=\"index, follow, max-snippet:-1, max-image-preview:large, max-video-preview:-1\" \/>\n<link rel=\"canonical\" href=\"https:\/\/blogit.gradia.fi\/hiuskilta\/yrittajyys\/\" \/>\n<meta property=\"og:locale\" content=\"fi_FI\" \/>\n<meta property=\"og:type\" content=\"article\" \/>\n<meta property=\"og:title\" content=\"Yritt\u00e4jyys - Hiuskilta Original\" \/>\n<meta property=\"og:description\" content=\"&nbsp; Yritt\u00e4jyyskoulu K\u00e4\u00e4nt\u00f6piste Keski-Suomen YES-keskus Nuori yritt\u00e4jyys NY-yritys.fi Hiusalan NY-yritykset 2015-2016 Rehair NY Ondas NY Cabello NY Nature NY JMJ hair &amp; beauty &amp; business NY\" \/>\n<meta property=\"og:url\" content=\"https:\/\/blogit.gradia.fi\/hiuskilta\/yrittajyys\/\" \/>\n<meta property=\"og:site_name\" content=\"Hiuskilta Original\" \/>\n<meta property=\"article:modified_time\" content=\"2015-09-24T08:29:00+00:00\" \/>\n<meta name=\"twitter:card\" content=\"summary_large_image\" \/>\n<script type=\"application\/ld+json\" class=\"yoast-schema-graph\">{\"@context\":\"https:\\\/\\\/schema.org\",\"@graph\":[{\"@type\":\"WebPage\",\"@id\":\"https:\\\/\\\/blogit.gradia.fi\\\/hiuskilta\\\/yrittajyys\\\/\",\"url\":\"https:\\\/\\\/blogit.gradia.fi\\\/hiuskilta\\\/yrittajyys\\\/\",\"name\":\"Yritt\u00e4jyys - Hiuskilta Original\",\"isPartOf\":{\"@id\":\"https:\\\/\\\/blogit.gradia.fi\\\/hiuskilta\\\/#website\"},\"datePublished\":\"2014-05-26T06:17:11+00:00\",\"dateModified\":\"2015-09-24T08:29:00+00:00\",\"inLanguage\":\"fi\",\"potentialAction\":[{\"@type\":\"ReadAction\",\"target\":[\"https:\\\/\\\/blogit.gradia.fi\\\/hiuskilta\\\/yrittajyys\\\/\"]}]},{\"@type\":\"WebSite\",\"@id\":\"https:\\\/\\\/blogit.gradia.fi\\\/hiuskilta\\\/#website\",\"url\":\"https:\\\/\\\/blogit.gradia.fi\\\/hiuskilta\\\/\",\"name\":\"Hiuskilta Original\",\"description\":\"Gradia Jyv\u00e4skyl\u00e4n hiusalan avoin oppimisymp\u00e4rist\u00f6\",\"potentialAction\":[{\"@type\":\"SearchAction\",\"target\":{\"@type\":\"EntryPoint\",\"urlTemplate\":\"https:\\\/\\\/blogit.gradia.fi\\\/hiuskilta\\\/?s={search_term_string}\"},\"query-input\":{\"@type\":\"PropertyValueSpecification\",\"valueRequired\":true,\"valueName\":\"search_term_string\"}}],\"inLanguage\":\"fi\"}]}<\/script>\n<!-- \/ Yoast SEO plugin. -->","yoast_head_json":{"title":"Yritt\u00e4jyys - Hiuskilta Original","robots":{"index":"index","follow":"follow","max-snippet":"max-snippet:-1","max-image-preview":"max-image-preview:large","max-video-preview":"max-video-preview:-1"},"canonical":"https:\/\/blogit.gradia.fi\/hiuskilta\/yrittajyys\/","og_locale":"fi_FI","og_type":"article","og_title":"Yritt\u00e4jyys - Hiuskilta Original","og_description":"&nbsp; Yritt\u00e4jyyskoulu K\u00e4\u00e4nt\u00f6piste Keski-Suomen YES-keskus Nuori yritt\u00e4jyys NY-yritys.fi Hiusalan NY-yritykset 2015-2016 Rehair NY Ondas NY Cabello NY Nature NY JMJ hair &amp; beauty &amp; business NY","og_url":"https:\/\/blogit.gradia.fi\/hiuskilta\/yrittajyys\/","og_site_name":"Hiuskilta Original","article_modified_time":"2015-09-24T08:29:00+00:00","twitter_card":"summary_large_image","schema":{"@context":"https:\/\/schema.org","@graph":[{"@type":"WebPage","@id":"https:\/\/blogit.gradia.fi\/hiuskilta\/yrittajyys\/","url":"https:\/\/blogit.gradia.fi\/hiuskilta\/yrittajyys\/","name":"Yritt\u00e4jyys - Hiuskilta Original","isPartOf":{"@id":"https:\/\/blogit.gradia.fi\/hiuskilta\/#website"},"datePublished":"2014-05-26T06:17:11+00:00","dateModified":"2015-09-24T08:29:00+00:00","inLanguage":"fi","potentialAction":[{"@type":"ReadAction","target":["https:\/\/blogit.gradia.fi\/hiuskilta\/yrittajyys\/"]}]},{"@type":"WebSite","@id":"https:\/\/blogit.gradia.fi\/hiuskilta\/#website","url":"https:\/\/blogit.gradia.fi\/hiuskilta\/","name":"Hiuskilta Original","description":"Gradia Jyv\u00e4skyl\u00e4n hiusalan avoin oppimisymp\u00e4rist\u00f6","potentialAction":[{"@type":"SearchAction","target":{"@type":"EntryPoint","urlTemplate":"https:\/\/blogit.gradia.fi\/hiuskilta\/?s={search_term_string}"},"query-input":{"@type":"PropertyValueSpecification","valueRequired":true,"valueName":"search_term_string"}}],"inLanguage":"fi"}]}},"uagb_featured_image_src":{"full":false,"thumbnail":false,"medium":false,"medium_large":false,"large":false,"1536x1536":false,"2048x2048":false,"post-thumbnail":false,"twentyfourteen-full-width":false},"uagb_author_info":{"display_name":"Satu Mursula","author_link":"https:\/\/blogit.gradia.fi\/hiuskilta\/author\/satub\/"},"uagb_comment_info":1,"uagb_excerpt":"&nbsp; Yritt\u00e4jyyskoulu K\u00e4\u00e4nt\u00f6piste Keski-Suomen YES-keskus Nuori yritt\u00e4jyys NY-yritys.fi Hiusalan NY-yritykset 2015-2016 Rehair NY Ondas NY Cabello NY Nature NY JMJ hair &amp; beauty &amp; business NY","_links":{"self":[{"href":"https:\/\/blogit.gradia.fi\/hiuskilta\/wp-json\/wp\/v2\/pages\/56","targetHints":{"allow":["GET"]}}],"collection":[{"href":"https:\/\/blogit.gradia.fi\/hiuskilta\/wp-json\/wp\/v2\/pages"}],"about":[{"href":"https:\/\/blogit.gradia.fi\/hiuskilta\/wp-json\/wp\/v2\/types\/page"}],"author":[{"embeddable":true,"href":"https:\/\/blogit.gradia.fi\/hiuskilta\/wp-json\/wp\/v2\/users\/527"}],"replies":[{"embeddable":true,"href":"https:\/\/blogit.gradia.fi\/hiuskilta\/wp-json\/wp\/v2\/comments?post=56"}],"version-history":[{"count":0,"href":"https:\/\/blogit.gradia.fi\/hiuskilta\/wp-json\/wp\/v2\/pages\/56\/revisions"}],"wp:attachment":[{"href":"https:\/\/blogit.gradia.fi\/hiuskilta\/wp-json\/wp\/v2\/media?parent=56"}],"curies":[{"name":"wp","href":"https:\/\/api.w.org\/{rel}","templated":true}]}}