{"id":547,"date":"2015-05-07T13:03:36","date_gmt":"2015-05-07T10:03:36","guid":{"rendered":"https:\/\/blogit.gradia.fi\/hiuskilta\/?page_id=547"},"modified":"2015-12-21T10:29:35","modified_gmt":"2015-12-21T08:29:35","slug":"ammattiosaamisen-naytot","status":"publish","type":"page","link":"https:\/\/blogit.gradia.fi\/hiuskilta\/ammattiosaamisen-naytot\/","title":{"rendered":"Ammattiosaamisen n\u00e4yt\u00f6t"},"content":{"rendered":"<h1>Pakolliset tutkinnon osat<\/h1>\n<ul>\n<li>Hiusten leikkaaminen ja partak\u00e4sittelyt<\/li>\n<li>Kampaukset ja ehostus<\/li>\n<li>V\u00e4rj\u00e4ysk\u00e4sittelyt<\/li>\n<li>Permanenttik\u00e4sittelyt<\/li>\n<li>Hiusalan yritt\u00e4jyys ja yritystoiminta<\/li>\n<\/ul>\n<h1>Valinnaiset tutkinnon osat<\/h1>\n<ul>\n<li>Asiakkaan tyylipalvelut<\/li>\n<li>Hiusten hoito- ja muotoilukokonaisuudet<\/li>\n<li>Yritystoiminnan suunnittelu<\/li>\n<\/ul>\n","protected":false},"excerpt":{"rendered":"<p>Pakolliset tutkinnon osat Hiusten leikkaaminen ja partak\u00e4sittelyt Kampaukset ja ehostus V\u00e4rj\u00e4ysk\u00e4sittelyt Permanenttik\u00e4sittelyt Hiusalan yritt\u00e4jyys ja yritystoiminta Valinnaiset tutkinnon osat Asiakkaan tyylipalvelut Hiusten hoito- ja muotoilukokonaisuudet Yritystoiminnan suunnittelu<\/p>\n","protected":false},"author":161,"featured_media":0,"parent":0,"menu_order":0,"comment_status":"open","ping_status":"open","template":"","meta":{"_uag_custom_page_level_css":"","footnotes":""},"class_list":["post-547","page","type-page","status-publish","hentry"],"yoast_head":"<!-- This site is optimized with the Yoast SEO plugin v27.4 - https:\/\/yoast.com\/product\/yoast-seo-wordpress\/ -->\n<title>Ammattiosaamisen n\u00e4yt\u00f6t - Hiuskilta Original<\/title>\n<meta name=\"robots\" content=\"index, follow, max-snippet:-1, max-image-preview:large, max-video-preview:-1\" \/>\n<link rel=\"canonical\" href=\"https:\/\/blogit.gradia.fi\/hiuskilta\/ammattiosaamisen-naytot\/\" \/>\n<meta property=\"og:locale\" content=\"fi_FI\" \/>\n<meta property=\"og:type\" content=\"article\" \/>\n<meta property=\"og:title\" content=\"Ammattiosaamisen n\u00e4yt\u00f6t - Hiuskilta Original\" \/>\n<meta property=\"og:description\" content=\"Pakolliset tutkinnon osat Hiusten leikkaaminen ja partak\u00e4sittelyt Kampaukset ja ehostus V\u00e4rj\u00e4ysk\u00e4sittelyt Permanenttik\u00e4sittelyt Hiusalan yritt\u00e4jyys ja yritystoiminta Valinnaiset tutkinnon osat Asiakkaan tyylipalvelut Hiusten hoito- ja muotoilukokonaisuudet Yritystoiminnan suunnittelu\" \/>\n<meta property=\"og:url\" content=\"https:\/\/blogit.gradia.fi\/hiuskilta\/ammattiosaamisen-naytot\/\" \/>\n<meta property=\"og:site_name\" content=\"Hiuskilta Original\" \/>\n<meta property=\"article:modified_time\" content=\"2015-12-21T08:29:35+00:00\" \/>\n<meta name=\"twitter:card\" content=\"summary_large_image\" \/>\n<script type=\"application\/ld+json\" class=\"yoast-schema-graph\">{\"@context\":\"https:\\\/\\\/schema.org\",\"@graph\":[{\"@type\":\"WebPage\",\"@id\":\"https:\\\/\\\/blogit.gradia.fi\\\/hiuskilta\\\/ammattiosaamisen-naytot\\\/\",\"url\":\"https:\\\/\\\/blogit.gradia.fi\\\/hiuskilta\\\/ammattiosaamisen-naytot\\\/\",\"name\":\"Ammattiosaamisen n\u00e4yt\u00f6t - Hiuskilta Original\",\"isPartOf\":{\"@id\":\"https:\\\/\\\/blogit.gradia.fi\\\/hiuskilta\\\/#website\"},\"datePublished\":\"2015-05-07T10:03:36+00:00\",\"dateModified\":\"2015-12-21T08:29:35+00:00\",\"inLanguage\":\"fi\",\"potentialAction\":[{\"@type\":\"ReadAction\",\"target\":[\"https:\\\/\\\/blogit.gradia.fi\\\/hiuskilta\\\/ammattiosaamisen-naytot\\\/\"]}]},{\"@type\":\"WebSite\",\"@id\":\"https:\\\/\\\/blogit.gradia.fi\\\/hiuskilta\\\/#website\",\"url\":\"https:\\\/\\\/blogit.gradia.fi\\\/hiuskilta\\\/\",\"name\":\"Hiuskilta Original\",\"description\":\"Gradia Jyv\u00e4skyl\u00e4n hiusalan avoin oppimisymp\u00e4rist\u00f6\",\"potentialAction\":[{\"@type\":\"SearchAction\",\"target\":{\"@type\":\"EntryPoint\",\"urlTemplate\":\"https:\\\/\\\/blogit.gradia.fi\\\/hiuskilta\\\/?s={search_term_string}\"},\"query-input\":{\"@type\":\"PropertyValueSpecification\",\"valueRequired\":true,\"valueName\":\"search_term_string\"}}],\"inLanguage\":\"fi\"}]}<\/script>\n<!-- \/ Yoast SEO plugin. -->","yoast_head_json":{"title":"Ammattiosaamisen n\u00e4yt\u00f6t - Hiuskilta Original","robots":{"index":"index","follow":"follow","max-snippet":"max-snippet:-1","max-image-preview":"max-image-preview:large","max-video-preview":"max-video-preview:-1"},"canonical":"https:\/\/blogit.gradia.fi\/hiuskilta\/ammattiosaamisen-naytot\/","og_locale":"fi_FI","og_type":"article","og_title":"Ammattiosaamisen n\u00e4yt\u00f6t - Hiuskilta Original","og_description":"Pakolliset tutkinnon osat Hiusten leikkaaminen ja partak\u00e4sittelyt Kampaukset ja ehostus V\u00e4rj\u00e4ysk\u00e4sittelyt Permanenttik\u00e4sittelyt Hiusalan yritt\u00e4jyys ja yritystoiminta Valinnaiset tutkinnon osat Asiakkaan tyylipalvelut Hiusten hoito- ja muotoilukokonaisuudet Yritystoiminnan suunnittelu","og_url":"https:\/\/blogit.gradia.fi\/hiuskilta\/ammattiosaamisen-naytot\/","og_site_name":"Hiuskilta Original","article_modified_time":"2015-12-21T08:29:35+00:00","twitter_card":"summary_large_image","schema":{"@context":"https:\/\/schema.org","@graph":[{"@type":"WebPage","@id":"https:\/\/blogit.gradia.fi\/hiuskilta\/ammattiosaamisen-naytot\/","url":"https:\/\/blogit.gradia.fi\/hiuskilta\/ammattiosaamisen-naytot\/","name":"Ammattiosaamisen n\u00e4yt\u00f6t - Hiuskilta Original","isPartOf":{"@id":"https:\/\/blogit.gradia.fi\/hiuskilta\/#website"},"datePublished":"2015-05-07T10:03:36+00:00","dateModified":"2015-12-21T08:29:35+00:00","inLanguage":"fi","potentialAction":[{"@type":"ReadAction","target":["https:\/\/blogit.gradia.fi\/hiuskilta\/ammattiosaamisen-naytot\/"]}]},{"@type":"WebSite","@id":"https:\/\/blogit.gradia.fi\/hiuskilta\/#website","url":"https:\/\/blogit.gradia.fi\/hiuskilta\/","name":"Hiuskilta Original","description":"Gradia Jyv\u00e4skyl\u00e4n hiusalan avoin oppimisymp\u00e4rist\u00f6","potentialAction":[{"@type":"SearchAction","target":{"@type":"EntryPoint","urlTemplate":"https:\/\/blogit.gradia.fi\/hiuskilta\/?s={search_term_string}"},"query-input":{"@type":"PropertyValueSpecification","valueRequired":true,"valueName":"search_term_string"}}],"inLanguage":"fi"}]}},"uagb_featured_image_src":{"full":false,"thumbnail":false,"medium":false,"medium_large":false,"large":false,"1536x1536":false,"2048x2048":false,"post-thumbnail":false,"twentyfourteen-full-width":false},"uagb_author_info":{"display_name":"Hanna Frilander","author_link":"https:\/\/blogit.gradia.fi\/hiuskilta\/author\/frilahan\/"},"uagb_comment_info":0,"uagb_excerpt":"Pakolliset tutkinnon osat Hiusten leikkaaminen ja partak\u00e4sittelyt Kampaukset ja ehostus V\u00e4rj\u00e4ysk\u00e4sittelyt Permanenttik\u00e4sittelyt Hiusalan yritt\u00e4jyys ja yritystoiminta Valinnaiset tutkinnon osat Asiakkaan tyylipalvelut Hiusten hoito- ja muotoilukokonaisuudet Yritystoiminnan suunnittelu","_links":{"self":[{"href":"https:\/\/blogit.gradia.fi\/hiuskilta\/wp-json\/wp\/v2\/pages\/547","targetHints":{"allow":["GET"]}}],"collection":[{"href":"https:\/\/blogit.gradia.fi\/hiuskilta\/wp-json\/wp\/v2\/pages"}],"about":[{"href":"https:\/\/blogit.gradia.fi\/hiuskilta\/wp-json\/wp\/v2\/types\/page"}],"author":[{"embeddable":true,"href":"https:\/\/blogit.gradia.fi\/hiuskilta\/wp-json\/wp\/v2\/users\/161"}],"replies":[{"embeddable":true,"href":"https:\/\/blogit.gradia.fi\/hiuskilta\/wp-json\/wp\/v2\/comments?post=547"}],"version-history":[{"count":0,"href":"https:\/\/blogit.gradia.fi\/hiuskilta\/wp-json\/wp\/v2\/pages\/547\/revisions"}],"wp:attachment":[{"href":"https:\/\/blogit.gradia.fi\/hiuskilta\/wp-json\/wp\/v2\/media?parent=547"}],"curies":[{"name":"wp","href":"https:\/\/api.w.org\/{rel}","templated":true}]}}