{"id":530,"date":"2015-05-07T12:41:10","date_gmt":"2015-05-07T09:41:10","guid":{"rendered":"https:\/\/blogit.gradia.fi\/hiuskilta\/?page_id=530"},"modified":"2015-05-25T12:01:39","modified_gmt":"2015-05-25T09:01:39","slug":"tervetuloa-hiusalan-oppimisymparistoon","status":"publish","type":"page","link":"https:\/\/blogit.gradia.fi\/hiuskilta\/","title":{"rendered":"Tervetuloa"},"content":{"rendered":"<h2>Tervetuloa Hiusalan oppimisymp\u00e4rist\u00f6\u00f6n!<\/h2>\n<p>T\u00e4m\u00e4 oppimisymp\u00e4rist\u00f6 on tarkoitettu opiskelijoiden ja opettajien ty\u00f6v\u00e4lineeksi opintojen aikana.<\/p>\n<p><a href=\"https:\/\/blogit.gradia.fi\/hiuskilta\/wp-content\/uploads\/sites\/74\/2014\/05\/hiuskilta_06052015.png\"><img loading=\"lazy\" decoding=\"async\" class=\" size-full wp-image-430 aligncenter\" src=\"https:\/\/blogit.gradia.fi\/hiuskilta\/wp-content\/uploads\/sites\/74\/2014\/05\/hiuskilta_06052015.png\" alt=\"hiuskilta_06052015\" width=\"480\" height=\"206\" srcset=\"https:\/\/blogit.gradia.fi\/hiuskilta\/wp-content\/uploads\/sites\/74\/2014\/05\/hiuskilta_06052015.png 480w, https:\/\/blogit.gradia.fi\/hiuskilta\/wp-content\/uploads\/sites\/74\/2014\/05\/hiuskilta_06052015-300x129.png 300w\" sizes=\"auto, (max-width: 480px) 100vw, 480px\" \/><\/a><\/p>\n<p>Jyv\u00e4skyl\u00e4n ammattiopiston hiusalan ensimm\u00e4isen vuoden opiskelijat liittyiv\u00e4t ensimm\u00e4isen\u00e4 Suomessa 2014 Kiltakoulu- toimintaan ja saivat oman Hiuskilta Original logonsa.<\/p>\n<p>Kiltakoulujen tavoitteena on luoda eri ammattialoille soveltuvia sosiaalisen median palveluja hy\u00f6dynt\u00e4v\u00e4 pedagoginen malli, jossa yhdistyv\u00e4t opiskelijakeskeisyys ja vertaisoppiminen.<\/p>\n<p>Hiuskillan tavoitteena on taata opiskelijalle sellaiset tiedot ja taidot, joita yritykset ty\u00f6ntekij\u00f6ilt\u00e4\u00e4n odottavat nyt ja tulevaisuudessa.<\/p>\n<p>&nbsp;<\/p>\n","protected":false},"excerpt":{"rendered":"<p>Tervetuloa Hiusalan oppimisymp\u00e4rist\u00f6\u00f6n! T\u00e4m\u00e4 oppimisymp\u00e4rist\u00f6 on tarkoitettu opiskelijoiden ja opettajien ty\u00f6v\u00e4lineeksi opintojen aikana. Jyv\u00e4skyl\u00e4n ammattiopiston hiusalan ensimm\u00e4isen vuoden opiskelijat liittyiv\u00e4t ensimm\u00e4isen\u00e4 Suomessa 2014 Kiltakoulu- toimintaan ja saivat oman Hiuskilta Original logonsa. Kiltakoulujen tavoitteena on luoda eri ammattialoille soveltuvia sosiaalisen median palveluja hy\u00f6dynt\u00e4v\u00e4 pedagoginen malli, jossa yhdistyv\u00e4t opiskelijakeskeisyys ja vertaisoppiminen. Hiuskillan tavoitteena on taata opiskelijalle sellaiset &hellip; <a href=\"https:\/\/blogit.gradia.fi\/hiuskilta\/\" class=\"more-link\">Jatka lukemista <span class=\"screen-reader-text\">Tervetuloa<\/span> <span class=\"meta-nav\">&rarr;<\/span><\/a><\/p>\n","protected":false},"author":161,"featured_media":0,"parent":0,"menu_order":0,"comment_status":"open","ping_status":"open","template":"","meta":{"_uag_custom_page_level_css":"","footnotes":""},"class_list":["post-530","page","type-page","status-publish","hentry"],"yoast_head":"<!-- This site is optimized with the Yoast SEO plugin v27.4 - https:\/\/yoast.com\/product\/yoast-seo-wordpress\/ -->\n<title>Tervetuloa - Hiuskilta Original<\/title>\n<meta name=\"robots\" content=\"index, follow, max-snippet:-1, max-image-preview:large, max-video-preview:-1\" \/>\n<link rel=\"canonical\" href=\"https:\/\/blogit.gradia.fi\/hiuskilta\/\" \/>\n<meta property=\"og:locale\" content=\"fi_FI\" \/>\n<meta property=\"og:type\" content=\"article\" \/>\n<meta property=\"og:title\" content=\"Tervetuloa - Hiuskilta Original\" \/>\n<meta property=\"og:description\" content=\"Tervetuloa Hiusalan oppimisymp\u00e4rist\u00f6\u00f6n! T\u00e4m\u00e4 oppimisymp\u00e4rist\u00f6 on tarkoitettu opiskelijoiden ja opettajien ty\u00f6v\u00e4lineeksi opintojen aikana. Jyv\u00e4skyl\u00e4n ammattiopiston hiusalan ensimm\u00e4isen vuoden opiskelijat liittyiv\u00e4t ensimm\u00e4isen\u00e4 Suomessa 2014 Kiltakoulu- toimintaan ja saivat oman Hiuskilta Original logonsa. Kiltakoulujen tavoitteena on luoda eri ammattialoille soveltuvia sosiaalisen median palveluja hy\u00f6dynt\u00e4v\u00e4 pedagoginen malli, jossa yhdistyv\u00e4t opiskelijakeskeisyys ja vertaisoppiminen. Hiuskillan tavoitteena on taata opiskelijalle sellaiset &hellip; Jatka lukemista Tervetuloa &rarr;\" \/>\n<meta property=\"og:url\" content=\"https:\/\/blogit.gradia.fi\/hiuskilta\/\" \/>\n<meta property=\"og:site_name\" content=\"Hiuskilta Original\" \/>\n<meta property=\"article:modified_time\" content=\"2015-05-25T09:01:39+00:00\" \/>\n<meta property=\"og:image\" content=\"https:\/\/blogit.gradia.fi\/hiuskilta\/wp-content\/uploads\/sites\/74\/2014\/05\/hiuskilta_06052015.png\" \/>\n<meta name=\"twitter:card\" content=\"summary_large_image\" \/>\n<script type=\"application\/ld+json\" class=\"yoast-schema-graph\">{\"@context\":\"https:\\\/\\\/schema.org\",\"@graph\":[{\"@type\":\"WebPage\",\"@id\":\"https:\\\/\\\/blogit.gradia.fi\\\/hiuskilta\\\/\",\"url\":\"https:\\\/\\\/blogit.gradia.fi\\\/hiuskilta\\\/\",\"name\":\"Tervetuloa - Hiuskilta Original\",\"isPartOf\":{\"@id\":\"https:\\\/\\\/blogit.gradia.fi\\\/hiuskilta\\\/#website\"},\"primaryImageOfPage\":{\"@id\":\"https:\\\/\\\/blogit.gradia.fi\\\/hiuskilta\\\/#primaryimage\"},\"image\":{\"@id\":\"https:\\\/\\\/blogit.gradia.fi\\\/hiuskilta\\\/#primaryimage\"},\"thumbnailUrl\":\"https:\\\/\\\/blogit.gradia.fi\\\/hiuskilta\\\/wp-content\\\/uploads\\\/sites\\\/74\\\/2014\\\/05\\\/hiuskilta_06052015.png\",\"datePublished\":\"2015-05-07T09:41:10+00:00\",\"dateModified\":\"2015-05-25T09:01:39+00:00\",\"inLanguage\":\"fi\",\"potentialAction\":[{\"@type\":\"ReadAction\",\"target\":[\"https:\\\/\\\/blogit.gradia.fi\\\/hiuskilta\\\/\"]}]},{\"@type\":\"ImageObject\",\"inLanguage\":\"fi\",\"@id\":\"https:\\\/\\\/blogit.gradia.fi\\\/hiuskilta\\\/#primaryimage\",\"url\":\"https:\\\/\\\/blogit.gradia.fi\\\/hiuskilta\\\/wp-content\\\/uploads\\\/sites\\\/74\\\/2014\\\/05\\\/hiuskilta_06052015.png\",\"contentUrl\":\"https:\\\/\\\/blogit.gradia.fi\\\/hiuskilta\\\/wp-content\\\/uploads\\\/sites\\\/74\\\/2014\\\/05\\\/hiuskilta_06052015.png\",\"width\":480,\"height\":206},{\"@type\":\"WebSite\",\"@id\":\"https:\\\/\\\/blogit.gradia.fi\\\/hiuskilta\\\/#website\",\"url\":\"https:\\\/\\\/blogit.gradia.fi\\\/hiuskilta\\\/\",\"name\":\"Hiuskilta Original\",\"description\":\"Gradia Jyv\u00e4skyl\u00e4n hiusalan avoin oppimisymp\u00e4rist\u00f6\",\"potentialAction\":[{\"@type\":\"SearchAction\",\"target\":{\"@type\":\"EntryPoint\",\"urlTemplate\":\"https:\\\/\\\/blogit.gradia.fi\\\/hiuskilta\\\/?s={search_term_string}\"},\"query-input\":{\"@type\":\"PropertyValueSpecification\",\"valueRequired\":true,\"valueName\":\"search_term_string\"}}],\"inLanguage\":\"fi\"}]}<\/script>\n<!-- \/ Yoast SEO plugin. -->","yoast_head_json":{"title":"Tervetuloa - Hiuskilta Original","robots":{"index":"index","follow":"follow","max-snippet":"max-snippet:-1","max-image-preview":"max-image-preview:large","max-video-preview":"max-video-preview:-1"},"canonical":"https:\/\/blogit.gradia.fi\/hiuskilta\/","og_locale":"fi_FI","og_type":"article","og_title":"Tervetuloa - Hiuskilta Original","og_description":"Tervetuloa Hiusalan oppimisymp\u00e4rist\u00f6\u00f6n! T\u00e4m\u00e4 oppimisymp\u00e4rist\u00f6 on tarkoitettu opiskelijoiden ja opettajien ty\u00f6v\u00e4lineeksi opintojen aikana. Jyv\u00e4skyl\u00e4n ammattiopiston hiusalan ensimm\u00e4isen vuoden opiskelijat liittyiv\u00e4t ensimm\u00e4isen\u00e4 Suomessa 2014 Kiltakoulu- toimintaan ja saivat oman Hiuskilta Original logonsa. Kiltakoulujen tavoitteena on luoda eri ammattialoille soveltuvia sosiaalisen median palveluja hy\u00f6dynt\u00e4v\u00e4 pedagoginen malli, jossa yhdistyv\u00e4t opiskelijakeskeisyys ja vertaisoppiminen. Hiuskillan tavoitteena on taata opiskelijalle sellaiset &hellip; Jatka lukemista Tervetuloa &rarr;","og_url":"https:\/\/blogit.gradia.fi\/hiuskilta\/","og_site_name":"Hiuskilta Original","article_modified_time":"2015-05-25T09:01:39+00:00","og_image":[{"url":"https:\/\/blogit.gradia.fi\/hiuskilta\/wp-content\/uploads\/sites\/74\/2014\/05\/hiuskilta_06052015.png","type":"","width":"","height":""}],"twitter_card":"summary_large_image","schema":{"@context":"https:\/\/schema.org","@graph":[{"@type":"WebPage","@id":"https:\/\/blogit.gradia.fi\/hiuskilta\/","url":"https:\/\/blogit.gradia.fi\/hiuskilta\/","name":"Tervetuloa - Hiuskilta Original","isPartOf":{"@id":"https:\/\/blogit.gradia.fi\/hiuskilta\/#website"},"primaryImageOfPage":{"@id":"https:\/\/blogit.gradia.fi\/hiuskilta\/#primaryimage"},"image":{"@id":"https:\/\/blogit.gradia.fi\/hiuskilta\/#primaryimage"},"thumbnailUrl":"https:\/\/blogit.gradia.fi\/hiuskilta\/wp-content\/uploads\/sites\/74\/2014\/05\/hiuskilta_06052015.png","datePublished":"2015-05-07T09:41:10+00:00","dateModified":"2015-05-25T09:01:39+00:00","inLanguage":"fi","potentialAction":[{"@type":"ReadAction","target":["https:\/\/blogit.gradia.fi\/hiuskilta\/"]}]},{"@type":"ImageObject","inLanguage":"fi","@id":"https:\/\/blogit.gradia.fi\/hiuskilta\/#primaryimage","url":"https:\/\/blogit.gradia.fi\/hiuskilta\/wp-content\/uploads\/sites\/74\/2014\/05\/hiuskilta_06052015.png","contentUrl":"https:\/\/blogit.gradia.fi\/hiuskilta\/wp-content\/uploads\/sites\/74\/2014\/05\/hiuskilta_06052015.png","width":480,"height":206},{"@type":"WebSite","@id":"https:\/\/blogit.gradia.fi\/hiuskilta\/#website","url":"https:\/\/blogit.gradia.fi\/hiuskilta\/","name":"Hiuskilta Original","description":"Gradia Jyv\u00e4skyl\u00e4n hiusalan avoin oppimisymp\u00e4rist\u00f6","potentialAction":[{"@type":"SearchAction","target":{"@type":"EntryPoint","urlTemplate":"https:\/\/blogit.gradia.fi\/hiuskilta\/?s={search_term_string}"},"query-input":{"@type":"PropertyValueSpecification","valueRequired":true,"valueName":"search_term_string"}}],"inLanguage":"fi"}]}},"uagb_featured_image_src":{"full":false,"thumbnail":false,"medium":false,"medium_large":false,"large":false,"1536x1536":false,"2048x2048":false,"post-thumbnail":false,"twentyfourteen-full-width":false},"uagb_author_info":{"display_name":"Hanna Frilander","author_link":"https:\/\/blogit.gradia.fi\/hiuskilta\/author\/frilahan\/"},"uagb_comment_info":11,"uagb_excerpt":"Tervetuloa Hiusalan oppimisymp\u00e4rist\u00f6\u00f6n! T\u00e4m\u00e4 oppimisymp\u00e4rist\u00f6 on tarkoitettu opiskelijoiden ja opettajien ty\u00f6v\u00e4lineeksi opintojen aikana. Jyv\u00e4skyl\u00e4n ammattiopiston hiusalan ensimm\u00e4isen vuoden opiskelijat liittyiv\u00e4t ensimm\u00e4isen\u00e4 Suomessa 2014 Kiltakoulu- toimintaan ja saivat oman Hiuskilta Original logonsa. Kiltakoulujen tavoitteena on luoda eri ammattialoille soveltuvia sosiaalisen median palveluja hy\u00f6dynt\u00e4v\u00e4 pedagoginen malli, jossa yhdistyv\u00e4t opiskelijakeskeisyys ja vertaisoppiminen. Hiuskillan tavoitteena on taata opiskelijalle sellaiset&hellip;","_links":{"self":[{"href":"https:\/\/blogit.gradia.fi\/hiuskilta\/wp-json\/wp\/v2\/pages\/530","targetHints":{"allow":["GET"]}}],"collection":[{"href":"https:\/\/blogit.gradia.fi\/hiuskilta\/wp-json\/wp\/v2\/pages"}],"about":[{"href":"https:\/\/blogit.gradia.fi\/hiuskilta\/wp-json\/wp\/v2\/types\/page"}],"author":[{"embeddable":true,"href":"https:\/\/blogit.gradia.fi\/hiuskilta\/wp-json\/wp\/v2\/users\/161"}],"replies":[{"embeddable":true,"href":"https:\/\/blogit.gradia.fi\/hiuskilta\/wp-json\/wp\/v2\/comments?post=530"}],"version-history":[{"count":0,"href":"https:\/\/blogit.gradia.fi\/hiuskilta\/wp-json\/wp\/v2\/pages\/530\/revisions"}],"wp:attachment":[{"href":"https:\/\/blogit.gradia.fi\/hiuskilta\/wp-json\/wp\/v2\/media?parent=530"}],"curies":[{"name":"wp","href":"https:\/\/api.w.org\/{rel}","templated":true}]}}