{"id":528,"date":"2015-05-07T12:39:41","date_gmt":"2015-05-07T09:39:41","guid":{"rendered":"https:\/\/blogit.gradia.fi\/hiuskilta\/?page_id=528"},"modified":"2015-05-25T12:25:29","modified_gmt":"2015-05-25T09:25:29","slug":"linkkivinkit","status":"publish","type":"page","link":"https:\/\/blogit.gradia.fi\/hiuskilta\/linkkivinkit\/","title":{"rendered":"Kiltamallin pedagogiikka"},"content":{"rendered":"<h3>Kiltamallin pedagogiikkaa, perustietoa opettajille<\/h3>\n<p><a href=\"http:\/\/bit.ly\/1Ruinb7\" target=\"_blank\">Kiltakoulut- malli<\/a> (video: kiltamallin esittely Pintak\u00e4sittelyalan n\u00e4k\u00f6kulmasta\/ Jari V\u00e4lkkynen)<\/p>\n<p>Kiltakoulut- sivusto <a href=\"http:\/\/kiltakoulut.fi\/\" target=\"_blank\">http:\/\/kiltakoulut.fi\/<\/a><br \/>\n<a href=\"https:\/\/blogit.gradia.fi\/kiltamallit\" target=\"_blank\">JAO kilta-alat <\/a><\/p>\n<h3>Hiuskilta Original<\/h3>\n<p>Jyv\u00e4skyl\u00e4n ammattiopiston hiusalan ensimm\u00e4isen vuoden opiskelijat liittyiv\u00e4t ensimm\u00e4isen\u00e4 Suomessa 2014 Kiltakoulu- toimintaan ja saivat oman Hiuskilta Original logonsa.<br \/>\nKiltakoulujen tavoitteena on luoda eri ammattialoille soveltuvia sosiaalisen median palveluja hy\u00f6dynt\u00e4v\u00e4 pedagoginen malli, jossa yhdistyv\u00e4t opiskelijakeskeisyys ja vertaisoppiminen.<\/p>\n<p>Hiuskillan tavoitteena on taata opiskelijalle sellaiset tiedot ja taidot, joita yritykset ty\u00f6ntekij\u00f6ilt\u00e4\u00e4n odottavat nyt ja tulevaisuudessa. Tiimi- ja vertaisoppimista k\u00e4ytet\u00e4\u00e4n Kiltakouluissa, koska ne muistuttavat ty\u00f6el\u00e4m\u00e4n toimintatapoja ja ovat tehokkaampia kuin yksil\u00f6oppiminen. Elinik\u00e4isen oppimisen taidot karttuvat opiskelun lomassa. Tiimiss\u00e4 toimiminen, muiden opastaminen ja ty\u00f6yhteis\u00f6n hiljaisen tiedon siirt\u00e4minen ovat t\u00e4rkeit\u00e4 ty\u00f6el\u00e4m\u00e4ntaitoja.<br \/>\nVertaisoppimisella tarkoitetaan Kiltakouluissa ammattitutorin (pidemm\u00e4ll\u00e4 opinnoissaan olevan opiskelija)avustamaa oppimista. Ammattitutorilla on opastettaviaan enemm\u00e4n tiet\u00e4myst\u00e4 ja osaamista, jota h\u00e4n siirt\u00e4\u00e4 opastettaville vaiheittain ty\u00f6n edetess\u00e4. Toisen opettaminen syvent\u00e4\u00e4 ammattitutorin omaakin ammattitaitoa, koska opastaessaan h\u00e4n joutuu j\u00e4sent\u00e4m\u00e4\u00e4n omaakin osaamistaan.<br \/>\nKiltakouluissa k\u00e4ytet\u00e4\u00e4n paljon asiakas- ja projektit\u00f6it\u00e4, jotka ovat hyv\u00e4 oppimisteht\u00e4vi\u00e4. Asiakas- ja projektit\u00f6iden pit\u00e4\u00e4 olla opetussuunnitelman mukaisia, mutta antamalla vastuuta opiskelijalle saavutetaan syvemp\u00e4\u00e4 oppimista ja motivaatiota.<\/p>\n<p>&nbsp;<\/p>\n<figure id=\"attachment_704\" aria-describedby=\"caption-attachment-704\" style=\"width: 434px\" class=\"wp-caption aligncenter\"><a href=\"https:\/\/blogit.gradia.fi\/hiuskilta\/wp-content\/uploads\/sites\/74\/2015\/05\/vertais-ja-tiimioppiminen_kuva2.jpg\"><img loading=\"lazy\" decoding=\"async\" class=\"wp-image-704 size-full\" src=\"https:\/\/blogit.gradia.fi\/hiuskilta\/wp-content\/uploads\/sites\/74\/2015\/05\/vertais-ja-tiimioppiminen_kuva2.jpg\" alt=\"vertais-ja-tiimioppiminen_kuva\" width=\"434\" height=\"640\" srcset=\"https:\/\/blogit.gradia.fi\/hiuskilta\/wp-content\/uploads\/sites\/74\/2015\/05\/vertais-ja-tiimioppiminen_kuva2.jpg 434w, https:\/\/blogit.gradia.fi\/hiuskilta\/wp-content\/uploads\/sites\/74\/2015\/05\/vertais-ja-tiimioppiminen_kuva2-203x300.jpg 203w\" sizes=\"auto, (max-width: 434px) 100vw, 434px\" \/><\/a><figcaption id=\"caption-attachment-704\" class=\"wp-caption-text\">Kuva: Keikkailijat, Salo<\/figcaption><\/figure>\n<p>&nbsp;<\/p>\n<h3>Ongelmaperusteinen oppiminen( Problem- Based Learning, PBL)<\/h3>\n<p>Kiltakouluissa oppiminen alkaa ammatilliseen k\u00e4yt\u00e4nt\u00f6\u00f6n liittyv\u00e4n ongelman k\u00e4sittelyll\u00e4 pienryhm\u00e4ss\u00e4 ja etenee itsen\u00e4isen ja yhteisen ty\u00f6skentelyn jatkumona. Opiskelussa korostuu itseohjautuvuus, yhteisty\u00f6kyky sek\u00e4 vuorovaikutustaidot. Lis\u00e4ksi opiskelijoilta vaaditaan itsearviointia ja halua itsens\u00e4 kehitt\u00e4miseen. Oppimisen perustana on opiskelijoiden aktiivinen ja vastuullinen osallistuminen, vuorovaikutus sek\u00e4 yhteistoiminnallinen oppiminen.<br \/>\nNykyinen ty\u00f6el\u00e4m\u00e4 vaatii ty\u00f6ntekij\u00f6ilt\u00e4 entist\u00e4 enemm\u00e4n kyky\u00e4 toimia tuottavasti toistensa kanssa, sill\u00e4 ty\u00f6t\u00e4 tehd\u00e4\u00e4n paljon ryhmiss\u00e4, tiimeiss\u00e4 ja laajemmissa verkoissa.<br \/>\nProjektioppiminen<br \/>\nProjektioppiminen on ongelmakeskeisen ja tutkivan oppimisen muoto, jossa ongelma tai teht\u00e4v\u00e4 on niin laaja, ett\u00e4 se vaatii suunnitelmallista yhteistoimintaa ja projektimaista organisointia. Menetelm\u00e4ss\u00e4 pyrit\u00e4\u00e4n ratkaisemaan mahdollisimman todellisia ongelmia, ker\u00e4\u00e4m\u00e4ll\u00e4 tietoa, keskustelemalla ideoista, tekem\u00e4ll\u00e4 johtop\u00e4\u00e4t\u00f6ksi\u00e4 sek\u00e4 jakamalla ja kommunikoimalla ideoitaan muille.<br \/>\nProjektioppimiseen kuuluu erilaisia ty\u00f6vaiheita, joita on esim.:<br \/>\n1. ongelman ja tavoitteen asettelu<br \/>\n2. ty\u00f6njaosta sopiminen<br \/>\n3. materiaalin ker\u00e4\u00e4minen<br \/>\n4. toteutus<br \/>\n5. arviointi<\/p>\n<h3>KiltaOpe<\/h3>\n<div class=\"text_exposed_show\">\n<p>Ope\/ Valmentajalla on yhteis\u00f6ss\u00e4 valtavan suuri rooli. Opettajan viitta on heitett\u00e4v\u00e4 pois harteilta ja luotettava siihen, ett\u00e4 prosessi kantaa. Eli vastuu on annettava opiskelijoille. Heid\u00e4t on Haastettava prosessiin. Samalla ope\/ valmentaja haastaa itse\u00e4\u00e4n, koska vanhat tavat toimia eiv\u00e4t en\u00e4\u00e4 kanna.<\/p>\n<p>T\u00e4rke\u00e4\u00e4 on Inspiroida visio. Annetaan opiskelijoiden unelmoida ja samalla ruokitaan heid\u00e4n visiotaan. Ihmisten unelmat ovat erilaisia ja jokaisen on rakennettava oma polkunsa itse. Ope\/ valmentaja auttaa ratkaisuissa ja rohkaisee nuoria, mutta opiskelija on itse oman laivansa kapteeni.<\/p>\n<p>Ope\/ valmentajan ehk\u00e4 t\u00e4rkein teht\u00e4v\u00e4 on toimia mahdollistajana &#8211; Tee toiminta mahdolliseksi. Ope\/ valmentajan teht\u00e4v\u00e4n\u00e4 on auttaa opiskelijoita p\u00e4\u00e4sem\u00e4\u00e4n heid\u00e4n tavoitteisiinsa. T\u00e4h\u00e4n p\u00e4\u00e4st\u00e4\u00e4n Mallintamalla tie. Ope\/ valmentaja auttaa miettim\u00e4\u00e4n osatavoitteita, h\u00e4n kulkee opiskelijan rinnalla ja luo turvallisen ilmapiirin.<\/p>\n<p>Viimeisen\u00e4 kohtana on Rohkaise syd\u00e4nt\u00e4. Ope\/ valmentaja kannustaa, tukee ja antaa palautetta. T\u00e4rke\u00e4\u00e4 on, ett\u00e4 opiskelija kokee ilmapiirin sellaiseksi, ett\u00e4 ep\u00e4onnistuminen on sallittua. Vain silloin saadaan aikaan rohkeita kokeiluja ja itsens\u00e4 ylitt\u00e4mist\u00e4.<\/p>\n<p>Eli <span class=\"highlightNode\">HIT MR<\/span><\/p>\n<p>HAASTA PROSESSI- normaalit tavat toimia.<br \/>\nINSPIROI VISIO- ruokitaan miettim\u00e4\u00e4n omaa unelmaa ja visiota.<br \/>\nTEE TOIMINTA MAHDOLLISEKSI- mahdollistetaan toiminta, raivataan esteet.<br \/>\nMALLINNA TIE- mietit\u00e4\u00e4n yhdess\u00e4 osatavoitteita, luodaan turvaa ja kuljetaan rinnalla niin kauan kuin on tarpeen.<br \/>\nROHKAISE SYD\u00c4NT\u00c4- rohkaistaan olemaan rohkea. Kannustetaan ja tuetaan. Ep\u00e4onnistumiset sallitaan.<\/p>\n<p>Mukaeltu Kouzes&amp;Posner, 2002\/ Tiimimestarit-valmennus, 2009<\/p>\n<p>Rohkeudella! Satu<\/p>\n<\/div>\n","protected":false},"excerpt":{"rendered":"<p>Kiltamallin pedagogiikkaa, perustietoa opettajille Kiltakoulut- malli (video: kiltamallin esittely Pintak\u00e4sittelyalan n\u00e4k\u00f6kulmasta\/ Jari V\u00e4lkkynen) Kiltakoulut- sivusto http:\/\/kiltakoulut.fi\/ JAO kilta-alat Hiuskilta Original Jyv\u00e4skyl\u00e4n ammattiopiston hiusalan ensimm\u00e4isen vuoden opiskelijat liittyiv\u00e4t ensimm\u00e4isen\u00e4 Suomessa 2014 Kiltakoulu- toimintaan ja saivat oman Hiuskilta Original logonsa. Kiltakoulujen tavoitteena on luoda eri ammattialoille soveltuvia sosiaalisen median palveluja hy\u00f6dynt\u00e4v\u00e4 pedagoginen malli, jossa yhdistyv\u00e4t opiskelijakeskeisyys ja &hellip; <a href=\"https:\/\/blogit.gradia.fi\/hiuskilta\/linkkivinkit\/\" class=\"more-link\">Jatka lukemista <span class=\"screen-reader-text\">Kiltamallin pedagogiikka<\/span> <span class=\"meta-nav\">&rarr;<\/span><\/a><\/p>\n","protected":false},"author":978,"featured_media":0,"parent":0,"menu_order":0,"comment_status":"open","ping_status":"open","template":"","meta":{"_uag_custom_page_level_css":"","footnotes":""},"class_list":["post-528","page","type-page","status-publish","hentry"],"yoast_head":"<!-- This site is optimized with the Yoast SEO plugin v27.4 - https:\/\/yoast.com\/product\/yoast-seo-wordpress\/ -->\n<title>Kiltamallin pedagogiikka - Hiuskilta Original<\/title>\n<meta name=\"robots\" content=\"index, follow, max-snippet:-1, max-image-preview:large, max-video-preview:-1\" \/>\n<link rel=\"canonical\" href=\"https:\/\/blogit.gradia.fi\/hiuskilta\/linkkivinkit\/\" \/>\n<meta property=\"og:locale\" content=\"fi_FI\" \/>\n<meta property=\"og:type\" content=\"article\" \/>\n<meta property=\"og:title\" content=\"Kiltamallin pedagogiikka - Hiuskilta Original\" \/>\n<meta property=\"og:description\" content=\"Kiltamallin pedagogiikkaa, perustietoa opettajille Kiltakoulut- malli (video: kiltamallin esittely Pintak\u00e4sittelyalan n\u00e4k\u00f6kulmasta\/ Jari V\u00e4lkkynen) Kiltakoulut- sivusto http:\/\/kiltakoulut.fi\/ JAO kilta-alat Hiuskilta Original Jyv\u00e4skyl\u00e4n ammattiopiston hiusalan ensimm\u00e4isen vuoden opiskelijat liittyiv\u00e4t ensimm\u00e4isen\u00e4 Suomessa 2014 Kiltakoulu- toimintaan ja saivat oman Hiuskilta Original logonsa. Kiltakoulujen tavoitteena on luoda eri ammattialoille soveltuvia sosiaalisen median palveluja hy\u00f6dynt\u00e4v\u00e4 pedagoginen malli, jossa yhdistyv\u00e4t opiskelijakeskeisyys ja &hellip; Jatka lukemista Kiltamallin pedagogiikka &rarr;\" \/>\n<meta property=\"og:url\" content=\"https:\/\/blogit.gradia.fi\/hiuskilta\/linkkivinkit\/\" \/>\n<meta property=\"og:site_name\" content=\"Hiuskilta Original\" \/>\n<meta property=\"article:modified_time\" content=\"2015-05-25T09:25:29+00:00\" \/>\n<meta property=\"og:image\" content=\"https:\/\/blogit.gradia.fi\/hiuskilta\/wp-content\/uploads\/sites\/74\/2015\/05\/vertais-ja-tiimioppiminen_kuva2.jpg\" \/>\n<meta name=\"twitter:card\" content=\"summary_large_image\" \/>\n<meta name=\"twitter:label1\" content=\"Arvioitu lukuaika\" \/>\n\t<meta name=\"twitter:data1\" content=\"3 minuuttia\" \/>\n<script type=\"application\/ld+json\" class=\"yoast-schema-graph\">{\"@context\":\"https:\\\/\\\/schema.org\",\"@graph\":[{\"@type\":\"WebPage\",\"@id\":\"https:\\\/\\\/blogit.gradia.fi\\\/hiuskilta\\\/linkkivinkit\\\/\",\"url\":\"https:\\\/\\\/blogit.gradia.fi\\\/hiuskilta\\\/linkkivinkit\\\/\",\"name\":\"Kiltamallin pedagogiikka - Hiuskilta Original\",\"isPartOf\":{\"@id\":\"https:\\\/\\\/blogit.gradia.fi\\\/hiuskilta\\\/#website\"},\"primaryImageOfPage\":{\"@id\":\"https:\\\/\\\/blogit.gradia.fi\\\/hiuskilta\\\/linkkivinkit\\\/#primaryimage\"},\"image\":{\"@id\":\"https:\\\/\\\/blogit.gradia.fi\\\/hiuskilta\\\/linkkivinkit\\\/#primaryimage\"},\"thumbnailUrl\":\"https:\\\/\\\/blogit.gradia.fi\\\/hiuskilta\\\/wp-content\\\/uploads\\\/sites\\\/74\\\/2015\\\/05\\\/vertais-ja-tiimioppiminen_kuva2.jpg\",\"datePublished\":\"2015-05-07T09:39:41+00:00\",\"dateModified\":\"2015-05-25T09:25:29+00:00\",\"inLanguage\":\"fi\",\"potentialAction\":[{\"@type\":\"ReadAction\",\"target\":[\"https:\\\/\\\/blogit.gradia.fi\\\/hiuskilta\\\/linkkivinkit\\\/\"]}]},{\"@type\":\"ImageObject\",\"inLanguage\":\"fi\",\"@id\":\"https:\\\/\\\/blogit.gradia.fi\\\/hiuskilta\\\/linkkivinkit\\\/#primaryimage\",\"url\":\"https:\\\/\\\/blogit.gradia.fi\\\/hiuskilta\\\/wp-content\\\/uploads\\\/sites\\\/74\\\/2015\\\/05\\\/vertais-ja-tiimioppiminen_kuva2.jpg\",\"contentUrl\":\"https:\\\/\\\/blogit.gradia.fi\\\/hiuskilta\\\/wp-content\\\/uploads\\\/sites\\\/74\\\/2015\\\/05\\\/vertais-ja-tiimioppiminen_kuva2.jpg\",\"width\":434,\"height\":640},{\"@type\":\"WebSite\",\"@id\":\"https:\\\/\\\/blogit.gradia.fi\\\/hiuskilta\\\/#website\",\"url\":\"https:\\\/\\\/blogit.gradia.fi\\\/hiuskilta\\\/\",\"name\":\"Hiuskilta Original\",\"description\":\"Gradia Jyv\u00e4skyl\u00e4n hiusalan avoin oppimisymp\u00e4rist\u00f6\",\"potentialAction\":[{\"@type\":\"SearchAction\",\"target\":{\"@type\":\"EntryPoint\",\"urlTemplate\":\"https:\\\/\\\/blogit.gradia.fi\\\/hiuskilta\\\/?s={search_term_string}\"},\"query-input\":{\"@type\":\"PropertyValueSpecification\",\"valueRequired\":true,\"valueName\":\"search_term_string\"}}],\"inLanguage\":\"fi\"}]}<\/script>\n<!-- \/ Yoast SEO plugin. -->","yoast_head_json":{"title":"Kiltamallin pedagogiikka - Hiuskilta Original","robots":{"index":"index","follow":"follow","max-snippet":"max-snippet:-1","max-image-preview":"max-image-preview:large","max-video-preview":"max-video-preview:-1"},"canonical":"https:\/\/blogit.gradia.fi\/hiuskilta\/linkkivinkit\/","og_locale":"fi_FI","og_type":"article","og_title":"Kiltamallin pedagogiikka - Hiuskilta Original","og_description":"Kiltamallin pedagogiikkaa, perustietoa opettajille Kiltakoulut- malli (video: kiltamallin esittely Pintak\u00e4sittelyalan n\u00e4k\u00f6kulmasta\/ Jari V\u00e4lkkynen) Kiltakoulut- sivusto http:\/\/kiltakoulut.fi\/ JAO kilta-alat Hiuskilta Original Jyv\u00e4skyl\u00e4n ammattiopiston hiusalan ensimm\u00e4isen vuoden opiskelijat liittyiv\u00e4t ensimm\u00e4isen\u00e4 Suomessa 2014 Kiltakoulu- toimintaan ja saivat oman Hiuskilta Original logonsa. Kiltakoulujen tavoitteena on luoda eri ammattialoille soveltuvia sosiaalisen median palveluja hy\u00f6dynt\u00e4v\u00e4 pedagoginen malli, jossa yhdistyv\u00e4t opiskelijakeskeisyys ja &hellip; Jatka lukemista Kiltamallin pedagogiikka &rarr;","og_url":"https:\/\/blogit.gradia.fi\/hiuskilta\/linkkivinkit\/","og_site_name":"Hiuskilta Original","article_modified_time":"2015-05-25T09:25:29+00:00","og_image":[{"url":"https:\/\/blogit.gradia.fi\/hiuskilta\/wp-content\/uploads\/sites\/74\/2015\/05\/vertais-ja-tiimioppiminen_kuva2.jpg","type":"","width":"","height":""}],"twitter_card":"summary_large_image","twitter_misc":{"Arvioitu lukuaika":"3 minuuttia"},"schema":{"@context":"https:\/\/schema.org","@graph":[{"@type":"WebPage","@id":"https:\/\/blogit.gradia.fi\/hiuskilta\/linkkivinkit\/","url":"https:\/\/blogit.gradia.fi\/hiuskilta\/linkkivinkit\/","name":"Kiltamallin pedagogiikka - Hiuskilta Original","isPartOf":{"@id":"https:\/\/blogit.gradia.fi\/hiuskilta\/#website"},"primaryImageOfPage":{"@id":"https:\/\/blogit.gradia.fi\/hiuskilta\/linkkivinkit\/#primaryimage"},"image":{"@id":"https:\/\/blogit.gradia.fi\/hiuskilta\/linkkivinkit\/#primaryimage"},"thumbnailUrl":"https:\/\/blogit.gradia.fi\/hiuskilta\/wp-content\/uploads\/sites\/74\/2015\/05\/vertais-ja-tiimioppiminen_kuva2.jpg","datePublished":"2015-05-07T09:39:41+00:00","dateModified":"2015-05-25T09:25:29+00:00","inLanguage":"fi","potentialAction":[{"@type":"ReadAction","target":["https:\/\/blogit.gradia.fi\/hiuskilta\/linkkivinkit\/"]}]},{"@type":"ImageObject","inLanguage":"fi","@id":"https:\/\/blogit.gradia.fi\/hiuskilta\/linkkivinkit\/#primaryimage","url":"https:\/\/blogit.gradia.fi\/hiuskilta\/wp-content\/uploads\/sites\/74\/2015\/05\/vertais-ja-tiimioppiminen_kuva2.jpg","contentUrl":"https:\/\/blogit.gradia.fi\/hiuskilta\/wp-content\/uploads\/sites\/74\/2015\/05\/vertais-ja-tiimioppiminen_kuva2.jpg","width":434,"height":640},{"@type":"WebSite","@id":"https:\/\/blogit.gradia.fi\/hiuskilta\/#website","url":"https:\/\/blogit.gradia.fi\/hiuskilta\/","name":"Hiuskilta Original","description":"Gradia Jyv\u00e4skyl\u00e4n hiusalan avoin oppimisymp\u00e4rist\u00f6","potentialAction":[{"@type":"SearchAction","target":{"@type":"EntryPoint","urlTemplate":"https:\/\/blogit.gradia.fi\/hiuskilta\/?s={search_term_string}"},"query-input":{"@type":"PropertyValueSpecification","valueRequired":true,"valueName":"search_term_string"}}],"inLanguage":"fi"}]}},"uagb_featured_image_src":{"full":false,"thumbnail":false,"medium":false,"medium_large":false,"large":false,"1536x1536":false,"2048x2048":false,"post-thumbnail":false,"twentyfourteen-full-width":false},"uagb_author_info":{"display_name":"Aida Yl\u00e4nen","author_link":"https:\/\/blogit.gradia.fi\/hiuskilta\/author\/gr289257\/"},"uagb_comment_info":0,"uagb_excerpt":"Kiltamallin pedagogiikkaa, perustietoa opettajille Kiltakoulut- malli (video: kiltamallin esittely Pintak\u00e4sittelyalan n\u00e4k\u00f6kulmasta\/ Jari V\u00e4lkkynen) Kiltakoulut- sivusto http:\/\/kiltakoulut.fi\/ JAO kilta-alat Hiuskilta Original Jyv\u00e4skyl\u00e4n ammattiopiston hiusalan ensimm\u00e4isen vuoden opiskelijat liittyiv\u00e4t ensimm\u00e4isen\u00e4 Suomessa 2014 Kiltakoulu- toimintaan ja saivat oman Hiuskilta Original logonsa. Kiltakoulujen tavoitteena on luoda eri ammattialoille soveltuvia sosiaalisen median palveluja hy\u00f6dynt\u00e4v\u00e4 pedagoginen malli, jossa yhdistyv\u00e4t opiskelijakeskeisyys ja&hellip;","_links":{"self":[{"href":"https:\/\/blogit.gradia.fi\/hiuskilta\/wp-json\/wp\/v2\/pages\/528","targetHints":{"allow":["GET"]}}],"collection":[{"href":"https:\/\/blogit.gradia.fi\/hiuskilta\/wp-json\/wp\/v2\/pages"}],"about":[{"href":"https:\/\/blogit.gradia.fi\/hiuskilta\/wp-json\/wp\/v2\/types\/page"}],"author":[{"embeddable":true,"href":"https:\/\/blogit.gradia.fi\/hiuskilta\/wp-json\/wp\/v2\/users\/978"}],"replies":[{"embeddable":true,"href":"https:\/\/blogit.gradia.fi\/hiuskilta\/wp-json\/wp\/v2\/comments?post=528"}],"version-history":[{"count":0,"href":"https:\/\/blogit.gradia.fi\/hiuskilta\/wp-json\/wp\/v2\/pages\/528\/revisions"}],"wp:attachment":[{"href":"https:\/\/blogit.gradia.fi\/hiuskilta\/wp-json\/wp\/v2\/media?parent=528"}],"curies":[{"name":"wp","href":"https:\/\/api.w.org\/{rel}","templated":true}]}}