{"id":507,"date":"2015-05-07T12:25:42","date_gmt":"2015-05-07T09:25:42","guid":{"rendered":"https:\/\/blogit.gradia.fi\/hiuskilta\/?page_id=507"},"modified":"2015-05-25T12:04:51","modified_gmt":"2015-05-25T09:04:51","slug":"vinkkeja-opetukseen","status":"publish","type":"page","link":"https:\/\/blogit.gradia.fi\/hiuskilta\/vinkkeja-opetukseen\/","title":{"rendered":"Ty\u00f6kalupakki"},"content":{"rendered":"<p>T\u00e4h\u00e4n ker\u00e4t\u00e4\u00e4n opettajan opettamisen \/valmentamisen tueksi erilaisia ideoita, ohjeita, menetelmi\u00e4 ja esimerkkej\u00e4 kiltamallin toteuttamiseen.<\/p>\n","protected":false},"excerpt":{"rendered":"<p>T\u00e4h\u00e4n ker\u00e4t\u00e4\u00e4n opettajan opettamisen \/valmentamisen tueksi erilaisia ideoita, ohjeita, menetelmi\u00e4 ja esimerkkej\u00e4 kiltamallin toteuttamiseen.<\/p>\n","protected":false},"author":978,"featured_media":0,"parent":0,"menu_order":0,"comment_status":"open","ping_status":"open","template":"","meta":{"_uag_custom_page_level_css":"","footnotes":""},"class_list":["post-507","page","type-page","status-publish","hentry"],"yoast_head":"<!-- This site is optimized with the Yoast SEO plugin v27.4 - https:\/\/yoast.com\/product\/yoast-seo-wordpress\/ -->\n<title>Ty\u00f6kalupakki - Hiuskilta Original<\/title>\n<meta name=\"robots\" content=\"index, follow, max-snippet:-1, max-image-preview:large, max-video-preview:-1\" \/>\n<link rel=\"canonical\" href=\"https:\/\/blogit.gradia.fi\/hiuskilta\/vinkkeja-opetukseen\/\" \/>\n<meta property=\"og:locale\" content=\"fi_FI\" \/>\n<meta property=\"og:type\" content=\"article\" \/>\n<meta property=\"og:title\" content=\"Ty\u00f6kalupakki - Hiuskilta Original\" \/>\n<meta property=\"og:description\" content=\"T\u00e4h\u00e4n ker\u00e4t\u00e4\u00e4n opettajan opettamisen \/valmentamisen tueksi erilaisia ideoita, ohjeita, menetelmi\u00e4 ja esimerkkej\u00e4 kiltamallin toteuttamiseen.\" \/>\n<meta property=\"og:url\" content=\"https:\/\/blogit.gradia.fi\/hiuskilta\/vinkkeja-opetukseen\/\" \/>\n<meta property=\"og:site_name\" content=\"Hiuskilta Original\" \/>\n<meta property=\"article:modified_time\" content=\"2015-05-25T09:04:51+00:00\" \/>\n<meta name=\"twitter:card\" content=\"summary_large_image\" \/>\n<script type=\"application\/ld+json\" class=\"yoast-schema-graph\">{\"@context\":\"https:\\\/\\\/schema.org\",\"@graph\":[{\"@type\":\"WebPage\",\"@id\":\"https:\\\/\\\/blogit.gradia.fi\\\/hiuskilta\\\/vinkkeja-opetukseen\\\/\",\"url\":\"https:\\\/\\\/blogit.gradia.fi\\\/hiuskilta\\\/vinkkeja-opetukseen\\\/\",\"name\":\"Ty\u00f6kalupakki - Hiuskilta Original\",\"isPartOf\":{\"@id\":\"https:\\\/\\\/blogit.gradia.fi\\\/hiuskilta\\\/#website\"},\"datePublished\":\"2015-05-07T09:25:42+00:00\",\"dateModified\":\"2015-05-25T09:04:51+00:00\",\"inLanguage\":\"fi\",\"potentialAction\":[{\"@type\":\"ReadAction\",\"target\":[\"https:\\\/\\\/blogit.gradia.fi\\\/hiuskilta\\\/vinkkeja-opetukseen\\\/\"]}]},{\"@type\":\"WebSite\",\"@id\":\"https:\\\/\\\/blogit.gradia.fi\\\/hiuskilta\\\/#website\",\"url\":\"https:\\\/\\\/blogit.gradia.fi\\\/hiuskilta\\\/\",\"name\":\"Hiuskilta Original\",\"description\":\"Gradia Jyv\u00e4skyl\u00e4n hiusalan avoin oppimisymp\u00e4rist\u00f6\",\"potentialAction\":[{\"@type\":\"SearchAction\",\"target\":{\"@type\":\"EntryPoint\",\"urlTemplate\":\"https:\\\/\\\/blogit.gradia.fi\\\/hiuskilta\\\/?s={search_term_string}\"},\"query-input\":{\"@type\":\"PropertyValueSpecification\",\"valueRequired\":true,\"valueName\":\"search_term_string\"}}],\"inLanguage\":\"fi\"}]}<\/script>\n<!-- \/ Yoast SEO plugin. -->","yoast_head_json":{"title":"Ty\u00f6kalupakki - Hiuskilta Original","robots":{"index":"index","follow":"follow","max-snippet":"max-snippet:-1","max-image-preview":"max-image-preview:large","max-video-preview":"max-video-preview:-1"},"canonical":"https:\/\/blogit.gradia.fi\/hiuskilta\/vinkkeja-opetukseen\/","og_locale":"fi_FI","og_type":"article","og_title":"Ty\u00f6kalupakki - Hiuskilta Original","og_description":"T\u00e4h\u00e4n ker\u00e4t\u00e4\u00e4n opettajan opettamisen \/valmentamisen tueksi erilaisia ideoita, ohjeita, menetelmi\u00e4 ja esimerkkej\u00e4 kiltamallin toteuttamiseen.","og_url":"https:\/\/blogit.gradia.fi\/hiuskilta\/vinkkeja-opetukseen\/","og_site_name":"Hiuskilta Original","article_modified_time":"2015-05-25T09:04:51+00:00","twitter_card":"summary_large_image","schema":{"@context":"https:\/\/schema.org","@graph":[{"@type":"WebPage","@id":"https:\/\/blogit.gradia.fi\/hiuskilta\/vinkkeja-opetukseen\/","url":"https:\/\/blogit.gradia.fi\/hiuskilta\/vinkkeja-opetukseen\/","name":"Ty\u00f6kalupakki - Hiuskilta Original","isPartOf":{"@id":"https:\/\/blogit.gradia.fi\/hiuskilta\/#website"},"datePublished":"2015-05-07T09:25:42+00:00","dateModified":"2015-05-25T09:04:51+00:00","inLanguage":"fi","potentialAction":[{"@type":"ReadAction","target":["https:\/\/blogit.gradia.fi\/hiuskilta\/vinkkeja-opetukseen\/"]}]},{"@type":"WebSite","@id":"https:\/\/blogit.gradia.fi\/hiuskilta\/#website","url":"https:\/\/blogit.gradia.fi\/hiuskilta\/","name":"Hiuskilta Original","description":"Gradia Jyv\u00e4skyl\u00e4n hiusalan avoin oppimisymp\u00e4rist\u00f6","potentialAction":[{"@type":"SearchAction","target":{"@type":"EntryPoint","urlTemplate":"https:\/\/blogit.gradia.fi\/hiuskilta\/?s={search_term_string}"},"query-input":{"@type":"PropertyValueSpecification","valueRequired":true,"valueName":"search_term_string"}}],"inLanguage":"fi"}]}},"uagb_featured_image_src":{"full":false,"thumbnail":false,"medium":false,"medium_large":false,"large":false,"1536x1536":false,"2048x2048":false,"post-thumbnail":false,"twentyfourteen-full-width":false},"uagb_author_info":{"display_name":"Aida Yl\u00e4nen","author_link":"https:\/\/blogit.gradia.fi\/hiuskilta\/author\/gr289257\/"},"uagb_comment_info":0,"uagb_excerpt":"T\u00e4h\u00e4n ker\u00e4t\u00e4\u00e4n opettajan opettamisen \/valmentamisen tueksi erilaisia ideoita, ohjeita, menetelmi\u00e4 ja esimerkkej\u00e4 kiltamallin toteuttamiseen.","_links":{"self":[{"href":"https:\/\/blogit.gradia.fi\/hiuskilta\/wp-json\/wp\/v2\/pages\/507","targetHints":{"allow":["GET"]}}],"collection":[{"href":"https:\/\/blogit.gradia.fi\/hiuskilta\/wp-json\/wp\/v2\/pages"}],"about":[{"href":"https:\/\/blogit.gradia.fi\/hiuskilta\/wp-json\/wp\/v2\/types\/page"}],"author":[{"embeddable":true,"href":"https:\/\/blogit.gradia.fi\/hiuskilta\/wp-json\/wp\/v2\/users\/978"}],"replies":[{"embeddable":true,"href":"https:\/\/blogit.gradia.fi\/hiuskilta\/wp-json\/wp\/v2\/comments?post=507"}],"version-history":[{"count":0,"href":"https:\/\/blogit.gradia.fi\/hiuskilta\/wp-json\/wp\/v2\/pages\/507\/revisions"}],"wp:attachment":[{"href":"https:\/\/blogit.gradia.fi\/hiuskilta\/wp-json\/wp\/v2\/media?parent=507"}],"curies":[{"name":"wp","href":"https:\/\/api.w.org\/{rel}","templated":true}]}}