{"id":11,"date":"2014-05-25T17:23:06","date_gmt":"2014-05-25T14:23:06","guid":{"rendered":"https:\/\/blogit.gradia.fi\/hiustiimi\/?page_id=11"},"modified":"2015-05-25T13:13:02","modified_gmt":"2015-05-25T10:13:02","slug":"3-projektit","status":"publish","type":"page","link":"https:\/\/blogit.gradia.fi\/hiuskilta\/3-projektit\/","title":{"rendered":"Projektit"},"content":{"rendered":"<p>Esimotorolan idea (k\u00e4ytet\u00e4\u00e4n varsinkin projektien yhteydess\u00e4)<br \/>\nNimi tulee Motorola- nimisest\u00e4 yrityksest\u00e4, joka yritti vuosikaudet saada projektip\u00e4\u00e4llik\u00f6t kirjoittamaan raportin projektin p\u00e4\u00e4tytty\u00e4. Yhti\u00f6ss\u00e4 kehitettiin nelj\u00e4n kysymyksen raportointij\u00e4rjestelm\u00e4, joka on ollut Tiimiakatemialla k\u00e4yt\u00f6ss\u00e4 15 vuotta. Huomattiin nopeasti my\u00f6s ett\u00e4 loppuraportointi ei riit\u00e4 vaan projektin alkuun on kehitett\u00e4v\u00e4 ty\u00f6kalu. Uuden ty\u00f6kalun lanseeraus onnistui hyvin, kun he keksiv\u00e4t k\u00e4ytt\u00e4\u00e4 esimotorola- nime\u00e4. T\u00e4t\u00e4 kautta my\u00f6s motorolasta tulee parempi.<br \/>\nEsimotorolan kysymykset ovat seuraavat:<br \/>\n1. Mitk\u00e4 ovat t\u00e4m\u00e4n asiakasprojektin tavoitteet?<br \/>\n2. Mitk\u00e4 ovat t\u00e4m\u00e4n asiakasprojektin hy\u00f6dyt asiakkaalle ja mik\u00e4 on asiakkaan rooli?<br \/>\n3. Mit\u00e4 teoriatietoa sovellamme t\u00e4ss\u00e4 projektissa?<br \/>\n4. Mit\u00e4 osaamista ja taitoja t\u00e4m\u00e4n projektin toteuttaminen vaatii?<br \/>\n5. Miten t\u00e4m\u00e4 projekti vie meid\u00e4t kohti p\u00e4\u00e4m\u00e4\u00e4r\u00e4\u00e4mme\/visiotamme?<br \/>\nEsimotorolan tarkistaminen auttaa tekem\u00e4\u00e4n hyv\u00e4n motorola- raportin.<\/p>\n<p>Motorolan kysymykset ovat seuraavat:<br \/>\n1. Mik\u00e4 meni hyvin?<br \/>\n2. Mik\u00e4 meni huonosti?<br \/>\n3. Mit\u00e4 opimme?<br \/>\n4. Mit\u00e4 teemme seuraavan kerralla paremmin?<br \/>\n5. Mit\u00e4 panemme k\u00e4yt\u00e4nt\u00f6\u00f6n, ett\u00e4 etenemme kohti p\u00e4\u00e4m\u00e4\u00e4r\u00e4\u00e4mme+<\/p>\n<p>Linkkej\u00e4 Tiimiyritt\u00e4jyyteen, ryhm\u00e4ytymiseen, ideointiin:<br \/>\n<a href=\"http:\/\/www.mastohjaus.fi\" target=\"_blank\">Ryhm\u00e4ytymisopas Mast<\/a><br \/>\n<a href=\"http:\/\/www.ideapakka.fi\" target=\"_blank\">Ideapakka, pakallinen ideoita<\/a><br \/>\n<a href=\"http:\/\/www.nuoriyrittajyys.fi\" target=\"_blank\">NY- 6h, NY- 12h, NY 24-h leirit <\/a><br \/>\n<a href=\"http:\/\/www.pudotus.fi\" target=\"_blank\">Ideointimenetelmi\u00e4 ty\u00f6pajoihin<\/a><br \/>\n<a href=\"http:\/\/www.partus.fi\" target=\"_blank\">Tiimivalmentajan parhaat ty\u00f6kalut<\/a><br \/>\n<a href=\"http:\/\/www.tiimiakatemia.fi\" target=\"_blank\">Tiimiakatemia<\/a><br \/>\nHIT MR \/t\u00e4h\u00e4n FB-linkki<\/p>\n","protected":false},"excerpt":{"rendered":"<p>Esimotorolan idea (k\u00e4ytet\u00e4\u00e4n varsinkin projektien yhteydess\u00e4) Nimi tulee Motorola- nimisest\u00e4 yrityksest\u00e4, joka yritti vuosikaudet saada projektip\u00e4\u00e4llik\u00f6t kirjoittamaan raportin projektin p\u00e4\u00e4tytty\u00e4. Yhti\u00f6ss\u00e4 kehitettiin nelj\u00e4n kysymyksen raportointij\u00e4rjestelm\u00e4, joka on ollut Tiimiakatemialla k\u00e4yt\u00f6ss\u00e4 15 vuotta. Huomattiin nopeasti my\u00f6s ett\u00e4 loppuraportointi ei riit\u00e4 vaan projektin alkuun on kehitett\u00e4v\u00e4 ty\u00f6kalu. Uuden ty\u00f6kalun lanseeraus onnistui hyvin, kun he keksiv\u00e4t k\u00e4ytt\u00e4\u00e4 esimotorola- &hellip; <a href=\"https:\/\/blogit.gradia.fi\/hiuskilta\/3-projektit\/\" class=\"more-link\">Jatka lukemista <span class=\"screen-reader-text\">Projektit<\/span> <span class=\"meta-nav\">&rarr;<\/span><\/a><\/p>\n","protected":false},"author":166,"featured_media":0,"parent":0,"menu_order":0,"comment_status":"open","ping_status":"open","template":"","meta":{"_uag_custom_page_level_css":"","footnotes":""},"class_list":["post-11","page","type-page","status-publish","hentry"],"yoast_head":"<!-- This site is optimized with the Yoast SEO plugin v27.4 - https:\/\/yoast.com\/product\/yoast-seo-wordpress\/ -->\n<title>Projektit - Hiuskilta Original<\/title>\n<meta name=\"robots\" content=\"index, follow, max-snippet:-1, max-image-preview:large, max-video-preview:-1\" \/>\n<link rel=\"canonical\" href=\"https:\/\/blogit.gradia.fi\/hiuskilta\/3-projektit\/\" \/>\n<meta property=\"og:locale\" content=\"fi_FI\" \/>\n<meta property=\"og:type\" content=\"article\" \/>\n<meta property=\"og:title\" content=\"Projektit - Hiuskilta Original\" \/>\n<meta property=\"og:description\" content=\"Esimotorolan idea (k\u00e4ytet\u00e4\u00e4n varsinkin projektien yhteydess\u00e4) Nimi tulee Motorola- nimisest\u00e4 yrityksest\u00e4, joka yritti vuosikaudet saada projektip\u00e4\u00e4llik\u00f6t kirjoittamaan raportin projektin p\u00e4\u00e4tytty\u00e4. Yhti\u00f6ss\u00e4 kehitettiin nelj\u00e4n kysymyksen raportointij\u00e4rjestelm\u00e4, joka on ollut Tiimiakatemialla k\u00e4yt\u00f6ss\u00e4 15 vuotta. Huomattiin nopeasti my\u00f6s ett\u00e4 loppuraportointi ei riit\u00e4 vaan projektin alkuun on kehitett\u00e4v\u00e4 ty\u00f6kalu. Uuden ty\u00f6kalun lanseeraus onnistui hyvin, kun he keksiv\u00e4t k\u00e4ytt\u00e4\u00e4 esimotorola- &hellip; Jatka lukemista Projektit &rarr;\" \/>\n<meta property=\"og:url\" content=\"https:\/\/blogit.gradia.fi\/hiuskilta\/3-projektit\/\" \/>\n<meta property=\"og:site_name\" content=\"Hiuskilta Original\" \/>\n<meta property=\"article:modified_time\" content=\"2015-05-25T10:13:02+00:00\" \/>\n<meta name=\"twitter:card\" content=\"summary_large_image\" \/>\n<meta name=\"twitter:label1\" content=\"Arvioitu lukuaika\" \/>\n\t<meta name=\"twitter:data1\" content=\"1 minuutti\" \/>\n<script type=\"application\/ld+json\" class=\"yoast-schema-graph\">{\"@context\":\"https:\\\/\\\/schema.org\",\"@graph\":[{\"@type\":\"WebPage\",\"@id\":\"https:\\\/\\\/blogit.gradia.fi\\\/hiuskilta\\\/3-projektit\\\/\",\"url\":\"https:\\\/\\\/blogit.gradia.fi\\\/hiuskilta\\\/3-projektit\\\/\",\"name\":\"Projektit - Hiuskilta Original\",\"isPartOf\":{\"@id\":\"https:\\\/\\\/blogit.gradia.fi\\\/hiuskilta\\\/#website\"},\"datePublished\":\"2014-05-25T14:23:06+00:00\",\"dateModified\":\"2015-05-25T10:13:02+00:00\",\"inLanguage\":\"fi\",\"potentialAction\":[{\"@type\":\"ReadAction\",\"target\":[\"https:\\\/\\\/blogit.gradia.fi\\\/hiuskilta\\\/3-projektit\\\/\"]}]},{\"@type\":\"WebSite\",\"@id\":\"https:\\\/\\\/blogit.gradia.fi\\\/hiuskilta\\\/#website\",\"url\":\"https:\\\/\\\/blogit.gradia.fi\\\/hiuskilta\\\/\",\"name\":\"Hiuskilta Original\",\"description\":\"Gradia Jyv\u00e4skyl\u00e4n hiusalan avoin oppimisymp\u00e4rist\u00f6\",\"potentialAction\":[{\"@type\":\"SearchAction\",\"target\":{\"@type\":\"EntryPoint\",\"urlTemplate\":\"https:\\\/\\\/blogit.gradia.fi\\\/hiuskilta\\\/?s={search_term_string}\"},\"query-input\":{\"@type\":\"PropertyValueSpecification\",\"valueRequired\":true,\"valueName\":\"search_term_string\"}}],\"inLanguage\":\"fi\"}]}<\/script>\n<!-- \/ Yoast SEO plugin. -->","yoast_head_json":{"title":"Projektit - Hiuskilta Original","robots":{"index":"index","follow":"follow","max-snippet":"max-snippet:-1","max-image-preview":"max-image-preview:large","max-video-preview":"max-video-preview:-1"},"canonical":"https:\/\/blogit.gradia.fi\/hiuskilta\/3-projektit\/","og_locale":"fi_FI","og_type":"article","og_title":"Projektit - Hiuskilta Original","og_description":"Esimotorolan idea (k\u00e4ytet\u00e4\u00e4n varsinkin projektien yhteydess\u00e4) Nimi tulee Motorola- nimisest\u00e4 yrityksest\u00e4, joka yritti vuosikaudet saada projektip\u00e4\u00e4llik\u00f6t kirjoittamaan raportin projektin p\u00e4\u00e4tytty\u00e4. Yhti\u00f6ss\u00e4 kehitettiin nelj\u00e4n kysymyksen raportointij\u00e4rjestelm\u00e4, joka on ollut Tiimiakatemialla k\u00e4yt\u00f6ss\u00e4 15 vuotta. Huomattiin nopeasti my\u00f6s ett\u00e4 loppuraportointi ei riit\u00e4 vaan projektin alkuun on kehitett\u00e4v\u00e4 ty\u00f6kalu. Uuden ty\u00f6kalun lanseeraus onnistui hyvin, kun he keksiv\u00e4t k\u00e4ytt\u00e4\u00e4 esimotorola- &hellip; Jatka lukemista Projektit &rarr;","og_url":"https:\/\/blogit.gradia.fi\/hiuskilta\/3-projektit\/","og_site_name":"Hiuskilta Original","article_modified_time":"2015-05-25T10:13:02+00:00","twitter_card":"summary_large_image","twitter_misc":{"Arvioitu lukuaika":"1 minuutti"},"schema":{"@context":"https:\/\/schema.org","@graph":[{"@type":"WebPage","@id":"https:\/\/blogit.gradia.fi\/hiuskilta\/3-projektit\/","url":"https:\/\/blogit.gradia.fi\/hiuskilta\/3-projektit\/","name":"Projektit - Hiuskilta Original","isPartOf":{"@id":"https:\/\/blogit.gradia.fi\/hiuskilta\/#website"},"datePublished":"2014-05-25T14:23:06+00:00","dateModified":"2015-05-25T10:13:02+00:00","inLanguage":"fi","potentialAction":[{"@type":"ReadAction","target":["https:\/\/blogit.gradia.fi\/hiuskilta\/3-projektit\/"]}]},{"@type":"WebSite","@id":"https:\/\/blogit.gradia.fi\/hiuskilta\/#website","url":"https:\/\/blogit.gradia.fi\/hiuskilta\/","name":"Hiuskilta Original","description":"Gradia Jyv\u00e4skyl\u00e4n hiusalan avoin oppimisymp\u00e4rist\u00f6","potentialAction":[{"@type":"SearchAction","target":{"@type":"EntryPoint","urlTemplate":"https:\/\/blogit.gradia.fi\/hiuskilta\/?s={search_term_string}"},"query-input":{"@type":"PropertyValueSpecification","valueRequired":true,"valueName":"search_term_string"}}],"inLanguage":"fi"}]}},"uagb_featured_image_src":{"full":false,"thumbnail":false,"medium":false,"medium_large":false,"large":false,"1536x1536":false,"2048x2048":false,"post-thumbnail":false,"twentyfourteen-full-width":false},"uagb_author_info":{"display_name":"Sirpa Vauhkala","author_link":"https:\/\/blogit.gradia.fi\/hiuskilta\/author\/vauhksir\/"},"uagb_comment_info":0,"uagb_excerpt":"Esimotorolan idea (k\u00e4ytet\u00e4\u00e4n varsinkin projektien yhteydess\u00e4) Nimi tulee Motorola- nimisest\u00e4 yrityksest\u00e4, joka yritti vuosikaudet saada projektip\u00e4\u00e4llik\u00f6t kirjoittamaan raportin projektin p\u00e4\u00e4tytty\u00e4. Yhti\u00f6ss\u00e4 kehitettiin nelj\u00e4n kysymyksen raportointij\u00e4rjestelm\u00e4, joka on ollut Tiimiakatemialla k\u00e4yt\u00f6ss\u00e4 15 vuotta. Huomattiin nopeasti my\u00f6s ett\u00e4 loppuraportointi ei riit\u00e4 vaan projektin alkuun on kehitett\u00e4v\u00e4 ty\u00f6kalu. Uuden ty\u00f6kalun lanseeraus onnistui hyvin, kun he keksiv\u00e4t k\u00e4ytt\u00e4\u00e4 esimotorola-&hellip;","_links":{"self":[{"href":"https:\/\/blogit.gradia.fi\/hiuskilta\/wp-json\/wp\/v2\/pages\/11","targetHints":{"allow":["GET"]}}],"collection":[{"href":"https:\/\/blogit.gradia.fi\/hiuskilta\/wp-json\/wp\/v2\/pages"}],"about":[{"href":"https:\/\/blogit.gradia.fi\/hiuskilta\/wp-json\/wp\/v2\/types\/page"}],"author":[{"embeddable":true,"href":"https:\/\/blogit.gradia.fi\/hiuskilta\/wp-json\/wp\/v2\/users\/166"}],"replies":[{"embeddable":true,"href":"https:\/\/blogit.gradia.fi\/hiuskilta\/wp-json\/wp\/v2\/comments?post=11"}],"version-history":[{"count":0,"href":"https:\/\/blogit.gradia.fi\/hiuskilta\/wp-json\/wp\/v2\/pages\/11\/revisions"}],"wp:attachment":[{"href":"https:\/\/blogit.gradia.fi\/hiuskilta\/wp-json\/wp\/v2\/media?parent=11"}],"curies":[{"name":"wp","href":"https:\/\/api.w.org\/{rel}","templated":true}]}}