{"id":1054,"date":"2017-09-05T13:43:58","date_gmt":"2017-09-05T10:43:58","guid":{"rendered":"https:\/\/blogit.gradia.fi\/hiuskilta\/?page_id=1054"},"modified":"2017-09-05T13:50:43","modified_gmt":"2017-09-05T10:50:43","slug":"valmistuneiden-opiskelijoiden-blogeja","status":"publish","type":"page","link":"https:\/\/blogit.gradia.fi\/hiuskilta\/valmistuneiden-opiskelijoiden-blogeja\/","title":{"rendered":"Valmistuneiden opiskelijoiden blogeja"},"content":{"rendered":"<p>Opiskelijoiden blogeja aikaisemmilta vuosilta&#8230;<\/p>\n<p>HI14P<br \/>\n<a href=\"http:\/\/hairillusion-erika.blogspot.fi\"><u><span style=\"color: #0066cc;\">hairillusion-erika.blogspot.fi<\/span><\/u><\/a><br \/>\n<a href=\"http:\/\/marinhiusblogi.blogspot.fi\/\" target=\"_blank\" rel=\"noopener noreferrer\"><u><span style=\"color: #0066cc;\">marinhiusblogi.blogspot.fi\/<\/span><\/u><\/a><br \/>\n<a href=\"http:\/\/lauranhiusblogi.blogspot.fi\" target=\"_blank\" rel=\"noopener noreferrer\"><u><span style=\"color: #0066cc;\">lauranhiusblogi.blogspot.fi<\/span><\/u><\/a><br \/>\n<a href=\"http:\/\/mintunhiusblogi.blogspot.fi\/\"><u><span style=\"color: #0066cc;\">mintunhiusblogi.blogspot.fi<\/span><\/u><\/a><br \/>\n<a href=\"http:\/\/merapunzel.blogspot.fi\/\"><u><span style=\"color: #0066cc;\">merapunzel.blogspot.fi<\/span><\/u><\/a><br \/>\n<a href=\"http:\/\/hullunakihariin.blogspot.fi\/\"><u><span style=\"color: #0066cc;\">hullunakihariin.blogspot.fi<\/span><\/u><\/a><br \/>\n<a href=\"http:\/\/reettamariaa.blogspot.fi\/\"><u><span style=\"color: #0066cc;\">reettamariaa.blogspot.fi<\/span><\/u><\/a><br \/>\n<a href=\"http:\/\/juliahairrevolution.blogspot.fi\" target=\"_blank\" rel=\"noopener noreferrer\"><u><span style=\"color: #0066cc;\">juliahairrevolution.blogspot.fi<\/span><\/u><\/a><br \/>\n<a href=\"http:\/\/hiuksiahalkomassa.blogspot.fi\" target=\"_blank\" rel=\"noopener noreferrer\"><u><span style=\"color: #0066cc;\">hiuksiahalkomassa.blogspot.fi<\/span><\/u><\/a><br \/>\n<a href=\"http:\/\/unhair-emmi.blogspot.fi\" target=\"_blank\" rel=\"noopener noreferrer\"><u><span style=\"color: #0066cc;\">unhair-emmi.blogspot.fi<\/span><\/u><\/a><br \/>\n<a href=\"http:\/\/jaicanblogi.blogspot.fi\" target=\"_blank\" rel=\"noopener noreferrer\"><u><span style=\"color: #0066cc;\">jaicanblogi.blogspot.fi<\/span><\/u><\/a><br \/>\n<a href=\"http:\/\/jennninhiusblogi.blogspot.fi\" target=\"_blank\" rel=\"noopener noreferrer\"><u><span style=\"color: #0066cc;\">jennninhiusblogi.blogspot.fi<\/span><\/u><\/a><br \/>\n<a href=\"http:\/\/thehairismylife.blogspot.fi\" target=\"_blank\" rel=\"noopener noreferrer\"><u><span style=\"color: #0066cc;\">thehairismylife.blogspot.fi<\/span><\/u><\/a><br \/>\n<a href=\"http:\/\/neeannhiusblogi.blogspot.fi\" target=\"_blank\" rel=\"noopener noreferrer\"><u><span style=\"color: #0066cc;\">neeannhiusblogi.blogspot.fi<\/span><\/u><\/a><br \/>\n<a href=\"http:\/\/kerstininhiusblogi.blogspot.com\" target=\"_blank\" rel=\"noopener noreferrer\">kerstininhiusblogi.blogspot.com <\/a><\/p>\n<p>HI15Y<br \/>\n<a href=\"http:\/\/helminhiusblogi.blogspot.com\" target=\"_blank\" rel=\"noopener noreferrer\">helminhiusblogi.blogspot.com<\/a><br \/>\n<a href=\"http:\/\/knothair.blogspot.com\" target=\"_blank\" rel=\"noopener noreferrer\">knothair.blogspot.com<\/a><br \/>\n<a href=\"http:\/\/elsamarielliina.blogspot.com\" target=\"_blank\" rel=\"noopener noreferrer\">elsamarielliina.blogspot.com<\/a><br \/>\n<a href=\"http:\/\/minttukinnari.blogspot.com\" target=\"_blank\" rel=\"noopener noreferrer\">minttukinnari.blogspot.com<\/a><br \/>\n<a href=\"http:\/\/hiusannukka.blogspot.com\" target=\"_blank\" rel=\"noopener noreferrer\">hiusannukka.blogspot.com<\/a><br \/>\n<a href=\"http:\/\/shyrapunzel.blogspot.com\" target=\"_blank\" rel=\"noopener noreferrer\">shyrapunzel.blogspot.com<\/a><br \/>\n<a href=\"http:\/\/juliehiusblogi.blogspot.com\" target=\"_blank\" rel=\"noopener noreferrer\">juliehiusblogi.blogspot.com<\/a><br \/>\n<a href=\"http:\/\/sannamakinen.blogspot.com\" target=\"_blank\" rel=\"noopener noreferrer\">sannamakinen.blogspot.com<\/a><br \/>\n<a href=\"http:\/\/hiussuvi.blogspot.com\" target=\"_blank\" rel=\"noopener noreferrer\">hiussuvi.blogspot.com<\/a><br \/>\n<a href=\"http:\/\/jennisallila.blogspot.com\" target=\"_blank\" rel=\"noopener noreferrer\">jennisallila.blogspot.com<\/a><br \/>\n<a href=\"http:\/\/takkupaa.blogspot.com\" target=\"_blank\" rel=\"noopener noreferrer\">takkupaa.blogspot.com<\/a><br \/>\n<a href=\"http:\/\/tiiasarkka.blogspot.com\" target=\"_blank\" rel=\"noopener noreferrer\">tiiasarkka.blogspot.com<\/a><br \/>\n<a href=\"http:\/\/kaurapuurokiharat.blogspot.com\" target=\"_blank\" rel=\"noopener noreferrer\">kaurapuurokiharat.blogspot.com<\/a><br \/>\n<a href=\"http:\/\/piianhiusblogi.blogspot.com\" target=\"_blank\" rel=\"noopener noreferrer\">piianhiusblogi.blogspot.com<\/a><br \/>\n<a href=\"http:\/\/jennnikatariina.blogspot.com\" target=\"_blank\" rel=\"noopener noreferrer\">jennnikatariina.blogspot.com<\/a><br \/>\n<a href=\"http:\/\/hbheta.blogspot.com\" target=\"_blank\" rel=\"noopener noreferrer\">hbheta.blogspot.com<\/a><br \/>\n<a href=\"http:\/\/evhair.blogspot.com\" target=\"_blank\" rel=\"noopener noreferrer\">evhair.blogspot.com <\/a><\/p>\n","protected":false},"excerpt":{"rendered":"<p>Opiskelijoiden blogeja aikaisemmilta vuosilta&#8230; HI14P hairillusion-erika.blogspot.fi marinhiusblogi.blogspot.fi\/ lauranhiusblogi.blogspot.fi mintunhiusblogi.blogspot.fi merapunzel.blogspot.fi hullunakihariin.blogspot.fi reettamariaa.blogspot.fi juliahairrevolution.blogspot.fi hiuksiahalkomassa.blogspot.fi unhair-emmi.blogspot.fi jaicanblogi.blogspot.fi jennninhiusblogi.blogspot.fi thehairismylife.blogspot.fi neeannhiusblogi.blogspot.fi kerstininhiusblogi.blogspot.com HI15Y helminhiusblogi.blogspot.com knothair.blogspot.com elsamarielliina.blogspot.com minttukinnari.blogspot.com hiusannukka.blogspot.com shyrapunzel.blogspot.com juliehiusblogi.blogspot.com sannamakinen.blogspot.com hiussuvi.blogspot.com jennisallila.blogspot.com takkupaa.blogspot.com tiiasarkka.blogspot.com kaurapuurokiharat.blogspot.com piianhiusblogi.blogspot.com jennnikatariina.blogspot.com hbheta.blogspot.com evhair.blogspot.com<\/p>\n","protected":false},"author":161,"featured_media":0,"parent":0,"menu_order":0,"comment_status":"closed","ping_status":"closed","template":"","meta":{"_uag_custom_page_level_css":"","footnotes":""},"class_list":["post-1054","page","type-page","status-publish","hentry"],"yoast_head":"<!-- This site is optimized with the Yoast SEO plugin v27.4 - https:\/\/yoast.com\/product\/yoast-seo-wordpress\/ -->\n<title>Valmistuneiden opiskelijoiden blogeja - Hiuskilta Original<\/title>\n<meta name=\"robots\" content=\"index, follow, max-snippet:-1, max-image-preview:large, max-video-preview:-1\" \/>\n<link rel=\"canonical\" href=\"https:\/\/blogit.gradia.fi\/hiuskilta\/valmistuneiden-opiskelijoiden-blogeja\/\" \/>\n<meta property=\"og:locale\" content=\"fi_FI\" \/>\n<meta property=\"og:type\" content=\"article\" \/>\n<meta property=\"og:title\" content=\"Valmistuneiden opiskelijoiden blogeja - Hiuskilta Original\" \/>\n<meta property=\"og:description\" content=\"Opiskelijoiden blogeja aikaisemmilta vuosilta&#8230; HI14P hairillusion-erika.blogspot.fi marinhiusblogi.blogspot.fi\/ lauranhiusblogi.blogspot.fi mintunhiusblogi.blogspot.fi merapunzel.blogspot.fi hullunakihariin.blogspot.fi reettamariaa.blogspot.fi juliahairrevolution.blogspot.fi hiuksiahalkomassa.blogspot.fi unhair-emmi.blogspot.fi jaicanblogi.blogspot.fi jennninhiusblogi.blogspot.fi thehairismylife.blogspot.fi neeannhiusblogi.blogspot.fi kerstininhiusblogi.blogspot.com HI15Y helminhiusblogi.blogspot.com knothair.blogspot.com elsamarielliina.blogspot.com minttukinnari.blogspot.com hiusannukka.blogspot.com shyrapunzel.blogspot.com juliehiusblogi.blogspot.com sannamakinen.blogspot.com hiussuvi.blogspot.com jennisallila.blogspot.com takkupaa.blogspot.com tiiasarkka.blogspot.com kaurapuurokiharat.blogspot.com piianhiusblogi.blogspot.com jennnikatariina.blogspot.com hbheta.blogspot.com evhair.blogspot.com\" \/>\n<meta property=\"og:url\" content=\"https:\/\/blogit.gradia.fi\/hiuskilta\/valmistuneiden-opiskelijoiden-blogeja\/\" \/>\n<meta property=\"og:site_name\" content=\"Hiuskilta Original\" \/>\n<meta property=\"article:modified_time\" content=\"2017-09-05T10:50:43+00:00\" \/>\n<meta name=\"twitter:card\" content=\"summary_large_image\" \/>\n<meta name=\"twitter:label1\" content=\"Arvioitu lukuaika\" \/>\n\t<meta name=\"twitter:data1\" content=\"1 minuutti\" \/>\n<script type=\"application\/ld+json\" class=\"yoast-schema-graph\">{\"@context\":\"https:\\\/\\\/schema.org\",\"@graph\":[{\"@type\":\"WebPage\",\"@id\":\"https:\\\/\\\/blogit.gradia.fi\\\/hiuskilta\\\/valmistuneiden-opiskelijoiden-blogeja\\\/\",\"url\":\"https:\\\/\\\/blogit.gradia.fi\\\/hiuskilta\\\/valmistuneiden-opiskelijoiden-blogeja\\\/\",\"name\":\"Valmistuneiden opiskelijoiden blogeja - Hiuskilta Original\",\"isPartOf\":{\"@id\":\"https:\\\/\\\/blogit.gradia.fi\\\/hiuskilta\\\/#website\"},\"datePublished\":\"2017-09-05T10:43:58+00:00\",\"dateModified\":\"2017-09-05T10:50:43+00:00\",\"inLanguage\":\"fi\",\"potentialAction\":[{\"@type\":\"ReadAction\",\"target\":[\"https:\\\/\\\/blogit.gradia.fi\\\/hiuskilta\\\/valmistuneiden-opiskelijoiden-blogeja\\\/\"]}]},{\"@type\":\"WebSite\",\"@id\":\"https:\\\/\\\/blogit.gradia.fi\\\/hiuskilta\\\/#website\",\"url\":\"https:\\\/\\\/blogit.gradia.fi\\\/hiuskilta\\\/\",\"name\":\"Hiuskilta Original\",\"description\":\"Gradia Jyv\u00e4skyl\u00e4n hiusalan avoin oppimisymp\u00e4rist\u00f6\",\"potentialAction\":[{\"@type\":\"SearchAction\",\"target\":{\"@type\":\"EntryPoint\",\"urlTemplate\":\"https:\\\/\\\/blogit.gradia.fi\\\/hiuskilta\\\/?s={search_term_string}\"},\"query-input\":{\"@type\":\"PropertyValueSpecification\",\"valueRequired\":true,\"valueName\":\"search_term_string\"}}],\"inLanguage\":\"fi\"}]}<\/script>\n<!-- \/ Yoast SEO plugin. -->","yoast_head_json":{"title":"Valmistuneiden opiskelijoiden blogeja - Hiuskilta Original","robots":{"index":"index","follow":"follow","max-snippet":"max-snippet:-1","max-image-preview":"max-image-preview:large","max-video-preview":"max-video-preview:-1"},"canonical":"https:\/\/blogit.gradia.fi\/hiuskilta\/valmistuneiden-opiskelijoiden-blogeja\/","og_locale":"fi_FI","og_type":"article","og_title":"Valmistuneiden opiskelijoiden blogeja - Hiuskilta Original","og_description":"Opiskelijoiden blogeja aikaisemmilta vuosilta&#8230; HI14P hairillusion-erika.blogspot.fi marinhiusblogi.blogspot.fi\/ lauranhiusblogi.blogspot.fi mintunhiusblogi.blogspot.fi merapunzel.blogspot.fi hullunakihariin.blogspot.fi reettamariaa.blogspot.fi juliahairrevolution.blogspot.fi hiuksiahalkomassa.blogspot.fi unhair-emmi.blogspot.fi jaicanblogi.blogspot.fi jennninhiusblogi.blogspot.fi thehairismylife.blogspot.fi neeannhiusblogi.blogspot.fi kerstininhiusblogi.blogspot.com HI15Y helminhiusblogi.blogspot.com knothair.blogspot.com elsamarielliina.blogspot.com minttukinnari.blogspot.com hiusannukka.blogspot.com shyrapunzel.blogspot.com juliehiusblogi.blogspot.com sannamakinen.blogspot.com hiussuvi.blogspot.com jennisallila.blogspot.com takkupaa.blogspot.com tiiasarkka.blogspot.com kaurapuurokiharat.blogspot.com piianhiusblogi.blogspot.com jennnikatariina.blogspot.com hbheta.blogspot.com evhair.blogspot.com","og_url":"https:\/\/blogit.gradia.fi\/hiuskilta\/valmistuneiden-opiskelijoiden-blogeja\/","og_site_name":"Hiuskilta Original","article_modified_time":"2017-09-05T10:50:43+00:00","twitter_card":"summary_large_image","twitter_misc":{"Arvioitu lukuaika":"1 minuutti"},"schema":{"@context":"https:\/\/schema.org","@graph":[{"@type":"WebPage","@id":"https:\/\/blogit.gradia.fi\/hiuskilta\/valmistuneiden-opiskelijoiden-blogeja\/","url":"https:\/\/blogit.gradia.fi\/hiuskilta\/valmistuneiden-opiskelijoiden-blogeja\/","name":"Valmistuneiden opiskelijoiden blogeja - Hiuskilta Original","isPartOf":{"@id":"https:\/\/blogit.gradia.fi\/hiuskilta\/#website"},"datePublished":"2017-09-05T10:43:58+00:00","dateModified":"2017-09-05T10:50:43+00:00","inLanguage":"fi","potentialAction":[{"@type":"ReadAction","target":["https:\/\/blogit.gradia.fi\/hiuskilta\/valmistuneiden-opiskelijoiden-blogeja\/"]}]},{"@type":"WebSite","@id":"https:\/\/blogit.gradia.fi\/hiuskilta\/#website","url":"https:\/\/blogit.gradia.fi\/hiuskilta\/","name":"Hiuskilta Original","description":"Gradia Jyv\u00e4skyl\u00e4n hiusalan avoin oppimisymp\u00e4rist\u00f6","potentialAction":[{"@type":"SearchAction","target":{"@type":"EntryPoint","urlTemplate":"https:\/\/blogit.gradia.fi\/hiuskilta\/?s={search_term_string}"},"query-input":{"@type":"PropertyValueSpecification","valueRequired":true,"valueName":"search_term_string"}}],"inLanguage":"fi"}]}},"uagb_featured_image_src":{"full":false,"thumbnail":false,"medium":false,"medium_large":false,"large":false,"1536x1536":false,"2048x2048":false,"post-thumbnail":false,"twentyfourteen-full-width":false},"uagb_author_info":{"display_name":"Hanna Frilander","author_link":"https:\/\/blogit.gradia.fi\/hiuskilta\/author\/frilahan\/"},"uagb_comment_info":0,"uagb_excerpt":"Opiskelijoiden blogeja aikaisemmilta vuosilta&#8230; HI14P hairillusion-erika.blogspot.fi marinhiusblogi.blogspot.fi\/ lauranhiusblogi.blogspot.fi mintunhiusblogi.blogspot.fi merapunzel.blogspot.fi hullunakihariin.blogspot.fi reettamariaa.blogspot.fi juliahairrevolution.blogspot.fi hiuksiahalkomassa.blogspot.fi unhair-emmi.blogspot.fi jaicanblogi.blogspot.fi jennninhiusblogi.blogspot.fi thehairismylife.blogspot.fi neeannhiusblogi.blogspot.fi kerstininhiusblogi.blogspot.com HI15Y helminhiusblogi.blogspot.com knothair.blogspot.com elsamarielliina.blogspot.com minttukinnari.blogspot.com hiusannukka.blogspot.com shyrapunzel.blogspot.com juliehiusblogi.blogspot.com sannamakinen.blogspot.com hiussuvi.blogspot.com jennisallila.blogspot.com takkupaa.blogspot.com tiiasarkka.blogspot.com kaurapuurokiharat.blogspot.com piianhiusblogi.blogspot.com jennnikatariina.blogspot.com hbheta.blogspot.com evhair.blogspot.com","_links":{"self":[{"href":"https:\/\/blogit.gradia.fi\/hiuskilta\/wp-json\/wp\/v2\/pages\/1054","targetHints":{"allow":["GET"]}}],"collection":[{"href":"https:\/\/blogit.gradia.fi\/hiuskilta\/wp-json\/wp\/v2\/pages"}],"about":[{"href":"https:\/\/blogit.gradia.fi\/hiuskilta\/wp-json\/wp\/v2\/types\/page"}],"author":[{"embeddable":true,"href":"https:\/\/blogit.gradia.fi\/hiuskilta\/wp-json\/wp\/v2\/users\/161"}],"replies":[{"embeddable":true,"href":"https:\/\/blogit.gradia.fi\/hiuskilta\/wp-json\/wp\/v2\/comments?post=1054"}],"version-history":[{"count":0,"href":"https:\/\/blogit.gradia.fi\/hiuskilta\/wp-json\/wp\/v2\/pages\/1054\/revisions"}],"wp:attachment":[{"href":"https:\/\/blogit.gradia.fi\/hiuskilta\/wp-json\/wp\/v2\/media?parent=1054"}],"curies":[{"name":"wp","href":"https:\/\/api.w.org\/{rel}","templated":true}]}}