{"id":73,"date":"2020-02-11T22:23:02","date_gmt":"2020-02-11T20:23:02","guid":{"rendered":"https:\/\/blogit.gradia.fi\/hengitysvaikeus\/?page_id=73"},"modified":"2020-02-12T17:44:57","modified_gmt":"2020-02-12T15:44:57","slug":"potilascase","status":"publish","type":"page","link":"https:\/\/blogit.gradia.fi\/hengitysvaikeus\/potilascase\/","title":{"rendered":"Toimintaperiaatteet"},"content":{"rendered":"\n<h2 class=\"wp-block-heading\">Potilasturvallisuus<\/h2>\n\n\n\n<p>Potilasturvallisuus tarkoittaa sit\u00e4, ett\u00e4 potilas saa tarvitsemansa hoidon oikeassa paikassa oikeaan aikaan, josta ei aiheudu estett\u00e4viss\u00e4 olevaa haittaa. Potilasturvallisuus kattaa hoidon turvallisuuden, l\u00e4\u00e4kehoidon turvallisuudenm sek\u00e4 l\u00e4\u00e4kinn\u00e4llisten laitteiden laiteturvallisuuden. Potilasturvallisuuskulttuuri tarkoittaa potilaiden hoitoa edist\u00e4v\u00e4\u00e4 suunnitelmallista ja j\u00e4rjestelm\u00e4llist\u00e4 toimintatapaa.\u00a0<\/p>\n\n\n\n<p>Potilaalla on oikeus hyv\u00e4\u00e4n hoitoon ja kohteluun. Hoito on toteutettava yhteisymm\u00e4rryksess\u00e4 potilaan kanssa ja h\u00e4nell\u00e4 on oikeus my\u00f6s kielt\u00e4yty\u00e4 siit\u00e4. <\/p>\n\n\n\n<p>Jos potilaan mielest\u00e4 on tapahtunut virhe, tulee siit\u00e4 ilmoittaa v\u00e4litt\u00f6m\u00e4sti henkil\u00f6kunnalle tai antaa palautetta kirjallisesti.  V\u00e4lit\u00f6n keskustelu on usein paras ja nopein tapa selvitt\u00e4\u00e4 asia. (KSSHP)<\/p>\n\n\n\n<p><em> &#8221;Turvallisen ja hyv\u00e4n hoidon varmistamisessa my\u00f6s sinulla on t\u00e4rke\u00e4 osuus. Sinua hoitavilla henkil\u00f6ill\u00e4 pit\u00e4\u00e4 olla hoitoosi riitt\u00e4v\u00e4 osaaminen sek\u00e4 sinusta oikeat ja ajan tasalla olevat tiedot. Muistuta rohkeasti, jos henkil\u00f6kunta unohtaa varmistaa henkil\u00f6tietosi menness\u00e4si esimerkiksi tutkimuksiin, heid\u00e4n antaessaan sinulle l\u00e4\u00e4kkeit\u00e4 tai k\u00e4sitelless\u00e4\u00e4n tutkimustuloksiasi. Kerro tarpeeksi itsest\u00e4si, sairaudestasi sek\u00e4 k\u00e4ytt\u00e4mist\u00e4si hoitokeinoista. <\/em>&#8221; (KSSHP)<\/p>\n\n\n\n<p><a href=\"https:\/\/thl.fi\/fi\/web\/sote-uudistus\/palvelujen-tuottaminen\/potilasturvallisuus\">THL<\/a>, <a rel=\"noreferrer noopener\" href=\"https:\/\/www.ksshp.fi\/fi-FI\/Potilaalle\/Potilaan_tuki_ja_oikeudet\/Potilasturvallisuus\" target=\"_blank\">KSSHP &#8211; Potilasturvallisuus<\/a>\u00a0 <\/p>\n\n\n\n<h2 class=\"wp-block-heading\">Ty\u00f6turvallisuus (Nico)<\/h2>\n\n\n\n<h2 class=\"wp-block-heading\">Vuorovaikutus<\/h2>\n\n\n\n<h2 class=\"wp-block-heading\">Yhteisty\u00f6\u00a0<\/h2>\n","protected":false},"excerpt":{"rendered":"<p>Potilasturvallisuus Potilasturvallisuus tarkoittaa sit\u00e4, ett\u00e4 potilas saa tarvitsemansa hoidon oikeassa paikassa oikeaan aikaan, josta ei aiheudu estett\u00e4viss\u00e4 olevaa haittaa. Potilasturvallisuus kattaa hoidon turvallisuuden, l\u00e4\u00e4kehoidon turvallisuudenm sek\u00e4 l\u00e4\u00e4kinn\u00e4llisten laitteiden laiteturvallisuuden. Potilasturvallisuuskulttuuri tarkoittaa potilaiden hoitoa edist\u00e4v\u00e4\u00e4 suunnitelmallista ja j\u00e4rjestelm\u00e4llist\u00e4 toimintatapaa.\u00a0 Potilaalla on oikeus hyv\u00e4\u00e4n hoitoon ja kohteluun. Hoito on toteutettava yhteisymm\u00e4rryksess\u00e4 potilaan kanssa ja h\u00e4nell\u00e4 on oikeus [&hellip;]<\/p>\n","protected":false},"author":677,"featured_media":0,"parent":0,"menu_order":2,"comment_status":"closed","ping_status":"closed","template":"","meta":{"_uag_custom_page_level_css":"","footnotes":""},"class_list":["post-73","page","type-page","status-publish","hentry"],"yoast_head":"<!-- This site is optimized with the Yoast SEO plugin v27.4 - https:\/\/yoast.com\/product\/yoast-seo-wordpress\/ -->\n<title>Toimintaperiaatteet - Hengitysvaikeus<\/title>\n<meta name=\"robots\" content=\"index, follow, max-snippet:-1, max-image-preview:large, max-video-preview:-1\" \/>\n<link rel=\"canonical\" href=\"https:\/\/blogit.gradia.fi\/hengitysvaikeus\/potilascase\/\" \/>\n<meta property=\"og:locale\" content=\"fi_FI\" \/>\n<meta property=\"og:type\" content=\"article\" \/>\n<meta property=\"og:title\" content=\"Toimintaperiaatteet - Hengitysvaikeus\" \/>\n<meta property=\"og:description\" content=\"Potilasturvallisuus Potilasturvallisuus tarkoittaa sit\u00e4, ett\u00e4 potilas saa tarvitsemansa hoidon oikeassa paikassa oikeaan aikaan, josta ei aiheudu estett\u00e4viss\u00e4 olevaa haittaa. Potilasturvallisuus kattaa hoidon turvallisuuden, l\u00e4\u00e4kehoidon turvallisuudenm sek\u00e4 l\u00e4\u00e4kinn\u00e4llisten laitteiden laiteturvallisuuden. Potilasturvallisuuskulttuuri tarkoittaa potilaiden hoitoa edist\u00e4v\u00e4\u00e4 suunnitelmallista ja j\u00e4rjestelm\u00e4llist\u00e4 toimintatapaa.\u00a0 Potilaalla on oikeus hyv\u00e4\u00e4n hoitoon ja kohteluun. Hoito on toteutettava yhteisymm\u00e4rryksess\u00e4 potilaan kanssa ja h\u00e4nell\u00e4 on oikeus [&hellip;]\" \/>\n<meta property=\"og:url\" content=\"https:\/\/blogit.gradia.fi\/hengitysvaikeus\/potilascase\/\" \/>\n<meta property=\"og:site_name\" content=\"Hengitysvaikeus\" \/>\n<meta property=\"article:modified_time\" content=\"2020-02-12T15:44:57+00:00\" \/>\n<meta name=\"twitter:card\" content=\"summary_large_image\" \/>\n<meta name=\"twitter:label1\" content=\"Arvioitu lukuaika\" \/>\n\t<meta name=\"twitter:data1\" content=\"1 minuutti\" \/>\n<script type=\"application\/ld+json\" class=\"yoast-schema-graph\">{\"@context\":\"https:\\\/\\\/schema.org\",\"@graph\":[{\"@type\":\"WebPage\",\"@id\":\"https:\\\/\\\/blogit.gradia.fi\\\/hengitysvaikeus\\\/potilascase\\\/\",\"url\":\"https:\\\/\\\/blogit.gradia.fi\\\/hengitysvaikeus\\\/potilascase\\\/\",\"name\":\"Toimintaperiaatteet - Hengitysvaikeus\",\"isPartOf\":{\"@id\":\"https:\\\/\\\/blogit.gradia.fi\\\/hengitysvaikeus\\\/#website\"},\"datePublished\":\"2020-02-11T20:23:02+00:00\",\"dateModified\":\"2020-02-12T15:44:57+00:00\",\"breadcrumb\":{\"@id\":\"https:\\\/\\\/blogit.gradia.fi\\\/hengitysvaikeus\\\/potilascase\\\/#breadcrumb\"},\"inLanguage\":\"fi\",\"potentialAction\":[{\"@type\":\"ReadAction\",\"target\":[\"https:\\\/\\\/blogit.gradia.fi\\\/hengitysvaikeus\\\/potilascase\\\/\"]}]},{\"@type\":\"BreadcrumbList\",\"@id\":\"https:\\\/\\\/blogit.gradia.fi\\\/hengitysvaikeus\\\/potilascase\\\/#breadcrumb\",\"itemListElement\":[{\"@type\":\"ListItem\",\"position\":1,\"name\":\"Home\",\"item\":\"https:\\\/\\\/blogit.gradia.fi\\\/hengitysvaikeus\\\/\"},{\"@type\":\"ListItem\",\"position\":2,\"name\":\"Toimintaperiaatteet\"}]},{\"@type\":\"WebSite\",\"@id\":\"https:\\\/\\\/blogit.gradia.fi\\\/hengitysvaikeus\\\/#website\",\"url\":\"https:\\\/\\\/blogit.gradia.fi\\\/hengitysvaikeus\\\/\",\"name\":\"Hengitysvaikeus\",\"description\":\"\",\"potentialAction\":[{\"@type\":\"SearchAction\",\"target\":{\"@type\":\"EntryPoint\",\"urlTemplate\":\"https:\\\/\\\/blogit.gradia.fi\\\/hengitysvaikeus\\\/?s={search_term_string}\"},\"query-input\":{\"@type\":\"PropertyValueSpecification\",\"valueRequired\":true,\"valueName\":\"search_term_string\"}}],\"inLanguage\":\"fi\"}]}<\/script>\n<!-- \/ Yoast SEO plugin. -->","yoast_head_json":{"title":"Toimintaperiaatteet - Hengitysvaikeus","robots":{"index":"index","follow":"follow","max-snippet":"max-snippet:-1","max-image-preview":"max-image-preview:large","max-video-preview":"max-video-preview:-1"},"canonical":"https:\/\/blogit.gradia.fi\/hengitysvaikeus\/potilascase\/","og_locale":"fi_FI","og_type":"article","og_title":"Toimintaperiaatteet - Hengitysvaikeus","og_description":"Potilasturvallisuus Potilasturvallisuus tarkoittaa sit\u00e4, ett\u00e4 potilas saa tarvitsemansa hoidon oikeassa paikassa oikeaan aikaan, josta ei aiheudu estett\u00e4viss\u00e4 olevaa haittaa. Potilasturvallisuus kattaa hoidon turvallisuuden, l\u00e4\u00e4kehoidon turvallisuudenm sek\u00e4 l\u00e4\u00e4kinn\u00e4llisten laitteiden laiteturvallisuuden. Potilasturvallisuuskulttuuri tarkoittaa potilaiden hoitoa edist\u00e4v\u00e4\u00e4 suunnitelmallista ja j\u00e4rjestelm\u00e4llist\u00e4 toimintatapaa.\u00a0 Potilaalla on oikeus hyv\u00e4\u00e4n hoitoon ja kohteluun. Hoito on toteutettava yhteisymm\u00e4rryksess\u00e4 potilaan kanssa ja h\u00e4nell\u00e4 on oikeus [&hellip;]","og_url":"https:\/\/blogit.gradia.fi\/hengitysvaikeus\/potilascase\/","og_site_name":"Hengitysvaikeus","article_modified_time":"2020-02-12T15:44:57+00:00","twitter_card":"summary_large_image","twitter_misc":{"Arvioitu lukuaika":"1 minuutti"},"schema":{"@context":"https:\/\/schema.org","@graph":[{"@type":"WebPage","@id":"https:\/\/blogit.gradia.fi\/hengitysvaikeus\/potilascase\/","url":"https:\/\/blogit.gradia.fi\/hengitysvaikeus\/potilascase\/","name":"Toimintaperiaatteet - Hengitysvaikeus","isPartOf":{"@id":"https:\/\/blogit.gradia.fi\/hengitysvaikeus\/#website"},"datePublished":"2020-02-11T20:23:02+00:00","dateModified":"2020-02-12T15:44:57+00:00","breadcrumb":{"@id":"https:\/\/blogit.gradia.fi\/hengitysvaikeus\/potilascase\/#breadcrumb"},"inLanguage":"fi","potentialAction":[{"@type":"ReadAction","target":["https:\/\/blogit.gradia.fi\/hengitysvaikeus\/potilascase\/"]}]},{"@type":"BreadcrumbList","@id":"https:\/\/blogit.gradia.fi\/hengitysvaikeus\/potilascase\/#breadcrumb","itemListElement":[{"@type":"ListItem","position":1,"name":"Home","item":"https:\/\/blogit.gradia.fi\/hengitysvaikeus\/"},{"@type":"ListItem","position":2,"name":"Toimintaperiaatteet"}]},{"@type":"WebSite","@id":"https:\/\/blogit.gradia.fi\/hengitysvaikeus\/#website","url":"https:\/\/blogit.gradia.fi\/hengitysvaikeus\/","name":"Hengitysvaikeus","description":"","potentialAction":[{"@type":"SearchAction","target":{"@type":"EntryPoint","urlTemplate":"https:\/\/blogit.gradia.fi\/hengitysvaikeus\/?s={search_term_string}"},"query-input":{"@type":"PropertyValueSpecification","valueRequired":true,"valueName":"search_term_string"}}],"inLanguage":"fi"}]}},"uagb_featured_image_src":{"full":false,"thumbnail":false,"medium":false,"medium_large":false,"large":false,"1536x1536":false,"2048x2048":false,"post-thumbnail":false},"uagb_author_info":{"display_name":"Martti Ruokonen","author_link":"https:\/\/blogit.gradia.fi\/hengitysvaikeus\/author\/gr191912\/"},"uagb_comment_info":0,"uagb_excerpt":"Potilasturvallisuus Potilasturvallisuus tarkoittaa sit\u00e4, ett\u00e4 potilas saa tarvitsemansa hoidon oikeassa paikassa oikeaan aikaan, josta ei aiheudu estett\u00e4viss\u00e4 olevaa haittaa. Potilasturvallisuus kattaa hoidon turvallisuuden, l\u00e4\u00e4kehoidon turvallisuudenm sek\u00e4 l\u00e4\u00e4kinn\u00e4llisten laitteiden laiteturvallisuuden. Potilasturvallisuuskulttuuri tarkoittaa potilaiden hoitoa edist\u00e4v\u00e4\u00e4 suunnitelmallista ja j\u00e4rjestelm\u00e4llist\u00e4 toimintatapaa.\u00a0 Potilaalla on oikeus hyv\u00e4\u00e4n hoitoon ja kohteluun. Hoito on toteutettava yhteisymm\u00e4rryksess\u00e4 potilaan kanssa ja h\u00e4nell\u00e4 on oikeus&hellip;","_links":{"self":[{"href":"https:\/\/blogit.gradia.fi\/hengitysvaikeus\/wp-json\/wp\/v2\/pages\/73","targetHints":{"allow":["GET"]}}],"collection":[{"href":"https:\/\/blogit.gradia.fi\/hengitysvaikeus\/wp-json\/wp\/v2\/pages"}],"about":[{"href":"https:\/\/blogit.gradia.fi\/hengitysvaikeus\/wp-json\/wp\/v2\/types\/page"}],"author":[{"embeddable":true,"href":"https:\/\/blogit.gradia.fi\/hengitysvaikeus\/wp-json\/wp\/v2\/users\/677"}],"replies":[{"embeddable":true,"href":"https:\/\/blogit.gradia.fi\/hengitysvaikeus\/wp-json\/wp\/v2\/comments?post=73"}],"version-history":[{"count":6,"href":"https:\/\/blogit.gradia.fi\/hengitysvaikeus\/wp-json\/wp\/v2\/pages\/73\/revisions"}],"predecessor-version":[{"id":129,"href":"https:\/\/blogit.gradia.fi\/hengitysvaikeus\/wp-json\/wp\/v2\/pages\/73\/revisions\/129"}],"wp:attachment":[{"href":"https:\/\/blogit.gradia.fi\/hengitysvaikeus\/wp-json\/wp\/v2\/media?parent=73"}],"curies":[{"name":"wp","href":"https:\/\/api.w.org\/{rel}","templated":true}]}}