{"id":223,"date":"2020-02-18T20:48:13","date_gmt":"2020-02-18T18:48:13","guid":{"rendered":"https:\/\/blogit.gradia.fi\/hengitysvaikeus\/?page_id=223"},"modified":"2020-02-19T23:06:35","modified_gmt":"2020-02-19T21:06:35","slug":"hengityskatkos","status":"publish","type":"page","link":"https:\/\/blogit.gradia.fi\/hengitysvaikeus\/aiheuttajia\/hengityskatkos\/","title":{"rendered":"Hengityskatkos eli apnea"},"content":{"rendered":"\n<p> Normaalisti nukkuessa hengitystiet ovat avoimet. Pehme\u00e4n kitalaen liiallinen rasva, muut rakenteelliset ongelmat tai l\u00e4\u00e4keaineet tai alkoholi voivat aiheuttaa sen, ett\u00e4 pehme\u00e4 kitalaki tukkii hengitystien aiheuttaen kuorsausta ja uniapneaa. <\/p>\n\n\n\n<figure class=\"wp-block-image\"><img decoding=\"async\" src=\"https:\/\/www.terveyskirjasto.fi\/xmedia\/ldk\/ldk00716.jpg\" alt=\"\" \/><figcaption> <a href=\"https:\/\/www.terveyskirjasto.fi\/terveyskirjasto\/tk.koti?p_artikkeli=ldk00716\">https:\/\/www.terveyskirjasto.fi\/terveyskirjasto\/tk.koti?p_artikkeli=ldk00716<\/a> <\/figcaption><\/figure>\n\n\n\n<h3 class=\"wp-block-heading\">Uniapnean tyypillisi\u00e4 oireita<\/h3>\n\n\n\n<figure class=\"wp-block-image is-resized\"><img loading=\"lazy\" decoding=\"async\" src=\"https:\/\/www.terveyskirjasto.fi\/xmedia\/ldk\/ldk00717.jpg\" alt=\"\" width=\"640\" height=\"320\" \/><figcaption> <a href=\"https:\/\/www.terveyskirjasto.fi\/terveyskirjasto\/tk.koti?p_artikkeli=ldk00717\">https:\/\/www.terveyskirjasto.fi\/terveyskirjasto\/tk.koti?p_artikkeli=ldk00717<\/a> <\/figcaption><\/figure>\n\n\n\n<h2 class=\"wp-block-heading\" id=\"s3\">Milloin hoitoon<\/h2>\n\n\n\n<p>Tarkempiin tutkimuksiin on syyt\u00e4 hakeutua, jos kuorsaus ja toisen henkil\u00f6n toistuvasti toteamat hengityskatkokset aiheuttavat p\u00e4iv\u00e4aikaista v\u00e4symyst\u00e4 tai suoranaista nukahtelua ja mahdollisesti muita oireita, kuten muistih\u00e4iri\u00f6it\u00e4 ja mielialavaihtelua tai y\u00f6llisi\u00e4 rytmih\u00e4iri\u00f6- ja rintakiputuntemuksia. Unih\u00e4iri\u00f6n vaikeuden arvioimista auttaa, jos t\u00e4ytt\u00e4\u00e4 etuk\u00e4teen t\u00e4h\u00e4n tarkoitukseen laaditun oirekyselyn. L\u00e4\u00e4k\u00e4rin suorittaman haastattelun lis\u00e4ksi potilaan tutkimuksiin kuuluvat yleens\u00e4 nen\u00e4nielun tutkimukset, laboratoriotutkimuksia sek\u00e4 unen rekister\u00f6inti.<\/p>\n","protected":false},"excerpt":{"rendered":"<p>Normaalisti nukkuessa hengitystiet ovat avoimet. Pehme\u00e4n kitalaen liiallinen rasva, muut rakenteelliset ongelmat tai l\u00e4\u00e4keaineet tai alkoholi voivat aiheuttaa sen, ett\u00e4 pehme\u00e4 kitalaki tukkii hengitystien aiheuttaen kuorsausta ja uniapneaa. Uniapnean tyypillisi\u00e4 oireita Milloin hoitoon Tarkempiin tutkimuksiin on syyt\u00e4 hakeutua, jos kuorsaus ja toisen henkil\u00f6n toistuvasti toteamat hengityskatkokset aiheuttavat p\u00e4iv\u00e4aikaista v\u00e4symyst\u00e4 tai suoranaista nukahtelua ja mahdollisesti muita [&hellip;]<\/p>\n","protected":false},"author":677,"featured_media":0,"parent":221,"menu_order":0,"comment_status":"closed","ping_status":"closed","template":"","meta":{"_uag_custom_page_level_css":"","footnotes":""},"class_list":["post-223","page","type-page","status-publish","hentry"],"yoast_head":"<!-- This site is optimized with the Yoast SEO plugin v27.4 - https:\/\/yoast.com\/product\/yoast-seo-wordpress\/ -->\n<title>Hengityskatkos eli apnea - Hengitysvaikeus<\/title>\n<meta name=\"robots\" content=\"index, follow, max-snippet:-1, max-image-preview:large, max-video-preview:-1\" \/>\n<link rel=\"canonical\" href=\"https:\/\/blogit.gradia.fi\/hengitysvaikeus\/aiheuttajia\/hengityskatkos\/\" \/>\n<meta property=\"og:locale\" content=\"fi_FI\" \/>\n<meta property=\"og:type\" content=\"article\" \/>\n<meta property=\"og:title\" content=\"Hengityskatkos eli apnea - Hengitysvaikeus\" \/>\n<meta property=\"og:description\" content=\"Normaalisti nukkuessa hengitystiet ovat avoimet. Pehme\u00e4n kitalaen liiallinen rasva, muut rakenteelliset ongelmat tai l\u00e4\u00e4keaineet tai alkoholi voivat aiheuttaa sen, ett\u00e4 pehme\u00e4 kitalaki tukkii hengitystien aiheuttaen kuorsausta ja uniapneaa. Uniapnean tyypillisi\u00e4 oireita Milloin hoitoon Tarkempiin tutkimuksiin on syyt\u00e4 hakeutua, jos kuorsaus ja toisen henkil\u00f6n toistuvasti toteamat hengityskatkokset aiheuttavat p\u00e4iv\u00e4aikaista v\u00e4symyst\u00e4 tai suoranaista nukahtelua ja mahdollisesti muita [&hellip;]\" \/>\n<meta property=\"og:url\" content=\"https:\/\/blogit.gradia.fi\/hengitysvaikeus\/aiheuttajia\/hengityskatkos\/\" \/>\n<meta property=\"og:site_name\" content=\"Hengitysvaikeus\" \/>\n<meta property=\"article:modified_time\" content=\"2020-02-19T21:06:35+00:00\" \/>\n<meta property=\"og:image\" content=\"https:\/\/www.terveyskirjasto.fi\/xmedia\/ldk\/ldk00716.jpg\" \/>\n<meta name=\"twitter:card\" content=\"summary_large_image\" \/>\n<meta name=\"twitter:label1\" content=\"Arvioitu lukuaika\" \/>\n\t<meta name=\"twitter:data1\" content=\"1 minuutti\" \/>\n<script type=\"application\/ld+json\" class=\"yoast-schema-graph\">{\"@context\":\"https:\\\/\\\/schema.org\",\"@graph\":[{\"@type\":\"WebPage\",\"@id\":\"https:\\\/\\\/blogit.gradia.fi\\\/hengitysvaikeus\\\/aiheuttajia\\\/hengityskatkos\\\/\",\"url\":\"https:\\\/\\\/blogit.gradia.fi\\\/hengitysvaikeus\\\/aiheuttajia\\\/hengityskatkos\\\/\",\"name\":\"Hengityskatkos eli apnea - Hengitysvaikeus\",\"isPartOf\":{\"@id\":\"https:\\\/\\\/blogit.gradia.fi\\\/hengitysvaikeus\\\/#website\"},\"primaryImageOfPage\":{\"@id\":\"https:\\\/\\\/blogit.gradia.fi\\\/hengitysvaikeus\\\/aiheuttajia\\\/hengityskatkos\\\/#primaryimage\"},\"image\":{\"@id\":\"https:\\\/\\\/blogit.gradia.fi\\\/hengitysvaikeus\\\/aiheuttajia\\\/hengityskatkos\\\/#primaryimage\"},\"thumbnailUrl\":\"https:\\\/\\\/www.terveyskirjasto.fi\\\/xmedia\\\/ldk\\\/ldk00716.jpg\",\"datePublished\":\"2020-02-18T18:48:13+00:00\",\"dateModified\":\"2020-02-19T21:06:35+00:00\",\"breadcrumb\":{\"@id\":\"https:\\\/\\\/blogit.gradia.fi\\\/hengitysvaikeus\\\/aiheuttajia\\\/hengityskatkos\\\/#breadcrumb\"},\"inLanguage\":\"fi\",\"potentialAction\":[{\"@type\":\"ReadAction\",\"target\":[\"https:\\\/\\\/blogit.gradia.fi\\\/hengitysvaikeus\\\/aiheuttajia\\\/hengityskatkos\\\/\"]}]},{\"@type\":\"ImageObject\",\"inLanguage\":\"fi\",\"@id\":\"https:\\\/\\\/blogit.gradia.fi\\\/hengitysvaikeus\\\/aiheuttajia\\\/hengityskatkos\\\/#primaryimage\",\"url\":\"https:\\\/\\\/www.terveyskirjasto.fi\\\/xmedia\\\/ldk\\\/ldk00716.jpg\",\"contentUrl\":\"https:\\\/\\\/www.terveyskirjasto.fi\\\/xmedia\\\/ldk\\\/ldk00716.jpg\"},{\"@type\":\"BreadcrumbList\",\"@id\":\"https:\\\/\\\/blogit.gradia.fi\\\/hengitysvaikeus\\\/aiheuttajia\\\/hengityskatkos\\\/#breadcrumb\",\"itemListElement\":[{\"@type\":\"ListItem\",\"position\":1,\"name\":\"Home\",\"item\":\"https:\\\/\\\/blogit.gradia.fi\\\/hengitysvaikeus\\\/\"},{\"@type\":\"ListItem\",\"position\":2,\"name\":\"Aiheuttajia\",\"item\":\"https:\\\/\\\/blogit.gradia.fi\\\/hengitysvaikeus\\\/aiheuttajia\\\/\"},{\"@type\":\"ListItem\",\"position\":3,\"name\":\"Hengityskatkos eli apnea\"}]},{\"@type\":\"WebSite\",\"@id\":\"https:\\\/\\\/blogit.gradia.fi\\\/hengitysvaikeus\\\/#website\",\"url\":\"https:\\\/\\\/blogit.gradia.fi\\\/hengitysvaikeus\\\/\",\"name\":\"Hengitysvaikeus\",\"description\":\"\",\"potentialAction\":[{\"@type\":\"SearchAction\",\"target\":{\"@type\":\"EntryPoint\",\"urlTemplate\":\"https:\\\/\\\/blogit.gradia.fi\\\/hengitysvaikeus\\\/?s={search_term_string}\"},\"query-input\":{\"@type\":\"PropertyValueSpecification\",\"valueRequired\":true,\"valueName\":\"search_term_string\"}}],\"inLanguage\":\"fi\"}]}<\/script>\n<!-- \/ Yoast SEO plugin. -->","yoast_head_json":{"title":"Hengityskatkos eli apnea - Hengitysvaikeus","robots":{"index":"index","follow":"follow","max-snippet":"max-snippet:-1","max-image-preview":"max-image-preview:large","max-video-preview":"max-video-preview:-1"},"canonical":"https:\/\/blogit.gradia.fi\/hengitysvaikeus\/aiheuttajia\/hengityskatkos\/","og_locale":"fi_FI","og_type":"article","og_title":"Hengityskatkos eli apnea - Hengitysvaikeus","og_description":"Normaalisti nukkuessa hengitystiet ovat avoimet. Pehme\u00e4n kitalaen liiallinen rasva, muut rakenteelliset ongelmat tai l\u00e4\u00e4keaineet tai alkoholi voivat aiheuttaa sen, ett\u00e4 pehme\u00e4 kitalaki tukkii hengitystien aiheuttaen kuorsausta ja uniapneaa. Uniapnean tyypillisi\u00e4 oireita Milloin hoitoon Tarkempiin tutkimuksiin on syyt\u00e4 hakeutua, jos kuorsaus ja toisen henkil\u00f6n toistuvasti toteamat hengityskatkokset aiheuttavat p\u00e4iv\u00e4aikaista v\u00e4symyst\u00e4 tai suoranaista nukahtelua ja mahdollisesti muita [&hellip;]","og_url":"https:\/\/blogit.gradia.fi\/hengitysvaikeus\/aiheuttajia\/hengityskatkos\/","og_site_name":"Hengitysvaikeus","article_modified_time":"2020-02-19T21:06:35+00:00","og_image":[{"url":"https:\/\/www.terveyskirjasto.fi\/xmedia\/ldk\/ldk00716.jpg","type":"","width":"","height":""}],"twitter_card":"summary_large_image","twitter_misc":{"Arvioitu lukuaika":"1 minuutti"},"schema":{"@context":"https:\/\/schema.org","@graph":[{"@type":"WebPage","@id":"https:\/\/blogit.gradia.fi\/hengitysvaikeus\/aiheuttajia\/hengityskatkos\/","url":"https:\/\/blogit.gradia.fi\/hengitysvaikeus\/aiheuttajia\/hengityskatkos\/","name":"Hengityskatkos eli apnea - Hengitysvaikeus","isPartOf":{"@id":"https:\/\/blogit.gradia.fi\/hengitysvaikeus\/#website"},"primaryImageOfPage":{"@id":"https:\/\/blogit.gradia.fi\/hengitysvaikeus\/aiheuttajia\/hengityskatkos\/#primaryimage"},"image":{"@id":"https:\/\/blogit.gradia.fi\/hengitysvaikeus\/aiheuttajia\/hengityskatkos\/#primaryimage"},"thumbnailUrl":"https:\/\/www.terveyskirjasto.fi\/xmedia\/ldk\/ldk00716.jpg","datePublished":"2020-02-18T18:48:13+00:00","dateModified":"2020-02-19T21:06:35+00:00","breadcrumb":{"@id":"https:\/\/blogit.gradia.fi\/hengitysvaikeus\/aiheuttajia\/hengityskatkos\/#breadcrumb"},"inLanguage":"fi","potentialAction":[{"@type":"ReadAction","target":["https:\/\/blogit.gradia.fi\/hengitysvaikeus\/aiheuttajia\/hengityskatkos\/"]}]},{"@type":"ImageObject","inLanguage":"fi","@id":"https:\/\/blogit.gradia.fi\/hengitysvaikeus\/aiheuttajia\/hengityskatkos\/#primaryimage","url":"https:\/\/www.terveyskirjasto.fi\/xmedia\/ldk\/ldk00716.jpg","contentUrl":"https:\/\/www.terveyskirjasto.fi\/xmedia\/ldk\/ldk00716.jpg"},{"@type":"BreadcrumbList","@id":"https:\/\/blogit.gradia.fi\/hengitysvaikeus\/aiheuttajia\/hengityskatkos\/#breadcrumb","itemListElement":[{"@type":"ListItem","position":1,"name":"Home","item":"https:\/\/blogit.gradia.fi\/hengitysvaikeus\/"},{"@type":"ListItem","position":2,"name":"Aiheuttajia","item":"https:\/\/blogit.gradia.fi\/hengitysvaikeus\/aiheuttajia\/"},{"@type":"ListItem","position":3,"name":"Hengityskatkos eli apnea"}]},{"@type":"WebSite","@id":"https:\/\/blogit.gradia.fi\/hengitysvaikeus\/#website","url":"https:\/\/blogit.gradia.fi\/hengitysvaikeus\/","name":"Hengitysvaikeus","description":"","potentialAction":[{"@type":"SearchAction","target":{"@type":"EntryPoint","urlTemplate":"https:\/\/blogit.gradia.fi\/hengitysvaikeus\/?s={search_term_string}"},"query-input":{"@type":"PropertyValueSpecification","valueRequired":true,"valueName":"search_term_string"}}],"inLanguage":"fi"}]}},"uagb_featured_image_src":{"full":false,"thumbnail":false,"medium":false,"medium_large":false,"large":false,"1536x1536":false,"2048x2048":false,"post-thumbnail":false},"uagb_author_info":{"display_name":"Martti Ruokonen","author_link":"https:\/\/blogit.gradia.fi\/hengitysvaikeus\/author\/gr191912\/"},"uagb_comment_info":0,"uagb_excerpt":"Normaalisti nukkuessa hengitystiet ovat avoimet. Pehme\u00e4n kitalaen liiallinen rasva, muut rakenteelliset ongelmat tai l\u00e4\u00e4keaineet tai alkoholi voivat aiheuttaa sen, ett\u00e4 pehme\u00e4 kitalaki tukkii hengitystien aiheuttaen kuorsausta ja uniapneaa. Uniapnean tyypillisi\u00e4 oireita Milloin hoitoon Tarkempiin tutkimuksiin on syyt\u00e4 hakeutua, jos kuorsaus ja toisen henkil\u00f6n toistuvasti toteamat hengityskatkokset aiheuttavat p\u00e4iv\u00e4aikaista v\u00e4symyst\u00e4 tai suoranaista nukahtelua ja mahdollisesti muita&hellip;","_links":{"self":[{"href":"https:\/\/blogit.gradia.fi\/hengitysvaikeus\/wp-json\/wp\/v2\/pages\/223","targetHints":{"allow":["GET"]}}],"collection":[{"href":"https:\/\/blogit.gradia.fi\/hengitysvaikeus\/wp-json\/wp\/v2\/pages"}],"about":[{"href":"https:\/\/blogit.gradia.fi\/hengitysvaikeus\/wp-json\/wp\/v2\/types\/page"}],"author":[{"embeddable":true,"href":"https:\/\/blogit.gradia.fi\/hengitysvaikeus\/wp-json\/wp\/v2\/users\/677"}],"replies":[{"embeddable":true,"href":"https:\/\/blogit.gradia.fi\/hengitysvaikeus\/wp-json\/wp\/v2\/comments?post=223"}],"version-history":[{"count":4,"href":"https:\/\/blogit.gradia.fi\/hengitysvaikeus\/wp-json\/wp\/v2\/pages\/223\/revisions"}],"predecessor-version":[{"id":256,"href":"https:\/\/blogit.gradia.fi\/hengitysvaikeus\/wp-json\/wp\/v2\/pages\/223\/revisions\/256"}],"up":[{"embeddable":true,"href":"https:\/\/blogit.gradia.fi\/hengitysvaikeus\/wp-json\/wp\/v2\/pages\/221"}],"wp:attachment":[{"href":"https:\/\/blogit.gradia.fi\/hengitysvaikeus\/wp-json\/wp\/v2\/media?parent=223"}],"curies":[{"name":"wp","href":"https:\/\/api.w.org\/{rel}","templated":true}]}}