{"id":202,"date":"2020-02-17T11:53:01","date_gmt":"2020-02-17T09:53:01","guid":{"rendered":"https:\/\/blogit.gradia.fi\/hengitysvaikeus\/?page_id=202"},"modified":"2020-02-17T12:01:20","modified_gmt":"2020-02-17T10:01:20","slug":"kysymyksia","status":"publish","type":"page","link":"https:\/\/blogit.gradia.fi\/hengitysvaikeus\/kysymyksia\/","title":{"rendered":"Kysymyksi\u00e4"},"content":{"rendered":"\n<p>Kuinka vanha potilas saa p\u00e4\u00e4tt\u00e4\u00e4 omasta hoidostaan?<\/p>\n\n\n\n<p>Saako \u00e4iti vaatia ettei is\u00e4lle kerrota?<\/p>\n\n\n\n<p>Miksi triage C?<\/p>\n\n\n\n<p>Mit\u00e4 ty\u00f6turvallisuutta vaarantavia riskej\u00e4 liittyy ty\u00f6h\u00f6si?<\/p>\n\n\n\n<p>Mit\u00e4 ty\u00f6turvallisuuteen liittyvi\u00e4 koulutuksia olet saanut?<\/p>\n\n\n\n<figure class=\"wp-block-image size-large\"><img loading=\"lazy\" decoding=\"async\" width=\"302\" height=\"237\" src=\"https:\/\/blogit.gradia.fi\/hengitysvaikeus\/wp-content\/uploads\/sites\/164\/2020\/02\/kuva.png\" alt=\"\" class=\"wp-image-208\" srcset=\"https:\/\/blogit.gradia.fi\/hengitysvaikeus\/wp-content\/uploads\/sites\/164\/2020\/02\/kuva.png 302w, https:\/\/blogit.gradia.fi\/hengitysvaikeus\/wp-content\/uploads\/sites\/164\/2020\/02\/kuva-300x235.png 300w\" sizes=\"auto, (max-width: 302px) 100vw, 302px\" \/><\/figure>\n","protected":false},"excerpt":{"rendered":"<p>Kuinka vanha potilas saa p\u00e4\u00e4tt\u00e4\u00e4 omasta hoidostaan? Saako \u00e4iti vaatia ettei is\u00e4lle kerrota? Miksi triage C? Mit\u00e4 ty\u00f6turvallisuutta vaarantavia riskej\u00e4 liittyy ty\u00f6h\u00f6si? Mit\u00e4 ty\u00f6turvallisuuteen liittyvi\u00e4 koulutuksia olet saanut?<\/p>\n","protected":false},"author":678,"featured_media":0,"parent":0,"menu_order":0,"comment_status":"closed","ping_status":"closed","template":"","meta":{"_uag_custom_page_level_css":"","footnotes":""},"class_list":["post-202","page","type-page","status-publish","hentry"],"yoast_head":"<!-- This site is optimized with the Yoast SEO plugin v27.4 - https:\/\/yoast.com\/product\/yoast-seo-wordpress\/ -->\n<title>Kysymyksi\u00e4 - Hengitysvaikeus<\/title>\n<meta name=\"robots\" content=\"index, follow, max-snippet:-1, max-image-preview:large, max-video-preview:-1\" \/>\n<link rel=\"canonical\" href=\"https:\/\/blogit.gradia.fi\/hengitysvaikeus\/kysymyksia\/\" \/>\n<meta property=\"og:locale\" content=\"fi_FI\" \/>\n<meta property=\"og:type\" content=\"article\" \/>\n<meta property=\"og:title\" content=\"Kysymyksi\u00e4 - Hengitysvaikeus\" \/>\n<meta property=\"og:description\" content=\"Kuinka vanha potilas saa p\u00e4\u00e4tt\u00e4\u00e4 omasta hoidostaan? Saako \u00e4iti vaatia ettei is\u00e4lle kerrota? Miksi triage C? Mit\u00e4 ty\u00f6turvallisuutta vaarantavia riskej\u00e4 liittyy ty\u00f6h\u00f6si? Mit\u00e4 ty\u00f6turvallisuuteen liittyvi\u00e4 koulutuksia olet saanut?\" \/>\n<meta property=\"og:url\" content=\"https:\/\/blogit.gradia.fi\/hengitysvaikeus\/kysymyksia\/\" \/>\n<meta property=\"og:site_name\" content=\"Hengitysvaikeus\" \/>\n<meta property=\"article:modified_time\" content=\"2020-02-17T10:01:20+00:00\" \/>\n<meta property=\"og:image\" content=\"https:\/\/blogit.gradia.fi\/hengitysvaikeus\/wp-content\/uploads\/sites\/164\/2020\/02\/kuva.png\" \/>\n<meta name=\"twitter:card\" content=\"summary_large_image\" \/>\n<script type=\"application\/ld+json\" class=\"yoast-schema-graph\">{\"@context\":\"https:\\\/\\\/schema.org\",\"@graph\":[{\"@type\":\"WebPage\",\"@id\":\"https:\\\/\\\/blogit.gradia.fi\\\/hengitysvaikeus\\\/kysymyksia\\\/\",\"url\":\"https:\\\/\\\/blogit.gradia.fi\\\/hengitysvaikeus\\\/kysymyksia\\\/\",\"name\":\"Kysymyksi\u00e4 - Hengitysvaikeus\",\"isPartOf\":{\"@id\":\"https:\\\/\\\/blogit.gradia.fi\\\/hengitysvaikeus\\\/#website\"},\"primaryImageOfPage\":{\"@id\":\"https:\\\/\\\/blogit.gradia.fi\\\/hengitysvaikeus\\\/kysymyksia\\\/#primaryimage\"},\"image\":{\"@id\":\"https:\\\/\\\/blogit.gradia.fi\\\/hengitysvaikeus\\\/kysymyksia\\\/#primaryimage\"},\"thumbnailUrl\":\"https:\\\/\\\/blogit.gradia.fi\\\/hengitysvaikeus\\\/wp-content\\\/uploads\\\/sites\\\/164\\\/2020\\\/02\\\/kuva.png\",\"datePublished\":\"2020-02-17T09:53:01+00:00\",\"dateModified\":\"2020-02-17T10:01:20+00:00\",\"breadcrumb\":{\"@id\":\"https:\\\/\\\/blogit.gradia.fi\\\/hengitysvaikeus\\\/kysymyksia\\\/#breadcrumb\"},\"inLanguage\":\"fi\",\"potentialAction\":[{\"@type\":\"ReadAction\",\"target\":[\"https:\\\/\\\/blogit.gradia.fi\\\/hengitysvaikeus\\\/kysymyksia\\\/\"]}]},{\"@type\":\"ImageObject\",\"inLanguage\":\"fi\",\"@id\":\"https:\\\/\\\/blogit.gradia.fi\\\/hengitysvaikeus\\\/kysymyksia\\\/#primaryimage\",\"url\":\"https:\\\/\\\/blogit.gradia.fi\\\/hengitysvaikeus\\\/wp-content\\\/uploads\\\/sites\\\/164\\\/2020\\\/02\\\/kuva.png\",\"contentUrl\":\"https:\\\/\\\/blogit.gradia.fi\\\/hengitysvaikeus\\\/wp-content\\\/uploads\\\/sites\\\/164\\\/2020\\\/02\\\/kuva.png\",\"width\":302,\"height\":237},{\"@type\":\"BreadcrumbList\",\"@id\":\"https:\\\/\\\/blogit.gradia.fi\\\/hengitysvaikeus\\\/kysymyksia\\\/#breadcrumb\",\"itemListElement\":[{\"@type\":\"ListItem\",\"position\":1,\"name\":\"Home\",\"item\":\"https:\\\/\\\/blogit.gradia.fi\\\/hengitysvaikeus\\\/\"},{\"@type\":\"ListItem\",\"position\":2,\"name\":\"Kysymyksi\u00e4\"}]},{\"@type\":\"WebSite\",\"@id\":\"https:\\\/\\\/blogit.gradia.fi\\\/hengitysvaikeus\\\/#website\",\"url\":\"https:\\\/\\\/blogit.gradia.fi\\\/hengitysvaikeus\\\/\",\"name\":\"Hengitysvaikeus\",\"description\":\"\",\"potentialAction\":[{\"@type\":\"SearchAction\",\"target\":{\"@type\":\"EntryPoint\",\"urlTemplate\":\"https:\\\/\\\/blogit.gradia.fi\\\/hengitysvaikeus\\\/?s={search_term_string}\"},\"query-input\":{\"@type\":\"PropertyValueSpecification\",\"valueRequired\":true,\"valueName\":\"search_term_string\"}}],\"inLanguage\":\"fi\"}]}<\/script>\n<!-- \/ Yoast SEO plugin. -->","yoast_head_json":{"title":"Kysymyksi\u00e4 - Hengitysvaikeus","robots":{"index":"index","follow":"follow","max-snippet":"max-snippet:-1","max-image-preview":"max-image-preview:large","max-video-preview":"max-video-preview:-1"},"canonical":"https:\/\/blogit.gradia.fi\/hengitysvaikeus\/kysymyksia\/","og_locale":"fi_FI","og_type":"article","og_title":"Kysymyksi\u00e4 - Hengitysvaikeus","og_description":"Kuinka vanha potilas saa p\u00e4\u00e4tt\u00e4\u00e4 omasta hoidostaan? Saako \u00e4iti vaatia ettei is\u00e4lle kerrota? Miksi triage C? Mit\u00e4 ty\u00f6turvallisuutta vaarantavia riskej\u00e4 liittyy ty\u00f6h\u00f6si? Mit\u00e4 ty\u00f6turvallisuuteen liittyvi\u00e4 koulutuksia olet saanut?","og_url":"https:\/\/blogit.gradia.fi\/hengitysvaikeus\/kysymyksia\/","og_site_name":"Hengitysvaikeus","article_modified_time":"2020-02-17T10:01:20+00:00","og_image":[{"url":"https:\/\/blogit.gradia.fi\/hengitysvaikeus\/wp-content\/uploads\/sites\/164\/2020\/02\/kuva.png","type":"","width":"","height":""}],"twitter_card":"summary_large_image","schema":{"@context":"https:\/\/schema.org","@graph":[{"@type":"WebPage","@id":"https:\/\/blogit.gradia.fi\/hengitysvaikeus\/kysymyksia\/","url":"https:\/\/blogit.gradia.fi\/hengitysvaikeus\/kysymyksia\/","name":"Kysymyksi\u00e4 - Hengitysvaikeus","isPartOf":{"@id":"https:\/\/blogit.gradia.fi\/hengitysvaikeus\/#website"},"primaryImageOfPage":{"@id":"https:\/\/blogit.gradia.fi\/hengitysvaikeus\/kysymyksia\/#primaryimage"},"image":{"@id":"https:\/\/blogit.gradia.fi\/hengitysvaikeus\/kysymyksia\/#primaryimage"},"thumbnailUrl":"https:\/\/blogit.gradia.fi\/hengitysvaikeus\/wp-content\/uploads\/sites\/164\/2020\/02\/kuva.png","datePublished":"2020-02-17T09:53:01+00:00","dateModified":"2020-02-17T10:01:20+00:00","breadcrumb":{"@id":"https:\/\/blogit.gradia.fi\/hengitysvaikeus\/kysymyksia\/#breadcrumb"},"inLanguage":"fi","potentialAction":[{"@type":"ReadAction","target":["https:\/\/blogit.gradia.fi\/hengitysvaikeus\/kysymyksia\/"]}]},{"@type":"ImageObject","inLanguage":"fi","@id":"https:\/\/blogit.gradia.fi\/hengitysvaikeus\/kysymyksia\/#primaryimage","url":"https:\/\/blogit.gradia.fi\/hengitysvaikeus\/wp-content\/uploads\/sites\/164\/2020\/02\/kuva.png","contentUrl":"https:\/\/blogit.gradia.fi\/hengitysvaikeus\/wp-content\/uploads\/sites\/164\/2020\/02\/kuva.png","width":302,"height":237},{"@type":"BreadcrumbList","@id":"https:\/\/blogit.gradia.fi\/hengitysvaikeus\/kysymyksia\/#breadcrumb","itemListElement":[{"@type":"ListItem","position":1,"name":"Home","item":"https:\/\/blogit.gradia.fi\/hengitysvaikeus\/"},{"@type":"ListItem","position":2,"name":"Kysymyksi\u00e4"}]},{"@type":"WebSite","@id":"https:\/\/blogit.gradia.fi\/hengitysvaikeus\/#website","url":"https:\/\/blogit.gradia.fi\/hengitysvaikeus\/","name":"Hengitysvaikeus","description":"","potentialAction":[{"@type":"SearchAction","target":{"@type":"EntryPoint","urlTemplate":"https:\/\/blogit.gradia.fi\/hengitysvaikeus\/?s={search_term_string}"},"query-input":{"@type":"PropertyValueSpecification","valueRequired":true,"valueName":"search_term_string"}}],"inLanguage":"fi"}]}},"uagb_featured_image_src":{"full":false,"thumbnail":false,"medium":false,"medium_large":false,"large":false,"1536x1536":false,"2048x2048":false,"post-thumbnail":false},"uagb_author_info":{"display_name":"Oskari Koskinen","author_link":"https:\/\/blogit.gradia.fi\/hengitysvaikeus\/author\/gr188105\/"},"uagb_comment_info":0,"uagb_excerpt":"Kuinka vanha potilas saa p\u00e4\u00e4tt\u00e4\u00e4 omasta hoidostaan? Saako \u00e4iti vaatia ettei is\u00e4lle kerrota? Miksi triage C? Mit\u00e4 ty\u00f6turvallisuutta vaarantavia riskej\u00e4 liittyy ty\u00f6h\u00f6si? Mit\u00e4 ty\u00f6turvallisuuteen liittyvi\u00e4 koulutuksia olet saanut?","_links":{"self":[{"href":"https:\/\/blogit.gradia.fi\/hengitysvaikeus\/wp-json\/wp\/v2\/pages\/202","targetHints":{"allow":["GET"]}}],"collection":[{"href":"https:\/\/blogit.gradia.fi\/hengitysvaikeus\/wp-json\/wp\/v2\/pages"}],"about":[{"href":"https:\/\/blogit.gradia.fi\/hengitysvaikeus\/wp-json\/wp\/v2\/types\/page"}],"author":[{"embeddable":true,"href":"https:\/\/blogit.gradia.fi\/hengitysvaikeus\/wp-json\/wp\/v2\/users\/678"}],"replies":[{"embeddable":true,"href":"https:\/\/blogit.gradia.fi\/hengitysvaikeus\/wp-json\/wp\/v2\/comments?post=202"}],"version-history":[{"count":3,"href":"https:\/\/blogit.gradia.fi\/hengitysvaikeus\/wp-json\/wp\/v2\/pages\/202\/revisions"}],"predecessor-version":[{"id":210,"href":"https:\/\/blogit.gradia.fi\/hengitysvaikeus\/wp-json\/wp\/v2\/pages\/202\/revisions\/210"}],"wp:attachment":[{"href":"https:\/\/blogit.gradia.fi\/hengitysvaikeus\/wp-json\/wp\/v2\/media?parent=202"}],"curies":[{"name":"wp","href":"https:\/\/api.w.org\/{rel}","templated":true}]}}