{"id":149,"date":"2020-02-12T18:12:32","date_gmt":"2020-02-12T16:12:32","guid":{"rendered":"https:\/\/blogit.gradia.fi\/hengitysvaikeus\/?page_id=149"},"modified":"2020-02-12T18:12:55","modified_gmt":"2020-02-12T16:12:55","slug":"salassapito","status":"publish","type":"page","link":"https:\/\/blogit.gradia.fi\/hengitysvaikeus\/paivystystoimintaa-koskevat-saadokset-ja-lainsaadanto\/salassapito\/","title":{"rendered":"Salassapito"},"content":{"rendered":"\n<h2 class=\"wp-block-heading\">Salassapito (Samuli)<\/h2>\n\n\n\n<p><strong>Salassapito<\/strong>\u2013 ja vaitiolovelvollisuudesta s\u00e4\u00e4det\u00e4\u00e4n seuraavissa laeissa:<\/p>\n\n\n\n<p><a href=\"https:\/\/www.finlex.fi\/fi\/laki\/ajantasa\/1994\/19940559\">Laki terveydenhuollon ammattihenkil\u00f6ist\u00e4<\/a>, jonka tarkoituksena onedist\u00e4\u00e4 potilasturvallisuutta sek\u00e4 terveydenhuollon palvelujen laatua<\/p>\n\n\n\n<p><a href=\"https:\/\/www.finlex.fi\/fi\/laki\/ajantasa\/1992\/19920785\">Laki potilaan asemasta ja oikeuksista<\/a><\/p>\n\n\n\n<p><a href=\"https:\/\/www.finlex.fi\/fi\/laki\/ajantasa\/1999\/19990621\">Laki viranomaisen toiminnan julkisuudesta<\/a><\/p>\n\n\n\n<p><a href=\"https:\/\/www.finlex.fi\/fi\/laki\/ajantasa\/1990\/19900152\">Laki yksityisest\u00e4 terveydenhuollossa<\/a><\/p>\n\n\n\n<p>Salassapidosta saa poiketa ja salassapidett\u00e4vi\u00e4 tietoja saa antaa sivulliselle ainoastaan potilaan nimenomaisella suostumuksella tai jos tiedon antamisesta tai oikeudesta tiedon saamiseen on erikseen laissa s\u00e4\u00e4detty.<\/p>\n\n\n\n<p>Terveydenhuollon ammattihenkil\u00f6t eiv\u00e4t saa l\u00e4ht\u00f6kohtaisesti k\u00e4sitell\u00e4 salassa pidett\u00e4vi\u00e4 potilastietoja kuin varsinaiseen hoitosuhteeseen liittyviss\u00e4 tilanteissa.<\/p>\n","protected":false},"excerpt":{"rendered":"<p>Salassapito (Samuli) Salassapito\u2013 ja vaitiolovelvollisuudesta s\u00e4\u00e4det\u00e4\u00e4n seuraavissa laeissa: Laki terveydenhuollon ammattihenkil\u00f6ist\u00e4, jonka tarkoituksena onedist\u00e4\u00e4 potilasturvallisuutta sek\u00e4 terveydenhuollon palvelujen laatua Laki potilaan asemasta ja oikeuksista Laki viranomaisen toiminnan julkisuudesta Laki yksityisest\u00e4 terveydenhuollossa Salassapidosta saa poiketa ja salassapidett\u00e4vi\u00e4 tietoja saa antaa sivulliselle ainoastaan potilaan nimenomaisella suostumuksella tai jos tiedon antamisesta tai oikeudesta tiedon saamiseen on erikseen laissa [&hellip;]<\/p>\n","protected":false},"author":672,"featured_media":0,"parent":101,"menu_order":0,"comment_status":"closed","ping_status":"closed","template":"","meta":{"_uag_custom_page_level_css":"","footnotes":""},"class_list":["post-149","page","type-page","status-publish","hentry"],"yoast_head":"<!-- This site is optimized with the Yoast SEO plugin v27.4 - https:\/\/yoast.com\/product\/yoast-seo-wordpress\/ -->\n<title>Salassapito - Hengitysvaikeus<\/title>\n<meta name=\"robots\" content=\"index, follow, max-snippet:-1, max-image-preview:large, max-video-preview:-1\" \/>\n<link rel=\"canonical\" href=\"https:\/\/blogit.gradia.fi\/hengitysvaikeus\/paivystystoimintaa-koskevat-saadokset-ja-lainsaadanto\/salassapito\/\" \/>\n<meta property=\"og:locale\" content=\"fi_FI\" \/>\n<meta property=\"og:type\" content=\"article\" \/>\n<meta property=\"og:title\" content=\"Salassapito - Hengitysvaikeus\" \/>\n<meta property=\"og:description\" content=\"Salassapito (Samuli) Salassapito\u2013 ja vaitiolovelvollisuudesta s\u00e4\u00e4det\u00e4\u00e4n seuraavissa laeissa: Laki terveydenhuollon ammattihenkil\u00f6ist\u00e4, jonka tarkoituksena onedist\u00e4\u00e4 potilasturvallisuutta sek\u00e4 terveydenhuollon palvelujen laatua Laki potilaan asemasta ja oikeuksista Laki viranomaisen toiminnan julkisuudesta Laki yksityisest\u00e4 terveydenhuollossa Salassapidosta saa poiketa ja salassapidett\u00e4vi\u00e4 tietoja saa antaa sivulliselle ainoastaan potilaan nimenomaisella suostumuksella tai jos tiedon antamisesta tai oikeudesta tiedon saamiseen on erikseen laissa [&hellip;]\" \/>\n<meta property=\"og:url\" content=\"https:\/\/blogit.gradia.fi\/hengitysvaikeus\/paivystystoimintaa-koskevat-saadokset-ja-lainsaadanto\/salassapito\/\" \/>\n<meta property=\"og:site_name\" content=\"Hengitysvaikeus\" \/>\n<meta property=\"article:modified_time\" content=\"2020-02-12T16:12:55+00:00\" \/>\n<meta name=\"twitter:card\" content=\"summary_large_image\" \/>\n<script type=\"application\/ld+json\" class=\"yoast-schema-graph\">{\"@context\":\"https:\\\/\\\/schema.org\",\"@graph\":[{\"@type\":\"WebPage\",\"@id\":\"https:\\\/\\\/blogit.gradia.fi\\\/hengitysvaikeus\\\/paivystystoimintaa-koskevat-saadokset-ja-lainsaadanto\\\/salassapito\\\/\",\"url\":\"https:\\\/\\\/blogit.gradia.fi\\\/hengitysvaikeus\\\/paivystystoimintaa-koskevat-saadokset-ja-lainsaadanto\\\/salassapito\\\/\",\"name\":\"Salassapito - Hengitysvaikeus\",\"isPartOf\":{\"@id\":\"https:\\\/\\\/blogit.gradia.fi\\\/hengitysvaikeus\\\/#website\"},\"datePublished\":\"2020-02-12T16:12:32+00:00\",\"dateModified\":\"2020-02-12T16:12:55+00:00\",\"breadcrumb\":{\"@id\":\"https:\\\/\\\/blogit.gradia.fi\\\/hengitysvaikeus\\\/paivystystoimintaa-koskevat-saadokset-ja-lainsaadanto\\\/salassapito\\\/#breadcrumb\"},\"inLanguage\":\"fi\",\"potentialAction\":[{\"@type\":\"ReadAction\",\"target\":[\"https:\\\/\\\/blogit.gradia.fi\\\/hengitysvaikeus\\\/paivystystoimintaa-koskevat-saadokset-ja-lainsaadanto\\\/salassapito\\\/\"]}]},{\"@type\":\"BreadcrumbList\",\"@id\":\"https:\\\/\\\/blogit.gradia.fi\\\/hengitysvaikeus\\\/paivystystoimintaa-koskevat-saadokset-ja-lainsaadanto\\\/salassapito\\\/#breadcrumb\",\"itemListElement\":[{\"@type\":\"ListItem\",\"position\":1,\"name\":\"Home\",\"item\":\"https:\\\/\\\/blogit.gradia.fi\\\/hengitysvaikeus\\\/\"},{\"@type\":\"ListItem\",\"position\":2,\"name\":\"P\u00e4ivystystoimintaa koskevat s\u00e4\u00e4d\u00f6kset ja lains\u00e4\u00e4d\u00e4nt\u00f6\",\"item\":\"https:\\\/\\\/blogit.gradia.fi\\\/hengitysvaikeus\\\/paivystystoimintaa-koskevat-saadokset-ja-lainsaadanto\\\/\"},{\"@type\":\"ListItem\",\"position\":3,\"name\":\"Salassapito\"}]},{\"@type\":\"WebSite\",\"@id\":\"https:\\\/\\\/blogit.gradia.fi\\\/hengitysvaikeus\\\/#website\",\"url\":\"https:\\\/\\\/blogit.gradia.fi\\\/hengitysvaikeus\\\/\",\"name\":\"Hengitysvaikeus\",\"description\":\"\",\"potentialAction\":[{\"@type\":\"SearchAction\",\"target\":{\"@type\":\"EntryPoint\",\"urlTemplate\":\"https:\\\/\\\/blogit.gradia.fi\\\/hengitysvaikeus\\\/?s={search_term_string}\"},\"query-input\":{\"@type\":\"PropertyValueSpecification\",\"valueRequired\":true,\"valueName\":\"search_term_string\"}}],\"inLanguage\":\"fi\"}]}<\/script>\n<!-- \/ Yoast SEO plugin. -->","yoast_head_json":{"title":"Salassapito - Hengitysvaikeus","robots":{"index":"index","follow":"follow","max-snippet":"max-snippet:-1","max-image-preview":"max-image-preview:large","max-video-preview":"max-video-preview:-1"},"canonical":"https:\/\/blogit.gradia.fi\/hengitysvaikeus\/paivystystoimintaa-koskevat-saadokset-ja-lainsaadanto\/salassapito\/","og_locale":"fi_FI","og_type":"article","og_title":"Salassapito - Hengitysvaikeus","og_description":"Salassapito (Samuli) Salassapito\u2013 ja vaitiolovelvollisuudesta s\u00e4\u00e4det\u00e4\u00e4n seuraavissa laeissa: Laki terveydenhuollon ammattihenkil\u00f6ist\u00e4, jonka tarkoituksena onedist\u00e4\u00e4 potilasturvallisuutta sek\u00e4 terveydenhuollon palvelujen laatua Laki potilaan asemasta ja oikeuksista Laki viranomaisen toiminnan julkisuudesta Laki yksityisest\u00e4 terveydenhuollossa Salassapidosta saa poiketa ja salassapidett\u00e4vi\u00e4 tietoja saa antaa sivulliselle ainoastaan potilaan nimenomaisella suostumuksella tai jos tiedon antamisesta tai oikeudesta tiedon saamiseen on erikseen laissa [&hellip;]","og_url":"https:\/\/blogit.gradia.fi\/hengitysvaikeus\/paivystystoimintaa-koskevat-saadokset-ja-lainsaadanto\/salassapito\/","og_site_name":"Hengitysvaikeus","article_modified_time":"2020-02-12T16:12:55+00:00","twitter_card":"summary_large_image","schema":{"@context":"https:\/\/schema.org","@graph":[{"@type":"WebPage","@id":"https:\/\/blogit.gradia.fi\/hengitysvaikeus\/paivystystoimintaa-koskevat-saadokset-ja-lainsaadanto\/salassapito\/","url":"https:\/\/blogit.gradia.fi\/hengitysvaikeus\/paivystystoimintaa-koskevat-saadokset-ja-lainsaadanto\/salassapito\/","name":"Salassapito - Hengitysvaikeus","isPartOf":{"@id":"https:\/\/blogit.gradia.fi\/hengitysvaikeus\/#website"},"datePublished":"2020-02-12T16:12:32+00:00","dateModified":"2020-02-12T16:12:55+00:00","breadcrumb":{"@id":"https:\/\/blogit.gradia.fi\/hengitysvaikeus\/paivystystoimintaa-koskevat-saadokset-ja-lainsaadanto\/salassapito\/#breadcrumb"},"inLanguage":"fi","potentialAction":[{"@type":"ReadAction","target":["https:\/\/blogit.gradia.fi\/hengitysvaikeus\/paivystystoimintaa-koskevat-saadokset-ja-lainsaadanto\/salassapito\/"]}]},{"@type":"BreadcrumbList","@id":"https:\/\/blogit.gradia.fi\/hengitysvaikeus\/paivystystoimintaa-koskevat-saadokset-ja-lainsaadanto\/salassapito\/#breadcrumb","itemListElement":[{"@type":"ListItem","position":1,"name":"Home","item":"https:\/\/blogit.gradia.fi\/hengitysvaikeus\/"},{"@type":"ListItem","position":2,"name":"P\u00e4ivystystoimintaa koskevat s\u00e4\u00e4d\u00f6kset ja lains\u00e4\u00e4d\u00e4nt\u00f6","item":"https:\/\/blogit.gradia.fi\/hengitysvaikeus\/paivystystoimintaa-koskevat-saadokset-ja-lainsaadanto\/"},{"@type":"ListItem","position":3,"name":"Salassapito"}]},{"@type":"WebSite","@id":"https:\/\/blogit.gradia.fi\/hengitysvaikeus\/#website","url":"https:\/\/blogit.gradia.fi\/hengitysvaikeus\/","name":"Hengitysvaikeus","description":"","potentialAction":[{"@type":"SearchAction","target":{"@type":"EntryPoint","urlTemplate":"https:\/\/blogit.gradia.fi\/hengitysvaikeus\/?s={search_term_string}"},"query-input":{"@type":"PropertyValueSpecification","valueRequired":true,"valueName":"search_term_string"}}],"inLanguage":"fi"}]}},"uagb_featured_image_src":{"full":false,"thumbnail":false,"medium":false,"medium_large":false,"large":false,"1536x1536":false,"2048x2048":false,"post-thumbnail":false},"uagb_author_info":{"display_name":"Samuli \u00d6ljym\u00e4ki","author_link":"https:\/\/blogit.gradia.fi\/hengitysvaikeus\/author\/gr188119\/"},"uagb_comment_info":0,"uagb_excerpt":"Salassapito (Samuli) Salassapito\u2013 ja vaitiolovelvollisuudesta s\u00e4\u00e4det\u00e4\u00e4n seuraavissa laeissa: Laki terveydenhuollon ammattihenkil\u00f6ist\u00e4, jonka tarkoituksena onedist\u00e4\u00e4 potilasturvallisuutta sek\u00e4 terveydenhuollon palvelujen laatua Laki potilaan asemasta ja oikeuksista Laki viranomaisen toiminnan julkisuudesta Laki yksityisest\u00e4 terveydenhuollossa Salassapidosta saa poiketa ja salassapidett\u00e4vi\u00e4 tietoja saa antaa sivulliselle ainoastaan potilaan nimenomaisella suostumuksella tai jos tiedon antamisesta tai oikeudesta tiedon saamiseen on erikseen laissa&hellip;","_links":{"self":[{"href":"https:\/\/blogit.gradia.fi\/hengitysvaikeus\/wp-json\/wp\/v2\/pages\/149","targetHints":{"allow":["GET"]}}],"collection":[{"href":"https:\/\/blogit.gradia.fi\/hengitysvaikeus\/wp-json\/wp\/v2\/pages"}],"about":[{"href":"https:\/\/blogit.gradia.fi\/hengitysvaikeus\/wp-json\/wp\/v2\/types\/page"}],"author":[{"embeddable":true,"href":"https:\/\/blogit.gradia.fi\/hengitysvaikeus\/wp-json\/wp\/v2\/users\/672"}],"replies":[{"embeddable":true,"href":"https:\/\/blogit.gradia.fi\/hengitysvaikeus\/wp-json\/wp\/v2\/comments?post=149"}],"version-history":[{"count":2,"href":"https:\/\/blogit.gradia.fi\/hengitysvaikeus\/wp-json\/wp\/v2\/pages\/149\/revisions"}],"predecessor-version":[{"id":151,"href":"https:\/\/blogit.gradia.fi\/hengitysvaikeus\/wp-json\/wp\/v2\/pages\/149\/revisions\/151"}],"up":[{"embeddable":true,"href":"https:\/\/blogit.gradia.fi\/hengitysvaikeus\/wp-json\/wp\/v2\/pages\/101"}],"wp:attachment":[{"href":"https:\/\/blogit.gradia.fi\/hengitysvaikeus\/wp-json\/wp\/v2\/media?parent=149"}],"curies":[{"name":"wp","href":"https:\/\/api.w.org\/{rel}","templated":true}]}}