{"id":279,"date":"2020-03-31T11:16:06","date_gmt":"2020-03-31T08:16:06","guid":{"rendered":"https:\/\/blogit.gradia.fi\/geometrianosaaminen\/?page_id=279"},"modified":"2020-04-09T17:34:50","modified_gmt":"2020-04-09T14:34:50","slug":"tilavuudet","status":"publish","type":"page","link":"https:\/\/blogit.gradia.fi\/geometrianosaaminen\/tilavuudet\/","title":{"rendered":"Tilavuudet"},"content":{"rendered":"\n<p><\/p>\n\n\n\n<h4 class=\"wp-block-heading\">1 Suorakulmainen s\u00e4rmi\u00f6<\/h4>\n\n\n\n<p> <p class=\"ql-center-picture\"><img loading=\"lazy\" decoding=\"async\" src=\"https:\/\/blogit.gradia.fi\/geometrianosaaminen\/wp-content\/ql-cache\/quicklatex.com-3a793c2651c97e7983c6fdaf19903034_l3.png\" height=\"145\" width=\"192\" class=\"ql-img-picture quicklatex-auto-format\" alt=\"Rendered by QuickLaTeX.com\" title=\"Rendered by QuickLaTeX.com\"\/><\/p> <\/p>\n\n\n\n<p>Suorakulmiaisen s\u00e4rmi\u00f6n <strong>tilavuus<\/strong> <img loading=\"lazy\" decoding=\"async\" src=\"https:\/\/blogit.gradia.fi\/geometrianosaaminen\/wp-content\/ql-cache\/quicklatex.com-4a6297ec7e44e0ec532ac267f1439831_l3.png\" class=\"ql-img-inline-formula quicklatex-auto-format\" alt=\"&#86;\" title=\"Rendered by QuickLaTeX.com\" height=\"12\" width=\"14\" style=\"vertical-align: 0px;\"\/> saadaan kertomalla pohjan pinta-ala korkeudella. Koska pohjan pinta-ala on suorakulmion pinta-ala, niin n\u00e4m\u00e4 voidaan kirjoittaa seuraavasti:<\/p>\n\n\n\n<p> <p class=\"ql-center-displayed-equation\" style=\"line-height: 28px;\"><span class=\"ql-right-eqno\"> &nbsp; <\/span><span class=\"ql-left-eqno\"> &nbsp; <\/span><img loading=\"lazy\" decoding=\"async\" src=\"https:\/\/blogit.gradia.fi\/geometrianosaaminen\/wp-content\/ql-cache\/quicklatex.com-2507093bd61080a5a2a88cdbb25f6eaf_l3.png\" height=\"28\" width=\"132\" class=\"ql-img-displayed-equation quicklatex-auto-format\" alt=\"&#92;&#91;&#32;&#92;&#98;&#111;&#120;&#101;&#100;&#123;&#32;&#86;&#61;&#65;&#95;&#92;&#116;&#101;&#120;&#116;&#123;&#112;&#125;&#104;&#61;&#97;&#98;&#104;&#32;&#125;&#92;&#93;\" title=\"Rendered by QuickLaTeX.com\"\/><\/p><\/p>\n\n\n\n<p> Suorakulmiaisen s\u00e4rmi\u00f6n <strong>vaipan pinta-ala <\/strong>saadaan laskemalla kaikkien sivutahkojen pinta-alat yhteen. Yksi sivutaho on suorakulmion muotoinen.<\/p>\n\n\n\n<p> <p class=\"ql-center-displayed-equation\" style=\"line-height: 26px;\"><span class=\"ql-right-eqno\"> &nbsp; <\/span><span class=\"ql-left-eqno\"> &nbsp; <\/span><img loading=\"lazy\" decoding=\"async\" src=\"https:\/\/blogit.gradia.fi\/geometrianosaaminen\/wp-content\/ql-cache\/quicklatex.com-933ed861c10b1501e293da215652adb9_l3.png\" height=\"26\" width=\"211\" class=\"ql-img-displayed-equation quicklatex-auto-format\" alt=\"&#92;&#91;&#32;&#92;&#98;&#111;&#120;&#101;&#100;&#123;&#32;&#65;&#61;&#50;&#92;&#99;&#100;&#111;&#116;&#32;&#97;&#98;&#43;&#32;&#50;&#92;&#99;&#100;&#111;&#116;&#32;&#97;&#104;&#43;&#50;&#32;&#92;&#99;&#100;&#111;&#116;&#32;&#98;&#104;&#32;&#125;&#92;&#93;\" title=\"Rendered by QuickLaTeX.com\"\/><\/p> <\/p>\n\n\n\n<h4 class=\"wp-block-heading\">2 Kuutio<\/h4>\n\n\n\n<p>Kuutio on suorakulmaisen s\u00e4rmi\u00f6n erikoistapaus, jonka kaikki sivut ovat yht\u00e4 pitki\u00e4.<\/p>\n\n\n\n<p> <p class=\"ql-center-picture\"><img loading=\"lazy\" decoding=\"async\" src=\"https:\/\/blogit.gradia.fi\/geometrianosaaminen\/wp-content\/ql-cache\/quicklatex.com-a1a67f5d27602629faf10aec19d3b60a_l3.png\" height=\"145\" width=\"144\" class=\"ql-img-picture quicklatex-auto-format\" alt=\"Rendered by QuickLaTeX.com\" title=\"Rendered by QuickLaTeX.com\"\/><\/p> <\/p>\n\n\n\n<p>Kuution <strong>tilavuus<\/strong> on<\/p>\n\n\n\n<p> <p class=\"ql-center-displayed-equation\" style=\"line-height: 32px;\"><span class=\"ql-right-eqno\"> &nbsp; <\/span><span class=\"ql-left-eqno\"> &nbsp; <\/span><img loading=\"lazy\" decoding=\"async\" src=\"https:\/\/blogit.gradia.fi\/geometrianosaaminen\/wp-content\/ql-cache\/quicklatex.com-ba75610cb4f1bd0964d7c2e32ba95f43_l3.png\" height=\"32\" width=\"212\" class=\"ql-img-displayed-equation quicklatex-auto-format\" alt=\"&#92;&#91;&#32;&#92;&#98;&#111;&#120;&#101;&#100;&#123;&#32;&#86;&#61;&#65;&#95;&#92;&#116;&#101;&#120;&#116;&#123;&#112;&#125;&#97;&#61;&#40;&#97;&#92;&#99;&#100;&#111;&#116;&#32;&#97;&#41;&#92;&#99;&#100;&#111;&#116;&#32;&#97;&#61;&#97;&#94;&#51;&#32;&#125;&#92;&#93;\" title=\"Rendered by QuickLaTeX.com\"\/><\/p> <\/p>\n\n\n\n<p>Kuution vaipan pinta-ala on<\/p>\n\n\n\n<p> <p class=\"ql-center-displayed-equation\" style=\"line-height: 27px;\"><span class=\"ql-right-eqno\"> &nbsp; <\/span><span class=\"ql-left-eqno\"> &nbsp; <\/span><img loading=\"lazy\" decoding=\"async\" src=\"https:\/\/blogit.gradia.fi\/geometrianosaaminen\/wp-content\/ql-cache\/quicklatex.com-a8e736f10e27e5d86bcb99af2d8a642a_l3.png\" height=\"27\" width=\"152\" class=\"ql-img-displayed-equation quicklatex-auto-format\" alt=\"&#92;&#91;&#32;&#92;&#98;&#111;&#120;&#101;&#100;&#123;&#32;&#65;&#61;&#54;&#92;&#99;&#100;&#111;&#116;&#32;&#97;&#92;&#99;&#100;&#111;&#116;&#32;&#97;&#61;&#54;&#97;&#94;&#50;&#32;&#125;&#92;&#93;\" title=\"Rendered by QuickLaTeX.com\"\/><\/p>  <\/p>\n\n\n\n<h4 class=\"wp-block-heading\">3 Lieri\u00f6<\/h4>\n\n\n\n<p>Piirret\u00e4\u00e4n ympyr\u00e4pohjainen suora lieri\u00f6, jonka s\u00e4de on <img loading=\"lazy\" decoding=\"async\" src=\"https:\/\/blogit.gradia.fi\/geometrianosaaminen\/wp-content\/ql-cache\/quicklatex.com-88d81bd6b24e223b4acd7f9a9a459a86_l3.png\" class=\"ql-img-inline-formula quicklatex-auto-format\" alt=\"&#114;\" title=\"Rendered by QuickLaTeX.com\" height=\"8\" width=\"8\" style=\"vertical-align: 0px;\"\/> ja korkeus <img loading=\"lazy\" decoding=\"async\" src=\"https:\/\/blogit.gradia.fi\/geometrianosaaminen\/wp-content\/ql-cache\/quicklatex.com-394f47568b5f80d63f52dd4f2b8c4283_l3.png\" class=\"ql-img-inline-formula quicklatex-auto-format\" alt=\"&#104;\" title=\"Rendered by QuickLaTeX.com\" height=\"13\" width=\"10\" style=\"vertical-align: 0px;\"\/>.<\/p>\n\n\n\n<p> <p class=\"ql-center-picture\"><img loading=\"lazy\" decoding=\"async\" src=\"https:\/\/blogit.gradia.fi\/geometrianosaaminen\/wp-content\/ql-cache\/quicklatex.com-4780da4c5a4e8e52c14481fc0fc31b35_l3.png\" height=\"259\" width=\"202\" class=\"ql-img-picture quicklatex-auto-format\" alt=\"Rendered by QuickLaTeX.com\" title=\"Rendered by QuickLaTeX.com\"\/><\/p> <\/p>\n\n\n\n<p>Lieri\u00f6n <strong>tilavuus<\/strong> on<\/p>\n\n\n\n<p> <p class=\"ql-center-displayed-equation\" style=\"line-height: 27px;\"><span class=\"ql-right-eqno\"> &nbsp; <\/span><span class=\"ql-left-eqno\"> &nbsp; <\/span><img loading=\"lazy\" decoding=\"async\" src=\"https:\/\/blogit.gradia.fi\/geometrianosaaminen\/wp-content\/ql-cache\/quicklatex.com-661994c451fdabcda74d7b0ae003e74a_l3.png\" height=\"27\" width=\"87\" class=\"ql-img-displayed-equation quicklatex-auto-format\" alt=\"&#92;&#91;&#32;&#92;&#98;&#111;&#120;&#101;&#100;&#123;&#32;&#86;&#61;&#92;&#112;&#105;&#32;&#114;&#94;&#50;&#32;&#104;&#32;&#125;&#92;&#93;\" title=\"Rendered by QuickLaTeX.com\"\/><\/p>  <\/p>\n\n\n\n<p>Lieri\u00f6n vaipan ala on<\/p>\n\n\n\n<p> <p class=\"ql-center-displayed-equation\" style=\"line-height: 26px;\"><span class=\"ql-right-eqno\"> &nbsp; <\/span><span class=\"ql-left-eqno\"> &nbsp; <\/span><img loading=\"lazy\" decoding=\"async\" src=\"https:\/\/blogit.gradia.fi\/geometrianosaaminen\/wp-content\/ql-cache\/quicklatex.com-44162d88b02cfa4ddd205c57fc6fed85_l3.png\" height=\"26\" width=\"98\" class=\"ql-img-displayed-equation quicklatex-auto-format\" alt=\"&#92;&#91;&#32;&#92;&#98;&#111;&#120;&#101;&#100;&#123;&#32;&#65;&#95;&#92;&#116;&#101;&#120;&#116;&#123;&#86;&#125;&#61;&#50;&#92;&#112;&#105;&#32;&#114;&#32;&#104;&#32;&#125;&#92;&#93;\" title=\"Rendered by QuickLaTeX.com\"\/><\/p>  <\/p>\n\n\n\n<h4 class=\"wp-block-heading\">4 Kartio<\/h4>\n\n\n\n<p>Piirret\u00e4\u00e4n ympyr\u00e4pohjainen suora lieri\u00f6. Pohjaympyr\u00e4n s\u00e4de on <img loading=\"lazy\" decoding=\"async\" src=\"https:\/\/blogit.gradia.fi\/geometrianosaaminen\/wp-content\/ql-cache\/quicklatex.com-88d81bd6b24e223b4acd7f9a9a459a86_l3.png\" class=\"ql-img-inline-formula quicklatex-auto-format\" alt=\"&#114;\" title=\"Rendered by QuickLaTeX.com\" height=\"8\" width=\"8\" style=\"vertical-align: 0px;\"\/>. Kartion korkeus <img loading=\"lazy\" decoding=\"async\" src=\"https:\/\/blogit.gradia.fi\/geometrianosaaminen\/wp-content\/ql-cache\/quicklatex.com-394f47568b5f80d63f52dd4f2b8c4283_l3.png\" class=\"ql-img-inline-formula quicklatex-auto-format\" alt=\"&#104;\" title=\"Rendered by QuickLaTeX.com\" height=\"13\" width=\"10\" style=\"vertical-align: 0px;\"\/> on kohtisuorassa s\u00e4dett\u00e4 vastaan. Kartion sivun pituus on <img loading=\"lazy\" decoding=\"async\" src=\"https:\/\/blogit.gradia.fi\/geometrianosaaminen\/wp-content\/ql-cache\/quicklatex.com-91d6d67f0af516b0cd5e2baaf71ce5d3_l3.png\" class=\"ql-img-inline-formula quicklatex-auto-format\" alt=\"&#115;\" title=\"Rendered by QuickLaTeX.com\" height=\"8\" width=\"8\" style=\"vertical-align: 0px;\"\/>.<\/p>\n\n\n\n<p> <p class=\"ql-center-picture\"><img loading=\"lazy\" decoding=\"async\" src=\"https:\/\/blogit.gradia.fi\/geometrianosaaminen\/wp-content\/ql-cache\/quicklatex.com-1b661880112779bdaba2c53cb6cfc837_l3.png\" height=\"269\" width=\"186\" class=\"ql-img-picture quicklatex-auto-format\" alt=\"Rendered by QuickLaTeX.com\" title=\"Rendered by QuickLaTeX.com\"\/><\/p>  <\/p>\n\n\n\n<p>Kartion tilavuus on<\/p>\n\n\n\n<p> <p class=\"ql-center-displayed-equation\" style=\"line-height: 50px;\"><span class=\"ql-right-eqno\"> &nbsp; <\/span><span class=\"ql-left-eqno\"> &nbsp; <\/span><img loading=\"lazy\" decoding=\"async\" src=\"https:\/\/blogit.gradia.fi\/geometrianosaaminen\/wp-content\/ql-cache\/quicklatex.com-f3147362358af30715278359bd79eb06_l3.png\" height=\"50\" width=\"90\" class=\"ql-img-displayed-equation quicklatex-auto-format\" alt=\"&#92;&#91;&#32;&#92;&#98;&#111;&#120;&#101;&#100;&#123;&#32;&#86;&#61;&#92;&#102;&#114;&#97;&#99;&#123;&#92;&#112;&#105;&#32;&#114;&#94;&#50;&#32;&#104;&#125;&#123;&#51;&#125;&#32;&#125;&#92;&#93;\" title=\"Rendered by QuickLaTeX.com\"\/><\/p>  <\/p>\n\n\n\n<h4 class=\"wp-block-heading\">5 Pallo<\/h4>\n\n\n\n<p><p class=\"ql-center-picture\"><img loading=\"lazy\" decoding=\"async\" src=\"https:\/\/blogit.gradia.fi\/geometrianosaaminen\/wp-content\/ql-cache\/quicklatex.com-f70d137ee302a2ebe4cc37702b979f49_l3.png\" height=\"185\" width=\"186\" class=\"ql-img-picture quicklatex-auto-format\" alt=\"Rendered by QuickLaTeX.com\" title=\"Rendered by QuickLaTeX.com\"\/><\/p><\/p>\n\n\n\n<p>Pallon <strong>tilavuus<\/strong> on<\/p>\n\n\n\n<p> <p class=\"ql-center-displayed-equation\" style=\"line-height: 47px;\"><span class=\"ql-right-eqno\"> &nbsp; <\/span><span class=\"ql-left-eqno\"> &nbsp; <\/span><img loading=\"lazy\" decoding=\"async\" src=\"https:\/\/blogit.gradia.fi\/geometrianosaaminen\/wp-content\/ql-cache\/quicklatex.com-9bbbc94272391edbc3bc622f7040b38f_l3.png\" height=\"47\" width=\"89\" class=\"ql-img-displayed-equation quicklatex-auto-format\" alt=\"&#92;&#91;&#32;&#92;&#98;&#111;&#120;&#101;&#100;&#123;&#32;&#86;&#61;&#92;&#102;&#114;&#97;&#99;&#123;&#52;&#125;&#123;&#51;&#125;&#92;&#112;&#105;&#32;&#114;&#94;&#51;&#32;&#125;&#92;&#93;\" title=\"Rendered by QuickLaTeX.com\"\/><\/p>  <\/p>\n\n\n\n<p>Pallon <strong>pinta-ala<\/strong> on<\/p>\n\n\n\n<p> <p class=\"ql-center-displayed-equation\" style=\"line-height: 27px;\"><span class=\"ql-right-eqno\"> &nbsp; <\/span><span class=\"ql-left-eqno\"> &nbsp; <\/span><img loading=\"lazy\" decoding=\"async\" src=\"https:\/\/blogit.gradia.fi\/geometrianosaaminen\/wp-content\/ql-cache\/quicklatex.com-7a950f4119ce0120ca6caa75f176ebe1_l3.png\" height=\"27\" width=\"84\" class=\"ql-img-displayed-equation quicklatex-auto-format\" alt=\"&#92;&#91;&#32;&#92;&#98;&#111;&#120;&#101;&#100;&#123;&#32;&#65;&#61;&#52;&#92;&#112;&#105;&#32;&#114;&#94;&#50;&#32;&#125;&#92;&#93;\" title=\"Rendered by QuickLaTeX.com\"\/><\/p>  <\/p>\n\n\n<p><!--EndFragment--><\/p>","protected":false},"excerpt":{"rendered":"<p>1 Suorakulmainen s\u00e4rmi\u00f6 Suorakulmiaisen s\u00e4rmi\u00f6n tilavuus saadaan kertomalla pohjan pinta-ala korkeudella. Koska pohjan pinta-ala on suorakulmion pinta-ala, niin n\u00e4m\u00e4 voidaan kirjoittaa seuraavasti: &nbsp; &nbsp; Suorakulmiaisen s\u00e4rmi\u00f6n vaipan pinta-ala saadaan laskemalla kaikkien sivutahkojen pinta-alat yhteen. Yksi sivutaho on suorakulmion muotoinen. &nbsp; &nbsp; 2 Kuutio Kuutio on suorakulmaisen s\u00e4rmi\u00f6n erikoistapaus, jonka kaikki sivut ovat yht\u00e4 pitki\u00e4. Kuution &hellip; <a href=\"https:\/\/blogit.gradia.fi\/geometrianosaaminen\/tilavuudet\/\" class=\"more-link\">Jatka lukemista <span class=\"screen-reader-text\">Tilavuudet<\/span> <span class=\"meta-nav\">&rarr;<\/span><\/a><\/p>\n","protected":false},"author":111,"featured_media":0,"parent":0,"menu_order":0,"comment_status":"closed","ping_status":"closed","template":"","meta":{"_uag_custom_page_level_css":"","footnotes":""},"class_list":["post-279","page","type-page","status-publish","hentry"],"yoast_head":"<!-- This site is optimized with the Yoast SEO plugin v27.2 - https:\/\/yoast.com\/product\/yoast-seo-wordpress\/ -->\n<title>Tilavuudet - Geometrian osaaminen<\/title>\n<meta name=\"robots\" content=\"index, follow, max-snippet:-1, max-image-preview:large, max-video-preview:-1\" \/>\n<link rel=\"canonical\" href=\"https:\/\/blogit.gradia.fi\/geometrianosaaminen\/tilavuudet\/\" \/>\n<meta property=\"og:locale\" content=\"fi_FI\" \/>\n<meta property=\"og:type\" content=\"article\" \/>\n<meta property=\"og:title\" content=\"Tilavuudet - Geometrian osaaminen\" \/>\n<meta property=\"og:description\" content=\"1 Suorakulmainen s\u00e4rmi\u00f6 Suorakulmiaisen s\u00e4rmi\u00f6n tilavuus saadaan kertomalla pohjan pinta-ala korkeudella. Koska pohjan pinta-ala on suorakulmion pinta-ala, niin n\u00e4m\u00e4 voidaan kirjoittaa seuraavasti: &nbsp; &nbsp; Suorakulmiaisen s\u00e4rmi\u00f6n vaipan pinta-ala saadaan laskemalla kaikkien sivutahkojen pinta-alat yhteen. Yksi sivutaho on suorakulmion muotoinen. &nbsp; &nbsp; 2 Kuutio Kuutio on suorakulmaisen s\u00e4rmi\u00f6n erikoistapaus, jonka kaikki sivut ovat yht\u00e4 pitki\u00e4. Kuution &hellip; Jatka lukemista Tilavuudet &rarr;\" \/>\n<meta property=\"og:url\" content=\"https:\/\/blogit.gradia.fi\/geometrianosaaminen\/tilavuudet\/\" \/>\n<meta property=\"og:site_name\" content=\"Geometrian osaaminen\" \/>\n<meta property=\"article:modified_time\" content=\"2020-04-09T14:34:50+00:00\" \/>\n<meta name=\"twitter:card\" content=\"summary_large_image\" \/>\n<meta name=\"twitter:label1\" content=\"Arvioitu lukuaika\" \/>\n\t<meta name=\"twitter:data1\" content=\"2 minuuttia\" \/>\n<script type=\"application\/ld+json\" class=\"yoast-schema-graph\">{\"@context\":\"https:\/\/schema.org\",\"@graph\":[{\"@type\":\"WebPage\",\"@id\":\"https:\/\/blogit.gradia.fi\/geometrianosaaminen\/tilavuudet\/\",\"url\":\"https:\/\/blogit.gradia.fi\/geometrianosaaminen\/tilavuudet\/\",\"name\":\"Tilavuudet - Geometrian osaaminen\",\"isPartOf\":{\"@id\":\"https:\/\/blogit.gradia.fi\/geometrianosaaminen\/#website\"},\"datePublished\":\"2020-03-31T08:16:06+00:00\",\"dateModified\":\"2020-04-09T14:34:50+00:00\",\"breadcrumb\":{\"@id\":\"https:\/\/blogit.gradia.fi\/geometrianosaaminen\/tilavuudet\/#breadcrumb\"},\"inLanguage\":\"fi\",\"potentialAction\":[{\"@type\":\"ReadAction\",\"target\":[\"https:\/\/blogit.gradia.fi\/geometrianosaaminen\/tilavuudet\/\"]}]},{\"@type\":\"BreadcrumbList\",\"@id\":\"https:\/\/blogit.gradia.fi\/geometrianosaaminen\/tilavuudet\/#breadcrumb\",\"itemListElement\":[{\"@type\":\"ListItem\",\"position\":1,\"name\":\"Home\",\"item\":\"https:\/\/blogit.gradia.fi\/geometrianosaaminen\/\"},{\"@type\":\"ListItem\",\"position\":2,\"name\":\"Tilavuudet\"}]},{\"@type\":\"WebSite\",\"@id\":\"https:\/\/blogit.gradia.fi\/geometrianosaaminen\/#website\",\"url\":\"https:\/\/blogit.gradia.fi\/geometrianosaaminen\/\",\"name\":\"Geometrian osaaminen\",\"description\":\"Yhteiset opinnot\",\"potentialAction\":[{\"@type\":\"SearchAction\",\"target\":{\"@type\":\"EntryPoint\",\"urlTemplate\":\"https:\/\/blogit.gradia.fi\/geometrianosaaminen\/?s={search_term_string}\"},\"query-input\":{\"@type\":\"PropertyValueSpecification\",\"valueRequired\":true,\"valueName\":\"search_term_string\"}}],\"inLanguage\":\"fi\"}]}<\/script>\n<!-- \/ Yoast SEO plugin. -->","yoast_head_json":{"title":"Tilavuudet - Geometrian osaaminen","robots":{"index":"index","follow":"follow","max-snippet":"max-snippet:-1","max-image-preview":"max-image-preview:large","max-video-preview":"max-video-preview:-1"},"canonical":"https:\/\/blogit.gradia.fi\/geometrianosaaminen\/tilavuudet\/","og_locale":"fi_FI","og_type":"article","og_title":"Tilavuudet - Geometrian osaaminen","og_description":"1 Suorakulmainen s\u00e4rmi\u00f6 Suorakulmiaisen s\u00e4rmi\u00f6n tilavuus saadaan kertomalla pohjan pinta-ala korkeudella. Koska pohjan pinta-ala on suorakulmion pinta-ala, niin n\u00e4m\u00e4 voidaan kirjoittaa seuraavasti: &nbsp; &nbsp; Suorakulmiaisen s\u00e4rmi\u00f6n vaipan pinta-ala saadaan laskemalla kaikkien sivutahkojen pinta-alat yhteen. Yksi sivutaho on suorakulmion muotoinen. &nbsp; &nbsp; 2 Kuutio Kuutio on suorakulmaisen s\u00e4rmi\u00f6n erikoistapaus, jonka kaikki sivut ovat yht\u00e4 pitki\u00e4. Kuution &hellip; Jatka lukemista Tilavuudet &rarr;","og_url":"https:\/\/blogit.gradia.fi\/geometrianosaaminen\/tilavuudet\/","og_site_name":"Geometrian osaaminen","article_modified_time":"2020-04-09T14:34:50+00:00","twitter_card":"summary_large_image","twitter_misc":{"Arvioitu lukuaika":"2 minuuttia"},"schema":{"@context":"https:\/\/schema.org","@graph":[{"@type":"WebPage","@id":"https:\/\/blogit.gradia.fi\/geometrianosaaminen\/tilavuudet\/","url":"https:\/\/blogit.gradia.fi\/geometrianosaaminen\/tilavuudet\/","name":"Tilavuudet - Geometrian osaaminen","isPartOf":{"@id":"https:\/\/blogit.gradia.fi\/geometrianosaaminen\/#website"},"datePublished":"2020-03-31T08:16:06+00:00","dateModified":"2020-04-09T14:34:50+00:00","breadcrumb":{"@id":"https:\/\/blogit.gradia.fi\/geometrianosaaminen\/tilavuudet\/#breadcrumb"},"inLanguage":"fi","potentialAction":[{"@type":"ReadAction","target":["https:\/\/blogit.gradia.fi\/geometrianosaaminen\/tilavuudet\/"]}]},{"@type":"BreadcrumbList","@id":"https:\/\/blogit.gradia.fi\/geometrianosaaminen\/tilavuudet\/#breadcrumb","itemListElement":[{"@type":"ListItem","position":1,"name":"Home","item":"https:\/\/blogit.gradia.fi\/geometrianosaaminen\/"},{"@type":"ListItem","position":2,"name":"Tilavuudet"}]},{"@type":"WebSite","@id":"https:\/\/blogit.gradia.fi\/geometrianosaaminen\/#website","url":"https:\/\/blogit.gradia.fi\/geometrianosaaminen\/","name":"Geometrian osaaminen","description":"Yhteiset opinnot","potentialAction":[{"@type":"SearchAction","target":{"@type":"EntryPoint","urlTemplate":"https:\/\/blogit.gradia.fi\/geometrianosaaminen\/?s={search_term_string}"},"query-input":{"@type":"PropertyValueSpecification","valueRequired":true,"valueName":"search_term_string"}}],"inLanguage":"fi"}]}},"uagb_featured_image_src":{"full":false,"thumbnail":false,"medium":false,"medium_large":false,"large":false,"1536x1536":false,"2048x2048":false,"post-thumbnail":false},"uagb_author_info":{"display_name":"Hannu Tabell","author_link":"https:\/\/blogit.gradia.fi\/geometrianosaaminen\/author\/htabell\/"},"uagb_comment_info":0,"uagb_excerpt":"1 Suorakulmainen s\u00e4rmi\u00f6 Suorakulmiaisen s\u00e4rmi\u00f6n tilavuus saadaan kertomalla pohjan pinta-ala korkeudella. Koska pohjan pinta-ala on suorakulmion pinta-ala, niin n\u00e4m\u00e4 voidaan kirjoittaa seuraavasti: &nbsp; &nbsp; Suorakulmiaisen s\u00e4rmi\u00f6n vaipan pinta-ala saadaan laskemalla kaikkien sivutahkojen pinta-alat yhteen. Yksi sivutaho on suorakulmion muotoinen. &nbsp; &nbsp; 2 Kuutio Kuutio on suorakulmaisen s\u00e4rmi\u00f6n erikoistapaus, jonka kaikki sivut ovat yht\u00e4 pitki\u00e4. Kuution&hellip;","_links":{"self":[{"href":"https:\/\/blogit.gradia.fi\/geometrianosaaminen\/wp-json\/wp\/v2\/pages\/279","targetHints":{"allow":["GET"]}}],"collection":[{"href":"https:\/\/blogit.gradia.fi\/geometrianosaaminen\/wp-json\/wp\/v2\/pages"}],"about":[{"href":"https:\/\/blogit.gradia.fi\/geometrianosaaminen\/wp-json\/wp\/v2\/types\/page"}],"author":[{"embeddable":true,"href":"https:\/\/blogit.gradia.fi\/geometrianosaaminen\/wp-json\/wp\/v2\/users\/111"}],"replies":[{"embeddable":true,"href":"https:\/\/blogit.gradia.fi\/geometrianosaaminen\/wp-json\/wp\/v2\/comments?post=279"}],"version-history":[{"count":20,"href":"https:\/\/blogit.gradia.fi\/geometrianosaaminen\/wp-json\/wp\/v2\/pages\/279\/revisions"}],"predecessor-version":[{"id":474,"href":"https:\/\/blogit.gradia.fi\/geometrianosaaminen\/wp-json\/wp\/v2\/pages\/279\/revisions\/474"}],"wp:attachment":[{"href":"https:\/\/blogit.gradia.fi\/geometrianosaaminen\/wp-json\/wp\/v2\/media?parent=279"}],"curies":[{"name":"wp","href":"https:\/\/api.w.org\/{rel}","templated":true}]}}