{"id":275,"date":"2020-03-31T11:15:36","date_gmt":"2020-03-31T08:15:36","guid":{"rendered":"https:\/\/blogit.gradia.fi\/geometrianosaaminen\/?page_id=275"},"modified":"2020-04-21T14:31:00","modified_gmt":"2020-04-21T11:31:00","slug":"pythagoraan-lause","status":"publish","type":"page","link":"https:\/\/blogit.gradia.fi\/geometrianosaaminen\/pythagoraan-lause\/","title":{"rendered":"Pythagoraan lause"},"content":{"rendered":"\n<p><\/p>\n\n\n\n<p><a href=\"https:\/\/jaofi-my.sharepoint.com\/:b:\/g\/personal\/htabell_gradia_fi\/EWFg0HQ9CKFLlHK-SWJwMB4BoWPhC7FNqwDeRuLtuFFupQ?e=TChKTO\" target=\"_blank\" rel=\"noreferrer noopener\">Teht\u00e4v\u00e4t<\/a><\/p>\n\n\n\n<p>Suorakulmaisen kolmion tapauksessa kolmion sivujen pituuksien neli\u00f6t noudattavat Pythagoraan lausetta. <\/p>\n\n\n\n<p>Piirret\u00e4\u00e4n suorakulmainen kolmio, jonka <strong>kateetit<\/strong> ovat <img loading=\"lazy\" decoding=\"async\" src=\"https:\/\/blogit.gradia.fi\/geometrianosaaminen\/wp-content\/ql-cache\/quicklatex.com-b43c2530fa07ad42f1883d174f2a735e_l3.png\" class=\"ql-img-inline-formula quicklatex-auto-format\" alt=\"&#97;\" title=\"Rendered by QuickLaTeX.com\" height=\"8\" width=\"9\" style=\"vertical-align: 0px;\"\/> ja <img loading=\"lazy\" decoding=\"async\" src=\"https:\/\/blogit.gradia.fi\/geometrianosaaminen\/wp-content\/ql-cache\/quicklatex.com-03adc96f908d7a51e68c0c84b659fccf_l3.png\" class=\"ql-img-inline-formula quicklatex-auto-format\" alt=\"&#98;\" title=\"Rendered by QuickLaTeX.com\" height=\"13\" width=\"8\" style=\"vertical-align: 0px;\"\/>. Kateetit ovat kohtisuorassa toisiaan vastaan. Merkit\u00e4\u00e4n kolmion pisint\u00e4 sivua, <strong>hypotenuusaa<\/strong>, kirjaintunnuksella <img loading=\"lazy\" decoding=\"async\" src=\"https:\/\/blogit.gradia.fi\/geometrianosaaminen\/wp-content\/ql-cache\/quicklatex.com-c77f0ea3b126862afc6ad88e5f31f7d7_l3.png\" class=\"ql-img-inline-formula quicklatex-auto-format\" alt=\"&#99;\" title=\"Rendered by QuickLaTeX.com\" height=\"8\" width=\"8\" style=\"vertical-align: 0px;\"\/>.<\/p>\n\n\n\n<p> <p class=\"ql-center-picture\"><img loading=\"lazy\" decoding=\"async\" src=\"https:\/\/blogit.gradia.fi\/geometrianosaaminen\/wp-content\/ql-cache\/quicklatex.com-a8dc222e9eaa4d3a6e671557b95b09d2_l3.png\" height=\"155\" width=\"294\" class=\"ql-img-picture quicklatex-auto-format\" alt=\"Rendered by QuickLaTeX.com\" title=\"Rendered by QuickLaTeX.com\"\/><\/p> <\/p>\n\n\n\n<p>Pythagoraan lauseen mukaan suorakulmaisen kolmion kateettien neli\u00f6iden summa on hypotenuusan neli\u00f6. Neli\u00f6 tarkoittaa sivun pituuden toista potenssia.<\/p>\n\n\n\n<p><p class=\"ql-center-displayed-equation\" style=\"line-height: 29px;\"><span class=\"ql-right-eqno\"> &nbsp; <\/span><span class=\"ql-left-eqno\"> &nbsp; <\/span><img loading=\"lazy\" decoding=\"async\" src=\"https:\/\/blogit.gradia.fi\/geometrianosaaminen\/wp-content\/ql-cache\/quicklatex.com-dafa236b8e1a0db049e7fea43f72f70a_l3.png\" height=\"29\" width=\"105\" class=\"ql-img-displayed-equation quicklatex-auto-format\" alt=\"&#92;&#91;&#92;&#98;&#111;&#120;&#101;&#100;&#123;&#97;&#94;&#50;&#43;&#98;&#94;&#50;&#61;&#99;&#94;&#50;&#125;&#92;&#93;\" title=\"Rendered by QuickLaTeX.com\"\/><\/p><\/p>\n\n\n\n<div id=\"uusi\">Esimerkki 1<\/div>\n\n\n\n<p>Laske suorakulmaisen kolmion hypotenuusan pituus, kun kateetit ovat 3 cm ja 4 cm.<\/p>\n\n\n\n<p>Suorakulmaisen kolmion sivun pituuden ratkaisemisessa Pythagoraan lauseen avulla ei sis\u00e4ns\u00e4 ole v\u00e4li\u00e4, mill\u00e4 kirjaintunnuksella merkit\u00e4\u00e4n mit\u00e4kin sivua. Merkit\u00e4\u00e4n hypotenuusan pituutta kirjaintunnukslla <img loading=\"lazy\" decoding=\"async\" src=\"https:\/\/blogit.gradia.fi\/geometrianosaaminen\/wp-content\/ql-cache\/quicklatex.com-c77f0ea3b126862afc6ad88e5f31f7d7_l3.png\" class=\"ql-img-inline-formula quicklatex-auto-format\" alt=\"&#99;\" title=\"Rendered by QuickLaTeX.com\" height=\"8\" width=\"8\" style=\"vertical-align: 0px;\"\/>. Piirret\u00e4\u00e4n suorakulmainen kolmio v\u00e4h\u00e4n eri asentoon kuin teorian esimerkkikuviossa.<\/p>\n\n\n\n<p> <p class=\"ql-center-picture\"><img loading=\"lazy\" decoding=\"async\" src=\"https:\/\/blogit.gradia.fi\/geometrianosaaminen\/wp-content\/ql-cache\/quicklatex.com-3ac412ff784513059a670749aaf80036_l3.png\" height=\"205\" width=\"183\" class=\"ql-img-picture quicklatex-auto-format\" alt=\"Rendered by QuickLaTeX.com\" title=\"Rendered by QuickLaTeX.com\"\/><\/p>  <\/p>\n\n\n\n<p><p class=\"ql-center-displayed-equation\" style=\"line-height: 161px;\"><span class=\"ql-right-eqno\"> &nbsp; <\/span><span class=\"ql-left-eqno\"> &nbsp; <\/span><img loading=\"lazy\" decoding=\"async\" src=\"https:\/\/blogit.gradia.fi\/geometrianosaaminen\/wp-content\/ql-cache\/quicklatex.com-421c9f7416cd58a7e1a62d19bd52743b_l3.png\" height=\"161\" width=\"177\" class=\"ql-img-displayed-equation quicklatex-auto-format\" alt=\"&#92;&#98;&#101;&#103;&#105;&#110;&#123;&#97;&#108;&#105;&#103;&#110;&#42;&#125;&#99;&#94;&#50;&#38;&#61;&#97;&#94;&#50;&#43;&#98;&#94;&#50;&#92;&#92;&#38;&#61;&#40;&#51;&#92;&#32;&#92;&#116;&#101;&#120;&#116;&#123;&#99;&#109;&#125;&#41;&#94;&#50;&#43;&#40;&#52;&#92;&#32;&#92;&#116;&#101;&#120;&#116;&#123;&#99;&#109;&#125;&#41;&#94;&#50;&#92;&#92;&#38;&#61;&#57;&#92;&#32;&#92;&#116;&#101;&#120;&#116;&#123;&#99;&#109;&#125;&#94;&#50;&#43;&#49;&#54;&#92;&#32;&#92;&#116;&#101;&#120;&#116;&#123;&#99;&#109;&#125;&#94;&#50;&#92;&#92;&#38;&#61;&#50;&#53;&#92;&#32;&#92;&#116;&#101;&#120;&#116;&#123;&#99;&#109;&#125;&#94;&#50;&#92;&#32;&#92;&#124;&#92;&#115;&#113;&#114;&#116;&#123;&#92;&#32;&#125;&#92;&#92;&#99;&#38;&#61;&#92;&#115;&#113;&#114;&#116;&#123;&#32;&#50;&#53;&#92;&#32;&#92;&#116;&#101;&#120;&#116;&#123;&#99;&#109;&#125;&#94;&#50;&#32;&#125;&#92;&#92;&#38;&#61;&#53;&#92;&#32;&#92;&#116;&#101;&#120;&#116;&#123;&#99;&#109;&#125;&#92;&#101;&#110;&#100;&#123;&#97;&#108;&#105;&#103;&#110;&#42;&#125;\" title=\"Rendered by QuickLaTeX.com\"\/><\/p><\/p>\n\n\n\n<p><strong>Vastaus<\/strong>: Hypotenuusan pituus on <img loading=\"lazy\" decoding=\"async\" src=\"https:\/\/blogit.gradia.fi\/geometrianosaaminen\/wp-content\/ql-cache\/quicklatex.com-cbff6946d84ec4fa7650cc42c245a809_l3.png\" class=\"ql-img-inline-formula quicklatex-auto-format\" alt=\"&#53;&#92;&#32;&#92;&#116;&#101;&#120;&#116;&#123;&#99;&#109;&#125;\" title=\"Rendered by QuickLaTeX.com\" height=\"13\" width=\"38\" style=\"vertical-align: 0px;\"\/>.<\/p>\n\n\n\n<div id=\"uusi\">Esimerkki 2<\/div>\n\n\n\n<p>Laske suorakulmaisen kolmion kateetin pituus, kun hypotenuusan pituus on 3,5 m ja toisen kateetin pituus on 1,2 m.<\/p>\n\n\n\n<p>Merkit\u00e4\u00e4n toisen kateetin pituutta <img loading=\"lazy\" decoding=\"async\" src=\"https:\/\/blogit.gradia.fi\/geometrianosaaminen\/wp-content\/ql-cache\/quicklatex.com-da7e88e81e127f161e889e557e401ac8_l3.png\" class=\"ql-img-inline-formula quicklatex-auto-format\" alt=\"&#120;\" title=\"Rendered by QuickLaTeX.com\" height=\"8\" width=\"10\" style=\"vertical-align: 0px;\"\/> (m). Piirret\u00e4\u00e4n suorakulmainen kolmio.<\/p>\n\n\n\n<p> <p class=\"ql-center-picture\"><img loading=\"lazy\" decoding=\"async\" src=\"https:\/\/blogit.gradia.fi\/geometrianosaaminen\/wp-content\/ql-cache\/quicklatex.com-68ea1351375f82b0d0c64471e2467090_l3.png\" height=\"71\" width=\"204\" class=\"ql-img-picture quicklatex-auto-format\" alt=\"Rendered by QuickLaTeX.com\" title=\"Rendered by QuickLaTeX.com\"\/><\/p> <\/p>\n\n\n\n<p>Kirjoitetaan Pythagoraan lause t\u00e4ss\u00e4 esimerkiss\u00e4 seuraavasti:<\/p>\n\n\n\n<p><p class=\"ql-center-displayed-equation\" style=\"line-height: 192px;\"><span class=\"ql-right-eqno\"> &nbsp; <\/span><span class=\"ql-left-eqno\"> &nbsp; <\/span><img loading=\"lazy\" decoding=\"async\" src=\"https:\/\/blogit.gradia.fi\/geometrianosaaminen\/wp-content\/ql-cache\/quicklatex.com-7e0c01cbab68f758c09efe202b5f7446_l3.png\" height=\"192\" width=\"277\" class=\"ql-img-displayed-equation quicklatex-auto-format\" alt=\"&#92;&#98;&#101;&#103;&#105;&#110;&#123;&#97;&#108;&#105;&#103;&#110;&#42;&#125;&#120;&#94;&#50;&#43;&#40;&#49;&#123;&#44;&#125;&#50;&#92;&#32;&#92;&#116;&#101;&#120;&#116;&#123;&#109;&#125;&#41;&#94;&#50;&#38;&#61;&#40;&#51;&#123;&#44;&#125;&#53;&#92;&#32;&#92;&#116;&#101;&#120;&#116;&#123;&#109;&#125;&#41;&#94;&#50;&#92;&#92;&#120;&#94;&#50;&#43;&#49;&#123;&#44;&#125;&#52;&#52;&#92;&#32;&#92;&#116;&#101;&#120;&#116;&#123;&#109;&#125;&#94;&#50;&#38;&#61;&#49;&#50;&#123;&#44;&#125;&#50;&#53;&#92;&#32;&#92;&#116;&#101;&#120;&#116;&#123;&#109;&#125;&#94;&#50;&#92;&#92;&#120;&#94;&#50;&#38;&#61;&#32;&#49;&#50;&#123;&#44;&#125;&#50;&#53;&#92;&#32;&#92;&#116;&#101;&#120;&#116;&#123;&#109;&#125;&#94;&#50;&#32;&#45;&#32;&#49;&#123;&#44;&#125;&#52;&#52;&#92;&#32;&#92;&#116;&#101;&#120;&#116;&#123;&#109;&#125;&#94;&#50;&#32;&#92;&#92;&#120;&#94;&#50;&#38;&#61;&#32;&#49;&#48;&#123;&#44;&#125;&#56;&#49;&#92;&#32;&#92;&#116;&#101;&#120;&#116;&#123;&#109;&#125;&#94;&#50;&#92;&#32;&#92;&#124;&#92;&#115;&#113;&#114;&#116;&#123;&#92;&#32;&#125;&#92;&#92;&#120;&#38;&#61;&#92;&#115;&#113;&#114;&#116;&#123;&#32;&#49;&#48;&#123;&#44;&#125;&#56;&#49;&#92;&#32;&#92;&#116;&#101;&#120;&#116;&#123;&#109;&#125;&#94;&#50;&#32;&#125;&#92;&#92;&#38;&#61;&#51;&#123;&#44;&#125;&#50;&#56;&#55;&#53;&#54;&#92;&#32;&#92;&#116;&#101;&#120;&#116;&#123;&#109;&#125;&#92;&#92;&#38;&#92;&#97;&#112;&#112;&#114;&#111;&#120;&#32;&#51;&#123;&#44;&#125;&#51;&#92;&#32;&#92;&#116;&#101;&#120;&#116;&#123;&#109;&#125;&#92;&#101;&#110;&#100;&#123;&#97;&#108;&#105;&#103;&#110;&#42;&#125;\" title=\"Rendered by QuickLaTeX.com\"\/><\/p><\/p>\n\n\n\n<p> <strong>Vastaus<\/strong>: Kateetin pituus on <img loading=\"lazy\" decoding=\"async\" src=\"https:\/\/blogit.gradia.fi\/geometrianosaaminen\/wp-content\/ql-cache\/quicklatex.com-b89f0b6567b5353a29af6ecc635a2e67_l3.png\" class=\"ql-img-inline-formula quicklatex-auto-format\" alt=\"&#51;&#123;&#44;&#125;&#51;&#92;&#32;&#92;&#116;&#101;&#120;&#116;&#123;&#109;&#125;\" title=\"Rendered by QuickLaTeX.com\" height=\"16\" width=\"44\" style=\"vertical-align: -4px;\"\/>. <\/p>\n","protected":false},"excerpt":{"rendered":"<p>Teht\u00e4v\u00e4t Suorakulmaisen kolmion tapauksessa kolmion sivujen pituuksien neli\u00f6t noudattavat Pythagoraan lausetta. Piirret\u00e4\u00e4n suorakulmainen kolmio, jonka kateetit ovat ja . Kateetit ovat kohtisuorassa toisiaan vastaan. Merkit\u00e4\u00e4n kolmion pisint\u00e4 sivua, hypotenuusaa, kirjaintunnuksella . Pythagoraan lauseen mukaan suorakulmaisen kolmion kateettien neli\u00f6iden summa on hypotenuusan neli\u00f6. Neli\u00f6 tarkoittaa sivun pituuden toista potenssia. &nbsp; &nbsp; Esimerkki 1 Laske suorakulmaisen kolmion &hellip; <a href=\"https:\/\/blogit.gradia.fi\/geometrianosaaminen\/pythagoraan-lause\/\" class=\"more-link\">Jatka lukemista <span class=\"screen-reader-text\">Pythagoraan lause<\/span> <span class=\"meta-nav\">&rarr;<\/span><\/a><\/p>\n","protected":false},"author":111,"featured_media":0,"parent":0,"menu_order":0,"comment_status":"closed","ping_status":"closed","template":"","meta":{"_uag_custom_page_level_css":"","footnotes":""},"class_list":["post-275","page","type-page","status-publish","hentry"],"yoast_head":"<!-- This site is optimized with the Yoast SEO plugin v27.4 - https:\/\/yoast.com\/product\/yoast-seo-wordpress\/ -->\n<title>Pythagoraan lause - Geometrian osaaminen<\/title>\n<meta name=\"robots\" content=\"index, follow, max-snippet:-1, max-image-preview:large, max-video-preview:-1\" \/>\n<link rel=\"canonical\" href=\"https:\/\/blogit.gradia.fi\/geometrianosaaminen\/pythagoraan-lause\/\" \/>\n<meta property=\"og:locale\" content=\"fi_FI\" \/>\n<meta property=\"og:type\" content=\"article\" \/>\n<meta property=\"og:title\" content=\"Pythagoraan lause - Geometrian osaaminen\" \/>\n<meta property=\"og:description\" content=\"Teht\u00e4v\u00e4t Suorakulmaisen kolmion tapauksessa kolmion sivujen pituuksien neli\u00f6t noudattavat Pythagoraan lausetta. Piirret\u00e4\u00e4n suorakulmainen kolmio, jonka kateetit ovat ja . Kateetit ovat kohtisuorassa toisiaan vastaan. Merkit\u00e4\u00e4n kolmion pisint\u00e4 sivua, hypotenuusaa, kirjaintunnuksella . Pythagoraan lauseen mukaan suorakulmaisen kolmion kateettien neli\u00f6iden summa on hypotenuusan neli\u00f6. Neli\u00f6 tarkoittaa sivun pituuden toista potenssia. &nbsp; &nbsp; Esimerkki 1 Laske suorakulmaisen kolmion &hellip; Jatka lukemista Pythagoraan lause &rarr;\" \/>\n<meta property=\"og:url\" content=\"https:\/\/blogit.gradia.fi\/geometrianosaaminen\/pythagoraan-lause\/\" \/>\n<meta property=\"og:site_name\" content=\"Geometrian osaaminen\" \/>\n<meta property=\"article:modified_time\" content=\"2020-04-21T11:31:00+00:00\" \/>\n<meta name=\"twitter:card\" content=\"summary_large_image\" \/>\n<meta name=\"twitter:label1\" content=\"Arvioitu lukuaika\" \/>\n\t<meta name=\"twitter:data1\" content=\"2 minuuttia\" \/>\n<script type=\"application\/ld+json\" class=\"yoast-schema-graph\">{\"@context\":\"https:\\\/\\\/schema.org\",\"@graph\":[{\"@type\":\"WebPage\",\"@id\":\"https:\\\/\\\/blogit.gradia.fi\\\/geometrianosaaminen\\\/pythagoraan-lause\\\/\",\"url\":\"https:\\\/\\\/blogit.gradia.fi\\\/geometrianosaaminen\\\/pythagoraan-lause\\\/\",\"name\":\"Pythagoraan lause - Geometrian osaaminen\",\"isPartOf\":{\"@id\":\"https:\\\/\\\/blogit.gradia.fi\\\/geometrianosaaminen\\\/#website\"},\"datePublished\":\"2020-03-31T08:15:36+00:00\",\"dateModified\":\"2020-04-21T11:31:00+00:00\",\"breadcrumb\":{\"@id\":\"https:\\\/\\\/blogit.gradia.fi\\\/geometrianosaaminen\\\/pythagoraan-lause\\\/#breadcrumb\"},\"inLanguage\":\"fi\",\"potentialAction\":[{\"@type\":\"ReadAction\",\"target\":[\"https:\\\/\\\/blogit.gradia.fi\\\/geometrianosaaminen\\\/pythagoraan-lause\\\/\"]}]},{\"@type\":\"BreadcrumbList\",\"@id\":\"https:\\\/\\\/blogit.gradia.fi\\\/geometrianosaaminen\\\/pythagoraan-lause\\\/#breadcrumb\",\"itemListElement\":[{\"@type\":\"ListItem\",\"position\":1,\"name\":\"Home\",\"item\":\"https:\\\/\\\/blogit.gradia.fi\\\/geometrianosaaminen\\\/\"},{\"@type\":\"ListItem\",\"position\":2,\"name\":\"Pythagoraan lause\"}]},{\"@type\":\"WebSite\",\"@id\":\"https:\\\/\\\/blogit.gradia.fi\\\/geometrianosaaminen\\\/#website\",\"url\":\"https:\\\/\\\/blogit.gradia.fi\\\/geometrianosaaminen\\\/\",\"name\":\"Geometrian osaaminen\",\"description\":\"Yhteiset opinnot\",\"potentialAction\":[{\"@type\":\"SearchAction\",\"target\":{\"@type\":\"EntryPoint\",\"urlTemplate\":\"https:\\\/\\\/blogit.gradia.fi\\\/geometrianosaaminen\\\/?s={search_term_string}\"},\"query-input\":{\"@type\":\"PropertyValueSpecification\",\"valueRequired\":true,\"valueName\":\"search_term_string\"}}],\"inLanguage\":\"fi\"}]}<\/script>\n<!-- \/ Yoast SEO plugin. -->","yoast_head_json":{"title":"Pythagoraan lause - Geometrian osaaminen","robots":{"index":"index","follow":"follow","max-snippet":"max-snippet:-1","max-image-preview":"max-image-preview:large","max-video-preview":"max-video-preview:-1"},"canonical":"https:\/\/blogit.gradia.fi\/geometrianosaaminen\/pythagoraan-lause\/","og_locale":"fi_FI","og_type":"article","og_title":"Pythagoraan lause - Geometrian osaaminen","og_description":"Teht\u00e4v\u00e4t Suorakulmaisen kolmion tapauksessa kolmion sivujen pituuksien neli\u00f6t noudattavat Pythagoraan lausetta. Piirret\u00e4\u00e4n suorakulmainen kolmio, jonka kateetit ovat ja . Kateetit ovat kohtisuorassa toisiaan vastaan. Merkit\u00e4\u00e4n kolmion pisint\u00e4 sivua, hypotenuusaa, kirjaintunnuksella . Pythagoraan lauseen mukaan suorakulmaisen kolmion kateettien neli\u00f6iden summa on hypotenuusan neli\u00f6. Neli\u00f6 tarkoittaa sivun pituuden toista potenssia. &nbsp; &nbsp; Esimerkki 1 Laske suorakulmaisen kolmion &hellip; Jatka lukemista Pythagoraan lause &rarr;","og_url":"https:\/\/blogit.gradia.fi\/geometrianosaaminen\/pythagoraan-lause\/","og_site_name":"Geometrian osaaminen","article_modified_time":"2020-04-21T11:31:00+00:00","twitter_card":"summary_large_image","twitter_misc":{"Arvioitu lukuaika":"2 minuuttia"},"schema":{"@context":"https:\/\/schema.org","@graph":[{"@type":"WebPage","@id":"https:\/\/blogit.gradia.fi\/geometrianosaaminen\/pythagoraan-lause\/","url":"https:\/\/blogit.gradia.fi\/geometrianosaaminen\/pythagoraan-lause\/","name":"Pythagoraan lause - Geometrian osaaminen","isPartOf":{"@id":"https:\/\/blogit.gradia.fi\/geometrianosaaminen\/#website"},"datePublished":"2020-03-31T08:15:36+00:00","dateModified":"2020-04-21T11:31:00+00:00","breadcrumb":{"@id":"https:\/\/blogit.gradia.fi\/geometrianosaaminen\/pythagoraan-lause\/#breadcrumb"},"inLanguage":"fi","potentialAction":[{"@type":"ReadAction","target":["https:\/\/blogit.gradia.fi\/geometrianosaaminen\/pythagoraan-lause\/"]}]},{"@type":"BreadcrumbList","@id":"https:\/\/blogit.gradia.fi\/geometrianosaaminen\/pythagoraan-lause\/#breadcrumb","itemListElement":[{"@type":"ListItem","position":1,"name":"Home","item":"https:\/\/blogit.gradia.fi\/geometrianosaaminen\/"},{"@type":"ListItem","position":2,"name":"Pythagoraan lause"}]},{"@type":"WebSite","@id":"https:\/\/blogit.gradia.fi\/geometrianosaaminen\/#website","url":"https:\/\/blogit.gradia.fi\/geometrianosaaminen\/","name":"Geometrian osaaminen","description":"Yhteiset opinnot","potentialAction":[{"@type":"SearchAction","target":{"@type":"EntryPoint","urlTemplate":"https:\/\/blogit.gradia.fi\/geometrianosaaminen\/?s={search_term_string}"},"query-input":{"@type":"PropertyValueSpecification","valueRequired":true,"valueName":"search_term_string"}}],"inLanguage":"fi"}]}},"uagb_featured_image_src":{"full":false,"thumbnail":false,"medium":false,"medium_large":false,"large":false,"1536x1536":false,"2048x2048":false,"post-thumbnail":false},"uagb_author_info":{"display_name":"Hannu Tabell","author_link":"https:\/\/blogit.gradia.fi\/geometrianosaaminen\/author\/htabell\/"},"uagb_comment_info":0,"uagb_excerpt":"Teht\u00e4v\u00e4t Suorakulmaisen kolmion tapauksessa kolmion sivujen pituuksien neli\u00f6t noudattavat Pythagoraan lausetta. Piirret\u00e4\u00e4n suorakulmainen kolmio, jonka kateetit ovat ja . Kateetit ovat kohtisuorassa toisiaan vastaan. Merkit\u00e4\u00e4n kolmion pisint\u00e4 sivua, hypotenuusaa, kirjaintunnuksella . Pythagoraan lauseen mukaan suorakulmaisen kolmion kateettien neli\u00f6iden summa on hypotenuusan neli\u00f6. Neli\u00f6 tarkoittaa sivun pituuden toista potenssia. &nbsp; &nbsp; Esimerkki 1 Laske suorakulmaisen kolmion&hellip;","_links":{"self":[{"href":"https:\/\/blogit.gradia.fi\/geometrianosaaminen\/wp-json\/wp\/v2\/pages\/275","targetHints":{"allow":["GET"]}}],"collection":[{"href":"https:\/\/blogit.gradia.fi\/geometrianosaaminen\/wp-json\/wp\/v2\/pages"}],"about":[{"href":"https:\/\/blogit.gradia.fi\/geometrianosaaminen\/wp-json\/wp\/v2\/types\/page"}],"author":[{"embeddable":true,"href":"https:\/\/blogit.gradia.fi\/geometrianosaaminen\/wp-json\/wp\/v2\/users\/111"}],"replies":[{"embeddable":true,"href":"https:\/\/blogit.gradia.fi\/geometrianosaaminen\/wp-json\/wp\/v2\/comments?post=275"}],"version-history":[{"count":26,"href":"https:\/\/blogit.gradia.fi\/geometrianosaaminen\/wp-json\/wp\/v2\/pages\/275\/revisions"}],"predecessor-version":[{"id":758,"href":"https:\/\/blogit.gradia.fi\/geometrianosaaminen\/wp-json\/wp\/v2\/pages\/275\/revisions\/758"}],"wp:attachment":[{"href":"https:\/\/blogit.gradia.fi\/geometrianosaaminen\/wp-json\/wp\/v2\/media?parent=275"}],"curies":[{"name":"wp","href":"https:\/\/api.w.org\/{rel}","templated":true}]}}