{"id":273,"date":"2020-03-31T11:15:23","date_gmt":"2020-03-31T08:15:23","guid":{"rendered":"https:\/\/blogit.gradia.fi\/geometrianosaaminen\/?page_id=273"},"modified":"2020-05-12T18:23:56","modified_gmt":"2020-05-12T15:23:56","slug":"mittakaava","status":"publish","type":"page","link":"https:\/\/blogit.gradia.fi\/geometrianosaaminen\/mittakaava\/","title":{"rendered":"Mittakaava"},"content":{"rendered":"\n<p><\/p>\n\n\n\n<p><a href=\"https:\/\/jaofi-my.sharepoint.com\/:b:\/g\/personal\/htabell_gradia_fi\/EaD7gMRd0IBCioblSg--glMBDpOca665gD9k2ehHZU4QQw?e=uqHXBa\" target=\"_blank\" rel=\"noreferrer noopener\">Teht\u00e4v\u00e4t<\/a><\/p>\n\n\n\n<p>Mittakaava tarkoittaa <strong>suhdetta<\/strong> esimerkiksi piirroksessa olevan mitan ja todellisen kohteen mitan v\u00e4lill\u00e4.<\/p>\n\n\n\n<h4 class=\"wp-block-heading\">Esimerkki 1 a<\/h4>\n\n\n\n<p> Piirret\u00e4\u00e4n huone, jonka seinien mitat piirroksessa ovat 8,0 cm ja 6,0 cm.<\/p>\n\n\n\n<p><p class=\"ql-center-picture\"><img loading=\"lazy\" decoding=\"async\" src=\"https:\/\/blogit.gradia.fi\/geometrianosaaminen\/wp-content\/ql-cache\/quicklatex.com-d8654dccda235fdbd2711ece7f0d0fb1_l3.png\" height=\"299\" width=\"427\" class=\"ql-img-picture quicklatex-auto-format\" alt=\"Rendered by QuickLaTeX.com\" title=\"Rendered by QuickLaTeX.com\"\/><\/p><\/p>\n\n\n\n<p>Piirroksen ja todellisen huoneen mittojen v\u00e4linen suhde(luku) on 1:50. Se tarkoittaa sit\u00e4, ett\u00e4 piirroksesta mitattu mitta on todellisuudessa 50 kertaa suurempi.<\/p>\n\n\n\n<p>Huoneen seinien mitat todellisuudessa ovat<br><img loading=\"lazy\" decoding=\"async\" src=\"https:\/\/blogit.gradia.fi\/geometrianosaaminen\/wp-content\/ql-cache\/quicklatex.com-c2edeb8576c0b749c684d21019d957c1_l3.png\" class=\"ql-img-inline-formula quicklatex-auto-format\" alt=\"&#53;&#48;&#32;&#92;&#99;&#100;&#111;&#116;&#32;&#56;&#123;&#44;&#125;&#48;&#92;&#32;&#92;&#116;&#101;&#120;&#116;&#123;&#99;&#109;&#125;&#32;&#61;&#52;&#48;&#48;&#92;&#32;&#92;&#116;&#101;&#120;&#116;&#123;&#99;&#109;&#125;&#32;&#61;&#52;&#123;&#44;&#125;&#48;&#92;&#32;&#92;&#116;&#101;&#120;&#116;&#123;&#109;&#125;\" title=\"Rendered by QuickLaTeX.com\" height=\"17\" width=\"228\" style=\"vertical-align: -4px;\"\/><br><img loading=\"lazy\" decoding=\"async\" src=\"https:\/\/blogit.gradia.fi\/geometrianosaaminen\/wp-content\/ql-cache\/quicklatex.com-992bb35b98b5ed7c9ce5d62b032f2611_l3.png\" class=\"ql-img-inline-formula quicklatex-auto-format\" alt=\"&#53;&#48;&#32;&#92;&#99;&#100;&#111;&#116;&#32;&#54;&#123;&#44;&#125;&#48;&#92;&#32;&#92;&#116;&#101;&#120;&#116;&#123;&#99;&#109;&#125;&#32;&#61;&#51;&#48;&#48;&#92;&#32;&#92;&#116;&#101;&#120;&#116;&#123;&#99;&#109;&#125;&#32;&#61;&#51;&#123;&#44;&#125;&#48;&#92;&#32;&#92;&#116;&#101;&#120;&#116;&#123;&#109;&#125;\" title=\"Rendered by QuickLaTeX.com\" height=\"17\" width=\"228\" style=\"vertical-align: -4px;\"\/> <\/p>\n\n\n\n<h4 class=\"wp-block-heading\">Esimerkki 1 b<\/h4>\n\n\n\n<p>Lasketaan huoneen <strong>pinta-ala<\/strong> sek\u00e4 piirroksessa ett\u00e4 todellisuudessa.<\/p>\n\n\n\n<p><strong>Pinta-ala piirroksesssa<\/strong> on<\/p>\n\n\n\n<p><p class=\"ql-center-displayed-equation\" style=\"line-height: 21px;\"><span class=\"ql-right-eqno\"> &nbsp; <\/span><span class=\"ql-left-eqno\"> &nbsp; <\/span><img loading=\"lazy\" decoding=\"async\" src=\"https:\/\/blogit.gradia.fi\/geometrianosaaminen\/wp-content\/ql-cache\/quicklatex.com-f0a4c777e05ec75fd58c5dd5a25f8c41_l3.png\" height=\"21\" width=\"229\" class=\"ql-img-displayed-equation quicklatex-auto-format\" alt=\"&#92;&#91;&#65;&#61;&#32;&#56;&#123;&#44;&#125;&#48;&#92;&#32;&#92;&#116;&#101;&#120;&#116;&#123;&#99;&#109;&#125;&#32;&#92;&#99;&#100;&#111;&#116;&#32;&#32;&#54;&#123;&#44;&#125;&#48;&#92;&#32;&#92;&#116;&#101;&#120;&#116;&#123;&#99;&#109;&#125;&#32;&#61;&#32;&#32;&#52;&#56;&#92;&#32;&#92;&#116;&#101;&#120;&#116;&#123;&#99;&#109;&#125;&#94;&#50;&#92;&#93;\" title=\"Rendered by QuickLaTeX.com\"\/><\/p> <\/p>\n\n\n\n<p><strong>Pinta-ala todellisuudessa<\/strong> on<\/p>\n\n\n\n<p><p class=\"ql-center-displayed-equation\" style=\"line-height: 21px;\"><span class=\"ql-right-eqno\"> &nbsp; <\/span><span class=\"ql-left-eqno\"> &nbsp; <\/span><img loading=\"lazy\" decoding=\"async\" src=\"https:\/\/blogit.gradia.fi\/geometrianosaaminen\/wp-content\/ql-cache\/quicklatex.com-a5ef607c4e94e90852736cb1432d2048_l3.png\" height=\"21\" width=\"205\" class=\"ql-img-displayed-equation quicklatex-auto-format\" alt=\"&#92;&#91;&#65;&#61;&#32;&#52;&#123;&#44;&#125;&#48;&#92;&#32;&#92;&#116;&#101;&#120;&#116;&#123;&#109;&#125;&#32;&#92;&#99;&#100;&#111;&#116;&#32;&#32;&#51;&#123;&#44;&#125;&#48;&#92;&#32;&#92;&#116;&#101;&#120;&#116;&#123;&#109;&#125;&#32;&#61;&#32;&#32;&#49;&#50;&#92;&#32;&#92;&#116;&#101;&#120;&#116;&#123;&#109;&#125;&#94;&#50;&#92;&#93;\" title=\"Rendered by QuickLaTeX.com\"\/><\/p> <\/p>\n\n\n\n<p><\/p>\n\n\n\n<h4 class=\"wp-block-heading\">Esimerkki 1 c<\/h4>\n\n\n\n<p>Piirret\u00e4\u00e4n seuraavaksi huoneeseen s\u00e4nky, jonka mitat todellisuudessa ovat 90 cm x 200 cm.<\/p>\n\n\n\n<p>Muutetaan mitat todellisuudesta piirrokseen jakamalla s\u00e4ngyn mitat 50:ll\u00e4, koska piirroksen mittakaava on 1:50.<\/p>\n\n\n\n<p>S\u00e4ngyn mitat piirroksessa ovat<\/p>\n\n\n\n<p><img loading=\"lazy\" decoding=\"async\" src=\"https:\/\/blogit.gradia.fi\/geometrianosaaminen\/wp-content\/ql-cache\/quicklatex.com-1100920ddc5a595ccd599bdca3c38fa3_l3.png\" class=\"ql-img-inline-formula quicklatex-auto-format\" alt=\"&#57;&#48;&#92;&#32;&#92;&#116;&#101;&#120;&#116;&#123;&#99;&#109;&#125;&#32;&#58;&#53;&#48;&#32;&#61;&#49;&#123;&#44;&#125;&#56;&#92;&#32;&#92;&#116;&#101;&#120;&#116;&#123;&#99;&#109;&#125;\" title=\"Rendered by QuickLaTeX.com\" height=\"17\" width=\"154\" style=\"vertical-align: -4px;\"\/><br><img loading=\"lazy\" decoding=\"async\" src=\"https:\/\/blogit.gradia.fi\/geometrianosaaminen\/wp-content\/ql-cache\/quicklatex.com-552bef61ba9477628331a909cc8a2ad0_l3.png\" class=\"ql-img-inline-formula quicklatex-auto-format\" alt=\"&#50;&#48;&#48;&#92;&#32;&#92;&#116;&#101;&#120;&#116;&#123;&#99;&#109;&#125;&#32;&#58;&#53;&#48;&#32;&#61;&#52;&#123;&#44;&#125;&#48;&#92;&#32;&#92;&#116;&#101;&#120;&#116;&#123;&#99;&#109;&#125;\" title=\"Rendered by QuickLaTeX.com\" height=\"17\" width=\"163\" style=\"vertical-align: -4px;\"\/> <\/p>\n\n\n\n<p> <p class=\"ql-center-picture\"><img loading=\"lazy\" decoding=\"async\" src=\"https:\/\/blogit.gradia.fi\/geometrianosaaminen\/wp-content\/ql-cache\/quicklatex.com-ced469233a9dd83f5f79711123955f6c_l3.png\" height=\"299\" width=\"427\" class=\"ql-img-picture quicklatex-auto-format\" alt=\"Rendered by QuickLaTeX.com\" title=\"Rendered by QuickLaTeX.com\"\/><\/p> <\/p>\n\n\n\n<h4 class=\"wp-block-heading\">Esimerkki 1 d<\/h4>\n\n\n\n<p>Huoneessa on halkaisijaltaan 1,2 metrin mittainen p\u00f6yt\u00e4. Laske p\u00f6yd\u00e4n piiri ja pinta-ala. Piirret\u00e4\u00e4n p\u00f6yt\u00e4 piirustukseen. <\/p>\n\n\n\n<p>Halkaisijasta saadaan s\u00e4de <img loading=\"lazy\" decoding=\"async\" src=\"https:\/\/blogit.gradia.fi\/geometrianosaaminen\/wp-content\/ql-cache\/quicklatex.com-97ae6f54e89c57fc9ab8c14c09ab879e_l3.png\" class=\"ql-img-inline-formula quicklatex-auto-format\" alt=\"&#114;&#61;&#92;&#100;&#102;&#114;&#97;&#99;&#123;&#49;&#123;&#44;&#125;&#50;&#92;&#32;&#92;&#116;&#101;&#120;&#116;&#123;&#109;&#125;&#125;&#123;&#50;&#125;&#61;&#48;&#123;&#44;&#125;&#54;&#48;&#92;&#32;&#92;&#116;&#101;&#120;&#116;&#123;&#109;&#125;&#61;&#54;&#48;&#92;&#32;&#92;&#116;&#101;&#120;&#116;&#123;&#99;&#109;&#125;\" title=\"Rendered by QuickLaTeX.com\" height=\"36\" width=\"225\" style=\"vertical-align: -12px;\"\/>.<br>S\u00e4teen mitta piirroksessa on <img loading=\"lazy\" decoding=\"async\" src=\"https:\/\/blogit.gradia.fi\/geometrianosaaminen\/wp-content\/ql-cache\/quicklatex.com-3d238e91f0bdc92c4d70605e7c9d9386_l3.png\" class=\"ql-img-inline-formula quicklatex-auto-format\" alt=\"&#114;&#61;&#32;&#54;&#48;&#92;&#32;&#92;&#116;&#101;&#120;&#116;&#123;&#99;&#109;&#125;&#32;&#58;&#32;&#53;&#48;&#61;&#49;&#123;&#44;&#125;&#50;&#92;&#32;&#92;&#116;&#101;&#120;&#116;&#123;&#99;&#109;&#125;\" title=\"Rendered by QuickLaTeX.com\" height=\"17\" width=\"186\" style=\"vertical-align: -4px;\"\/>.<\/p>\n\n\n\n<p> <p class=\"ql-center-picture\"><img loading=\"lazy\" decoding=\"async\" src=\"https:\/\/blogit.gradia.fi\/geometrianosaaminen\/wp-content\/ql-cache\/quicklatex.com-82fd80a418a21e70881546825d1d58bc_l3.png\" height=\"299\" width=\"427\" class=\"ql-img-picture quicklatex-auto-format\" alt=\"Rendered by QuickLaTeX.com\" title=\"Rendered by QuickLaTeX.com\"\/><\/p>  <\/p>\n\n\n\n<p><strong>P\u00f6yd\u00e4n piiri<\/strong> (eli ymp\u00e4rysmitta eli keh\u00e4n pituus) on<\/p>\n\n\n\n<p><p class=\"ql-center-displayed-equation\" style=\"line-height: 17px;\"><span class=\"ql-right-eqno\"> &nbsp; <\/span><span class=\"ql-left-eqno\"> &nbsp; <\/span><img loading=\"lazy\" decoding=\"async\" src=\"https:\/\/blogit.gradia.fi\/geometrianosaaminen\/wp-content\/ql-cache\/quicklatex.com-680daba0e77ff69bd682310ea1c22c84_l3.png\" height=\"17\" width=\"331\" class=\"ql-img-displayed-equation quicklatex-auto-format\" alt=\"&#92;&#91;&#112;&#61;&#50;&#92;&#112;&#105;&#32;&#114;&#61;&#50;&#32;&#92;&#112;&#105;&#32;&#92;&#99;&#100;&#111;&#116;&#32;&#32;&#48;&#123;&#44;&#125;&#54;&#48;&#92;&#32;&#92;&#116;&#101;&#120;&#116;&#123;&#109;&#125;&#32;&#61;&#51;&#123;&#44;&#125;&#55;&#54;&#57;&#57;&#92;&#32;&#92;&#116;&#101;&#120;&#116;&#123;&#109;&#125;&#32;&#92;&#97;&#112;&#112;&#114;&#111;&#120;&#32;&#51;&#123;&#44;&#125;&#56;&#92;&#32;&#92;&#116;&#101;&#120;&#116;&#123;&#109;&#125;&#92;&#93;\" title=\"Rendered by QuickLaTeX.com\"\/><\/p><\/p>\n\n\n\n<p><strong>P\u00f6yd\u00e4n pinta-ala<\/strong> on<\/p>\n\n\n\n<p><p class=\"ql-center-displayed-equation\" style=\"line-height: 21px;\"><span class=\"ql-right-eqno\"> &nbsp; <\/span><span class=\"ql-left-eqno\"> &nbsp; <\/span><img loading=\"lazy\" decoding=\"async\" src=\"https:\/\/blogit.gradia.fi\/geometrianosaaminen\/wp-content\/ql-cache\/quicklatex.com-594204d7972102524eadd34c72b31a1c_l3.png\" height=\"21\" width=\"369\" class=\"ql-img-displayed-equation quicklatex-auto-format\" alt=\"&#92;&#91;&#65;&#61;&#92;&#112;&#105;&#32;&#114;&#94;&#50;&#61;&#92;&#112;&#105;&#32;&#92;&#99;&#100;&#111;&#116;&#32;&#40;&#48;&#123;&#44;&#125;&#54;&#48;&#92;&#32;&#92;&#116;&#101;&#120;&#116;&#123;&#109;&#125;&#32;&#41;&#94;&#50;&#61;&#49;&#123;&#44;&#125;&#49;&#51;&#48;&#57;&#55;&#92;&#32;&#92;&#116;&#101;&#120;&#116;&#123;&#109;&#125;&#94;&#50;&#32;&#92;&#97;&#112;&#112;&#114;&#111;&#120;&#32;&#49;&#123;&#44;&#125;&#49;&#92;&#32;&#92;&#116;&#101;&#120;&#116;&#123;&#109;&#125;&#94;&#50;&#92;&#93;\" title=\"Rendered by QuickLaTeX.com\"\/><\/p><\/p>\n","protected":false},"excerpt":{"rendered":"<p>Teht\u00e4v\u00e4t Mittakaava tarkoittaa suhdetta esimerkiksi piirroksessa olevan mitan ja todellisen kohteen mitan v\u00e4lill\u00e4. Esimerkki 1 a Piirret\u00e4\u00e4n huone, jonka seinien mitat piirroksessa ovat 8,0 cm ja 6,0 cm. Piirroksen ja todellisen huoneen mittojen v\u00e4linen suhde(luku) on 1:50. Se tarkoittaa sit\u00e4, ett\u00e4 piirroksesta mitattu mitta on todellisuudessa 50 kertaa suurempi. Huoneen seinien mitat todellisuudessa ovat Esimerkki &hellip; <a href=\"https:\/\/blogit.gradia.fi\/geometrianosaaminen\/mittakaava\/\" class=\"more-link\">Jatka lukemista <span class=\"screen-reader-text\">Mittakaava<\/span> <span class=\"meta-nav\">&rarr;<\/span><\/a><\/p>\n","protected":false},"author":111,"featured_media":0,"parent":0,"menu_order":0,"comment_status":"closed","ping_status":"closed","template":"","meta":{"_uag_custom_page_level_css":"","footnotes":""},"class_list":["post-273","page","type-page","status-publish","hentry"],"yoast_head":"<!-- This site is optimized with the Yoast SEO plugin v27.4 - https:\/\/yoast.com\/product\/yoast-seo-wordpress\/ -->\n<title>Mittakaava - Geometrian osaaminen<\/title>\n<meta name=\"robots\" content=\"index, follow, max-snippet:-1, max-image-preview:large, max-video-preview:-1\" \/>\n<link rel=\"canonical\" href=\"https:\/\/blogit.gradia.fi\/geometrianosaaminen\/mittakaava\/\" \/>\n<meta property=\"og:locale\" content=\"fi_FI\" \/>\n<meta property=\"og:type\" content=\"article\" \/>\n<meta property=\"og:title\" content=\"Mittakaava - Geometrian osaaminen\" \/>\n<meta property=\"og:description\" content=\"Teht\u00e4v\u00e4t Mittakaava tarkoittaa suhdetta esimerkiksi piirroksessa olevan mitan ja todellisen kohteen mitan v\u00e4lill\u00e4. Esimerkki 1 a Piirret\u00e4\u00e4n huone, jonka seinien mitat piirroksessa ovat 8,0 cm ja 6,0 cm. Piirroksen ja todellisen huoneen mittojen v\u00e4linen suhde(luku) on 1:50. Se tarkoittaa sit\u00e4, ett\u00e4 piirroksesta mitattu mitta on todellisuudessa 50 kertaa suurempi. Huoneen seinien mitat todellisuudessa ovat Esimerkki &hellip; Jatka lukemista Mittakaava &rarr;\" \/>\n<meta property=\"og:url\" content=\"https:\/\/blogit.gradia.fi\/geometrianosaaminen\/mittakaava\/\" \/>\n<meta property=\"og:site_name\" content=\"Geometrian osaaminen\" \/>\n<meta property=\"article:modified_time\" content=\"2020-05-12T15:23:56+00:00\" \/>\n<meta name=\"twitter:card\" content=\"summary_large_image\" \/>\n<meta name=\"twitter:label1\" content=\"Arvioitu lukuaika\" \/>\n\t<meta name=\"twitter:data1\" content=\"2 minuuttia\" \/>\n<script type=\"application\/ld+json\" class=\"yoast-schema-graph\">{\"@context\":\"https:\\\/\\\/schema.org\",\"@graph\":[{\"@type\":\"WebPage\",\"@id\":\"https:\\\/\\\/blogit.gradia.fi\\\/geometrianosaaminen\\\/mittakaava\\\/\",\"url\":\"https:\\\/\\\/blogit.gradia.fi\\\/geometrianosaaminen\\\/mittakaava\\\/\",\"name\":\"Mittakaava - Geometrian osaaminen\",\"isPartOf\":{\"@id\":\"https:\\\/\\\/blogit.gradia.fi\\\/geometrianosaaminen\\\/#website\"},\"datePublished\":\"2020-03-31T08:15:23+00:00\",\"dateModified\":\"2020-05-12T15:23:56+00:00\",\"breadcrumb\":{\"@id\":\"https:\\\/\\\/blogit.gradia.fi\\\/geometrianosaaminen\\\/mittakaava\\\/#breadcrumb\"},\"inLanguage\":\"fi\",\"potentialAction\":[{\"@type\":\"ReadAction\",\"target\":[\"https:\\\/\\\/blogit.gradia.fi\\\/geometrianosaaminen\\\/mittakaava\\\/\"]}]},{\"@type\":\"BreadcrumbList\",\"@id\":\"https:\\\/\\\/blogit.gradia.fi\\\/geometrianosaaminen\\\/mittakaava\\\/#breadcrumb\",\"itemListElement\":[{\"@type\":\"ListItem\",\"position\":1,\"name\":\"Home\",\"item\":\"https:\\\/\\\/blogit.gradia.fi\\\/geometrianosaaminen\\\/\"},{\"@type\":\"ListItem\",\"position\":2,\"name\":\"Mittakaava\"}]},{\"@type\":\"WebSite\",\"@id\":\"https:\\\/\\\/blogit.gradia.fi\\\/geometrianosaaminen\\\/#website\",\"url\":\"https:\\\/\\\/blogit.gradia.fi\\\/geometrianosaaminen\\\/\",\"name\":\"Geometrian osaaminen\",\"description\":\"Yhteiset opinnot\",\"potentialAction\":[{\"@type\":\"SearchAction\",\"target\":{\"@type\":\"EntryPoint\",\"urlTemplate\":\"https:\\\/\\\/blogit.gradia.fi\\\/geometrianosaaminen\\\/?s={search_term_string}\"},\"query-input\":{\"@type\":\"PropertyValueSpecification\",\"valueRequired\":true,\"valueName\":\"search_term_string\"}}],\"inLanguage\":\"fi\"}]}<\/script>\n<!-- \/ Yoast SEO plugin. -->","yoast_head_json":{"title":"Mittakaava - Geometrian osaaminen","robots":{"index":"index","follow":"follow","max-snippet":"max-snippet:-1","max-image-preview":"max-image-preview:large","max-video-preview":"max-video-preview:-1"},"canonical":"https:\/\/blogit.gradia.fi\/geometrianosaaminen\/mittakaava\/","og_locale":"fi_FI","og_type":"article","og_title":"Mittakaava - Geometrian osaaminen","og_description":"Teht\u00e4v\u00e4t Mittakaava tarkoittaa suhdetta esimerkiksi piirroksessa olevan mitan ja todellisen kohteen mitan v\u00e4lill\u00e4. Esimerkki 1 a Piirret\u00e4\u00e4n huone, jonka seinien mitat piirroksessa ovat 8,0 cm ja 6,0 cm. Piirroksen ja todellisen huoneen mittojen v\u00e4linen suhde(luku) on 1:50. Se tarkoittaa sit\u00e4, ett\u00e4 piirroksesta mitattu mitta on todellisuudessa 50 kertaa suurempi. Huoneen seinien mitat todellisuudessa ovat Esimerkki &hellip; Jatka lukemista Mittakaava &rarr;","og_url":"https:\/\/blogit.gradia.fi\/geometrianosaaminen\/mittakaava\/","og_site_name":"Geometrian osaaminen","article_modified_time":"2020-05-12T15:23:56+00:00","twitter_card":"summary_large_image","twitter_misc":{"Arvioitu lukuaika":"2 minuuttia"},"schema":{"@context":"https:\/\/schema.org","@graph":[{"@type":"WebPage","@id":"https:\/\/blogit.gradia.fi\/geometrianosaaminen\/mittakaava\/","url":"https:\/\/blogit.gradia.fi\/geometrianosaaminen\/mittakaava\/","name":"Mittakaava - Geometrian osaaminen","isPartOf":{"@id":"https:\/\/blogit.gradia.fi\/geometrianosaaminen\/#website"},"datePublished":"2020-03-31T08:15:23+00:00","dateModified":"2020-05-12T15:23:56+00:00","breadcrumb":{"@id":"https:\/\/blogit.gradia.fi\/geometrianosaaminen\/mittakaava\/#breadcrumb"},"inLanguage":"fi","potentialAction":[{"@type":"ReadAction","target":["https:\/\/blogit.gradia.fi\/geometrianosaaminen\/mittakaava\/"]}]},{"@type":"BreadcrumbList","@id":"https:\/\/blogit.gradia.fi\/geometrianosaaminen\/mittakaava\/#breadcrumb","itemListElement":[{"@type":"ListItem","position":1,"name":"Home","item":"https:\/\/blogit.gradia.fi\/geometrianosaaminen\/"},{"@type":"ListItem","position":2,"name":"Mittakaava"}]},{"@type":"WebSite","@id":"https:\/\/blogit.gradia.fi\/geometrianosaaminen\/#website","url":"https:\/\/blogit.gradia.fi\/geometrianosaaminen\/","name":"Geometrian osaaminen","description":"Yhteiset opinnot","potentialAction":[{"@type":"SearchAction","target":{"@type":"EntryPoint","urlTemplate":"https:\/\/blogit.gradia.fi\/geometrianosaaminen\/?s={search_term_string}"},"query-input":{"@type":"PropertyValueSpecification","valueRequired":true,"valueName":"search_term_string"}}],"inLanguage":"fi"}]}},"uagb_featured_image_src":{"full":false,"thumbnail":false,"medium":false,"medium_large":false,"large":false,"1536x1536":false,"2048x2048":false,"post-thumbnail":false},"uagb_author_info":{"display_name":"Hannu Tabell","author_link":"https:\/\/blogit.gradia.fi\/geometrianosaaminen\/author\/htabell\/"},"uagb_comment_info":0,"uagb_excerpt":"Teht\u00e4v\u00e4t Mittakaava tarkoittaa suhdetta esimerkiksi piirroksessa olevan mitan ja todellisen kohteen mitan v\u00e4lill\u00e4. Esimerkki 1 a Piirret\u00e4\u00e4n huone, jonka seinien mitat piirroksessa ovat 8,0 cm ja 6,0 cm. Piirroksen ja todellisen huoneen mittojen v\u00e4linen suhde(luku) on 1:50. Se tarkoittaa sit\u00e4, ett\u00e4 piirroksesta mitattu mitta on todellisuudessa 50 kertaa suurempi. Huoneen seinien mitat todellisuudessa ovat Esimerkki&hellip;","_links":{"self":[{"href":"https:\/\/blogit.gradia.fi\/geometrianosaaminen\/wp-json\/wp\/v2\/pages\/273","targetHints":{"allow":["GET"]}}],"collection":[{"href":"https:\/\/blogit.gradia.fi\/geometrianosaaminen\/wp-json\/wp\/v2\/pages"}],"about":[{"href":"https:\/\/blogit.gradia.fi\/geometrianosaaminen\/wp-json\/wp\/v2\/types\/page"}],"author":[{"embeddable":true,"href":"https:\/\/blogit.gradia.fi\/geometrianosaaminen\/wp-json\/wp\/v2\/users\/111"}],"replies":[{"embeddable":true,"href":"https:\/\/blogit.gradia.fi\/geometrianosaaminen\/wp-json\/wp\/v2\/comments?post=273"}],"version-history":[{"count":25,"href":"https:\/\/blogit.gradia.fi\/geometrianosaaminen\/wp-json\/wp\/v2\/pages\/273\/revisions"}],"predecessor-version":[{"id":757,"href":"https:\/\/blogit.gradia.fi\/geometrianosaaminen\/wp-json\/wp\/v2\/pages\/273\/revisions\/757"}],"wp:attachment":[{"href":"https:\/\/blogit.gradia.fi\/geometrianosaaminen\/wp-json\/wp\/v2\/media?parent=273"}],"curies":[{"name":"wp","href":"https:\/\/api.w.org\/{rel}","templated":true}]}}