{"id":8,"date":"2017-02-21T13:08:42","date_gmt":"2017-02-21T11:08:42","guid":{"rendered":"https:\/\/blogit.gradia.fi\/fykevalinnainen\/?page_id=8"},"modified":"2017-08-10T10:33:33","modified_gmt":"2017-08-10T07:33:33","slug":"ops","status":"publish","type":"page","link":"https:\/\/blogit.gradia.fi\/fykevalinnainen\/","title":{"rendered":"OPS"},"content":{"rendered":"<div class=\"entry-content\">\n<div class=\"entry-content\">\n<h6>Opintojakson kuvaus<\/h6>\n<p>T\u00e4m\u00e4 on <em>YTO2-FKV Fysiikka ja kemia <\/em>-opintojakson oppimisymp\u00e4rist\u00f6. Jakson laajuus on 3 osp (36 h).<\/p>\n<p>Opiskelijat tekev\u00e4t opintojaksossa yksin tai parin kanssa kuusi oppimisteht\u00e4v\u00e4kokonaisuutta. He palauttavat teht\u00e4v\u00e4t viikoittain sovitusti, jotta opettaja voi ne arvioida.<\/p>\n<p>Opintojakson teht\u00e4v\u00e4kokonaisuudet ovat:<\/p>\n<ol>\n<li>oppimisteht\u00e4v\u00e4<\/li>\n<li>oppimisteht\u00e4v\u00e4<\/li>\n<li>oppimisteht\u00e4v\u00e4<\/li>\n<li>oppimisteht\u00e4v\u00e4<\/li>\n<li>oppimisteht\u00e4v\u00e4<\/li>\n<li>oppimisteht\u00e4v\u00e4<\/li>\n<\/ol>\n<p>Palautettavat teht\u00e4v\u00e4kokonaisuudet pit\u00e4\u00e4 nimet\u00e4 aina ohjeen mukaan loogisesti.<\/p>\n<h6>Opintojakson opetussuunnitelma<\/h6>\n<p><em>Matemaattis-luonnontieteellinen osaaminen<\/em><\/p>\n<p><em>Osa-alue: Fysiikka ja kemia, valinnainen, 3 osp<\/em><\/p>\n<p><em>Osaamistavoitteet ja sis\u00e4ll\u00f6t<\/em><\/p>\n<p>Oman alan<\/p>\n<ul>\n<li>mekaniikan, l\u00e4mp\u00f6opin ja s\u00e4hk\u00f6opin huomioiminen ty\u00f6ss\u00e4<\/li>\n<li>aineseoksien valmistaminen<\/li>\n<li>kokeelliset havainnot ja mittaukset<\/li>\n<li>oman alan mittaustulosten ker\u00e4\u00e4minen ja analysointi<\/li>\n<li>mittausten luotettavuuden, tarkkuuden ja mielekkyyden arviointi<\/li>\n<\/ul>\n<p><em>Toteuttamistavat ja oppimisymp\u00e4rist\u00f6t<\/em><\/p>\n<p>Alakohtaisesti painottaen:<\/p>\n<ul>\n<li>Suureet, yksik\u00f6t ja kerrannaisyksik\u00f6t<\/li>\n<li>Pitoisuuksien ja aineiden m\u00e4\u00e4rien laskeminen, tiedon hankkiminen k\u00e4ytt\u00f6turvallisuustiedotteista<\/li>\n<li>Nopeuden mittaus, metallin puhdistaminen, energian kulutus<\/li>\n<li>Taulukoiden ja kuvaajien k\u00e4ytt\u00f6, tuloksen laskeminen<\/li>\n<li>Virhetekij\u00e4t, tulos oikealla tarkkuudella<\/li>\n<\/ul>\n<p><em>Valinnaisten osaamistavoitteiden osaamisen arviointi<\/em><\/p>\n<p>Osaaminen osoitetaan suorittamalla opintojakson alussa nimetyt teht\u00e4v\u00e4t, kuten mittaust\u00f6iden selostukset, ryhm\u00e4ty\u00f6t sek\u00e4 raportit, ja tarvittaessa koe.<\/p>\n<\/div>\n<\/div>\n","protected":false},"excerpt":{"rendered":"<p>Opintojakson kuvaus T\u00e4m\u00e4 on YTO2-FKV Fysiikka ja kemia -opintojakson oppimisymp\u00e4rist\u00f6. Jakson laajuus on 3 osp (36 h). Opiskelijat tekev\u00e4t opintojaksossa yksin tai parin kanssa kuusi oppimisteht\u00e4v\u00e4kokonaisuutta. He palauttavat teht\u00e4v\u00e4t viikoittain sovitusti, jotta opettaja voi ne arvioida. Opintojakson teht\u00e4v\u00e4kokonaisuudet ovat: oppimisteht\u00e4v\u00e4 oppimisteht\u00e4v\u00e4 oppimisteht\u00e4v\u00e4 oppimisteht\u00e4v\u00e4 oppimisteht\u00e4v\u00e4 oppimisteht\u00e4v\u00e4 Palautettavat teht\u00e4v\u00e4kokonaisuudet pit\u00e4\u00e4 nimet\u00e4 aina ohjeen mukaan loogisesti. Opintojakson opetussuunnitelma &hellip; <a href=\"https:\/\/blogit.gradia.fi\/fykevalinnainen\/\" class=\"more-link\">Jatka lukemista <span class=\"screen-reader-text\">OPS<\/span> <span class=\"meta-nav\">&rarr;<\/span><\/a><\/p>\n","protected":false},"author":396,"featured_media":0,"parent":0,"menu_order":1,"comment_status":"closed","ping_status":"closed","template":"","meta":{"_uag_custom_page_level_css":"","footnotes":""},"class_list":["post-8","page","type-page","status-publish","hentry"],"yoast_head":"<!-- This site is optimized with the Yoast SEO plugin v27.4 - https:\/\/yoast.com\/product\/yoast-seo-wordpress\/ -->\n<title>OPS - YTO2-FKV-opintojakso<\/title>\n<meta name=\"robots\" content=\"index, follow, max-snippet:-1, max-image-preview:large, max-video-preview:-1\" \/>\n<link rel=\"canonical\" href=\"https:\/\/blogit.gradia.fi\/fykevalinnainen\/\" \/>\n<meta property=\"og:locale\" content=\"fi_FI\" \/>\n<meta property=\"og:type\" content=\"article\" \/>\n<meta property=\"og:title\" content=\"OPS - YTO2-FKV-opintojakso\" \/>\n<meta property=\"og:description\" content=\"Opintojakson kuvaus T\u00e4m\u00e4 on YTO2-FKV Fysiikka ja kemia -opintojakson oppimisymp\u00e4rist\u00f6. Jakson laajuus on 3 osp (36 h). Opiskelijat tekev\u00e4t opintojaksossa yksin tai parin kanssa kuusi oppimisteht\u00e4v\u00e4kokonaisuutta. He palauttavat teht\u00e4v\u00e4t viikoittain sovitusti, jotta opettaja voi ne arvioida. Opintojakson teht\u00e4v\u00e4kokonaisuudet ovat: oppimisteht\u00e4v\u00e4 oppimisteht\u00e4v\u00e4 oppimisteht\u00e4v\u00e4 oppimisteht\u00e4v\u00e4 oppimisteht\u00e4v\u00e4 oppimisteht\u00e4v\u00e4 Palautettavat teht\u00e4v\u00e4kokonaisuudet pit\u00e4\u00e4 nimet\u00e4 aina ohjeen mukaan loogisesti. Opintojakson opetussuunnitelma &hellip; Jatka lukemista OPS &rarr;\" \/>\n<meta property=\"og:url\" content=\"https:\/\/blogit.gradia.fi\/fykevalinnainen\/\" \/>\n<meta property=\"og:site_name\" content=\"YTO2-FKV-opintojakso\" \/>\n<meta property=\"article:modified_time\" content=\"2017-08-10T07:33:33+00:00\" \/>\n<meta name=\"twitter:card\" content=\"summary_large_image\" \/>\n<meta name=\"twitter:label1\" content=\"Arvioitu lukuaika\" \/>\n\t<meta name=\"twitter:data1\" content=\"1 minuutti\" \/>\n<script type=\"application\/ld+json\" class=\"yoast-schema-graph\">{\"@context\":\"https:\\\/\\\/schema.org\",\"@graph\":[{\"@type\":\"WebPage\",\"@id\":\"https:\\\/\\\/blogit.gradia.fi\\\/fykevalinnainen\\\/\",\"url\":\"https:\\\/\\\/blogit.gradia.fi\\\/fykevalinnainen\\\/\",\"name\":\"OPS - YTO2-FKV-opintojakso\",\"isPartOf\":{\"@id\":\"https:\\\/\\\/blogit.gradia.fi\\\/fykevalinnainen\\\/#website\"},\"datePublished\":\"2017-02-21T11:08:42+00:00\",\"dateModified\":\"2017-08-10T07:33:33+00:00\",\"inLanguage\":\"fi\",\"potentialAction\":[{\"@type\":\"ReadAction\",\"target\":[\"https:\\\/\\\/blogit.gradia.fi\\\/fykevalinnainen\\\/\"]}]},{\"@type\":\"WebSite\",\"@id\":\"https:\\\/\\\/blogit.gradia.fi\\\/fykevalinnainen\\\/#website\",\"url\":\"https:\\\/\\\/blogit.gradia.fi\\\/fykevalinnainen\\\/\",\"name\":\"YTO2-FKV-opintojakso\",\"description\":\"\",\"potentialAction\":[{\"@type\":\"SearchAction\",\"target\":{\"@type\":\"EntryPoint\",\"urlTemplate\":\"https:\\\/\\\/blogit.gradia.fi\\\/fykevalinnainen\\\/?s={search_term_string}\"},\"query-input\":{\"@type\":\"PropertyValueSpecification\",\"valueRequired\":true,\"valueName\":\"search_term_string\"}}],\"inLanguage\":\"fi\"}]}<\/script>\n<!-- \/ Yoast SEO plugin. -->","yoast_head_json":{"title":"OPS - YTO2-FKV-opintojakso","robots":{"index":"index","follow":"follow","max-snippet":"max-snippet:-1","max-image-preview":"max-image-preview:large","max-video-preview":"max-video-preview:-1"},"canonical":"https:\/\/blogit.gradia.fi\/fykevalinnainen\/","og_locale":"fi_FI","og_type":"article","og_title":"OPS - YTO2-FKV-opintojakso","og_description":"Opintojakson kuvaus T\u00e4m\u00e4 on YTO2-FKV Fysiikka ja kemia -opintojakson oppimisymp\u00e4rist\u00f6. Jakson laajuus on 3 osp (36 h). Opiskelijat tekev\u00e4t opintojaksossa yksin tai parin kanssa kuusi oppimisteht\u00e4v\u00e4kokonaisuutta. He palauttavat teht\u00e4v\u00e4t viikoittain sovitusti, jotta opettaja voi ne arvioida. Opintojakson teht\u00e4v\u00e4kokonaisuudet ovat: oppimisteht\u00e4v\u00e4 oppimisteht\u00e4v\u00e4 oppimisteht\u00e4v\u00e4 oppimisteht\u00e4v\u00e4 oppimisteht\u00e4v\u00e4 oppimisteht\u00e4v\u00e4 Palautettavat teht\u00e4v\u00e4kokonaisuudet pit\u00e4\u00e4 nimet\u00e4 aina ohjeen mukaan loogisesti. Opintojakson opetussuunnitelma &hellip; Jatka lukemista OPS &rarr;","og_url":"https:\/\/blogit.gradia.fi\/fykevalinnainen\/","og_site_name":"YTO2-FKV-opintojakso","article_modified_time":"2017-08-10T07:33:33+00:00","twitter_card":"summary_large_image","twitter_misc":{"Arvioitu lukuaika":"1 minuutti"},"schema":{"@context":"https:\/\/schema.org","@graph":[{"@type":"WebPage","@id":"https:\/\/blogit.gradia.fi\/fykevalinnainen\/","url":"https:\/\/blogit.gradia.fi\/fykevalinnainen\/","name":"OPS - YTO2-FKV-opintojakso","isPartOf":{"@id":"https:\/\/blogit.gradia.fi\/fykevalinnainen\/#website"},"datePublished":"2017-02-21T11:08:42+00:00","dateModified":"2017-08-10T07:33:33+00:00","inLanguage":"fi","potentialAction":[{"@type":"ReadAction","target":["https:\/\/blogit.gradia.fi\/fykevalinnainen\/"]}]},{"@type":"WebSite","@id":"https:\/\/blogit.gradia.fi\/fykevalinnainen\/#website","url":"https:\/\/blogit.gradia.fi\/fykevalinnainen\/","name":"YTO2-FKV-opintojakso","description":"","potentialAction":[{"@type":"SearchAction","target":{"@type":"EntryPoint","urlTemplate":"https:\/\/blogit.gradia.fi\/fykevalinnainen\/?s={search_term_string}"},"query-input":{"@type":"PropertyValueSpecification","valueRequired":true,"valueName":"search_term_string"}}],"inLanguage":"fi"}]}},"uagb_featured_image_src":{"full":false,"thumbnail":false,"medium":false,"medium_large":false,"large":false,"1536x1536":false,"2048x2048":false,"post-thumbnail":false},"uagb_author_info":{"display_name":"Joonas Ketonen","author_link":"https:\/\/blogit.gradia.fi\/fykevalinnainen\/author\/ketonjoo\/"},"uagb_comment_info":0,"uagb_excerpt":"Opintojakson kuvaus T\u00e4m\u00e4 on YTO2-FKV Fysiikka ja kemia -opintojakson oppimisymp\u00e4rist\u00f6. Jakson laajuus on 3 osp (36 h). Opiskelijat tekev\u00e4t opintojaksossa yksin tai parin kanssa kuusi oppimisteht\u00e4v\u00e4kokonaisuutta. He palauttavat teht\u00e4v\u00e4t viikoittain sovitusti, jotta opettaja voi ne arvioida. Opintojakson teht\u00e4v\u00e4kokonaisuudet ovat: oppimisteht\u00e4v\u00e4 oppimisteht\u00e4v\u00e4 oppimisteht\u00e4v\u00e4 oppimisteht\u00e4v\u00e4 oppimisteht\u00e4v\u00e4 oppimisteht\u00e4v\u00e4 Palautettavat teht\u00e4v\u00e4kokonaisuudet pit\u00e4\u00e4 nimet\u00e4 aina ohjeen mukaan loogisesti. Opintojakson opetussuunnitelma&hellip;","_links":{"self":[{"href":"https:\/\/blogit.gradia.fi\/fykevalinnainen\/wp-json\/wp\/v2\/pages\/8","targetHints":{"allow":["GET"]}}],"collection":[{"href":"https:\/\/blogit.gradia.fi\/fykevalinnainen\/wp-json\/wp\/v2\/pages"}],"about":[{"href":"https:\/\/blogit.gradia.fi\/fykevalinnainen\/wp-json\/wp\/v2\/types\/page"}],"author":[{"embeddable":true,"href":"https:\/\/blogit.gradia.fi\/fykevalinnainen\/wp-json\/wp\/v2\/users\/396"}],"replies":[{"embeddable":true,"href":"https:\/\/blogit.gradia.fi\/fykevalinnainen\/wp-json\/wp\/v2\/comments?post=8"}],"version-history":[{"count":0,"href":"https:\/\/blogit.gradia.fi\/fykevalinnainen\/wp-json\/wp\/v2\/pages\/8\/revisions"}],"wp:attachment":[{"href":"https:\/\/blogit.gradia.fi\/fykevalinnainen\/wp-json\/wp\/v2\/media?parent=8"}],"curies":[{"name":"wp","href":"https:\/\/api.w.org\/{rel}","templated":true}]}}